{"id":6538,"date":"2016-06-23T11:35:34","date_gmt":"2016-06-23T09:35:34","guid":{"rendered":"https:\/\/www.la-chirurgie-esthetique-maroc.com\/cirugia-estetica-marruecos-todo-incluido\/"},"modified":"2025-02-12T12:12:24","modified_gmt":"2025-02-12T11:12:24","slug":"cirugia-estetica-marruecos-todo-incluido","status":"publish","type":"page","link":"https:\/\/www.la-chirurgie-esthetique-maroc.com\/es\/","title":{"rendered":"Cirug\u00eda est\u00e9tica Marruecos todo incluido"},"content":{"rendered":"\t\t<div data-elementor-type=\"wp-page\" data-elementor-id=\"6538\" class=\"elementor elementor-6538 elementor-13\">\n\t\t\t\t\t\t<section class=\"elementor-section elementor-top-section elementor-element elementor-element-3b20353 elementor-section-boxed elementor-section-height-default elementor-section-height-default\" data-id=\"3b20353\" data-element_type=\"section\">\n\t\t\t\t\t\t<div class=\"elementor-container elementor-column-gap-default\">\n\t\t\t\t\t<div class=\"elementor-column elementor-col-100 elementor-top-column elementor-element elementor-element-e6024a7\" data-id=\"e6024a7\" data-element_type=\"column\">\n\t\t\t<div class=\"elementor-widget-wrap elementor-element-populated\">\n\t\t\t\t\t\t<div class=\"elementor-element elementor-element-96e8972 elementor-widget elementor-widget-text-editor\" data-id=\"96e8972\" data-element_type=\"widget\" data-widget_type=\"text-editor.default\">\n\t\t\t\t<div class=\"elementor-widget-container\">\n\t\t\t\t\t\t\tLe Maroc est depuis quelques ann\u00e9es une des destinations du tourisme m\u00e9dical. Et, en particulier, pour l&#8217;accueil de personnes qui souhaitent y r\u00e9aliser des op\u00e9rations de chirurgie esth\u00e9tique.\nPourquoi certaines personnes choisissent-elles le Maroc pour ces op\u00e9rations ? Quelles sont pr\u00e9cis\u00e9ment ces interventions ? Quels sont les prix propos\u00e9s au sein des clinques du royaume Ch\u00e9rifien ?\nOp\u00e9rations et prix : Nous vous disons tout sur la chirurgie esth\u00e9tique au Maroc.\n<h2>Pourquoi aller au Maroc pour son op\u00e9ration de chirurgie plastique ?<\/h2>\nAu classement des actes r\u00e9alis\u00e9s dans le cadre de s\u00e9jours de tourisme m\u00e9dical au Maroc, ce sont ceux relatifs \u00e0 la chirurgie plastique et r\u00e9paratrice qui arrivent en t\u00eate. Il y a encore peu une statistique indiquait que 1200 interventions chirurgicales esth\u00e9tiques \u00e9taient pratiqu\u00e9es chaque mois au Maroc.\nIl y a plusieurs raisons qui expliquent cet engouement pour le pays du feu roi Hassan II. En voici quelques unes.\t\t\t\t\t\t<\/div>\n\t\t\t\t<\/div>\n\t\t\t\t\t<\/div>\n\t\t<\/div>\n\t\t\t\t\t<\/div>\n\t\t<\/section>\n\t\t\t\t<section class=\"elementor-section elementor-top-section elementor-element elementor-element-a4a77ce elementor-section-content-middle elementor-section-boxed elementor-section-height-default elementor-section-height-default\" data-id=\"a4a77ce\" data-element_type=\"section\" data-settings=\"{&quot;background_background&quot;:&quot;classic&quot;}\">\n\t\t\t\t\t\t<div class=\"elementor-container elementor-column-gap-default\">\n\t\t\t\t\t<div class=\"elementor-column elementor-col-100 elementor-top-column elementor-element elementor-element-00066f1\" data-id=\"00066f1\" data-element_type=\"column\">\n\t\t\t<div class=\"elementor-widget-wrap elementor-element-populated\">\n\t\t\t\t\t\t<div class=\"elementor-element elementor-element-0b4c2c9 elementor-widget elementor-widget-text-editor\" data-id=\"0b4c2c9\" data-element_type=\"widget\" data-widget_type=\"text-editor.default\">\n\t\t\t\t<div class=\"elementor-widget-container\">\n\t\t\t\t\t\t\t<style>\r\n.align_center {\r\n    display: block;\r\n    text-align: center;\r\n    padding: 30px 0px;\r\n}\r\n<\/style>\r\n\r\n<div>\r\n\t<h2 class=\"align_center\">Presupuesto r\u00e1pido gratuito<\/h2>\r\n<iframe src=\"https:\/\/app.metocrm.com\/web-forms\/e1cab5bd-ef56-4a37-aa71-4857d931f368\"  height=\"800px\" width=\"100%\"  frameborder=\"0\" style=\"border-radius: 10px;\"><\/iframe>\r\n\r\n<\/div>\t\t\t\t\t\t<\/div>\n\t\t\t\t<\/div>\n\t\t\t\t\t<\/div>\n\t\t<\/div>\n\t\t\t\t\t<\/div>\n\t\t<\/section>\n\t\t\t\t<section class=\"elementor-section elementor-top-section elementor-element elementor-element-76adcbd elementor-section-boxed elementor-section-height-default elementor-section-height-default\" data-id=\"76adcbd\" data-element_type=\"section\" data-settings=\"{&quot;background_background&quot;:&quot;classic&quot;}\">\n\t\t\t\t\t\t<div class=\"elementor-container elementor-column-gap-default\">\n\t\t\t\t\t<div class=\"elementor-column elementor-col-100 elementor-top-column elementor-element elementor-element-019d457\" data-id=\"019d457\" data-element_type=\"column\">\n\t\t\t<div class=\"elementor-widget-wrap elementor-element-populated\">\n\t\t\t\t\t\t<div class=\"elementor-element elementor-element-ad197d8 elementor-widget elementor-widget-text-editor\" data-id=\"ad197d8\" data-element_type=\"widget\" data-widget_type=\"text-editor.default\">\n\t\t\t\t<div class=\"elementor-widget-container\">\n\t\t\t\t\t\t\t<h3>Des prix pas chers<\/h3><p>Il est \u00e9vident que les gens se rendent au Maroc pour des interventions de chirurgie plastique parce qu&#8217;elles y sont moins ch\u00e8res. C&#8217;est la premi\u00e8re des raisons qui fait venir les patients Europ\u00e9ens.<\/p><p>C&#8217;est notamment le cas des espagnols. En plus de la proximit\u00e9, les espagnols vont dans les cliniques marocaines pour des op\u00e9rations comme l&#8217;abdominoplastie parce que le tarif de cette chirurgie du ventre est beaucoup moins cher au Maroc.<\/p><h3>La proximit\u00e9 g\u00e9ographique<\/h3><p>Nous venons de le montrer avec l&#8217;exemple de l&#8217;Espagne : le royaume est tr\u00e8s proche du continent europ\u00e9en. Le Maroc b\u00e9n\u00e9ficie de sa proximit\u00e9 avec l&#8217;Espagne, le Portugal et la France. M\u00eame si l&#8217;on souhaite venir en voiture, on peut au travers du d\u00e9troit de Gibraltar se rendre \u00e0 Rabat ou Marrakech.<\/p><h3>Des fronti\u00e8res ouvertes, des langues communes<\/h3><p>A l&#8217;instar d&#8217;autres pays de l&#8217;Afrique du Nord comme la Tunisie, le Maroc a sign\u00e9 avec la communaut\u00e9 europ\u00e9enne et d&#8217;autres Etats des accords de libres d\u00e9placements notamment en avion. Ces accords permettent notamment de se rendre au Maroc \u00e0 bord de vols \u00e0 petits prix.<\/p><p>Les personnes qui entrent dans une clinique \u00e0 Casablanca par exemple ne sont pas d\u00e9pays\u00e9es. Au Maroc, les gens peuvent parler en fran\u00e7ais, en anglais, en espagnol et bien entendu en Arabe.<\/p><p>Se dire que l&#8217;on peut \u00e9changer dans sa langue avec des infirmiers, un m\u00e9decin anesth\u00e9siste et un chirurgien esth\u00e9tique est \u00e9videmment une information qui rassure.<\/p>\t\t\t\t\t\t<\/div>\n\t\t\t\t<\/div>\n\t\t\t\t\t<\/div>\n\t\t<\/div>\n\t\t\t\t\t<\/div>\n\t\t<\/section>\n\t\t\t\t<section class=\"elementor-section elementor-top-section elementor-element elementor-element-25d24de elementor-section-content-middle elementor-section-boxed elementor-section-height-default elementor-section-height-default\" data-id=\"25d24de\" data-element_type=\"section\">\n\t\t\t\t\t\t<div class=\"elementor-container elementor-column-gap-default\">\n\t\t\t\t\t<div class=\"elementor-column elementor-col-50 elementor-top-column elementor-element elementor-element-55b5b83\" data-id=\"55b5b83\" data-element_type=\"column\">\n\t\t\t<div class=\"elementor-widget-wrap elementor-element-populated\">\n\t\t\t\t\t\t<div class=\"elementor-element elementor-element-6671663 elementor-widget elementor-widget-text-editor\" data-id=\"6671663\" data-element_type=\"widget\" data-widget_type=\"text-editor.default\">\n\t\t\t\t<div class=\"elementor-widget-container\">\n\t\t\t\t\t\t\t<h2><span style=\"font-weight: 400;\">Quelles sont les interventions de chirurgie esth\u00e9tique r\u00e9alis\u00e9es au Maroc ?<\/span><\/h2><p><span style=\"font-weight: 400;\">L\u2019Association marocaine de Chirurgie Plastique\u00a0 Reconstructive et Esth\u00e9tique indique que les interventions les plus demand\u00e9es sont l\u2019augmentation mammaire, la rhinoplastie, le lifting du visage et la liposuccion. Cette m\u00eame association officielle indique que la majeure partie des patients sont des femmes.<\/span><span style=\"font-weight: 400;\"><br \/><\/span><span style=\"font-weight: 400;\">Par ailleurs, d\u2019autres interventions de chirurgie esth\u00e9tique sont pratiqu\u00e9es au Maroc. Des op\u00e9rations de chirurgie du corps comme l\u2019abdominoplastie que nous avons d\u00e9j\u00e0 cit\u00e9e. Et bien entendu d\u2019autres actes de chirurgie mammaire comme le lifting ou la r\u00e9duction des seins.<\/span><span style=\"font-weight: 400;\"><br \/><\/span><span style=\"font-weight: 400;\">Des patients hommes aussi vont au Maroc notamment pour y r\u00e9aliser des op\u00e9rations de chirurgie intime comme la p\u00e9noplastie, c\u2019est-\u00e0-dire l\u2019agrandissement du p\u00e9nis.<\/span><\/p>\t\t\t\t\t\t<\/div>\n\t\t\t\t<\/div>\n\t\t\t\t\t<\/div>\n\t\t<\/div>\n\t\t\t\t<div class=\"elementor-column elementor-col-50 elementor-top-column elementor-element elementor-element-e67ff12\" data-id=\"e67ff12\" data-element_type=\"column\">\n\t\t\t<div class=\"elementor-widget-wrap elementor-element-populated\">\n\t\t\t\t\t\t<div class=\"elementor-element elementor-element-553644b elementor-widget elementor-widget-image\" data-id=\"553644b\" data-element_type=\"widget\" data-widget_type=\"image.default\">\n\t\t\t\t<div class=\"elementor-widget-container\">\n\t\t\t\t\t\t\t\t\t\t\t\t\t<img fetchpriority=\"high\" decoding=\"async\" width=\"640\" height=\"531\" src=\"https:\/\/www.la-chirurgie-esthetique-maroc.com\/wp-content\/uploads\/2021\/01\/ch__marroc.jpg\" class=\"attachment-large size-large wp-image-6307\" alt=\"\" srcset=\"https:\/\/www.la-chirurgie-esthetique-maroc.com\/wp-content\/uploads\/2021\/01\/ch__marroc.jpg 700w, https:\/\/www.la-chirurgie-esthetique-maroc.com\/wp-content\/uploads\/2021\/01\/ch__marroc-300x249.jpg 300w\" sizes=\"(max-width: 640px) 100vw, 640px\" \/>\t\t\t\t\t\t\t\t\t\t\t\t\t<\/div>\n\t\t\t\t<\/div>\n\t\t\t\t\t<\/div>\n\t\t<\/div>\n\t\t\t\t\t<\/div>\n\t\t<\/section>\n\t\t\t\t<section class=\"elementor-section elementor-top-section elementor-element elementor-element-40d60534 elementor-section-boxed elementor-section-height-default elementor-section-height-default\" data-id=\"40d60534\" data-element_type=\"section\">\n\t\t\t\t\t\t<div class=\"elementor-container elementor-column-gap-default\">\n\t\t\t\t\t<div class=\"elementor-column elementor-col-100 elementor-top-column elementor-element elementor-element-47f74f1a\" data-id=\"47f74f1a\" data-element_type=\"column\">\n\t\t\t<div class=\"elementor-widget-wrap elementor-element-populated\">\n\t\t\t\t\t\t<div class=\"elementor-element elementor-element-6e3f5d4a elementor-widget elementor-widget-text-editor\" data-id=\"6e3f5d4a\" data-element_type=\"widget\" data-widget_type=\"text-editor.default\">\n\t\t\t\t<div class=\"elementor-widget-container\">\n\t\t\t\t\t\t\t<h2>Les prix de la chirurgie au Maroc<\/h2><p>Nous l\u2019avons d\u00e9j\u00e0 \u00e9voqu\u00e9 : les prix sont l\u2019une des raisons du succ\u00e8s du Maroc comme destination du tourisme chirurgical.<\/p><p>Mais quels sont vraiment les prix de la chirurgie esth\u00e9tique pratiqu\u00e9s par les professionnels marocains de la chirurgie esth\u00e9tique ? Voici quelques tarifs<\/p><p>\u00a0<\/p><table><tbody><tr><td><p><span style=\"font-weight: 400;\"> \u00a0 \u00a0 \u00a0 \u00a0 \u00a0 \u00a0 \u00a0 \u00a0 \u00a0 \u00a0 \u00a0 Intervention\u00a0<\/span><\/p><\/td><td><p><span style=\"font-weight: 400;\"> \u00a0 \u00a0 \u00a0 \u00a0 \u00a0 \u00a0 \u00a0 \u00a0 \u00a0 \u00a0 \u00a0 \u00a0 \u00a0 \u00a0 Prix\u00a0<\/span><\/p><\/td><\/tr><tr><td><p><span style=\"font-weight: 400;\">Liposuccion 1 zone<\/span><\/p><\/td><td><p><span style=\"font-weight: 400;\">A partir de 2100 \u20ac\u00a0<\/span><\/p><\/td><\/tr><tr><td><p><span style=\"font-weight: 400;\">Liposuccion moyenne (3 zones)<\/span><\/p><\/td><td><p><span style=\"font-weight: 400;\">A partir de 2500 \u20ac<\/span><\/p><\/td><\/tr><tr><td><p><span style=\"font-weight: 400;\">Liposuccion compl\u00e8te\u00a0<\/span><\/p><\/td><td><p><span style=\"font-weight: 400;\">A partir de 3100\u20ac<\/span><\/p><\/td><\/tr><tr><td><p><span style=\"font-weight: 400;\">Lifting br\u00e9silien des fesses ( liposuccion+lipofilling fesses)<\/span><\/p><\/td><td><p><span style=\"font-weight: 400;\">A partir de 3300\u20ac<\/span><\/p><\/td><\/tr><tr><td><p><span style=\"font-weight: 400;\">Momy makeover(multi interventions)<\/span><\/p><\/td><td><p><span style=\"font-weight: 400;\">Sur demande de devis\u00a0<\/span><\/p><\/td><\/tr><tr><td><p><span style=\"font-weight: 400;\">Abominoplastie + liposuccion\u00a0<\/span><\/p><\/td><td><p><span style=\"font-weight: 400;\">A partir de 3400 \u20ac\u00a0<\/span><\/p><\/td><\/tr><tr><td><p><span style=\"font-weight: 400;\">Lifting des cuisses<\/span><\/p><\/td><td><p><span style=\"font-weight: 400;\">A partir de 2750 \u20ac<\/span><\/p><\/td><\/tr><tr><td><p><span style=\"font-weight: 400;\">Rhinoplastie<\/span><\/p><\/td><td><p><span style=\"font-weight: 400;\">A partir de 2700 \u20ac<\/span><\/p><\/td><\/tr><tr><td><p><span style=\"font-weight: 400;\">Chirurgie esth\u00e9tique des 4 paupi\u00e8res<\/span><\/p><\/td><td><p><span style=\"font-weight: 400;\">A partir de 2100 \u20ac<\/span><\/p><\/td><\/tr><tr><td><p><span style=\"font-weight: 400;\">Labioplastie<\/span><\/p><\/td><td><p><span style=\"font-weight: 400;\">A partir de 2000 \u20ac<\/span><\/p><\/td><\/tr><tr><td><p><span style=\"font-weight: 400;\">P\u00e9noplastie\u00a0<\/span><\/p><\/td><td><p><span style=\"font-weight: 400;\">A partir de 3000 \u20ac<\/span><\/p><\/td><\/tr><tr><td><p><span style=\"font-weight: 400;\">Augmentation mammaire proth\u00e8ses<\/span><\/p><\/td><td><p><span style=\"font-weight: 400;\">A partir de 3250\u20ac<\/span><\/p><\/td><\/tr><tr><td><p><span style=\"font-weight: 400;\">Lifting mammaire\u00a0<\/span><\/p><\/td><td><p><span style=\"font-weight: 400;\">A partir de 3100 \u20ac<\/span><\/p><\/td><\/tr><tr><td><p><span style=\"font-weight: 400;\">R\u00e9duction mammaire<\/span><\/p><\/td><td><p><span style=\"font-weight: 400;\">A partir de 3100 \u20ac<\/span><\/p><\/td><\/tr><\/tbody><\/table>\t\t\t\t\t\t<\/div>\n\t\t\t\t<\/div>\n\t\t\t\t\t<\/div>\n\t\t<\/div>\n\t\t\t\t\t<\/div>\n\t\t<\/section>\n\t\t\t\t<\/div>\n\t\t","protected":false},"excerpt":{"rendered":"<p>Le Maroc est depuis quelques ann\u00e9es une des destinations du tourisme m\u00e9dical. Et, en particulier, pour l&#8217;accueil de personnes qui souhaitent y r\u00e9aliser des op\u00e9rations de chirurgie esth\u00e9tique. Pourquoi certaines personnes choisissent-elles le Maroc pour ces op\u00e9rations ? Quelles sont pr\u00e9cis\u00e9ment ces interventions ? Quels sont les prix propos\u00e9s au sein des clinques du royaume [&hellip;]<\/p>\n","protected":false},"author":1,"featured_media":6526,"parent":0,"menu_order":0,"comment_status":"closed","ping_status":"closed","template":"","meta":{"footnotes":""},"class_list":["post-6538","page","type-page","status-publish","has-post-thumbnail","hentry"],"yoast_head":"<!-- This site is optimized with the Yoast SEO plugin v27.5 - https:\/\/yoast.com\/product\/yoast-seo-wordpress\/ -->\n<title>Cirug\u00eda est\u00e9tica Marruecos \u27a1\ufe0f Precios y operaciones<\/title>\n<meta name=\"description\" content=\"Lea todo sobre la cirug\u00eda est\u00e9tica en Marruecos con una \u2705 tarifa barata (40% de descuento) para una estancia m\u00e9dica, p\u00f3ngase en contacto con nosotros para \u2b50 un presupuesto gratuito.\" \/>\n<meta name=\"robots\" content=\"index, follow, max-snippet:-1, max-image-preview:large, max-video-preview:-1\" \/>\n<link rel=\"canonical\" href=\"https:\/\/www.la-chirurgie-esthetique-maroc.com\/es\/\" \/>\n<meta property=\"og:locale\" content=\"es_ES\" \/>\n<meta property=\"og:type\" content=\"article\" \/>\n<meta property=\"og:title\" content=\"Cirug\u00eda est\u00e9tica Marruecos \u27a1\ufe0f Precios y operaciones\" \/>\n<meta property=\"og:description\" content=\"Lea todo sobre la cirug\u00eda est\u00e9tica en Marruecos con una \u2705 tarifa barata (40% de descuento) para una estancia m\u00e9dica, p\u00f3ngase en contacto con nosotros para \u2b50 un presupuesto gratuito.\" \/>\n<meta property=\"og:url\" content=\"https:\/\/www.la-chirurgie-esthetique-maroc.com\/es\/\" \/>\n<meta property=\"og:site_name\" content=\"Chirurgie esthetique Maroc\" \/>\n<meta property=\"article:modified_time\" content=\"2025-02-12T11:12:24+00:00\" \/>\n<meta property=\"og:image\" content=\"https:\/\/www.la-chirurgie-esthetique-maroc.com\/wp-content\/uploads\/2022\/08\/slider_dfg54687f6gh.webp\" \/>\n\t<meta property=\"og:image:width\" content=\"552\" \/>\n\t<meta property=\"og:image:height\" content=\"612\" \/>\n\t<meta property=\"og:image:type\" content=\"image\/webp\" \/>\n<meta name=\"twitter:card\" content=\"summary_large_image\" \/>\n<meta name=\"twitter:label1\" content=\"Tiempo de lectura\" \/>\n\t<meta name=\"twitter:data1\" content=\"4 minutos\" \/>\n<!-- \/ Yoast SEO plugin. -->","yoast_head_json":{"title":"Cirug\u00eda est\u00e9tica Marruecos \u27a1\ufe0f Precios y operaciones","description":"Lea todo sobre la cirug\u00eda est\u00e9tica en Marruecos con una \u2705 tarifa barata (40% de descuento) para una estancia m\u00e9dica, p\u00f3ngase en contacto con nosotros para \u2b50 un presupuesto gratuito.","robots":{"index":"index","follow":"follow","max-snippet":"max-snippet:-1","max-image-preview":"max-image-preview:large","max-video-preview":"max-video-preview:-1"},"canonical":"https:\/\/www.la-chirurgie-esthetique-maroc.com\/es\/","og_locale":"es_ES","og_type":"article","og_title":"Cirug\u00eda est\u00e9tica Marruecos \u27a1\ufe0f Precios y operaciones","og_description":"Lea todo sobre la cirug\u00eda est\u00e9tica en Marruecos con una \u2705 tarifa barata (40% de descuento) para una estancia m\u00e9dica, p\u00f3ngase en contacto con nosotros para \u2b50 un presupuesto gratuito.","og_url":"https:\/\/www.la-chirurgie-esthetique-maroc.com\/es\/","og_site_name":"Chirurgie esthetique Maroc","article_modified_time":"2025-02-12T11:12:24+00:00","og_image":[{"width":552,"height":612,"url":"https:\/\/www.la-chirurgie-esthetique-maroc.com\/wp-content\/uploads\/2022\/08\/slider_dfg54687f6gh.webp","type":"image\/webp"}],"twitter_card":"summary_large_image","twitter_misc":{"Tiempo de lectura":"4 minutos"},"schema":{"@context":"https:\/\/schema.org","@graph":[{"@type":"WebPage","@id":"https:\/\/www.la-chirurgie-esthetique-maroc.com\/es\/","url":"https:\/\/www.la-chirurgie-esthetique-maroc.com\/es\/","name":"Cirug\u00eda est\u00e9tica Marruecos \u27a1\ufe0f Precios y operaciones","isPartOf":{"@id":"https:\/\/www.la-chirurgie-esthetique-maroc.com\/es\/#website"},"primaryImageOfPage":{"@id":"https:\/\/www.la-chirurgie-esthetique-maroc.com\/es\/#primaryimage"},"image":{"@id":"https:\/\/www.la-chirurgie-esthetique-maroc.com\/es\/#primaryimage"},"thumbnailUrl":"https:\/\/www.la-chirurgie-esthetique-maroc.com\/wp-content\/uploads\/2022\/08\/slider_dfg54687f6gh.webp","datePublished":"2016-06-23T09:35:34+00:00","dateModified":"2025-02-12T11:12:24+00:00","description":"Lea todo sobre la cirug\u00eda est\u00e9tica en Marruecos con una \u2705 tarifa barata (40% de descuento) para una estancia m\u00e9dica, p\u00f3ngase en contacto con nosotros para \u2b50 un presupuesto gratuito.","breadcrumb":{"@id":"https:\/\/www.la-chirurgie-esthetique-maroc.com\/es\/#breadcrumb"},"inLanguage":"es","potentialAction":[{"@type":"ReadAction","target":["https:\/\/www.la-chirurgie-esthetique-maroc.com\/es\/"]}]},{"@type":"ImageObject","inLanguage":"es","@id":"https:\/\/www.la-chirurgie-esthetique-maroc.com\/es\/#primaryimage","url":"https:\/\/www.la-chirurgie-esthetique-maroc.com\/wp-content\/uploads\/2022\/08\/slider_dfg54687f6gh.webp","contentUrl":"https:\/\/www.la-chirurgie-esthetique-maroc.com\/wp-content\/uploads\/2022\/08\/slider_dfg54687f6gh.webp","width":552,"height":612},{"@type":"BreadcrumbList","@id":"https:\/\/www.la-chirurgie-esthetique-maroc.com\/es\/#breadcrumb","itemListElement":[{"@type":"ListItem","position":1,"name":"Accueil","item":"https:\/\/www.la-chirurgie-esthetique-maroc.com\/es\/"},{"@type":"ListItem","position":2,"name":"Cirug\u00eda est\u00e9tica Marruecos todo incluido"}]},{"@type":"WebSite","@id":"https:\/\/www.la-chirurgie-esthetique-maroc.com\/es\/#website","url":"https:\/\/www.la-chirurgie-esthetique-maroc.com\/es\/","name":"Chirurgie esthetique Maroc","description":"","publisher":{"@id":"https:\/\/www.la-chirurgie-esthetique-maroc.com\/es\/#organization"},"potentialAction":[{"@type":"SearchAction","target":{"@type":"EntryPoint","urlTemplate":"https:\/\/www.la-chirurgie-esthetique-maroc.com\/es\/?s={search_term_string}"},"query-input":{"@type":"PropertyValueSpecification","valueRequired":true,"valueName":"search_term_string"}}],"inLanguage":"es"},{"@type":"Organization","@id":"https:\/\/www.la-chirurgie-esthetique-maroc.com\/es\/#organization","name":"Chirurgie esthetique Maroc","url":"https:\/\/www.la-chirurgie-esthetique-maroc.com\/es\/","logo":{"@type":"ImageObject","inLanguage":"es","@id":"https:\/\/www.la-chirurgie-esthetique-maroc.com\/es\/#\/schema\/logo\/image\/","url":"https:\/\/www.la-chirurgie-esthetique-maroc.com\/wp-content\/uploads\/2022\/01\/cem3.png","contentUrl":"https:\/\/www.la-chirurgie-esthetique-maroc.com\/wp-content\/uploads\/2022\/01\/cem3.png","width":125,"height":41,"caption":"Chirurgie esthetique Maroc"},"image":{"@id":"https:\/\/www.la-chirurgie-esthetique-maroc.com\/es\/#\/schema\/logo\/image\/"}}]}},"_links":{"self":[{"href":"https:\/\/www.la-chirurgie-esthetique-maroc.com\/es\/wp-json\/wp\/v2\/pages\/6538","targetHints":{"allow":["GET"]}}],"collection":[{"href":"https:\/\/www.la-chirurgie-esthetique-maroc.com\/es\/wp-json\/wp\/v2\/pages"}],"about":[{"href":"https:\/\/www.la-chirurgie-esthetique-maroc.com\/es\/wp-json\/wp\/v2\/types\/page"}],"author":[{"embeddable":true,"href":"https:\/\/www.la-chirurgie-esthetique-maroc.com\/es\/wp-json\/wp\/v2\/users\/1"}],"replies":[{"embeddable":true,"href":"https:\/\/www.la-chirurgie-esthetique-maroc.com\/es\/wp-json\/wp\/v2\/comments?post=6538"}],"version-history":[{"count":8,"href":"https:\/\/www.la-chirurgie-esthetique-maroc.com\/es\/wp-json\/wp\/v2\/pages\/6538\/revisions"}],"predecessor-version":[{"id":9210,"href":"https:\/\/www.la-chirurgie-esthetique-maroc.com\/es\/wp-json\/wp\/v2\/pages\/6538\/revisions\/9210"}],"wp:featuredmedia":[{"embeddable":true,"href":"https:\/\/www.la-chirurgie-esthetique-maroc.com\/es\/wp-json\/wp\/v2\/media\/6526"}],"wp:attachment":[{"href":"https:\/\/www.la-chirurgie-esthetique-maroc.com\/es\/wp-json\/wp\/v2\/media?parent=6538"}],"curies":[{"name":"wp","href":"https:\/\/api.w.org\/{rel}","templated":true}]}}