{"id":6545,"date":"2016-06-24T09:44:10","date_gmt":"2016-06-24T07:44:10","guid":{"rendered":"https:\/\/www.la-chirurgie-esthetique-maroc.com\/clinica-marroqui-de-cirugia-estetica\/"},"modified":"2023-05-29T12:04:14","modified_gmt":"2023-05-29T10:04:14","slug":"clinica","status":"publish","type":"page","link":"https:\/\/www.la-chirurgie-esthetique-maroc.com\/es\/clinica\/","title":{"rendered":"Cl\u00ednica marroqu\u00ed de cirug\u00eda est\u00e9tica"},"content":{"rendered":"\t\t<div data-elementor-type=\"wp-page\" data-elementor-id=\"6545\" class=\"elementor elementor-6545 elementor-89\">\n\t\t\t\t\t\t<section class=\"elementor-section elementor-top-section elementor-element elementor-element-137388a elementor-section-boxed elementor-section-height-default elementor-section-height-default\" data-id=\"137388a\" data-element_type=\"section\">\n\t\t\t\t\t\t<div class=\"elementor-container elementor-column-gap-default\">\n\t\t\t\t\t<div class=\"elementor-column elementor-col-33 elementor-top-column elementor-element elementor-element-9c1a0da\" data-id=\"9c1a0da\" data-element_type=\"column\">\n\t\t\t<div class=\"elementor-widget-wrap elementor-element-populated\">\n\t\t\t\t\t\t<div class=\"elementor-element elementor-element-1be655d elementor-widget elementor-widget-text-editor\" data-id=\"1be655d\" data-element_type=\"widget\" data-widget_type=\"text-editor.default\">\n\t\t\t\t<div class=\"elementor-widget-container\">\n\t\t\t\t\t\t\t<p><img decoding=\"async\" class=\"aligncenter\" src=\"https:\/\/www.la-chirurgie-esthetique-maroc.com\/wp-content\/uploads\/2022\/01\/0-18503091ab.webp\" alt=\"cl\u00ednica de cirug\u00eda est\u00e9tica de t\u00fanez\"><\/p>\n\t\t\t\t\t\t<\/div>\n\t\t\t\t<\/div>\n\t\t\t\t\t<\/div>\n\t\t<\/div>\n\t\t\t\t<div class=\"elementor-column elementor-col-66 elementor-top-column elementor-element elementor-element-a9ace04\" data-id=\"a9ace04\" data-element_type=\"column\">\n\t\t\t<div class=\"elementor-widget-wrap elementor-element-populated\">\n\t\t\t\t\t\t<div class=\"elementor-element elementor-element-656c171 elementor-widget elementor-widget-text-editor\" data-id=\"656c171\" data-element_type=\"widget\" data-widget_type=\"text-editor.default\">\n\t\t\t\t<div class=\"elementor-widget-container\">\n\t\t\t\t\t\t\tNuestra <strong>cl\u00ednica<\/strong> es un establecimiento sanitario tunecino de renombre en <strong>cirug\u00eda y medicina est\u00e9tica<\/strong>. Se proporciona log\u00edstica e infraestructura para la realizaci\u00f3n de procedimientos quir\u00fargicos. Los pacientes son recibidos por un servicio personalizado que les dirige a los departamentos que les interesan.\n\nLas intervenciones de cirug\u00eda est\u00e9tica s\u00f3lo se deciden tras un an\u00e1lisis exhaustivo justificado por chequeos que tambi\u00e9n se realizan en nuestras instalaciones. Los cirujanos proponen las soluciones m\u00e1s \u00f3ptimas para evitar costosas inversiones financieras a los pacientes.\n<h2>Un entorno dise\u00f1ado para la cirug\u00eda est\u00e9tica<\/h2>\nNuestra <strong>cl\u00ednica est\u00e9tica en Marruecos <\/strong>cumple los requisitos de la pr\u00e1ctica de la cirug\u00eda est\u00e9tica y mucho m\u00e1s. Adem\u00e1s de sus modernas instalaciones t\u00e9cnicas y su reconocida competencia quir\u00fargica, ofrece una amplia gama de servicios. Es un establecimiento acogedor y lujoso con una filosof\u00eda de bienestar y confort. Los quir\u00f3fanos est\u00e1n equipados con las m\u00e1quinas m\u00e1s avanzadas para el turismo m\u00e9dico. Las habitaciones de hospitalizaci\u00f3n est\u00e1n bien amuebladas y mantienen las necesidades m\u00e9dicas b\u00e1sicas para una buena supervisi\u00f3n postoperatoria.\n\nLas normas internacionales de higiene y seguridad m\u00e9dica est\u00e1n bien implantadas y se actualizan mediante el mecanismo de mejora continua para aumentar la calidad de la atenci\u00f3n y mantener la estructura competitiva de tarifas.\t\t\t\t\t\t<\/div>\n\t\t\t\t<\/div>\n\t\t\t\t\t<\/div>\n\t\t<\/div>\n\t\t\t\t\t<\/div>\n\t\t<\/section>\n\t\t\t\t<section class=\"elementor-section elementor-top-section elementor-element elementor-element-c125b86 elementor-section-boxed elementor-section-height-default elementor-section-height-default\" data-id=\"c125b86\" data-element_type=\"section\">\n\t\t\t\t\t\t<div class=\"elementor-container elementor-column-gap-default\">\n\t\t\t\t\t<div class=\"elementor-column elementor-col-66 elementor-top-column elementor-element elementor-element-e68522a\" data-id=\"e68522a\" data-element_type=\"column\">\n\t\t\t<div class=\"elementor-widget-wrap elementor-element-populated\">\n\t\t\t\t\t\t<div class=\"elementor-element elementor-element-594038f elementor-widget elementor-widget-text-editor\" data-id=\"594038f\" data-element_type=\"widget\" data-widget_type=\"text-editor.default\">\n\t\t\t\t<div class=\"elementor-widget-container\">\n\t\t\t\t\t\t\t<h2>Presupuesto expr\u00e9s gratuito<\/h2>\n<style>\r\n.align_center {\r\n    display: block;\r\n    text-align: center;\r\n    padding: 30px 0px;\r\n}\r\n<\/style>\r\n\r\n<div>\r\n\t<h2 class=\"align_center\">Presupuesto r\u00e1pido gratuito<\/h2>\r\n<iframe src=\"https:\/\/app.metocrm.com\/web-forms\/e1cab5bd-ef56-4a37-aa71-4857d931f368\"  height=\"800px\" width=\"100%\"  frameborder=\"0\" style=\"border-radius: 10px;\"><\/iframe>\r\n\r\n<\/div>\t\t\t\t\t\t<\/div>\n\t\t\t\t<\/div>\n\t\t\t\t\t<\/div>\n\t\t<\/div>\n\t\t\t\t<div class=\"elementor-column elementor-col-33 elementor-top-column elementor-element elementor-element-3e07270\" data-id=\"3e07270\" data-element_type=\"column\">\n\t\t\t<div class=\"elementor-widget-wrap elementor-element-populated\">\n\t\t\t\t\t\t<div class=\"elementor-element elementor-element-c9dc4f5 elementor-widget elementor-widget-image\" data-id=\"c9dc4f5\" data-element_type=\"widget\" data-widget_type=\"image.default\">\n\t\t\t\t<div class=\"elementor-widget-container\">\n\t\t\t\t\t\t\t\t\t\t\t\t\t<img fetchpriority=\"high\" decoding=\"async\" width=\"508\" height=\"554\" src=\"https:\/\/www.la-chirurgie-esthetique-maroc.com\/wp-content\/uploads\/2022\/01\/la-chirurgie-esthetique-maroc_devis-1.webp\" class=\"attachment-large size-large wp-image-6422\" alt=\"\" srcset=\"https:\/\/www.la-chirurgie-esthetique-maroc.com\/wp-content\/uploads\/2022\/01\/la-chirurgie-esthetique-maroc_devis-1.webp 508w, https:\/\/www.la-chirurgie-esthetique-maroc.com\/wp-content\/uploads\/2022\/01\/la-chirurgie-esthetique-maroc_devis-1-275x300.webp 275w\" sizes=\"(max-width: 508px) 100vw, 508px\" \/>\t\t\t\t\t\t\t\t\t\t\t\t\t<\/div>\n\t\t\t\t<\/div>\n\t\t\t\t\t<\/div>\n\t\t<\/div>\n\t\t\t\t\t<\/div>\n\t\t<\/section>\n\t\t\t\t<section class=\"elementor-section elementor-top-section elementor-element elementor-element-4253e6f6 bg-color forme_1  elementor-section-boxed elementor-section-height-default elementor-section-height-default\" data-id=\"4253e6f6\" data-element_type=\"section\">\n\t\t\t\t\t\t<div class=\"elementor-container elementor-column-gap-default\">\n\t\t\t\t\t<div class=\"elementor-column elementor-col-100 elementor-top-column elementor-element elementor-element-627b04c3\" data-id=\"627b04c3\" data-element_type=\"column\">\n\t\t\t<div class=\"elementor-widget-wrap elementor-element-populated\">\n\t\t\t\t\t\t<div class=\"elementor-element elementor-element-5174f66f elementor-widget elementor-widget-text-editor\" data-id=\"5174f66f\" data-element_type=\"widget\" data-widget_type=\"text-editor.default\">\n\t\t\t\t<div class=\"elementor-widget-container\">\n\t\t\t\t\t\t\t<h2>La unidad de cirug\u00eda est\u00e9tica<\/h2><p>La unidad de <strong>cirug\u00eda est\u00e9tica de<\/strong> Marruecos cuenta con una planta, entre las 11 de la cl\u00ednica, dedicada a an\u00e1lisis y operaciones de cirug\u00eda pl\u00e1stica est\u00e9tica y reparadora.<\/p><p>Las especialidades de cirug\u00eda est\u00e9tica disponibles son<\/p><ul class=\"liste-page\"><li>Cirug\u00eda facial: lifting facial, blefaroplastia, rinoplastia, otoplastia, genioplastia<\/li><li>Cirug\u00eda mamaria : aumento mamario, lipofilling mamario, <a href=\"http:\/\/www.la-chirurgie-esthetique-maroc.com\/es\/reduccion-mamaria\/\">reducci\u00f3n mamaria barata<\/a>, elevaci\u00f3n mamaria, reconstrucci\u00f3n mamaria.<\/li><li>Cirug\u00eda corporal: liposucci\u00f3n, abdominoplastia, lifting de brazos, lifting de muslos, aumento de gl\u00fateos<\/li><\/ul><p style=\"text-align: justify;\">Las habitaciones Confort, Suite y VIP est\u00e1n a disposici\u00f3n de los pacientes sometidos a operaciones que requieran hospitalizaci\u00f3n. Los procedimientos m\u00e1s complejos pueden realizarse mientras se prepara a los pacientes para el tratamiento postoperatorio.<\/p>\t\t\t\t\t\t<\/div>\n\t\t\t\t<\/div>\n\t\t\t\t<div class=\"elementor-element elementor-element-8e923d6 center elementor-widget elementor-widget-html\" data-id=\"8e923d6\" data-element_type=\"widget\" data-widget_type=\"html.default\">\n\t\t\t\t<div class=\"elementor-widget-container\">\n\t\t\t<div class=\"btn_devis\"><a href=\"https:\/\/www.la-chirurgie-esthetique-maroc.com\/es\/cita\/\"><span>Solicitar presupuesto<\/span><\/a><\/div>\t\t<\/div>\n\t\t\t\t<\/div>\n\t\t\t\t\t<\/div>\n\t\t<\/div>\n\t\t\t\t\t<\/div>\n\t\t<\/section>\n\t\t\t\t<\/div>\n\t\t","protected":false},"excerpt":{"rendered":"<p>Nuestra cl\u00ednica es un establecimiento sanitario tunecino de renombre en cirug\u00eda y medicina est\u00e9tica. Se proporciona log\u00edstica e infraestructura para la realizaci\u00f3n de procedimientos quir\u00fargicos. Los pacientes son recibidos por un servicio personalizado que les dirige a los departamentos que les interesan. Las intervenciones de cirug\u00eda est\u00e9tica s\u00f3lo se deciden tras un an\u00e1lisis exhaustivo justificado [&hellip;]<\/p>\n","protected":false},"author":1,"featured_media":6439,"parent":0,"menu_order":0,"comment_status":"closed","ping_status":"closed","template":"","meta":{"footnotes":""},"class_list":["post-6545","page","type-page","status-publish","has-post-thumbnail","hentry"],"yoast_head":"<!-- This site is optimized with the Yoast SEO plugin v27.5 - https:\/\/yoast.com\/product\/yoast-seo-wordpress\/ -->\n<title>Cl\u00ednica marroqu\u00ed de cirug\u00eda est\u00e9tica : presupuesto gratuito y personalizado<\/title>\n<meta name=\"description\" content=\"Clinique chirurgie esthetique Maroc : nuestra cl\u00ednica le propone una estancia m\u00e9dica con tarifa reducida. Solicite su presupuesto gratuito.\" \/>\n<meta name=\"robots\" content=\"index, follow, max-snippet:-1, max-image-preview:large, max-video-preview:-1\" \/>\n<link rel=\"canonical\" href=\"https:\/\/www.la-chirurgie-esthetique-maroc.com\/es\/clinica\/\" \/>\n<meta property=\"og:locale\" content=\"es_ES\" \/>\n<meta property=\"og:type\" content=\"article\" \/>\n<meta property=\"og:title\" content=\"Cl\u00ednica marroqu\u00ed de cirug\u00eda est\u00e9tica : presupuesto gratuito y personalizado\" \/>\n<meta property=\"og:description\" content=\"Clinique chirurgie esthetique Maroc : nuestra cl\u00ednica le propone una estancia m\u00e9dica con tarifa reducida. Solicite su presupuesto gratuito.\" \/>\n<meta property=\"og:url\" content=\"https:\/\/www.la-chirurgie-esthetique-maroc.com\/es\/clinica\/\" \/>\n<meta property=\"og:site_name\" content=\"Chirurgie esthetique Maroc\" \/>\n<meta property=\"article:modified_time\" content=\"2023-05-29T10:04:14+00:00\" \/>\n<meta property=\"og:image\" content=\"https:\/\/www.la-chirurgie-esthetique-maroc.com\/wp-content\/uploads\/2022\/01\/header_cliniques.webp\" \/>\n\t<meta property=\"og:image:width\" content=\"552\" \/>\n\t<meta property=\"og:image:height\" content=\"612\" \/>\n\t<meta property=\"og:image:type\" content=\"image\/webp\" \/>\n<meta name=\"twitter:card\" content=\"summary_large_image\" \/>\n<meta name=\"twitter:label1\" content=\"Tiempo de lectura\" \/>\n\t<meta name=\"twitter:data1\" content=\"2 minutos\" \/>\n<!-- \/ Yoast SEO plugin. -->","yoast_head_json":{"title":"Cl\u00ednica marroqu\u00ed de cirug\u00eda est\u00e9tica : presupuesto gratuito y personalizado","description":"Clinique chirurgie esthetique Maroc : nuestra cl\u00ednica le propone una estancia m\u00e9dica con tarifa reducida. Solicite su presupuesto gratuito.","robots":{"index":"index","follow":"follow","max-snippet":"max-snippet:-1","max-image-preview":"max-image-preview:large","max-video-preview":"max-video-preview:-1"},"canonical":"https:\/\/www.la-chirurgie-esthetique-maroc.com\/es\/clinica\/","og_locale":"es_ES","og_type":"article","og_title":"Cl\u00ednica marroqu\u00ed de cirug\u00eda est\u00e9tica : presupuesto gratuito y personalizado","og_description":"Clinique chirurgie esthetique Maroc : nuestra cl\u00ednica le propone una estancia m\u00e9dica con tarifa reducida. Solicite su presupuesto gratuito.","og_url":"https:\/\/www.la-chirurgie-esthetique-maroc.com\/es\/clinica\/","og_site_name":"Chirurgie esthetique Maroc","article_modified_time":"2023-05-29T10:04:14+00:00","og_image":[{"width":552,"height":612,"url":"https:\/\/www.la-chirurgie-esthetique-maroc.com\/wp-content\/uploads\/2022\/01\/header_cliniques.webp","type":"image\/webp"}],"twitter_card":"summary_large_image","twitter_misc":{"Tiempo de lectura":"2 minutos"},"schema":{"@context":"https:\/\/schema.org","@graph":[{"@type":"WebPage","@id":"https:\/\/www.la-chirurgie-esthetique-maroc.com\/es\/clinica\/","url":"https:\/\/www.la-chirurgie-esthetique-maroc.com\/es\/clinica\/","name":"Cl\u00ednica marroqu\u00ed de cirug\u00eda est\u00e9tica : presupuesto gratuito y personalizado","isPartOf":{"@id":"https:\/\/www.la-chirurgie-esthetique-maroc.com\/es\/#website"},"primaryImageOfPage":{"@id":"https:\/\/www.la-chirurgie-esthetique-maroc.com\/es\/clinica\/#primaryimage"},"image":{"@id":"https:\/\/www.la-chirurgie-esthetique-maroc.com\/es\/clinica\/#primaryimage"},"thumbnailUrl":"https:\/\/www.la-chirurgie-esthetique-maroc.com\/wp-content\/uploads\/2022\/01\/header_cliniques.webp","datePublished":"2016-06-24T07:44:10+00:00","dateModified":"2023-05-29T10:04:14+00:00","description":"Clinique chirurgie esthetique Maroc : nuestra cl\u00ednica le propone una estancia m\u00e9dica con tarifa reducida. Solicite su presupuesto gratuito.","breadcrumb":{"@id":"https:\/\/www.la-chirurgie-esthetique-maroc.com\/es\/clinica\/#breadcrumb"},"inLanguage":"es","potentialAction":[{"@type":"ReadAction","target":["https:\/\/www.la-chirurgie-esthetique-maroc.com\/es\/clinica\/"]}]},{"@type":"ImageObject","inLanguage":"es","@id":"https:\/\/www.la-chirurgie-esthetique-maroc.com\/es\/clinica\/#primaryimage","url":"https:\/\/www.la-chirurgie-esthetique-maroc.com\/wp-content\/uploads\/2022\/01\/header_cliniques.webp","contentUrl":"https:\/\/www.la-chirurgie-esthetique-maroc.com\/wp-content\/uploads\/2022\/01\/header_cliniques.webp","width":552,"height":612},{"@type":"BreadcrumbList","@id":"https:\/\/www.la-chirurgie-esthetique-maroc.com\/es\/clinica\/#breadcrumb","itemListElement":[{"@type":"ListItem","position":1,"name":"Accueil","item":"https:\/\/www.la-chirurgie-esthetique-maroc.com\/es\/"},{"@type":"ListItem","position":2,"name":"Cl\u00ednica marroqu\u00ed de cirug\u00eda est\u00e9tica"}]},{"@type":"WebSite","@id":"https:\/\/www.la-chirurgie-esthetique-maroc.com\/es\/#website","url":"https:\/\/www.la-chirurgie-esthetique-maroc.com\/es\/","name":"Chirurgie esthetique Maroc","description":"","publisher":{"@id":"https:\/\/www.la-chirurgie-esthetique-maroc.com\/es\/#organization"},"potentialAction":[{"@type":"SearchAction","target":{"@type":"EntryPoint","urlTemplate":"https:\/\/www.la-chirurgie-esthetique-maroc.com\/es\/?s={search_term_string}"},"query-input":{"@type":"PropertyValueSpecification","valueRequired":true,"valueName":"search_term_string"}}],"inLanguage":"es"},{"@type":"Organization","@id":"https:\/\/www.la-chirurgie-esthetique-maroc.com\/es\/#organization","name":"Chirurgie esthetique Maroc","url":"https:\/\/www.la-chirurgie-esthetique-maroc.com\/es\/","logo":{"@type":"ImageObject","inLanguage":"es","@id":"https:\/\/www.la-chirurgie-esthetique-maroc.com\/es\/#\/schema\/logo\/image\/","url":"https:\/\/www.la-chirurgie-esthetique-maroc.com\/wp-content\/uploads\/2022\/01\/cem3.png","contentUrl":"https:\/\/www.la-chirurgie-esthetique-maroc.com\/wp-content\/uploads\/2022\/01\/cem3.png","width":125,"height":41,"caption":"Chirurgie esthetique Maroc"},"image":{"@id":"https:\/\/www.la-chirurgie-esthetique-maroc.com\/es\/#\/schema\/logo\/image\/"}}]}},"_links":{"self":[{"href":"https:\/\/www.la-chirurgie-esthetique-maroc.com\/es\/wp-json\/wp\/v2\/pages\/6545","targetHints":{"allow":["GET"]}}],"collection":[{"href":"https:\/\/www.la-chirurgie-esthetique-maroc.com\/es\/wp-json\/wp\/v2\/pages"}],"about":[{"href":"https:\/\/www.la-chirurgie-esthetique-maroc.com\/es\/wp-json\/wp\/v2\/types\/page"}],"author":[{"embeddable":true,"href":"https:\/\/www.la-chirurgie-esthetique-maroc.com\/es\/wp-json\/wp\/v2\/users\/1"}],"replies":[{"embeddable":true,"href":"https:\/\/www.la-chirurgie-esthetique-maroc.com\/es\/wp-json\/wp\/v2\/comments?post=6545"}],"version-history":[{"count":13,"href":"https:\/\/www.la-chirurgie-esthetique-maroc.com\/es\/wp-json\/wp\/v2\/pages\/6545\/revisions"}],"predecessor-version":[{"id":8008,"href":"https:\/\/www.la-chirurgie-esthetique-maroc.com\/es\/wp-json\/wp\/v2\/pages\/6545\/revisions\/8008"}],"wp:featuredmedia":[{"embeddable":true,"href":"https:\/\/www.la-chirurgie-esthetique-maroc.com\/es\/wp-json\/wp\/v2\/media\/6439"}],"wp:attachment":[{"href":"https:\/\/www.la-chirurgie-esthetique-maroc.com\/es\/wp-json\/wp\/v2\/media?parent=6545"}],"curies":[{"name":"wp","href":"https:\/\/api.w.org\/{rel}","templated":true}]}}