{"id":6549,"date":"2021-11-29T10:38:48","date_gmt":"2021-11-29T09:38:48","guid":{"rendered":"https:\/\/www.la-chirurgie-esthetique-maroc.com\/tarifas-de-cirugia-estetica-en-marruecos-precios-baratos\/"},"modified":"2023-05-29T12:16:17","modified_gmt":"2023-05-29T10:16:17","slug":"tarifas","status":"publish","type":"page","link":"https:\/\/www.la-chirurgie-esthetique-maroc.com\/es\/tarifas\/","title":{"rendered":"Tarifas de cirug\u00eda est\u00e9tica en Marruecos : precios baratos"},"content":{"rendered":"\t\t<div data-elementor-type=\"wp-page\" data-elementor-id=\"6549\" class=\"elementor elementor-6549 elementor-105\">\n\t\t\t\t\t\t<section class=\"elementor-section elementor-top-section elementor-element elementor-element-79ce88f elementor-section-boxed elementor-section-height-default elementor-section-height-default\" data-id=\"79ce88f\" data-element_type=\"section\">\n\t\t\t\t\t\t<div class=\"elementor-container elementor-column-gap-default\">\n\t\t\t\t\t<div class=\"elementor-column elementor-col-100 elementor-top-column elementor-element elementor-element-ad5009d\" data-id=\"ad5009d\" data-element_type=\"column\">\n\t\t\t<div class=\"elementor-widget-wrap elementor-element-populated\">\n\t\t\t\t\t\t<div class=\"elementor-element elementor-element-ea40071 elementor-widget elementor-widget-text-editor\" data-id=\"ea40071\" data-element_type=\"widget\" data-widget_type=\"text-editor.default\">\n\t\t\t\t<div class=\"elementor-widget-container\">\n\t\t\t\t\t\t\t<p>Marruecos se ha convertido en un aut\u00e9ntico centro tur\u00edstico de <strong>cirug\u00eda est\u00e9tica<\/strong>. En los \u00faltimos a\u00f1os, el pa\u00eds ha logrado atraer a millones de personas que han venido a aprovechar la experiencia de cirujanos experimentados y un entorno m\u00e9dico muy sofisticado. Elegir Marruecos para su cirug\u00eda est\u00e9tica es la garant\u00eda de un resultado a la altura de sus expectativas.<\/p>\n\t\t\t\t\t\t<\/div>\n\t\t\t\t<\/div>\n\t\t\t\t\t<\/div>\n\t\t<\/div>\n\t\t\t\t\t<\/div>\n\t\t<\/section>\n\t\t\t\t<section class=\"elementor-section elementor-top-section elementor-element elementor-element-719a2e7 elementor-section-boxed elementor-section-height-default elementor-section-height-default\" data-id=\"719a2e7\" data-element_type=\"section\">\n\t\t\t\t\t\t<div class=\"elementor-container elementor-column-gap-default\">\n\t\t\t\t\t<div class=\"elementor-column elementor-col-66 elementor-top-column elementor-element elementor-element-d9cc9e9\" data-id=\"d9cc9e9\" data-element_type=\"column\">\n\t\t\t<div class=\"elementor-widget-wrap elementor-element-populated\">\n\t\t\t\t\t\t<div class=\"elementor-element elementor-element-f9f390a elementor-widget elementor-widget-text-editor\" data-id=\"f9f390a\" data-element_type=\"widget\" data-widget_type=\"text-editor.default\">\n\t\t\t\t<div class=\"elementor-widget-container\">\n\t\t\t\t\t\t\t<h2>Presupuesto expr\u00e9s gratuito<\/h2>\n<style>\r\n.align_center {\r\n    display: block;\r\n    text-align: center;\r\n    padding: 30px 0px;\r\n}\r\n<\/style>\r\n\r\n<div>\r\n\t<h2 class=\"align_center\">Presupuesto r\u00e1pido gratuito<\/h2>\r\n<iframe src=\"https:\/\/app.metocrm.com\/web-forms\/e1cab5bd-ef56-4a37-aa71-4857d931f368\"  height=\"800px\" width=\"100%\"  frameborder=\"0\" style=\"border-radius: 10px;\"><\/iframe>\r\n\r\n<\/div>\t\t\t\t\t\t<\/div>\n\t\t\t\t<\/div>\n\t\t\t\t\t<\/div>\n\t\t<\/div>\n\t\t\t\t<div class=\"elementor-column elementor-col-33 elementor-top-column elementor-element elementor-element-f2e9aba\" data-id=\"f2e9aba\" data-element_type=\"column\">\n\t\t\t<div class=\"elementor-widget-wrap elementor-element-populated\">\n\t\t\t\t\t\t<div class=\"elementor-element elementor-element-f49be7f elementor-widget elementor-widget-image\" data-id=\"f49be7f\" data-element_type=\"widget\" data-widget_type=\"image.default\">\n\t\t\t\t<div class=\"elementor-widget-container\">\n\t\t\t\t\t\t\t\t\t\t\t\t\t<img fetchpriority=\"high\" decoding=\"async\" width=\"508\" height=\"554\" src=\"https:\/\/www.la-chirurgie-esthetique-maroc.com\/wp-content\/uploads\/2022\/01\/la-chirurgie-esthetique-maroc_devis-1.webp\" class=\"attachment-large size-large wp-image-6422\" alt=\"\" srcset=\"https:\/\/www.la-chirurgie-esthetique-maroc.com\/wp-content\/uploads\/2022\/01\/la-chirurgie-esthetique-maroc_devis-1.webp 508w, https:\/\/www.la-chirurgie-esthetique-maroc.com\/wp-content\/uploads\/2022\/01\/la-chirurgie-esthetique-maroc_devis-1-275x300.webp 275w\" sizes=\"(max-width: 508px) 100vw, 508px\" \/>\t\t\t\t\t\t\t\t\t\t\t\t\t<\/div>\n\t\t\t\t<\/div>\n\t\t\t\t\t<\/div>\n\t\t<\/div>\n\t\t\t\t\t<\/div>\n\t\t<\/section>\n\t\t\t\t<section class=\"elementor-section elementor-top-section elementor-element elementor-element-4627d17 bg-color forme_1  elementor-section-boxed elementor-section-height-default elementor-section-height-default\" data-id=\"4627d17\" data-element_type=\"section\" data-settings=\"{&quot;background_background&quot;:&quot;classic&quot;}\">\n\t\t\t\t\t\t<div class=\"elementor-container elementor-column-gap-default\">\n\t\t\t\t\t<div class=\"elementor-column elementor-col-100 elementor-top-column elementor-element elementor-element-d4defef\" data-id=\"d4defef\" data-element_type=\"column\">\n\t\t\t<div class=\"elementor-widget-wrap elementor-element-populated\">\n\t\t\t\t\t\t<div class=\"elementor-element elementor-element-dee0ac9 elementor-widget elementor-widget-text-editor\" data-id=\"dee0ac9\" data-element_type=\"widget\" data-widget_type=\"text-editor.default\">\n\t\t\t\t<div class=\"elementor-widget-container\">\n\t\t\t\t\t\t\t<h2>\u00bfPor qu\u00e9 operarse en Marruecos?<\/h2>\nLa <strong>cirug\u00eda est\u00e9tica en Marruecos<\/strong> es un mercado en crecimiento, en gran parte debido a los pacientes extranjeros. Dos factores principales pueden explicar este hecho: en primer lugar, la proximidad de las capitales europeas es una de las razones de este \u00e9xito, los bajos precios y la alta tecnolog\u00eda son otra. Ahora hay cl\u00ednicas que mantienen la misma calidad y los mismos est\u00e1ndares que en Europa.\n\nLa posibilidad de combinar la operaci\u00f3n con unas vacaciones en un clima agradable es otra de las razones del \u00e9xito. Si elige Marruecos como destino para sus <strong>vacaciones de belleza con todo incluido<\/strong>, podr\u00e1 disfrutar de :\n<ul class=\"liste-page\">\n \t<li>Excelente relaci\u00f3n calidad-precio que incluye: costes de los servicios m\u00e9dicos, servicios tur\u00edsticos (vuelo + estancia), que var\u00edan seg\u00fan la temporada<\/li>\n \t<li>Una infraestructura hospitalaria muy moderna con tecnolog\u00eda muy desarrollada (instalaciones cl\u00ednicas modernas del mismo nivel europeo)<\/li>\n \t<li>Las mejores instalaciones tur\u00edsticas (hoteles de 5*)<\/li>\n \t<li>Los mejores cirujanos pl\u00e1sticos cualificados marroqu\u00edes con largos a\u00f1os de formaci\u00f3n en Europa y Estados Unidos.<\/li>\n \t<li>Un c\u00f3digo \u00e9tico que impone la discreci\u00f3n y el anonimato total de los servicios solicitados<\/li>\n \t<li>Un servicio de asistencia personalizada durante toda su <strong>estancia m\u00e9dica<\/strong><\/li>\n<\/ul>\t\t\t\t\t\t<\/div>\n\t\t\t\t<\/div>\n\t\t\t\t\t<\/div>\n\t\t<\/div>\n\t\t\t\t\t<\/div>\n\t\t<\/section>\n\t\t\t\t<section class=\"elementor-section elementor-top-section elementor-element elementor-element-958c087 elementor-section-boxed elementor-section-height-default elementor-section-height-default\" data-id=\"958c087\" data-element_type=\"section\">\n\t\t\t\t\t\t<div class=\"elementor-container elementor-column-gap-default\">\n\t\t\t\t\t<div class=\"elementor-column elementor-col-100 elementor-top-column elementor-element elementor-element-f4d5907\" data-id=\"f4d5907\" data-element_type=\"column\">\n\t\t\t<div class=\"elementor-widget-wrap elementor-element-populated\">\n\t\t\t\t\t\t<div class=\"elementor-element elementor-element-d6ff4b6 elementor-widget elementor-widget-text-editor\" data-id=\"d6ff4b6\" data-element_type=\"widget\" data-widget_type=\"text-editor.default\">\n\t\t\t\t<div class=\"elementor-widget-container\">\n\t\t\t\t\t\t\t<h2>Precios de la cirug\u00eda pl\u00e1stica en Marruecos<\/h2>\n<strong>Los precios de la cirug\u00eda pl\u00e1stica en Marruecos<\/strong> son mucho m\u00e1s bajos que en otros pa\u00edses. Esto se aplica a la mayor\u00eda de las operaciones, como aumento de mamas, liposucci\u00f3n, abdominoplastia, etc.\n\nEn Marruecos, hay que investigar a fondo antes de elegir una cl\u00ednica y un cirujano y no dejar que el aspecto econ\u00f3mico influya demasiado en la elecci\u00f3n, ya que siempre existe una relaci\u00f3n entre calidad y coste.\n\nEl <strong>precio de una estancia est\u00e9tica con todo incluido en Marruecos<\/strong> incluye varios servicios, entre ellos\n<ul class=\"liste-page\">\n \t<li>Bienvenida, apoyo<\/li>\n \t<li>Todo el transporte del aeropuerto a la cl\u00ednica y viceversa, en un c\u00f3modo coche con conductor que habla ingl\u00e9s y franc\u00e9s.<\/li>\n \t<li>Revisiones, an\u00e1lisis y consultas preoperatorias<\/li>\n \t<li>Honorarios del cirujano, del anestesista y gastos de la operaci\u00f3n<\/li>\n \t<li>Cuidados postoperatorios y prendas de sujeci\u00f3n<\/li>\n<\/ul>\t\t\t\t\t\t<\/div>\n\t\t\t\t<\/div>\n\t\t\t\t\t<\/div>\n\t\t<\/div>\n\t\t\t\t\t<\/div>\n\t\t<\/section>\n\t\t\t\t<section class=\"elementor-section elementor-top-section elementor-element elementor-element-74d4da2 center elementor-section-boxed elementor-section-height-default elementor-section-height-default\" data-id=\"74d4da2\" data-element_type=\"section\">\n\t\t\t\t\t\t<div class=\"elementor-container elementor-column-gap-default\">\n\t\t\t\t\t<div class=\"elementor-column elementor-col-100 elementor-top-column elementor-element elementor-element-16b416b\" data-id=\"16b416b\" data-element_type=\"column\">\n\t\t\t<div class=\"elementor-widget-wrap elementor-element-populated\">\n\t\t\t\t\t\t<div class=\"elementor-element elementor-element-fe6fa13 elementor-widget elementor-widget-html\" data-id=\"fe6fa13\" data-element_type=\"widget\" data-widget_type=\"html.default\">\n\t\t\t\t<div class=\"elementor-widget-container\">\n\t\t\t<div class=\"btn_devis btn_intern\"><a href=\"https:\/\/www.la-chirurgie-esthetique-maroc.com\/es\/cita\/\"><span>Presupuesto gratuito<\/span><\/a><\/div>\t\t<\/div>\n\t\t\t\t<\/div>\n\t\t\t\t\t<\/div>\n\t\t<\/div>\n\t\t\t\t\t<\/div>\n\t\t<\/section>\n\t\t\t\t<\/div>\n\t\t","protected":false},"excerpt":{"rendered":"<p>Marruecos se ha convertido en un aut\u00e9ntico centro tur\u00edstico de cirug\u00eda est\u00e9tica. En los \u00faltimos a\u00f1os, el pa\u00eds ha logrado atraer a millones de personas que han venido a aprovechar la experiencia de cirujanos experimentados y un entorno m\u00e9dico muy sofisticado. Elegir Marruecos para su cirug\u00eda est\u00e9tica es la garant\u00eda de un resultado a la [&hellip;]<\/p>\n","protected":false},"author":1,"featured_media":6438,"parent":0,"menu_order":0,"comment_status":"closed","ping_status":"closed","template":"","meta":{"footnotes":""},"class_list":["post-6549","page","type-page","status-publish","has-post-thumbnail","hentry"],"yoast_head":"<!-- This site is optimized with the Yoast SEO plugin v27.4 - https:\/\/yoast.com\/product\/yoast-seo-wordpress\/ -->\n<title>Tarifas de cirug\u00eda est\u00e9tica en Marruecos : precios para una estancia m\u00e9dica barata con presupuesto<\/title>\n<meta name=\"description\" content=\"Tarifas cirug\u00eda est\u00e9tica Marruecos: nuestra cl\u00ednica le ofrece las mejores estancias m\u00e9dicas con los precios m\u00e1s baratos con presupuesto.\" \/>\n<meta name=\"robots\" content=\"index, follow, max-snippet:-1, max-image-preview:large, max-video-preview:-1\" \/>\n<link rel=\"canonical\" href=\"https:\/\/www.la-chirurgie-esthetique-maroc.com\/es\/tarifas\/\" \/>\n<meta property=\"og:locale\" content=\"es_ES\" \/>\n<meta property=\"og:type\" content=\"article\" \/>\n<meta property=\"og:title\" content=\"Tarifas de cirug\u00eda est\u00e9tica en Marruecos : precios para una estancia m\u00e9dica barata con presupuesto\" \/>\n<meta property=\"og:description\" content=\"Tarifas cirug\u00eda est\u00e9tica Marruecos: nuestra cl\u00ednica le ofrece las mejores estancias m\u00e9dicas con los precios m\u00e1s baratos con presupuesto.\" \/>\n<meta property=\"og:url\" content=\"https:\/\/www.la-chirurgie-esthetique-maroc.com\/es\/tarifas\/\" \/>\n<meta property=\"og:site_name\" content=\"Chirurgie esthetique Maroc\" \/>\n<meta property=\"article:modified_time\" content=\"2023-05-29T10:16:17+00:00\" \/>\n<meta property=\"og:image\" content=\"https:\/\/www.la-chirurgie-esthetique-maroc.com\/wp-content\/uploads\/2022\/01\/header_tarifs.webp\" \/>\n\t<meta property=\"og:image:width\" content=\"552\" \/>\n\t<meta property=\"og:image:height\" content=\"612\" \/>\n\t<meta property=\"og:image:type\" content=\"image\/webp\" \/>\n<meta name=\"twitter:card\" content=\"summary_large_image\" \/>\n<meta name=\"twitter:label1\" content=\"Tiempo de lectura\" \/>\n\t<meta name=\"twitter:data1\" content=\"2 minutos\" \/>\n<!-- \/ Yoast SEO plugin. -->","yoast_head_json":{"title":"Tarifas de cirug\u00eda est\u00e9tica en Marruecos : precios para una estancia m\u00e9dica barata con presupuesto","description":"Tarifas cirug\u00eda est\u00e9tica Marruecos: nuestra cl\u00ednica le ofrece las mejores estancias m\u00e9dicas con los precios m\u00e1s baratos con presupuesto.","robots":{"index":"index","follow":"follow","max-snippet":"max-snippet:-1","max-image-preview":"max-image-preview:large","max-video-preview":"max-video-preview:-1"},"canonical":"https:\/\/www.la-chirurgie-esthetique-maroc.com\/es\/tarifas\/","og_locale":"es_ES","og_type":"article","og_title":"Tarifas de cirug\u00eda est\u00e9tica en Marruecos : precios para una estancia m\u00e9dica barata con presupuesto","og_description":"Tarifas cirug\u00eda est\u00e9tica Marruecos: nuestra cl\u00ednica le ofrece las mejores estancias m\u00e9dicas con los precios m\u00e1s baratos con presupuesto.","og_url":"https:\/\/www.la-chirurgie-esthetique-maroc.com\/es\/tarifas\/","og_site_name":"Chirurgie esthetique Maroc","article_modified_time":"2023-05-29T10:16:17+00:00","og_image":[{"width":552,"height":612,"url":"https:\/\/www.la-chirurgie-esthetique-maroc.com\/wp-content\/uploads\/2022\/01\/header_tarifs.webp","type":"image\/webp"}],"twitter_card":"summary_large_image","twitter_misc":{"Tiempo de lectura":"2 minutos"},"schema":{"@context":"https:\/\/schema.org","@graph":[{"@type":"WebPage","@id":"https:\/\/www.la-chirurgie-esthetique-maroc.com\/es\/tarifas\/","url":"https:\/\/www.la-chirurgie-esthetique-maroc.com\/es\/tarifas\/","name":"Tarifas de cirug\u00eda est\u00e9tica en Marruecos : precios para una estancia m\u00e9dica barata con presupuesto","isPartOf":{"@id":"https:\/\/www.la-chirurgie-esthetique-maroc.com\/es\/#website"},"primaryImageOfPage":{"@id":"https:\/\/www.la-chirurgie-esthetique-maroc.com\/es\/tarifas\/#primaryimage"},"image":{"@id":"https:\/\/www.la-chirurgie-esthetique-maroc.com\/es\/tarifas\/#primaryimage"},"thumbnailUrl":"https:\/\/www.la-chirurgie-esthetique-maroc.com\/wp-content\/uploads\/2022\/01\/header_tarifs.webp","datePublished":"2021-11-29T09:38:48+00:00","dateModified":"2023-05-29T10:16:17+00:00","description":"Tarifas cirug\u00eda est\u00e9tica Marruecos: nuestra cl\u00ednica le ofrece las mejores estancias m\u00e9dicas con los precios m\u00e1s baratos con presupuesto.","breadcrumb":{"@id":"https:\/\/www.la-chirurgie-esthetique-maroc.com\/es\/tarifas\/#breadcrumb"},"inLanguage":"es","potentialAction":[{"@type":"ReadAction","target":["https:\/\/www.la-chirurgie-esthetique-maroc.com\/es\/tarifas\/"]}]},{"@type":"ImageObject","inLanguage":"es","@id":"https:\/\/www.la-chirurgie-esthetique-maroc.com\/es\/tarifas\/#primaryimage","url":"https:\/\/www.la-chirurgie-esthetique-maroc.com\/wp-content\/uploads\/2022\/01\/header_tarifs.webp","contentUrl":"https:\/\/www.la-chirurgie-esthetique-maroc.com\/wp-content\/uploads\/2022\/01\/header_tarifs.webp","width":552,"height":612},{"@type":"BreadcrumbList","@id":"https:\/\/www.la-chirurgie-esthetique-maroc.com\/es\/tarifas\/#breadcrumb","itemListElement":[{"@type":"ListItem","position":1,"name":"Accueil","item":"https:\/\/www.la-chirurgie-esthetique-maroc.com\/es\/"},{"@type":"ListItem","position":2,"name":"Tarifas de cirug\u00eda est\u00e9tica en Marruecos : precios baratos"}]},{"@type":"WebSite","@id":"https:\/\/www.la-chirurgie-esthetique-maroc.com\/es\/#website","url":"https:\/\/www.la-chirurgie-esthetique-maroc.com\/es\/","name":"Chirurgie esthetique Maroc","description":"","publisher":{"@id":"https:\/\/www.la-chirurgie-esthetique-maroc.com\/es\/#organization"},"potentialAction":[{"@type":"SearchAction","target":{"@type":"EntryPoint","urlTemplate":"https:\/\/www.la-chirurgie-esthetique-maroc.com\/es\/?s={search_term_string}"},"query-input":{"@type":"PropertyValueSpecification","valueRequired":true,"valueName":"search_term_string"}}],"inLanguage":"es"},{"@type":"Organization","@id":"https:\/\/www.la-chirurgie-esthetique-maroc.com\/es\/#organization","name":"Chirurgie esthetique Maroc","url":"https:\/\/www.la-chirurgie-esthetique-maroc.com\/es\/","logo":{"@type":"ImageObject","inLanguage":"es","@id":"https:\/\/www.la-chirurgie-esthetique-maroc.com\/es\/#\/schema\/logo\/image\/","url":"https:\/\/www.la-chirurgie-esthetique-maroc.com\/wp-content\/uploads\/2022\/01\/cem3.png","contentUrl":"https:\/\/www.la-chirurgie-esthetique-maroc.com\/wp-content\/uploads\/2022\/01\/cem3.png","width":125,"height":41,"caption":"Chirurgie esthetique Maroc"},"image":{"@id":"https:\/\/www.la-chirurgie-esthetique-maroc.com\/es\/#\/schema\/logo\/image\/"}}]}},"_links":{"self":[{"href":"https:\/\/www.la-chirurgie-esthetique-maroc.com\/es\/wp-json\/wp\/v2\/pages\/6549","targetHints":{"allow":["GET"]}}],"collection":[{"href":"https:\/\/www.la-chirurgie-esthetique-maroc.com\/es\/wp-json\/wp\/v2\/pages"}],"about":[{"href":"https:\/\/www.la-chirurgie-esthetique-maroc.com\/es\/wp-json\/wp\/v2\/types\/page"}],"author":[{"embeddable":true,"href":"https:\/\/www.la-chirurgie-esthetique-maroc.com\/es\/wp-json\/wp\/v2\/users\/1"}],"replies":[{"embeddable":true,"href":"https:\/\/www.la-chirurgie-esthetique-maroc.com\/es\/wp-json\/wp\/v2\/comments?post=6549"}],"version-history":[{"count":10,"href":"https:\/\/www.la-chirurgie-esthetique-maroc.com\/es\/wp-json\/wp\/v2\/pages\/6549\/revisions"}],"predecessor-version":[{"id":8128,"href":"https:\/\/www.la-chirurgie-esthetique-maroc.com\/es\/wp-json\/wp\/v2\/pages\/6549\/revisions\/8128"}],"wp:featuredmedia":[{"embeddable":true,"href":"https:\/\/www.la-chirurgie-esthetique-maroc.com\/es\/wp-json\/wp\/v2\/media\/6438"}],"wp:attachment":[{"href":"https:\/\/www.la-chirurgie-esthetique-maroc.com\/es\/wp-json\/wp\/v2\/media?parent=6549"}],"curies":[{"name":"wp","href":"https:\/\/api.w.org\/{rel}","templated":true}]}}