{"id":6588,"date":"2018-01-15T11:31:59","date_gmt":"2018-01-15T10:31:59","guid":{"rendered":"https:\/\/www.la-chirurgie-esthetique-maroc.com\/lipofilling-marruecos\/"},"modified":"2024-02-22T13:28:08","modified_gmt":"2024-02-22T12:28:08","slug":"lipofilling","status":"publish","type":"page","link":"https:\/\/www.la-chirurgie-esthetique-maroc.com\/es\/lipofilling\/","title":{"rendered":"Lipofilling Marruecos"},"content":{"rendered":"\t\t<div data-elementor-type=\"wp-page\" data-elementor-id=\"6588\" class=\"elementor elementor-6588 elementor-1380\">\n\t\t\t\t\t\t<section class=\"elementor-section elementor-top-section elementor-element elementor-element-c87fe56 elementor-section-boxed elementor-section-height-default elementor-section-height-default\" data-id=\"c87fe56\" data-element_type=\"section\">\n\t\t\t\t\t\t<div class=\"elementor-container elementor-column-gap-default\">\n\t\t\t\t\t<div class=\"elementor-column elementor-col-100 elementor-top-column elementor-element elementor-element-06501b1 align_content_center\" data-id=\"06501b1\" data-element_type=\"column\">\n\t\t\t<div class=\"elementor-widget-wrap elementor-element-populated\">\n\t\t\t\t\t\t<div class=\"elementor-element elementor-element-e9841ac elementor-widget elementor-widget-text-editor\" data-id=\"e9841ac\" data-element_type=\"widget\" data-widget_type=\"text-editor.default\">\n\t\t\t\t<div class=\"elementor-widget-container\">\n\t\t\t\t\t\t\t<p><strong>El lipofilling facial Marruecos<\/strong> es un procedimiento quir\u00fargico m\u00ednimamente invasivo que se realiza con anestesia local. Consiste en transferir tejido adiposo aut\u00f3logo (del cuerpo del paciente) al rostro. El objetivo de esta operaci\u00f3n es dar m\u00e1s tono y vitalidad. <strong>El lipofilling facial<\/strong> tambi\u00e9n se utiliza para contrarrestar los efectos del envejecimiento en el rostro devolviendo el volumen que ha desaparecido con la edad.<\/p>\n\t\t\t\t\t\t<\/div>\n\t\t\t\t<\/div>\n\t\t\t\t<div class=\"elementor-element elementor-element-f7061c5 elementor-widget elementor-widget-text-editor\" data-id=\"f7061c5\" data-element_type=\"widget\" data-widget_type=\"text-editor.default\">\n\t\t\t\t<div class=\"elementor-widget-container\">\n\t\t\t\t\t\t\t<h2>Precio del lipofilling facial Marruecos<\/h2>\n<strong>El lipofilling facial en Marruecos <\/strong>es una operaci\u00f3n personalizada. El precio de este procedimiento depende de las caracter\u00edsticas espec\u00edficas de cada paciente. Solicite su presupuesto gratuito con toda la informaci\u00f3n.\t\t\t\t\t\t<\/div>\n\t\t\t\t<\/div>\n\t\t\t\t\t<\/div>\n\t\t<\/div>\n\t\t\t\t\t<\/div>\n\t\t<\/section>\n\t\t\t\t<section class=\"elementor-section elementor-top-section elementor-element elementor-element-23aa41a elementor-section-boxed elementor-section-height-default elementor-section-height-default\" data-id=\"23aa41a\" data-element_type=\"section\">\n\t\t\t\t\t\t<div class=\"elementor-container elementor-column-gap-default\">\n\t\t\t\t\t<div class=\"elementor-column elementor-col-66 elementor-top-column elementor-element elementor-element-5dabf2b\" data-id=\"5dabf2b\" data-element_type=\"column\">\n\t\t\t<div class=\"elementor-widget-wrap elementor-element-populated\">\n\t\t\t\t\t\t<div class=\"elementor-element elementor-element-7256c01 elementor-widget elementor-widget-text-editor\" data-id=\"7256c01\" data-element_type=\"widget\" data-widget_type=\"text-editor.default\">\n\t\t\t\t<div class=\"elementor-widget-container\">\n\t\t\t\t\t\t\t<h2>Presupuesto expr\u00e9s gratuito<\/h2>\n<style>\r\n.align_center {\r\n    display: block;\r\n    text-align: center;\r\n    padding: 30px 0px;\r\n}\r\n<\/style>\r\n\r\n<div>\r\n\t<h2 class=\"align_center\">Presupuesto r\u00e1pido gratuito<\/h2>\r\n<iframe src=\"https:\/\/app.metocrm.com\/web-forms\/e1cab5bd-ef56-4a37-aa71-4857d931f368\"  height=\"800px\" width=\"100%\"  frameborder=\"0\" style=\"border-radius: 10px;\"><\/iframe>\r\n\r\n<\/div>\t\t\t\t\t\t<\/div>\n\t\t\t\t<\/div>\n\t\t\t\t\t<\/div>\n\t\t<\/div>\n\t\t\t\t<div class=\"elementor-column elementor-col-33 elementor-top-column elementor-element elementor-element-77a728b\" data-id=\"77a728b\" data-element_type=\"column\">\n\t\t\t<div class=\"elementor-widget-wrap elementor-element-populated\">\n\t\t\t\t\t\t<div class=\"elementor-element elementor-element-fe0bddf elementor-widget elementor-widget-image\" data-id=\"fe0bddf\" data-element_type=\"widget\" data-widget_type=\"image.default\">\n\t\t\t\t<div class=\"elementor-widget-container\">\n\t\t\t\t\t\t\t\t\t\t\t\t\t<img fetchpriority=\"high\" decoding=\"async\" width=\"508\" height=\"554\" src=\"https:\/\/www.la-chirurgie-esthetique-maroc.com\/wp-content\/uploads\/2022\/01\/la-chirurgie-esthetique-maroc_devis-1.webp\" class=\"attachment-large size-large wp-image-6422\" alt=\"\" srcset=\"https:\/\/www.la-chirurgie-esthetique-maroc.com\/wp-content\/uploads\/2022\/01\/la-chirurgie-esthetique-maroc_devis-1.webp 508w, https:\/\/www.la-chirurgie-esthetique-maroc.com\/wp-content\/uploads\/2022\/01\/la-chirurgie-esthetique-maroc_devis-1-275x300.webp 275w\" sizes=\"(max-width: 508px) 100vw, 508px\" \/>\t\t\t\t\t\t\t\t\t\t\t\t\t<\/div>\n\t\t\t\t<\/div>\n\t\t\t\t\t<\/div>\n\t\t<\/div>\n\t\t\t\t\t<\/div>\n\t\t<\/section>\n\t\t\t\t<section class=\"elementor-section elementor-top-section elementor-element elementor-element-897cd6 bg-color forme_1  elementor-section-boxed elementor-section-height-default elementor-section-height-default\" data-id=\"897cd6\" data-element_type=\"section\">\n\t\t\t\t\t\t<div class=\"elementor-container elementor-column-gap-default\">\n\t\t\t\t\t<div class=\"elementor-column elementor-col-100 elementor-top-column elementor-element elementor-element-4d549d51\" data-id=\"4d549d51\" data-element_type=\"column\">\n\t\t\t<div class=\"elementor-widget-wrap elementor-element-populated\">\n\t\t\t\t\t\t<div class=\"elementor-element elementor-element-32eb6a7a elementor-widget elementor-widget-text-editor\" data-id=\"32eb6a7a\" data-element_type=\"widget\" data-widget_type=\"text-editor.default\">\n\t\t\t\t<div class=\"elementor-widget-container\">\n\t\t\t\t\t\t\t<h2>Procedimiento de lipofilling facial<\/h2>\nEl tratamiento comienza con una consulta inicial para identificar las zonas donantes de tejido graso y el volumen que se desea extraer. Esta consulta tambi\u00e9n brinda la oportunidad de explicar el procedimiento al paciente.\n\nLa intervenci\u00f3n se realiza en la cl\u00ednica, en quir\u00f3fano, y dura una media de 2 horas. La anestesia puede ser local o general. La elecci\u00f3n de la anestesia se realiza en funci\u00f3n del estado de salud del paciente.\n\nLa grasa suele extraerse del vientre del paciente. Centrifugada y filtrada a continuaci\u00f3n, esta grasa puede enriquecerse con c\u00e9lulas madre antes de ser reinyectada en los m\u00fasculos faciales. Las inyecciones se realizan con una aguja flexible que permite alcanzar varios puntos con la misma incisi\u00f3n. Esta incisi\u00f3n se oculta detr\u00e1s de la oreja y no deja cicatriz.\n\t\t\t\t\t\t<\/div>\n\t\t\t\t<\/div>\n\t\t\t\t<section class=\"elementor-section elementor-inner-section elementor-element elementor-element-8628c7c elementor-section-boxed elementor-section-height-default elementor-section-height-default\" data-id=\"8628c7c\" data-element_type=\"section\">\n\t\t\t\t\t\t<div class=\"elementor-container elementor-column-gap-default\">\n\t\t\t\t\t<div class=\"elementor-column elementor-col-100 elementor-inner-column elementor-element elementor-element-c1c3c5a align_content_center\" data-id=\"c1c3c5a\" data-element_type=\"column\">\n\t\t\t<div class=\"elementor-widget-wrap elementor-element-populated\">\n\t\t\t\t\t\t<div class=\"elementor-element elementor-element-5a09cd0 elementor-widget elementor-widget-text-editor\" data-id=\"5a09cd0\" data-element_type=\"widget\" data-widget_type=\"text-editor.default\">\n\t\t\t\t<div class=\"elementor-widget-container\">\n\t\t\t\t\t\t\t<h2>Complicaciones y secuelas del lipofilling facial<\/h2>\n\n\n<strong>El lipofilling facial en Marruecos <\/strong>es un procedimiento m\u00ednimamente invasivo. Expone al paciente a muy pocos riesgos o complicaciones importantes. Las secuelas m\u00e1s probables del <strong>lipofilling <\/strong>son hinchaz\u00f3n facial, inflamaci\u00f3n y\/o hematomas de las zonas liposuccionadas y costras en las zonas de incisi\u00f3n. Estos fen\u00f3menos desaparecen por completo al cabo de entre 20 d\u00edas y un mes.\t\t\t\t\t\t<\/div>\n\t\t\t\t<\/div>\n\t\t\t\t\t<\/div>\n\t\t<\/div>\n\t\t\t\t\t<\/div>\n\t\t<\/section>\n\t\t\t\t\t<\/div>\n\t\t<\/div>\n\t\t\t\t\t<\/div>\n\t\t<\/section>\n\t\t\t\t<section class=\"elementor-section elementor-top-section elementor-element elementor-element-cda4cd6 elementor-section-boxed elementor-section-height-default elementor-section-height-default\" data-id=\"cda4cd6\" data-element_type=\"section\">\n\t\t\t\t\t\t<div class=\"elementor-container elementor-column-gap-default\">\n\t\t\t\t\t<div class=\"elementor-column elementor-col-100 elementor-top-column elementor-element elementor-element-c68eed4\" data-id=\"c68eed4\" data-element_type=\"column\">\n\t\t\t<div class=\"elementor-widget-wrap elementor-element-populated\">\n\t\t\t\t\t\t<div class=\"elementor-element elementor-element-39d8ccf elementor-widget elementor-widget-text-editor\" data-id=\"39d8ccf\" data-element_type=\"widget\" data-widget_type=\"text-editor.default\">\n\t\t\t\t<div class=\"elementor-widget-container\">\n\t\t\t\t\t\t\t<h2>Resultados del lipofilling facial<\/h2>\n<strong>El lipofilling facial en<\/strong> Marruecos puede lograr resultados similares a los de<a href=\"http:\/\/www.la-chirurgie-esthetique-maroc.com\/es\/lifting-facial\/\">un lifting facial quir\u00fargico<\/a>. Elimina eficazmente la papada y la flacidez de la piel del cuello. Los p\u00e1rpados y los p\u00f3mulos se revitalizan y el contorno facial se redefine.\n\nEs bastante natural que parte del tejido graso inyectado sea reabsorbido por el organismo del paciente, lo que se traduce en una ligera p\u00e9rdida de volumen en comparaci\u00f3n con los primeros d\u00edas tras la intervenci\u00f3n. Los m\u00e9dicos inyectan m\u00e1s grasa de la necesaria para permitir la reabsorci\u00f3n. Es bastante raro que los resultados del <strong>lipofilling<\/strong> facial sean insatisfactorios. Cuando \u00e9ste sea el caso, el m\u00e9dico y el paciente pueden discutir la posibilidad de un lipofilling facial secundario.\t\t\t\t\t\t<\/div>\n\t\t\t\t<\/div>\n\t\t\t\t\t<\/div>\n\t\t<\/div>\n\t\t\t\t\t<\/div>\n\t\t<\/section>\n\t\t\t\t<section class=\"elementor-section elementor-top-section elementor-element elementor-element-314779e elementor-section-boxed elementor-section-height-default elementor-section-height-default\" data-id=\"314779e\" data-element_type=\"section\">\n\t\t\t\t\t\t<div class=\"elementor-container elementor-column-gap-default\">\n\t\t\t\t\t<div class=\"elementor-column elementor-col-100 elementor-top-column elementor-element elementor-element-9ac85ad\" data-id=\"9ac85ad\" data-element_type=\"column\">\n\t\t\t<div class=\"elementor-widget-wrap elementor-element-populated\">\n\t\t\t\t\t\t<div class=\"elementor-element elementor-element-ed7e068 center elementor-widget elementor-widget-html\" data-id=\"ed7e068\" data-element_type=\"widget\" data-widget_type=\"html.default\">\n\t\t\t\t<div class=\"elementor-widget-container\">\n\t\t\t<div class=\"btn_devis btn_intern\"><a href=\"https:\/\/www.la-chirurgie-esthetique-maroc.com\/es\/cita\/\"><span>Presupuesto gratuito<\/span><\/a><\/div>\t\t<\/div>\n\t\t\t\t<\/div>\n\t\t\t\t\t<\/div>\n\t\t<\/div>\n\t\t\t\t\t<\/div>\n\t\t<\/section>\n\t\t\t\t<\/div>\n\t\t","protected":false},"excerpt":{"rendered":"<p>El lipofilling facial Marruecos es un procedimiento quir\u00fargico m\u00ednimamente invasivo que se realiza con anestesia local. Consiste en transferir tejido adiposo aut\u00f3logo (del cuerpo del paciente) al rostro. El objetivo de esta operaci\u00f3n es dar m\u00e1s tono y vitalidad. El lipofilling facial tambi\u00e9n se utiliza para contrarrestar los efectos del envejecimiento en el rostro devolviendo [&hellip;]<\/p>\n","protected":false},"author":2,"featured_media":6425,"parent":0,"menu_order":0,"comment_status":"closed","ping_status":"closed","template":"","meta":{"footnotes":""},"class_list":["post-6588","page","type-page","status-publish","has-post-thumbnail","hentry"],"yoast_head":"<!-- This site is optimized with the Yoast SEO plugin v27.4 - https:\/\/yoast.com\/product\/yoast-seo-wordpress\/ -->\n<title>Lipofilling Marruecos : precio de la inyecci\u00f3n de grasa para remodelar la cara<\/title>\n<meta name=\"description\" content=\"Lipofilling Marruecos: rejuvenecer el rostro y borrar los efectos del envejecimiento mediante la inyecci\u00f3n de grasa. Precios baratos con presupuesto\" \/>\n<meta name=\"robots\" content=\"index, follow, max-snippet:-1, max-image-preview:large, max-video-preview:-1\" \/>\n<link rel=\"canonical\" href=\"https:\/\/www.la-chirurgie-esthetique-maroc.com\/es\/lipofilling\/\" \/>\n<meta property=\"og:locale\" content=\"es_ES\" \/>\n<meta property=\"og:type\" content=\"article\" \/>\n<meta property=\"og:title\" content=\"Lipofilling Marruecos : precio de la inyecci\u00f3n de grasa para remodelar la cara\" \/>\n<meta property=\"og:description\" content=\"Lipofilling Marruecos: rejuvenecer el rostro y borrar los efectos del envejecimiento mediante la inyecci\u00f3n de grasa. Precios baratos con presupuesto\" \/>\n<meta property=\"og:url\" content=\"https:\/\/www.la-chirurgie-esthetique-maroc.com\/es\/lipofilling\/\" \/>\n<meta property=\"og:site_name\" content=\"Chirurgie esthetique Maroc\" \/>\n<meta property=\"article:modified_time\" content=\"2024-02-22T12:28:08+00:00\" \/>\n<meta property=\"og:image\" content=\"https:\/\/www.la-chirurgie-esthetique-maroc.com\/wp-content\/uploads\/2022\/01\/header_visage.png\" \/>\n\t<meta property=\"og:image:width\" content=\"552\" \/>\n\t<meta property=\"og:image:height\" content=\"612\" \/>\n\t<meta property=\"og:image:type\" content=\"image\/png\" \/>\n<meta name=\"twitter:card\" content=\"summary_large_image\" \/>\n<meta name=\"twitter:label1\" content=\"Tiempo de lectura\" \/>\n\t<meta name=\"twitter:data1\" content=\"3 minutos\" \/>\n<!-- \/ Yoast SEO plugin. -->","yoast_head_json":{"title":"Lipofilling Marruecos : precio de la inyecci\u00f3n de grasa para remodelar la cara","description":"Lipofilling Marruecos: rejuvenecer el rostro y borrar los efectos del envejecimiento mediante la inyecci\u00f3n de grasa. Precios baratos con presupuesto","robots":{"index":"index","follow":"follow","max-snippet":"max-snippet:-1","max-image-preview":"max-image-preview:large","max-video-preview":"max-video-preview:-1"},"canonical":"https:\/\/www.la-chirurgie-esthetique-maroc.com\/es\/lipofilling\/","og_locale":"es_ES","og_type":"article","og_title":"Lipofilling Marruecos : precio de la inyecci\u00f3n de grasa para remodelar la cara","og_description":"Lipofilling Marruecos: rejuvenecer el rostro y borrar los efectos del envejecimiento mediante la inyecci\u00f3n de grasa. Precios baratos con presupuesto","og_url":"https:\/\/www.la-chirurgie-esthetique-maroc.com\/es\/lipofilling\/","og_site_name":"Chirurgie esthetique Maroc","article_modified_time":"2024-02-22T12:28:08+00:00","og_image":[{"width":552,"height":612,"url":"https:\/\/www.la-chirurgie-esthetique-maroc.com\/wp-content\/uploads\/2022\/01\/header_visage.png","type":"image\/png"}],"twitter_card":"summary_large_image","twitter_misc":{"Tiempo de lectura":"3 minutos"},"schema":{"@context":"https:\/\/schema.org","@graph":[{"@type":"WebPage","@id":"https:\/\/www.la-chirurgie-esthetique-maroc.com\/es\/lipofilling\/","url":"https:\/\/www.la-chirurgie-esthetique-maroc.com\/es\/lipofilling\/","name":"Lipofilling Marruecos : precio de la inyecci\u00f3n de grasa para remodelar la cara","isPartOf":{"@id":"https:\/\/www.la-chirurgie-esthetique-maroc.com\/es\/#website"},"primaryImageOfPage":{"@id":"https:\/\/www.la-chirurgie-esthetique-maroc.com\/es\/lipofilling\/#primaryimage"},"image":{"@id":"https:\/\/www.la-chirurgie-esthetique-maroc.com\/es\/lipofilling\/#primaryimage"},"thumbnailUrl":"https:\/\/www.la-chirurgie-esthetique-maroc.com\/wp-content\/uploads\/2022\/01\/header_visage.png","datePublished":"2018-01-15T10:31:59+00:00","dateModified":"2024-02-22T12:28:08+00:00","description":"Lipofilling Marruecos: rejuvenecer el rostro y borrar los efectos del envejecimiento mediante la inyecci\u00f3n de grasa. Precios baratos con presupuesto","breadcrumb":{"@id":"https:\/\/www.la-chirurgie-esthetique-maroc.com\/es\/lipofilling\/#breadcrumb"},"inLanguage":"es","potentialAction":[{"@type":"ReadAction","target":["https:\/\/www.la-chirurgie-esthetique-maroc.com\/es\/lipofilling\/"]}]},{"@type":"ImageObject","inLanguage":"es","@id":"https:\/\/www.la-chirurgie-esthetique-maroc.com\/es\/lipofilling\/#primaryimage","url":"https:\/\/www.la-chirurgie-esthetique-maroc.com\/wp-content\/uploads\/2022\/01\/header_visage.png","contentUrl":"https:\/\/www.la-chirurgie-esthetique-maroc.com\/wp-content\/uploads\/2022\/01\/header_visage.png","width":552,"height":612},{"@type":"BreadcrumbList","@id":"https:\/\/www.la-chirurgie-esthetique-maroc.com\/es\/lipofilling\/#breadcrumb","itemListElement":[{"@type":"ListItem","position":1,"name":"Accueil","item":"https:\/\/www.la-chirurgie-esthetique-maroc.com\/es\/"},{"@type":"ListItem","position":2,"name":"Lipofilling Marruecos"}]},{"@type":"WebSite","@id":"https:\/\/www.la-chirurgie-esthetique-maroc.com\/es\/#website","url":"https:\/\/www.la-chirurgie-esthetique-maroc.com\/es\/","name":"Chirurgie esthetique Maroc","description":"","publisher":{"@id":"https:\/\/www.la-chirurgie-esthetique-maroc.com\/es\/#organization"},"potentialAction":[{"@type":"SearchAction","target":{"@type":"EntryPoint","urlTemplate":"https:\/\/www.la-chirurgie-esthetique-maroc.com\/es\/?s={search_term_string}"},"query-input":{"@type":"PropertyValueSpecification","valueRequired":true,"valueName":"search_term_string"}}],"inLanguage":"es"},{"@type":"Organization","@id":"https:\/\/www.la-chirurgie-esthetique-maroc.com\/es\/#organization","name":"Chirurgie esthetique Maroc","url":"https:\/\/www.la-chirurgie-esthetique-maroc.com\/es\/","logo":{"@type":"ImageObject","inLanguage":"es","@id":"https:\/\/www.la-chirurgie-esthetique-maroc.com\/es\/#\/schema\/logo\/image\/","url":"https:\/\/www.la-chirurgie-esthetique-maroc.com\/wp-content\/uploads\/2022\/01\/cem3.png","contentUrl":"https:\/\/www.la-chirurgie-esthetique-maroc.com\/wp-content\/uploads\/2022\/01\/cem3.png","width":125,"height":41,"caption":"Chirurgie esthetique Maroc"},"image":{"@id":"https:\/\/www.la-chirurgie-esthetique-maroc.com\/es\/#\/schema\/logo\/image\/"}}]}},"_links":{"self":[{"href":"https:\/\/www.la-chirurgie-esthetique-maroc.com\/es\/wp-json\/wp\/v2\/pages\/6588","targetHints":{"allow":["GET"]}}],"collection":[{"href":"https:\/\/www.la-chirurgie-esthetique-maroc.com\/es\/wp-json\/wp\/v2\/pages"}],"about":[{"href":"https:\/\/www.la-chirurgie-esthetique-maroc.com\/es\/wp-json\/wp\/v2\/types\/page"}],"author":[{"embeddable":true,"href":"https:\/\/www.la-chirurgie-esthetique-maroc.com\/es\/wp-json\/wp\/v2\/users\/2"}],"replies":[{"embeddable":true,"href":"https:\/\/www.la-chirurgie-esthetique-maroc.com\/es\/wp-json\/wp\/v2\/comments?post=6588"}],"version-history":[{"count":13,"href":"https:\/\/www.la-chirurgie-esthetique-maroc.com\/es\/wp-json\/wp\/v2\/pages\/6588\/revisions"}],"predecessor-version":[{"id":8392,"href":"https:\/\/www.la-chirurgie-esthetique-maroc.com\/es\/wp-json\/wp\/v2\/pages\/6588\/revisions\/8392"}],"wp:featuredmedia":[{"embeddable":true,"href":"https:\/\/www.la-chirurgie-esthetique-maroc.com\/es\/wp-json\/wp\/v2\/media\/6425"}],"wp:attachment":[{"href":"https:\/\/www.la-chirurgie-esthetique-maroc.com\/es\/wp-json\/wp\/v2\/media?parent=6588"}],"curies":[{"name":"wp","href":"https:\/\/api.w.org\/{rel}","templated":true}]}}