{"id":6593,"date":"2016-06-23T14:22:45","date_gmt":"2016-06-23T12:22:45","guid":{"rendered":"https:\/\/www.la-chirurgie-esthetique-maroc.com\/blefaroplastia-marruecos\/"},"modified":"2024-02-22T13:29:03","modified_gmt":"2024-02-22T12:29:03","slug":"blefaroplastia","status":"publish","type":"page","link":"https:\/\/www.la-chirurgie-esthetique-maroc.com\/es\/blefaroplastia\/","title":{"rendered":"Blefaroplastia Marruecos"},"content":{"rendered":"\t\t<div data-elementor-type=\"wp-page\" data-elementor-id=\"6593\" class=\"elementor elementor-6593 elementor-27\">\n\t\t\t\t\t\t<section class=\"elementor-section elementor-top-section elementor-element elementor-element-0c8a9d8 elementor-section-boxed elementor-section-height-default elementor-section-height-default\" data-id=\"0c8a9d8\" data-element_type=\"section\">\n\t\t\t\t\t\t<div class=\"elementor-container elementor-column-gap-default\">\n\t\t\t\t\t<div class=\"elementor-column elementor-col-100 elementor-top-column elementor-element elementor-element-fd43917 align_content_center\" data-id=\"fd43917\" data-element_type=\"column\">\n\t\t\t<div class=\"elementor-widget-wrap elementor-element-populated\">\n\t\t\t\t\t\t<div class=\"elementor-element elementor-element-e062cd2 elementor-widget elementor-widget-text-editor\" data-id=\"e062cd2\" data-element_type=\"widget\" data-widget_type=\"text-editor.default\">\n\t\t\t\t<div class=\"elementor-widget-container\">\n\t\t\t\t\t\t\t<strong>Blefaroplastia Marruecos<\/strong> es la cirug\u00eda reconstructiva facial que proporciona la soluci\u00f3n mediante la eliminaci\u00f3n de las bolsas de grasa, as\u00ed como la flacidez de la piel para revitalizar y rejuvenecer los ojos. Las bolsas de grasa en los p\u00e1rpados superiores e inferiores son la causa de una mirada descolorida y cansada. Esto se refleja en el juicio y la autopercepci\u00f3n de la persona.\n\nEn nuestra cl\u00ednica ejercen los mejores cirujanos tunecinos especializados en <strong>blefaroplastia<\/strong>, con una calidad asistencial y un apoyo sin igual en toda la regi\u00f3n mediterr\u00e1nea.\t\t\t\t\t\t<\/div>\n\t\t\t\t<\/div>\n\t\t\t\t<div class=\"elementor-element elementor-element-2b06dbf elementor-widget elementor-widget-text-editor\" data-id=\"2b06dbf\" data-element_type=\"widget\" data-widget_type=\"text-editor.default\">\n\t\t\t\t<div class=\"elementor-widget-container\">\n\t\t\t\t\t\t\t<h2>Precio de la blefaroplastia Marruecos<\/h2>\nNuestra cl\u00ednica le ofrece <strong>precios de blefaroplastia en Marruecos<\/strong> con estancia est\u00e9tica todo incluido en un hotel de lujo durante 5 noches y 6 d\u00edas. Tambi\u00e9n ofrecemos un presupuesto gratuito para los detalles de su cirug\u00eda de p\u00e1rpados. P\u00f3ngase en contacto con nosotros por tel\u00e9fono o correo electr\u00f3nico para consultar los precios en dinares.\nEstas son las tarifas de la blefaroplastia con todo incluido.\t\t\t\t\t\t<\/div>\n\t\t\t\t<\/div>\n\t\t\t\t\t<\/div>\n\t\t<\/div>\n\t\t\t\t\t<\/div>\n\t\t<\/section>\n\t\t\t\t<section class=\"elementor-section elementor-top-section elementor-element elementor-element-80b7567 elementor-section-boxed elementor-section-height-default elementor-section-height-default\" data-id=\"80b7567\" data-element_type=\"section\">\n\t\t\t\t\t\t<div class=\"elementor-container elementor-column-gap-default\">\n\t\t\t\t\t<div class=\"elementor-column elementor-col-66 elementor-top-column elementor-element elementor-element-bce1e15\" data-id=\"bce1e15\" data-element_type=\"column\">\n\t\t\t<div class=\"elementor-widget-wrap elementor-element-populated\">\n\t\t\t\t\t\t<div class=\"elementor-element elementor-element-e95633a elementor-widget elementor-widget-text-editor\" data-id=\"e95633a\" data-element_type=\"widget\" data-widget_type=\"text-editor.default\">\n\t\t\t\t<div class=\"elementor-widget-container\">\n\t\t\t\t\t\t\t<h2>Presupuesto expr\u00e9s gratuito<\/h2>\n<style>\r\n.align_center {\r\n    display: block;\r\n    text-align: center;\r\n    padding: 30px 0px;\r\n}\r\n<\/style>\r\n\r\n<div>\r\n\t<h2 class=\"align_center\">Presupuesto r\u00e1pido gratuito<\/h2>\r\n<iframe src=\"https:\/\/app.metocrm.com\/web-forms\/e1cab5bd-ef56-4a37-aa71-4857d931f368\"  height=\"800px\" width=\"100%\"  frameborder=\"0\" style=\"border-radius: 10px;\"><\/iframe>\r\n\r\n<\/div>\t\t\t\t\t\t<\/div>\n\t\t\t\t<\/div>\n\t\t\t\t\t<\/div>\n\t\t<\/div>\n\t\t\t\t<div class=\"elementor-column elementor-col-33 elementor-top-column elementor-element elementor-element-d9eb571\" data-id=\"d9eb571\" data-element_type=\"column\">\n\t\t\t<div class=\"elementor-widget-wrap elementor-element-populated\">\n\t\t\t\t\t\t<div class=\"elementor-element elementor-element-a554952 elementor-widget elementor-widget-image\" data-id=\"a554952\" data-element_type=\"widget\" data-widget_type=\"image.default\">\n\t\t\t\t<div class=\"elementor-widget-container\">\n\t\t\t\t\t\t\t\t\t\t\t\t\t<img fetchpriority=\"high\" decoding=\"async\" width=\"508\" height=\"554\" src=\"https:\/\/www.la-chirurgie-esthetique-maroc.com\/wp-content\/uploads\/2022\/01\/la-chirurgie-esthetique-maroc_devis-1.webp\" class=\"attachment-large size-large wp-image-6422\" alt=\"\" srcset=\"https:\/\/www.la-chirurgie-esthetique-maroc.com\/wp-content\/uploads\/2022\/01\/la-chirurgie-esthetique-maroc_devis-1.webp 508w, https:\/\/www.la-chirurgie-esthetique-maroc.com\/wp-content\/uploads\/2022\/01\/la-chirurgie-esthetique-maroc_devis-1-275x300.webp 275w\" sizes=\"(max-width: 508px) 100vw, 508px\" \/>\t\t\t\t\t\t\t\t\t\t\t\t\t<\/div>\n\t\t\t\t<\/div>\n\t\t\t\t\t<\/div>\n\t\t<\/div>\n\t\t\t\t\t<\/div>\n\t\t<\/section>\n\t\t\t\t<section class=\"elementor-section elementor-top-section elementor-element elementor-element-723fecf bg-color forme_1  elementor-section-boxed elementor-section-height-default elementor-section-height-default\" data-id=\"723fecf\" data-element_type=\"section\">\n\t\t\t\t\t\t<div class=\"elementor-container elementor-column-gap-default\">\n\t\t\t\t\t<div class=\"elementor-column elementor-col-100 elementor-top-column elementor-element elementor-element-c5bd0aa\" data-id=\"c5bd0aa\" data-element_type=\"column\">\n\t\t\t<div class=\"elementor-widget-wrap elementor-element-populated\">\n\t\t\t\t\t\t<div class=\"elementor-element elementor-element-49c6288 elementor-widget elementor-widget-text-editor\" data-id=\"49c6288\" data-element_type=\"widget\" data-widget_type=\"text-editor.default\">\n\t\t\t\t<div class=\"elementor-widget-container\">\n\t\t\t\t\t\t\t<h2>Proceso de la operaci\u00f3n<\/h2><p>Un examen oftalmol\u00f3gico exhaustivo constituye la base de las revisiones preoperatorias. Se trata de un chequeo para validar el tratamiento final del paciente y detectar patolog\u00edas oculares. A partir de los cuarenta a\u00f1os, la <strong>blefaroplastia en Marruecos<\/strong> se realiza tanto en hombres como en mujeres.<\/p><p>Bajo anestesia local, general o fuerte seg\u00fan el paciente y la profundidad de las imperfecciones, la <strong>blefaroplastia<\/strong> se realiza a base de incisiones:<\/p><ul class=\"liste-page\"><li>1 a 2 mm bajo las pesta\u00f1as para los p\u00e1rpados inferiores<\/li><li>Entre las partes m\u00f3viles y fijas del p\u00e1rpado superior<\/li><\/ul><p>La duraci\u00f3n var\u00eda de media hora a 2 horas, en funci\u00f3n del n\u00famero de p\u00e1rpados que haya que operar y de la interferencia con otros procedimientos quir\u00fargicos<a href=\"https:\/\/www.la-chirurgie-esthetique-maroc.com\/es\/rinoplastia\/\">(rinoplastia<\/a>, por ejemplo). Se extirpa el exceso de m\u00fasculo y piel que se ha desprendido, as\u00ed como las hernias grasas, y las suturas suelen realizarse con hilos muy finos no reabsorbibles.<\/p>\t\t\t\t\t\t<\/div>\n\t\t\t\t<\/div>\n\t\t\t\t\t<\/div>\n\t\t<\/div>\n\t\t\t\t\t<\/div>\n\t\t<\/section>\n\t\t\t\t<section class=\"elementor-section elementor-top-section elementor-element elementor-element-745edcdd elementor-section-boxed elementor-section-height-default elementor-section-height-default\" data-id=\"745edcdd\" data-element_type=\"section\">\n\t\t\t\t\t\t<div class=\"elementor-container elementor-column-gap-default\">\n\t\t\t\t\t<div class=\"elementor-column elementor-col-100 elementor-top-column elementor-element elementor-element-1a022cfb\" data-id=\"1a022cfb\" data-element_type=\"column\">\n\t\t\t<div class=\"elementor-widget-wrap elementor-element-populated\">\n\t\t\t\t\t\t<div class=\"elementor-element elementor-element-509a2f8c elementor-widget elementor-widget-text-editor\" data-id=\"509a2f8c\" data-element_type=\"widget\" data-widget_type=\"text-editor.default\">\n\t\t\t\t<div class=\"elementor-widget-container\">\n\t\t\t\t\t\t\t<h2>Resultados de <strong>la blefaroplastia<\/strong><\/h2><p>Las secuelas de la operaci\u00f3n se caracterizan por lagrimeo, hinchaz\u00f3n, hematomas y una ligera irritaci\u00f3n de los ojos. La operaci\u00f3n no es muy dolorosa, se recetan analg\u00e9sicos simples a la salida del quir\u00f3fano. Las suturas pueden retirarse finalmente a los 3 \u00f3 6 d\u00edas de la operaci\u00f3n.<\/p><p>Los tejidos recuperan su flexibilidad y las cicatrices desaparecen entre 3 y 6 meses despu\u00e9s de la cirug\u00eda de p\u00e1rpados en T\u00fanez. Es despu\u00e9s de este periodo cuando se puede apreciar el resultado final. Una nueva intervenci\u00f3n podr\u00eda plantearse una docena de a\u00f1os despu\u00e9s.<\/p>\t\t\t\t\t\t<\/div>\n\t\t\t\t<\/div>\n\t\t\t\t\t<\/div>\n\t\t<\/div>\n\t\t\t\t\t<\/div>\n\t\t<\/section>\n\t\t\t\t<section class=\"elementor-section elementor-top-section elementor-element elementor-element-8bf316b elementor-section-boxed elementor-section-height-default elementor-section-height-default\" data-id=\"8bf316b\" data-element_type=\"section\">\n\t\t\t\t\t\t<div class=\"elementor-container elementor-column-gap-default\">\n\t\t\t\t\t<div class=\"elementor-column elementor-col-100 elementor-top-column elementor-element elementor-element-f5b8a93\" data-id=\"f5b8a93\" data-element_type=\"column\">\n\t\t\t<div class=\"elementor-widget-wrap elementor-element-populated\">\n\t\t\t\t\t\t<div class=\"elementor-element elementor-element-d753515 center elementor-widget elementor-widget-html\" data-id=\"d753515\" data-element_type=\"widget\" data-widget_type=\"html.default\">\n\t\t\t\t<div class=\"elementor-widget-container\">\n\t\t\t<div class=\"btn_devis btn_intern\"><a href=\"https:\/\/www.la-chirurgie-esthetique-maroc.com\/es\/cita\/\"><span>Presupuesto gratuito<\/span><\/a><\/div>\t\t<\/div>\n\t\t\t\t<\/div>\n\t\t\t\t\t<\/div>\n\t\t<\/div>\n\t\t\t\t\t<\/div>\n\t\t<\/section>\n\t\t\t\t<\/div>\n\t\t","protected":false},"excerpt":{"rendered":"<p>Blefaroplastia Marruecos es la cirug\u00eda reconstructiva facial que proporciona la soluci\u00f3n mediante la eliminaci\u00f3n de las bolsas de grasa, as\u00ed como la flacidez de la piel para revitalizar y rejuvenecer los ojos. Las bolsas de grasa en los p\u00e1rpados superiores e inferiores son la causa de una mirada descolorida y cansada. Esto se refleja en [&hellip;]<\/p>\n","protected":false},"author":1,"featured_media":6425,"parent":0,"menu_order":0,"comment_status":"closed","ping_status":"closed","template":"","meta":{"footnotes":""},"class_list":["post-6593","page","type-page","status-publish","has-post-thumbnail","hentry"],"yoast_head":"<!-- This site is optimized with the Yoast SEO plugin v27.4 - https:\/\/yoast.com\/product\/yoast-seo-wordpress\/ -->\n<title>Blefaroplastia Marruecos: rejuvenecer los p\u00e1rpados con un precio barato<\/title>\n<meta name=\"description\" content=\"Blefaroplastia Marruecos: cirug\u00eda est\u00e9tica de los p\u00e1rpados para eliminar las bolsas de grasa y rejuvenecer los ojos con un precio barato.\" \/>\n<meta name=\"robots\" content=\"index, follow, max-snippet:-1, max-image-preview:large, max-video-preview:-1\" \/>\n<link rel=\"canonical\" href=\"https:\/\/www.la-chirurgie-esthetique-maroc.com\/es\/blefaroplastia\/\" \/>\n<meta property=\"og:locale\" content=\"es_ES\" \/>\n<meta property=\"og:type\" content=\"article\" \/>\n<meta property=\"og:title\" content=\"Blefaroplastia Marruecos: rejuvenecer los p\u00e1rpados con un precio barato\" \/>\n<meta property=\"og:description\" content=\"Blefaroplastia Marruecos: cirug\u00eda est\u00e9tica de los p\u00e1rpados para eliminar las bolsas de grasa y rejuvenecer los ojos con un precio barato.\" \/>\n<meta property=\"og:url\" content=\"https:\/\/www.la-chirurgie-esthetique-maroc.com\/es\/blefaroplastia\/\" \/>\n<meta property=\"og:site_name\" content=\"Chirurgie esthetique Maroc\" \/>\n<meta property=\"article:modified_time\" content=\"2024-02-22T12:29:03+00:00\" \/>\n<meta property=\"og:image\" content=\"https:\/\/www.la-chirurgie-esthetique-maroc.com\/wp-content\/uploads\/2022\/01\/header_visage.png\" \/>\n\t<meta property=\"og:image:width\" content=\"552\" \/>\n\t<meta property=\"og:image:height\" content=\"612\" \/>\n\t<meta property=\"og:image:type\" content=\"image\/png\" \/>\n<meta name=\"twitter:card\" content=\"summary_large_image\" \/>\n<meta name=\"twitter:label1\" content=\"Tiempo de lectura\" \/>\n\t<meta name=\"twitter:data1\" content=\"3 minutos\" \/>\n<!-- \/ Yoast SEO plugin. -->","yoast_head_json":{"title":"Blefaroplastia Marruecos: rejuvenecer los p\u00e1rpados con un precio barato","description":"Blefaroplastia Marruecos: cirug\u00eda est\u00e9tica de los p\u00e1rpados para eliminar las bolsas de grasa y rejuvenecer los ojos con un precio barato.","robots":{"index":"index","follow":"follow","max-snippet":"max-snippet:-1","max-image-preview":"max-image-preview:large","max-video-preview":"max-video-preview:-1"},"canonical":"https:\/\/www.la-chirurgie-esthetique-maroc.com\/es\/blefaroplastia\/","og_locale":"es_ES","og_type":"article","og_title":"Blefaroplastia Marruecos: rejuvenecer los p\u00e1rpados con un precio barato","og_description":"Blefaroplastia Marruecos: cirug\u00eda est\u00e9tica de los p\u00e1rpados para eliminar las bolsas de grasa y rejuvenecer los ojos con un precio barato.","og_url":"https:\/\/www.la-chirurgie-esthetique-maroc.com\/es\/blefaroplastia\/","og_site_name":"Chirurgie esthetique Maroc","article_modified_time":"2024-02-22T12:29:03+00:00","og_image":[{"width":552,"height":612,"url":"https:\/\/www.la-chirurgie-esthetique-maroc.com\/wp-content\/uploads\/2022\/01\/header_visage.png","type":"image\/png"}],"twitter_card":"summary_large_image","twitter_misc":{"Tiempo de lectura":"3 minutos"},"schema":{"@context":"https:\/\/schema.org","@graph":[{"@type":"WebPage","@id":"https:\/\/www.la-chirurgie-esthetique-maroc.com\/es\/blefaroplastia\/","url":"https:\/\/www.la-chirurgie-esthetique-maroc.com\/es\/blefaroplastia\/","name":"Blefaroplastia Marruecos: rejuvenecer los p\u00e1rpados con un precio barato","isPartOf":{"@id":"https:\/\/www.la-chirurgie-esthetique-maroc.com\/es\/#website"},"primaryImageOfPage":{"@id":"https:\/\/www.la-chirurgie-esthetique-maroc.com\/es\/blefaroplastia\/#primaryimage"},"image":{"@id":"https:\/\/www.la-chirurgie-esthetique-maroc.com\/es\/blefaroplastia\/#primaryimage"},"thumbnailUrl":"https:\/\/www.la-chirurgie-esthetique-maroc.com\/wp-content\/uploads\/2022\/01\/header_visage.png","datePublished":"2016-06-23T12:22:45+00:00","dateModified":"2024-02-22T12:29:03+00:00","description":"Blefaroplastia Marruecos: cirug\u00eda est\u00e9tica de los p\u00e1rpados para eliminar las bolsas de grasa y rejuvenecer los ojos con un precio barato.","breadcrumb":{"@id":"https:\/\/www.la-chirurgie-esthetique-maroc.com\/es\/blefaroplastia\/#breadcrumb"},"inLanguage":"es","potentialAction":[{"@type":"ReadAction","target":["https:\/\/www.la-chirurgie-esthetique-maroc.com\/es\/blefaroplastia\/"]}]},{"@type":"ImageObject","inLanguage":"es","@id":"https:\/\/www.la-chirurgie-esthetique-maroc.com\/es\/blefaroplastia\/#primaryimage","url":"https:\/\/www.la-chirurgie-esthetique-maroc.com\/wp-content\/uploads\/2022\/01\/header_visage.png","contentUrl":"https:\/\/www.la-chirurgie-esthetique-maroc.com\/wp-content\/uploads\/2022\/01\/header_visage.png","width":552,"height":612},{"@type":"BreadcrumbList","@id":"https:\/\/www.la-chirurgie-esthetique-maroc.com\/es\/blefaroplastia\/#breadcrumb","itemListElement":[{"@type":"ListItem","position":1,"name":"Accueil","item":"https:\/\/www.la-chirurgie-esthetique-maroc.com\/es\/"},{"@type":"ListItem","position":2,"name":"Blefaroplastia Marruecos"}]},{"@type":"WebSite","@id":"https:\/\/www.la-chirurgie-esthetique-maroc.com\/es\/#website","url":"https:\/\/www.la-chirurgie-esthetique-maroc.com\/es\/","name":"Chirurgie esthetique Maroc","description":"","publisher":{"@id":"https:\/\/www.la-chirurgie-esthetique-maroc.com\/es\/#organization"},"potentialAction":[{"@type":"SearchAction","target":{"@type":"EntryPoint","urlTemplate":"https:\/\/www.la-chirurgie-esthetique-maroc.com\/es\/?s={search_term_string}"},"query-input":{"@type":"PropertyValueSpecification","valueRequired":true,"valueName":"search_term_string"}}],"inLanguage":"es"},{"@type":"Organization","@id":"https:\/\/www.la-chirurgie-esthetique-maroc.com\/es\/#organization","name":"Chirurgie esthetique Maroc","url":"https:\/\/www.la-chirurgie-esthetique-maroc.com\/es\/","logo":{"@type":"ImageObject","inLanguage":"es","@id":"https:\/\/www.la-chirurgie-esthetique-maroc.com\/es\/#\/schema\/logo\/image\/","url":"https:\/\/www.la-chirurgie-esthetique-maroc.com\/wp-content\/uploads\/2022\/01\/cem3.png","contentUrl":"https:\/\/www.la-chirurgie-esthetique-maroc.com\/wp-content\/uploads\/2022\/01\/cem3.png","width":125,"height":41,"caption":"Chirurgie esthetique Maroc"},"image":{"@id":"https:\/\/www.la-chirurgie-esthetique-maroc.com\/es\/#\/schema\/logo\/image\/"}}]}},"_links":{"self":[{"href":"https:\/\/www.la-chirurgie-esthetique-maroc.com\/es\/wp-json\/wp\/v2\/pages\/6593","targetHints":{"allow":["GET"]}}],"collection":[{"href":"https:\/\/www.la-chirurgie-esthetique-maroc.com\/es\/wp-json\/wp\/v2\/pages"}],"about":[{"href":"https:\/\/www.la-chirurgie-esthetique-maroc.com\/es\/wp-json\/wp\/v2\/types\/page"}],"author":[{"embeddable":true,"href":"https:\/\/www.la-chirurgie-esthetique-maroc.com\/es\/wp-json\/wp\/v2\/users\/1"}],"replies":[{"embeddable":true,"href":"https:\/\/www.la-chirurgie-esthetique-maroc.com\/es\/wp-json\/wp\/v2\/comments?post=6593"}],"version-history":[{"count":13,"href":"https:\/\/www.la-chirurgie-esthetique-maroc.com\/es\/wp-json\/wp\/v2\/pages\/6593\/revisions"}],"predecessor-version":[{"id":8395,"href":"https:\/\/www.la-chirurgie-esthetique-maroc.com\/es\/wp-json\/wp\/v2\/pages\/6593\/revisions\/8395"}],"wp:featuredmedia":[{"embeddable":true,"href":"https:\/\/www.la-chirurgie-esthetique-maroc.com\/es\/wp-json\/wp\/v2\/media\/6425"}],"wp:attachment":[{"href":"https:\/\/www.la-chirurgie-esthetique-maroc.com\/es\/wp-json\/wp\/v2\/media?parent=6593"}],"curies":[{"name":"wp","href":"https:\/\/api.w.org\/{rel}","templated":true}]}}