{"id":6597,"date":"2016-06-23T14:26:43","date_gmt":"2016-06-23T12:26:43","guid":{"rendered":"https:\/\/www.la-chirurgie-esthetique-maroc.com\/precio-rinoplastia-marruecos-vs-precio-rinoplastia-tunez\/"},"modified":"2024-02-22T13:29:50","modified_gmt":"2024-02-22T12:29:50","slug":"rinoplastia","status":"publish","type":"page","link":"https:\/\/www.la-chirurgie-esthetique-maroc.com\/es\/rinoplastia\/","title":{"rendered":"Precio rinoplastia Marruecos vs Precio rinoplastia T\u00fanez"},"content":{"rendered":"\t\t<div data-elementor-type=\"wp-page\" data-elementor-id=\"6597\" class=\"elementor elementor-6597 elementor-31\">\n\t\t\t\t\t\t<section class=\"elementor-section elementor-top-section elementor-element elementor-element-3184720 elementor-section-boxed elementor-section-height-default elementor-section-height-default\" data-id=\"3184720\" data-element_type=\"section\">\n\t\t\t\t\t\t<div class=\"elementor-container elementor-column-gap-default\">\n\t\t\t\t\t<div class=\"elementor-column elementor-col-100 elementor-top-column elementor-element elementor-element-2487e70\" data-id=\"2487e70\" data-element_type=\"column\">\n\t\t\t<div class=\"elementor-widget-wrap elementor-element-populated\">\n\t\t\t\t\t\t<div class=\"elementor-element elementor-element-ebadff3 elementor-widget elementor-widget-text-editor\" data-id=\"ebadff3\" data-element_type=\"widget\" data-widget_type=\"text-editor.default\">\n\t\t\t\t<div class=\"elementor-widget-container\">\n\t\t\t\t\t\t\t\nLa <strong>rinoplastia en Marruecos y T\u00fanez <\/strong>es una cirug\u00eda est\u00e9tica y reconstructiva de la cara realizada en nuestra cl\u00ednica. El objetivo es modificar la forma de la nariz para conseguir una armon\u00eda est\u00e9tica, al tiempo que se pone fin a los problemas respiratorios si existen.\n\nSe puede obtener la forma deseada de la nariz sin cicatrices visibles y con un aspecto natural que armoniza con la forma de la cara. Las t\u00e9cnicas de cirug\u00eda est\u00e9tica y reconstructiva de la nariz o rinoplastia se benefician de la experiencia y los conocimientos perfeccionados por una larga pr\u00e1ctica.\n\nSolicite su presupuesto gratuito a nuestra cl\u00ednica para comparar nuestra oferta de estancia m\u00e9dica todo incluido en T\u00fanez y las ofertas en Marruecos.\t\t\t\t\t\t<\/div>\n\t\t\t\t<\/div>\n\t\t\t\t\t<\/div>\n\t\t<\/div>\n\t\t\t\t\t<\/div>\n\t\t<\/section>\n\t\t\t\t<section class=\"elementor-section elementor-top-section elementor-element elementor-element-c002d06 elementor-section-boxed elementor-section-height-default elementor-section-height-default\" data-id=\"c002d06\" data-element_type=\"section\">\n\t\t\t\t\t\t<div class=\"elementor-container elementor-column-gap-default\">\n\t\t\t\t\t<div class=\"elementor-column elementor-col-66 elementor-top-column elementor-element elementor-element-05a6668\" data-id=\"05a6668\" data-element_type=\"column\">\n\t\t\t<div class=\"elementor-widget-wrap elementor-element-populated\">\n\t\t\t\t\t\t<div class=\"elementor-element elementor-element-b26cc4e elementor-widget elementor-widget-text-editor\" data-id=\"b26cc4e\" data-element_type=\"widget\" data-widget_type=\"text-editor.default\">\n\t\t\t\t<div class=\"elementor-widget-container\">\n\t\t\t\t\t\t\t<h2>Presupuesto expr\u00e9s gratuito<\/h2>\n<style>\r\n.align_center {\r\n    display: block;\r\n    text-align: center;\r\n    padding: 30px 0px;\r\n}\r\n<\/style>\r\n\r\n<div>\r\n\t<h2 class=\"align_center\">Presupuesto r\u00e1pido gratuito<\/h2>\r\n<iframe src=\"https:\/\/app.metocrm.com\/web-forms\/e1cab5bd-ef56-4a37-aa71-4857d931f368\"  height=\"800px\" width=\"100%\"  frameborder=\"0\" style=\"border-radius: 10px;\"><\/iframe>\r\n\r\n<\/div>\t\t\t\t\t\t<\/div>\n\t\t\t\t<\/div>\n\t\t\t\t\t<\/div>\n\t\t<\/div>\n\t\t\t\t<div class=\"elementor-column elementor-col-33 elementor-top-column elementor-element elementor-element-ab268c3\" data-id=\"ab268c3\" data-element_type=\"column\">\n\t\t\t<div class=\"elementor-widget-wrap elementor-element-populated\">\n\t\t\t\t\t\t<div class=\"elementor-element elementor-element-63f0e6f elementor-widget elementor-widget-image\" data-id=\"63f0e6f\" data-element_type=\"widget\" data-widget_type=\"image.default\">\n\t\t\t\t<div class=\"elementor-widget-container\">\n\t\t\t\t\t\t\t\t\t\t\t\t\t<img fetchpriority=\"high\" decoding=\"async\" width=\"508\" height=\"554\" src=\"https:\/\/www.la-chirurgie-esthetique-maroc.com\/wp-content\/uploads\/2022\/01\/la-chirurgie-esthetique-maroc_devis-1.webp\" class=\"attachment-large size-large wp-image-6422\" alt=\"\" srcset=\"https:\/\/www.la-chirurgie-esthetique-maroc.com\/wp-content\/uploads\/2022\/01\/la-chirurgie-esthetique-maroc_devis-1.webp 508w, https:\/\/www.la-chirurgie-esthetique-maroc.com\/wp-content\/uploads\/2022\/01\/la-chirurgie-esthetique-maroc_devis-1-275x300.webp 275w\" sizes=\"(max-width: 508px) 100vw, 508px\" \/>\t\t\t\t\t\t\t\t\t\t\t\t\t<\/div>\n\t\t\t\t<\/div>\n\t\t\t\t\t<\/div>\n\t\t<\/div>\n\t\t\t\t\t<\/div>\n\t\t<\/section>\n\t\t\t\t<section class=\"elementor-section elementor-top-section elementor-element elementor-element-290ad85 bg-color forme_1  elementor-section-boxed elementor-section-height-default elementor-section-height-default\" data-id=\"290ad85\" data-element_type=\"section\">\n\t\t\t\t\t\t<div class=\"elementor-container elementor-column-gap-default\">\n\t\t\t\t\t<div class=\"elementor-column elementor-col-100 elementor-top-column elementor-element elementor-element-65576d5\" data-id=\"65576d5\" data-element_type=\"column\">\n\t\t\t<div class=\"elementor-widget-wrap elementor-element-populated\">\n\t\t\t\t\t\t<div class=\"elementor-element elementor-element-34b56f2b elementor-widget elementor-widget-text-editor\" data-id=\"34b56f2b\" data-element_type=\"widget\" data-widget_type=\"text-editor.default\">\n\t\t\t\t<div class=\"elementor-widget-container\">\n\t\t\t\t\t\t\t<h2>Precios rinoplastia Marruecos vs T\u00fanez<\/h2>\nSi usted est\u00e1 buscando el <strong>precio de la rinoplastia Marruecos<\/strong>, nuestra cl\u00ednica ofrece los mejores precios para la rinoplastia en T\u00fanez. En nuestra cl\u00ednica disponemos de dos tipos de<strong>cirug\u00eda de nariz<\/strong>.\n\nNuestra tarifa de rinoplastia es la m\u00e1s barata con una estancia m\u00e9dica de 5 noches y 6 d\u00edas en un hotel de lujo en T\u00fanez. Para m\u00e1s detalles sobre su operaci\u00f3n de nariz, le ofrecemos un presupuesto gratuito. Este es el precio de la rinoplastia con todo incluido:\n\t\t\t\t\t\t<\/div>\n\t\t\t\t<\/div>\n\t\t\t\t<div class=\"elementor-element elementor-element-8b00d90 elementor-widget elementor-widget-text-editor\" data-id=\"8b00d90\" data-element_type=\"widget\" data-widget_type=\"text-editor.default\">\n\t\t\t\t<div class=\"elementor-widget-container\">\n\t\t\t\t\t\t\t<table class=\"table_home interne table_full\">\n<thead>\n<tr class=\"row-1 odd\" role=\"row\">\n<th class=\"column-1 sorting_disabled\" style=\"width: 290.062px;\" colspan=\"1\" rowspan=\"1\">Intervenciones<\/th>\n<th class=\"column-2 sorting_disabled\" style=\"width: 149.828px;\" colspan=\"1\" rowspan=\"1\">Precio Marruecos<\/th>\n<th class=\"column-3 sorting_disabled\" style=\"width: 218.359px;\" colspan=\"1\" rowspan=\"1\">Estancia en Marruecos<\/th>\n<th class=\"column-4 sorting_disabled\" style=\"width: 161.125px;\" colspan=\"1\" rowspan=\"1\">Precio T\u00fanez<\/th>\n<th class=\"column-5 sorting_disabled\" style=\"width: 220.625px;\" colspan=\"1\" rowspan=\"1\">Estancia T\u00fanez<\/th>\n<\/tr>\n<\/thead>\n<tbody class=\"row-hover\">\n<tr class=\"row-2 even\">\n<td class=\"column-1\">Rinoplastia simple<\/td>\n<td class=\"column-2\">2800 \u20ac<\/td>\n<td class=\"column-3\">7 noches y 8 d\u00edas<\/td>\n<td class=\"column-4\">2000 \u20ac<\/td>\n<td class=\"column-5\">5 noches y 6 d\u00edas<\/td>\n<\/tr>\n<tr class=\"row-3 odd\">\n<td class=\"column-1\">Rinoplastia \u00e9tnica<\/td>\n<td class=\"column-2\">&#8211;<\/td>\n<td class=\"column-3\">&#8211;<\/td>\n<td class=\"column-4\">2350 \u20ac<\/td>\n<td class=\"column-5\">5 noches y 6 d\u00edas<\/td>\n<\/tr>\n<\/tbody>\n<\/table>\t\t\t\t\t\t<\/div>\n\t\t\t\t<\/div>\n\t\t\t\t<div class=\"elementor-element elementor-element-c90e9dd center elementor-widget elementor-widget-html\" data-id=\"c90e9dd\" data-element_type=\"widget\" data-widget_type=\"html.default\">\n\t\t\t\t<div class=\"elementor-widget-container\">\n\t\t\t<div class=\"btn_devis\"><a href=\"https:\/\/www.la-chirurgie-esthetique-maroc.com\/es\/cita\/\"><span class=\"min-size-mobile\">Presupuesto gratuito con toda la informaci\u00f3n sobre la cirug\u00eda de nariz<\/span><\/a><\/div>\t\t<\/div>\n\t\t\t\t<\/div>\n\t\t\t\t\t<\/div>\n\t\t<\/div>\n\t\t\t\t\t<\/div>\n\t\t<\/section>\n\t\t\t\t<section class=\"elementor-section elementor-top-section elementor-element elementor-element-bea5cb0 elementor-section-boxed elementor-section-height-default elementor-section-height-default\" data-id=\"bea5cb0\" data-element_type=\"section\">\n\t\t\t\t\t\t<div class=\"elementor-container elementor-column-gap-default\">\n\t\t\t\t\t<div class=\"elementor-column elementor-col-100 elementor-top-column elementor-element elementor-element-7157784\" data-id=\"7157784\" data-element_type=\"column\">\n\t\t\t<div class=\"elementor-widget-wrap elementor-element-populated\">\n\t\t\t\t\t\t<div class=\"elementor-element elementor-element-fd2f0f7 elementor-widget elementor-widget-text-editor\" data-id=\"fd2f0f7\" data-element_type=\"widget\" data-widget_type=\"text-editor.default\">\n\t\t\t\t<div class=\"elementor-widget-container\">\n\t\t\t\t\t\t\t<h2>Rinoplastia en Marruecos y T\u00fanez<\/h2>\nNuestro cirujano sugerir\u00e1 y explicar\u00e1 todas las modificaciones posibles con ayuda de simulaciones en 3D. Para determinar el alcance de la reparaci\u00f3n de la nariz, se realiza un estudio exhaustivo de la pir\u00e1mide nasal, as\u00ed como un examen endonasal. Se programa una consulta con el anestesista para decidir el tipo de anestesia (vigilante o general).\n\nEl cirujano adopta :\n<ul class=\"liste-page\">\n \t<li>Una t\u00e9cnica cerrada, incisi\u00f3n desde el interior de las fosas nasales<\/li>\n \t<li>Una t\u00e9cnica abierta, incisi\u00f3n desde fuera de la nariz<\/li>\n<\/ul>\nLo que decidir\u00e1 el tipo de t\u00e9cnica por encima de todo es la anatom\u00eda de la nariz. La intervenci\u00f3n quir\u00fargica incluye los mismos procedimientos b\u00e1sicos de rinoplastia: incisi\u00f3n, disecci\u00f3n, rectificaci\u00f3n, sutura, vendaje y entablillado.\t\t\t\t\t\t<\/div>\n\t\t\t\t<\/div>\n\t\t\t\t\t<\/div>\n\t\t<\/div>\n\t\t\t\t\t<\/div>\n\t\t<\/section>\n\t\t\t\t<section class=\"elementor-section elementor-top-section elementor-element elementor-element-edad5ce elementor-section-boxed elementor-section-height-default elementor-section-height-default\" data-id=\"edad5ce\" data-element_type=\"section\">\n\t\t\t\t\t\t<div class=\"elementor-container elementor-column-gap-default\">\n\t\t\t\t\t<div class=\"elementor-column elementor-col-100 elementor-top-column elementor-element elementor-element-32b0c95\" data-id=\"32b0c95\" data-element_type=\"column\">\n\t\t\t<div class=\"elementor-widget-wrap elementor-element-populated\">\n\t\t\t\t\t\t<div class=\"elementor-element elementor-element-eac4662 elementor-widget elementor-widget-text-editor\" data-id=\"eac4662\" data-element_type=\"widget\" data-widget_type=\"text-editor.default\">\n\t\t\t\t<div class=\"elementor-widget-container\">\n\t\t\t\t\t\t\t<h2>Al salir del quir\u00f3fano tras una rinoplastia<\/h2>\nLa presencia de mechas o drenajes provoca molestias respiratorias durante los primeros d\u00edas. Los s\u00edntomas postoperatorios, como la hinchaz\u00f3n y los hematomas, desaparecen a los 20 d\u00edas de la intervenci\u00f3n. Tras la confirmaci\u00f3n del cirujano, puede preverse la reincorporaci\u00f3n a la vida social y profesional.\n\nEl equipo m\u00e9dico y param\u00e9dico de nuestra cl\u00ednica est\u00e1 cualificado para garantizarle una <strong>rinoplastia<\/strong> adecuada. Contribuye a una mejora de los rasgos faciales que es muy palpable a los 6 meses de la intervenci\u00f3n pero que puede sentirse inmediatamente despu\u00e9s de la operaci\u00f3n. Al cabo de un a\u00f1o, puede evaluarse la posibilidad de una rinoplastia.\t\t\t\t\t\t<\/div>\n\t\t\t\t<\/div>\n\t\t\t\t\t<\/div>\n\t\t<\/div>\n\t\t\t\t\t<\/div>\n\t\t<\/section>\n\t\t\t\t<section class=\"elementor-section elementor-top-section elementor-element elementor-element-78984f2 elementor-section-boxed elementor-section-height-default elementor-section-height-default\" data-id=\"78984f2\" data-element_type=\"section\">\n\t\t\t\t\t\t<div class=\"elementor-container elementor-column-gap-default\">\n\t\t\t\t\t<div class=\"elementor-column elementor-col-100 elementor-top-column elementor-element elementor-element-0a95742\" data-id=\"0a95742\" data-element_type=\"column\">\n\t\t\t<div class=\"elementor-widget-wrap elementor-element-populated\">\n\t\t\t\t\t\t<div class=\"elementor-element elementor-element-0f9f9b8 center elementor-widget elementor-widget-html\" data-id=\"0f9f9b8\" data-element_type=\"widget\" data-widget_type=\"html.default\">\n\t\t\t\t<div class=\"elementor-widget-container\">\n\t\t\t<div class=\"btn_devis btn_intern\"><a href=\"https:\/\/www.la-chirurgie-esthetique-maroc.com\/es\/cita\/\"><span>Presupuesto gratuito<\/span><\/a><\/div>\t\t<\/div>\n\t\t\t\t<\/div>\n\t\t\t\t\t<\/div>\n\t\t<\/div>\n\t\t\t\t\t<\/div>\n\t\t<\/section>\n\t\t\t\t<\/div>\n\t\t","protected":false},"excerpt":{"rendered":"<p>La rinoplastia en Marruecos y T\u00fanez es una cirug\u00eda est\u00e9tica y reconstructiva de la cara realizada en nuestra cl\u00ednica. El objetivo es modificar la forma de la nariz para conseguir una armon\u00eda est\u00e9tica, al tiempo que se pone fin a los problemas respiratorios si existen. Se puede obtener la forma deseada de la nariz sin [&hellip;]<\/p>\n","protected":false},"author":1,"featured_media":6429,"parent":0,"menu_order":0,"comment_status":"closed","ping_status":"closed","template":"","meta":{"footnotes":""},"class_list":["post-6597","page","type-page","status-publish","has-post-thumbnail","hentry"],"yoast_head":"<!-- This site is optimized with the Yoast SEO plugin v27.4 - https:\/\/yoast.com\/product\/yoast-seo-wordpress\/ -->\n<title>Rinoplastia Marruecos \u2600\ufe0f precios baratos cirug\u00eda de nariz con estancia m\u00e9dica<\/title>\n<meta name=\"description\" content=\"Rinoplastia precio Marruecos \u2705: cirug\u00eda para remodelar la forma y el tama\u00f1o de la nariz con estancia m\u00e9dica \u2b50 Precio barato con presupuesto sin compromiso.\" \/>\n<meta name=\"robots\" content=\"index, follow, max-snippet:-1, max-image-preview:large, max-video-preview:-1\" \/>\n<link rel=\"canonical\" href=\"https:\/\/www.la-chirurgie-esthetique-maroc.com\/es\/rinoplastia\/\" \/>\n<meta property=\"og:locale\" content=\"es_ES\" \/>\n<meta property=\"og:type\" content=\"article\" \/>\n<meta property=\"og:title\" content=\"Rinoplastia Marruecos \u2600\ufe0f precios baratos cirug\u00eda de nariz con estancia m\u00e9dica\" \/>\n<meta property=\"og:description\" content=\"Rinoplastia precio Marruecos \u2705: cirug\u00eda para remodelar la forma y el tama\u00f1o de la nariz con estancia m\u00e9dica \u2b50 Precio barato con presupuesto sin compromiso.\" \/>\n<meta property=\"og:url\" content=\"https:\/\/www.la-chirurgie-esthetique-maroc.com\/es\/rinoplastia\/\" \/>\n<meta property=\"og:site_name\" content=\"Chirurgie esthetique Maroc\" \/>\n<meta property=\"article:modified_time\" content=\"2024-02-22T12:29:50+00:00\" \/>\n<meta property=\"og:image\" content=\"https:\/\/www.la-chirurgie-esthetique-maroc.com\/wp-content\/uploads\/2022\/01\/header_visage.webp\" \/>\n\t<meta property=\"og:image:width\" content=\"552\" \/>\n\t<meta property=\"og:image:height\" content=\"612\" \/>\n\t<meta property=\"og:image:type\" content=\"image\/webp\" \/>\n<meta name=\"twitter:card\" content=\"summary_large_image\" \/>\n<meta name=\"twitter:label1\" content=\"Tiempo de lectura\" \/>\n\t<meta name=\"twitter:data1\" content=\"3 minutos\" \/>\n<!-- \/ Yoast SEO plugin. -->","yoast_head_json":{"title":"Rinoplastia Marruecos \u2600\ufe0f precios baratos cirug\u00eda de nariz con estancia m\u00e9dica","description":"Rinoplastia precio Marruecos \u2705: cirug\u00eda para remodelar la forma y el tama\u00f1o de la nariz con estancia m\u00e9dica \u2b50 Precio barato con presupuesto sin compromiso.","robots":{"index":"index","follow":"follow","max-snippet":"max-snippet:-1","max-image-preview":"max-image-preview:large","max-video-preview":"max-video-preview:-1"},"canonical":"https:\/\/www.la-chirurgie-esthetique-maroc.com\/es\/rinoplastia\/","og_locale":"es_ES","og_type":"article","og_title":"Rinoplastia Marruecos \u2600\ufe0f precios baratos cirug\u00eda de nariz con estancia m\u00e9dica","og_description":"Rinoplastia precio Marruecos \u2705: cirug\u00eda para remodelar la forma y el tama\u00f1o de la nariz con estancia m\u00e9dica \u2b50 Precio barato con presupuesto sin compromiso.","og_url":"https:\/\/www.la-chirurgie-esthetique-maroc.com\/es\/rinoplastia\/","og_site_name":"Chirurgie esthetique Maroc","article_modified_time":"2024-02-22T12:29:50+00:00","og_image":[{"width":552,"height":612,"url":"https:\/\/www.la-chirurgie-esthetique-maroc.com\/wp-content\/uploads\/2022\/01\/header_visage.webp","type":"image\/webp"}],"twitter_card":"summary_large_image","twitter_misc":{"Tiempo de lectura":"3 minutos"},"schema":{"@context":"https:\/\/schema.org","@graph":[{"@type":"WebPage","@id":"https:\/\/www.la-chirurgie-esthetique-maroc.com\/es\/rinoplastia\/","url":"https:\/\/www.la-chirurgie-esthetique-maroc.com\/es\/rinoplastia\/","name":"Rinoplastia Marruecos \u2600\ufe0f precios baratos cirug\u00eda de nariz con estancia m\u00e9dica","isPartOf":{"@id":"https:\/\/www.la-chirurgie-esthetique-maroc.com\/es\/#website"},"primaryImageOfPage":{"@id":"https:\/\/www.la-chirurgie-esthetique-maroc.com\/es\/rinoplastia\/#primaryimage"},"image":{"@id":"https:\/\/www.la-chirurgie-esthetique-maroc.com\/es\/rinoplastia\/#primaryimage"},"thumbnailUrl":"https:\/\/www.la-chirurgie-esthetique-maroc.com\/wp-content\/uploads\/2022\/01\/header_visage.webp","datePublished":"2016-06-23T12:26:43+00:00","dateModified":"2024-02-22T12:29:50+00:00","description":"Rinoplastia precio Marruecos \u2705: cirug\u00eda para remodelar la forma y el tama\u00f1o de la nariz con estancia m\u00e9dica \u2b50 Precio barato con presupuesto sin compromiso.","breadcrumb":{"@id":"https:\/\/www.la-chirurgie-esthetique-maroc.com\/es\/rinoplastia\/#breadcrumb"},"inLanguage":"es","potentialAction":[{"@type":"ReadAction","target":["https:\/\/www.la-chirurgie-esthetique-maroc.com\/es\/rinoplastia\/"]}]},{"@type":"ImageObject","inLanguage":"es","@id":"https:\/\/www.la-chirurgie-esthetique-maroc.com\/es\/rinoplastia\/#primaryimage","url":"https:\/\/www.la-chirurgie-esthetique-maroc.com\/wp-content\/uploads\/2022\/01\/header_visage.webp","contentUrl":"https:\/\/www.la-chirurgie-esthetique-maroc.com\/wp-content\/uploads\/2022\/01\/header_visage.webp","width":552,"height":612},{"@type":"BreadcrumbList","@id":"https:\/\/www.la-chirurgie-esthetique-maroc.com\/es\/rinoplastia\/#breadcrumb","itemListElement":[{"@type":"ListItem","position":1,"name":"Accueil","item":"https:\/\/www.la-chirurgie-esthetique-maroc.com\/es\/"},{"@type":"ListItem","position":2,"name":"Precio rinoplastia Marruecos vs Precio rinoplastia T\u00fanez"}]},{"@type":"WebSite","@id":"https:\/\/www.la-chirurgie-esthetique-maroc.com\/es\/#website","url":"https:\/\/www.la-chirurgie-esthetique-maroc.com\/es\/","name":"Chirurgie esthetique Maroc","description":"","publisher":{"@id":"https:\/\/www.la-chirurgie-esthetique-maroc.com\/es\/#organization"},"potentialAction":[{"@type":"SearchAction","target":{"@type":"EntryPoint","urlTemplate":"https:\/\/www.la-chirurgie-esthetique-maroc.com\/es\/?s={search_term_string}"},"query-input":{"@type":"PropertyValueSpecification","valueRequired":true,"valueName":"search_term_string"}}],"inLanguage":"es"},{"@type":"Organization","@id":"https:\/\/www.la-chirurgie-esthetique-maroc.com\/es\/#organization","name":"Chirurgie esthetique Maroc","url":"https:\/\/www.la-chirurgie-esthetique-maroc.com\/es\/","logo":{"@type":"ImageObject","inLanguage":"es","@id":"https:\/\/www.la-chirurgie-esthetique-maroc.com\/es\/#\/schema\/logo\/image\/","url":"https:\/\/www.la-chirurgie-esthetique-maroc.com\/wp-content\/uploads\/2022\/01\/cem3.png","contentUrl":"https:\/\/www.la-chirurgie-esthetique-maroc.com\/wp-content\/uploads\/2022\/01\/cem3.png","width":125,"height":41,"caption":"Chirurgie esthetique Maroc"},"image":{"@id":"https:\/\/www.la-chirurgie-esthetique-maroc.com\/es\/#\/schema\/logo\/image\/"}}]}},"_links":{"self":[{"href":"https:\/\/www.la-chirurgie-esthetique-maroc.com\/es\/wp-json\/wp\/v2\/pages\/6597","targetHints":{"allow":["GET"]}}],"collection":[{"href":"https:\/\/www.la-chirurgie-esthetique-maroc.com\/es\/wp-json\/wp\/v2\/pages"}],"about":[{"href":"https:\/\/www.la-chirurgie-esthetique-maroc.com\/es\/wp-json\/wp\/v2\/types\/page"}],"author":[{"embeddable":true,"href":"https:\/\/www.la-chirurgie-esthetique-maroc.com\/es\/wp-json\/wp\/v2\/users\/1"}],"replies":[{"embeddable":true,"href":"https:\/\/www.la-chirurgie-esthetique-maroc.com\/es\/wp-json\/wp\/v2\/comments?post=6597"}],"version-history":[{"count":10,"href":"https:\/\/www.la-chirurgie-esthetique-maroc.com\/es\/wp-json\/wp\/v2\/pages\/6597\/revisions"}],"predecessor-version":[{"id":8398,"href":"https:\/\/www.la-chirurgie-esthetique-maroc.com\/es\/wp-json\/wp\/v2\/pages\/6597\/revisions\/8398"}],"wp:featuredmedia":[{"embeddable":true,"href":"https:\/\/www.la-chirurgie-esthetique-maroc.com\/es\/wp-json\/wp\/v2\/media\/6429"}],"wp:attachment":[{"href":"https:\/\/www.la-chirurgie-esthetique-maroc.com\/es\/wp-json\/wp\/v2\/media?parent=6597"}],"curies":[{"name":"wp","href":"https:\/\/api.w.org\/{rel}","templated":true}]}}