{"id":6601,"date":"2018-04-26T11:53:03","date_gmt":"2018-04-26T09:53:03","guid":{"rendered":"https:\/\/www.la-chirurgie-esthetique-maroc.com\/septoplastia-marruecos\/"},"modified":"2024-02-22T13:30:38","modified_gmt":"2024-02-22T12:30:38","slug":"septoplastia","status":"publish","type":"page","link":"https:\/\/www.la-chirurgie-esthetique-maroc.com\/es\/septoplastia\/","title":{"rendered":"Septoplastia Marruecos"},"content":{"rendered":"\t\t<div data-elementor-type=\"wp-page\" data-elementor-id=\"6601\" class=\"elementor elementor-6601 elementor-1515\">\n\t\t\t\t\t\t<section class=\"elementor-section elementor-top-section elementor-element elementor-element-5d30443 elementor-section-boxed elementor-section-height-default elementor-section-height-default\" data-id=\"5d30443\" data-element_type=\"section\">\n\t\t\t\t\t\t<div class=\"elementor-container elementor-column-gap-default\">\n\t\t\t\t\t<div class=\"elementor-column elementor-col-100 elementor-top-column elementor-element elementor-element-114061f align_content_center\" data-id=\"114061f\" data-element_type=\"column\">\n\t\t\t<div class=\"elementor-widget-wrap elementor-element-populated\">\n\t\t\t\t\t\t<div class=\"elementor-element elementor-element-97447c2 elementor-widget elementor-widget-text-editor\" data-id=\"97447c2\" data-element_type=\"widget\" data-widget_type=\"text-editor.default\">\n\t\t\t\t<div class=\"elementor-widget-container\">\n\t\t\t\t\t\t\t<p>La <strong>septoplastia marroqu\u00ed<\/strong> es un procedimiento quir\u00fargico dedicado a la correcci\u00f3n quir\u00fargica de la desviaci\u00f3n del tabique nasal. Una desviaci\u00f3n septal, aparte de los problemas respiratorios que puede causar, puede provocar una deformidad externa de la nariz. Si es necesario corregir la deformaci\u00f3n de la nariz, se realizar\u00e1 una rinoseptoplastia, es decir, una cirug\u00eda de la nariz con fines funcionales y est\u00e9ticos.<\/p>\n\t\t\t\t\t\t<\/div>\n\t\t\t\t<\/div>\n\t\t\t\t<div class=\"elementor-element elementor-element-12e1378 elementor-widget elementor-widget-text-editor\" data-id=\"12e1378\" data-element_type=\"widget\" data-widget_type=\"text-editor.default\">\n\t\t\t\t<div class=\"elementor-widget-container\">\n\t\t\t\t\t\t\t<h2>Precios de la septoplastia en Marruecos<\/h2>\nEl <strong>precio de una septoplastia en Marruecos<\/strong> es el m\u00e1s barato en nuestra cl\u00ednica e incluye los honorarios del anestesista y del cirujano con los gastos de alojamiento en hotel. Para obtener el precio de la operaci\u00f3n de septoplastia con toda la informaci\u00f3n, tiene que solicitar un presupuesto. Para obtener las tarifas en dinares, tambi\u00e9n debe solicitar un presupuesto.\t\t\t\t\t\t<\/div>\n\t\t\t\t<\/div>\n\t\t\t\t\t<\/div>\n\t\t<\/div>\n\t\t\t\t\t<\/div>\n\t\t<\/section>\n\t\t\t\t<section class=\"elementor-section elementor-top-section elementor-element elementor-element-0b6d406 elementor-section-boxed elementor-section-height-default elementor-section-height-default\" data-id=\"0b6d406\" data-element_type=\"section\">\n\t\t\t\t\t\t<div class=\"elementor-container elementor-column-gap-default\">\n\t\t\t\t\t<div class=\"elementor-column elementor-col-100 elementor-top-column elementor-element elementor-element-ec6adfd\" data-id=\"ec6adfd\" data-element_type=\"column\">\n\t\t\t<div class=\"elementor-widget-wrap\">\n\t\t\t\t\t\t\t<\/div>\n\t\t<\/div>\n\t\t\t\t\t<\/div>\n\t\t<\/section>\n\t\t\t\t<section class=\"elementor-section elementor-top-section elementor-element elementor-element-84480a9 elementor-section-boxed elementor-section-height-default elementor-section-height-default\" data-id=\"84480a9\" data-element_type=\"section\">\n\t\t\t\t\t\t<div class=\"elementor-container elementor-column-gap-default\">\n\t\t\t\t\t<div class=\"elementor-column elementor-col-66 elementor-top-column elementor-element elementor-element-aa96aa7\" data-id=\"aa96aa7\" data-element_type=\"column\">\n\t\t\t<div class=\"elementor-widget-wrap elementor-element-populated\">\n\t\t\t\t\t\t<div class=\"elementor-element elementor-element-a639ef1 elementor-widget elementor-widget-text-editor\" data-id=\"a639ef1\" data-element_type=\"widget\" data-widget_type=\"text-editor.default\">\n\t\t\t\t<div class=\"elementor-widget-container\">\n\t\t\t\t\t\t\t<h2>Presupuesto expr\u00e9s gratuito<\/h2>\n<style>\r\n.align_center {\r\n    display: block;\r\n    text-align: center;\r\n    padding: 30px 0px;\r\n}\r\n<\/style>\r\n\r\n<div>\r\n\t<h2 class=\"align_center\">Presupuesto r\u00e1pido gratuito<\/h2>\r\n<iframe src=\"https:\/\/app.metocrm.com\/web-forms\/e1cab5bd-ef56-4a37-aa71-4857d931f368\"  height=\"800px\" width=\"100%\"  frameborder=\"0\" style=\"border-radius: 10px;\"><\/iframe>\r\n\r\n<\/div>\t\t\t\t\t\t<\/div>\n\t\t\t\t<\/div>\n\t\t\t\t\t<\/div>\n\t\t<\/div>\n\t\t\t\t<div class=\"elementor-column elementor-col-33 elementor-top-column elementor-element elementor-element-0f71f80\" data-id=\"0f71f80\" data-element_type=\"column\">\n\t\t\t<div class=\"elementor-widget-wrap elementor-element-populated\">\n\t\t\t\t\t\t<div class=\"elementor-element elementor-element-1050b37 elementor-widget elementor-widget-image\" data-id=\"1050b37\" data-element_type=\"widget\" data-widget_type=\"image.default\">\n\t\t\t\t<div class=\"elementor-widget-container\">\n\t\t\t\t\t\t\t\t\t\t\t\t\t<img fetchpriority=\"high\" decoding=\"async\" width=\"508\" height=\"554\" src=\"https:\/\/www.la-chirurgie-esthetique-maroc.com\/wp-content\/uploads\/2022\/01\/la-chirurgie-esthetique-maroc_devis-1.webp\" class=\"attachment-large size-large wp-image-6422\" alt=\"\" srcset=\"https:\/\/www.la-chirurgie-esthetique-maroc.com\/wp-content\/uploads\/2022\/01\/la-chirurgie-esthetique-maroc_devis-1.webp 508w, https:\/\/www.la-chirurgie-esthetique-maroc.com\/wp-content\/uploads\/2022\/01\/la-chirurgie-esthetique-maroc_devis-1-275x300.webp 275w\" sizes=\"(max-width: 508px) 100vw, 508px\" \/>\t\t\t\t\t\t\t\t\t\t\t\t\t<\/div>\n\t\t\t\t<\/div>\n\t\t\t\t\t<\/div>\n\t\t<\/div>\n\t\t\t\t\t<\/div>\n\t\t<\/section>\n\t\t\t\t<section class=\"elementor-section elementor-top-section elementor-element elementor-element-28e157d bg-color forme_1  elementor-section-boxed elementor-section-height-default elementor-section-height-default\" data-id=\"28e157d\" data-element_type=\"section\">\n\t\t\t\t\t\t<div class=\"elementor-container elementor-column-gap-default\">\n\t\t\t\t\t<div class=\"elementor-column elementor-col-100 elementor-top-column elementor-element elementor-element-7dec053\" data-id=\"7dec053\" data-element_type=\"column\">\n\t\t\t<div class=\"elementor-widget-wrap elementor-element-populated\">\n\t\t\t\t\t\t<div class=\"elementor-element elementor-element-056e606 elementor-widget elementor-widget-text-editor\" data-id=\"056e606\" data-element_type=\"widget\" data-widget_type=\"text-editor.default\">\n\t\t\t\t<div class=\"elementor-widget-container\">\n\t\t\t\t\t\t\t<h2>Procedimiento de la septoplastia<\/h2>\nEl objetivo principal de la reparaci\u00f3n quir\u00fargica del tabique nasal es corregir la obstrucci\u00f3n nasal asociada a la desviaci\u00f3n del tabique nasal. La intervenci\u00f3n puede durar hasta 30 minutos y se realiza bajo anestesia general.\n\nLa remodelaci\u00f3n y enderezamiento del tabique nasal no requiere cicatrices externas. Se practica una incisi\u00f3n en la nariz para separar el cart\u00edlago y el hueso que forman el tabique y remodelarlo.\n\nTras enderezar el tabique nasal, el cirujano cose el tejido que lo recubre e introduce mechas en las fosas nasales para evitar el riesgo de hemorragia. Se trata de una cirug\u00eda ambulatoria.\t\t\t\t\t\t<\/div>\n\t\t\t\t<\/div>\n\t\t\t\t<section class=\"elementor-section elementor-inner-section elementor-element elementor-element-2ec0976 elementor-section-boxed elementor-section-height-default elementor-section-height-default\" data-id=\"2ec0976\" data-element_type=\"section\">\n\t\t\t\t\t\t<div class=\"elementor-container elementor-column-gap-default\">\n\t\t\t\t\t<div class=\"elementor-column elementor-col-100 elementor-inner-column elementor-element elementor-element-72da62d align_content_center\" data-id=\"72da62d\" data-element_type=\"column\">\n\t\t\t<div class=\"elementor-widget-wrap elementor-element-populated\">\n\t\t\t\t\t\t<div class=\"elementor-element elementor-element-58e12c8 elementor-widget elementor-widget-text-editor\" data-id=\"58e12c8\" data-element_type=\"widget\" data-widget_type=\"text-editor.default\">\n\t\t\t\t<div class=\"elementor-widget-container\">\n\t\t\t\t\t\t\t<h2>Septoplastia postoperatoria<\/h2>\nLos d\u00edas siguientes a la<strong>operaci\u00f3n de septoplastia marroqu\u00ed<\/strong> pueden estar marcados por una obstrucci\u00f3n nasal frecuente. La mejor forma de prevenir la formaci\u00f3n de costras en la nariz es lavar las fosas nasales a diario. No es necesario retirar las suturas, ya que suelen ser absorbibles.\t\t\t\t\t\t<\/div>\n\t\t\t\t<\/div>\n\t\t\t\t\t<\/div>\n\t\t<\/div>\n\t\t\t\t\t<\/div>\n\t\t<\/section>\n\t\t\t\t\t<\/div>\n\t\t<\/div>\n\t\t\t\t\t<\/div>\n\t\t<\/section>\n\t\t\t\t<section class=\"elementor-section elementor-top-section elementor-element elementor-element-5c0924ec elementor-section-boxed elementor-section-height-default elementor-section-height-default\" data-id=\"5c0924ec\" data-element_type=\"section\">\n\t\t\t\t\t\t<div class=\"elementor-container elementor-column-gap-default\">\n\t\t\t\t\t<div class=\"elementor-column elementor-col-100 elementor-top-column elementor-element elementor-element-44b457f\" data-id=\"44b457f\" data-element_type=\"column\">\n\t\t\t<div class=\"elementor-widget-wrap elementor-element-populated\">\n\t\t\t\t\t\t<div class=\"elementor-element elementor-element-5824ea08 elementor-widget elementor-widget-text-editor\" data-id=\"5824ea08\" data-element_type=\"widget\" data-widget_type=\"text-editor.default\">\n\t\t\t\t<div class=\"elementor-widget-container\">\n\t\t\t\t\t\t\t\n<h2>Resultado de la septoplastia<\/h2>\nEl resultado final se consigue al cabo de 6 meses o incluso 1 a\u00f1o. Por lo general, se programan 3 sesiones de seguimiento durante los 6 meses siguientes. El procedimiento permite desobstruir las v\u00edas respiratorias para tratar hemorragias, cefaleas o sinusitis relacionadas con la desviaci\u00f3n del tabique nasal.\n\nEntre las posibles complicaciones o riesgos de la <strong>cirug\u00eda de desviaci\u00f3n nasal<\/strong> se incluyen la perforaci\u00f3n del tabique, la silla nasal, la retracci\u00f3n de la columela y la sequedad nasal. Algunos de estos problemas, como la perforaci\u00f3n septal, pueden resolverse mediante <strong>septoplastia<\/strong> endosc\u00f3pica, ya que el procedimiento quir\u00fargico es m\u00e1s preciso.\t\t\t\t\t\t<\/div>\n\t\t\t\t<\/div>\n\t\t\t\t\t<\/div>\n\t\t<\/div>\n\t\t\t\t\t<\/div>\n\t\t<\/section>\n\t\t\t\t<section class=\"elementor-section elementor-top-section elementor-element elementor-element-2fa51e7 elementor-section-boxed elementor-section-height-default elementor-section-height-default\" data-id=\"2fa51e7\" data-element_type=\"section\">\n\t\t\t\t\t\t<div class=\"elementor-container elementor-column-gap-default\">\n\t\t\t\t\t<div class=\"elementor-column elementor-col-100 elementor-top-column elementor-element elementor-element-db552e3\" data-id=\"db552e3\" data-element_type=\"column\">\n\t\t\t<div class=\"elementor-widget-wrap elementor-element-populated\">\n\t\t\t\t\t\t<div class=\"elementor-element elementor-element-a15ed53 center elementor-widget elementor-widget-html\" data-id=\"a15ed53\" data-element_type=\"widget\" data-widget_type=\"html.default\">\n\t\t\t\t<div class=\"elementor-widget-container\">\n\t\t\t<div class=\"btn_devis btn_intern\"><a href=\"https:\/\/www.la-chirurgie-esthetique-maroc.com\/es\/cita\/\"><span>Presupuesto gratuito<\/span><\/a><\/div>\t\t<\/div>\n\t\t\t\t<\/div>\n\t\t\t\t\t<\/div>\n\t\t<\/div>\n\t\t\t\t\t<\/div>\n\t\t<\/section>\n\t\t\t\t<\/div>\n\t\t","protected":false},"excerpt":{"rendered":"<p>La septoplastia marroqu\u00ed es un procedimiento quir\u00fargico dedicado a la correcci\u00f3n quir\u00fargica de la desviaci\u00f3n del tabique nasal. Una desviaci\u00f3n septal, aparte de los problemas respiratorios que puede causar, puede provocar una deformidad externa de la nariz. Si es necesario corregir la deformaci\u00f3n de la nariz, se realizar\u00e1 una rinoseptoplastia, es decir, una cirug\u00eda de [&hellip;]<\/p>\n","protected":false},"author":2,"featured_media":6425,"parent":0,"menu_order":0,"comment_status":"closed","ping_status":"closed","template":"","meta":{"footnotes":""},"class_list":["post-6601","page","type-page","status-publish","has-post-thumbnail","hentry"],"yoast_head":"<!-- This site is optimized with the Yoast SEO plugin v27.4 - https:\/\/yoast.com\/product\/yoast-seo-wordpress\/ -->\n<title>Septoplastia Marruecos : precio de la cirug\u00eda para corregir la desviaci\u00f3n nasal<\/title>\n<meta name=\"description\" content=\"Septoplastia Marruecos : cirug\u00eda para la correcci\u00f3n de la desviaci\u00f3n nasal con un precio barato. Presupuesto gratuito y personalizado.\" \/>\n<meta name=\"robots\" content=\"index, follow, max-snippet:-1, max-image-preview:large, max-video-preview:-1\" \/>\n<link rel=\"canonical\" href=\"https:\/\/www.la-chirurgie-esthetique-maroc.com\/es\/septoplastia\/\" \/>\n<meta property=\"og:locale\" content=\"es_ES\" \/>\n<meta property=\"og:type\" content=\"article\" \/>\n<meta property=\"og:title\" content=\"Septoplastia Marruecos : precio de la cirug\u00eda para corregir la desviaci\u00f3n nasal\" \/>\n<meta property=\"og:description\" content=\"Septoplastia Marruecos : cirug\u00eda para la correcci\u00f3n de la desviaci\u00f3n nasal con un precio barato. Presupuesto gratuito y personalizado.\" \/>\n<meta property=\"og:url\" content=\"https:\/\/www.la-chirurgie-esthetique-maroc.com\/es\/septoplastia\/\" \/>\n<meta property=\"og:site_name\" content=\"Chirurgie esthetique Maroc\" \/>\n<meta property=\"article:modified_time\" content=\"2024-02-22T12:30:38+00:00\" \/>\n<meta property=\"og:image\" content=\"https:\/\/www.la-chirurgie-esthetique-maroc.com\/wp-content\/uploads\/2022\/01\/header_visage.png\" \/>\n\t<meta property=\"og:image:width\" content=\"552\" \/>\n\t<meta property=\"og:image:height\" content=\"612\" \/>\n\t<meta property=\"og:image:type\" content=\"image\/png\" \/>\n<meta name=\"twitter:card\" content=\"summary_large_image\" \/>\n<meta name=\"twitter:label1\" content=\"Tiempo de lectura\" \/>\n\t<meta name=\"twitter:data1\" content=\"2 minutos\" \/>\n<!-- \/ Yoast SEO plugin. -->","yoast_head_json":{"title":"Septoplastia Marruecos : precio de la cirug\u00eda para corregir la desviaci\u00f3n nasal","description":"Septoplastia Marruecos : cirug\u00eda para la correcci\u00f3n de la desviaci\u00f3n nasal con un precio barato. Presupuesto gratuito y personalizado.","robots":{"index":"index","follow":"follow","max-snippet":"max-snippet:-1","max-image-preview":"max-image-preview:large","max-video-preview":"max-video-preview:-1"},"canonical":"https:\/\/www.la-chirurgie-esthetique-maroc.com\/es\/septoplastia\/","og_locale":"es_ES","og_type":"article","og_title":"Septoplastia Marruecos : precio de la cirug\u00eda para corregir la desviaci\u00f3n nasal","og_description":"Septoplastia Marruecos : cirug\u00eda para la correcci\u00f3n de la desviaci\u00f3n nasal con un precio barato. Presupuesto gratuito y personalizado.","og_url":"https:\/\/www.la-chirurgie-esthetique-maroc.com\/es\/septoplastia\/","og_site_name":"Chirurgie esthetique Maroc","article_modified_time":"2024-02-22T12:30:38+00:00","og_image":[{"width":552,"height":612,"url":"https:\/\/www.la-chirurgie-esthetique-maroc.com\/wp-content\/uploads\/2022\/01\/header_visage.png","type":"image\/png"}],"twitter_card":"summary_large_image","twitter_misc":{"Tiempo de lectura":"2 minutos"},"schema":{"@context":"https:\/\/schema.org","@graph":[{"@type":"WebPage","@id":"https:\/\/www.la-chirurgie-esthetique-maroc.com\/es\/septoplastia\/","url":"https:\/\/www.la-chirurgie-esthetique-maroc.com\/es\/septoplastia\/","name":"Septoplastia Marruecos : precio de la cirug\u00eda para corregir la desviaci\u00f3n nasal","isPartOf":{"@id":"https:\/\/www.la-chirurgie-esthetique-maroc.com\/es\/#website"},"primaryImageOfPage":{"@id":"https:\/\/www.la-chirurgie-esthetique-maroc.com\/es\/septoplastia\/#primaryimage"},"image":{"@id":"https:\/\/www.la-chirurgie-esthetique-maroc.com\/es\/septoplastia\/#primaryimage"},"thumbnailUrl":"https:\/\/www.la-chirurgie-esthetique-maroc.com\/wp-content\/uploads\/2022\/01\/header_visage.png","datePublished":"2018-04-26T09:53:03+00:00","dateModified":"2024-02-22T12:30:38+00:00","description":"Septoplastia Marruecos : cirug\u00eda para la correcci\u00f3n de la desviaci\u00f3n nasal con un precio barato. Presupuesto gratuito y personalizado.","breadcrumb":{"@id":"https:\/\/www.la-chirurgie-esthetique-maroc.com\/es\/septoplastia\/#breadcrumb"},"inLanguage":"es","potentialAction":[{"@type":"ReadAction","target":["https:\/\/www.la-chirurgie-esthetique-maroc.com\/es\/septoplastia\/"]}]},{"@type":"ImageObject","inLanguage":"es","@id":"https:\/\/www.la-chirurgie-esthetique-maroc.com\/es\/septoplastia\/#primaryimage","url":"https:\/\/www.la-chirurgie-esthetique-maroc.com\/wp-content\/uploads\/2022\/01\/header_visage.png","contentUrl":"https:\/\/www.la-chirurgie-esthetique-maroc.com\/wp-content\/uploads\/2022\/01\/header_visage.png","width":552,"height":612},{"@type":"BreadcrumbList","@id":"https:\/\/www.la-chirurgie-esthetique-maroc.com\/es\/septoplastia\/#breadcrumb","itemListElement":[{"@type":"ListItem","position":1,"name":"Accueil","item":"https:\/\/www.la-chirurgie-esthetique-maroc.com\/es\/"},{"@type":"ListItem","position":2,"name":"Septoplastia Marruecos"}]},{"@type":"WebSite","@id":"https:\/\/www.la-chirurgie-esthetique-maroc.com\/es\/#website","url":"https:\/\/www.la-chirurgie-esthetique-maroc.com\/es\/","name":"Chirurgie esthetique Maroc","description":"","publisher":{"@id":"https:\/\/www.la-chirurgie-esthetique-maroc.com\/es\/#organization"},"potentialAction":[{"@type":"SearchAction","target":{"@type":"EntryPoint","urlTemplate":"https:\/\/www.la-chirurgie-esthetique-maroc.com\/es\/?s={search_term_string}"},"query-input":{"@type":"PropertyValueSpecification","valueRequired":true,"valueName":"search_term_string"}}],"inLanguage":"es"},{"@type":"Organization","@id":"https:\/\/www.la-chirurgie-esthetique-maroc.com\/es\/#organization","name":"Chirurgie esthetique Maroc","url":"https:\/\/www.la-chirurgie-esthetique-maroc.com\/es\/","logo":{"@type":"ImageObject","inLanguage":"es","@id":"https:\/\/www.la-chirurgie-esthetique-maroc.com\/es\/#\/schema\/logo\/image\/","url":"https:\/\/www.la-chirurgie-esthetique-maroc.com\/wp-content\/uploads\/2022\/01\/cem3.png","contentUrl":"https:\/\/www.la-chirurgie-esthetique-maroc.com\/wp-content\/uploads\/2022\/01\/cem3.png","width":125,"height":41,"caption":"Chirurgie esthetique Maroc"},"image":{"@id":"https:\/\/www.la-chirurgie-esthetique-maroc.com\/es\/#\/schema\/logo\/image\/"}}]}},"_links":{"self":[{"href":"https:\/\/www.la-chirurgie-esthetique-maroc.com\/es\/wp-json\/wp\/v2\/pages\/6601","targetHints":{"allow":["GET"]}}],"collection":[{"href":"https:\/\/www.la-chirurgie-esthetique-maroc.com\/es\/wp-json\/wp\/v2\/pages"}],"about":[{"href":"https:\/\/www.la-chirurgie-esthetique-maroc.com\/es\/wp-json\/wp\/v2\/types\/page"}],"author":[{"embeddable":true,"href":"https:\/\/www.la-chirurgie-esthetique-maroc.com\/es\/wp-json\/wp\/v2\/users\/2"}],"replies":[{"embeddable":true,"href":"https:\/\/www.la-chirurgie-esthetique-maroc.com\/es\/wp-json\/wp\/v2\/comments?post=6601"}],"version-history":[{"count":10,"href":"https:\/\/www.la-chirurgie-esthetique-maroc.com\/es\/wp-json\/wp\/v2\/pages\/6601\/revisions"}],"predecessor-version":[{"id":8401,"href":"https:\/\/www.la-chirurgie-esthetique-maroc.com\/es\/wp-json\/wp\/v2\/pages\/6601\/revisions\/8401"}],"wp:featuredmedia":[{"embeddable":true,"href":"https:\/\/www.la-chirurgie-esthetique-maroc.com\/es\/wp-json\/wp\/v2\/media\/6425"}],"wp:attachment":[{"href":"https:\/\/www.la-chirurgie-esthetique-maroc.com\/es\/wp-json\/wp\/v2\/media?parent=6601"}],"curies":[{"name":"wp","href":"https:\/\/api.w.org\/{rel}","templated":true}]}}