{"id":6605,"date":"2016-06-23T14:29:24","date_gmt":"2016-06-23T12:29:24","guid":{"rendered":"https:\/\/www.la-chirurgie-esthetique-maroc.com\/precio-otoplastia-marruecos-vs-precio-otoplastia-tunez\/"},"modified":"2024-02-22T13:31:19","modified_gmt":"2024-02-22T12:31:19","slug":"otoplastia","status":"publish","type":"page","link":"https:\/\/www.la-chirurgie-esthetique-maroc.com\/es\/otoplastia\/","title":{"rendered":"Precio otoplastia Marruecos vs Precio otoplastia T\u00fanez"},"content":{"rendered":"\t\t<div data-elementor-type=\"wp-page\" data-elementor-id=\"6605\" class=\"elementor elementor-6605 elementor-35\">\n\t\t\t\t\t\t<section class=\"elementor-section elementor-top-section elementor-element elementor-element-3fd96fe elementor-section-boxed elementor-section-height-default elementor-section-height-default\" data-id=\"3fd96fe\" data-element_type=\"section\">\n\t\t\t\t\t\t<div class=\"elementor-container elementor-column-gap-default\">\n\t\t\t\t\t<div class=\"elementor-column elementor-col-66 elementor-top-column elementor-element elementor-element-36564e7\" data-id=\"36564e7\" data-element_type=\"column\">\n\t\t\t<div class=\"elementor-widget-wrap elementor-element-populated\">\n\t\t\t\t\t\t<div class=\"elementor-element elementor-element-d94c9e3 elementor-widget elementor-widget-text-editor\" data-id=\"d94c9e3\" data-element_type=\"widget\" data-widget_type=\"text-editor.default\">\n\t\t\t\t<div class=\"elementor-widget-container\">\n\t\t\t\t\t\t\t\u00bfBusca precios de otoplastia en Marruecos? Nuestra cl\u00ednica le ofrece el <strong>precio de otoplastia<\/strong> m\u00e1s barato <strong>en T\u00fanez<\/strong> que en Marruecos. El precio de una estancia m\u00e9dica es de 1.600 euros con todo incluido. Para tener m\u00e1s detalles sobre nuestra oferta de cirug\u00eda en T\u00fanez, puede solicitar su presupuesto gratuito en nuestra cl\u00ednica. Aqu\u00ed est\u00e1 el <strong>precio de la cirug\u00eda de otoplastia<\/strong> con todo incluido para el rejuvenecimiento de las orejas en Marruecos y T\u00fanez:\n\n<table class=\"table_home interne\">\n<thead>\n<tr><th>Intervenci\u00f3n<\/th>\n<th>Precio Marruecos<\/th>\n<th>Estancia en Marruecos<\/th>\n<th>Precio T\u00fanez<\/th>\n<th>Estancia T\u00fanez<\/th>\n<\/tr>\n<\/thead>\n<tbody>\n<tr class=\"row-2 even\">\n\t<td class=\"column-1\">Otoplastia<\/td><td class=\"column-2\">1900 \u20ac<\/td><td class=\"column-3\">6 noches y 7 d\u00edas<\/td><td class=\"column-4\">1600 \u20ac<\/td><td class=\"column-5\">5 noches y 6 d\u00edas<\/td>\n<\/tr><\/tbody>\n<\/table>\t\t\t\t\t\t<\/div>\n\t\t\t\t<\/div>\n\t\t\t\t\t<\/div>\n\t\t<\/div>\n\t\t\t\t<div class=\"elementor-column elementor-col-33 elementor-top-column elementor-element elementor-element-1198563\" data-id=\"1198563\" data-element_type=\"column\">\n\t\t\t<div class=\"elementor-widget-wrap elementor-element-populated\">\n\t\t\t\t\t\t<div class=\"elementor-element elementor-element-90074bd img_shadow elementor-widget elementor-widget-image\" data-id=\"90074bd\" data-element_type=\"widget\" data-widget_type=\"image.default\">\n\t\t\t\t<div class=\"elementor-widget-container\">\n\t\t\t\t\t\t\t\t\t\t\t\t\t<img fetchpriority=\"high\" decoding=\"async\" width=\"1484\" height=\"864\" src=\"https:\/\/www.la-chirurgie-esthetique-maroc.com\/wp-content\/uploads\/2022\/01\/otoplastie.webp\" class=\"attachment-2048x2048 size-2048x2048 wp-image-6426\" alt=\"\" srcset=\"https:\/\/www.la-chirurgie-esthetique-maroc.com\/wp-content\/uploads\/2022\/01\/otoplastie.webp 1484w, https:\/\/www.la-chirurgie-esthetique-maroc.com\/wp-content\/uploads\/2022\/01\/otoplastie-300x175.webp 300w, https:\/\/www.la-chirurgie-esthetique-maroc.com\/wp-content\/uploads\/2022\/01\/otoplastie-1024x596.webp 1024w, https:\/\/www.la-chirurgie-esthetique-maroc.com\/wp-content\/uploads\/2022\/01\/otoplastie-768x447.webp 768w\" sizes=\"(max-width: 1484px) 100vw, 1484px\" \/>\t\t\t\t\t\t\t\t\t\t\t\t\t<\/div>\n\t\t\t\t<\/div>\n\t\t\t\t\t<\/div>\n\t\t<\/div>\n\t\t\t\t\t<\/div>\n\t\t<\/section>\n\t\t\t\t<section class=\"elementor-section elementor-top-section elementor-element elementor-element-eb3bf95 center elementor-section-boxed elementor-section-height-default elementor-section-height-default\" data-id=\"eb3bf95\" data-element_type=\"section\">\n\t\t\t\t\t\t<div class=\"elementor-container elementor-column-gap-default\">\n\t\t\t\t\t<div class=\"elementor-column elementor-col-100 elementor-top-column elementor-element elementor-element-b85815c\" data-id=\"b85815c\" data-element_type=\"column\">\n\t\t\t<div class=\"elementor-widget-wrap elementor-element-populated\">\n\t\t\t\t\t\t<div class=\"elementor-element elementor-element-ab7ef86 elementor-widget elementor-widget-html\" data-id=\"ab7ef86\" data-element_type=\"widget\" data-widget_type=\"html.default\">\n\t\t\t\t<div class=\"elementor-widget-container\">\n\t\t\t<div class=\"btn_devis btn_intern\"><a href=\"https:\/\/www.la-chirurgie-esthetique-maroc.com\/es\/cita\/\"><span>Presupuesto gratuito de otoplastia Marruecos<\/span><\/a><\/div>\t\t<\/div>\n\t\t\t\t<\/div>\n\t\t\t\t\t<\/div>\n\t\t<\/div>\n\t\t\t\t\t<\/div>\n\t\t<\/section>\n\t\t\t\t<section class=\"elementor-section elementor-top-section elementor-element elementor-element-896eb6b elementor-section-boxed elementor-section-height-default elementor-section-height-default\" data-id=\"896eb6b\" data-element_type=\"section\">\n\t\t\t\t\t\t<div class=\"elementor-container elementor-column-gap-default\">\n\t\t\t\t\t<div class=\"elementor-column elementor-col-100 elementor-top-column elementor-element elementor-element-fda2029\" data-id=\"fda2029\" data-element_type=\"column\">\n\t\t\t<div class=\"elementor-widget-wrap elementor-element-populated\">\n\t\t\t\t\t\t\t<\/div>\n\t\t<\/div>\n\t\t\t\t\t<\/div>\n\t\t<\/section>\n\t\t\t\t<section class=\"elementor-section elementor-top-section elementor-element elementor-element-ec39cc6 elementor-section-boxed elementor-section-height-default elementor-section-height-default\" data-id=\"ec39cc6\" data-element_type=\"section\">\n\t\t\t\t\t\t<div class=\"elementor-container elementor-column-gap-default\">\n\t\t\t\t\t<div class=\"elementor-column elementor-col-66 elementor-top-column elementor-element elementor-element-22fec68\" data-id=\"22fec68\" data-element_type=\"column\">\n\t\t\t<div class=\"elementor-widget-wrap elementor-element-populated\">\n\t\t\t\t\t\t<div class=\"elementor-element elementor-element-88ddde8 elementor-widget elementor-widget-text-editor\" data-id=\"88ddde8\" data-element_type=\"widget\" data-widget_type=\"text-editor.default\">\n\t\t\t\t<div class=\"elementor-widget-container\">\n\t\t\t\t\t\t\t<h2>Presupuesto expr\u00e9s gratuito<\/h2>\n<style>\r\n.align_center {\r\n    display: block;\r\n    text-align: center;\r\n    padding: 30px 0px;\r\n}\r\n<\/style>\r\n\r\n<div>\r\n\t<h2 class=\"align_center\">Presupuesto r\u00e1pido gratuito<\/h2>\r\n<iframe src=\"https:\/\/app.metocrm.com\/web-forms\/e1cab5bd-ef56-4a37-aa71-4857d931f368\"  height=\"800px\" width=\"100%\"  frameborder=\"0\" style=\"border-radius: 10px;\"><\/iframe>\r\n\r\n<\/div>\t\t\t\t\t\t<\/div>\n\t\t\t\t<\/div>\n\t\t\t\t\t<\/div>\n\t\t<\/div>\n\t\t\t\t<div class=\"elementor-column elementor-col-33 elementor-top-column elementor-element elementor-element-b1a54a3\" data-id=\"b1a54a3\" data-element_type=\"column\">\n\t\t\t<div class=\"elementor-widget-wrap elementor-element-populated\">\n\t\t\t\t\t\t<div class=\"elementor-element elementor-element-ecdfdfa elementor-widget elementor-widget-image\" data-id=\"ecdfdfa\" data-element_type=\"widget\" data-widget_type=\"image.default\">\n\t\t\t\t<div class=\"elementor-widget-container\">\n\t\t\t\t\t\t\t\t\t\t\t\t\t<img decoding=\"async\" width=\"508\" height=\"554\" src=\"https:\/\/www.la-chirurgie-esthetique-maroc.com\/wp-content\/uploads\/2022\/01\/la-chirurgie-esthetique-maroc_devis-1.webp\" class=\"attachment-large size-large wp-image-6422\" alt=\"\" srcset=\"https:\/\/www.la-chirurgie-esthetique-maroc.com\/wp-content\/uploads\/2022\/01\/la-chirurgie-esthetique-maroc_devis-1.webp 508w, https:\/\/www.la-chirurgie-esthetique-maroc.com\/wp-content\/uploads\/2022\/01\/la-chirurgie-esthetique-maroc_devis-1-275x300.webp 275w\" sizes=\"(max-width: 508px) 100vw, 508px\" \/>\t\t\t\t\t\t\t\t\t\t\t\t\t<\/div>\n\t\t\t\t<\/div>\n\t\t\t\t\t<\/div>\n\t\t<\/div>\n\t\t\t\t\t<\/div>\n\t\t<\/section>\n\t\t\t\t<section class=\"elementor-section elementor-top-section elementor-element elementor-element-72032f0 bg-color forme_1  elementor-section-boxed elementor-section-height-default elementor-section-height-default\" data-id=\"72032f0\" data-element_type=\"section\">\n\t\t\t\t\t\t<div class=\"elementor-container elementor-column-gap-default\">\n\t\t\t\t\t<div class=\"elementor-column elementor-col-100 elementor-top-column elementor-element elementor-element-2b33f35\" data-id=\"2b33f35\" data-element_type=\"column\">\n\t\t\t<div class=\"elementor-widget-wrap elementor-element-populated\">\n\t\t\t\t\t\t<section class=\"elementor-section elementor-inner-section elementor-element elementor-element-689ba5f elementor-section-boxed elementor-section-height-default elementor-section-height-default\" data-id=\"689ba5f\" data-element_type=\"section\">\n\t\t\t\t\t\t<div class=\"elementor-container elementor-column-gap-default\">\n\t\t\t\t\t<div class=\"elementor-column elementor-col-100 elementor-inner-column elementor-element elementor-element-b332a49\" data-id=\"b332a49\" data-element_type=\"column\">\n\t\t\t<div class=\"elementor-widget-wrap elementor-element-populated\">\n\t\t\t\t\t\t<div class=\"elementor-element elementor-element-aca3ce4 elementor-widget elementor-widget-text-editor\" data-id=\"aca3ce4\" data-element_type=\"widget\" data-widget_type=\"text-editor.default\">\n\t\t\t\t<div class=\"elementor-widget-container\">\n\t\t\t\t\t\t\t<h2>Otoplastia en Marruecos y T\u00fanez:<\/h2>\n\nLa preocupaci\u00f3n por las orejas ca\u00eddas (hojas de col) es una anomal\u00eda inquietante que afecta tanto a adultos como a ni\u00f1os. Sobre todo, influye en la evoluci\u00f3n de la psicolog\u00eda de los ni\u00f1os maltratados en la escuela, dejando secuelas irreversibles. Se trata de una imperfecci\u00f3n que puede corregirse f\u00e1cilmente con <strong>una otoplastia en Marruecos y T\u00fanez<\/strong>. Tambi\u00e9n conocida como cirug\u00eda de orejas, puede realizarse a partir de los 7 a\u00f1os.\n\nLa<strong>cirug\u00eda de orejas<\/strong> arregla permanentemente las imperfecciones de las orejas debilitando los cart\u00edlagos responsables del desprendimiento.\t\t\t\t\t\t<\/div>\n\t\t\t\t<\/div>\n\t\t\t\t\t<\/div>\n\t\t<\/div>\n\t\t\t\t\t<\/div>\n\t\t<\/section>\n\t\t\t\t<section class=\"elementor-section elementor-inner-section elementor-element elementor-element-b6c9706 elementor-section-boxed elementor-section-height-default elementor-section-height-default\" data-id=\"b6c9706\" data-element_type=\"section\">\n\t\t\t\t\t\t<div class=\"elementor-container elementor-column-gap-default\">\n\t\t\t\t\t<div class=\"elementor-column elementor-col-100 elementor-inner-column elementor-element elementor-element-c4c46e1\" data-id=\"c4c46e1\" data-element_type=\"column\">\n\t\t\t<div class=\"elementor-widget-wrap elementor-element-populated\">\n\t\t\t\t\t\t<div class=\"elementor-element elementor-element-06633a4 elementor-widget elementor-widget-text-editor\" data-id=\"06633a4\" data-element_type=\"widget\" data-widget_type=\"text-editor.default\">\n\t\t\t\t<div class=\"elementor-widget-container\">\n\t\t\t\t\t\t\t<h2>Otoplastia en Marruecos :<\/h2>\nEl diagn\u00f3stico preoperatorio que concluye la pertinencia de la <strong>otoplastia<\/strong> se refiere a 3 tipos de anomal\u00edas:\n<ul class=\"liste-page\">\n \t<li>La presencia de un \u00e1ngulo retroauricular excesivamente grande.<\/li>\n \t<li>Una hipertrofia de la concha<\/li>\n \t<li>Un defecto en el plegamiento del cart\u00edlago<\/li>\n<\/ul>\nPrimero se realiza una discreta incisi\u00f3n en la parte posterior de la oreja. A continuaci\u00f3n, se remodelan los cart\u00edlagos de las orejas para darles una forma natural en armon\u00eda con la forma de la cara. A veces es necesario hacer una correcci\u00f3n del l\u00f3bulo sobreproyectado.\n\nLas suturas se realizan con suturas absorbibles despu\u00e9s de la reimplantaci\u00f3n. La otoplastia se realiza bajo anestesia local con la adici\u00f3n de un sedante. Dura 45 minutos y requiere pasar una noche en el hospital.\n\t\t\t\t\t\t<\/div>\n\t\t\t\t<\/div>\n\t\t\t\t\t<\/div>\n\t\t<\/div>\n\t\t\t\t\t<\/div>\n\t\t<\/section>\n\t\t\t\t\t<\/div>\n\t\t<\/div>\n\t\t\t\t\t<\/div>\n\t\t<\/section>\n\t\t\t\t<section class=\"elementor-section elementor-top-section elementor-element elementor-element-5ecfb7c elementor-section-boxed elementor-section-height-default elementor-section-height-default\" data-id=\"5ecfb7c\" data-element_type=\"section\">\n\t\t\t\t\t\t<div class=\"elementor-container elementor-column-gap-default\">\n\t\t\t\t\t<div class=\"elementor-column elementor-col-100 elementor-top-column elementor-element elementor-element-fb659dd\" data-id=\"fb659dd\" data-element_type=\"column\">\n\t\t\t<div class=\"elementor-widget-wrap elementor-element-populated\">\n\t\t\t\t\t\t<div class=\"elementor-element elementor-element-119aae8 elementor-widget elementor-widget-text-editor\" data-id=\"119aae8\" data-element_type=\"widget\" data-widget_type=\"text-editor.default\">\n\t\t\t\t<div class=\"elementor-widget-container\">\n\t\t\t\t\t\t\t<h2>Postoperatorios y resultados<\/h2>\nSe aplica un vendaje de presi\u00f3n ligera. Se retira al d\u00eda siguiente de salir del quir\u00f3fano. Para evitar la infecci\u00f3n, se prescriben sistem\u00e1ticamente antibi\u00f3ticos durante 24 horas. La otoplastia es un <a href=\"http:\/\/www.la-chirurgie-esthetique-maroc.com\/\">procedimiento de reparaci\u00f3n<\/a> facial poco doloroso, se recetan analg\u00e9sicos para calmar la tirantez.\n\nLas orejas est\u00e1n un poco demasiado pegadas al llevar la diadema. En los dos meses siguientes a la operaci\u00f3n, adquieren un aspecto natural al despegarse en la posici\u00f3n normal. La <strong>cirug\u00eda est\u00e9tica de orejas<\/strong> no es perjudicial para la audici\u00f3n. El resultado final es visible al cabo de 6 meses.\n\nSi busca detalles sobre la otoplastia Marruecos, nuestra cl\u00ednica le ofrece precios m\u00e1s baratos que en Marruecos con una estancia m\u00e9dica todo incluido con los mejores cirujanos pl\u00e1sticos de T\u00fanez. Solicite su presupuesto gratuito para comparar T\u00fanez y Marruecos.\t\t\t\t\t\t<\/div>\n\t\t\t\t<\/div>\n\t\t\t\t\t<\/div>\n\t\t<\/div>\n\t\t\t\t\t<\/div>\n\t\t<\/section>\n\t\t\t\t<section class=\"elementor-section elementor-top-section elementor-element elementor-element-abc974f center elementor-section-boxed elementor-section-height-default elementor-section-height-default\" data-id=\"abc974f\" data-element_type=\"section\">\n\t\t\t\t\t\t<div class=\"elementor-container elementor-column-gap-default\">\n\t\t\t\t\t<div class=\"elementor-column elementor-col-100 elementor-top-column elementor-element elementor-element-98ba3b2\" data-id=\"98ba3b2\" data-element_type=\"column\">\n\t\t\t<div class=\"elementor-widget-wrap elementor-element-populated\">\n\t\t\t\t\t\t<div class=\"elementor-element elementor-element-7418568 elementor-widget elementor-widget-html\" data-id=\"7418568\" data-element_type=\"widget\" data-widget_type=\"html.default\">\n\t\t\t\t<div class=\"elementor-widget-container\">\n\t\t\t<div class=\"btn_devis btn_intern\"><a href=\"https:\/\/www.la-chirurgie-esthetique-maroc.com\/es\/cita\/\"><span>Presupuesto gratuito de cirug\u00eda de orejas precio barato<\/span><\/a><\/div>\t\t<\/div>\n\t\t\t\t<\/div>\n\t\t\t\t\t<\/div>\n\t\t<\/div>\n\t\t\t\t\t<\/div>\n\t\t<\/section>\n\t\t\t\t<\/div>\n\t\t","protected":false},"excerpt":{"rendered":"<p>\u00bfBusca precios de otoplastia en Marruecos? Nuestra cl\u00ednica le ofrece el precio de otoplastia m\u00e1s barato en T\u00fanez que en Marruecos. El precio de una estancia m\u00e9dica es de 1.600 euros con todo incluido. Para tener m\u00e1s detalles sobre nuestra oferta de cirug\u00eda en T\u00fanez, puede solicitar su presupuesto gratuito en nuestra cl\u00ednica. Aqu\u00ed est\u00e1 [&hellip;]<\/p>\n","protected":false},"author":1,"featured_media":6425,"parent":0,"menu_order":0,"comment_status":"closed","ping_status":"closed","template":"","meta":{"footnotes":""},"class_list":["post-6605","page","type-page","status-publish","has-post-thumbnail","hentry"],"yoast_head":"<!-- This site is optimized with the Yoast SEO plugin v27.3 - https:\/\/yoast.com\/product\/yoast-seo-wordpress\/ -->\n<title>Otoplastia precio Marruecos \u2600\ufe0f cirug\u00eda de orejas de soplillo precio barato<\/title>\n<meta name=\"description\" content=\"Otoplastia precio Marruecos : cirug\u00eda de orejas de soplillo \u2705 con precio barato en nuestra cl\u00ednica \u2b50 Pide tu presupuesto gratuito y personalizado.\" \/>\n<meta name=\"robots\" content=\"index, follow, max-snippet:-1, max-image-preview:large, max-video-preview:-1\" \/>\n<link rel=\"canonical\" href=\"https:\/\/www.la-chirurgie-esthetique-maroc.com\/es\/otoplastia\/\" \/>\n<meta property=\"og:locale\" content=\"es_ES\" \/>\n<meta property=\"og:type\" content=\"article\" \/>\n<meta property=\"og:title\" content=\"Otoplastia precio Marruecos \u2600\ufe0f cirug\u00eda de orejas de soplillo precio barato\" \/>\n<meta property=\"og:description\" content=\"Otoplastia precio Marruecos : cirug\u00eda de orejas de soplillo \u2705 con precio barato en nuestra cl\u00ednica \u2b50 Pide tu presupuesto gratuito y personalizado.\" \/>\n<meta property=\"og:url\" content=\"https:\/\/www.la-chirurgie-esthetique-maroc.com\/es\/otoplastia\/\" \/>\n<meta property=\"og:site_name\" content=\"Chirurgie esthetique Maroc\" \/>\n<meta property=\"article:modified_time\" content=\"2024-02-22T12:31:19+00:00\" \/>\n<meta property=\"og:image\" content=\"https:\/\/www.la-chirurgie-esthetique-maroc.com\/wp-content\/uploads\/2022\/01\/header_visage.png\" \/>\n\t<meta property=\"og:image:width\" content=\"552\" \/>\n\t<meta property=\"og:image:height\" content=\"612\" \/>\n\t<meta property=\"og:image:type\" content=\"image\/png\" \/>\n<meta name=\"twitter:card\" content=\"summary_large_image\" \/>\n<meta name=\"twitter:label1\" content=\"Tiempo de lectura\" \/>\n\t<meta name=\"twitter:data1\" content=\"3 minutos\" \/>\n<!-- \/ Yoast SEO plugin. -->","yoast_head_json":{"title":"Otoplastia precio Marruecos \u2600\ufe0f cirug\u00eda de orejas de soplillo precio barato","description":"Otoplastia precio Marruecos : cirug\u00eda de orejas de soplillo \u2705 con precio barato en nuestra cl\u00ednica \u2b50 Pide tu presupuesto gratuito y personalizado.","robots":{"index":"index","follow":"follow","max-snippet":"max-snippet:-1","max-image-preview":"max-image-preview:large","max-video-preview":"max-video-preview:-1"},"canonical":"https:\/\/www.la-chirurgie-esthetique-maroc.com\/es\/otoplastia\/","og_locale":"es_ES","og_type":"article","og_title":"Otoplastia precio Marruecos \u2600\ufe0f cirug\u00eda de orejas de soplillo precio barato","og_description":"Otoplastia precio Marruecos : cirug\u00eda de orejas de soplillo \u2705 con precio barato en nuestra cl\u00ednica \u2b50 Pide tu presupuesto gratuito y personalizado.","og_url":"https:\/\/www.la-chirurgie-esthetique-maroc.com\/es\/otoplastia\/","og_site_name":"Chirurgie esthetique Maroc","article_modified_time":"2024-02-22T12:31:19+00:00","og_image":[{"width":552,"height":612,"url":"https:\/\/www.la-chirurgie-esthetique-maroc.com\/wp-content\/uploads\/2022\/01\/header_visage.png","type":"image\/png"}],"twitter_card":"summary_large_image","twitter_misc":{"Tiempo de lectura":"3 minutos"},"schema":{"@context":"https:\/\/schema.org","@graph":[{"@type":"WebPage","@id":"https:\/\/www.la-chirurgie-esthetique-maroc.com\/es\/otoplastia\/","url":"https:\/\/www.la-chirurgie-esthetique-maroc.com\/es\/otoplastia\/","name":"Otoplastia precio Marruecos \u2600\ufe0f cirug\u00eda de orejas de soplillo precio barato","isPartOf":{"@id":"https:\/\/www.la-chirurgie-esthetique-maroc.com\/es\/#website"},"primaryImageOfPage":{"@id":"https:\/\/www.la-chirurgie-esthetique-maroc.com\/es\/otoplastia\/#primaryimage"},"image":{"@id":"https:\/\/www.la-chirurgie-esthetique-maroc.com\/es\/otoplastia\/#primaryimage"},"thumbnailUrl":"https:\/\/www.la-chirurgie-esthetique-maroc.com\/wp-content\/uploads\/2022\/01\/header_visage.png","datePublished":"2016-06-23T12:29:24+00:00","dateModified":"2024-02-22T12:31:19+00:00","description":"Otoplastia precio Marruecos : cirug\u00eda de orejas de soplillo \u2705 con precio barato en nuestra cl\u00ednica \u2b50 Pide tu presupuesto gratuito y personalizado.","breadcrumb":{"@id":"https:\/\/www.la-chirurgie-esthetique-maroc.com\/es\/otoplastia\/#breadcrumb"},"inLanguage":"es","potentialAction":[{"@type":"ReadAction","target":["https:\/\/www.la-chirurgie-esthetique-maroc.com\/es\/otoplastia\/"]}]},{"@type":"ImageObject","inLanguage":"es","@id":"https:\/\/www.la-chirurgie-esthetique-maroc.com\/es\/otoplastia\/#primaryimage","url":"https:\/\/www.la-chirurgie-esthetique-maroc.com\/wp-content\/uploads\/2022\/01\/header_visage.png","contentUrl":"https:\/\/www.la-chirurgie-esthetique-maroc.com\/wp-content\/uploads\/2022\/01\/header_visage.png","width":552,"height":612},{"@type":"BreadcrumbList","@id":"https:\/\/www.la-chirurgie-esthetique-maroc.com\/es\/otoplastia\/#breadcrumb","itemListElement":[{"@type":"ListItem","position":1,"name":"Accueil","item":"https:\/\/www.la-chirurgie-esthetique-maroc.com\/es\/"},{"@type":"ListItem","position":2,"name":"Precio otoplastia Marruecos vs Precio otoplastia T\u00fanez"}]},{"@type":"WebSite","@id":"https:\/\/www.la-chirurgie-esthetique-maroc.com\/es\/#website","url":"https:\/\/www.la-chirurgie-esthetique-maroc.com\/es\/","name":"Chirurgie esthetique Maroc","description":"","publisher":{"@id":"https:\/\/www.la-chirurgie-esthetique-maroc.com\/es\/#organization"},"potentialAction":[{"@type":"SearchAction","target":{"@type":"EntryPoint","urlTemplate":"https:\/\/www.la-chirurgie-esthetique-maroc.com\/es\/?s={search_term_string}"},"query-input":{"@type":"PropertyValueSpecification","valueRequired":true,"valueName":"search_term_string"}}],"inLanguage":"es"},{"@type":"Organization","@id":"https:\/\/www.la-chirurgie-esthetique-maroc.com\/es\/#organization","name":"Chirurgie esthetique Maroc","url":"https:\/\/www.la-chirurgie-esthetique-maroc.com\/es\/","logo":{"@type":"ImageObject","inLanguage":"es","@id":"https:\/\/www.la-chirurgie-esthetique-maroc.com\/es\/#\/schema\/logo\/image\/","url":"https:\/\/www.la-chirurgie-esthetique-maroc.com\/wp-content\/uploads\/2022\/01\/cem3.png","contentUrl":"https:\/\/www.la-chirurgie-esthetique-maroc.com\/wp-content\/uploads\/2022\/01\/cem3.png","width":125,"height":41,"caption":"Chirurgie esthetique Maroc"},"image":{"@id":"https:\/\/www.la-chirurgie-esthetique-maroc.com\/es\/#\/schema\/logo\/image\/"}}]}},"_links":{"self":[{"href":"https:\/\/www.la-chirurgie-esthetique-maroc.com\/es\/wp-json\/wp\/v2\/pages\/6605","targetHints":{"allow":["GET"]}}],"collection":[{"href":"https:\/\/www.la-chirurgie-esthetique-maroc.com\/es\/wp-json\/wp\/v2\/pages"}],"about":[{"href":"https:\/\/www.la-chirurgie-esthetique-maroc.com\/es\/wp-json\/wp\/v2\/types\/page"}],"author":[{"embeddable":true,"href":"https:\/\/www.la-chirurgie-esthetique-maroc.com\/es\/wp-json\/wp\/v2\/users\/1"}],"replies":[{"embeddable":true,"href":"https:\/\/www.la-chirurgie-esthetique-maroc.com\/es\/wp-json\/wp\/v2\/comments?post=6605"}],"version-history":[{"count":10,"href":"https:\/\/www.la-chirurgie-esthetique-maroc.com\/es\/wp-json\/wp\/v2\/pages\/6605\/revisions"}],"predecessor-version":[{"id":8404,"href":"https:\/\/www.la-chirurgie-esthetique-maroc.com\/es\/wp-json\/wp\/v2\/pages\/6605\/revisions\/8404"}],"wp:featuredmedia":[{"embeddable":true,"href":"https:\/\/www.la-chirurgie-esthetique-maroc.com\/es\/wp-json\/wp\/v2\/media\/6425"}],"wp:attachment":[{"href":"https:\/\/www.la-chirurgie-esthetique-maroc.com\/es\/wp-json\/wp\/v2\/media?parent=6605"}],"curies":[{"name":"wp","href":"https:\/\/api.w.org\/{rel}","templated":true}]}}