{"id":6611,"date":"2021-11-11T14:36:43","date_gmt":"2021-11-11T13:36:43","guid":{"rendered":"https:\/\/www.la-chirurgie-esthetique-maroc.com\/bichectomia-marruecos-eliminar-la-grasa-de-la-boca\/"},"modified":"2023-05-29T11:59:50","modified_gmt":"2023-05-29T09:59:50","slug":"bichectomia","status":"publish","type":"page","link":"https:\/\/www.la-chirurgie-esthetique-maroc.com\/es\/bichectomia\/","title":{"rendered":"Bichectom\u00eda Marruecos: eliminar la grasa de la boca"},"content":{"rendered":"\t\t<div data-elementor-type=\"wp-page\" data-elementor-id=\"6611\" class=\"elementor elementor-6611 elementor-3732\">\n\t\t\t\t\t\t<section class=\"elementor-section elementor-top-section elementor-element elementor-element-8cf7aa9 elementor-section-boxed elementor-section-height-default elementor-section-height-default\" data-id=\"8cf7aa9\" data-element_type=\"section\">\n\t\t\t\t\t\t<div class=\"elementor-container elementor-column-gap-default\">\n\t\t\t\t\t<div class=\"elementor-column elementor-col-33 elementor-top-column elementor-element elementor-element-6a9af2c\" data-id=\"6a9af2c\" data-element_type=\"column\">\n\t\t\t<div class=\"elementor-widget-wrap elementor-element-populated\">\n\t\t\t\t\t\t<div class=\"elementor-element elementor-element-a3f979f elementor-widget elementor-widget-text-editor\" data-id=\"a3f979f\" data-element_type=\"widget\" data-widget_type=\"text-editor.default\">\n\t\t\t\t<div class=\"elementor-widget-container\">\n\t\t\t\t\t\t\t<p><img decoding=\"async\" class=\"aligncenter \" src=\"https:\/\/www.la-chirurgie-esthetique-maroc.com\/wp-content\/uploads\/2022\/01\/bichectomie-Maroc.webp\" alt=\"bichectom\u00eda precio Marruecos\"><\/p>\n\t\t\t\t\t\t<\/div>\n\t\t\t\t<\/div>\n\t\t\t\t\t<\/div>\n\t\t<\/div>\n\t\t\t\t<div class=\"elementor-column elementor-col-66 elementor-top-column elementor-element elementor-element-1b959df align_content_center\" data-id=\"1b959df\" data-element_type=\"column\">\n\t\t\t<div class=\"elementor-widget-wrap elementor-element-populated\">\n\t\t\t\t\t\t<div class=\"elementor-element elementor-element-b041b12 elementor-widget elementor-widget-text-editor\" data-id=\"b041b12\" data-element_type=\"widget\" data-widget_type=\"text-editor.default\">\n\t\t\t\t<div class=\"elementor-widget-container\">\n\t\t\t\t\t\t\tHoy en d\u00eda, hombres y mujeres hacen lo que sea para parecer j\u00f3venes y sanos, y algunas intervenciones son inevitables cuando el ejercicio y la dieta no surten efecto. Hay varias intervenciones quir\u00fargicas y est\u00e9ticas muy conocidas, como la rinoplastia, la otoplastia, el lifting brasile\u00f1o de gl\u00fateos o el botox, que pueden mejorar su aspecto.\n\n\n\nSin embargo, hay un procedimiento que ha ido ganando popularidad en los \u00faltimos a\u00f1os por sus resultados a corto plazo y su r\u00e1pida recuperaci\u00f3n. Se trata de la eliminaci\u00f3n de la grasa de la boca, tambi\u00e9n conocida como <strong>bichectom\u00eda en Marruecos<\/strong>.\t\t\t\t\t\t<\/div>\n\t\t\t\t<\/div>\n\t\t\t\t<div class=\"elementor-element elementor-element-543d472 elementor-widget elementor-widget-text-editor\" data-id=\"543d472\" data-element_type=\"widget\" data-widget_type=\"text-editor.default\">\n\t\t\t\t<div class=\"elementor-widget-container\">\n\t\t\t\t\t\t\t<h2>\u00bfCu\u00e1nto cuesta una bichectom\u00eda en Marruecos?<\/h2>\nEl <strong>precio de una bichectom\u00eda en Marruecos<\/strong> es \u00fanico para cada paciente. De hecho, este precio incluye varios factores, como el coste de la operaci\u00f3n en s\u00ed, la entrevista con el anestesista y algunos medicamentos postoperatorios. En cualquier caso, durante su consulta, recibir\u00e1 una estimaci\u00f3n personal y detallada del coste total de su bichectom\u00eda con el cirujano, s\u00f3lo tiene que <a href=\"https:\/\/www.la-chirurgie-esthetique-maroc.com\/es\/cita\/\">solicitar su presupuesto gratuito<\/a>.\n\t\t\t\t\t\t<\/div>\n\t\t\t\t<\/div>\n\t\t\t\t\t<\/div>\n\t\t<\/div>\n\t\t\t\t\t<\/div>\n\t\t<\/section>\n\t\t\t\t<section class=\"elementor-section elementor-top-section elementor-element elementor-element-2e144c1 elementor-section-boxed elementor-section-height-default elementor-section-height-default\" data-id=\"2e144c1\" data-element_type=\"section\">\n\t\t\t\t\t\t<div class=\"elementor-container elementor-column-gap-default\">\n\t\t\t\t\t<div class=\"elementor-column elementor-col-100 elementor-top-column elementor-element elementor-element-95f07cf\" data-id=\"95f07cf\" data-element_type=\"column\">\n\t\t\t<div class=\"elementor-widget-wrap\">\n\t\t\t\t\t\t\t<\/div>\n\t\t<\/div>\n\t\t\t\t\t<\/div>\n\t\t<\/section>\n\t\t\t\t<section class=\"elementor-section elementor-top-section elementor-element elementor-element-90a6e1f elementor-section-boxed elementor-section-height-default elementor-section-height-default\" data-id=\"90a6e1f\" data-element_type=\"section\">\n\t\t\t\t\t\t<div class=\"elementor-container elementor-column-gap-default\">\n\t\t\t\t\t<div class=\"elementor-column elementor-col-66 elementor-top-column elementor-element elementor-element-c3a7dfa\" data-id=\"c3a7dfa\" data-element_type=\"column\">\n\t\t\t<div class=\"elementor-widget-wrap elementor-element-populated\">\n\t\t\t\t\t\t<div class=\"elementor-element elementor-element-3ac71ed elementor-widget elementor-widget-text-editor\" data-id=\"3ac71ed\" data-element_type=\"widget\" data-widget_type=\"text-editor.default\">\n\t\t\t\t<div class=\"elementor-widget-container\">\n\t\t\t\t\t\t\t<h2>Presupuesto expr\u00e9s gratuito<\/h2>\n<style>\r\n.align_center {\r\n    display: block;\r\n    text-align: center;\r\n    padding: 30px 0px;\r\n}\r\n<\/style>\r\n\r\n<div>\r\n\t<h2 class=\"align_center\">Presupuesto r\u00e1pido gratuito<\/h2>\r\n<iframe src=\"https:\/\/app.metocrm.com\/web-forms\/e1cab5bd-ef56-4a37-aa71-4857d931f368\"  height=\"800px\" width=\"100%\"  frameborder=\"0\" style=\"border-radius: 10px;\"><\/iframe>\r\n\r\n<\/div>\t\t\t\t\t\t<\/div>\n\t\t\t\t<\/div>\n\t\t\t\t\t<\/div>\n\t\t<\/div>\n\t\t\t\t<div class=\"elementor-column elementor-col-33 elementor-top-column elementor-element elementor-element-be94ec8\" data-id=\"be94ec8\" data-element_type=\"column\">\n\t\t\t<div class=\"elementor-widget-wrap elementor-element-populated\">\n\t\t\t\t\t\t<div class=\"elementor-element elementor-element-1eb9233 elementor-widget elementor-widget-image\" data-id=\"1eb9233\" data-element_type=\"widget\" data-widget_type=\"image.default\">\n\t\t\t\t<div class=\"elementor-widget-container\">\n\t\t\t\t\t\t\t\t\t\t\t\t\t<img fetchpriority=\"high\" decoding=\"async\" width=\"508\" height=\"554\" src=\"https:\/\/www.la-chirurgie-esthetique-maroc.com\/wp-content\/uploads\/2022\/01\/la-chirurgie-esthetique-maroc_devis-1.webp\" class=\"attachment-large size-large wp-image-6422\" alt=\"\" srcset=\"https:\/\/www.la-chirurgie-esthetique-maroc.com\/wp-content\/uploads\/2022\/01\/la-chirurgie-esthetique-maroc_devis-1.webp 508w, https:\/\/www.la-chirurgie-esthetique-maroc.com\/wp-content\/uploads\/2022\/01\/la-chirurgie-esthetique-maroc_devis-1-275x300.webp 275w\" sizes=\"(max-width: 508px) 100vw, 508px\" \/>\t\t\t\t\t\t\t\t\t\t\t\t\t<\/div>\n\t\t\t\t<\/div>\n\t\t\t\t\t<\/div>\n\t\t<\/div>\n\t\t\t\t\t<\/div>\n\t\t<\/section>\n\t\t\t\t<section class=\"elementor-section elementor-top-section elementor-element elementor-element-966fc00 bg-color forme_1  elementor-section-boxed elementor-section-height-default elementor-section-height-default\" data-id=\"966fc00\" data-element_type=\"section\">\n\t\t\t\t\t\t<div class=\"elementor-container elementor-column-gap-default\">\n\t\t\t\t\t<div class=\"elementor-column elementor-col-100 elementor-top-column elementor-element elementor-element-d0a1e58\" data-id=\"d0a1e58\" data-element_type=\"column\">\n\t\t\t<div class=\"elementor-widget-wrap elementor-element-populated\">\n\t\t\t\t\t\t<div class=\"elementor-element elementor-element-86736ed elementor-widget elementor-widget-text-editor\" data-id=\"86736ed\" data-element_type=\"widget\" data-widget_type=\"text-editor.default\">\n\t\t\t\t<div class=\"elementor-widget-container\">\n\t\t\t\t\t\t\t<h2>\u00bfQu\u00e9 es la bichectom\u00eda?<\/h2>\nLa bichectom\u00eda es un procedimiento est\u00e9tico facial que consiste en <strong>extirpar las bolas de bichat<\/strong>, es decir, las masas grasas situadas en el centro de las mejillas. Tranquilos, las bolas de bichat no son esenciales para el organismo y su funci\u00f3n principal es masticar y mamar para los beb\u00e9s en los primeros a\u00f1os de vida.\t\t\t\t\t\t<\/div>\n\t\t\t\t<\/div>\n\t\t\t\t<section class=\"elementor-section elementor-inner-section elementor-element elementor-element-4b2f2af elementor-section-boxed elementor-section-height-default elementor-section-height-default\" data-id=\"4b2f2af\" data-element_type=\"section\">\n\t\t\t\t\t\t<div class=\"elementor-container elementor-column-gap-default\">\n\t\t\t\t\t<div class=\"elementor-column elementor-col-50 elementor-inner-column elementor-element elementor-element-290585a\" data-id=\"290585a\" data-element_type=\"column\">\n\t\t\t<div class=\"elementor-widget-wrap elementor-element-populated\">\n\t\t\t\t\t\t<div class=\"elementor-element elementor-element-26c55fb elementor-widget elementor-widget-text-editor\" data-id=\"26c55fb\" data-element_type=\"widget\" data-widget_type=\"text-editor.default\">\n\t\t\t\t<div class=\"elementor-widget-container\">\n\t\t\t\t\t\t\t<p><img decoding=\"async\" class=\"aligncenter wp-image-3735 size-medium\" src=\"https:\/\/www.la-chirurgie-esthetique-maroc.com\/wp-content\/uploads\/2021\/11\/bichectomie-au-Maroc-300x197.jpg\" alt=\"bichectom\u00eda en Marruecos\" width=\"300\" height=\"197\" srcset=\"https:\/\/www.la-chirurgie-esthetique-maroc.com\/wp-content\/uploads\/2021\/11\/bichectomie-au-Maroc-300x197.jpg 300w, https:\/\/www.la-chirurgie-esthetique-maroc.com\/wp-content\/uploads\/2021\/11\/bichectomie-au-Maroc.jpg 768w\" sizes=\"(max-width: 300px) 100vw, 300px\" \/><\/p>\n\t\t\t\t\t\t<\/div>\n\t\t\t\t<\/div>\n\t\t\t\t\t<\/div>\n\t\t<\/div>\n\t\t\t\t<div class=\"elementor-column elementor-col-50 elementor-inner-column elementor-element elementor-element-d0f3b36 align_content_center\" data-id=\"d0f3b36\" data-element_type=\"column\">\n\t\t\t<div class=\"elementor-widget-wrap elementor-element-populated\">\n\t\t\t\t\t\t<div class=\"elementor-element elementor-element-8b9f132 elementor-widget elementor-widget-text-editor\" data-id=\"8b9f132\" data-element_type=\"widget\" data-widget_type=\"text-editor.default\">\n\t\t\t\t<div class=\"elementor-widget-container\">\n\t\t\t\t\t\t\t<h2>Bichectom\u00eda en Marruecos: \u00bfpara qui\u00e9n es?<\/h2>\nLa <strong>bichectom\u00eda en<\/strong> Marruecos es para los adultos que, a pesar de la dieta y el ejercicio, siguen teniendo las mejillas hinchadas que hacen que la cara parezca redonda y desean deshacerse de ellas para definir y armonizar mejor los rasgos faciales.\n\nNo obstante, es necesario el consejo de su cirujano. Le examinar\u00e1, le dar\u00e1 los mejores consejos y responder\u00e1 a todas sus preguntas.\t\t\t\t\t\t<\/div>\n\t\t\t\t<\/div>\n\t\t\t\t\t<\/div>\n\t\t<\/div>\n\t\t\t\t\t<\/div>\n\t\t<\/section>\n\t\t\t\t\t<\/div>\n\t\t<\/div>\n\t\t\t\t\t<\/div>\n\t\t<\/section>\n\t\t\t\t<section class=\"elementor-section elementor-top-section elementor-element elementor-element-524c0d97 elementor-section-boxed elementor-section-height-default elementor-section-height-default\" data-id=\"524c0d97\" data-element_type=\"section\">\n\t\t\t\t\t\t<div class=\"elementor-container elementor-column-gap-default\">\n\t\t\t\t\t<div class=\"elementor-column elementor-col-100 elementor-top-column elementor-element elementor-element-24d3f577\" data-id=\"24d3f577\" data-element_type=\"column\">\n\t\t\t<div class=\"elementor-widget-wrap elementor-element-populated\">\n\t\t\t\t\t\t<div class=\"elementor-element elementor-element-3969fb18 elementor-widget elementor-widget-text-editor\" data-id=\"3969fb18\" data-element_type=\"widget\" data-widget_type=\"text-editor.default\">\n\t\t\t\t<div class=\"elementor-widget-container\">\n\t\t\t\t\t\t\t<h2>\u00bfC\u00f3mo funciona la intervenci\u00f3n?<\/h2>\nLa intervenci\u00f3n de eliminaci\u00f3n de bolsas de grasa bucal se realiza en un centro de cirug\u00eda ambulatoria y los pacientes pueden volver a casa el mismo d\u00eda para iniciar el proceso de recuperaci\u00f3n. La cirug\u00eda en s\u00ed s\u00f3lo dura entre 30 y 60 minutos, pero cuando se combina con otros procedimientos de rejuvenecimiento facial, el tiempo total de la cirug\u00eda es mucho mayor.\n\nDurante la intervenci\u00f3n, el cirujano realiza una peque\u00f1a incisi\u00f3n en el interior de la mejilla, cerca de las bolsas de grasa. Una vez localizadas las almohadillas, el cirujano procede a eliminar suavemente los dep\u00f3sitos de grasa bucal. El resultado es un rostro m\u00e1s esculpido y natural, sin cicatrices visibles. Y cuando ha completado su extracci\u00f3n, sutura las incisiones realizadas.\n<h2>\u00bfC\u00f3mo es la recuperaci\u00f3n de una bichectom\u00eda?<\/h2>\nLa cirug\u00eda de<strong>eliminaci\u00f3n de grasa<\/strong> oral requiere muy poco tiempo de inactividad. Por lo general, el paciente puede volver al trabajo pocos d\u00edas despu\u00e9s de la operaci\u00f3n. No hay cicatrices visibles, ya que las incisiones quedan ocultas en la boca.\n\nEs normal sentir algo de dolor y molestias despu\u00e9s de la intervenci\u00f3n. Es posible que tenga dificultades para masticar durante unos d\u00edas, hasta una semana, debido a la cicatrizaci\u00f3n de las incisiones dentro de la boca y a la hinchaz\u00f3n provocada por la intervenci\u00f3n. La inflamaci\u00f3n y los hematomas ser\u00e1n m\u00ednimos durante unos 3 d\u00edas. Las compresas de hielo y la elevaci\u00f3n de la cabeza ayudan a reducir la hinchaz\u00f3n y los hematomas.\n\nPara recuperarse totalmente de la <strong>bichectom\u00eda<\/strong>, algunos pacientes pueden necesitar 14 d\u00edas. Durante este tiempo, el paciente debe seguir las instrucciones del m\u00e9dico en cuanto a cuidados y alimentaci\u00f3n.\n\t\t\t\t\t\t<\/div>\n\t\t\t\t<\/div>\n\t\t\t\t\t<\/div>\n\t\t<\/div>\n\t\t\t\t\t<\/div>\n\t\t<\/section>\n\t\t\t\t<section class=\"elementor-section elementor-top-section elementor-element elementor-element-fd47c54 bg-color forme_1  elementor-section-boxed elementor-section-height-default elementor-section-height-default\" data-id=\"fd47c54\" data-element_type=\"section\">\n\t\t\t\t\t\t<div class=\"elementor-container elementor-column-gap-default\">\n\t\t\t\t\t<div class=\"elementor-column elementor-col-100 elementor-top-column elementor-element elementor-element-aa0b2a1\" data-id=\"aa0b2a1\" data-element_type=\"column\">\n\t\t\t<div class=\"elementor-widget-wrap elementor-element-populated\">\n\t\t\t\t\t\t<div class=\"elementor-element elementor-element-15fcbc1 elementor-widget elementor-widget-text-editor\" data-id=\"15fcbc1\" data-element_type=\"widget\" data-widget_type=\"text-editor.default\">\n\t\t\t\t<div class=\"elementor-widget-container\">\n\t\t\t\t\t\t\t<h2>Bichectom\u00eda: \u00bfcu\u00e1les son las complicaciones y los efectos secundarios?<\/h2>\nLa bichectom\u00eda, como cualquier otro procedimiento quir\u00fargico, conlleva riesgos, posibles complicaciones y efectos secundarios. Suelen incluir:\n<ul class=\"liste-page\">\n \t<li>Sangrado<\/li>\n \t<li>Infecci\u00f3n<\/li>\n \t<li>Mala cicatrizaci\u00f3n de las incisiones<\/li>\n \t<li>Hematoma<\/li>\n \t<li>Riesgos de la anestesia<\/li>\n \t<li>Acumulaci\u00f3n de l\u00edquido (seroma)<\/li>\n \t<li>Entumecimiento u otros cambios en la sensibilidad<\/li>\n \t<li>Hinchaz\u00f3n prolongada<\/li>\n \t<li>Lesi\u00f3n de un conducto salival<\/li>\n \t<li>Trombosis venosa profunda, complicaciones card\u00edacas y pulmonares<\/li>\n \t<li>Asimetr\u00eda<\/li>\n \t<li>Resultado est\u00e9tico sub\u00f3ptimo y\/o cambios m\u00ednimos<\/li>\n \t<li>Posibilidad de cirug\u00eda de revisi\u00f3n<\/li>\n \t<li>Dolor persistente<\/li>\n<\/ul>\nRecuerde que toda cirug\u00eda tendr\u00e1 complicaciones si no sigue las instrucciones del m\u00e9dico.\t\t\t\t\t\t<\/div>\n\t\t\t\t<\/div>\n\t\t\t\t\t<\/div>\n\t\t<\/div>\n\t\t\t\t\t<\/div>\n\t\t<\/section>\n\t\t\t\t<section class=\"elementor-section elementor-top-section elementor-element elementor-element-33c02fc elementor-section-boxed elementor-section-height-default elementor-section-height-default\" data-id=\"33c02fc\" data-element_type=\"section\">\n\t\t\t\t\t\t<div class=\"elementor-container elementor-column-gap-default\">\n\t\t\t\t\t<div class=\"elementor-column elementor-col-100 elementor-top-column elementor-element elementor-element-ef3b7b0\" data-id=\"ef3b7b0\" data-element_type=\"column\">\n\t\t\t<div class=\"elementor-widget-wrap elementor-element-populated\">\n\t\t\t\t\t\t<div class=\"elementor-element elementor-element-f50e6bc elementor-widget elementor-widget-text-editor\" data-id=\"f50e6bc\" data-element_type=\"widget\" data-widget_type=\"text-editor.default\">\n\t\t\t\t<div class=\"elementor-widget-container\">\n\t\t\t\t\t\t\t<h2>Bichectom\u00eda Marruecos: \u00bfc\u00f3mo son los resultados?<\/h2>\nLa <strong>bichectom\u00eda en<\/strong> Marruecos ofrece resultados inmediatos una vez realizada la cirug\u00eda. Por otro lado, deber\u00e1 esperar a la reabsorci\u00f3n completa de la inflamaci\u00f3n de la mejilla y de las cicatrices para observar los resultados completos y definitivos de su bichectom\u00eda.\n\nPor ejemplo, en pacientes con piel fina y flexible, el resultado final s\u00f3lo es visible al cabo de 6 semanas. Para los pacientes con piel gruesa y firme, el resultado final s\u00f3lo es visible al cabo de 3 meses.\n\nPor \u00faltimo, debe saber que es bastante normal tener hinchaz\u00f3n en las zonas donde se han realizado las incisiones durante los primeros d\u00edas despu\u00e9s de la bichectom\u00eda.\t\t\t\t\t\t<\/div>\n\t\t\t\t<\/div>\n\t\t\t\t\t<\/div>\n\t\t<\/div>\n\t\t\t\t\t<\/div>\n\t\t<\/section>\n\t\t\t\t<section class=\"elementor-section elementor-top-section elementor-element elementor-element-686d393 center elementor-section-boxed elementor-section-height-default elementor-section-height-default\" data-id=\"686d393\" data-element_type=\"section\">\n\t\t\t\t\t\t<div class=\"elementor-container elementor-column-gap-default\">\n\t\t\t\t\t<div class=\"elementor-column elementor-col-100 elementor-top-column elementor-element elementor-element-116abf3\" data-id=\"116abf3\" data-element_type=\"column\">\n\t\t\t<div class=\"elementor-widget-wrap elementor-element-populated\">\n\t\t\t\t\t\t<div class=\"elementor-element elementor-element-84febff elementor-widget elementor-widget-html\" data-id=\"84febff\" data-element_type=\"widget\" data-widget_type=\"html.default\">\n\t\t\t\t<div class=\"elementor-widget-container\">\n\t\t\t<div class=\"btn_devis btn_intern\"><a href=\"https:\/\/www.la-chirurgie-esthetique-maroc.com\/es\/cita\/\"><span>Presupuesto gratuito<\/span><\/a><\/div>\t\t<\/div>\n\t\t\t\t<\/div>\n\t\t\t\t\t<\/div>\n\t\t<\/div>\n\t\t\t\t\t<\/div>\n\t\t<\/section>\n\t\t\t\t<\/div>\n\t\t","protected":false},"excerpt":{"rendered":"<p>Hoy en d\u00eda, hombres y mujeres hacen lo que sea para parecer j\u00f3venes y sanos, y algunas intervenciones son inevitables cuando el ejercicio y la dieta no surten efecto. Hay varias intervenciones quir\u00fargicas y est\u00e9ticas muy conocidas, como la rinoplastia, la otoplastia, el lifting brasile\u00f1o de gl\u00fateos o el botox, que pueden mejorar su aspecto. [&hellip;]<\/p>\n","protected":false},"author":2,"featured_media":6425,"parent":0,"menu_order":0,"comment_status":"closed","ping_status":"closed","template":"","meta":{"footnotes":""},"class_list":["post-6611","page","type-page","status-publish","has-post-thumbnail","hentry"],"yoast_head":"<!-- This site is optimized with the Yoast SEO plugin v27.5 - https:\/\/yoast.com\/product\/yoast-seo-wordpress\/ -->\n<title>Bichectomy Marruecos : Bolas de Bichat baratos precio de descuento<\/title>\n<meta name=\"description\" content=\"Bichectom\u00eda Marruecos: eliminaci\u00f3n de la acumulaci\u00f3n grasa y extracci\u00f3n de bolas de bichat con un precio barato. Solicite su presupuesto gratuito\" \/>\n<meta name=\"robots\" content=\"index, follow, max-snippet:-1, max-image-preview:large, max-video-preview:-1\" \/>\n<link rel=\"canonical\" href=\"https:\/\/www.la-chirurgie-esthetique-maroc.com\/es\/bichectomia\/\" \/>\n<meta property=\"og:locale\" content=\"es_ES\" \/>\n<meta property=\"og:type\" content=\"article\" \/>\n<meta property=\"og:title\" content=\"Bichectomy Marruecos : Bolas de Bichat baratos precio de descuento\" \/>\n<meta property=\"og:description\" content=\"Bichectom\u00eda Marruecos: eliminaci\u00f3n de la acumulaci\u00f3n grasa y extracci\u00f3n de bolas de bichat con un precio barato. Solicite su presupuesto gratuito\" \/>\n<meta property=\"og:url\" content=\"https:\/\/www.la-chirurgie-esthetique-maroc.com\/es\/bichectomia\/\" \/>\n<meta property=\"og:site_name\" content=\"Chirurgie esthetique Maroc\" \/>\n<meta property=\"article:modified_time\" content=\"2023-05-29T09:59:50+00:00\" \/>\n<meta property=\"og:image\" content=\"https:\/\/www.la-chirurgie-esthetique-maroc.com\/wp-content\/uploads\/2022\/01\/header_visage.png\" \/>\n\t<meta property=\"og:image:width\" content=\"552\" \/>\n\t<meta property=\"og:image:height\" content=\"612\" \/>\n\t<meta property=\"og:image:type\" content=\"image\/png\" \/>\n<meta name=\"twitter:card\" content=\"summary_large_image\" \/>\n<meta name=\"twitter:label1\" content=\"Tiempo de lectura\" \/>\n\t<meta name=\"twitter:data1\" content=\"5 minutos\" \/>\n<!-- \/ Yoast SEO plugin. -->","yoast_head_json":{"title":"Bichectomy Marruecos : Bolas de Bichat baratos precio de descuento","description":"Bichectom\u00eda Marruecos: eliminaci\u00f3n de la acumulaci\u00f3n grasa y extracci\u00f3n de bolas de bichat con un precio barato. Solicite su presupuesto gratuito","robots":{"index":"index","follow":"follow","max-snippet":"max-snippet:-1","max-image-preview":"max-image-preview:large","max-video-preview":"max-video-preview:-1"},"canonical":"https:\/\/www.la-chirurgie-esthetique-maroc.com\/es\/bichectomia\/","og_locale":"es_ES","og_type":"article","og_title":"Bichectomy Marruecos : Bolas de Bichat baratos precio de descuento","og_description":"Bichectom\u00eda Marruecos: eliminaci\u00f3n de la acumulaci\u00f3n grasa y extracci\u00f3n de bolas de bichat con un precio barato. Solicite su presupuesto gratuito","og_url":"https:\/\/www.la-chirurgie-esthetique-maroc.com\/es\/bichectomia\/","og_site_name":"Chirurgie esthetique Maroc","article_modified_time":"2023-05-29T09:59:50+00:00","og_image":[{"width":552,"height":612,"url":"https:\/\/www.la-chirurgie-esthetique-maroc.com\/wp-content\/uploads\/2022\/01\/header_visage.png","type":"image\/png"}],"twitter_card":"summary_large_image","twitter_misc":{"Tiempo de lectura":"5 minutos"},"schema":{"@context":"https:\/\/schema.org","@graph":[{"@type":"WebPage","@id":"https:\/\/www.la-chirurgie-esthetique-maroc.com\/es\/bichectomia\/","url":"https:\/\/www.la-chirurgie-esthetique-maroc.com\/es\/bichectomia\/","name":"Bichectomy Marruecos : Bolas de Bichat baratos precio de descuento","isPartOf":{"@id":"https:\/\/www.la-chirurgie-esthetique-maroc.com\/es\/#website"},"primaryImageOfPage":{"@id":"https:\/\/www.la-chirurgie-esthetique-maroc.com\/es\/bichectomia\/#primaryimage"},"image":{"@id":"https:\/\/www.la-chirurgie-esthetique-maroc.com\/es\/bichectomia\/#primaryimage"},"thumbnailUrl":"https:\/\/www.la-chirurgie-esthetique-maroc.com\/wp-content\/uploads\/2022\/01\/header_visage.png","datePublished":"2021-11-11T13:36:43+00:00","dateModified":"2023-05-29T09:59:50+00:00","description":"Bichectom\u00eda Marruecos: eliminaci\u00f3n de la acumulaci\u00f3n grasa y extracci\u00f3n de bolas de bichat con un precio barato. Solicite su presupuesto gratuito","breadcrumb":{"@id":"https:\/\/www.la-chirurgie-esthetique-maroc.com\/es\/bichectomia\/#breadcrumb"},"inLanguage":"es","potentialAction":[{"@type":"ReadAction","target":["https:\/\/www.la-chirurgie-esthetique-maroc.com\/es\/bichectomia\/"]}]},{"@type":"ImageObject","inLanguage":"es","@id":"https:\/\/www.la-chirurgie-esthetique-maroc.com\/es\/bichectomia\/#primaryimage","url":"https:\/\/www.la-chirurgie-esthetique-maroc.com\/wp-content\/uploads\/2022\/01\/header_visage.png","contentUrl":"https:\/\/www.la-chirurgie-esthetique-maroc.com\/wp-content\/uploads\/2022\/01\/header_visage.png","width":552,"height":612},{"@type":"BreadcrumbList","@id":"https:\/\/www.la-chirurgie-esthetique-maroc.com\/es\/bichectomia\/#breadcrumb","itemListElement":[{"@type":"ListItem","position":1,"name":"Accueil","item":"https:\/\/www.la-chirurgie-esthetique-maroc.com\/es\/"},{"@type":"ListItem","position":2,"name":"Bichectom\u00eda Marruecos: eliminar la grasa de la boca"}]},{"@type":"WebSite","@id":"https:\/\/www.la-chirurgie-esthetique-maroc.com\/es\/#website","url":"https:\/\/www.la-chirurgie-esthetique-maroc.com\/es\/","name":"Chirurgie esthetique Maroc","description":"","publisher":{"@id":"https:\/\/www.la-chirurgie-esthetique-maroc.com\/es\/#organization"},"potentialAction":[{"@type":"SearchAction","target":{"@type":"EntryPoint","urlTemplate":"https:\/\/www.la-chirurgie-esthetique-maroc.com\/es\/?s={search_term_string}"},"query-input":{"@type":"PropertyValueSpecification","valueRequired":true,"valueName":"search_term_string"}}],"inLanguage":"es"},{"@type":"Organization","@id":"https:\/\/www.la-chirurgie-esthetique-maroc.com\/es\/#organization","name":"Chirurgie esthetique Maroc","url":"https:\/\/www.la-chirurgie-esthetique-maroc.com\/es\/","logo":{"@type":"ImageObject","inLanguage":"es","@id":"https:\/\/www.la-chirurgie-esthetique-maroc.com\/es\/#\/schema\/logo\/image\/","url":"https:\/\/www.la-chirurgie-esthetique-maroc.com\/wp-content\/uploads\/2022\/01\/cem3.png","contentUrl":"https:\/\/www.la-chirurgie-esthetique-maroc.com\/wp-content\/uploads\/2022\/01\/cem3.png","width":125,"height":41,"caption":"Chirurgie esthetique Maroc"},"image":{"@id":"https:\/\/www.la-chirurgie-esthetique-maroc.com\/es\/#\/schema\/logo\/image\/"}}]}},"_links":{"self":[{"href":"https:\/\/www.la-chirurgie-esthetique-maroc.com\/es\/wp-json\/wp\/v2\/pages\/6611","targetHints":{"allow":["GET"]}}],"collection":[{"href":"https:\/\/www.la-chirurgie-esthetique-maroc.com\/es\/wp-json\/wp\/v2\/pages"}],"about":[{"href":"https:\/\/www.la-chirurgie-esthetique-maroc.com\/es\/wp-json\/wp\/v2\/types\/page"}],"author":[{"embeddable":true,"href":"https:\/\/www.la-chirurgie-esthetique-maroc.com\/es\/wp-json\/wp\/v2\/users\/2"}],"replies":[{"embeddable":true,"href":"https:\/\/www.la-chirurgie-esthetique-maroc.com\/es\/wp-json\/wp\/v2\/comments?post=6611"}],"version-history":[{"count":7,"href":"https:\/\/www.la-chirurgie-esthetique-maroc.com\/es\/wp-json\/wp\/v2\/pages\/6611\/revisions"}],"predecessor-version":[{"id":7976,"href":"https:\/\/www.la-chirurgie-esthetique-maroc.com\/es\/wp-json\/wp\/v2\/pages\/6611\/revisions\/7976"}],"wp:featuredmedia":[{"embeddable":true,"href":"https:\/\/www.la-chirurgie-esthetique-maroc.com\/es\/wp-json\/wp\/v2\/media\/6425"}],"wp:attachment":[{"href":"https:\/\/www.la-chirurgie-esthetique-maroc.com\/es\/wp-json\/wp\/v2\/media?parent=6611"}],"curies":[{"name":"wp","href":"https:\/\/api.w.org\/{rel}","templated":true}]}}