{"id":6636,"date":"2016-06-23T15:52:04","date_gmt":"2016-06-23T13:52:04","guid":{"rendered":"https:\/\/www.la-chirurgie-esthetique-maroc.com\/implante-mamario-precio-marruecos-barato\/"},"modified":"2024-02-22T13:32:49","modified_gmt":"2024-02-22T12:32:49","slug":"aumento-de-senos","status":"publish","type":"page","link":"https:\/\/www.la-chirurgie-esthetique-maroc.com\/es\/aumento-de-senos\/","title":{"rendered":"Implante mamario precio Marruecos barato"},"content":{"rendered":"\t\t<div data-elementor-type=\"wp-page\" data-elementor-id=\"6636\" class=\"elementor elementor-6636 elementor-45\">\n\t\t\t\t\t\t<section class=\"elementor-section elementor-top-section elementor-element elementor-element-001f729 elementor-section-boxed elementor-section-height-default elementor-section-height-default\" data-id=\"001f729\" data-element_type=\"section\">\n\t\t\t\t\t\t<div class=\"elementor-container elementor-column-gap-default\">\n\t\t\t\t\t<div class=\"elementor-column elementor-col-66 elementor-top-column elementor-element elementor-element-38c8d04\" data-id=\"38c8d04\" data-element_type=\"column\">\n\t\t\t<div class=\"elementor-widget-wrap elementor-element-populated\">\n\t\t\t\t\t\t<div class=\"elementor-element elementor-element-1d31764 elementor-widget elementor-widget-text-editor\" data-id=\"1d31764\" data-element_type=\"widget\" data-widget_type=\"text-editor.default\">\n\t\t\t\t<div class=\"elementor-widget-container\">\n\t\t\t\t\t\t\tSi est\u00e1 buscando un precio de implantes mamarios en Marruecos, nuestra cl\u00ednica le ofrece un presupuesto gratuito para comparar los precios de implantes mamarios en Marruecos y T\u00fanez con todos los detalles de su estancia m\u00e9dica de 5 noches y 6 d\u00edas en un hotel de lujo para su cirug\u00eda de aumento de pecho. Nuestra lista de <strong>precios para el implante mamario en T\u00fanez<\/strong> es la m\u00e1s barata en t\u00e9rminos de relaci\u00f3n calidad-precio en comparaci\u00f3n con el implante mamario en Marruecos.\n<h3>\u00bfCu\u00e1nto cuesta un aumento de pecho en Marruecos y T\u00fanez?<\/h3>\n<table class=\"table_home interne\">\n<thead>\n<tr class=\"row-1 odd\" role=\"row\">\n<th class=\"column-1 sorting_disabled\" style=\"width: 581.312px;\" colspan=\"1\" rowspan=\"1\">Intervenciones<\/th>\n<th class=\"column-2 sorting_disabled\" style=\"width: 90.484px;\" colspan=\"1\" rowspan=\"1\">Precio Marruecos<\/th>\n<th class=\"column-3 sorting_disabled\" style=\"width: 134.547px;\" colspan=\"1\" rowspan=\"1\">Estancia en Marruecos<\/th>\n<th class=\"column-4 sorting_disabled\" style=\"width: 97.719px;\" colspan=\"1\" rowspan=\"1\">Precio T\u00fanez<\/th>\n<th class=\"column-5 sorting_disabled\" style=\"width: 135.938px;\" colspan=\"1\" rowspan=\"1\">Estancia T\u00fanez<\/th>\n<\/tr>\n<\/thead>\n<tbody class=\"row-hover\">\n<tr class=\"row-2 even\">\n<td class=\"column-1\">Aumento de mamas con pr\u00f3tesis redondas (certificadas no PIP)<\/td>\n<td class=\"column-2\">3000 \u20ac<\/td>\n<td class=\"column-3\">6 noches y 7 d\u00edas<\/td>\n<td class=\"column-4\">2400 \u20ac<\/td>\n<td class=\"column-5\">5 noches y 6 d\u00edas<\/td>\n<\/tr>\n<tr class=\"row-3 odd\">\n<td class=\"column-1\">Aumento mamario con implantes anat\u00f3micos (certificados no PIP)<\/td>\n<td class=\"column-2\">3500 \u20ac<\/td>\n<td class=\"column-3\">6 noches y 7 d\u00edas<\/td>\n<td class=\"column-4\">2600 \u20ac<\/td>\n<td class=\"column-5\">5 noches y 6 d\u00edas<\/td>\n<\/tr>\n<\/tbody>\n<\/table>\t\t\t\t\t\t<\/div>\n\t\t\t\t<\/div>\n\t\t\t\t\t<\/div>\n\t\t<\/div>\n\t\t\t\t<div class=\"elementor-column elementor-col-33 elementor-top-column elementor-element elementor-element-6a2878a\" data-id=\"6a2878a\" data-element_type=\"column\">\n\t\t\t<div class=\"elementor-widget-wrap elementor-element-populated\">\n\t\t\t\t\t\t<div class=\"elementor-element elementor-element-f06d486 img_shadow elementor-widget elementor-widget-image\" data-id=\"f06d486\" data-element_type=\"widget\" data-widget_type=\"image.default\">\n\t\t\t\t<div class=\"elementor-widget-container\">\n\t\t\t\t\t\t\t\t\t\t\t\t\t<img fetchpriority=\"high\" decoding=\"async\" width=\"408\" height=\"333\" src=\"https:\/\/www.la-chirurgie-esthetique-maroc.com\/wp-content\/uploads\/2022\/01\/augmentation-mammaire.webp\" class=\"attachment-large size-large wp-image-6440\" alt=\"\" srcset=\"https:\/\/www.la-chirurgie-esthetique-maroc.com\/wp-content\/uploads\/2022\/01\/augmentation-mammaire.webp 408w, https:\/\/www.la-chirurgie-esthetique-maroc.com\/wp-content\/uploads\/2022\/01\/augmentation-mammaire-300x245.webp 300w\" sizes=\"(max-width: 408px) 100vw, 408px\" \/>\t\t\t\t\t\t\t\t\t\t\t\t\t<\/div>\n\t\t\t\t<\/div>\n\t\t\t\t\t<\/div>\n\t\t<\/div>\n\t\t\t\t\t<\/div>\n\t\t<\/section>\n\t\t\t\t<section class=\"elementor-section elementor-top-section elementor-element elementor-element-d10d223 elementor-section-boxed elementor-section-height-default elementor-section-height-default\" data-id=\"d10d223\" data-element_type=\"section\">\n\t\t\t\t\t\t<div class=\"elementor-container elementor-column-gap-default\">\n\t\t\t\t\t<div class=\"elementor-column elementor-col-66 elementor-top-column elementor-element elementor-element-4fc18aa\" data-id=\"4fc18aa\" data-element_type=\"column\">\n\t\t\t<div class=\"elementor-widget-wrap elementor-element-populated\">\n\t\t\t\t\t\t<div class=\"elementor-element elementor-element-4a8073a elementor-widget elementor-widget-text-editor\" data-id=\"4a8073a\" data-element_type=\"widget\" data-widget_type=\"text-editor.default\">\n\t\t\t\t<div class=\"elementor-widget-container\">\n\t\t\t\t\t\t\t<h2>Presupuesto expr\u00e9s gratuito<\/h2>\n<style>\r\n.align_center {\r\n    display: block;\r\n    text-align: center;\r\n    padding: 30px 0px;\r\n}\r\n<\/style>\r\n\r\n<div>\r\n\t<h2 class=\"align_center\">Presupuesto r\u00e1pido gratuito<\/h2>\r\n<iframe src=\"https:\/\/app.metocrm.com\/web-forms\/e1cab5bd-ef56-4a37-aa71-4857d931f368\"  height=\"800px\" width=\"100%\"  frameborder=\"0\" style=\"border-radius: 10px;\"><\/iframe>\r\n\r\n<\/div>\t\t\t\t\t\t<\/div>\n\t\t\t\t<\/div>\n\t\t\t\t\t<\/div>\n\t\t<\/div>\n\t\t\t\t<div class=\"elementor-column elementor-col-33 elementor-top-column elementor-element elementor-element-5c146cb\" data-id=\"5c146cb\" data-element_type=\"column\">\n\t\t\t<div class=\"elementor-widget-wrap elementor-element-populated\">\n\t\t\t\t\t\t<div class=\"elementor-element elementor-element-bd6a0b5 elementor-widget elementor-widget-image\" data-id=\"bd6a0b5\" data-element_type=\"widget\" data-widget_type=\"image.default\">\n\t\t\t\t<div class=\"elementor-widget-container\">\n\t\t\t\t\t\t\t\t\t\t\t\t\t<img decoding=\"async\" width=\"508\" height=\"554\" src=\"https:\/\/www.la-chirurgie-esthetique-maroc.com\/wp-content\/uploads\/2022\/01\/la-chirurgie-esthetique-maroc_devis-1.webp\" class=\"attachment-large size-large wp-image-6422\" alt=\"\" srcset=\"https:\/\/www.la-chirurgie-esthetique-maroc.com\/wp-content\/uploads\/2022\/01\/la-chirurgie-esthetique-maroc_devis-1.webp 508w, https:\/\/www.la-chirurgie-esthetique-maroc.com\/wp-content\/uploads\/2022\/01\/la-chirurgie-esthetique-maroc_devis-1-275x300.webp 275w\" sizes=\"(max-width: 508px) 100vw, 508px\" \/>\t\t\t\t\t\t\t\t\t\t\t\t\t<\/div>\n\t\t\t\t<\/div>\n\t\t\t\t\t<\/div>\n\t\t<\/div>\n\t\t\t\t\t<\/div>\n\t\t<\/section>\n\t\t\t\t<section class=\"elementor-section elementor-top-section elementor-element elementor-element-e3fc15f elementor-section-boxed elementor-section-height-default elementor-section-height-default\" data-id=\"e3fc15f\" data-element_type=\"section\">\n\t\t\t\t\t\t<div class=\"elementor-container elementor-column-gap-default\">\n\t\t\t\t\t<div class=\"elementor-column elementor-col-33 elementor-top-column elementor-element elementor-element-2838d4f\" data-id=\"2838d4f\" data-element_type=\"column\">\n\t\t\t<div class=\"elementor-widget-wrap elementor-element-populated\">\n\t\t\t\t\t\t<div class=\"elementor-element elementor-element-5fea019 elementor-widget elementor-widget-image\" data-id=\"5fea019\" data-element_type=\"widget\" data-widget_type=\"image.default\">\n\t\t\t\t<div class=\"elementor-widget-container\">\n\t\t\t\t\t\t\t\t\t\t\t\t\t<img decoding=\"async\" width=\"508\" height=\"556\" src=\"https:\/\/www.la-chirurgie-esthetique-maroc.com\/wp-content\/uploads\/2022\/01\/augmentation-mammaire_1.webp\" class=\"attachment-large size-large wp-image-6441\" alt=\"\" srcset=\"https:\/\/www.la-chirurgie-esthetique-maroc.com\/wp-content\/uploads\/2022\/01\/augmentation-mammaire_1.webp 508w, https:\/\/www.la-chirurgie-esthetique-maroc.com\/wp-content\/uploads\/2022\/01\/augmentation-mammaire_1-274x300.webp 274w\" sizes=\"(max-width: 508px) 100vw, 508px\" \/>\t\t\t\t\t\t\t\t\t\t\t\t\t<\/div>\n\t\t\t\t<\/div>\n\t\t\t\t\t<\/div>\n\t\t<\/div>\n\t\t\t\t<div class=\"elementor-column elementor-col-66 elementor-top-column elementor-element elementor-element-15f3b5b align_content_center\" data-id=\"15f3b5b\" data-element_type=\"column\">\n\t\t\t<div class=\"elementor-widget-wrap elementor-element-populated\">\n\t\t\t\t\t\t<div class=\"elementor-element elementor-element-4adaad06 elementor-widget elementor-widget-text-editor\" data-id=\"4adaad06\" data-element_type=\"widget\" data-widget_type=\"text-editor.default\">\n\t\t\t\t<div class=\"elementor-widget-container\">\n\t\t\t\t\t\t\t<h2>Aumento de mamas en Marruecos o T\u00fanez<\/h2><p>El<strong>aumento de pecho 90c<\/strong> es hoy en d\u00eda la operaci\u00f3n de pecho m\u00e1s realizada <strong>en Marruecos y T\u00fanez<\/strong>. Gracias a los avances tecnol\u00f3gicos, el aumento mamario ofrece hoy resultados naturales. La paciente tendr\u00e1 que elegir entre un aumento de mamas con pr\u00f3tesis (implantes) o sin implantes mediante <a href=\"https:\/\/www.la-chirurgie-esthetique-maroc.com\/es\/lipofilling-mamario\/\">lipofilling mamario<\/a>.<\/p><h2>Implantes mamarios en Marruecos y T\u00fanez<\/h2><p>La operaci\u00f3n de<strong>aumento de pecho en Marruecos y T\u00fanez<\/strong> mediante la colocaci\u00f3n de implantes propone<strong>aumentar el volumen de los senos<\/strong> para un pecho armonioso. En la Cl\u00ednica de T\u00fanez, se trata de un procedimiento muy solicitado tanto a escala local como internacional.<\/p><p>Cuando la paciente considera que el volumen de los senos es insuficiente, los implantes mamarios son muy eficaces. Las pr\u00f3tesis ofrecen una gran flexibilidad en cuanto a forma, volumen y tama\u00f1o, por ejemplo mamas 90C y mamas 90D.<\/p>\t\t\t\t\t\t<\/div>\n\t\t\t\t<\/div>\n\t\t\t\t\t<\/div>\n\t\t<\/div>\n\t\t\t\t\t<\/div>\n\t\t<\/section>\n\t\t\t\t<section class=\"elementor-section elementor-top-section elementor-element elementor-element-1f294d3 elementor-section-boxed elementor-section-height-default elementor-section-height-default\" data-id=\"1f294d3\" data-element_type=\"section\">\n\t\t\t\t\t\t<div class=\"elementor-container elementor-column-gap-default\">\n\t\t\t\t\t<div class=\"elementor-column elementor-col-100 elementor-top-column elementor-element elementor-element-1ba7112\" data-id=\"1ba7112\" data-element_type=\"column\">\n\t\t\t<div class=\"elementor-widget-wrap elementor-element-populated\">\n\t\t\t\t\t\t<div class=\"elementor-element elementor-element-844cb57 center elementor-widget elementor-widget-html\" data-id=\"844cb57\" data-element_type=\"widget\" data-widget_type=\"html.default\">\n\t\t\t\t<div class=\"elementor-widget-container\">\n\t\t\t<div class=\"btn_devis btn_intern\"><a href=\"https:\/\/www.la-chirurgie-esthetique-maroc.com\/es\/cita\/\"><span>Presupuesto gratuito para comparar precios de implantes mamarios Marruecos vs T\u00fanez<\/span><\/a><\/div>\t\t<\/div>\n\t\t\t\t<\/div>\n\t\t\t\t\t<\/div>\n\t\t<\/div>\n\t\t\t\t\t<\/div>\n\t\t<\/section>\n\t\t\t\t<section class=\"elementor-section elementor-top-section elementor-element elementor-element-c12e009 bg-color forme_1 elementor-section-boxed elementor-section-height-default elementor-section-height-default\" data-id=\"c12e009\" data-element_type=\"section\">\n\t\t\t\t\t\t<div class=\"elementor-container elementor-column-gap-default\">\n\t\t\t\t\t<div class=\"elementor-column elementor-col-100 elementor-top-column elementor-element elementor-element-df69b8c\" data-id=\"df69b8c\" data-element_type=\"column\">\n\t\t\t<div class=\"elementor-widget-wrap elementor-element-populated\">\n\t\t\t\t\t\t<div class=\"elementor-element elementor-element-4da4617 elementor-widget elementor-widget-text-editor\" data-id=\"4da4617\" data-element_type=\"widget\" data-widget_type=\"text-editor.default\">\n\t\t\t\t<div class=\"elementor-widget-container\">\n\t\t\t\t\t\t\t<h2>Cirug\u00eda de implantes mamarios en Marruecos<\/h2>\nEl chequeo preoperatorio completo se realiza en nuestros laboratorios, incluyendo ecograf\u00eda mamaria y mamograf\u00eda. <strong>Los implantes mamarios<\/strong> pueden insertarse de tres formas distintas: a trav\u00e9s del pliegue mamario, a trav\u00e9s de la areola o a trav\u00e9s de una incisi\u00f3n en la axila.\n\n\n<ul class=\"liste-page\">\n \t<li>Por el pliegue de la mama: Cuando el volumen requerido es grande, es por esta zona por donde se introducen los implantes. La cicatriz apenas es visible, ya que est\u00e1 situada en el pliegue bajo el pecho.<\/li>\n \t<li>A trav\u00e9s de la areola: Esta es la localizaci\u00f3n m\u00e1s com\u00fan para este procedimiento de mamoplastia. Los implantes de gel de silicona cohesiva no se ven afectados porque la t\u00e9cnica es restrictiva con respecto al tama\u00f1o de este tipo de implante. En realidad, el tama\u00f1o de la incisi\u00f3n viene determinado por el di\u00e1metro de la areola.<\/li>\n \t<li>Incisi\u00f3n axilar: T\u00e9cnica poco utilizada. Este procedimiento se utiliza si la posici\u00f3n deseada de los senos se encuentra en la parte superior. La cicatriz no llama la atenci\u00f3n porque est\u00e1 lejos de la zona del pecho.<\/li>\n<\/ul>\t\t\t\t\t\t<\/div>\n\t\t\t\t<\/div>\n\t\t\t\t\t<\/div>\n\t\t<\/div>\n\t\t\t\t\t<\/div>\n\t\t<\/section>\n\t\t\t\t<section class=\"elementor-section elementor-top-section elementor-element elementor-element-ab86faa elementor-section-boxed elementor-section-height-default elementor-section-height-default\" data-id=\"ab86faa\" data-element_type=\"section\">\n\t\t\t\t\t\t<div class=\"elementor-container elementor-column-gap-default\">\n\t\t\t\t\t<div class=\"elementor-column elementor-col-100 elementor-top-column elementor-element elementor-element-ef07ed9\" data-id=\"ef07ed9\" data-element_type=\"column\">\n\t\t\t<div class=\"elementor-widget-wrap elementor-element-populated\">\n\t\t\t\t\t\t<div class=\"elementor-element elementor-element-2e06a3d elementor-widget elementor-widget-text-editor\" data-id=\"2e06a3d\" data-element_type=\"widget\" data-widget_type=\"text-editor.default\">\n\t\t\t\t<div class=\"elementor-widget-container\">\n\t\t\t\t\t\t\t<h2>Seguimiento postoperatorio de un aumento mamario en Marruecos y T\u00fanez<\/h2>\nExiste una prohibici\u00f3n estricta de transportar cargas pesadas y levantar los brazos en el aire durante los 8 primeros d\u00edas. Las secuelas no son muy dolorosas, pero en los casos en que la pr\u00f3tesis mamaria est\u00e1 situada detr\u00e1s del m\u00fasculo pectoral, se recetan analg\u00e9sicos para aliviar la tirantez.\n\nDurante las 6 semanas posteriores al <strong>aumento mamario<\/strong>, deben evitarse las actividades f\u00edsicas que requieran el uso de esta parte del cuerpo. El resultado natural empieza a ser visible a partir de 3 meses despu\u00e9s de la cirug\u00eda reconstructiva. Para m\u00e1s detalles, p\u00f3ngase en contacto con nuestro cirujano y obtenga su presupuesto gratuito. En nuestra cl\u00ednica ofrecemos gratuitamente toda la informaci\u00f3n sobre cirug\u00eda mamaria.\n\t\t\t\t\t\t<\/div>\n\t\t\t\t<\/div>\n\t\t\t\t\t<\/div>\n\t\t<\/div>\n\t\t\t\t\t<\/div>\n\t\t<\/section>\n\t\t\t\t<section class=\"elementor-section elementor-top-section elementor-element elementor-element-e9378c6 elementor-section-boxed elementor-section-height-default elementor-section-height-default\" data-id=\"e9378c6\" data-element_type=\"section\">\n\t\t\t\t\t\t<div class=\"elementor-container elementor-column-gap-default\">\n\t\t\t\t\t<div class=\"elementor-column elementor-col-100 elementor-top-column elementor-element elementor-element-22e05ea\" data-id=\"22e05ea\" data-element_type=\"column\">\n\t\t\t<div class=\"elementor-widget-wrap elementor-element-populated\">\n\t\t\t\t\t\t<div class=\"elementor-element elementor-element-1f4ed9a center elementor-widget elementor-widget-html\" data-id=\"1f4ed9a\" data-element_type=\"widget\" data-widget_type=\"html.default\">\n\t\t\t\t<div class=\"elementor-widget-container\">\n\t\t\t<div class=\"btn_devis btn_intern\"><a href=\"https:\/\/www.la-chirurgie-esthetique-maroc.com\/es\/cita\/\"><span>Presupuesto gratuito para comparar el aumento de pecho Marruecos vs T\u00fanez<\/span><\/a><\/div>\t\t<\/div>\n\t\t\t\t<\/div>\n\t\t\t\t\t<\/div>\n\t\t<\/div>\n\t\t\t\t\t<\/div>\n\t\t<\/section>\n\t\t\t\t<section class=\"elementor-section elementor-top-section elementor-element elementor-element-a5436bb elementor-section-boxed elementor-section-height-default elementor-section-height-default\" data-id=\"a5436bb\" data-element_type=\"section\">\n\t\t\t\t\t\t<div class=\"elementor-container elementor-column-gap-default\">\n\t\t\t\t\t<div class=\"elementor-column elementor-col-100 elementor-top-column elementor-element elementor-element-558d654\" data-id=\"558d654\" data-element_type=\"column\">\n\t\t\t<div class=\"elementor-widget-wrap elementor-element-populated\">\n\t\t\t\t\t\t\t<\/div>\n\t\t<\/div>\n\t\t\t\t\t<\/div>\n\t\t<\/section>\n\t\t\t\t<section class=\"elementor-section elementor-top-section elementor-element elementor-element-444c834 elementor-section-boxed elementor-section-height-default elementor-section-height-default\" data-id=\"444c834\" data-element_type=\"section\">\n\t\t\t\t\t\t<div class=\"elementor-container elementor-column-gap-default\">\n\t\t\t\t\t<div class=\"elementor-column elementor-col-100 elementor-top-column elementor-element elementor-element-d4275ba\" data-id=\"d4275ba\" data-element_type=\"column\">\n\t\t\t<div class=\"elementor-widget-wrap\">\n\t\t\t\t\t\t\t<\/div>\n\t\t<\/div>\n\t\t\t\t\t<\/div>\n\t\t<\/section>\n\t\t\t\t<\/div>\n\t\t","protected":false},"excerpt":{"rendered":"<p>Si est\u00e1 buscando un precio de implantes mamarios en Marruecos, nuestra cl\u00ednica le ofrece un presupuesto gratuito para comparar los precios de implantes mamarios en Marruecos y T\u00fanez con todos los detalles de su estancia m\u00e9dica de 5 noches y 6 d\u00edas en un hotel de lujo para su cirug\u00eda de aumento de pecho. Nuestra [&hellip;]<\/p>\n","protected":false},"author":1,"featured_media":6432,"parent":0,"menu_order":0,"comment_status":"closed","ping_status":"closed","template":"","meta":{"footnotes":""},"class_list":["post-6636","page","type-page","status-publish","has-post-thumbnail","hentry"],"yoast_head":"<!-- This site is optimized with the Yoast SEO plugin v27.5 - https:\/\/yoast.com\/product\/yoast-seo-wordpress\/ -->\n<title>Implante mamario precio Marruecos \u27a1\ufe0f aumento de senos precio barato<\/title>\n<meta name=\"description\" content=\"Precio de implantes mamarios Marruecos: \u2705 precio con descuento para una estancia m\u00e9dica con aumento de pecho mediante pr\u00f3tesis \u2b50 redondas o anat\u00f3micas. Presupuesto gratuito.\" \/>\n<meta name=\"robots\" content=\"index, follow, max-snippet:-1, max-image-preview:large, max-video-preview:-1\" \/>\n<link rel=\"canonical\" href=\"https:\/\/www.la-chirurgie-esthetique-maroc.com\/es\/aumento-de-senos\/\" \/>\n<meta property=\"og:locale\" content=\"es_ES\" \/>\n<meta property=\"og:type\" content=\"article\" \/>\n<meta property=\"og:title\" content=\"Implante mamario precio Marruecos \u27a1\ufe0f aumento de senos precio barato\" \/>\n<meta property=\"og:description\" content=\"Precio de implantes mamarios Marruecos: \u2705 precio con descuento para una estancia m\u00e9dica con aumento de pecho mediante pr\u00f3tesis \u2b50 redondas o anat\u00f3micas. Presupuesto gratuito.\" \/>\n<meta property=\"og:url\" content=\"https:\/\/www.la-chirurgie-esthetique-maroc.com\/es\/aumento-de-senos\/\" \/>\n<meta property=\"og:site_name\" content=\"Chirurgie esthetique Maroc\" \/>\n<meta property=\"article:modified_time\" content=\"2024-02-22T12:32:49+00:00\" \/>\n<meta property=\"og:image\" content=\"https:\/\/www.la-chirurgie-esthetique-maroc.com\/wp-content\/uploads\/2022\/01\/header_seins.webp\" \/>\n\t<meta property=\"og:image:width\" content=\"552\" \/>\n\t<meta property=\"og:image:height\" content=\"612\" \/>\n\t<meta property=\"og:image:type\" content=\"image\/webp\" \/>\n<meta name=\"twitter:card\" content=\"summary_large_image\" \/>\n<meta name=\"twitter:label1\" content=\"Tiempo de lectura\" \/>\n\t<meta name=\"twitter:data1\" content=\"4 minutos\" \/>\n<!-- \/ Yoast SEO plugin. -->","yoast_head_json":{"title":"Implante mamario precio Marruecos \u27a1\ufe0f aumento de senos precio barato","description":"Precio de implantes mamarios Marruecos: \u2705 precio con descuento para una estancia m\u00e9dica con aumento de pecho mediante pr\u00f3tesis \u2b50 redondas o anat\u00f3micas. Presupuesto gratuito.","robots":{"index":"index","follow":"follow","max-snippet":"max-snippet:-1","max-image-preview":"max-image-preview:large","max-video-preview":"max-video-preview:-1"},"canonical":"https:\/\/www.la-chirurgie-esthetique-maroc.com\/es\/aumento-de-senos\/","og_locale":"es_ES","og_type":"article","og_title":"Implante mamario precio Marruecos \u27a1\ufe0f aumento de senos precio barato","og_description":"Precio de implantes mamarios Marruecos: \u2705 precio con descuento para una estancia m\u00e9dica con aumento de pecho mediante pr\u00f3tesis \u2b50 redondas o anat\u00f3micas. Presupuesto gratuito.","og_url":"https:\/\/www.la-chirurgie-esthetique-maroc.com\/es\/aumento-de-senos\/","og_site_name":"Chirurgie esthetique Maroc","article_modified_time":"2024-02-22T12:32:49+00:00","og_image":[{"width":552,"height":612,"url":"https:\/\/www.la-chirurgie-esthetique-maroc.com\/wp-content\/uploads\/2022\/01\/header_seins.webp","type":"image\/webp"}],"twitter_card":"summary_large_image","twitter_misc":{"Tiempo de lectura":"4 minutos"},"schema":{"@context":"https:\/\/schema.org","@graph":[{"@type":"WebPage","@id":"https:\/\/www.la-chirurgie-esthetique-maroc.com\/es\/aumento-de-senos\/","url":"https:\/\/www.la-chirurgie-esthetique-maroc.com\/es\/aumento-de-senos\/","name":"Implante mamario precio Marruecos \u27a1\ufe0f aumento de senos precio barato","isPartOf":{"@id":"https:\/\/www.la-chirurgie-esthetique-maroc.com\/es\/#website"},"primaryImageOfPage":{"@id":"https:\/\/www.la-chirurgie-esthetique-maroc.com\/es\/aumento-de-senos\/#primaryimage"},"image":{"@id":"https:\/\/www.la-chirurgie-esthetique-maroc.com\/es\/aumento-de-senos\/#primaryimage"},"thumbnailUrl":"https:\/\/www.la-chirurgie-esthetique-maroc.com\/wp-content\/uploads\/2022\/01\/header_seins.webp","datePublished":"2016-06-23T13:52:04+00:00","dateModified":"2024-02-22T12:32:49+00:00","description":"Precio de implantes mamarios Marruecos: \u2705 precio con descuento para una estancia m\u00e9dica con aumento de pecho mediante pr\u00f3tesis \u2b50 redondas o anat\u00f3micas. Presupuesto gratuito.","breadcrumb":{"@id":"https:\/\/www.la-chirurgie-esthetique-maroc.com\/es\/aumento-de-senos\/#breadcrumb"},"inLanguage":"es","potentialAction":[{"@type":"ReadAction","target":["https:\/\/www.la-chirurgie-esthetique-maroc.com\/es\/aumento-de-senos\/"]}]},{"@type":"ImageObject","inLanguage":"es","@id":"https:\/\/www.la-chirurgie-esthetique-maroc.com\/es\/aumento-de-senos\/#primaryimage","url":"https:\/\/www.la-chirurgie-esthetique-maroc.com\/wp-content\/uploads\/2022\/01\/header_seins.webp","contentUrl":"https:\/\/www.la-chirurgie-esthetique-maroc.com\/wp-content\/uploads\/2022\/01\/header_seins.webp","width":552,"height":612},{"@type":"BreadcrumbList","@id":"https:\/\/www.la-chirurgie-esthetique-maroc.com\/es\/aumento-de-senos\/#breadcrumb","itemListElement":[{"@type":"ListItem","position":1,"name":"Accueil","item":"https:\/\/www.la-chirurgie-esthetique-maroc.com\/es\/"},{"@type":"ListItem","position":2,"name":"Implante mamario precio Marruecos barato"}]},{"@type":"WebSite","@id":"https:\/\/www.la-chirurgie-esthetique-maroc.com\/es\/#website","url":"https:\/\/www.la-chirurgie-esthetique-maroc.com\/es\/","name":"Chirurgie esthetique Maroc","description":"","publisher":{"@id":"https:\/\/www.la-chirurgie-esthetique-maroc.com\/es\/#organization"},"potentialAction":[{"@type":"SearchAction","target":{"@type":"EntryPoint","urlTemplate":"https:\/\/www.la-chirurgie-esthetique-maroc.com\/es\/?s={search_term_string}"},"query-input":{"@type":"PropertyValueSpecification","valueRequired":true,"valueName":"search_term_string"}}],"inLanguage":"es"},{"@type":"Organization","@id":"https:\/\/www.la-chirurgie-esthetique-maroc.com\/es\/#organization","name":"Chirurgie esthetique Maroc","url":"https:\/\/www.la-chirurgie-esthetique-maroc.com\/es\/","logo":{"@type":"ImageObject","inLanguage":"es","@id":"https:\/\/www.la-chirurgie-esthetique-maroc.com\/es\/#\/schema\/logo\/image\/","url":"https:\/\/www.la-chirurgie-esthetique-maroc.com\/wp-content\/uploads\/2022\/01\/cem3.png","contentUrl":"https:\/\/www.la-chirurgie-esthetique-maroc.com\/wp-content\/uploads\/2022\/01\/cem3.png","width":125,"height":41,"caption":"Chirurgie esthetique Maroc"},"image":{"@id":"https:\/\/www.la-chirurgie-esthetique-maroc.com\/es\/#\/schema\/logo\/image\/"}}]}},"_links":{"self":[{"href":"https:\/\/www.la-chirurgie-esthetique-maroc.com\/es\/wp-json\/wp\/v2\/pages\/6636","targetHints":{"allow":["GET"]}}],"collection":[{"href":"https:\/\/www.la-chirurgie-esthetique-maroc.com\/es\/wp-json\/wp\/v2\/pages"}],"about":[{"href":"https:\/\/www.la-chirurgie-esthetique-maroc.com\/es\/wp-json\/wp\/v2\/types\/page"}],"author":[{"embeddable":true,"href":"https:\/\/www.la-chirurgie-esthetique-maroc.com\/es\/wp-json\/wp\/v2\/users\/1"}],"replies":[{"embeddable":true,"href":"https:\/\/www.la-chirurgie-esthetique-maroc.com\/es\/wp-json\/wp\/v2\/comments?post=6636"}],"version-history":[{"count":13,"href":"https:\/\/www.la-chirurgie-esthetique-maroc.com\/es\/wp-json\/wp\/v2\/pages\/6636\/revisions"}],"predecessor-version":[{"id":8410,"href":"https:\/\/www.la-chirurgie-esthetique-maroc.com\/es\/wp-json\/wp\/v2\/pages\/6636\/revisions\/8410"}],"wp:featuredmedia":[{"embeddable":true,"href":"https:\/\/www.la-chirurgie-esthetique-maroc.com\/es\/wp-json\/wp\/v2\/media\/6432"}],"wp:attachment":[{"href":"https:\/\/www.la-chirurgie-esthetique-maroc.com\/es\/wp-json\/wp\/v2\/media?parent=6636"}],"curies":[{"name":"wp","href":"https:\/\/api.w.org\/{rel}","templated":true}]}}