{"id":6641,"date":"2016-06-23T16:00:42","date_gmt":"2016-06-23T14:00:42","guid":{"rendered":"https:\/\/www.la-chirurgie-esthetique-maroc.com\/lipofilling-maroc-lipofilling-barato\/"},"modified":"2024-02-22T13:33:21","modified_gmt":"2024-02-22T12:33:21","slug":"lipofilling-mamario","status":"publish","type":"page","link":"https:\/\/www.la-chirurgie-esthetique-maroc.com\/es\/lipofilling-mamario\/","title":{"rendered":"Lipofilling Maroc : Lipofilling barato"},"content":{"rendered":"\t\t<div data-elementor-type=\"wp-page\" data-elementor-id=\"6641\" class=\"elementor elementor-6641 elementor-49\">\n\t\t\t\t\t\t<section class=\"elementor-section elementor-top-section elementor-element elementor-element-661095b elementor-section-boxed elementor-section-height-default elementor-section-height-default\" data-id=\"661095b\" data-element_type=\"section\">\n\t\t\t\t\t\t<div class=\"elementor-container elementor-column-gap-default\">\n\t\t\t\t\t<div class=\"elementor-column elementor-col-33 elementor-top-column elementor-element elementor-element-3b64ac4\" data-id=\"3b64ac4\" data-element_type=\"column\">\n\t\t\t<div class=\"elementor-widget-wrap elementor-element-populated\">\n\t\t\t\t\t\t<div class=\"elementor-element elementor-element-513e5eb elementor-widget elementor-widget-image\" data-id=\"513e5eb\" data-element_type=\"widget\" data-widget_type=\"image.default\">\n\t\t\t\t<div class=\"elementor-widget-container\">\n\t\t\t\t\t\t\t\t\t\t\t\t\t<img fetchpriority=\"high\" decoding=\"async\" width=\"489\" height=\"517\" src=\"https:\/\/www.la-chirurgie-esthetique-maroc.com\/wp-content\/uploads\/2022\/01\/lipofilling-mammaire.webp\" class=\"attachment-large size-large wp-image-6442\" alt=\"\" srcset=\"https:\/\/www.la-chirurgie-esthetique-maroc.com\/wp-content\/uploads\/2022\/01\/lipofilling-mammaire.webp 489w, https:\/\/www.la-chirurgie-esthetique-maroc.com\/wp-content\/uploads\/2022\/01\/lipofilling-mammaire-284x300.webp 284w\" sizes=\"(max-width: 489px) 100vw, 489px\" \/>\t\t\t\t\t\t\t\t\t\t\t\t\t<\/div>\n\t\t\t\t<\/div>\n\t\t\t\t\t<\/div>\n\t\t<\/div>\n\t\t\t\t<div class=\"elementor-column elementor-col-66 elementor-top-column elementor-element elementor-element-5df70a0 align_content_center\" data-id=\"5df70a0\" data-element_type=\"column\">\n\t\t\t<div class=\"elementor-widget-wrap elementor-element-populated\">\n\t\t\t\t\t\t<div class=\"elementor-element elementor-element-5c32605 elementor-widget elementor-widget-text-editor\" data-id=\"5c32605\" data-element_type=\"widget\" data-widget_type=\"text-editor.default\">\n\t\t\t\t<div class=\"elementor-widget-container\">\n\t\t\t\t\t\t\t<p style=\"text-align: justify;\"><strong>El lipofilling Maroc<\/strong> se considera una alternativa a los implantes para el aumento mamario. <strong>El lipofilling mamario<\/strong> en T\u00fanez es bien dominado por nuestros cirujanos. Compare nuestra oferta de lipofilling mamario con el precio del lipofilling mamario en Marruecos. Ofrecemos un presupuesto gratuito con toda la informaci\u00f3n sobre la estancia m\u00e9dica.<\/p>\n\t\t\t\t\t\t<\/div>\n\t\t\t\t<\/div>\n\t\t\t\t<div class=\"elementor-element elementor-element-227dafa center elementor-widget elementor-widget-html\" data-id=\"227dafa\" data-element_type=\"widget\" data-widget_type=\"html.default\">\n\t\t\t\t<div class=\"elementor-widget-container\">\n\t\t\t<div class=\"btn_devis btn_intern\"><a href=\"https:\/\/www.la-chirurgie-esthetique-maroc.com\/es\/cita\/\"><span>Comparar presupuesto Lipofilling Marruecos vs T\u00fanez<\/span><\/a><\/div>\t\t<\/div>\n\t\t\t\t<\/div>\n\t\t\t\t<div class=\"elementor-element elementor-element-87a3e91 elementor-widget elementor-widget-text-editor\" data-id=\"87a3e91\" data-element_type=\"widget\" data-widget_type=\"text-editor.default\">\n\t\t\t\t<div class=\"elementor-widget-container\">\n\t\t\t\t\t\t\t<p style=\"text-align: justify;\">\n<p>Esta operaci\u00f3n est\u00e1 indicada para pacientes que desean un <strong>aumento moderado y natural del<\/strong> pecho sin <a href=\"https:\/\/www.la-chirurgie-esthetique-maroc.com\/es\/aumento-de-senos\/\">implantes mamarios<\/a>. Los riesgos de alergia o rechazo provocados por determinados implantes se evitan por completo someti\u00e9ndose a una lipomodelaci\u00f3n mamaria.<\/p>\n\t\t\t\t\t\t<\/div>\n\t\t\t\t<\/div>\n\t\t\t\t\t<\/div>\n\t\t<\/div>\n\t\t\t\t\t<\/div>\n\t\t<\/section>\n\t\t\t\t<section class=\"elementor-section elementor-top-section elementor-element elementor-element-263400f elementor-section-boxed elementor-section-height-default elementor-section-height-default\" data-id=\"263400f\" data-element_type=\"section\">\n\t\t\t\t\t\t<div class=\"elementor-container elementor-column-gap-default\">\n\t\t\t\t\t<div class=\"elementor-column elementor-col-66 elementor-top-column elementor-element elementor-element-570786b\" data-id=\"570786b\" data-element_type=\"column\">\n\t\t\t<div class=\"elementor-widget-wrap elementor-element-populated\">\n\t\t\t\t\t\t<div class=\"elementor-element elementor-element-3ee85c9 elementor-widget elementor-widget-text-editor\" data-id=\"3ee85c9\" data-element_type=\"widget\" data-widget_type=\"text-editor.default\">\n\t\t\t\t<div class=\"elementor-widget-container\">\n\t\t\t\t\t\t\t<h2>Presupuesto expr\u00e9s gratuito<\/h2>\n<style>\r\n.align_center {\r\n    display: block;\r\n    text-align: center;\r\n    padding: 30px 0px;\r\n}\r\n<\/style>\r\n\r\n<div>\r\n\t<h2 class=\"align_center\">Presupuesto r\u00e1pido gratuito<\/h2>\r\n<iframe src=\"https:\/\/app.metocrm.com\/web-forms\/e1cab5bd-ef56-4a37-aa71-4857d931f368\"  height=\"800px\" width=\"100%\"  frameborder=\"0\" style=\"border-radius: 10px;\"><\/iframe>\r\n\r\n<\/div>\t\t\t\t\t\t<\/div>\n\t\t\t\t<\/div>\n\t\t\t\t\t<\/div>\n\t\t<\/div>\n\t\t\t\t<div class=\"elementor-column elementor-col-33 elementor-top-column elementor-element elementor-element-c1f8355\" data-id=\"c1f8355\" data-element_type=\"column\">\n\t\t\t<div class=\"elementor-widget-wrap elementor-element-populated\">\n\t\t\t\t\t\t<div class=\"elementor-element elementor-element-86fa34f elementor-widget elementor-widget-image\" data-id=\"86fa34f\" data-element_type=\"widget\" data-widget_type=\"image.default\">\n\t\t\t\t<div class=\"elementor-widget-container\">\n\t\t\t\t\t\t\t\t\t\t\t\t\t<img decoding=\"async\" width=\"508\" height=\"554\" src=\"https:\/\/www.la-chirurgie-esthetique-maroc.com\/wp-content\/uploads\/2022\/01\/la-chirurgie-esthetique-maroc_devis-1.webp\" class=\"attachment-large size-large wp-image-6422\" alt=\"\" srcset=\"https:\/\/www.la-chirurgie-esthetique-maroc.com\/wp-content\/uploads\/2022\/01\/la-chirurgie-esthetique-maroc_devis-1.webp 508w, https:\/\/www.la-chirurgie-esthetique-maroc.com\/wp-content\/uploads\/2022\/01\/la-chirurgie-esthetique-maroc_devis-1-275x300.webp 275w\" sizes=\"(max-width: 508px) 100vw, 508px\" \/>\t\t\t\t\t\t\t\t\t\t\t\t\t<\/div>\n\t\t\t\t<\/div>\n\t\t\t\t\t<\/div>\n\t\t<\/div>\n\t\t\t\t\t<\/div>\n\t\t<\/section>\n\t\t\t\t<section class=\"elementor-section elementor-top-section elementor-element elementor-element-1e31641 bg-color forme_1  elementor-section-boxed elementor-section-height-default elementor-section-height-default\" data-id=\"1e31641\" data-element_type=\"section\">\n\t\t\t\t\t\t<div class=\"elementor-container elementor-column-gap-default\">\n\t\t\t\t\t<div class=\"elementor-column elementor-col-100 elementor-top-column elementor-element elementor-element-bb6ac93\" data-id=\"bb6ac93\" data-element_type=\"column\">\n\t\t\t<div class=\"elementor-widget-wrap elementor-element-populated\">\n\t\t\t\t\t\t<div class=\"elementor-element elementor-element-76444fa elementor-widget elementor-widget-text-editor\" data-id=\"76444fa\" data-element_type=\"widget\" data-widget_type=\"text-editor.default\">\n\t\t\t\t<div class=\"elementor-widget-container\">\n\t\t\t\t\t\t\t<h2>Lipofilling precio del pecho Marruecos vs T\u00fanez<\/h2>\n\u00bfBusca el <strong>precio del lipofilling mamario en Marruecos<\/strong>? En nuestra cl\u00ednica ofrecemos <strong>precios baratos<\/strong> para el aumento de pecho. Nuestras tarifas son las mejores en relaci\u00f3n calidad-precio en T\u00fanez. Puede solicitar un presupuesto gratuito para obtener m\u00e1s informaci\u00f3n sobre su aumento de mamas no quir\u00fargico con inyecci\u00f3n de grasa. He aqu\u00ed el <strong>precio del lipofilling mamario Marruecos y T\u00fanez: <\/strong>\n<table class=\"table_full table_home interne\">\n<thead>\n<tr class=\"row-1 odd\" role=\"row\">\n<th class=\"column-1 sorting_disabled\" style=\"width: 492px;\" colspan=\"1\" rowspan=\"1\">Intervenci\u00f3n<\/th>\n<th class=\"column-2 sorting_disabled\" style=\"width: 108.672px;\" colspan=\"1\" rowspan=\"1\">Precio Marruecos<\/th>\n<th class=\"column-3 sorting_disabled\" style=\"width: 160.266px;\" colspan=\"1\" rowspan=\"1\">Estancia en Marruecos<\/th>\n<th class=\"column-4 sorting_disabled\" style=\"width: 117.156px;\" colspan=\"1\" rowspan=\"1\">Precio T\u00fanez<\/th>\n<th class=\"column-5 sorting_disabled\" style=\"width: 161.906px;\" colspan=\"1\" rowspan=\"1\">Estancia T\u00fanez<\/th>\n<\/tr>\n<\/thead>\n<tbody class=\"row-hover\">\n<tr class=\"row-2 even\">\n<td class=\"column-1\">Aumento de mamas mediante inyecci\u00f3n de grasa<\/td>\n<td class=\"column-2\">2990 \u20ac<\/td>\n<td class=\"column-3\">6 noches y 7 d\u00edas<\/td>\n<td class=\"column-4\">2950 \u20ac<\/td>\n<td class=\"column-5\">5 noches y 6 d\u00edas<\/td>\n<\/tr>\n<\/tbody>\n<\/table>\t\t\t\t\t\t<\/div>\n\t\t\t\t<\/div>\n\t\t\t\t<div class=\"elementor-element elementor-element-4640a82 center elementor-widget elementor-widget-html\" data-id=\"4640a82\" data-element_type=\"widget\" data-widget_type=\"html.default\">\n\t\t\t\t<div class=\"elementor-widget-container\">\n\t\t\t<div class=\"btn_devis\"><a href=\"https:\/\/www.la-chirurgie-esthetique-maroc.com\/es\/cita\/\"><span>Presupuesto gratuito para comparar precios Lipofilling mamario Marruecos vs T\u00fanez<\/span><\/a><\/div>\t\t<\/div>\n\t\t\t\t<\/div>\n\t\t\t\t\t<\/div>\n\t\t<\/div>\n\t\t\t\t\t<\/div>\n\t\t<\/section>\n\t\t\t\t<section class=\"elementor-section elementor-top-section elementor-element elementor-element-9d9173d elementor-section-boxed elementor-section-height-default elementor-section-height-default\" data-id=\"9d9173d\" data-element_type=\"section\">\n\t\t\t\t\t\t<div class=\"elementor-container elementor-column-gap-default\">\n\t\t\t\t\t<div class=\"elementor-column elementor-col-100 elementor-top-column elementor-element elementor-element-a52205b\" data-id=\"a52205b\" data-element_type=\"column\">\n\t\t\t<div class=\"elementor-widget-wrap elementor-element-populated\">\n\t\t\t\t\t\t<div class=\"elementor-element elementor-element-abcd094 elementor-widget elementor-widget-text-editor\" data-id=\"abcd094\" data-element_type=\"widget\" data-widget_type=\"text-editor.default\">\n\t\t\t\t<div class=\"elementor-widget-container\">\n\t\t\t\t\t\t\t<h2>Aumento mamario mediante lipofilling en Marruecos y T\u00fanez<\/h2>\nEs una operaci\u00f3n que se realiza bajo anestesia general y dura entre 2 y 2,5 horas. Antes de la operaci\u00f3n de inyecci\u00f3n de grasa se realiza una mamograf\u00eda, una ecograf\u00eda mamaria y un an\u00e1lisis de sangre con la localizaci\u00f3n de todas las zonas donantes.\n\nLa grasa se extrae de zonas marcadas como el vientre, los muslos, las caderas, las rodillas, etc. A continuaci\u00f3n se purifica mediante centrifugaci\u00f3n para separar las c\u00e9lulas grasas de buena calidad de las impurezas (sangre, aceite). A trav\u00e9s de peque\u00f1as incisiones y con la ayuda de finas c\u00e1nulas, la grasa se reinyecta en los senos. Al final de la intervenci\u00f3n de lipofilling mamario se coloca un vendaje de compresi\u00f3n alrededor del pecho.\n\n\t\t\t\t\t\t<\/div>\n\t\t\t\t<\/div>\n\t\t\t\t\t<\/div>\n\t\t<\/div>\n\t\t\t\t\t<\/div>\n\t\t<\/section>\n\t\t\t\t<section class=\"elementor-section elementor-top-section elementor-element elementor-element-64c3bcff bg-color forme_1  elementor-section-boxed elementor-section-height-default elementor-section-height-default\" data-id=\"64c3bcff\" data-element_type=\"section\">\n\t\t\t\t\t\t<div class=\"elementor-container elementor-column-gap-default\">\n\t\t\t\t\t<div class=\"elementor-column elementor-col-100 elementor-top-column elementor-element elementor-element-16199432\" data-id=\"16199432\" data-element_type=\"column\">\n\t\t\t<div class=\"elementor-widget-wrap elementor-element-populated\">\n\t\t\t\t\t\t<div class=\"elementor-element elementor-element-69baf25 elementor-widget elementor-widget-text-editor\" data-id=\"69baf25\" data-element_type=\"widget\" data-widget_type=\"text-editor.default\">\n\t\t\t\t<div class=\"elementor-widget-container\">\n\t\t\t\t\t\t\t<h3>Los beneficios del aumento de lipofilling:<\/h3>\n<ul class=\"liste-page\">\n \t<li>Tratamiento simult\u00e1neo de dep\u00f3sitos de grasa localizados<\/li>\n \t<li>Unas curvas restauradas de forma natural y un escote alisado<\/li>\n \t<li>Seguridad total sin cirug\u00eda mayor<\/li>\n<\/ul>\n<h2>Cuidados postoperatorios y resultados en T\u00fanez<\/h2>\nTambi\u00e9n pueden aparecer hematomas en las zonas donantes, pero desaparecer\u00e1n al cabo de 1 a 3 meses. Durante las primeras horas despu\u00e9s de la operaci\u00f3n puede sentirse algo de dolor, pero se alivia tomando analg\u00e9sicos.\n\nUna semana despu\u00e9s de la intervenci\u00f3n de lipofilling mamario, es posible reanudar las actividades sociales y profesionales. Sin embargo, es necesario esperar un mes y medio antes de reanudar las actividades f\u00edsicas intensas. El resultado final puede apreciarse a partir del <sup>6\u00ba<\/sup> mes. La lipoestructura o lipomodelaci\u00f3n da al pecho una forma natural y armoniosa con el resto del cuerpo y los resultados son muy satisfactorios.\n\t\t\t\t\t\t<\/div>\n\t\t\t\t<\/div>\n\t\t\t\t\t<\/div>\n\t\t<\/div>\n\t\t\t\t\t<\/div>\n\t\t<\/section>\n\t\t\t\t<section class=\"elementor-section elementor-top-section elementor-element elementor-element-c14af5d elementor-section-boxed elementor-section-height-default elementor-section-height-default\" data-id=\"c14af5d\" data-element_type=\"section\">\n\t\t\t\t\t\t<div class=\"elementor-container elementor-column-gap-default\">\n\t\t\t\t\t<div class=\"elementor-column elementor-col-100 elementor-top-column elementor-element elementor-element-156e0f4\" data-id=\"156e0f4\" data-element_type=\"column\">\n\t\t\t<div class=\"elementor-widget-wrap\">\n\t\t\t\t\t\t\t<\/div>\n\t\t<\/div>\n\t\t\t\t\t<\/div>\n\t\t<\/section>\n\t\t\t\t<section class=\"elementor-section elementor-top-section elementor-element elementor-element-3301e11 center elementor-section-boxed elementor-section-height-default elementor-section-height-default\" data-id=\"3301e11\" data-element_type=\"section\">\n\t\t\t\t\t\t<div class=\"elementor-container elementor-column-gap-default\">\n\t\t\t\t\t<div class=\"elementor-column elementor-col-100 elementor-top-column elementor-element elementor-element-a83d8f5\" data-id=\"a83d8f5\" data-element_type=\"column\">\n\t\t\t<div class=\"elementor-widget-wrap elementor-element-populated\">\n\t\t\t\t\t\t<div class=\"elementor-element elementor-element-6fb36fe elementor-widget elementor-widget-html\" data-id=\"6fb36fe\" data-element_type=\"widget\" data-widget_type=\"html.default\">\n\t\t\t\t<div class=\"elementor-widget-container\">\n\t\t\t<div class=\"btn_devis btn_intern\"><a href=\"https:\/\/www.la-chirurgie-esthetique-maroc.com\/es\/cita\/\"><span>Presupuesto gratuito<\/span><\/a><\/div>\t\t<\/div>\n\t\t\t\t<\/div>\n\t\t\t\t\t<\/div>\n\t\t<\/div>\n\t\t\t\t\t<\/div>\n\t\t<\/section>\n\t\t\t\t<\/div>\n\t\t","protected":false},"excerpt":{"rendered":"<p>El lipofilling Maroc se considera una alternativa a los implantes para el aumento mamario. El lipofilling mamario en T\u00fanez es bien dominado por nuestros cirujanos. Compare nuestra oferta de lipofilling mamario con el precio del lipofilling mamario en Marruecos. Ofrecemos un presupuesto gratuito con toda la informaci\u00f3n sobre la estancia m\u00e9dica. Comparar presupuesto Lipofilling Marruecos [&hellip;]<\/p>\n","protected":false},"author":1,"featured_media":6432,"parent":0,"menu_order":0,"comment_status":"closed","ping_status":"closed","template":"","meta":{"footnotes":""},"class_list":["post-6641","page","type-page","status-publish","has-post-thumbnail","hentry"],"yoast_head":"<!-- This site is optimized with the Yoast SEO plugin v27.4 - https:\/\/yoast.com\/product\/yoast-seo-wordpress\/ -->\n<title>Lipofilling Maroc \u27a1\ufe0f precio aumento de pecho natural<\/title>\n<meta name=\"description\" content=\"Lipofilling mamario precio Marruecos : \u2705 aumento mamario por inyecci\u00f3n de grasa con un precio barato. \u2b50 Solicite su presupuesto gratuito y personalizado.\" \/>\n<meta name=\"robots\" content=\"index, follow, max-snippet:-1, max-image-preview:large, max-video-preview:-1\" \/>\n<link rel=\"canonical\" href=\"https:\/\/www.la-chirurgie-esthetique-maroc.com\/es\/lipofilling-mamario\/\" \/>\n<meta property=\"og:locale\" content=\"es_ES\" \/>\n<meta property=\"og:type\" content=\"article\" \/>\n<meta property=\"og:title\" content=\"Lipofilling Maroc \u27a1\ufe0f precio aumento de pecho natural\" \/>\n<meta property=\"og:description\" content=\"Lipofilling mamario precio Marruecos : \u2705 aumento mamario por inyecci\u00f3n de grasa con un precio barato. \u2b50 Solicite su presupuesto gratuito y personalizado.\" \/>\n<meta property=\"og:url\" content=\"https:\/\/www.la-chirurgie-esthetique-maroc.com\/es\/lipofilling-mamario\/\" \/>\n<meta property=\"og:site_name\" content=\"Chirurgie esthetique Maroc\" \/>\n<meta property=\"article:modified_time\" content=\"2024-02-22T12:33:21+00:00\" \/>\n<meta property=\"og:image\" content=\"https:\/\/www.la-chirurgie-esthetique-maroc.com\/wp-content\/uploads\/2022\/01\/header_seins.webp\" \/>\n\t<meta property=\"og:image:width\" content=\"552\" \/>\n\t<meta property=\"og:image:height\" content=\"612\" \/>\n\t<meta property=\"og:image:type\" content=\"image\/webp\" \/>\n<meta name=\"twitter:card\" content=\"summary_large_image\" \/>\n<meta name=\"twitter:label1\" content=\"Tiempo de lectura\" \/>\n\t<meta name=\"twitter:data1\" content=\"3 minutos\" \/>\n<!-- \/ Yoast SEO plugin. -->","yoast_head_json":{"title":"Lipofilling Maroc \u27a1\ufe0f precio aumento de pecho natural","description":"Lipofilling mamario precio Marruecos : \u2705 aumento mamario por inyecci\u00f3n de grasa con un precio barato. \u2b50 Solicite su presupuesto gratuito y personalizado.","robots":{"index":"index","follow":"follow","max-snippet":"max-snippet:-1","max-image-preview":"max-image-preview:large","max-video-preview":"max-video-preview:-1"},"canonical":"https:\/\/www.la-chirurgie-esthetique-maroc.com\/es\/lipofilling-mamario\/","og_locale":"es_ES","og_type":"article","og_title":"Lipofilling Maroc \u27a1\ufe0f precio aumento de pecho natural","og_description":"Lipofilling mamario precio Marruecos : \u2705 aumento mamario por inyecci\u00f3n de grasa con un precio barato. \u2b50 Solicite su presupuesto gratuito y personalizado.","og_url":"https:\/\/www.la-chirurgie-esthetique-maroc.com\/es\/lipofilling-mamario\/","og_site_name":"Chirurgie esthetique Maroc","article_modified_time":"2024-02-22T12:33:21+00:00","og_image":[{"width":552,"height":612,"url":"https:\/\/www.la-chirurgie-esthetique-maroc.com\/wp-content\/uploads\/2022\/01\/header_seins.webp","type":"image\/webp"}],"twitter_card":"summary_large_image","twitter_misc":{"Tiempo de lectura":"3 minutos"},"schema":{"@context":"https:\/\/schema.org","@graph":[{"@type":"WebPage","@id":"https:\/\/www.la-chirurgie-esthetique-maroc.com\/es\/lipofilling-mamario\/","url":"https:\/\/www.la-chirurgie-esthetique-maroc.com\/es\/lipofilling-mamario\/","name":"Lipofilling Maroc \u27a1\ufe0f precio aumento de pecho natural","isPartOf":{"@id":"https:\/\/www.la-chirurgie-esthetique-maroc.com\/es\/#website"},"primaryImageOfPage":{"@id":"https:\/\/www.la-chirurgie-esthetique-maroc.com\/es\/lipofilling-mamario\/#primaryimage"},"image":{"@id":"https:\/\/www.la-chirurgie-esthetique-maroc.com\/es\/lipofilling-mamario\/#primaryimage"},"thumbnailUrl":"https:\/\/www.la-chirurgie-esthetique-maroc.com\/wp-content\/uploads\/2022\/01\/header_seins.webp","datePublished":"2016-06-23T14:00:42+00:00","dateModified":"2024-02-22T12:33:21+00:00","description":"Lipofilling mamario precio Marruecos : \u2705 aumento mamario por inyecci\u00f3n de grasa con un precio barato. \u2b50 Solicite su presupuesto gratuito y personalizado.","breadcrumb":{"@id":"https:\/\/www.la-chirurgie-esthetique-maroc.com\/es\/lipofilling-mamario\/#breadcrumb"},"inLanguage":"es","potentialAction":[{"@type":"ReadAction","target":["https:\/\/www.la-chirurgie-esthetique-maroc.com\/es\/lipofilling-mamario\/"]}]},{"@type":"ImageObject","inLanguage":"es","@id":"https:\/\/www.la-chirurgie-esthetique-maroc.com\/es\/lipofilling-mamario\/#primaryimage","url":"https:\/\/www.la-chirurgie-esthetique-maroc.com\/wp-content\/uploads\/2022\/01\/header_seins.webp","contentUrl":"https:\/\/www.la-chirurgie-esthetique-maroc.com\/wp-content\/uploads\/2022\/01\/header_seins.webp","width":552,"height":612},{"@type":"BreadcrumbList","@id":"https:\/\/www.la-chirurgie-esthetique-maroc.com\/es\/lipofilling-mamario\/#breadcrumb","itemListElement":[{"@type":"ListItem","position":1,"name":"Accueil","item":"https:\/\/www.la-chirurgie-esthetique-maroc.com\/es\/"},{"@type":"ListItem","position":2,"name":"Lipofilling Maroc : Lipofilling barato"}]},{"@type":"WebSite","@id":"https:\/\/www.la-chirurgie-esthetique-maroc.com\/es\/#website","url":"https:\/\/www.la-chirurgie-esthetique-maroc.com\/es\/","name":"Chirurgie esthetique Maroc","description":"","publisher":{"@id":"https:\/\/www.la-chirurgie-esthetique-maroc.com\/es\/#organization"},"potentialAction":[{"@type":"SearchAction","target":{"@type":"EntryPoint","urlTemplate":"https:\/\/www.la-chirurgie-esthetique-maroc.com\/es\/?s={search_term_string}"},"query-input":{"@type":"PropertyValueSpecification","valueRequired":true,"valueName":"search_term_string"}}],"inLanguage":"es"},{"@type":"Organization","@id":"https:\/\/www.la-chirurgie-esthetique-maroc.com\/es\/#organization","name":"Chirurgie esthetique Maroc","url":"https:\/\/www.la-chirurgie-esthetique-maroc.com\/es\/","logo":{"@type":"ImageObject","inLanguage":"es","@id":"https:\/\/www.la-chirurgie-esthetique-maroc.com\/es\/#\/schema\/logo\/image\/","url":"https:\/\/www.la-chirurgie-esthetique-maroc.com\/wp-content\/uploads\/2022\/01\/cem3.png","contentUrl":"https:\/\/www.la-chirurgie-esthetique-maroc.com\/wp-content\/uploads\/2022\/01\/cem3.png","width":125,"height":41,"caption":"Chirurgie esthetique Maroc"},"image":{"@id":"https:\/\/www.la-chirurgie-esthetique-maroc.com\/es\/#\/schema\/logo\/image\/"}}]}},"_links":{"self":[{"href":"https:\/\/www.la-chirurgie-esthetique-maroc.com\/es\/wp-json\/wp\/v2\/pages\/6641","targetHints":{"allow":["GET"]}}],"collection":[{"href":"https:\/\/www.la-chirurgie-esthetique-maroc.com\/es\/wp-json\/wp\/v2\/pages"}],"about":[{"href":"https:\/\/www.la-chirurgie-esthetique-maroc.com\/es\/wp-json\/wp\/v2\/types\/page"}],"author":[{"embeddable":true,"href":"https:\/\/www.la-chirurgie-esthetique-maroc.com\/es\/wp-json\/wp\/v2\/users\/1"}],"replies":[{"embeddable":true,"href":"https:\/\/www.la-chirurgie-esthetique-maroc.com\/es\/wp-json\/wp\/v2\/comments?post=6641"}],"version-history":[{"count":10,"href":"https:\/\/www.la-chirurgie-esthetique-maroc.com\/es\/wp-json\/wp\/v2\/pages\/6641\/revisions"}],"predecessor-version":[{"id":8413,"href":"https:\/\/www.la-chirurgie-esthetique-maroc.com\/es\/wp-json\/wp\/v2\/pages\/6641\/revisions\/8413"}],"wp:featuredmedia":[{"embeddable":true,"href":"https:\/\/www.la-chirurgie-esthetique-maroc.com\/es\/wp-json\/wp\/v2\/media\/6432"}],"wp:attachment":[{"href":"https:\/\/www.la-chirurgie-esthetique-maroc.com\/es\/wp-json\/wp\/v2\/media?parent=6641"}],"curies":[{"name":"wp","href":"https:\/\/api.w.org\/{rel}","templated":true}]}}