{"id":6651,"date":"2016-06-24T01:49:58","date_gmt":"2016-06-23T23:49:58","guid":{"rendered":"https:\/\/www.la-chirurgie-esthetique-maroc.com\/elevacion-de-mamas-marruecos\/"},"modified":"2024-02-22T13:34:38","modified_gmt":"2024-02-22T12:34:38","slug":"elevacion-de-mamas","status":"publish","type":"page","link":"https:\/\/www.la-chirurgie-esthetique-maroc.com\/es\/elevacion-de-mamas\/","title":{"rendered":"Elevaci\u00f3n de mamas Marruecos"},"content":{"rendered":"\t\t<div data-elementor-type=\"wp-page\" data-elementor-id=\"6651\" class=\"elementor elementor-6651 elementor-59\">\n\t\t\t\t\t\t<section class=\"elementor-section elementor-top-section elementor-element elementor-element-bf21143 elementor-section-boxed elementor-section-height-default elementor-section-height-default\" data-id=\"bf21143\" data-element_type=\"section\">\n\t\t\t\t\t\t<div class=\"elementor-container elementor-column-gap-default\">\n\t\t\t\t\t<div class=\"elementor-column elementor-col-100 elementor-top-column elementor-element elementor-element-80af530\" data-id=\"80af530\" data-element_type=\"column\">\n\t\t\t<div class=\"elementor-widget-wrap elementor-element-populated\">\n\t\t\t\t\t\t<div class=\"elementor-element elementor-element-86ba890 elementor-widget elementor-widget-text-editor\" data-id=\"86ba890\" data-element_type=\"widget\" data-widget_type=\"text-editor.default\">\n\t\t\t\t<div class=\"elementor-widget-container\">\n\t\t\t\t\t\t\t<p style=\"text-align: justify;\">La flacidez de la piel del pecho es una imperfecci\u00f3n mamaria que se produce como consecuencia de una p\u00e9rdida aguda de peso, un embarazo con lactancia o la vejez. Este efecto antiest\u00e9tico puede corregirse mediante una <strong>operaci\u00f3n de lifting mamario<\/strong> <strong>en Marruecos<\/strong>.<\/p>\nLa ca\u00edda y el balanceo de los senos, o <strong>ptosis mamaria<\/strong> como la denominan los cirujanos pl\u00e1sticos, es un verdadero h\u00e1ndicap para un gran n\u00famero de mujeres. Las molestias funcionales y de vestuario se traducen en malestar psicol\u00f3gico y mala imagen de s\u00ed mismo. El procedimiento consiste en reposicionar la gl\u00e1ndula mamaria y eliminar el exceso de piel, independientemente del origen de la ptosis.\t\t\t\t\t\t<\/div>\n\t\t\t\t<\/div>\n\t\t\t\t\t<\/div>\n\t\t<\/div>\n\t\t\t\t\t<\/div>\n\t\t<\/section>\n\t\t\t\t<section class=\"elementor-section elementor-top-section elementor-element elementor-element-f99b168 elementor-section-boxed elementor-section-height-default elementor-section-height-default\" data-id=\"f99b168\" data-element_type=\"section\">\n\t\t\t\t\t\t<div class=\"elementor-container elementor-column-gap-default\">\n\t\t\t\t\t<div class=\"elementor-column elementor-col-66 elementor-top-column elementor-element elementor-element-8a8c792\" data-id=\"8a8c792\" data-element_type=\"column\">\n\t\t\t<div class=\"elementor-widget-wrap elementor-element-populated\">\n\t\t\t\t\t\t<div class=\"elementor-element elementor-element-f094030 elementor-widget elementor-widget-text-editor\" data-id=\"f094030\" data-element_type=\"widget\" data-widget_type=\"text-editor.default\">\n\t\t\t\t<div class=\"elementor-widget-container\">\n\t\t\t\t\t\t\t<h2>Presupuesto expr\u00e9s gratuito<\/h2>\n<style>\r\n.align_center {\r\n    display: block;\r\n    text-align: center;\r\n    padding: 30px 0px;\r\n}\r\n<\/style>\r\n\r\n<div>\r\n\t<h2 class=\"align_center\">Presupuesto r\u00e1pido gratuito<\/h2>\r\n<iframe src=\"https:\/\/app.metocrm.com\/web-forms\/e1cab5bd-ef56-4a37-aa71-4857d931f368\"  height=\"800px\" width=\"100%\"  frameborder=\"0\" style=\"border-radius: 10px;\"><\/iframe>\r\n\r\n<\/div>\t\t\t\t\t\t<\/div>\n\t\t\t\t<\/div>\n\t\t\t\t\t<\/div>\n\t\t<\/div>\n\t\t\t\t<div class=\"elementor-column elementor-col-33 elementor-top-column elementor-element elementor-element-f037f51\" data-id=\"f037f51\" data-element_type=\"column\">\n\t\t\t<div class=\"elementor-widget-wrap elementor-element-populated\">\n\t\t\t\t\t\t<div class=\"elementor-element elementor-element-3e89707 elementor-widget elementor-widget-image\" data-id=\"3e89707\" data-element_type=\"widget\" data-widget_type=\"image.default\">\n\t\t\t\t<div class=\"elementor-widget-container\">\n\t\t\t\t\t\t\t\t\t\t\t\t\t<img fetchpriority=\"high\" decoding=\"async\" width=\"508\" height=\"554\" src=\"https:\/\/www.la-chirurgie-esthetique-maroc.com\/wp-content\/uploads\/2022\/01\/la-chirurgie-esthetique-maroc_devis-1.webp\" class=\"attachment-large size-large wp-image-6422\" alt=\"\" srcset=\"https:\/\/www.la-chirurgie-esthetique-maroc.com\/wp-content\/uploads\/2022\/01\/la-chirurgie-esthetique-maroc_devis-1.webp 508w, https:\/\/www.la-chirurgie-esthetique-maroc.com\/wp-content\/uploads\/2022\/01\/la-chirurgie-esthetique-maroc_devis-1-275x300.webp 275w\" sizes=\"(max-width: 508px) 100vw, 508px\" \/>\t\t\t\t\t\t\t\t\t\t\t\t\t<\/div>\n\t\t\t\t<\/div>\n\t\t\t\t\t<\/div>\n\t\t<\/div>\n\t\t\t\t\t<\/div>\n\t\t<\/section>\n\t\t\t\t<section class=\"elementor-section elementor-top-section elementor-element elementor-element-122358d elementor-section-boxed elementor-section-height-default elementor-section-height-default\" data-id=\"122358d\" data-element_type=\"section\">\n\t\t\t\t\t\t<div class=\"elementor-container elementor-column-gap-default\">\n\t\t\t\t\t<div class=\"elementor-column elementor-col-100 elementor-top-column elementor-element elementor-element-a2b6712\" data-id=\"a2b6712\" data-element_type=\"column\">\n\t\t\t<div class=\"elementor-widget-wrap elementor-element-populated\">\n\t\t\t\t\t\t<div class=\"elementor-element elementor-element-608362e elementor-widget elementor-widget-text-editor\" data-id=\"608362e\" data-element_type=\"widget\" data-widget_type=\"text-editor.default\">\n\t\t\t\t<div class=\"elementor-widget-container\">\n\t\t\t\t\t\t\t<h2>Precio de un lifting mamario en Marruecos: tarifa reducida<\/h2>\n\u00bfEst\u00e1 buscando el <strong>precio de un lifting de mamas en Marruecos<\/strong>? Nuestra cl\u00ednica le ofrece el <strong>precio m\u00e1s barato <\/strong>con una estancia m\u00e9dica de 6 d\u00edas y 5 noches en un hotel de lujo. Nuestra cl\u00ednica tambi\u00e9n le ofrece un presupuesto gratuito con todos los detalles de su intervenci\u00f3n. Solicite un presupuesto para obtener m\u00e1s informaci\u00f3n sobre la<strong>cirug\u00eda de elevaci\u00f3n de mamas en T\u00fanez y Marruecos<\/strong>.\n<table class=\"table_home interne table_full\">\n<thead>\n<tr>\n<th>Intervenciones<\/th>\n<th>Premios<\/th>\n<th>Permanece<\/th>\n<\/tr>\n<\/thead>\n<tbody>\n<tr>\n<td>Elevaci\u00f3n de mamas sin pr\u00f3tesis<\/td>\n<td>2100 \u20ac<\/td>\n<td>5 noches y 6 d\u00edas<\/td>\n<\/tr>\n<tr>\n<td>Elevaci\u00f3n de mamas con pr\u00f3tesis redondas (certificado no PIP)<\/td>\n<td>2850 \u20ac<\/td>\n<td>5 noches y 6 d\u00edas<\/td>\n<\/tr>\n<tr>\n<td>Pr\u00f3tesis anat\u00f3micas (certificadas no PIP)<\/td>\n<td>3050 \u20ac<\/td>\n<td>5 noches y 6 d\u00edas<\/td>\n<\/tr>\n<\/tbody>\n<\/table>\t\t\t\t\t\t<\/div>\n\t\t\t\t<\/div>\n\t\t\t\t\t<\/div>\n\t\t<\/div>\n\t\t\t\t\t<\/div>\n\t\t<\/section>\n\t\t\t\t<section class=\"elementor-section elementor-top-section elementor-element elementor-element-1bf1d3c1 bg-color forme_1  elementor-section-boxed elementor-section-height-default elementor-section-height-default\" data-id=\"1bf1d3c1\" data-element_type=\"section\">\n\t\t\t\t\t\t<div class=\"elementor-container elementor-column-gap-default\">\n\t\t\t\t\t<div class=\"elementor-column elementor-col-100 elementor-top-column elementor-element elementor-element-6bf74a46\" data-id=\"6bf74a46\" data-element_type=\"column\">\n\t\t\t<div class=\"elementor-widget-wrap elementor-element-populated\">\n\t\t\t\t\t\t<div class=\"elementor-element elementor-element-408f0e54 elementor-widget elementor-widget-text-editor\" data-id=\"408f0e54\" data-element_type=\"widget\" data-widget_type=\"text-editor.default\">\n\t\t\t\t<div class=\"elementor-widget-container\">\n\t\t\t\t\t\t\t<h2>Elevaci\u00f3n de mamas en Marruecos en la Cl\u00ednica<\/h2><p>Para dise\u00f1ar un procedimiento personalizado y optimizado, es necesario realizar una ecograf\u00eda mamaria y una mamograf\u00eda. La<strong>operaci\u00f3n de lifting facial<\/strong> dura entre 1 y 3 horas dependiendo de la extensi\u00f3n de la ptosis y se realiza bajo anestesia general. Se aconseja hospitalizaci\u00f3n durante 24 horas.<br \/>Teniendo en cuenta la simetr\u00eda y la forma m\u00e1s adecuada, se elimina todo el exceso de piel. El tipo de incisi\u00f3n est\u00e1 directamente relacionado con la falta o el exceso de volumen mamario que acompa\u00f1a a la ca\u00edda de las mamas:<\/p><ul class=\"liste-page\"><li>Una hipertrofia o exceso de volumen<\/li><li>Hipotrofia o volumen mamario insuficiente<\/li><\/ul><p>La cirug\u00eda <strong>de elevaci\u00f3n mamaria en Marruecos<\/strong> s\u00f3lo se recomienda si el crecimiento de los senos es completo. Los nuevos embarazos, o incluso la lactancia, s\u00f3lo se tienen en cuenta a partir de los 6 meses.<\/p>\t\t\t\t\t\t<\/div>\n\t\t\t\t<\/div>\n\t\t\t\t\t<\/div>\n\t\t<\/div>\n\t\t\t\t\t<\/div>\n\t\t<\/section>\n\t\t\t\t<section class=\"elementor-section elementor-top-section elementor-element elementor-element-199bf86 elementor-section-boxed elementor-section-height-default elementor-section-height-default\" data-id=\"199bf86\" data-element_type=\"section\">\n\t\t\t\t\t\t<div class=\"elementor-container elementor-column-gap-default\">\n\t\t\t\t\t<div class=\"elementor-column elementor-col-100 elementor-top-column elementor-element elementor-element-f70cb7d\" data-id=\"f70cb7d\" data-element_type=\"column\">\n\t\t\t<div class=\"elementor-widget-wrap elementor-element-populated\">\n\t\t\t\t\t\t<div class=\"elementor-element elementor-element-29b935d elementor-widget elementor-widget-text-editor\" data-id=\"29b935d\" data-element_type=\"widget\" data-widget_type=\"text-editor.default\">\n\t\t\t\t<div class=\"elementor-widget-container\">\n\t\t\t\t\t\t\t<h2>Al salir del quir\u00f3fano<\/h2>\n\nSe lleva un sujetador de soporte durante un mes despu\u00e9s de la operaci\u00f3n. Pueden sentirse algunas punzadas de dolor, pero bastan unos simples analg\u00e9sicos para aliviarlas. Un reposo total de 7 a 10 d\u00edas es esencial para la correcta reconstrucci\u00f3n de las c\u00e9lulas. Durante este periodo tambi\u00e9n se retiran las suturas.\n\nEs necesario esperar a que las cicatrices maduren antes de juzgar el resultado final de un <strong>lifting mamario marroqu\u00ed<\/strong>. Al cabo de un a\u00f1o, los pechos adquieren su aspecto definitivo.\t\t\t\t\t\t<\/div>\n\t\t\t\t<\/div>\n\t\t\t\t\t<\/div>\n\t\t<\/div>\n\t\t\t\t\t<\/div>\n\t\t<\/section>\n\t\t\t\t<section class=\"elementor-section elementor-top-section elementor-element elementor-element-7c35db3 center elementor-section-boxed elementor-section-height-default elementor-section-height-default\" data-id=\"7c35db3\" data-element_type=\"section\">\n\t\t\t\t\t\t<div class=\"elementor-container elementor-column-gap-default\">\n\t\t\t\t\t<div class=\"elementor-column elementor-col-100 elementor-top-column elementor-element elementor-element-bdadd69\" data-id=\"bdadd69\" data-element_type=\"column\">\n\t\t\t<div class=\"elementor-widget-wrap elementor-element-populated\">\n\t\t\t\t\t\t<div class=\"elementor-element elementor-element-2e2355d elementor-widget elementor-widget-html\" data-id=\"2e2355d\" data-element_type=\"widget\" data-widget_type=\"html.default\">\n\t\t\t\t<div class=\"elementor-widget-container\">\n\t\t\t<div class=\"btn_devis btn_intern\"><a href=\"https:\/\/www.la-chirurgie-esthetique-maroc.com\/es\/cita\/\"><span>Presupuesto gratuito<\/span><\/a><\/div>\t\t<\/div>\n\t\t\t\t<\/div>\n\t\t\t\t\t<\/div>\n\t\t<\/div>\n\t\t\t\t\t<\/div>\n\t\t<\/section>\n\t\t\t\t<\/div>\n\t\t","protected":false},"excerpt":{"rendered":"<p>La flacidez de la piel del pecho es una imperfecci\u00f3n mamaria que se produce como consecuencia de una p\u00e9rdida aguda de peso, un embarazo con lactancia o la vejez. Este efecto antiest\u00e9tico puede corregirse mediante una operaci\u00f3n de lifting mamario en Marruecos. La ca\u00edda y el balanceo de los senos, o ptosis mamaria como la [&hellip;]<\/p>\n","protected":false},"author":1,"featured_media":6432,"parent":0,"menu_order":0,"comment_status":"closed","ping_status":"closed","template":"","meta":{"footnotes":""},"class_list":["post-6651","page","type-page","status-publish","has-post-thumbnail","hentry"],"yoast_head":"<!-- This site is optimized with the Yoast SEO plugin v27.5 - https:\/\/yoast.com\/product\/yoast-seo-wordpress\/ -->\n<title>Precio de la elevaci\u00f3n del pecho Marruecos : estancia m\u00e9dica barata<\/title>\n<meta name=\"description\" content=\"Precio de una elevaci\u00f3n de pecho en Marruecos: tarifa reducida para una estancia m\u00e9dica en nuestra cl\u00ednica con un presupuesto gratuito para su operaci\u00f3n.\" \/>\n<meta name=\"robots\" content=\"index, follow, max-snippet:-1, max-image-preview:large, max-video-preview:-1\" \/>\n<link rel=\"canonical\" href=\"https:\/\/www.la-chirurgie-esthetique-maroc.com\/es\/elevacion-de-mamas\/\" \/>\n<meta property=\"og:locale\" content=\"es_ES\" \/>\n<meta property=\"og:type\" content=\"article\" \/>\n<meta property=\"og:title\" content=\"Precio de la elevaci\u00f3n del pecho Marruecos : estancia m\u00e9dica barata\" \/>\n<meta property=\"og:description\" content=\"Precio de una elevaci\u00f3n de pecho en Marruecos: tarifa reducida para una estancia m\u00e9dica en nuestra cl\u00ednica con un presupuesto gratuito para su operaci\u00f3n.\" \/>\n<meta property=\"og:url\" content=\"https:\/\/www.la-chirurgie-esthetique-maroc.com\/es\/elevacion-de-mamas\/\" \/>\n<meta property=\"og:site_name\" content=\"Chirurgie esthetique Maroc\" \/>\n<meta property=\"article:modified_time\" content=\"2024-02-22T12:34:38+00:00\" \/>\n<meta property=\"og:image\" content=\"https:\/\/www.la-chirurgie-esthetique-maroc.com\/wp-content\/uploads\/2022\/01\/header_seins.webp\" \/>\n\t<meta property=\"og:image:width\" content=\"552\" \/>\n\t<meta property=\"og:image:height\" content=\"612\" \/>\n\t<meta property=\"og:image:type\" content=\"image\/webp\" \/>\n<meta name=\"twitter:card\" content=\"summary_large_image\" \/>\n<meta name=\"twitter:label1\" content=\"Tiempo de lectura\" \/>\n\t<meta name=\"twitter:data1\" content=\"3 minutos\" \/>\n<!-- \/ Yoast SEO plugin. -->","yoast_head_json":{"title":"Precio de la elevaci\u00f3n del pecho Marruecos : estancia m\u00e9dica barata","description":"Precio de una elevaci\u00f3n de pecho en Marruecos: tarifa reducida para una estancia m\u00e9dica en nuestra cl\u00ednica con un presupuesto gratuito para su operaci\u00f3n.","robots":{"index":"index","follow":"follow","max-snippet":"max-snippet:-1","max-image-preview":"max-image-preview:large","max-video-preview":"max-video-preview:-1"},"canonical":"https:\/\/www.la-chirurgie-esthetique-maroc.com\/es\/elevacion-de-mamas\/","og_locale":"es_ES","og_type":"article","og_title":"Precio de la elevaci\u00f3n del pecho Marruecos : estancia m\u00e9dica barata","og_description":"Precio de una elevaci\u00f3n de pecho en Marruecos: tarifa reducida para una estancia m\u00e9dica en nuestra cl\u00ednica con un presupuesto gratuito para su operaci\u00f3n.","og_url":"https:\/\/www.la-chirurgie-esthetique-maroc.com\/es\/elevacion-de-mamas\/","og_site_name":"Chirurgie esthetique Maroc","article_modified_time":"2024-02-22T12:34:38+00:00","og_image":[{"width":552,"height":612,"url":"https:\/\/www.la-chirurgie-esthetique-maroc.com\/wp-content\/uploads\/2022\/01\/header_seins.webp","type":"image\/webp"}],"twitter_card":"summary_large_image","twitter_misc":{"Tiempo de lectura":"3 minutos"},"schema":{"@context":"https:\/\/schema.org","@graph":[{"@type":"WebPage","@id":"https:\/\/www.la-chirurgie-esthetique-maroc.com\/es\/elevacion-de-mamas\/","url":"https:\/\/www.la-chirurgie-esthetique-maroc.com\/es\/elevacion-de-mamas\/","name":"Precio de la elevaci\u00f3n del pecho Marruecos : estancia m\u00e9dica barata","isPartOf":{"@id":"https:\/\/www.la-chirurgie-esthetique-maroc.com\/es\/#website"},"primaryImageOfPage":{"@id":"https:\/\/www.la-chirurgie-esthetique-maroc.com\/es\/elevacion-de-mamas\/#primaryimage"},"image":{"@id":"https:\/\/www.la-chirurgie-esthetique-maroc.com\/es\/elevacion-de-mamas\/#primaryimage"},"thumbnailUrl":"https:\/\/www.la-chirurgie-esthetique-maroc.com\/wp-content\/uploads\/2022\/01\/header_seins.webp","datePublished":"2016-06-23T23:49:58+00:00","dateModified":"2024-02-22T12:34:38+00:00","description":"Precio de una elevaci\u00f3n de pecho en Marruecos: tarifa reducida para una estancia m\u00e9dica en nuestra cl\u00ednica con un presupuesto gratuito para su operaci\u00f3n.","breadcrumb":{"@id":"https:\/\/www.la-chirurgie-esthetique-maroc.com\/es\/elevacion-de-mamas\/#breadcrumb"},"inLanguage":"es","potentialAction":[{"@type":"ReadAction","target":["https:\/\/www.la-chirurgie-esthetique-maroc.com\/es\/elevacion-de-mamas\/"]}]},{"@type":"ImageObject","inLanguage":"es","@id":"https:\/\/www.la-chirurgie-esthetique-maroc.com\/es\/elevacion-de-mamas\/#primaryimage","url":"https:\/\/www.la-chirurgie-esthetique-maroc.com\/wp-content\/uploads\/2022\/01\/header_seins.webp","contentUrl":"https:\/\/www.la-chirurgie-esthetique-maroc.com\/wp-content\/uploads\/2022\/01\/header_seins.webp","width":552,"height":612},{"@type":"BreadcrumbList","@id":"https:\/\/www.la-chirurgie-esthetique-maroc.com\/es\/elevacion-de-mamas\/#breadcrumb","itemListElement":[{"@type":"ListItem","position":1,"name":"Accueil","item":"https:\/\/www.la-chirurgie-esthetique-maroc.com\/es\/"},{"@type":"ListItem","position":2,"name":"Elevaci\u00f3n de mamas Marruecos"}]},{"@type":"WebSite","@id":"https:\/\/www.la-chirurgie-esthetique-maroc.com\/es\/#website","url":"https:\/\/www.la-chirurgie-esthetique-maroc.com\/es\/","name":"Chirurgie esthetique Maroc","description":"","publisher":{"@id":"https:\/\/www.la-chirurgie-esthetique-maroc.com\/es\/#organization"},"potentialAction":[{"@type":"SearchAction","target":{"@type":"EntryPoint","urlTemplate":"https:\/\/www.la-chirurgie-esthetique-maroc.com\/es\/?s={search_term_string}"},"query-input":{"@type":"PropertyValueSpecification","valueRequired":true,"valueName":"search_term_string"}}],"inLanguage":"es"},{"@type":"Organization","@id":"https:\/\/www.la-chirurgie-esthetique-maroc.com\/es\/#organization","name":"Chirurgie esthetique Maroc","url":"https:\/\/www.la-chirurgie-esthetique-maroc.com\/es\/","logo":{"@type":"ImageObject","inLanguage":"es","@id":"https:\/\/www.la-chirurgie-esthetique-maroc.com\/es\/#\/schema\/logo\/image\/","url":"https:\/\/www.la-chirurgie-esthetique-maroc.com\/wp-content\/uploads\/2022\/01\/cem3.png","contentUrl":"https:\/\/www.la-chirurgie-esthetique-maroc.com\/wp-content\/uploads\/2022\/01\/cem3.png","width":125,"height":41,"caption":"Chirurgie esthetique Maroc"},"image":{"@id":"https:\/\/www.la-chirurgie-esthetique-maroc.com\/es\/#\/schema\/logo\/image\/"}}]}},"_links":{"self":[{"href":"https:\/\/www.la-chirurgie-esthetique-maroc.com\/es\/wp-json\/wp\/v2\/pages\/6651","targetHints":{"allow":["GET"]}}],"collection":[{"href":"https:\/\/www.la-chirurgie-esthetique-maroc.com\/es\/wp-json\/wp\/v2\/pages"}],"about":[{"href":"https:\/\/www.la-chirurgie-esthetique-maroc.com\/es\/wp-json\/wp\/v2\/types\/page"}],"author":[{"embeddable":true,"href":"https:\/\/www.la-chirurgie-esthetique-maroc.com\/es\/wp-json\/wp\/v2\/users\/1"}],"replies":[{"embeddable":true,"href":"https:\/\/www.la-chirurgie-esthetique-maroc.com\/es\/wp-json\/wp\/v2\/comments?post=6651"}],"version-history":[{"count":10,"href":"https:\/\/www.la-chirurgie-esthetique-maroc.com\/es\/wp-json\/wp\/v2\/pages\/6651\/revisions"}],"predecessor-version":[{"id":8419,"href":"https:\/\/www.la-chirurgie-esthetique-maroc.com\/es\/wp-json\/wp\/v2\/pages\/6651\/revisions\/8419"}],"wp:featuredmedia":[{"embeddable":true,"href":"https:\/\/www.la-chirurgie-esthetique-maroc.com\/es\/wp-json\/wp\/v2\/media\/6432"}],"wp:attachment":[{"href":"https:\/\/www.la-chirurgie-esthetique-maroc.com\/es\/wp-json\/wp\/v2\/media?parent=6651"}],"curies":[{"name":"wp","href":"https:\/\/api.w.org\/{rel}","templated":true}]}}