{"id":6656,"date":"2016-06-24T01:57:29","date_gmt":"2016-06-23T23:57:29","guid":{"rendered":"https:\/\/www.la-chirurgie-esthetique-maroc.com\/reconstruccion-mamaria-marruecos-tras-un-cancer\/"},"modified":"2024-02-22T13:35:05","modified_gmt":"2024-02-22T12:35:05","slug":"reconstruccion-mamaria","status":"publish","type":"page","link":"https:\/\/www.la-chirurgie-esthetique-maroc.com\/es\/reconstruccion-mamaria\/","title":{"rendered":"Reconstrucci\u00f3n mamaria Marruecos tras un c\u00e1ncer"},"content":{"rendered":"\t\t<div data-elementor-type=\"wp-page\" data-elementor-id=\"6656\" class=\"elementor elementor-6656 elementor-63\">\n\t\t\t\t\t\t<section class=\"elementor-section elementor-top-section elementor-element elementor-element-a7ad39c elementor-section-boxed elementor-section-height-default elementor-section-height-default\" data-id=\"a7ad39c\" data-element_type=\"section\">\n\t\t\t\t\t\t<div class=\"elementor-container elementor-column-gap-default\">\n\t\t\t\t\t<div class=\"elementor-column elementor-col-100 elementor-top-column elementor-element elementor-element-8bfe1de\" data-id=\"8bfe1de\" data-element_type=\"column\">\n\t\t\t<div class=\"elementor-widget-wrap elementor-element-populated\">\n\t\t\t\t\t\t<div class=\"elementor-element elementor-element-d2fbe1c elementor-widget elementor-widget-text-editor\" data-id=\"d2fbe1c\" data-element_type=\"widget\" data-widget_type=\"text-editor.default\">\n\t\t\t\t<div class=\"elementor-widget-container\">\n\t\t\t\t\t\t\tLa <strong>reconstrucci\u00f3n mamaria en<\/strong> Marruecos se realiza tras la extirpaci\u00f3n de una mama (mamectom\u00eda) debido a un c\u00e1ncer. El objetivo de este procedimiento de <strong>mamoplastia reconstructiva<\/strong> es restaurar la morfolog\u00eda de la mama para permitir a la paciente reanudar sus actividades normales.\n\nEn nuestra cl\u00ednica, los cirujanos pl\u00e1sticos m\u00e1s competentes en <strong>mamoplastia<\/strong> ponen a prueba diversas t\u00e9cnicas.\t\t\t\t\t\t<\/div>\n\t\t\t\t<\/div>\n\t\t\t\t\t<\/div>\n\t\t<\/div>\n\t\t\t\t\t<\/div>\n\t\t<\/section>\n\t\t\t\t<section class=\"elementor-section elementor-top-section elementor-element elementor-element-2f4b8a6 elementor-section-boxed elementor-section-height-default elementor-section-height-default\" data-id=\"2f4b8a6\" data-element_type=\"section\">\n\t\t\t\t\t\t<div class=\"elementor-container elementor-column-gap-default\">\n\t\t\t\t\t<div class=\"elementor-column elementor-col-66 elementor-top-column elementor-element elementor-element-7f81c78\" data-id=\"7f81c78\" data-element_type=\"column\">\n\t\t\t<div class=\"elementor-widget-wrap elementor-element-populated\">\n\t\t\t\t\t\t<div class=\"elementor-element elementor-element-86767da elementor-widget elementor-widget-text-editor\" data-id=\"86767da\" data-element_type=\"widget\" data-widget_type=\"text-editor.default\">\n\t\t\t\t<div class=\"elementor-widget-container\">\n\t\t\t\t\t\t\t<h2>Presupuesto expr\u00e9s gratuito<\/h2>\n<style>\r\n.align_center {\r\n    display: block;\r\n    text-align: center;\r\n    padding: 30px 0px;\r\n}\r\n<\/style>\r\n\r\n<div>\r\n\t<h2 class=\"align_center\">Presupuesto r\u00e1pido gratuito<\/h2>\r\n<iframe src=\"https:\/\/app.metocrm.com\/web-forms\/e1cab5bd-ef56-4a37-aa71-4857d931f368\"  height=\"800px\" width=\"100%\"  frameborder=\"0\" style=\"border-radius: 10px;\"><\/iframe>\r\n\r\n<\/div>\t\t\t\t\t\t<\/div>\n\t\t\t\t<\/div>\n\t\t\t\t\t<\/div>\n\t\t<\/div>\n\t\t\t\t<div class=\"elementor-column elementor-col-33 elementor-top-column elementor-element elementor-element-24129db\" data-id=\"24129db\" data-element_type=\"column\">\n\t\t\t<div class=\"elementor-widget-wrap elementor-element-populated\">\n\t\t\t\t\t\t<div class=\"elementor-element elementor-element-ea0fea9 elementor-widget elementor-widget-image\" data-id=\"ea0fea9\" data-element_type=\"widget\" data-widget_type=\"image.default\">\n\t\t\t\t<div class=\"elementor-widget-container\">\n\t\t\t\t\t\t\t\t\t\t\t\t\t<img fetchpriority=\"high\" decoding=\"async\" width=\"508\" height=\"554\" src=\"https:\/\/www.la-chirurgie-esthetique-maroc.com\/wp-content\/uploads\/2022\/01\/la-chirurgie-esthetique-maroc_devis-1.webp\" class=\"attachment-large size-large wp-image-6422\" alt=\"\" srcset=\"https:\/\/www.la-chirurgie-esthetique-maroc.com\/wp-content\/uploads\/2022\/01\/la-chirurgie-esthetique-maroc_devis-1.webp 508w, https:\/\/www.la-chirurgie-esthetique-maroc.com\/wp-content\/uploads\/2022\/01\/la-chirurgie-esthetique-maroc_devis-1-275x300.webp 275w\" sizes=\"(max-width: 508px) 100vw, 508px\" \/>\t\t\t\t\t\t\t\t\t\t\t\t\t<\/div>\n\t\t\t\t<\/div>\n\t\t\t\t\t<\/div>\n\t\t<\/div>\n\t\t\t\t\t<\/div>\n\t\t<\/section>\n\t\t\t\t<section class=\"elementor-section elementor-top-section elementor-element elementor-element-4e162fa bg-color forme_1  elementor-section-boxed elementor-section-height-default elementor-section-height-default\" data-id=\"4e162fa\" data-element_type=\"section\">\n\t\t\t\t\t\t<div class=\"elementor-container elementor-column-gap-default\">\n\t\t\t\t\t<div class=\"elementor-column elementor-col-100 elementor-top-column elementor-element elementor-element-4471b911\" data-id=\"4471b911\" data-element_type=\"column\">\n\t\t\t<div class=\"elementor-widget-wrap elementor-element-populated\">\n\t\t\t\t\t\t<div class=\"elementor-element elementor-element-6aaee733 elementor-widget elementor-widget-text-editor\" data-id=\"6aaee733\" data-element_type=\"widget\" data-widget_type=\"text-editor.default\">\n\t\t\t\t<div class=\"elementor-widget-container\">\n\t\t\t\t\t\t\t<h2>Reconstrucci\u00f3n mamaria en Marruecos en nuestra cl\u00ednica<\/h2><p>Se realizan sistem\u00e1ticamente pruebas de laboratorio para detectar cualquier posible contraindicaci\u00f3n antes de la operaci\u00f3n. El m\u00e9todo quir\u00fargico que se dise\u00f1e depender\u00e1 de la elasticidad y la calidad de la piel donde se haya realizado la mamectom\u00eda.<\/p><p>Si la piel est\u00e1 tirante y poco el\u00e1stica, el primer paso es llevar el tejido sobrante a la mama para su posterior reconstrucci\u00f3n. Si existe un recubrimiento suave y de buena calidad, la inserci\u00f3n de una pr\u00f3tesis mamaria es suficiente para restaurar una forma mamaria natural.<\/p><p>El cirujano puede utilizar una de estas 3 t\u00e9cnicas:<\/p><ul class=\"liste-page\"><li>Distensi\u00f3n de la piel tor\u00e1cica mediante la t\u00e9cnica de expansi\u00f3n tisular<\/li><li>Colgajo de m\u00fasculo y piel de la espalda<\/li><li>Colgajo de m\u00fasculo y piel del abdomen<\/li><\/ul><p>As\u00ed pues, la operaci\u00f3n consta de dos etapas. Durante la primera operaci\u00f3n, se obtiene un exceso de piel para sostener el <a href=\"https:\/\/www.la-chirurgie-esthetique-maroc.com\/es\/aumento-de-senos\/\">volumen mamario<\/a> que se a\u00f1adir\u00e1 durante la segunda operaci\u00f3n.<\/p>\t\t\t\t\t\t<\/div>\n\t\t\t\t<\/div>\n\t\t\t\t\t<\/div>\n\t\t<\/div>\n\t\t\t\t\t<\/div>\n\t\t<\/section>\n\t\t\t\t<section class=\"elementor-section elementor-top-section elementor-element elementor-element-f5ce4b7 elementor-section-boxed elementor-section-height-default elementor-section-height-default\" data-id=\"f5ce4b7\" data-element_type=\"section\">\n\t\t\t\t\t\t<div class=\"elementor-container elementor-column-gap-default\">\n\t\t\t\t\t<div class=\"elementor-column elementor-col-100 elementor-top-column elementor-element elementor-element-d7dd8d6\" data-id=\"d7dd8d6\" data-element_type=\"column\">\n\t\t\t<div class=\"elementor-widget-wrap elementor-element-populated\">\n\t\t\t\t\t\t<div class=\"elementor-element elementor-element-5345a70 elementor-widget elementor-widget-text-editor\" data-id=\"5345a70\" data-element_type=\"widget\" data-widget_type=\"text-editor.default\">\n\t\t\t\t<div class=\"elementor-widget-container\">\n\t\t\t\t\t\t\t<h2>Reconstrucci\u00f3n mamaria postoperatoria<\/h2>\nLa piel se cierra sobre peque\u00f1os drenajes de succi\u00f3n. Las cicatrices se enrojecen durante los 3 primeros meses y luego se aclaran gradualmente a lo largo de 1 a 2 a\u00f1os. Es frecuente una sensaci\u00f3n de insensibilidad y acartonamiento en el pecho. Tambi\u00e9n puede producirse hinchaz\u00f3n y hematomas. Todos estos s\u00edntomas se controlan perfectamente y desaparecen en unos d\u00edas o unas semanas.\n\nLa <strong>reconstrucci\u00f3n mamaria tras una mastectom\u00eda<\/strong> es muy beneficiosa tanto psicol\u00f3gica como est\u00e9ticamente y el resultado es muy satisfactorio.\t\t\t\t\t\t<\/div>\n\t\t\t\t<\/div>\n\t\t\t\t\t<\/div>\n\t\t<\/div>\n\t\t\t\t\t<\/div>\n\t\t<\/section>\n\t\t\t\t<section class=\"elementor-section elementor-top-section elementor-element elementor-element-b758680 center elementor-section-boxed elementor-section-height-default elementor-section-height-default\" data-id=\"b758680\" data-element_type=\"section\">\n\t\t\t\t\t\t<div class=\"elementor-container elementor-column-gap-default\">\n\t\t\t\t\t<div class=\"elementor-column elementor-col-100 elementor-top-column elementor-element elementor-element-9eb5e92\" data-id=\"9eb5e92\" data-element_type=\"column\">\n\t\t\t<div class=\"elementor-widget-wrap elementor-element-populated\">\n\t\t\t\t\t\t<div class=\"elementor-element elementor-element-b473213 elementor-widget elementor-widget-html\" data-id=\"b473213\" data-element_type=\"widget\" data-widget_type=\"html.default\">\n\t\t\t\t<div class=\"elementor-widget-container\">\n\t\t\t<div class=\"btn_devis btn_intern\"><a href=\"https:\/\/www.la-chirurgie-esthetique-maroc.com\/es\/cita\/\"><span>Presupuesto gratuito<\/span><\/a><\/div>\t\t<\/div>\n\t\t\t\t<\/div>\n\t\t\t\t\t<\/div>\n\t\t<\/div>\n\t\t\t\t\t<\/div>\n\t\t<\/section>\n\t\t\t\t<\/div>\n\t\t","protected":false},"excerpt":{"rendered":"<p>La reconstrucci\u00f3n mamaria en Marruecos se realiza tras la extirpaci\u00f3n de una mama (mamectom\u00eda) debido a un c\u00e1ncer. El objetivo de este procedimiento de mamoplastia reconstructiva es restaurar la morfolog\u00eda de la mama para permitir a la paciente reanudar sus actividades normales. En nuestra cl\u00ednica, los cirujanos pl\u00e1sticos m\u00e1s competentes en mamoplastia ponen a prueba [&hellip;]<\/p>\n","protected":false},"author":1,"featured_media":6432,"parent":0,"menu_order":0,"comment_status":"closed","ping_status":"closed","template":"","meta":{"footnotes":""},"class_list":["post-6656","page","type-page","status-publish","has-post-thumbnail","hentry"],"yoast_head":"<!-- This site is optimized with the Yoast SEO plugin v27.4 - https:\/\/yoast.com\/product\/yoast-seo-wordpress\/ -->\n<title>Reconstrucci\u00f3n mamaria Marruecos con un presupuesto de estancia m\u00e9dica barato<\/title>\n<meta name=\"description\" content=\"Reconstrucci\u00f3n mamaria Marruecos despu\u00e9s del c\u00e1ncer: estancia m\u00e9dica barata con presupuesto gratuito en nuestra cl\u00ednica.\" \/>\n<meta name=\"robots\" content=\"index, follow, max-snippet:-1, max-image-preview:large, max-video-preview:-1\" \/>\n<link rel=\"canonical\" href=\"https:\/\/www.la-chirurgie-esthetique-maroc.com\/es\/reconstruccion-mamaria\/\" \/>\n<meta property=\"og:locale\" content=\"es_ES\" \/>\n<meta property=\"og:type\" content=\"article\" \/>\n<meta property=\"og:title\" content=\"Reconstrucci\u00f3n mamaria Marruecos con un presupuesto de estancia m\u00e9dica barato\" \/>\n<meta property=\"og:description\" content=\"Reconstrucci\u00f3n mamaria Marruecos despu\u00e9s del c\u00e1ncer: estancia m\u00e9dica barata con presupuesto gratuito en nuestra cl\u00ednica.\" \/>\n<meta property=\"og:url\" content=\"https:\/\/www.la-chirurgie-esthetique-maroc.com\/es\/reconstruccion-mamaria\/\" \/>\n<meta property=\"og:site_name\" content=\"Chirurgie esthetique Maroc\" \/>\n<meta property=\"article:modified_time\" content=\"2024-02-22T12:35:05+00:00\" \/>\n<meta property=\"og:image\" content=\"https:\/\/www.la-chirurgie-esthetique-maroc.com\/wp-content\/uploads\/2022\/01\/header_seins.webp\" \/>\n\t<meta property=\"og:image:width\" content=\"552\" \/>\n\t<meta property=\"og:image:height\" content=\"612\" \/>\n\t<meta property=\"og:image:type\" content=\"image\/webp\" \/>\n<meta name=\"twitter:card\" content=\"summary_large_image\" \/>\n<meta name=\"twitter:label1\" content=\"Tiempo de lectura\" \/>\n\t<meta name=\"twitter:data1\" content=\"2 minutos\" \/>\n<!-- \/ Yoast SEO plugin. -->","yoast_head_json":{"title":"Reconstrucci\u00f3n mamaria Marruecos con un presupuesto de estancia m\u00e9dica barato","description":"Reconstrucci\u00f3n mamaria Marruecos despu\u00e9s del c\u00e1ncer: estancia m\u00e9dica barata con presupuesto gratuito en nuestra cl\u00ednica.","robots":{"index":"index","follow":"follow","max-snippet":"max-snippet:-1","max-image-preview":"max-image-preview:large","max-video-preview":"max-video-preview:-1"},"canonical":"https:\/\/www.la-chirurgie-esthetique-maroc.com\/es\/reconstruccion-mamaria\/","og_locale":"es_ES","og_type":"article","og_title":"Reconstrucci\u00f3n mamaria Marruecos con un presupuesto de estancia m\u00e9dica barato","og_description":"Reconstrucci\u00f3n mamaria Marruecos despu\u00e9s del c\u00e1ncer: estancia m\u00e9dica barata con presupuesto gratuito en nuestra cl\u00ednica.","og_url":"https:\/\/www.la-chirurgie-esthetique-maroc.com\/es\/reconstruccion-mamaria\/","og_site_name":"Chirurgie esthetique Maroc","article_modified_time":"2024-02-22T12:35:05+00:00","og_image":[{"width":552,"height":612,"url":"https:\/\/www.la-chirurgie-esthetique-maroc.com\/wp-content\/uploads\/2022\/01\/header_seins.webp","type":"image\/webp"}],"twitter_card":"summary_large_image","twitter_misc":{"Tiempo de lectura":"2 minutos"},"schema":{"@context":"https:\/\/schema.org","@graph":[{"@type":"WebPage","@id":"https:\/\/www.la-chirurgie-esthetique-maroc.com\/es\/reconstruccion-mamaria\/","url":"https:\/\/www.la-chirurgie-esthetique-maroc.com\/es\/reconstruccion-mamaria\/","name":"Reconstrucci\u00f3n mamaria Marruecos con un presupuesto de estancia m\u00e9dica barato","isPartOf":{"@id":"https:\/\/www.la-chirurgie-esthetique-maroc.com\/es\/#website"},"primaryImageOfPage":{"@id":"https:\/\/www.la-chirurgie-esthetique-maroc.com\/es\/reconstruccion-mamaria\/#primaryimage"},"image":{"@id":"https:\/\/www.la-chirurgie-esthetique-maroc.com\/es\/reconstruccion-mamaria\/#primaryimage"},"thumbnailUrl":"https:\/\/www.la-chirurgie-esthetique-maroc.com\/wp-content\/uploads\/2022\/01\/header_seins.webp","datePublished":"2016-06-23T23:57:29+00:00","dateModified":"2024-02-22T12:35:05+00:00","description":"Reconstrucci\u00f3n mamaria Marruecos despu\u00e9s del c\u00e1ncer: estancia m\u00e9dica barata con presupuesto gratuito en nuestra cl\u00ednica.","breadcrumb":{"@id":"https:\/\/www.la-chirurgie-esthetique-maroc.com\/es\/reconstruccion-mamaria\/#breadcrumb"},"inLanguage":"es","potentialAction":[{"@type":"ReadAction","target":["https:\/\/www.la-chirurgie-esthetique-maroc.com\/es\/reconstruccion-mamaria\/"]}]},{"@type":"ImageObject","inLanguage":"es","@id":"https:\/\/www.la-chirurgie-esthetique-maroc.com\/es\/reconstruccion-mamaria\/#primaryimage","url":"https:\/\/www.la-chirurgie-esthetique-maroc.com\/wp-content\/uploads\/2022\/01\/header_seins.webp","contentUrl":"https:\/\/www.la-chirurgie-esthetique-maroc.com\/wp-content\/uploads\/2022\/01\/header_seins.webp","width":552,"height":612},{"@type":"BreadcrumbList","@id":"https:\/\/www.la-chirurgie-esthetique-maroc.com\/es\/reconstruccion-mamaria\/#breadcrumb","itemListElement":[{"@type":"ListItem","position":1,"name":"Accueil","item":"https:\/\/www.la-chirurgie-esthetique-maroc.com\/es\/"},{"@type":"ListItem","position":2,"name":"Reconstrucci\u00f3n mamaria Marruecos tras un c\u00e1ncer"}]},{"@type":"WebSite","@id":"https:\/\/www.la-chirurgie-esthetique-maroc.com\/es\/#website","url":"https:\/\/www.la-chirurgie-esthetique-maroc.com\/es\/","name":"Chirurgie esthetique Maroc","description":"","publisher":{"@id":"https:\/\/www.la-chirurgie-esthetique-maroc.com\/es\/#organization"},"potentialAction":[{"@type":"SearchAction","target":{"@type":"EntryPoint","urlTemplate":"https:\/\/www.la-chirurgie-esthetique-maroc.com\/es\/?s={search_term_string}"},"query-input":{"@type":"PropertyValueSpecification","valueRequired":true,"valueName":"search_term_string"}}],"inLanguage":"es"},{"@type":"Organization","@id":"https:\/\/www.la-chirurgie-esthetique-maroc.com\/es\/#organization","name":"Chirurgie esthetique Maroc","url":"https:\/\/www.la-chirurgie-esthetique-maroc.com\/es\/","logo":{"@type":"ImageObject","inLanguage":"es","@id":"https:\/\/www.la-chirurgie-esthetique-maroc.com\/es\/#\/schema\/logo\/image\/","url":"https:\/\/www.la-chirurgie-esthetique-maroc.com\/wp-content\/uploads\/2022\/01\/cem3.png","contentUrl":"https:\/\/www.la-chirurgie-esthetique-maroc.com\/wp-content\/uploads\/2022\/01\/cem3.png","width":125,"height":41,"caption":"Chirurgie esthetique Maroc"},"image":{"@id":"https:\/\/www.la-chirurgie-esthetique-maroc.com\/es\/#\/schema\/logo\/image\/"}}]}},"_links":{"self":[{"href":"https:\/\/www.la-chirurgie-esthetique-maroc.com\/es\/wp-json\/wp\/v2\/pages\/6656","targetHints":{"allow":["GET"]}}],"collection":[{"href":"https:\/\/www.la-chirurgie-esthetique-maroc.com\/es\/wp-json\/wp\/v2\/pages"}],"about":[{"href":"https:\/\/www.la-chirurgie-esthetique-maroc.com\/es\/wp-json\/wp\/v2\/types\/page"}],"author":[{"embeddable":true,"href":"https:\/\/www.la-chirurgie-esthetique-maroc.com\/es\/wp-json\/wp\/v2\/users\/1"}],"replies":[{"embeddable":true,"href":"https:\/\/www.la-chirurgie-esthetique-maroc.com\/es\/wp-json\/wp\/v2\/comments?post=6656"}],"version-history":[{"count":10,"href":"https:\/\/www.la-chirurgie-esthetique-maroc.com\/es\/wp-json\/wp\/v2\/pages\/6656\/revisions"}],"predecessor-version":[{"id":8422,"href":"https:\/\/www.la-chirurgie-esthetique-maroc.com\/es\/wp-json\/wp\/v2\/pages\/6656\/revisions\/8422"}],"wp:featuredmedia":[{"embeddable":true,"href":"https:\/\/www.la-chirurgie-esthetique-maroc.com\/es\/wp-json\/wp\/v2\/media\/6432"}],"wp:attachment":[{"href":"https:\/\/www.la-chirurgie-esthetique-maroc.com\/es\/wp-json\/wp\/v2\/media?parent=6656"}],"curies":[{"name":"wp","href":"https:\/\/api.w.org\/{rel}","templated":true}]}}