{"id":6661,"date":"2018-05-09T09:37:16","date_gmt":"2018-05-09T07:37:16","guid":{"rendered":"https:\/\/www.la-chirurgie-esthetique-maroc.com\/cambio-de-protesis-mamarias-marruecos\/"},"modified":"2023-05-29T12:00:25","modified_gmt":"2023-05-29T10:00:25","slug":"cambio-protesis-mamarias","status":"publish","type":"page","link":"https:\/\/www.la-chirurgie-esthetique-maroc.com\/es\/cambio-protesis-mamarias\/","title":{"rendered":"Cambio de pr\u00f3tesis mamarias Marruecos"},"content":{"rendered":"\t\t<div data-elementor-type=\"wp-page\" data-elementor-id=\"6661\" class=\"elementor elementor-6661 elementor-1576\">\n\t\t\t\t\t\t<section class=\"elementor-section elementor-top-section elementor-element elementor-element-69d2d61 elementor-section-boxed elementor-section-height-default elementor-section-height-default\" data-id=\"69d2d61\" data-element_type=\"section\">\n\t\t\t\t\t\t<div class=\"elementor-container elementor-column-gap-default\">\n\t\t\t\t\t<div class=\"elementor-column elementor-col-33 elementor-top-column elementor-element elementor-element-b8c3636\" data-id=\"b8c3636\" data-element_type=\"column\">\n\t\t\t<div class=\"elementor-widget-wrap elementor-element-populated\">\n\t\t\t\t\t\t<div class=\"elementor-element elementor-element-aee109e img_shadow elementor-widget elementor-widget-image\" data-id=\"aee109e\" data-element_type=\"widget\" data-widget_type=\"image.default\">\n\t\t\t\t<div class=\"elementor-widget-container\">\n\t\t\t\t\t\t\t\t\t\t\t\t\t<img fetchpriority=\"high\" decoding=\"async\" width=\"408\" height=\"333\" src=\"https:\/\/www.la-chirurgie-esthetique-maroc.com\/wp-content\/uploads\/2022\/01\/changement-protheses-mammaires-Tunisie.webp\" class=\"attachment-large size-large wp-image-6443\" alt=\"\" srcset=\"https:\/\/www.la-chirurgie-esthetique-maroc.com\/wp-content\/uploads\/2022\/01\/changement-protheses-mammaires-Tunisie.webp 408w, https:\/\/www.la-chirurgie-esthetique-maroc.com\/wp-content\/uploads\/2022\/01\/changement-protheses-mammaires-Tunisie-300x245.webp 300w\" sizes=\"(max-width: 408px) 100vw, 408px\" \/>\t\t\t\t\t\t\t\t\t\t\t\t\t<\/div>\n\t\t\t\t<\/div>\n\t\t\t\t\t<\/div>\n\t\t<\/div>\n\t\t\t\t<div class=\"elementor-column elementor-col-66 elementor-top-column elementor-element elementor-element-77688f4\" data-id=\"77688f4\" data-element_type=\"column\">\n\t\t\t<div class=\"elementor-widget-wrap elementor-element-populated\">\n\t\t\t\t\t\t<div class=\"elementor-element elementor-element-1bd8a18 elementor-widget elementor-widget-text-editor\" data-id=\"1bd8a18\" data-element_type=\"widget\" data-widget_type=\"text-editor.default\">\n\t\t\t\t<div class=\"elementor-widget-container\">\n\t\t\t\t\t\t\tLa colocaci\u00f3n de pr\u00f3tesis mamarias permite realizar un aumento de pecho. Sin embargo, los implantes tienen una vida \u00fatil, y debido al desgaste u otras complicaciones relacionadas con los implantes, puede ser necesario un <strong>cambio de implantes mamarios marroqu\u00edes<\/strong>. Aunque se trata de una operaci\u00f3n sencilla, la sustituci\u00f3n de implantes mamarios requiere un dominio de la t\u00e9cnica quir\u00fargica.\n<h2>Cambio de precio pr\u00f3tesis mamarias Marruecos<\/h2>\nEl <strong>precio de la sustituci\u00f3n de implantes mamarios en Marruecos<\/strong> puede ser obtenido por la paciente solicitando un presupuesto online gratuito. Como el precio de la intervenci\u00f3n es en euros, puede pedir el precio en dinares.\t\t\t\t\t\t<\/div>\n\t\t\t\t<\/div>\n\t\t\t\t\t<\/div>\n\t\t<\/div>\n\t\t\t\t\t<\/div>\n\t\t<\/section>\n\t\t\t\t<section class=\"elementor-section elementor-top-section elementor-element elementor-element-ff972c0 elementor-section-boxed elementor-section-height-default elementor-section-height-default\" data-id=\"ff972c0\" data-element_type=\"section\">\n\t\t\t\t\t\t<div class=\"elementor-container elementor-column-gap-default\">\n\t\t\t\t\t<div class=\"elementor-column elementor-col-66 elementor-top-column elementor-element elementor-element-659d23f\" data-id=\"659d23f\" data-element_type=\"column\">\n\t\t\t<div class=\"elementor-widget-wrap elementor-element-populated\">\n\t\t\t\t\t\t<div class=\"elementor-element elementor-element-f35abad elementor-widget elementor-widget-text-editor\" data-id=\"f35abad\" data-element_type=\"widget\" data-widget_type=\"text-editor.default\">\n\t\t\t\t<div class=\"elementor-widget-container\">\n\t\t\t\t\t\t\t<h2>Presupuesto expr\u00e9s gratuito<\/h2>\n<style>\r\n.align_center {\r\n    display: block;\r\n    text-align: center;\r\n    padding: 30px 0px;\r\n}\r\n<\/style>\r\n\r\n<div>\r\n\t<h2 class=\"align_center\">Presupuesto r\u00e1pido gratuito<\/h2>\r\n<iframe src=\"https:\/\/app.metocrm.com\/web-forms\/e1cab5bd-ef56-4a37-aa71-4857d931f368\"  height=\"800px\" width=\"100%\"  frameborder=\"0\" style=\"border-radius: 10px;\"><\/iframe>\r\n\r\n<\/div>\t\t\t\t\t\t<\/div>\n\t\t\t\t<\/div>\n\t\t\t\t\t<\/div>\n\t\t<\/div>\n\t\t\t\t<div class=\"elementor-column elementor-col-33 elementor-top-column elementor-element elementor-element-aac0f07\" data-id=\"aac0f07\" data-element_type=\"column\">\n\t\t\t<div class=\"elementor-widget-wrap elementor-element-populated\">\n\t\t\t\t\t\t<div class=\"elementor-element elementor-element-c738f13 elementor-widget elementor-widget-image\" data-id=\"c738f13\" data-element_type=\"widget\" data-widget_type=\"image.default\">\n\t\t\t\t<div class=\"elementor-widget-container\">\n\t\t\t\t\t\t\t\t\t\t\t\t\t<img decoding=\"async\" width=\"508\" height=\"554\" src=\"https:\/\/www.la-chirurgie-esthetique-maroc.com\/wp-content\/uploads\/2022\/01\/la-chirurgie-esthetique-maroc_devis-1.webp\" class=\"attachment-large size-large wp-image-6422\" alt=\"\" srcset=\"https:\/\/www.la-chirurgie-esthetique-maroc.com\/wp-content\/uploads\/2022\/01\/la-chirurgie-esthetique-maroc_devis-1.webp 508w, https:\/\/www.la-chirurgie-esthetique-maroc.com\/wp-content\/uploads\/2022\/01\/la-chirurgie-esthetique-maroc_devis-1-275x300.webp 275w\" sizes=\"(max-width: 508px) 100vw, 508px\" \/>\t\t\t\t\t\t\t\t\t\t\t\t\t<\/div>\n\t\t\t\t<\/div>\n\t\t\t\t\t<\/div>\n\t\t<\/div>\n\t\t\t\t\t<\/div>\n\t\t<\/section>\n\t\t\t\t<section class=\"elementor-section elementor-top-section elementor-element elementor-element-1014fef bg-color forme_1  elementor-section-boxed elementor-section-height-default elementor-section-height-default\" data-id=\"1014fef\" data-element_type=\"section\">\n\t\t\t\t\t\t<div class=\"elementor-container elementor-column-gap-default\">\n\t\t\t\t\t<div class=\"elementor-column elementor-col-33 elementor-top-column elementor-element elementor-element-862670a\" data-id=\"862670a\" data-element_type=\"column\">\n\t\t\t<div class=\"elementor-widget-wrap elementor-element-populated\">\n\t\t\t\t\t\t<div class=\"elementor-element elementor-element-1321326 elementor-widget elementor-widget-image\" data-id=\"1321326\" data-element_type=\"widget\" data-widget_type=\"image.default\">\n\t\t\t\t<div class=\"elementor-widget-container\">\n\t\t\t\t\t\t\t\t\t\t\t\t\t<img decoding=\"async\" width=\"489\" height=\"517\" src=\"https:\/\/www.la-chirurgie-esthetique-maroc.com\/wp-content\/uploads\/2022\/01\/changement-prothese-mammaire-tunisie.webp\" class=\"attachment-large size-large wp-image-6444\" alt=\"\" srcset=\"https:\/\/www.la-chirurgie-esthetique-maroc.com\/wp-content\/uploads\/2022\/01\/changement-prothese-mammaire-tunisie.webp 489w, https:\/\/www.la-chirurgie-esthetique-maroc.com\/wp-content\/uploads\/2022\/01\/changement-prothese-mammaire-tunisie-284x300.webp 284w\" sizes=\"(max-width: 489px) 100vw, 489px\" \/>\t\t\t\t\t\t\t\t\t\t\t\t\t<\/div>\n\t\t\t\t<\/div>\n\t\t\t\t\t<\/div>\n\t\t<\/div>\n\t\t\t\t<div class=\"elementor-column elementor-col-66 elementor-top-column elementor-element elementor-element-caae4eb\" data-id=\"caae4eb\" data-element_type=\"column\">\n\t\t\t<div class=\"elementor-widget-wrap elementor-element-populated\">\n\t\t\t\t\t\t<div class=\"elementor-element elementor-element-5ab7079 elementor-widget elementor-widget-text-editor\" data-id=\"5ab7079\" data-element_type=\"widget\" data-widget_type=\"text-editor.default\">\n\t\t\t\t<div class=\"elementor-widget-container\">\n\t\t\t\t\t\t\t<h2>Procedimiento para cambiar los implantes mamarios<\/h2>\nDespu\u00e9s de 10 a\u00f1os, los implantes mamarios deben revisarse normalmente. O se puede <strong>cambiar<\/strong> la <strong>pr\u00f3tesis<\/strong> en caso de complicaciones postoperatorias. Esta revisi\u00f3n consiste en la sustituci\u00f3n del implante. En este caso, la intervenci\u00f3n se realiza bajo anestesia general y dura una (1) hora.\n\nEl <strong>cambio de pr\u00f3tesis mamarias en<\/strong> Marruecos sigue varios casos. Puede hacerse manteniendo el volumen de la pr\u00f3tesis inicial, con un aumento del volumen de la pr\u00f3tesis, con una correcci\u00f3n de la ptosis mamaria.\nEn cualquier caso, es necesario retirar la pr\u00f3tesis previamente implantada. En este caso, el cirujano realiza una incisi\u00f3n submamaria, o sea, sigue la l\u00ednea de las incisiones que permitieron el implante mamario original. Se prefiere el mismo enfoque para la extracci\u00f3n y reimplantaci\u00f3n de la pr\u00f3tesis.\n\nSi se aumenta el volumen del implante, tambi\u00e9n ser\u00e1 necesario ampliar la bolsa.\n\nCuando el cambio de pr\u00f3tesis se asocia a una ca\u00edda de las mamas, ser\u00e1 necesario proceder a una <a href=\"https:\/\/www.la-chirurgie-esthetique-maroc.com\/es\/elevacion-de-mamas\/\">elevaci\u00f3n mamaria<\/a> para corregir primero la ptosis antes de la colocaci\u00f3n de una nueva pr\u00f3tesis. Es muy posible cambiar la posici\u00f3n de la pr\u00f3tesis, ponerla en posici\u00f3n retro-muscular o pre-muscular.\t\t\t\t\t\t<\/div>\n\t\t\t\t<\/div>\n\t\t\t\t\t<\/div>\n\t\t<\/div>\n\t\t\t\t\t<\/div>\n\t\t<\/section>\n\t\t\t\t<section class=\"elementor-section elementor-top-section elementor-element elementor-element-3b0e100a elementor-section-boxed elementor-section-height-default elementor-section-height-default\" data-id=\"3b0e100a\" data-element_type=\"section\">\n\t\t\t\t\t\t<div class=\"elementor-container elementor-column-gap-default\">\n\t\t\t\t\t<div class=\"elementor-column elementor-col-100 elementor-top-column elementor-element elementor-element-17f71d49\" data-id=\"17f71d49\" data-element_type=\"column\">\n\t\t\t<div class=\"elementor-widget-wrap elementor-element-populated\">\n\t\t\t\t\t\t<div class=\"elementor-element elementor-element-446b636b elementor-widget elementor-widget-text-editor\" data-id=\"446b636b\" data-element_type=\"widget\" data-widget_type=\"text-editor.default\">\n\t\t\t\t<div class=\"elementor-widget-container\">\n\t\t\t\t\t\t\t\n\n<h2>Seguimiento postoperatorio de la sustituci\u00f3n de implantes mamarios<\/h2>\nAparte de la hinchaz\u00f3n postoperatoria, la paciente puede experimentar hematomas o dolor tras un <strong>cambio de implantes mamarios<\/strong>, que pueden aliviarse con analg\u00e9sicos.\n<h2>Resultados de la operaci\u00f3n de cambio de pr\u00f3tesis de silicona<\/h2>\nLas pr\u00f3tesis mamarias reci\u00e9n implantadas pueden tardar hasta 3 meses en estabilizarse. Tambi\u00e9n es el tiempo que se tarda en conseguir un resultado final.\n\nTras la renovaci\u00f3n de las pr\u00f3tesis mamarias, puede observarse una p\u00e9rdida de sensibilidad mamaria o una cicatrizaci\u00f3n anormal, sobre todo en caso de mastopexia asociada. Tambi\u00e9n es posible asistir a la formaci\u00f3n de una envoltura periprot\u00e9sica.\t\t\t\t\t\t<\/div>\n\t\t\t\t<\/div>\n\t\t\t\t\t<\/div>\n\t\t<\/div>\n\t\t\t\t\t<\/div>\n\t\t<\/section>\n\t\t\t\t<section class=\"elementor-section elementor-top-section elementor-element elementor-element-2092002 center elementor-section-boxed elementor-section-height-default elementor-section-height-default\" data-id=\"2092002\" data-element_type=\"section\">\n\t\t\t\t\t\t<div class=\"elementor-container elementor-column-gap-default\">\n\t\t\t\t\t<div class=\"elementor-column elementor-col-100 elementor-top-column elementor-element elementor-element-0199243\" data-id=\"0199243\" data-element_type=\"column\">\n\t\t\t<div class=\"elementor-widget-wrap elementor-element-populated\">\n\t\t\t\t\t\t<div class=\"elementor-element elementor-element-7d652cb elementor-widget elementor-widget-html\" data-id=\"7d652cb\" data-element_type=\"widget\" data-widget_type=\"html.default\">\n\t\t\t\t<div class=\"elementor-widget-container\">\n\t\t\t<div class=\"btn_devis btn_intern\"><a href=\"https:\/\/www.la-chirurgie-esthetique-maroc.com\/es\/cita\/\"><span>Presupuesto gratuito<\/span><\/a><\/div>\t\t<\/div>\n\t\t\t\t<\/div>\n\t\t\t\t\t<\/div>\n\t\t<\/div>\n\t\t\t\t\t<\/div>\n\t\t<\/section>\n\t\t\t\t<\/div>\n\t\t","protected":false},"excerpt":{"rendered":"<p>La colocaci\u00f3n de pr\u00f3tesis mamarias permite realizar un aumento de pecho. Sin embargo, los implantes tienen una vida \u00fatil, y debido al desgaste u otras complicaciones relacionadas con los implantes, puede ser necesario un cambio de implantes mamarios marroqu\u00edes. Aunque se trata de una operaci\u00f3n sencilla, la sustituci\u00f3n de implantes mamarios requiere un dominio de [&hellip;]<\/p>\n","protected":false},"author":2,"featured_media":6432,"parent":0,"menu_order":0,"comment_status":"closed","ping_status":"closed","template":"","meta":{"footnotes":""},"class_list":["post-6661","page","type-page","status-publish","has-post-thumbnail","hentry"],"yoast_head":"<!-- This site is optimized with the Yoast SEO plugin v27.5 - https:\/\/yoast.com\/product\/yoast-seo-wordpress\/ -->\n<title>Sustituci\u00f3n de pr\u00f3tesis mamarias Marruecos : precio de la sustituci\u00f3n de implantes mamarios<\/title>\n<meta name=\"description\" content=\"Cambio de pr\u00f3tesis mamarias Marruecos: revisi\u00f3n de implantes mamarios y cambio de pr\u00f3tesis con un precio barato.\" \/>\n<meta name=\"robots\" content=\"index, follow, max-snippet:-1, max-image-preview:large, max-video-preview:-1\" \/>\n<link rel=\"canonical\" href=\"https:\/\/www.la-chirurgie-esthetique-maroc.com\/es\/cambio-protesis-mamarias\/\" \/>\n<meta property=\"og:locale\" content=\"es_ES\" \/>\n<meta property=\"og:type\" content=\"article\" \/>\n<meta property=\"og:title\" content=\"Sustituci\u00f3n de pr\u00f3tesis mamarias Marruecos : precio de la sustituci\u00f3n de implantes mamarios\" \/>\n<meta property=\"og:description\" content=\"Cambio de pr\u00f3tesis mamarias Marruecos: revisi\u00f3n de implantes mamarios y cambio de pr\u00f3tesis con un precio barato.\" \/>\n<meta property=\"og:url\" content=\"https:\/\/www.la-chirurgie-esthetique-maroc.com\/es\/cambio-protesis-mamarias\/\" \/>\n<meta property=\"og:site_name\" content=\"Chirurgie esthetique Maroc\" \/>\n<meta property=\"article:modified_time\" content=\"2023-05-29T10:00:25+00:00\" \/>\n<meta property=\"og:image\" content=\"https:\/\/www.la-chirurgie-esthetique-maroc.com\/wp-content\/uploads\/2022\/01\/header_seins.webp\" \/>\n\t<meta property=\"og:image:width\" content=\"552\" \/>\n\t<meta property=\"og:image:height\" content=\"612\" \/>\n\t<meta property=\"og:image:type\" content=\"image\/webp\" \/>\n<meta name=\"twitter:card\" content=\"summary_large_image\" \/>\n<meta name=\"twitter:label1\" content=\"Tiempo de lectura\" \/>\n\t<meta name=\"twitter:data1\" content=\"3 minutos\" \/>\n<!-- \/ Yoast SEO plugin. -->","yoast_head_json":{"title":"Sustituci\u00f3n de pr\u00f3tesis mamarias Marruecos : precio de la sustituci\u00f3n de implantes mamarios","description":"Cambio de pr\u00f3tesis mamarias Marruecos: revisi\u00f3n de implantes mamarios y cambio de pr\u00f3tesis con un precio barato.","robots":{"index":"index","follow":"follow","max-snippet":"max-snippet:-1","max-image-preview":"max-image-preview:large","max-video-preview":"max-video-preview:-1"},"canonical":"https:\/\/www.la-chirurgie-esthetique-maroc.com\/es\/cambio-protesis-mamarias\/","og_locale":"es_ES","og_type":"article","og_title":"Sustituci\u00f3n de pr\u00f3tesis mamarias Marruecos : precio de la sustituci\u00f3n de implantes mamarios","og_description":"Cambio de pr\u00f3tesis mamarias Marruecos: revisi\u00f3n de implantes mamarios y cambio de pr\u00f3tesis con un precio barato.","og_url":"https:\/\/www.la-chirurgie-esthetique-maroc.com\/es\/cambio-protesis-mamarias\/","og_site_name":"Chirurgie esthetique Maroc","article_modified_time":"2023-05-29T10:00:25+00:00","og_image":[{"width":552,"height":612,"url":"https:\/\/www.la-chirurgie-esthetique-maroc.com\/wp-content\/uploads\/2022\/01\/header_seins.webp","type":"image\/webp"}],"twitter_card":"summary_large_image","twitter_misc":{"Tiempo de lectura":"3 minutos"},"schema":{"@context":"https:\/\/schema.org","@graph":[{"@type":"WebPage","@id":"https:\/\/www.la-chirurgie-esthetique-maroc.com\/es\/cambio-protesis-mamarias\/","url":"https:\/\/www.la-chirurgie-esthetique-maroc.com\/es\/cambio-protesis-mamarias\/","name":"Sustituci\u00f3n de pr\u00f3tesis mamarias Marruecos : precio de la sustituci\u00f3n de implantes mamarios","isPartOf":{"@id":"https:\/\/www.la-chirurgie-esthetique-maroc.com\/es\/#website"},"primaryImageOfPage":{"@id":"https:\/\/www.la-chirurgie-esthetique-maroc.com\/es\/cambio-protesis-mamarias\/#primaryimage"},"image":{"@id":"https:\/\/www.la-chirurgie-esthetique-maroc.com\/es\/cambio-protesis-mamarias\/#primaryimage"},"thumbnailUrl":"https:\/\/www.la-chirurgie-esthetique-maroc.com\/wp-content\/uploads\/2022\/01\/header_seins.webp","datePublished":"2018-05-09T07:37:16+00:00","dateModified":"2023-05-29T10:00:25+00:00","description":"Cambio de pr\u00f3tesis mamarias Marruecos: revisi\u00f3n de implantes mamarios y cambio de pr\u00f3tesis con un precio barato.","breadcrumb":{"@id":"https:\/\/www.la-chirurgie-esthetique-maroc.com\/es\/cambio-protesis-mamarias\/#breadcrumb"},"inLanguage":"es","potentialAction":[{"@type":"ReadAction","target":["https:\/\/www.la-chirurgie-esthetique-maroc.com\/es\/cambio-protesis-mamarias\/"]}]},{"@type":"ImageObject","inLanguage":"es","@id":"https:\/\/www.la-chirurgie-esthetique-maroc.com\/es\/cambio-protesis-mamarias\/#primaryimage","url":"https:\/\/www.la-chirurgie-esthetique-maroc.com\/wp-content\/uploads\/2022\/01\/header_seins.webp","contentUrl":"https:\/\/www.la-chirurgie-esthetique-maroc.com\/wp-content\/uploads\/2022\/01\/header_seins.webp","width":552,"height":612},{"@type":"BreadcrumbList","@id":"https:\/\/www.la-chirurgie-esthetique-maroc.com\/es\/cambio-protesis-mamarias\/#breadcrumb","itemListElement":[{"@type":"ListItem","position":1,"name":"Accueil","item":"https:\/\/www.la-chirurgie-esthetique-maroc.com\/es\/"},{"@type":"ListItem","position":2,"name":"Cambio de pr\u00f3tesis mamarias Marruecos"}]},{"@type":"WebSite","@id":"https:\/\/www.la-chirurgie-esthetique-maroc.com\/es\/#website","url":"https:\/\/www.la-chirurgie-esthetique-maroc.com\/es\/","name":"Chirurgie esthetique Maroc","description":"","publisher":{"@id":"https:\/\/www.la-chirurgie-esthetique-maroc.com\/es\/#organization"},"potentialAction":[{"@type":"SearchAction","target":{"@type":"EntryPoint","urlTemplate":"https:\/\/www.la-chirurgie-esthetique-maroc.com\/es\/?s={search_term_string}"},"query-input":{"@type":"PropertyValueSpecification","valueRequired":true,"valueName":"search_term_string"}}],"inLanguage":"es"},{"@type":"Organization","@id":"https:\/\/www.la-chirurgie-esthetique-maroc.com\/es\/#organization","name":"Chirurgie esthetique Maroc","url":"https:\/\/www.la-chirurgie-esthetique-maroc.com\/es\/","logo":{"@type":"ImageObject","inLanguage":"es","@id":"https:\/\/www.la-chirurgie-esthetique-maroc.com\/es\/#\/schema\/logo\/image\/","url":"https:\/\/www.la-chirurgie-esthetique-maroc.com\/wp-content\/uploads\/2022\/01\/cem3.png","contentUrl":"https:\/\/www.la-chirurgie-esthetique-maroc.com\/wp-content\/uploads\/2022\/01\/cem3.png","width":125,"height":41,"caption":"Chirurgie esthetique Maroc"},"image":{"@id":"https:\/\/www.la-chirurgie-esthetique-maroc.com\/es\/#\/schema\/logo\/image\/"}}]}},"_links":{"self":[{"href":"https:\/\/www.la-chirurgie-esthetique-maroc.com\/es\/wp-json\/wp\/v2\/pages\/6661","targetHints":{"allow":["GET"]}}],"collection":[{"href":"https:\/\/www.la-chirurgie-esthetique-maroc.com\/es\/wp-json\/wp\/v2\/pages"}],"about":[{"href":"https:\/\/www.la-chirurgie-esthetique-maroc.com\/es\/wp-json\/wp\/v2\/types\/page"}],"author":[{"embeddable":true,"href":"https:\/\/www.la-chirurgie-esthetique-maroc.com\/es\/wp-json\/wp\/v2\/users\/2"}],"replies":[{"embeddable":true,"href":"https:\/\/www.la-chirurgie-esthetique-maroc.com\/es\/wp-json\/wp\/v2\/comments?post=6661"}],"version-history":[{"count":11,"href":"https:\/\/www.la-chirurgie-esthetique-maroc.com\/es\/wp-json\/wp\/v2\/pages\/6661\/revisions"}],"predecessor-version":[{"id":7991,"href":"https:\/\/www.la-chirurgie-esthetique-maroc.com\/es\/wp-json\/wp\/v2\/pages\/6661\/revisions\/7991"}],"wp:featuredmedia":[{"embeddable":true,"href":"https:\/\/www.la-chirurgie-esthetique-maroc.com\/es\/wp-json\/wp\/v2\/media\/6432"}],"wp:attachment":[{"href":"https:\/\/www.la-chirurgie-esthetique-maroc.com\/es\/wp-json\/wp\/v2\/media?parent=6661"}],"curies":[{"name":"wp","href":"https:\/\/api.w.org\/{rel}","templated":true}]}}