{"id":6694,"date":"2016-06-24T02:24:12","date_gmt":"2016-06-24T00:24:12","guid":{"rendered":"https:\/\/www.la-chirurgie-esthetique-maroc.com\/abdominoplastia-marruecos-cirugia-estetica-de-abdomen\/"},"modified":"2024-02-22T13:36:42","modified_gmt":"2024-02-22T12:36:42","slug":"abdominoplastia","status":"publish","type":"page","link":"https:\/\/www.la-chirurgie-esthetique-maroc.com\/es\/abdominoplastia\/","title":{"rendered":"Abdominoplastia Marruecos: cirug\u00eda est\u00e9tica de abdomen"},"content":{"rendered":"\t\t<div data-elementor-type=\"wp-page\" data-elementor-id=\"6694\" class=\"elementor elementor-6694 elementor-72\">\n\t\t\t\t\t\t<section class=\"elementor-section elementor-top-section elementor-element elementor-element-c290559 elementor-section-boxed elementor-section-height-default elementor-section-height-default\" data-id=\"c290559\" data-element_type=\"section\">\n\t\t\t\t\t\t<div class=\"elementor-container elementor-column-gap-default\">\n\t\t\t\t\t<div class=\"elementor-column elementor-col-100 elementor-top-column elementor-element elementor-element-1fd8f4c\" data-id=\"1fd8f4c\" data-element_type=\"column\">\n\t\t\t<div class=\"elementor-widget-wrap elementor-element-populated\">\n\t\t\t\t\t\t<div class=\"elementor-element elementor-element-a092347 elementor-widget elementor-widget-text-editor\" data-id=\"a092347\" data-element_type=\"widget\" data-widget_type=\"text-editor.default\">\n\t\t\t\t<div class=\"elementor-widget-container\">\n\t\t\t\t\t\t\t<p style=\"text-align: justify;\">La<strong>abdominoplastia en Marruecos y T\u00fanez <\/strong>permite eliminar el exceso de grasa y la piel fl\u00e1cida para lograr una armon\u00eda est\u00e9tica y un equilibrio fisiol\u00f3gico.<\/p>\n<p style=\"text-align: justify;\">La mala calidad de la piel, el trabajo sedentario, el embarazo o los cambios de peso no naturales provocan distensi\u00f3n de los m\u00fasculos abdominales y de la piel. Los dep\u00f3sitos de grasa, las estr\u00edas y la p\u00e9rdida de tono son irregularidades muy molestas.<\/p>\nTambi\u00e9n llamada abdominoplastia, es una operaci\u00f3n que trata la flacidez de la piel del abdomen eliminando el exceso de piel y grasa entre el ombligo y el pubis. Las l\u00edneas de la silueta se armonizan perfectamente en esta parte del cuerpo.\t\t\t\t\t\t<\/div>\n\t\t\t\t<\/div>\n\t\t\t\t\t<\/div>\n\t\t<\/div>\n\t\t\t\t\t<\/div>\n\t\t<\/section>\n\t\t\t\t<section class=\"elementor-section elementor-top-section elementor-element elementor-element-9523195 elementor-section-boxed elementor-section-height-default elementor-section-height-default\" data-id=\"9523195\" data-element_type=\"section\">\n\t\t\t\t\t\t<div class=\"elementor-container elementor-column-gap-default\">\n\t\t\t\t\t<div class=\"elementor-column elementor-col-66 elementor-top-column elementor-element elementor-element-967f1e6\" data-id=\"967f1e6\" data-element_type=\"column\">\n\t\t\t<div class=\"elementor-widget-wrap elementor-element-populated\">\n\t\t\t\t\t\t<div class=\"elementor-element elementor-element-de4657b elementor-widget elementor-widget-text-editor\" data-id=\"de4657b\" data-element_type=\"widget\" data-widget_type=\"text-editor.default\">\n\t\t\t\t<div class=\"elementor-widget-container\">\n\t\t\t\t\t\t\t<h2>Presupuesto expr\u00e9s gratuito<\/h2>\n<style>\r\n.align_center {\r\n    display: block;\r\n    text-align: center;\r\n    padding: 30px 0px;\r\n}\r\n<\/style>\r\n\r\n<div>\r\n\t<h2 class=\"align_center\">Presupuesto r\u00e1pido gratuito<\/h2>\r\n<iframe src=\"https:\/\/app.metocrm.com\/web-forms\/e1cab5bd-ef56-4a37-aa71-4857d931f368\"  height=\"800px\" width=\"100%\"  frameborder=\"0\" style=\"border-radius: 10px;\"><\/iframe>\r\n\r\n<\/div>\t\t\t\t\t\t<\/div>\n\t\t\t\t<\/div>\n\t\t\t\t\t<\/div>\n\t\t<\/div>\n\t\t\t\t<div class=\"elementor-column elementor-col-33 elementor-top-column elementor-element elementor-element-61f73a5\" data-id=\"61f73a5\" data-element_type=\"column\">\n\t\t\t<div class=\"elementor-widget-wrap elementor-element-populated\">\n\t\t\t\t\t\t<div class=\"elementor-element elementor-element-70b4999 elementor-widget elementor-widget-image\" data-id=\"70b4999\" data-element_type=\"widget\" data-widget_type=\"image.default\">\n\t\t\t\t<div class=\"elementor-widget-container\">\n\t\t\t\t\t\t\t\t\t\t\t\t\t<img fetchpriority=\"high\" decoding=\"async\" width=\"508\" height=\"554\" src=\"https:\/\/www.la-chirurgie-esthetique-maroc.com\/wp-content\/uploads\/2022\/01\/la-chirurgie-esthetique-maroc_devis-1.webp\" class=\"attachment-large size-large wp-image-6422\" alt=\"\" srcset=\"https:\/\/www.la-chirurgie-esthetique-maroc.com\/wp-content\/uploads\/2022\/01\/la-chirurgie-esthetique-maroc_devis-1.webp 508w, https:\/\/www.la-chirurgie-esthetique-maroc.com\/wp-content\/uploads\/2022\/01\/la-chirurgie-esthetique-maroc_devis-1-275x300.webp 275w\" sizes=\"(max-width: 508px) 100vw, 508px\" \/>\t\t\t\t\t\t\t\t\t\t\t\t\t<\/div>\n\t\t\t\t<\/div>\n\t\t\t\t\t<\/div>\n\t\t<\/div>\n\t\t\t\t\t<\/div>\n\t\t<\/section>\n\t\t\t\t<section class=\"elementor-section elementor-top-section elementor-element elementor-element-ce6c171 elementor-section-boxed elementor-section-height-default elementor-section-height-default\" data-id=\"ce6c171\" data-element_type=\"section\">\n\t\t\t\t\t\t<div class=\"elementor-container elementor-column-gap-default\">\n\t\t\t\t\t<div class=\"elementor-column elementor-col-100 elementor-top-column elementor-element elementor-element-25973e5\" data-id=\"25973e5\" data-element_type=\"column\">\n\t\t\t<div class=\"elementor-widget-wrap elementor-element-populated\">\n\t\t\t\t\t\t<div class=\"elementor-element elementor-element-0224ac2 elementor-widget elementor-widget-text-editor\" data-id=\"0224ac2\" data-element_type=\"widget\" data-widget_type=\"text-editor.default\">\n\t\t\t\t<div class=\"elementor-widget-container\">\n\t\t\t\t\t\t\t<h2>Abdominoplastia Marruecos precio vs T\u00fanez precio<\/h2>\n<p style=\"text-align: justify;\">\u00bfEst\u00e1 buscando el <strong>precio de la abdominoplastia en Marruecos<\/strong>? Nuestra cl\u00ednica le ofrece dos estancias m\u00e9dicas con todo incluido para la cirug\u00eda est\u00e9tica de abdomen en T\u00fanez. Compare nuestros precios y los precios en Marruecos para obtener las tarifas m\u00e1s baratas con la mejor calidad de atenci\u00f3n. Puede obtener m\u00e1s informaci\u00f3n sobre su cirug\u00eda de abdominoplastia con nuestro presupuesto gratuito. No dude en ponerse en contacto con nosotros para obtener m\u00e1s detalles sobre la cirug\u00eda est\u00e9tica y reconstructiva de abdomen en nuestra cl\u00ednica. Este es el precio de una abdominoplastia con todo incluido:<\/p>\n<table class=\"table_home interne table_full\">\n<thead>\n<tr class=\"row-1 odd\" role=\"row\"><th class=\"column-1 sorting_disabled\" rowspan=\"1\" colspan=\"1\" style=\"width: 361.859px;\">Intervenci\u00f3n<\/th><th class=\"column-2 sorting_disabled\" rowspan=\"1\" colspan=\"1\" style=\"width: 133.297px;\">Precio Marruecos<\/th><th class=\"column-3 sorting_disabled\" rowspan=\"1\" colspan=\"1\" style=\"width: 204.344px;\">Marruecos Estancia<\/th><th class=\"column-4 sorting_disabled\" rowspan=\"1\" colspan=\"1\" style=\"width: 143.469px;\">Precio T\u00fanez<\/th><th class=\"column-5 sorting_disabled\" rowspan=\"1\" colspan=\"1\" style=\"width: 197.031px;\">T\u00fanez Estancia<\/th><\/tr>\n<\/thead>\n<tbody class=\"row-hover\">\n\n\n<tr class=\"row-2 even\">\n\t<td class=\"column-1\">Abdominoplastia<\/td><td class=\"column-2\">&#8211;<\/td><td class=\"column-3\">&#8211;<\/td><td class=\"column-4\">2100 \u20ac<\/td><td class=\"column-5\">5 noches y 6 d\u00edas<\/td>\n<\/tr><tr class=\"row-3 odd\">\n\t<td class=\"column-1\">Abdominoplastia + liposucci\u00f3n<\/td><td class=\"column-2\">3300\u20ac<\/td><td class=\"column-3\">9 noches y 10 d\u00edas<\/td><td class=\"column-4\">2950 \u20ac<\/td><td class=\"column-5\">6 noches y 7 d\u00edas<\/td>\n<\/tr><\/tbody>\n<\/table>\t\t\t\t\t\t<\/div>\n\t\t\t\t<\/div>\n\t\t\t\t\t<\/div>\n\t\t<\/div>\n\t\t\t\t\t<\/div>\n\t\t<\/section>\n\t\t\t\t<section class=\"elementor-section elementor-top-section elementor-element elementor-element-86187b2 bg-color forme_1 elementor-section-boxed elementor-section-height-default elementor-section-height-default\" data-id=\"86187b2\" data-element_type=\"section\">\n\t\t\t\t\t\t<div class=\"elementor-container elementor-column-gap-default\">\n\t\t\t\t\t<div class=\"elementor-column elementor-col-100 elementor-top-column elementor-element elementor-element-3949035\" data-id=\"3949035\" data-element_type=\"column\">\n\t\t\t<div class=\"elementor-widget-wrap elementor-element-populated\">\n\t\t\t\t\t\t<section class=\"elementor-section elementor-inner-section elementor-element elementor-element-773c2f1 elementor-section-boxed elementor-section-height-default elementor-section-height-default\" data-id=\"773c2f1\" data-element_type=\"section\">\n\t\t\t\t\t\t<div class=\"elementor-container elementor-column-gap-default\">\n\t\t\t\t\t<div class=\"elementor-column elementor-col-100 elementor-inner-column elementor-element elementor-element-9e9f76a\" data-id=\"9e9f76a\" data-element_type=\"column\">\n\t\t\t<div class=\"elementor-widget-wrap elementor-element-populated\">\n\t\t\t\t\t\t<div class=\"elementor-element elementor-element-400d3f7 elementor-widget elementor-widget-text-editor\" data-id=\"400d3f7\" data-element_type=\"widget\" data-widget_type=\"text-editor.default\">\n\t\t\t\t<div class=\"elementor-widget-container\">\n\t\t\t\t\t\t\t<h2>Abdominoplastia en Marruecos vs T\u00fanez<\/h2>\nSe celebran dos consultas con el cirujano y el anestesista para dise\u00f1ar el procedimiento quir\u00fargico y planificar el tipo de analg\u00e9sico. La duraci\u00f3n var\u00eda entre 1h30 y 2 horas bajo anestesia general en funci\u00f3n de la profundidad de la <strong>abdominoplastia<\/strong>.\n\nDependiendo del grado de laxitud de la piel, la cirug\u00eda abdominal incluye una abdominoplastia completa o una miniabdominoplastia. A continuaci\u00f3n, el cirujano deja una cicatriz a la altura del pubis, cuya longitud depende de la cantidad de piel que se vaya a extirpar. La grasa de los flancos y del abdomen se elimina mediante liposucci\u00f3n. Esta fase permite afinar la pared abdominal a nivel del vientre. Por \u00faltimo, los m\u00fasculos de la pared abdominal se fortalecen y se vuelven a tensar. Es un estiramiento que ayuda a construir una pared abdominal fuerte y a aplanar la zona del vientre.\t\t\t\t\t\t<\/div>\n\t\t\t\t<\/div>\n\t\t\t\t\t<\/div>\n\t\t<\/div>\n\t\t\t\t\t<\/div>\n\t\t<\/section>\n\t\t\t\t\t<\/div>\n\t\t<\/div>\n\t\t\t\t\t<\/div>\n\t\t<\/section>\n\t\t\t\t<section class=\"elementor-section elementor-top-section elementor-element elementor-element-f0edfec elementor-section-boxed elementor-section-height-default elementor-section-height-default\" data-id=\"f0edfec\" data-element_type=\"section\">\n\t\t\t\t\t\t<div class=\"elementor-container elementor-column-gap-default\">\n\t\t\t\t\t<div class=\"elementor-column elementor-col-100 elementor-top-column elementor-element elementor-element-43d5043\" data-id=\"43d5043\" data-element_type=\"column\">\n\t\t\t<div class=\"elementor-widget-wrap elementor-element-populated\">\n\t\t\t\t\t\t<div class=\"elementor-element elementor-element-fa73734 elementor-widget elementor-widget-text-editor\" data-id=\"fa73734\" data-element_type=\"widget\" data-widget_type=\"text-editor.default\">\n\t\t\t\t<div class=\"elementor-widget-container\">\n\t\t\t\t\t\t\t<h2>Postoperatorios y resultados<\/h2>\nNo hay dolor si la <strong>cirug\u00eda abdominal<\/strong> no implic\u00f3 volver a tensar los m\u00fasculos. Por lo dem\u00e1s, se alivian en gran medida tomando simples analg\u00e9sicos. Se deben evitar las actividades deportivas intensas hasta que el cirujano lo confirme. Los resultados pueden apreciarse a partir del <sup>sexto<\/sup> mes despu\u00e9s de la operaci\u00f3n. Se puede juzgar un informe final a los 12 meses de la operaci\u00f3n.\n\n\t\t\t\t\t\t<\/div>\n\t\t\t\t<\/div>\n\t\t\t\t\t<\/div>\n\t\t<\/div>\n\t\t\t\t\t<\/div>\n\t\t<\/section>\n\t\t\t\t<section class=\"elementor-section elementor-top-section elementor-element elementor-element-06572ad elementor-section-boxed elementor-section-height-default elementor-section-height-default\" data-id=\"06572ad\" data-element_type=\"section\">\n\t\t\t\t\t\t<div class=\"elementor-container elementor-column-gap-default\">\n\t\t\t\t\t<div class=\"elementor-column elementor-col-100 elementor-top-column elementor-element elementor-element-673adfd\" data-id=\"673adfd\" data-element_type=\"column\">\n\t\t\t<div class=\"elementor-widget-wrap elementor-element-populated\">\n\t\t\t\t\t\t<div class=\"elementor-element elementor-element-0a3c7cd center elementor-widget elementor-widget-html\" data-id=\"0a3c7cd\" data-element_type=\"widget\" data-widget_type=\"html.default\">\n\t\t\t\t<div class=\"elementor-widget-container\">\n\t\t\t<div class=\"btn_devis btn_intern\"><a href=\"https:\/\/www.la-chirurgie-esthetique-maroc.com\/es\/cita\/\"><span>Presupuesto gratuito para comparar nuestra oferta Abdominoplastia T\u00fanez vs Marruecos<\/span><\/a><\/div>\t\t<\/div>\n\t\t\t\t<\/div>\n\t\t\t\t\t<\/div>\n\t\t<\/div>\n\t\t\t\t\t<\/div>\n\t\t<\/section>\n\t\t\t\t<\/div>\n\t\t","protected":false},"excerpt":{"rendered":"<p>Laabdominoplastia en Marruecos y T\u00fanez permite eliminar el exceso de grasa y la piel fl\u00e1cida para lograr una armon\u00eda est\u00e9tica y un equilibrio fisiol\u00f3gico. La mala calidad de la piel, el trabajo sedentario, el embarazo o los cambios de peso no naturales provocan distensi\u00f3n de los m\u00fasculos abdominales y de la piel. Los dep\u00f3sitos de [&hellip;]<\/p>\n","protected":false},"author":1,"featured_media":6433,"parent":0,"menu_order":0,"comment_status":"closed","ping_status":"closed","template":"","meta":{"footnotes":""},"class_list":["post-6694","page","type-page","status-publish","has-post-thumbnail","hentry"],"yoast_head":"<!-- This site is optimized with the Yoast SEO plugin v27.5 - https:\/\/yoast.com\/product\/yoast-seo-wordpress\/ -->\n<title>Abdominoplastia Marruecos \u2600\ufe0f precio de la cirug\u00eda de eliminaci\u00f3n de grasa del vientre<\/title>\n<meta name=\"description\" content=\"Abdominoplastia Marruecos: operaci\u00f3n para eliminar la grasa del vientre \u2705 con precio barato por estancia m\u00e9dica \u2b50 Presupuesto gratuito y personalizado.\" \/>\n<meta name=\"robots\" content=\"index, follow, max-snippet:-1, max-image-preview:large, max-video-preview:-1\" \/>\n<link rel=\"canonical\" href=\"https:\/\/www.la-chirurgie-esthetique-maroc.com\/es\/abdominoplastia\/\" \/>\n<meta property=\"og:locale\" content=\"es_ES\" \/>\n<meta property=\"og:type\" content=\"article\" \/>\n<meta property=\"og:title\" content=\"Abdominoplastia Marruecos \u2600\ufe0f precio de la cirug\u00eda de eliminaci\u00f3n de grasa del vientre\" \/>\n<meta property=\"og:description\" content=\"Abdominoplastia Marruecos: operaci\u00f3n para eliminar la grasa del vientre \u2705 con precio barato por estancia m\u00e9dica \u2b50 Presupuesto gratuito y personalizado.\" \/>\n<meta property=\"og:url\" content=\"https:\/\/www.la-chirurgie-esthetique-maroc.com\/es\/abdominoplastia\/\" \/>\n<meta property=\"og:site_name\" content=\"Chirurgie esthetique Maroc\" \/>\n<meta property=\"article:modified_time\" content=\"2024-02-22T12:36:42+00:00\" \/>\n<meta property=\"og:image\" content=\"https:\/\/www.la-chirurgie-esthetique-maroc.com\/wp-content\/uploads\/2022\/01\/header_silhouette.webp\" \/>\n\t<meta property=\"og:image:width\" content=\"552\" \/>\n\t<meta property=\"og:image:height\" content=\"612\" \/>\n\t<meta property=\"og:image:type\" content=\"image\/webp\" \/>\n<meta name=\"twitter:card\" content=\"summary_large_image\" \/>\n<meta name=\"twitter:label1\" content=\"Tiempo de lectura\" \/>\n\t<meta name=\"twitter:data1\" content=\"3 minutos\" \/>\n<!-- \/ Yoast SEO plugin. -->","yoast_head_json":{"title":"Abdominoplastia Marruecos \u2600\ufe0f precio de la cirug\u00eda de eliminaci\u00f3n de grasa del vientre","description":"Abdominoplastia Marruecos: operaci\u00f3n para eliminar la grasa del vientre \u2705 con precio barato por estancia m\u00e9dica \u2b50 Presupuesto gratuito y personalizado.","robots":{"index":"index","follow":"follow","max-snippet":"max-snippet:-1","max-image-preview":"max-image-preview:large","max-video-preview":"max-video-preview:-1"},"canonical":"https:\/\/www.la-chirurgie-esthetique-maroc.com\/es\/abdominoplastia\/","og_locale":"es_ES","og_type":"article","og_title":"Abdominoplastia Marruecos \u2600\ufe0f precio de la cirug\u00eda de eliminaci\u00f3n de grasa del vientre","og_description":"Abdominoplastia Marruecos: operaci\u00f3n para eliminar la grasa del vientre \u2705 con precio barato por estancia m\u00e9dica \u2b50 Presupuesto gratuito y personalizado.","og_url":"https:\/\/www.la-chirurgie-esthetique-maroc.com\/es\/abdominoplastia\/","og_site_name":"Chirurgie esthetique Maroc","article_modified_time":"2024-02-22T12:36:42+00:00","og_image":[{"width":552,"height":612,"url":"https:\/\/www.la-chirurgie-esthetique-maroc.com\/wp-content\/uploads\/2022\/01\/header_silhouette.webp","type":"image\/webp"}],"twitter_card":"summary_large_image","twitter_misc":{"Tiempo de lectura":"3 minutos"},"schema":{"@context":"https:\/\/schema.org","@graph":[{"@type":"WebPage","@id":"https:\/\/www.la-chirurgie-esthetique-maroc.com\/es\/abdominoplastia\/","url":"https:\/\/www.la-chirurgie-esthetique-maroc.com\/es\/abdominoplastia\/","name":"Abdominoplastia Marruecos \u2600\ufe0f precio de la cirug\u00eda de eliminaci\u00f3n de grasa del vientre","isPartOf":{"@id":"https:\/\/www.la-chirurgie-esthetique-maroc.com\/es\/#website"},"primaryImageOfPage":{"@id":"https:\/\/www.la-chirurgie-esthetique-maroc.com\/es\/abdominoplastia\/#primaryimage"},"image":{"@id":"https:\/\/www.la-chirurgie-esthetique-maroc.com\/es\/abdominoplastia\/#primaryimage"},"thumbnailUrl":"https:\/\/www.la-chirurgie-esthetique-maroc.com\/wp-content\/uploads\/2022\/01\/header_silhouette.webp","datePublished":"2016-06-24T00:24:12+00:00","dateModified":"2024-02-22T12:36:42+00:00","description":"Abdominoplastia Marruecos: operaci\u00f3n para eliminar la grasa del vientre \u2705 con precio barato por estancia m\u00e9dica \u2b50 Presupuesto gratuito y personalizado.","breadcrumb":{"@id":"https:\/\/www.la-chirurgie-esthetique-maroc.com\/es\/abdominoplastia\/#breadcrumb"},"inLanguage":"es","potentialAction":[{"@type":"ReadAction","target":["https:\/\/www.la-chirurgie-esthetique-maroc.com\/es\/abdominoplastia\/"]}]},{"@type":"ImageObject","inLanguage":"es","@id":"https:\/\/www.la-chirurgie-esthetique-maroc.com\/es\/abdominoplastia\/#primaryimage","url":"https:\/\/www.la-chirurgie-esthetique-maroc.com\/wp-content\/uploads\/2022\/01\/header_silhouette.webp","contentUrl":"https:\/\/www.la-chirurgie-esthetique-maroc.com\/wp-content\/uploads\/2022\/01\/header_silhouette.webp","width":552,"height":612},{"@type":"BreadcrumbList","@id":"https:\/\/www.la-chirurgie-esthetique-maroc.com\/es\/abdominoplastia\/#breadcrumb","itemListElement":[{"@type":"ListItem","position":1,"name":"Accueil","item":"https:\/\/www.la-chirurgie-esthetique-maroc.com\/es\/"},{"@type":"ListItem","position":2,"name":"Abdominoplastia Marruecos: cirug\u00eda est\u00e9tica de abdomen"}]},{"@type":"WebSite","@id":"https:\/\/www.la-chirurgie-esthetique-maroc.com\/es\/#website","url":"https:\/\/www.la-chirurgie-esthetique-maroc.com\/es\/","name":"Chirurgie esthetique Maroc","description":"","publisher":{"@id":"https:\/\/www.la-chirurgie-esthetique-maroc.com\/es\/#organization"},"potentialAction":[{"@type":"SearchAction","target":{"@type":"EntryPoint","urlTemplate":"https:\/\/www.la-chirurgie-esthetique-maroc.com\/es\/?s={search_term_string}"},"query-input":{"@type":"PropertyValueSpecification","valueRequired":true,"valueName":"search_term_string"}}],"inLanguage":"es"},{"@type":"Organization","@id":"https:\/\/www.la-chirurgie-esthetique-maroc.com\/es\/#organization","name":"Chirurgie esthetique Maroc","url":"https:\/\/www.la-chirurgie-esthetique-maroc.com\/es\/","logo":{"@type":"ImageObject","inLanguage":"es","@id":"https:\/\/www.la-chirurgie-esthetique-maroc.com\/es\/#\/schema\/logo\/image\/","url":"https:\/\/www.la-chirurgie-esthetique-maroc.com\/wp-content\/uploads\/2022\/01\/cem3.png","contentUrl":"https:\/\/www.la-chirurgie-esthetique-maroc.com\/wp-content\/uploads\/2022\/01\/cem3.png","width":125,"height":41,"caption":"Chirurgie esthetique Maroc"},"image":{"@id":"https:\/\/www.la-chirurgie-esthetique-maroc.com\/es\/#\/schema\/logo\/image\/"}}]}},"_links":{"self":[{"href":"https:\/\/www.la-chirurgie-esthetique-maroc.com\/es\/wp-json\/wp\/v2\/pages\/6694","targetHints":{"allow":["GET"]}}],"collection":[{"href":"https:\/\/www.la-chirurgie-esthetique-maroc.com\/es\/wp-json\/wp\/v2\/pages"}],"about":[{"href":"https:\/\/www.la-chirurgie-esthetique-maroc.com\/es\/wp-json\/wp\/v2\/types\/page"}],"author":[{"embeddable":true,"href":"https:\/\/www.la-chirurgie-esthetique-maroc.com\/es\/wp-json\/wp\/v2\/users\/1"}],"replies":[{"embeddable":true,"href":"https:\/\/www.la-chirurgie-esthetique-maroc.com\/es\/wp-json\/wp\/v2\/comments?post=6694"}],"version-history":[{"count":10,"href":"https:\/\/www.la-chirurgie-esthetique-maroc.com\/es\/wp-json\/wp\/v2\/pages\/6694\/revisions"}],"predecessor-version":[{"id":8431,"href":"https:\/\/www.la-chirurgie-esthetique-maroc.com\/es\/wp-json\/wp\/v2\/pages\/6694\/revisions\/8431"}],"wp:featuredmedia":[{"embeddable":true,"href":"https:\/\/www.la-chirurgie-esthetique-maroc.com\/es\/wp-json\/wp\/v2\/media\/6433"}],"wp:attachment":[{"href":"https:\/\/www.la-chirurgie-esthetique-maroc.com\/es\/wp-json\/wp\/v2\/media?parent=6694"}],"curies":[{"name":"wp","href":"https:\/\/api.w.org\/{rel}","templated":true}]}}