{"id":6700,"date":"2022-01-21T09:18:31","date_gmt":"2022-01-21T08:18:31","guid":{"rendered":"https:\/\/www.la-chirurgie-esthetique-maroc.com\/umbilicoplastia-marruecos-cirugia-del-ombligo\/"},"modified":"2023-05-29T12:16:57","modified_gmt":"2023-05-29T10:16:57","slug":"umbilicoplastia","status":"publish","type":"page","link":"https:\/\/www.la-chirurgie-esthetique-maroc.com\/es\/umbilicoplastia\/","title":{"rendered":"Umbilicoplastia Marruecos : cirug\u00eda del ombligo"},"content":{"rendered":"\t\t<div data-elementor-type=\"wp-page\" data-elementor-id=\"6700\" class=\"elementor elementor-6700 elementor-5714\">\n\t\t\t\t\t\t<section class=\"elementor-section elementor-top-section elementor-element elementor-element-a04f5c9 elementor-section-boxed elementor-section-height-default elementor-section-height-default\" data-id=\"a04f5c9\" data-element_type=\"section\">\n\t\t\t\t\t\t<div class=\"elementor-container elementor-column-gap-default\">\n\t\t\t\t\t<div class=\"elementor-column elementor-col-33 elementor-top-column elementor-element elementor-element-d0ec059\" data-id=\"d0ec059\" data-element_type=\"column\">\n\t\t\t<div class=\"elementor-widget-wrap elementor-element-populated\">\n\t\t\t\t\t\t<div class=\"elementor-element elementor-element-d2d6ba7 elementor-widget elementor-widget-text-editor\" data-id=\"d2d6ba7\" data-element_type=\"widget\" data-widget_type=\"text-editor.default\">\n\t\t\t\t<div class=\"elementor-widget-container\">\n\t\t\t\t\t\t\t<p><img decoding=\"async\" class=\"aligncenter size-medium\" src=\"https:\/\/www.la-chirurgie-esthetique-maroc.com\/wp-content\/uploads\/2022\/01\/ombilicoplastie-maroc.png\" alt=\"Umbilicoplastia Marruecos\"><\/p>\n\t\t\t\t\t\t<\/div>\n\t\t\t\t<\/div>\n\t\t\t\t\t<\/div>\n\t\t<\/div>\n\t\t\t\t<div class=\"elementor-column elementor-col-66 elementor-top-column elementor-element elementor-element-aab681b\" data-id=\"aab681b\" data-element_type=\"column\">\n\t\t\t<div class=\"elementor-widget-wrap elementor-element-populated\">\n\t\t\t\t\t\t<div class=\"elementor-element elementor-element-6e210d9 elementor-widget elementor-widget-text-editor\" data-id=\"6e210d9\" data-element_type=\"widget\" data-widget_type=\"text-editor.default\">\n\t\t\t\t<div class=\"elementor-widget-container\">\n\t\t\t\t\t\t\tSi la forma, el tama\u00f1o y\/o la posici\u00f3n de su ombligo le molestan o le acomplejan, la umbilicoplastia, tambi\u00e9n conocida como <strong>cirug\u00eda marroqu\u00ed del ombligo<\/strong>, es una cirug\u00eda m\u00ednimamente invasiva que se realiza para remodelar el ombligo.\n\nEl embarazo, los piercings, las fluctuaciones de peso y la gen\u00e9tica pueden influir negativamente en el ombligo, a veces hasta el punto de comprometer la est\u00e9tica abdominal. Con una umbilicoplastia, nuestros experimentados cirujanos est\u00e9ticos pueden ayudarle a sentirse m\u00e1s segura de s\u00ed misma.\n\t\t\t\t\t\t<\/div>\n\t\t\t\t<\/div>\n\t\t\t\t<div class=\"elementor-element elementor-element-fb014c4 elementor-widget elementor-widget-text-editor\" data-id=\"fb014c4\" data-element_type=\"widget\" data-widget_type=\"text-editor.default\">\n\t\t\t\t<div class=\"elementor-widget-container\">\n\t\t\t\t\t\t\t\n\n<h2>\u00bfCu\u00e1l es el precio de la cirug\u00eda del ombligo en Marruecos?<\/h2>\nEl precio de la cirug\u00eda del ombligo en Marruecos, y en cualquier otro lugar, var\u00eda de un paciente a otro en funci\u00f3n del problema del ombligo a tratar. Pero Marruecos destaca por ofrecer tarifas inmejorables, respondiendo as\u00ed a las expectativas cualitativas y de precio de los pacientes locales e internacionales.\n\n\u00bfNecesita recibir un presupuesto en l\u00ednea? No dude en ponerse en contacto con nosotros a trav\u00e9s del formulario de contacto.\t\t\t\t\t\t<\/div>\n\t\t\t\t<\/div>\n\t\t\t\t\t<\/div>\n\t\t<\/div>\n\t\t\t\t\t<\/div>\n\t\t<\/section>\n\t\t\t\t<section class=\"elementor-section elementor-top-section elementor-element elementor-element-753e316 elementor-section-boxed elementor-section-height-default elementor-section-height-default\" data-id=\"753e316\" data-element_type=\"section\">\n\t\t\t\t\t\t<div class=\"elementor-container elementor-column-gap-default\">\n\t\t\t\t\t<div class=\"elementor-column elementor-col-66 elementor-top-column elementor-element elementor-element-1ccc599\" data-id=\"1ccc599\" data-element_type=\"column\">\n\t\t\t<div class=\"elementor-widget-wrap elementor-element-populated\">\n\t\t\t\t\t\t<div class=\"elementor-element elementor-element-fa5f592 elementor-widget elementor-widget-text-editor\" data-id=\"fa5f592\" data-element_type=\"widget\" data-widget_type=\"text-editor.default\">\n\t\t\t\t<div class=\"elementor-widget-container\">\n\t\t\t\t\t\t\t<h2>Presupuesto expr\u00e9s gratuito<\/h2>\n<style>\r\n.align_center {\r\n    display: block;\r\n    text-align: center;\r\n    padding: 30px 0px;\r\n}\r\n<\/style>\r\n\r\n<div>\r\n\t<h2 class=\"align_center\">Presupuesto r\u00e1pido gratuito<\/h2>\r\n<iframe src=\"https:\/\/app.metocrm.com\/web-forms\/e1cab5bd-ef56-4a37-aa71-4857d931f368\"  height=\"800px\" width=\"100%\"  frameborder=\"0\" style=\"border-radius: 10px;\"><\/iframe>\r\n\r\n<\/div>\t\t\t\t\t\t<\/div>\n\t\t\t\t<\/div>\n\t\t\t\t\t<\/div>\n\t\t<\/div>\n\t\t\t\t<div class=\"elementor-column elementor-col-33 elementor-top-column elementor-element elementor-element-6eabd71\" data-id=\"6eabd71\" data-element_type=\"column\">\n\t\t\t<div class=\"elementor-widget-wrap elementor-element-populated\">\n\t\t\t\t\t\t<div class=\"elementor-element elementor-element-ea104af elementor-widget elementor-widget-image\" data-id=\"ea104af\" data-element_type=\"widget\" data-widget_type=\"image.default\">\n\t\t\t\t<div class=\"elementor-widget-container\">\n\t\t\t\t\t\t\t\t\t\t\t\t\t<img fetchpriority=\"high\" decoding=\"async\" width=\"508\" height=\"554\" src=\"https:\/\/www.la-chirurgie-esthetique-maroc.com\/wp-content\/uploads\/2022\/01\/la-chirurgie-esthetique-maroc_devis-1.webp\" class=\"attachment-large size-large wp-image-6422\" alt=\"\" srcset=\"https:\/\/www.la-chirurgie-esthetique-maroc.com\/wp-content\/uploads\/2022\/01\/la-chirurgie-esthetique-maroc_devis-1.webp 508w, https:\/\/www.la-chirurgie-esthetique-maroc.com\/wp-content\/uploads\/2022\/01\/la-chirurgie-esthetique-maroc_devis-1-275x300.webp 275w\" sizes=\"(max-width: 508px) 100vw, 508px\" \/>\t\t\t\t\t\t\t\t\t\t\t\t\t<\/div>\n\t\t\t\t<\/div>\n\t\t\t\t\t<\/div>\n\t\t<\/div>\n\t\t\t\t\t<\/div>\n\t\t<\/section>\n\t\t\t\t<section class=\"elementor-section elementor-top-section elementor-element elementor-element-0a34e16 bg-color forme_1 row-reverse elementor-section-boxed elementor-section-height-default elementor-section-height-default\" data-id=\"0a34e16\" data-element_type=\"section\">\n\t\t\t\t\t\t<div class=\"elementor-container elementor-column-gap-default\">\n\t\t\t\t\t<div class=\"elementor-column elementor-col-100 elementor-top-column elementor-element elementor-element-d1a600c\" data-id=\"d1a600c\" data-element_type=\"column\">\n\t\t\t<div class=\"elementor-widget-wrap elementor-element-populated\">\n\t\t\t\t\t\t<div class=\"elementor-element elementor-element-e37efe1 elementor-widget elementor-widget-text-editor\" data-id=\"e37efe1\" data-element_type=\"widget\" data-widget_type=\"text-editor.default\">\n\t\t\t\t<div class=\"elementor-widget-container\">\n\t\t\t\t\t\t\t<h2>\u00bfC\u00f3mo se realiza una umbilicoplastia en Marruecos?<\/h2>\nDurante una umbilicoplastia, realizada con anestesia local o general, el m\u00e9dico har\u00e1 peque\u00f1as incisiones alrededor del ombligo. Dependiendo de su caso, puede eliminar el exceso de grasa, tejido y piel para reconstruir y remodelar el ombligo con el aspecto deseado.\n\nAunque la umbilicoplastia se suele realizar junto con otras intervenciones quir\u00fargicas, como una abdominoplastia o un Mommy Makeover, tambi\u00e9n se puede realizar sola.\n\t\t\t\t\t\t<\/div>\n\t\t\t\t<\/div>\n\t\t\t\t<section class=\"elementor-section elementor-inner-section elementor-element elementor-element-05a4a3d elementor-section-boxed elementor-section-height-default elementor-section-height-default\" data-id=\"05a4a3d\" data-element_type=\"section\">\n\t\t\t\t\t\t<div class=\"elementor-container elementor-column-gap-default\">\n\t\t\t\t\t<div class=\"elementor-column elementor-col-50 elementor-inner-column elementor-element elementor-element-b0273e5\" data-id=\"b0273e5\" data-element_type=\"column\">\n\t\t\t<div class=\"elementor-widget-wrap elementor-element-populated\">\n\t\t\t\t\t\t<div class=\"elementor-element elementor-element-bf80cfa elementor-widget elementor-widget-text-editor\" data-id=\"bf80cfa\" data-element_type=\"widget\" data-widget_type=\"text-editor.default\">\n\t\t\t\t<div class=\"elementor-widget-container\">\n\t\t\t\t\t\t\t<h2>\u00bfCu\u00e1les son los efectos postoperatorios?<\/h2>\nPodr\u00e1 irse a casa poco despu\u00e9s de la intervenci\u00f3n si \u00e9sta se realiza con anestesia local, o unas 4 horas despu\u00e9s de una anestesia general.\n\nSe le animar\u00e1 a ducharse un d\u00eda despu\u00e9s de la <strong>operaci\u00f3n de ombligo<\/strong>, pero deber\u00e1 secar las heridas y los ap\u00f3sitos con un pa\u00f1o, dejar que se sequen de forma natural o utilizar el secador de pelo en un ajuste fr\u00edo para secarlos. No debe frotarse las heridas durante un mes despu\u00e9s de la intervenci\u00f3n.\n\nTranscurridas dos semanas, se le pedir\u00e1 que se aplique diariamente una crema hidratante en la cicatriz durante tres meses.\n\nA veces es necesario drenar l\u00edquidos, llamados seromas, que pueden acumularse bajo la piel y sobre la pared muscular durante su estancia en la cl\u00ednica. Esto suele ocurrir en unas pocas semanas, a medida que la piel y los tejidos blandos cicatrizan sobre la pared muscular.\n\n\t\t\t\t\t\t<\/div>\n\t\t\t\t<\/div>\n\t\t\t\t\t<\/div>\n\t\t<\/div>\n\t\t\t\t<div class=\"elementor-column elementor-col-50 elementor-inner-column elementor-element elementor-element-a71ef22 align_content_center\" data-id=\"a71ef22\" data-element_type=\"column\">\n\t\t\t<div class=\"elementor-widget-wrap elementor-element-populated\">\n\t\t\t\t\t\t<div class=\"elementor-element elementor-element-d0dde2e elementor-widget elementor-widget-text-editor\" data-id=\"d0dde2e\" data-element_type=\"widget\" data-widget_type=\"text-editor.default\">\n\t\t\t\t<div class=\"elementor-widget-container\">\n\t\t\t\t\t\t\t<p><img decoding=\"async\" class=\"aligncenter size-full\" src=\"https:\/\/www.la-chirurgie-esthetique-maroc.com\/wp-content\/uploads\/2022\/01\/chirurgie-nombril-maroc.jpg\" alt=\"Cirug\u00eda del ombligo en Marruecos\" width=\"696\" height=\"387\"><\/p>\n\t\t\t\t\t\t<\/div>\n\t\t\t\t<\/div>\n\t\t\t\t\t<\/div>\n\t\t<\/div>\n\t\t\t\t\t<\/div>\n\t\t<\/section>\n\t\t\t\t\t<\/div>\n\t\t<\/div>\n\t\t\t\t\t<\/div>\n\t\t<\/section>\n\t\t\t\t<section class=\"elementor-section elementor-top-section elementor-element elementor-element-def5314 elementor-section-boxed elementor-section-height-default elementor-section-height-default\" data-id=\"def5314\" data-element_type=\"section\">\n\t\t\t\t\t\t<div class=\"elementor-container elementor-column-gap-default\">\n\t\t\t\t\t<div class=\"elementor-column elementor-col-100 elementor-top-column elementor-element elementor-element-4c0d0abc\" data-id=\"4c0d0abc\" data-element_type=\"column\">\n\t\t\t<div class=\"elementor-widget-wrap elementor-element-populated\">\n\t\t\t\t\t\t<div class=\"elementor-element elementor-element-1d79525 elementor-widget elementor-widget-text-editor\" data-id=\"1d79525\" data-element_type=\"widget\" data-widget_type=\"text-editor.default\">\n\t\t\t\t<div class=\"elementor-widget-container\">\n\t\t\t\t\t\t\t<h2>Preguntas y respuestas sobre la umbilicoplastia en Marruecos<\/h2>\n<h3>\u00bfQu\u00e9 ocurre en la primera consulta?<\/h3>\nDurante su consulta inicial, nuestro cirujano est\u00e9tico hablar\u00e1 de sus objetivos, su salud y su hernia, si la tiene.\n<h3>\u00bfQu\u00e9 est\u00e1 incluido en el coste de la operaci\u00f3n?<\/h3>\nEl coste de su operaci\u00f3n de ombligo en Marruecos incluye todas las citas pre y postoperatorias, la anestesia, la operaci\u00f3n propiamente dicha y el material quir\u00fargico, las prendas de compresi\u00f3n postoperatorias, los traslados (aeropuerto-hotel-cl\u00ednica). Para obtener m\u00e1s informaci\u00f3n, solicite su presupuesto gratuito en l\u00ednea.\n\t\t\t\t\t\t<\/div>\n\t\t\t\t<\/div>\n\t\t\t\t\t<\/div>\n\t\t<\/div>\n\t\t\t\t\t<\/div>\n\t\t<\/section>\n\t\t\t\t<section class=\"elementor-section elementor-top-section elementor-element elementor-element-c80509a elementor-section-boxed elementor-section-height-default elementor-section-height-default\" data-id=\"c80509a\" data-element_type=\"section\">\n\t\t\t\t\t\t<div class=\"elementor-container elementor-column-gap-default\">\n\t\t\t\t\t<div class=\"elementor-column elementor-col-100 elementor-top-column elementor-element elementor-element-e80e3f8\" data-id=\"e80e3f8\" data-element_type=\"column\">\n\t\t\t<div class=\"elementor-widget-wrap elementor-element-populated\">\n\t\t\t\t\t\t<div class=\"elementor-element elementor-element-e2a9ab0 center elementor-widget elementor-widget-html\" data-id=\"e2a9ab0\" data-element_type=\"widget\" data-widget_type=\"html.default\">\n\t\t\t\t<div class=\"elementor-widget-container\">\n\t\t\t<div class=\"btn_devis btn_intern\"><a href=\"https:\/\/www.la-chirurgie-esthetique-maroc.com\/es\/cita\/\"><span>Presupuesto gratuito Umbilicoplastia Marruecos<\/span><\/a><\/div>\t\t<\/div>\n\t\t\t\t<\/div>\n\t\t\t\t\t<\/div>\n\t\t<\/div>\n\t\t\t\t\t<\/div>\n\t\t<\/section>\n\t\t\t\t<section class=\"elementor-section elementor-top-section elementor-element elementor-element-88e2949 bg-color forme_1 elementor-section-boxed elementor-section-height-default elementor-section-height-default\" data-id=\"88e2949\" data-element_type=\"section\">\n\t\t\t\t\t\t<div class=\"elementor-container elementor-column-gap-default\">\n\t\t\t\t\t<div class=\"elementor-column elementor-col-100 elementor-top-column elementor-element elementor-element-0ad2ba4\" data-id=\"0ad2ba4\" data-element_type=\"column\">\n\t\t\t<div class=\"elementor-widget-wrap elementor-element-populated\">\n\t\t\t\t\t\t<div class=\"elementor-element elementor-element-a9f6f8e elementor-widget elementor-widget-text-editor\" data-id=\"a9f6f8e\" data-element_type=\"widget\" data-widget_type=\"text-editor.default\">\n\t\t\t\t<div class=\"elementor-widget-container\">\n\t\t\t\t\t\t\t<h3>\u00bfSoy un buen candidato para operarme el ombligo?<\/h3>\nLos candidatos ideales para la umbilicoplastia tienen una hernia de peque\u00f1a a moderada con una cantidad moderada de exceso de piel suelta. No debe tener ning\u00fan otro problema m\u00e9dico antes de someterse a esta intervenci\u00f3n.\n\nPuede ser un buen candidato si :\n<ul class=\"liste-page\">\n \t<li>Tiene una hernia umbilical<\/li>\n \t<li>Tu ombligo se ha estirado durante el embarazo<\/li>\n \t<li>Quieres mejorar tu imagen y autoestima<\/li>\n \t<li>Quieres tener confianza para llevar ciertas prendas (por ejemplo, bikinis) que muestren tu abdomen, etc.<\/li>\n<\/ul>\n<h3>\u00bfQu\u00e9 puedo esperar tras una operaci\u00f3n de ombligo? \u00bfC\u00f3mo es la recuperaci\u00f3n?<\/h3>\nDebe esperar un ligero dolor alrededor del ombligo y unas 6 semanas de recuperaci\u00f3n, durante las cuales no podr\u00e1 hacer ejercicio. Sin embargo, deber\u00eda poder volver al trabajo o a la escuela en pocos d\u00edas.\n\nEn el caso de los pacientes con una hernia, se le dar\u00e1n puntos de sutura bajo la piel, que no ver\u00e1 ni sentir\u00e1. Se recetar\u00e1n analg\u00e9sicos para aliviar el dolor.\n\t\t\t\t\t\t<\/div>\n\t\t\t\t<\/div>\n\t\t\t\t\t<\/div>\n\t\t<\/div>\n\t\t\t\t\t<\/div>\n\t\t<\/section>\n\t\t\t\t<section class=\"elementor-section elementor-top-section elementor-element elementor-element-b846de2 elementor-section-boxed elementor-section-height-default elementor-section-height-default\" data-id=\"b846de2\" data-element_type=\"section\">\n\t\t\t\t\t\t<div class=\"elementor-container elementor-column-gap-default\">\n\t\t\t\t\t<div class=\"elementor-column elementor-col-100 elementor-top-column elementor-element elementor-element-1ca5001\" data-id=\"1ca5001\" data-element_type=\"column\">\n\t\t\t<div class=\"elementor-widget-wrap elementor-element-populated\">\n\t\t\t\t\t\t<div class=\"elementor-element elementor-element-03c2207 elementor-widget elementor-widget-text-editor\" data-id=\"03c2207\" data-element_type=\"widget\" data-widget_type=\"text-editor.default\">\n\t\t\t\t<div class=\"elementor-widget-container\">\n\t\t\t\t\t\t\t<h3>\u00bfCu\u00e1nto dura una operaci\u00f3n de ombligo?<\/h3>\nLa intervenci\u00f3n quir\u00fargica durar\u00e1 aproximadamente 1 hora y podr\u00e1 regresar a su habitaci\u00f3n de hotel con instrucciones para su cuidado.\n<h3>\u00bfQu\u00e9 tipo de cicatriz me quedar\u00e1?<\/h3>\nLa cicatriz quedar\u00e1 oculta dentro del ombligo, por lo que ser\u00e1 pr\u00e1cticamente invisible.\n<h3>\u00bfExisten complicaciones con la umbilicoplastia?<\/h3>\nLas complicaciones de este procedimiento son muy poco frecuentes. La infecci\u00f3n es la m\u00e1s frecuente, sobre todo cuando la operaci\u00f3n no la realiza un cirujano experimentado. Algunos pacientes desarrollan una cicatriz pronunciada, que puede requerir una revisi\u00f3n.\n\nEn resumen, le aconsejamos que, para no tener que preocuparse por los riesgos de complicaciones, no s\u00f3lo elija una cl\u00ednica est\u00e9tica con instalaciones de alta tecnolog\u00eda y personal altamente formado, sino que tambi\u00e9n siga las instrucciones postoperatorias del facultativo.\t\t\t\t\t\t<\/div>\n\t\t\t\t<\/div>\n\t\t\t\t\t<\/div>\n\t\t<\/div>\n\t\t\t\t\t<\/div>\n\t\t<\/section>\n\t\t\t\t<section class=\"elementor-section elementor-top-section elementor-element elementor-element-40e3699 center elementor-section-boxed elementor-section-height-default elementor-section-height-default\" data-id=\"40e3699\" data-element_type=\"section\">\n\t\t\t\t\t\t<div class=\"elementor-container elementor-column-gap-default\">\n\t\t\t\t\t<div class=\"elementor-column elementor-col-100 elementor-top-column elementor-element elementor-element-dcf674c\" data-id=\"dcf674c\" data-element_type=\"column\">\n\t\t\t<div class=\"elementor-widget-wrap elementor-element-populated\">\n\t\t\t\t\t\t<div class=\"elementor-element elementor-element-b3d6265 elementor-widget elementor-widget-html\" data-id=\"b3d6265\" data-element_type=\"widget\" data-widget_type=\"html.default\">\n\t\t\t\t<div class=\"elementor-widget-container\">\n\t\t\t<div class=\"btn_devis btn_intern\"><a href=\"https:\/\/www.la-chirurgie-esthetique-maroc.com\/es\/cita\/\"><span>Presupuesto gratuito<\/span><\/a><\/div>\t\t<\/div>\n\t\t\t\t<\/div>\n\t\t\t\t\t<\/div>\n\t\t<\/div>\n\t\t\t\t\t<\/div>\n\t\t<\/section>\n\t\t\t\t<\/div>\n\t\t","protected":false},"excerpt":{"rendered":"<p>Si la forma, el tama\u00f1o y\/o la posici\u00f3n de su ombligo le molestan o le acomplejan, la umbilicoplastia, tambi\u00e9n conocida como cirug\u00eda marroqu\u00ed del ombligo, es una cirug\u00eda m\u00ednimamente invasiva que se realiza para remodelar el ombligo. El embarazo, los piercings, las fluctuaciones de peso y la gen\u00e9tica pueden influir negativamente en el ombligo, a [&hellip;]<\/p>\n","protected":false},"author":1,"featured_media":6433,"parent":0,"menu_order":0,"comment_status":"closed","ping_status":"closed","template":"","meta":{"footnotes":""},"class_list":["post-6700","page","type-page","status-publish","has-post-thumbnail","hentry"],"yoast_head":"<!-- This site is optimized with the Yoast SEO plugin v27.6 - https:\/\/yoast.com\/product\/yoast-seo-wordpress\/ -->\n<title>Umbilicoplastia Marruecos : cirug\u00eda del ombligo - Chirurgie esthetique Maroc<\/title>\n<meta name=\"robots\" content=\"index, follow, max-snippet:-1, max-image-preview:large, max-video-preview:-1\" \/>\n<link rel=\"canonical\" href=\"https:\/\/www.la-chirurgie-esthetique-maroc.com\/es\/umbilicoplastia\/\" \/>\n<meta property=\"og:locale\" content=\"es_ES\" \/>\n<meta property=\"og:type\" content=\"article\" \/>\n<meta property=\"og:title\" content=\"Umbilicoplastia Marruecos : cirug\u00eda del ombligo - Chirurgie esthetique Maroc\" \/>\n<meta property=\"og:description\" content=\"Si la forma, el tama\u00f1o y\/o la posici\u00f3n de su ombligo le molestan o le acomplejan, la umbilicoplastia, tambi\u00e9n conocida como cirug\u00eda marroqu\u00ed del ombligo, es una cirug\u00eda m\u00ednimamente invasiva que se realiza para remodelar el ombligo. El embarazo, los piercings, las fluctuaciones de peso y la gen\u00e9tica pueden influir negativamente en el ombligo, a [&hellip;]\" \/>\n<meta property=\"og:url\" content=\"https:\/\/www.la-chirurgie-esthetique-maroc.com\/es\/umbilicoplastia\/\" \/>\n<meta property=\"og:site_name\" content=\"Chirurgie esthetique Maroc\" \/>\n<meta property=\"article:modified_time\" content=\"2023-05-29T10:16:57+00:00\" \/>\n<meta property=\"og:image\" content=\"https:\/\/www.la-chirurgie-esthetique-maroc.com\/wp-content\/uploads\/2022\/01\/header_silhouette.webp\" \/>\n\t<meta property=\"og:image:width\" content=\"552\" \/>\n\t<meta property=\"og:image:height\" content=\"612\" \/>\n\t<meta property=\"og:image:type\" content=\"image\/webp\" \/>\n<meta name=\"twitter:card\" content=\"summary_large_image\" \/>\n<meta name=\"twitter:label1\" content=\"Tiempo de lectura\" \/>\n\t<meta name=\"twitter:data1\" content=\"5 minutos\" \/>\n<!-- \/ Yoast SEO plugin. -->","yoast_head_json":{"title":"Umbilicoplastia Marruecos : cirug\u00eda del ombligo - Chirurgie esthetique Maroc","robots":{"index":"index","follow":"follow","max-snippet":"max-snippet:-1","max-image-preview":"max-image-preview:large","max-video-preview":"max-video-preview:-1"},"canonical":"https:\/\/www.la-chirurgie-esthetique-maroc.com\/es\/umbilicoplastia\/","og_locale":"es_ES","og_type":"article","og_title":"Umbilicoplastia Marruecos : cirug\u00eda del ombligo - Chirurgie esthetique Maroc","og_description":"Si la forma, el tama\u00f1o y\/o la posici\u00f3n de su ombligo le molestan o le acomplejan, la umbilicoplastia, tambi\u00e9n conocida como cirug\u00eda marroqu\u00ed del ombligo, es una cirug\u00eda m\u00ednimamente invasiva que se realiza para remodelar el ombligo. El embarazo, los piercings, las fluctuaciones de peso y la gen\u00e9tica pueden influir negativamente en el ombligo, a [&hellip;]","og_url":"https:\/\/www.la-chirurgie-esthetique-maroc.com\/es\/umbilicoplastia\/","og_site_name":"Chirurgie esthetique Maroc","article_modified_time":"2023-05-29T10:16:57+00:00","og_image":[{"width":552,"height":612,"url":"https:\/\/www.la-chirurgie-esthetique-maroc.com\/wp-content\/uploads\/2022\/01\/header_silhouette.webp","type":"image\/webp"}],"twitter_card":"summary_large_image","twitter_misc":{"Tiempo de lectura":"5 minutos"},"schema":{"@context":"https:\/\/schema.org","@graph":[{"@type":"WebPage","@id":"https:\/\/www.la-chirurgie-esthetique-maroc.com\/es\/umbilicoplastia\/","url":"https:\/\/www.la-chirurgie-esthetique-maroc.com\/es\/umbilicoplastia\/","name":"Umbilicoplastia Marruecos : cirug\u00eda del ombligo - Chirurgie esthetique Maroc","isPartOf":{"@id":"https:\/\/www.la-chirurgie-esthetique-maroc.com\/es\/#website"},"primaryImageOfPage":{"@id":"https:\/\/www.la-chirurgie-esthetique-maroc.com\/es\/umbilicoplastia\/#primaryimage"},"image":{"@id":"https:\/\/www.la-chirurgie-esthetique-maroc.com\/es\/umbilicoplastia\/#primaryimage"},"thumbnailUrl":"https:\/\/www.la-chirurgie-esthetique-maroc.com\/wp-content\/uploads\/2022\/01\/header_silhouette.webp","datePublished":"2022-01-21T08:18:31+00:00","dateModified":"2023-05-29T10:16:57+00:00","breadcrumb":{"@id":"https:\/\/www.la-chirurgie-esthetique-maroc.com\/es\/umbilicoplastia\/#breadcrumb"},"inLanguage":"es","potentialAction":[{"@type":"ReadAction","target":["https:\/\/www.la-chirurgie-esthetique-maroc.com\/es\/umbilicoplastia\/"]}]},{"@type":"ImageObject","inLanguage":"es","@id":"https:\/\/www.la-chirurgie-esthetique-maroc.com\/es\/umbilicoplastia\/#primaryimage","url":"https:\/\/www.la-chirurgie-esthetique-maroc.com\/wp-content\/uploads\/2022\/01\/header_silhouette.webp","contentUrl":"https:\/\/www.la-chirurgie-esthetique-maroc.com\/wp-content\/uploads\/2022\/01\/header_silhouette.webp","width":552,"height":612},{"@type":"BreadcrumbList","@id":"https:\/\/www.la-chirurgie-esthetique-maroc.com\/es\/umbilicoplastia\/#breadcrumb","itemListElement":[{"@type":"ListItem","position":1,"name":"Accueil","item":"https:\/\/www.la-chirurgie-esthetique-maroc.com\/es\/"},{"@type":"ListItem","position":2,"name":"Umbilicoplastia Marruecos : cirug\u00eda del ombligo"}]},{"@type":"WebSite","@id":"https:\/\/www.la-chirurgie-esthetique-maroc.com\/es\/#website","url":"https:\/\/www.la-chirurgie-esthetique-maroc.com\/es\/","name":"Chirurgie esthetique Maroc","description":"","publisher":{"@id":"https:\/\/www.la-chirurgie-esthetique-maroc.com\/es\/#organization"},"potentialAction":[{"@type":"SearchAction","target":{"@type":"EntryPoint","urlTemplate":"https:\/\/www.la-chirurgie-esthetique-maroc.com\/es\/?s={search_term_string}"},"query-input":{"@type":"PropertyValueSpecification","valueRequired":true,"valueName":"search_term_string"}}],"inLanguage":"es"},{"@type":"Organization","@id":"https:\/\/www.la-chirurgie-esthetique-maroc.com\/es\/#organization","name":"Chirurgie esthetique Maroc","url":"https:\/\/www.la-chirurgie-esthetique-maroc.com\/es\/","logo":{"@type":"ImageObject","inLanguage":"es","@id":"https:\/\/www.la-chirurgie-esthetique-maroc.com\/es\/#\/schema\/logo\/image\/","url":"https:\/\/www.la-chirurgie-esthetique-maroc.com\/wp-content\/uploads\/2022\/01\/cem3.png","contentUrl":"https:\/\/www.la-chirurgie-esthetique-maroc.com\/wp-content\/uploads\/2022\/01\/cem3.png","width":125,"height":41,"caption":"Chirurgie esthetique Maroc"},"image":{"@id":"https:\/\/www.la-chirurgie-esthetique-maroc.com\/es\/#\/schema\/logo\/image\/"}}]}},"_links":{"self":[{"href":"https:\/\/www.la-chirurgie-esthetique-maroc.com\/es\/wp-json\/wp\/v2\/pages\/6700","targetHints":{"allow":["GET"]}}],"collection":[{"href":"https:\/\/www.la-chirurgie-esthetique-maroc.com\/es\/wp-json\/wp\/v2\/pages"}],"about":[{"href":"https:\/\/www.la-chirurgie-esthetique-maroc.com\/es\/wp-json\/wp\/v2\/types\/page"}],"author":[{"embeddable":true,"href":"https:\/\/www.la-chirurgie-esthetique-maroc.com\/es\/wp-json\/wp\/v2\/users\/1"}],"replies":[{"embeddable":true,"href":"https:\/\/www.la-chirurgie-esthetique-maroc.com\/es\/wp-json\/wp\/v2\/comments?post=6700"}],"version-history":[{"count":7,"href":"https:\/\/www.la-chirurgie-esthetique-maroc.com\/es\/wp-json\/wp\/v2\/pages\/6700\/revisions"}],"predecessor-version":[{"id":8146,"href":"https:\/\/www.la-chirurgie-esthetique-maroc.com\/es\/wp-json\/wp\/v2\/pages\/6700\/revisions\/8146"}],"wp:featuredmedia":[{"embeddable":true,"href":"https:\/\/www.la-chirurgie-esthetique-maroc.com\/es\/wp-json\/wp\/v2\/media\/6433"}],"wp:attachment":[{"href":"https:\/\/www.la-chirurgie-esthetique-maroc.com\/es\/wp-json\/wp\/v2\/media?parent=6700"}],"curies":[{"name":"wp","href":"https:\/\/api.w.org\/{rel}","templated":true}]}}