{"id":6712,"date":"2021-06-11T12:58:56","date_gmt":"2021-06-11T10:58:56","guid":{"rendered":"https:\/\/www.la-chirurgie-esthetique-maroc.com\/lifting-de-espalda-en-marruecos-eliminar-la-grasa-de-la-espalda-a-bajo-coste\/"},"modified":"2023-05-29T12:07:27","modified_gmt":"2023-05-29T10:07:27","slug":"lifting-de-espalda","status":"publish","type":"page","link":"https:\/\/www.la-chirurgie-esthetique-maroc.com\/es\/lifting-de-espalda\/","title":{"rendered":"Lifting de espalda en Marruecos: eliminar la grasa de la espalda a bajo coste"},"content":{"rendered":"\t\t<div data-elementor-type=\"wp-page\" data-elementor-id=\"6712\" class=\"elementor elementor-6712 elementor-3392\">\n\t\t\t\t\t\t<section class=\"elementor-section elementor-top-section elementor-element elementor-element-e8c6cb2 elementor-section-boxed elementor-section-height-default elementor-section-height-default\" data-id=\"e8c6cb2\" data-element_type=\"section\">\n\t\t\t\t\t\t<div class=\"elementor-container elementor-column-gap-default\">\n\t\t\t\t\t<div class=\"elementor-column elementor-col-33 elementor-top-column elementor-element elementor-element-40347e6\" data-id=\"40347e6\" data-element_type=\"column\">\n\t\t\t<div class=\"elementor-widget-wrap elementor-element-populated\">\n\t\t\t\t\t\t<div class=\"elementor-element elementor-element-cc384f8 elementor-widget elementor-widget-text-editor\" data-id=\"cc384f8\" data-element_type=\"widget\" data-widget_type=\"text-editor.default\">\n\t\t\t\t<div class=\"elementor-widget-container\">\n\t\t\t\t\t\t\t<p><img decoding=\"async\" class=\"aligncenter \" src=\"https:\/\/www.la-chirurgie-esthetique-maroc.com\/wp-content\/uploads\/2022\/01\/lifting-du-dos-maroc.webp\" alt=\"elevador de espalda Marruecos\"><\/p>\n\t\t\t\t\t\t<\/div>\n\t\t\t\t<\/div>\n\t\t\t\t\t<\/div>\n\t\t<\/div>\n\t\t\t\t<div class=\"elementor-column elementor-col-66 elementor-top-column elementor-element elementor-element-8387465\" data-id=\"8387465\" data-element_type=\"column\">\n\t\t\t<div class=\"elementor-widget-wrap elementor-element-populated\">\n\t\t\t\t\t\t<div class=\"elementor-element elementor-element-0c3f344 elementor-widget elementor-widget-text-editor\" data-id=\"0c3f344\" data-element_type=\"widget\" data-widget_type=\"text-editor.default\">\n\t\t\t\t<div class=\"elementor-widget-container\">\n\t\t\t\t\t\t\t<p>El <strong>lifting dorsal marroqu\u00ed<\/strong> est\u00e1 indicado cuando la liposucci\u00f3n no permite eliminar las desfiguraciones causadas por la acumulaci\u00f3n de exceso de grasa en los flancos y la espalda. Para muchas mujeres, mirarse la espalda en el espejo es un pensamiento desagradable.<\/p>\n\t\t\t\t\t\t<\/div>\n\t\t\t\t<\/div>\n\t\t\t\t<div class=\"elementor-element elementor-element-de91073 center elementor-widget elementor-widget-html\" data-id=\"de91073\" data-element_type=\"widget\" data-widget_type=\"html.default\">\n\t\t\t\t<div class=\"elementor-widget-container\">\n\t\t\t<div class=\"btn_devis btn_intern\"><a href=\"https:\/\/www.la-chirurgie-esthetique-maroc.com\/es\/cita\/\"><span>Presupuesto gratuito de elevador de espalda Marruecos<\/span><\/a><\/div>\t\t<\/div>\n\t\t\t\t<\/div>\n\t\t\t\t<div class=\"elementor-element elementor-element-d1d4633 elementor-widget elementor-widget-text-editor\" data-id=\"d1d4633\" data-element_type=\"widget\" data-widget_type=\"text-editor.default\">\n\t\t\t\t<div class=\"elementor-widget-container\">\n\t\t\t\t\t\t\tLa piel fl\u00e1cida de la parte superior de la espalda, principalmente alrededor de la l\u00ednea del sujetador, puede crear pliegues abultados, conocidos como &#8220;protuberancias del sujetador&#8221;, que algunas personas pueden considerar poco atractivos. Desgraciadamente, esto puede tener un gran impacto en la autoestima, sobre todo por la frustraci\u00f3n de tener que elegir la ropa adecuada que pueda ocultar el bulto.\n\n\t\t\t\t\t\t<\/div>\n\t\t\t\t<\/div>\n\t\t\t\t<div class=\"elementor-element elementor-element-9f04ab1 elementor-widget elementor-widget-text-editor\" data-id=\"9f04ab1\" data-element_type=\"widget\" data-widget_type=\"text-editor.default\">\n\t\t\t\t<div class=\"elementor-widget-container\">\n\t\t\t\t\t\t\t<p>Con la cirug\u00eda est\u00e9tica Marruecos, estamos aqu\u00ed para ayudarle. La cirug\u00eda de lifting de espalda para enderezar la l\u00ednea del sujetador aborda este problema y ayuda a eliminar los bultos rebeldes del sujetador, que no son f\u00e1ciles de eliminar s\u00f3lo con dieta y ejercicio. El procedimiento puede ayudar a contornear y tensar la protuberancia alrededor de la l\u00ednea del sujetador, proporcionando unos resultados est\u00e9ticos agradables.<\/p>\n\t\t\t\t\t\t<\/div>\n\t\t\t\t<\/div>\n\t\t\t\t\t<\/div>\n\t\t<\/div>\n\t\t\t\t\t<\/div>\n\t\t<\/section>\n\t\t\t\t<section class=\"elementor-section elementor-top-section elementor-element elementor-element-61861e6 elementor-section-boxed elementor-section-height-default elementor-section-height-default\" data-id=\"61861e6\" data-element_type=\"section\">\n\t\t\t\t\t\t<div class=\"elementor-container elementor-column-gap-default\">\n\t\t\t\t\t<div class=\"elementor-column elementor-col-66 elementor-top-column elementor-element elementor-element-cc02d6f\" data-id=\"cc02d6f\" data-element_type=\"column\">\n\t\t\t<div class=\"elementor-widget-wrap elementor-element-populated\">\n\t\t\t\t\t\t<div class=\"elementor-element elementor-element-96a40c7 elementor-widget elementor-widget-text-editor\" data-id=\"96a40c7\" data-element_type=\"widget\" data-widget_type=\"text-editor.default\">\n\t\t\t\t<div class=\"elementor-widget-container\">\n\t\t\t\t\t\t\t<h2>Presupuesto expr\u00e9s gratuito<\/h2>\n<style>\r\n.align_center {\r\n    display: block;\r\n    text-align: center;\r\n    padding: 30px 0px;\r\n}\r\n<\/style>\r\n\r\n<div>\r\n\t<h2 class=\"align_center\">Presupuesto r\u00e1pido gratuito<\/h2>\r\n<iframe src=\"https:\/\/app.metocrm.com\/web-forms\/e1cab5bd-ef56-4a37-aa71-4857d931f368\"  height=\"800px\" width=\"100%\"  frameborder=\"0\" style=\"border-radius: 10px;\"><\/iframe>\r\n\r\n<\/div>\t\t\t\t\t\t<\/div>\n\t\t\t\t<\/div>\n\t\t\t\t\t<\/div>\n\t\t<\/div>\n\t\t\t\t<div class=\"elementor-column elementor-col-33 elementor-top-column elementor-element elementor-element-e877716\" data-id=\"e877716\" data-element_type=\"column\">\n\t\t\t<div class=\"elementor-widget-wrap elementor-element-populated\">\n\t\t\t\t\t\t<div class=\"elementor-element elementor-element-0593e8f elementor-widget elementor-widget-image\" data-id=\"0593e8f\" data-element_type=\"widget\" data-widget_type=\"image.default\">\n\t\t\t\t<div class=\"elementor-widget-container\">\n\t\t\t\t\t\t\t\t\t\t\t\t\t<img fetchpriority=\"high\" decoding=\"async\" width=\"508\" height=\"554\" src=\"https:\/\/www.la-chirurgie-esthetique-maroc.com\/wp-content\/uploads\/2022\/01\/la-chirurgie-esthetique-maroc_devis-1.webp\" class=\"attachment-large size-large wp-image-6422\" alt=\"\" srcset=\"https:\/\/www.la-chirurgie-esthetique-maroc.com\/wp-content\/uploads\/2022\/01\/la-chirurgie-esthetique-maroc_devis-1.webp 508w, https:\/\/www.la-chirurgie-esthetique-maroc.com\/wp-content\/uploads\/2022\/01\/la-chirurgie-esthetique-maroc_devis-1-275x300.webp 275w\" sizes=\"(max-width: 508px) 100vw, 508px\" \/>\t\t\t\t\t\t\t\t\t\t\t\t\t<\/div>\n\t\t\t\t<\/div>\n\t\t\t\t\t<\/div>\n\t\t<\/div>\n\t\t\t\t\t<\/div>\n\t\t<\/section>\n\t\t\t\t<section class=\"elementor-section elementor-top-section elementor-element elementor-element-a83e743 bg-color forme_1 elementor-section-boxed elementor-section-height-default elementor-section-height-default\" data-id=\"a83e743\" data-element_type=\"section\">\n\t\t\t\t\t\t<div class=\"elementor-container elementor-column-gap-default\">\n\t\t\t\t\t<div class=\"elementor-column elementor-col-100 elementor-top-column elementor-element elementor-element-a2723e0\" data-id=\"a2723e0\" data-element_type=\"column\">\n\t\t\t<div class=\"elementor-widget-wrap elementor-element-populated\">\n\t\t\t\t\t\t<div class=\"elementor-element elementor-element-dc16a10 elementor-widget elementor-widget-text-editor\" data-id=\"dc16a10\" data-element_type=\"widget\" data-widget_type=\"text-editor.default\">\n\t\t\t\t<div class=\"elementor-widget-container\">\n\t\t\t\t\t\t\t\n<h2>Precios de los elevadores dorsales en Marruecos<\/h2>\nEl precio del elevador trasero en Marruecos le ser\u00e1 comunicado tras su solicitud de presupuesto. El precio incluye los servicios de su estancia m\u00e9dica en Marruecos, pero depender\u00e1 de la extensi\u00f3n de la zona a tratar para la eliminaci\u00f3n del exceso de grasa y piel.\t\t\t\t\t\t<\/div>\n\t\t\t\t<\/div>\n\t\t\t\t<div class=\"elementor-element elementor-element-e440d9c center elementor-widget elementor-widget-html\" data-id=\"e440d9c\" data-element_type=\"widget\" data-widget_type=\"html.default\">\n\t\t\t\t<div class=\"elementor-widget-container\">\n\t\t\t<div class=\"btn_devis\"><a href=\"https:\/\/www.la-chirurgie-esthetique-maroc.com\/es\/cita\/\"><span>Presupuesto gratuito para elevador de espalda Marruecos precio barato<\/span><\/a><\/div>\t\t<\/div>\n\t\t\t\t<\/div>\n\t\t\t\t<div class=\"elementor-element elementor-element-3745d3d elementor-widget elementor-widget-text-editor\" data-id=\"3745d3d\" data-element_type=\"widget\" data-widget_type=\"text-editor.default\">\n\t\t\t\t<div class=\"elementor-widget-container\">\n\t\t\t\t\t\t\t<h2>Candidatos e indicaciones para un lifting de espalda<\/h2>\nTodos los pacientes deben gozar de buena salud y tener expectativas realistas sobre el resultado de la intervenci\u00f3n.\n\nLos pacientes que pueden beneficiarse de un lifting de espalda en Marruecos deben ser mayores de 18 a\u00f1os y tener piel fl\u00e1cida en la espalda.\n\nLa recuperaci\u00f3n es mejor si los pacientes dejan de fumar.\n\nEl procedimiento es ideal para las mujeres que tienen piel fl\u00e1cida en la parte superior de la espalda que ha creado un bulto alrededor de la l\u00ednea del sujetador y que no han podido deshacerse de \u00e9l s\u00f3lo con dieta y ejercicio. Se puede tener en cuenta a las personas que experimentan fluctuaciones de peso.\t\t\t\t\t\t<\/div>\n\t\t\t\t<\/div>\n\t\t\t\t<div class=\"elementor-element elementor-element-5f07783 elementor-widget elementor-widget-text-editor\" data-id=\"5f07783\" data-element_type=\"widget\" data-widget_type=\"text-editor.default\">\n\t\t\t\t<div class=\"elementor-widget-container\">\n\t\t\t\t\t\t\t<h2>Lifting de espalda en Marruecos<\/h2>\nEl lifting de espalda se realiza bajo anestesia general y dura una hora y media. Para garantizar la m\u00e1xima seguridad y relajaci\u00f3n del paciente, se requiere una estancia hospitalaria de 24 horas.\n\nEl primer paso del procedimiento de lifting de espalda en Marruecos es realizar una liposucci\u00f3n para eliminar el exceso de grasa de la zona. A continuaci\u00f3n se practica una incisi\u00f3n en la espalda para cortar el exceso de piel y se sutura con puntos absorbibles. La cicatriz se realiza en una zona que puede ocultarse f\u00e1cilmente bajo el sujetador o el tirante del bikini.\n\nEl procedimiento puede ayudar a deshacerse de m\u00faltiples bultos de la espalda, especialmente al suavizarlos durante la operaci\u00f3n.\t\t\t\t\t\t<\/div>\n\t\t\t\t<\/div>\n\t\t\t\t\t<\/div>\n\t\t<\/div>\n\t\t\t\t\t<\/div>\n\t\t<\/section>\n\t\t\t\t<section class=\"elementor-section elementor-top-section elementor-element elementor-element-619635c elementor-section-boxed elementor-section-height-default elementor-section-height-default\" data-id=\"619635c\" data-element_type=\"section\">\n\t\t\t\t\t\t<div class=\"elementor-container elementor-column-gap-default\">\n\t\t\t\t\t<div class=\"elementor-column elementor-col-66 elementor-top-column elementor-element elementor-element-5df5e11\" data-id=\"5df5e11\" data-element_type=\"column\">\n\t\t\t<div class=\"elementor-widget-wrap elementor-element-populated\">\n\t\t\t\t\t\t<div class=\"elementor-element elementor-element-64c2a3f elementor-widget elementor-widget-text-editor\" data-id=\"64c2a3f\" data-element_type=\"widget\" data-widget_type=\"text-editor.default\">\n\t\t\t\t<div class=\"elementor-widget-container\">\n\t\t\t\t\t\t\t<h2>Recuperaci\u00f3n tras un lifting de espalda<\/h2>\nDespu\u00e9s de la cirug\u00eda de lifting de espalda en la l\u00ednea del sujetador, habr\u00e1 algo de hinchaz\u00f3n y hematomas que desaparecer\u00e1n con el tiempo. La recuperaci\u00f3n completa suele tardar hasta 10 d\u00edas, pero deben evitarse las actividades extenuantes durante al menos 3 o 4 semanas. Pueden tomarse analg\u00e9sicos para aliviar las molestias experimentadas durante el periodo de recuperaci\u00f3n.\n\nTras la eliminaci\u00f3n de la grasa y la piel sobrantes, debe esperar un aspecto est\u00e9tico de su retaguardia. El bulto del sujetador y la espalda habr\u00e1n desaparecido y ahora tendr\u00e1n un aspecto plano. La circunferencia de la parte superior de la espalda tambi\u00e9n se reducir\u00e1, dando un aspecto naturalmente atractivo.\t\t\t\t\t\t<\/div>\n\t\t\t\t<\/div>\n\t\t\t\t\t<\/div>\n\t\t<\/div>\n\t\t\t\t<div class=\"elementor-column elementor-col-33 elementor-top-column elementor-element elementor-element-a030b73\" data-id=\"a030b73\" data-element_type=\"column\">\n\t\t\t<div class=\"elementor-widget-wrap elementor-element-populated\">\n\t\t\t\t\t\t<div class=\"elementor-element elementor-element-f9e80b6 elementor-widget elementor-widget-text-editor\" data-id=\"f9e80b6\" data-element_type=\"widget\" data-widget_type=\"text-editor.default\">\n\t\t\t\t<div class=\"elementor-widget-container\">\n\t\t\t\t\t\t\t<p><img decoding=\"async\" class=\"aligncenter wp-image-3396 size-full\" src=\"https:\/\/www.la-chirurgie-esthetique-maroc.com\/wp-content\/uploads\/2021\/06\/lifting-dos-maroc.jpg\" alt=\"antes y despu\u00e9s del lifting de espalda Marruecos\" width=\"395\" height=\"236\" srcset=\"https:\/\/www.la-chirurgie-esthetique-maroc.com\/wp-content\/uploads\/2021\/06\/lifting-dos-maroc.jpg 395w, https:\/\/www.la-chirurgie-esthetique-maroc.com\/wp-content\/uploads\/2021\/06\/lifting-dos-maroc-300x179.jpg 300w\" sizes=\"(max-width: 395px) 100vw, 395px\" \/><\/p>\n\t\t\t\t\t\t<\/div>\n\t\t\t\t<\/div>\n\t\t\t\t\t<\/div>\n\t\t<\/div>\n\t\t\t\t\t<\/div>\n\t\t<\/section>\n\t\t\t\t<section class=\"elementor-section elementor-top-section elementor-element elementor-element-4664f03e elementor-section-boxed elementor-section-height-default elementor-section-height-default\" data-id=\"4664f03e\" data-element_type=\"section\">\n\t\t\t\t\t\t<div class=\"elementor-container elementor-column-gap-default\">\n\t\t\t\t\t<div class=\"elementor-column elementor-col-100 elementor-top-column elementor-element elementor-element-781facea\" data-id=\"781facea\" data-element_type=\"column\">\n\t\t\t<div class=\"elementor-widget-wrap elementor-element-populated\">\n\t\t\t\t\t\t<div class=\"elementor-element elementor-element-69fe9702 elementor-widget elementor-widget-text-editor\" data-id=\"69fe9702\" data-element_type=\"widget\" data-widget_type=\"text-editor.default\">\n\t\t\t\t<div class=\"elementor-widget-container\">\n\t\t\t\t\t\t\t\n<h2>Lifting de espalda en Marruecos: beneficios y efectos secundarios<\/h2>\nEl lifting de espalda en Marruecos tiene muchas ventajas. Sin embargo, antes de someterse a este procedimiento, es importante conocer los raros efectos secundarios que pueden producirse.\t\t\t\t\t\t<\/div>\n\t\t\t\t<\/div>\n\t\t\t\t<section class=\"elementor-section elementor-inner-section elementor-element elementor-element-9962f59 elementor-section-boxed elementor-section-height-default elementor-section-height-default\" data-id=\"9962f59\" data-element_type=\"section\">\n\t\t\t\t\t\t<div class=\"elementor-container elementor-column-gap-default\">\n\t\t\t\t\t<div class=\"elementor-column elementor-col-50 elementor-inner-column elementor-element elementor-element-6320fd0 align_content_center\" data-id=\"6320fd0\" data-element_type=\"column\">\n\t\t\t<div class=\"elementor-widget-wrap elementor-element-populated\">\n\t\t\t\t\t\t<div class=\"elementor-element elementor-element-331eb75 elementor-widget elementor-widget-text-editor\" data-id=\"331eb75\" data-element_type=\"widget\" data-widget_type=\"text-editor.default\">\n\t\t\t\t<div class=\"elementor-widget-container\">\n\t\t\t\t\t\t\t<p><img decoding=\"async\" class=\"aligncenter\" src=\"https:\/\/www.la-chirurgie-esthetique-maroc.com\/wp-content\/uploads\/2021\/06\/prix-lifting-dos.jpg\" alt=\"elevador de espalda marruecos precio\"><\/p>\n\t\t\t\t\t\t<\/div>\n\t\t\t\t<\/div>\n\t\t\t\t\t<\/div>\n\t\t<\/div>\n\t\t\t\t<div class=\"elementor-column elementor-col-50 elementor-inner-column elementor-element elementor-element-201555b\" data-id=\"201555b\" data-element_type=\"column\">\n\t\t\t<div class=\"elementor-widget-wrap elementor-element-populated\">\n\t\t\t\t\t\t<div class=\"elementor-element elementor-element-19ce19d elementor-widget elementor-widget-text-editor\" data-id=\"19ce19d\" data-element_type=\"widget\" data-widget_type=\"text-editor.default\">\n\t\t\t\t<div class=\"elementor-widget-container\">\n\t\t\t\t\t\t\t<h3>Ventajas del lifting de la l\u00ednea del sujetador<\/h3>\n<ul class=\"liste-page\">\n \t<li>La cicatriz de la incisi\u00f3n queda oculta bajo el sujetador o el tirante del bikini.<\/li>\n \t<li>Los resultados se aprecian inmediatamente despu\u00e9s de que haya remitido la inflamaci\u00f3n.<\/li>\n \t<li>Eliminaci\u00f3n del exceso de grasa y piel al mismo tiempo.<\/li>\n \t<li>Mejora del aspecto de la espalda.<\/li>\n<\/ul>\t\t\t\t\t\t<\/div>\n\t\t\t\t<\/div>\n\t\t\t\t<div class=\"elementor-element elementor-element-366c032 elementor-widget elementor-widget-text-editor\" data-id=\"366c032\" data-element_type=\"widget\" data-widget_type=\"text-editor.default\">\n\t\t\t\t<div class=\"elementor-widget-container\">\n\t\t\t\t\t\t\t<h3>Posibles efectos secundarios<\/h3>\n<ul class=\"liste-page\">\n \t<li>Queda una cicatriz en la espalda, pero puede ocultarse.<\/li>\n \t<li>Infecciones y hemorragias que pueden prevenirse con un buen seguimiento.<\/li>\n \t<li>Posible reacci\u00f3n al\u00e9rgica a la anestesia.<\/li>\n<\/ul>\t\t\t\t\t\t<\/div>\n\t\t\t\t<\/div>\n\t\t\t\t\t<\/div>\n\t\t<\/div>\n\t\t\t\t\t<\/div>\n\t\t<\/section>\n\t\t\t\t\t<\/div>\n\t\t<\/div>\n\t\t\t\t\t<\/div>\n\t\t<\/section>\n\t\t\t\t<section class=\"elementor-section elementor-top-section elementor-element elementor-element-711be2a center elementor-section-boxed elementor-section-height-default elementor-section-height-default\" data-id=\"711be2a\" data-element_type=\"section\">\n\t\t\t\t\t\t<div class=\"elementor-container elementor-column-gap-default\">\n\t\t\t\t\t<div class=\"elementor-column elementor-col-100 elementor-top-column elementor-element elementor-element-506d92b\" data-id=\"506d92b\" data-element_type=\"column\">\n\t\t\t<div class=\"elementor-widget-wrap elementor-element-populated\">\n\t\t\t\t\t\t<div class=\"elementor-element elementor-element-de40edf elementor-widget elementor-widget-html\" data-id=\"de40edf\" data-element_type=\"widget\" data-widget_type=\"html.default\">\n\t\t\t\t<div class=\"elementor-widget-container\">\n\t\t\t<div class=\"btn_devis btn_intern\"><a href=\"https:\/\/www.la-chirurgie-esthetique-maroc.com\/es\/cita\/\"><span>Presupuesto gratuito<\/span><\/a><\/div>\t\t<\/div>\n\t\t\t\t<\/div>\n\t\t\t\t\t<\/div>\n\t\t<\/div>\n\t\t\t\t\t<\/div>\n\t\t<\/section>\n\t\t\t\t<\/div>\n\t\t","protected":false},"excerpt":{"rendered":"<p>El lifting dorsal marroqu\u00ed est\u00e1 indicado cuando la liposucci\u00f3n no permite eliminar las desfiguraciones causadas por la acumulaci\u00f3n de exceso de grasa en los flancos y la espalda. Para muchas mujeres, mirarse la espalda en el espejo es un pensamiento desagradable. Presupuesto gratuito de elevador de espalda Marruecos La piel fl\u00e1cida de la parte superior [&hellip;]<\/p>\n","protected":false},"author":2,"featured_media":6433,"parent":0,"menu_order":0,"comment_status":"closed","ping_status":"closed","template":"","meta":{"footnotes":""},"class_list":["post-6712","page","type-page","status-publish","has-post-thumbnail","hentry"],"yoast_head":"<!-- This site is optimized with the Yoast SEO plugin v27.5 - https:\/\/yoast.com\/product\/yoast-seo-wordpress\/ -->\n<title>Lifting de espalda Marruecos: precios baratos dermolipectom\u00eda de espalda<\/title>\n<meta name=\"description\" content=\"Lifting de espalda Marruecos: contorno de espalda cuyo objetivo es eliminar quir\u00fargicamente el exceso de piel y grasa localizado en la espalda.\" \/>\n<meta name=\"robots\" content=\"index, follow, max-snippet:-1, max-image-preview:large, max-video-preview:-1\" \/>\n<link rel=\"canonical\" href=\"https:\/\/www.la-chirurgie-esthetique-maroc.com\/es\/lifting-de-espalda\/\" \/>\n<meta property=\"og:locale\" content=\"es_ES\" \/>\n<meta property=\"og:type\" content=\"article\" \/>\n<meta property=\"og:title\" content=\"Lifting de espalda Marruecos: precios baratos dermolipectom\u00eda de espalda\" \/>\n<meta property=\"og:description\" content=\"Lifting de espalda Marruecos: contorno de espalda cuyo objetivo es eliminar quir\u00fargicamente el exceso de piel y grasa localizado en la espalda.\" \/>\n<meta property=\"og:url\" content=\"https:\/\/www.la-chirurgie-esthetique-maroc.com\/es\/lifting-de-espalda\/\" \/>\n<meta property=\"og:site_name\" content=\"Chirurgie esthetique Maroc\" \/>\n<meta property=\"article:modified_time\" content=\"2023-05-29T10:07:27+00:00\" \/>\n<meta property=\"og:image\" content=\"https:\/\/www.la-chirurgie-esthetique-maroc.com\/wp-content\/uploads\/2022\/01\/header_silhouette.webp\" \/>\n\t<meta property=\"og:image:width\" content=\"552\" \/>\n\t<meta property=\"og:image:height\" content=\"612\" \/>\n\t<meta property=\"og:image:type\" content=\"image\/webp\" \/>\n<meta name=\"twitter:card\" content=\"summary_large_image\" \/>\n<meta name=\"twitter:label1\" content=\"Tiempo de lectura\" \/>\n\t<meta name=\"twitter:data1\" content=\"5 minutos\" \/>\n<!-- \/ Yoast SEO plugin. -->","yoast_head_json":{"title":"Lifting de espalda Marruecos: precios baratos dermolipectom\u00eda de espalda","description":"Lifting de espalda Marruecos: contorno de espalda cuyo objetivo es eliminar quir\u00fargicamente el exceso de piel y grasa localizado en la espalda.","robots":{"index":"index","follow":"follow","max-snippet":"max-snippet:-1","max-image-preview":"max-image-preview:large","max-video-preview":"max-video-preview:-1"},"canonical":"https:\/\/www.la-chirurgie-esthetique-maroc.com\/es\/lifting-de-espalda\/","og_locale":"es_ES","og_type":"article","og_title":"Lifting de espalda Marruecos: precios baratos dermolipectom\u00eda de espalda","og_description":"Lifting de espalda Marruecos: contorno de espalda cuyo objetivo es eliminar quir\u00fargicamente el exceso de piel y grasa localizado en la espalda.","og_url":"https:\/\/www.la-chirurgie-esthetique-maroc.com\/es\/lifting-de-espalda\/","og_site_name":"Chirurgie esthetique Maroc","article_modified_time":"2023-05-29T10:07:27+00:00","og_image":[{"width":552,"height":612,"url":"https:\/\/www.la-chirurgie-esthetique-maroc.com\/wp-content\/uploads\/2022\/01\/header_silhouette.webp","type":"image\/webp"}],"twitter_card":"summary_large_image","twitter_misc":{"Tiempo de lectura":"5 minutos"},"schema":{"@context":"https:\/\/schema.org","@graph":[{"@type":"WebPage","@id":"https:\/\/www.la-chirurgie-esthetique-maroc.com\/es\/lifting-de-espalda\/","url":"https:\/\/www.la-chirurgie-esthetique-maroc.com\/es\/lifting-de-espalda\/","name":"Lifting de espalda Marruecos: precios baratos dermolipectom\u00eda de espalda","isPartOf":{"@id":"https:\/\/www.la-chirurgie-esthetique-maroc.com\/es\/#website"},"primaryImageOfPage":{"@id":"https:\/\/www.la-chirurgie-esthetique-maroc.com\/es\/lifting-de-espalda\/#primaryimage"},"image":{"@id":"https:\/\/www.la-chirurgie-esthetique-maroc.com\/es\/lifting-de-espalda\/#primaryimage"},"thumbnailUrl":"https:\/\/www.la-chirurgie-esthetique-maroc.com\/wp-content\/uploads\/2022\/01\/header_silhouette.webp","datePublished":"2021-06-11T10:58:56+00:00","dateModified":"2023-05-29T10:07:27+00:00","description":"Lifting de espalda Marruecos: contorno de espalda cuyo objetivo es eliminar quir\u00fargicamente el exceso de piel y grasa localizado en la espalda.","breadcrumb":{"@id":"https:\/\/www.la-chirurgie-esthetique-maroc.com\/es\/lifting-de-espalda\/#breadcrumb"},"inLanguage":"es","potentialAction":[{"@type":"ReadAction","target":["https:\/\/www.la-chirurgie-esthetique-maroc.com\/es\/lifting-de-espalda\/"]}]},{"@type":"ImageObject","inLanguage":"es","@id":"https:\/\/www.la-chirurgie-esthetique-maroc.com\/es\/lifting-de-espalda\/#primaryimage","url":"https:\/\/www.la-chirurgie-esthetique-maroc.com\/wp-content\/uploads\/2022\/01\/header_silhouette.webp","contentUrl":"https:\/\/www.la-chirurgie-esthetique-maroc.com\/wp-content\/uploads\/2022\/01\/header_silhouette.webp","width":552,"height":612},{"@type":"BreadcrumbList","@id":"https:\/\/www.la-chirurgie-esthetique-maroc.com\/es\/lifting-de-espalda\/#breadcrumb","itemListElement":[{"@type":"ListItem","position":1,"name":"Accueil","item":"https:\/\/www.la-chirurgie-esthetique-maroc.com\/es\/"},{"@type":"ListItem","position":2,"name":"Lifting de espalda en Marruecos: eliminar la grasa de la espalda a bajo coste"}]},{"@type":"WebSite","@id":"https:\/\/www.la-chirurgie-esthetique-maroc.com\/es\/#website","url":"https:\/\/www.la-chirurgie-esthetique-maroc.com\/es\/","name":"Chirurgie esthetique Maroc","description":"","publisher":{"@id":"https:\/\/www.la-chirurgie-esthetique-maroc.com\/es\/#organization"},"potentialAction":[{"@type":"SearchAction","target":{"@type":"EntryPoint","urlTemplate":"https:\/\/www.la-chirurgie-esthetique-maroc.com\/es\/?s={search_term_string}"},"query-input":{"@type":"PropertyValueSpecification","valueRequired":true,"valueName":"search_term_string"}}],"inLanguage":"es"},{"@type":"Organization","@id":"https:\/\/www.la-chirurgie-esthetique-maroc.com\/es\/#organization","name":"Chirurgie esthetique Maroc","url":"https:\/\/www.la-chirurgie-esthetique-maroc.com\/es\/","logo":{"@type":"ImageObject","inLanguage":"es","@id":"https:\/\/www.la-chirurgie-esthetique-maroc.com\/es\/#\/schema\/logo\/image\/","url":"https:\/\/www.la-chirurgie-esthetique-maroc.com\/wp-content\/uploads\/2022\/01\/cem3.png","contentUrl":"https:\/\/www.la-chirurgie-esthetique-maroc.com\/wp-content\/uploads\/2022\/01\/cem3.png","width":125,"height":41,"caption":"Chirurgie esthetique Maroc"},"image":{"@id":"https:\/\/www.la-chirurgie-esthetique-maroc.com\/es\/#\/schema\/logo\/image\/"}}]}},"_links":{"self":[{"href":"https:\/\/www.la-chirurgie-esthetique-maroc.com\/es\/wp-json\/wp\/v2\/pages\/6712","targetHints":{"allow":["GET"]}}],"collection":[{"href":"https:\/\/www.la-chirurgie-esthetique-maroc.com\/es\/wp-json\/wp\/v2\/pages"}],"about":[{"href":"https:\/\/www.la-chirurgie-esthetique-maroc.com\/es\/wp-json\/wp\/v2\/types\/page"}],"author":[{"embeddable":true,"href":"https:\/\/www.la-chirurgie-esthetique-maroc.com\/es\/wp-json\/wp\/v2\/users\/2"}],"replies":[{"embeddable":true,"href":"https:\/\/www.la-chirurgie-esthetique-maroc.com\/es\/wp-json\/wp\/v2\/comments?post=6712"}],"version-history":[{"count":7,"href":"https:\/\/www.la-chirurgie-esthetique-maroc.com\/es\/wp-json\/wp\/v2\/pages\/6712\/revisions"}],"predecessor-version":[{"id":8050,"href":"https:\/\/www.la-chirurgie-esthetique-maroc.com\/es\/wp-json\/wp\/v2\/pages\/6712\/revisions\/8050"}],"wp:featuredmedia":[{"embeddable":true,"href":"https:\/\/www.la-chirurgie-esthetique-maroc.com\/es\/wp-json\/wp\/v2\/media\/6433"}],"wp:attachment":[{"href":"https:\/\/www.la-chirurgie-esthetique-maroc.com\/es\/wp-json\/wp\/v2\/media?parent=6712"}],"curies":[{"name":"wp","href":"https:\/\/api.w.org\/{rel}","templated":true}]}}