{"id":6726,"date":"2016-06-24T09:41:01","date_gmt":"2016-06-24T07:41:01","guid":{"rendered":"https:\/\/www.la-chirurgie-esthetique-maroc.com\/aumento-de-gluteos-marruecos-precios-lipofilling-gluteos-baratos\/"},"modified":"2024-02-22T13:39:03","modified_gmt":"2024-02-22T12:39:03","slug":"aumento-de-gluteos","status":"publish","type":"page","link":"https:\/\/www.la-chirurgie-esthetique-maroc.com\/es\/aumento-de-gluteos\/","title":{"rendered":"Aumento de gl\u00fateos Marruecos : precios lipofilling gl\u00fateos baratos"},"content":{"rendered":"\t\t<div data-elementor-type=\"wp-page\" data-elementor-id=\"6726\" class=\"elementor elementor-6726 elementor-85\">\n\t\t\t\t\t\t<section class=\"elementor-section elementor-top-section elementor-element elementor-element-6db0890 elementor-section-boxed elementor-section-height-default elementor-section-height-default\" data-id=\"6db0890\" data-element_type=\"section\">\n\t\t\t\t\t\t<div class=\"elementor-container elementor-column-gap-default\">\n\t\t\t\t\t<div class=\"elementor-column elementor-col-66 elementor-top-column elementor-element elementor-element-fe8478e\" data-id=\"fe8478e\" data-element_type=\"column\">\n\t\t\t<div class=\"elementor-widget-wrap elementor-element-populated\">\n\t\t\t\t\t\t<div class=\"elementor-element elementor-element-db08b6a elementor-widget elementor-widget-text-editor\" data-id=\"db08b6a\" data-element_type=\"widget\" data-widget_type=\"text-editor.default\">\n\t\t\t\t<div class=\"elementor-widget-container\">\n\t\t\t\t\t\t\tNuestra cl\u00ednica le ofrece el mejor <strong>precio para un aumento de gl\u00fateos en Marruecos<\/strong>. Tenemos unas vacaciones m\u00e9dicas baratas con todo incluido para el <strong>aumento de gl\u00fateos Marruecos<\/strong>. P\u00f3ngase en contacto con nosotros para obtener m\u00e1s informaci\u00f3n sobre la cirug\u00eda de aumento de gl\u00fateos con implantes o <strong>inyecciones de gl\u00fateos precios baratos Marruecos<\/strong>, ofrecemos un presupuesto gratuito con todos los detalles.\n<h2>Aumento de gluteos precio Marruecos : implante de gluteos precio Marruecos<\/h2>\n<table class=\"table_home interne\">\n<thead>\n<tr>\n<th>Intervenciones<\/th>\n<th>Premios<\/th>\n<th>Permanece<\/th>\n<\/tr>\n<\/thead>\n<tbody>\n<tr>\n<td>Aumento de gl\u00fateos<\/td>\n<td>2950 \u20ac<\/td>\n<td>6 noches y 7 d\u00edas<\/td>\n<\/tr>\n<\/tbody>\n<\/table>\t\t\t\t\t\t<\/div>\n\t\t\t\t<\/div>\n\t\t\t\t\t<\/div>\n\t\t<\/div>\n\t\t\t\t<div class=\"elementor-column elementor-col-33 elementor-top-column elementor-element elementor-element-c5f462a\" data-id=\"c5f462a\" data-element_type=\"column\">\n\t\t\t<div class=\"elementor-widget-wrap elementor-element-populated\">\n\t\t\t\t\t\t<div class=\"elementor-element elementor-element-308ac78 img_shadow elementor-widget elementor-widget-image\" data-id=\"308ac78\" data-element_type=\"widget\" data-widget_type=\"image.default\">\n\t\t\t\t<div class=\"elementor-widget-container\">\n\t\t\t\t\t\t\t\t\t\t\t\t\t<img decoding=\"async\" src=\"https:\/\/www.la-chirurgie-esthetique-maroc.com\/wp-content\/uploads\/elementor\/thumbs\/augmentation-fesses-psrpxeambvye404x3b1usqiac5cuazju9siooct3ia.jpg\" title=\"augmentation-fesses\" alt=\"augmentation-fesses\" loading=\"lazy\" \/>\t\t\t\t\t\t\t\t\t\t\t\t\t<\/div>\n\t\t\t\t<\/div>\n\t\t\t\t\t<\/div>\n\t\t<\/div>\n\t\t\t\t\t<\/div>\n\t\t<\/section>\n\t\t\t\t<section class=\"elementor-section elementor-top-section elementor-element elementor-element-889c099 elementor-section-boxed elementor-section-height-default elementor-section-height-default\" data-id=\"889c099\" data-element_type=\"section\">\n\t\t\t\t\t\t<div class=\"elementor-container elementor-column-gap-default\">\n\t\t\t\t\t<div class=\"elementor-column elementor-col-100 elementor-top-column elementor-element elementor-element-b8be55c\" data-id=\"b8be55c\" data-element_type=\"column\">\n\t\t\t<div class=\"elementor-widget-wrap elementor-element-populated\">\n\t\t\t\t\t\t<div class=\"elementor-element elementor-element-b3e4ec2 center elementor-widget elementor-widget-html\" data-id=\"b3e4ec2\" data-element_type=\"widget\" data-widget_type=\"html.default\">\n\t\t\t\t<div class=\"elementor-widget-container\">\n\t\t\t<div class=\"btn_devis btn_intern\"><a href=\"https:\/\/www.la-chirurgie-esthetique-maroc.com\/es\/cita\/\"><span>Presupuesto gratuito de lipofilling de gl\u00fateos Marruecos<\/span><\/a><\/div>\t\t<\/div>\n\t\t\t\t<\/div>\n\t\t\t\t\t<\/div>\n\t\t<\/div>\n\t\t\t\t\t<\/div>\n\t\t<\/section>\n\t\t\t\t<section class=\"elementor-section elementor-top-section elementor-element elementor-element-60e46e9 elementor-section-boxed elementor-section-height-default elementor-section-height-default\" data-id=\"60e46e9\" data-element_type=\"section\">\n\t\t\t\t\t\t<div class=\"elementor-container elementor-column-gap-default\">\n\t\t\t\t\t<div class=\"elementor-column elementor-col-100 elementor-top-column elementor-element elementor-element-9124dac\" data-id=\"9124dac\" data-element_type=\"column\">\n\t\t\t<div class=\"elementor-widget-wrap elementor-element-populated\">\n\t\t\t\t\t\t<section class=\"elementor-section elementor-inner-section elementor-element elementor-element-e3be483 elementor-section-boxed elementor-section-height-default elementor-section-height-default\" data-id=\"e3be483\" data-element_type=\"section\">\n\t\t\t\t\t\t<div class=\"elementor-container elementor-column-gap-default\">\n\t\t\t\t\t<div class=\"elementor-column elementor-col-100 elementor-inner-column elementor-element elementor-element-cb9b969\" data-id=\"cb9b969\" data-element_type=\"column\">\n\t\t\t<div class=\"elementor-widget-wrap elementor-element-populated\">\n\t\t\t\t\t\t<div class=\"elementor-element elementor-element-398b5ec elementor-widget elementor-widget-text-editor\" data-id=\"398b5ec\" data-element_type=\"widget\" data-widget_type=\"text-editor.default\">\n\t\t\t\t<div class=\"elementor-widget-container\">\n\t\t\t\t\t\t\t<p style=\"text-align: justify;\">El tama\u00f1o y la forma de las nalgas es uno de los criterios de belleza m\u00e1s importantes en los c\u00e1nones est\u00e9ticos contempor\u00e1neos. La cirug\u00eda de<strong>aumento de gl\u00fateos<\/strong> (lipofilling de gl\u00fateos) es un procedimiento de gran alcance que se ha popularizado en todo el mundo.<\/p>\nEn Marruecos, los facultativos tienen una competencia inquebrantable en cirug\u00eda de la silueta, realizan las operaciones de<strong>aumento de gl\u00fateos<\/strong> m\u00e1s espectaculares seg\u00fan todas las t\u00e9cnicas modernas.\n\nLa hipoplasia gl\u00fatea (volumen gl\u00fateo insuficiente) puede rellenarse mediante dos t\u00e9cnicas:\t\t\t\t\t\t<\/div>\n\t\t\t\t<\/div>\n\t\t\t\t\t<\/div>\n\t\t<\/div>\n\t\t\t\t\t<\/div>\n\t\t<\/section>\n\t\t\t\t\t<\/div>\n\t\t<\/div>\n\t\t\t\t\t<\/div>\n\t\t<\/section>\n\t\t\t\t<section class=\"elementor-section elementor-top-section elementor-element elementor-element-04ada0e elementor-section-boxed elementor-section-height-default elementor-section-height-default\" data-id=\"04ada0e\" data-element_type=\"section\">\n\t\t\t\t\t\t<div class=\"elementor-container elementor-column-gap-default\">\n\t\t\t\t\t<div class=\"elementor-column elementor-col-66 elementor-top-column elementor-element elementor-element-c25a56d\" data-id=\"c25a56d\" data-element_type=\"column\">\n\t\t\t<div class=\"elementor-widget-wrap elementor-element-populated\">\n\t\t\t\t\t\t<div class=\"elementor-element elementor-element-ed44ce5 elementor-widget elementor-widget-text-editor\" data-id=\"ed44ce5\" data-element_type=\"widget\" data-widget_type=\"text-editor.default\">\n\t\t\t\t<div class=\"elementor-widget-container\">\n\t\t\t\t\t\t\t<h2>Presupuesto expr\u00e9s gratuito<\/h2>\n<style>\r\n.align_center {\r\n    display: block;\r\n    text-align: center;\r\n    padding: 30px 0px;\r\n}\r\n<\/style>\r\n\r\n<div>\r\n\t<h2 class=\"align_center\">Presupuesto r\u00e1pido gratuito<\/h2>\r\n<iframe src=\"https:\/\/app.metocrm.com\/web-forms\/e1cab5bd-ef56-4a37-aa71-4857d931f368\"  height=\"800px\" width=\"100%\"  frameborder=\"0\" style=\"border-radius: 10px;\"><\/iframe>\r\n\r\n<\/div>\t\t\t\t\t\t<\/div>\n\t\t\t\t<\/div>\n\t\t\t\t\t<\/div>\n\t\t<\/div>\n\t\t\t\t<div class=\"elementor-column elementor-col-33 elementor-top-column elementor-element elementor-element-89797f4\" data-id=\"89797f4\" data-element_type=\"column\">\n\t\t\t<div class=\"elementor-widget-wrap elementor-element-populated\">\n\t\t\t\t\t\t<div class=\"elementor-element elementor-element-4de9ce5 elementor-widget elementor-widget-image\" data-id=\"4de9ce5\" data-element_type=\"widget\" data-widget_type=\"image.default\">\n\t\t\t\t<div class=\"elementor-widget-container\">\n\t\t\t\t\t\t\t\t\t\t\t\t\t<img fetchpriority=\"high\" decoding=\"async\" width=\"508\" height=\"554\" src=\"https:\/\/www.la-chirurgie-esthetique-maroc.com\/wp-content\/uploads\/2022\/01\/la-chirurgie-esthetique-maroc_devis-1.webp\" class=\"attachment-large size-large wp-image-6422\" alt=\"\" srcset=\"https:\/\/www.la-chirurgie-esthetique-maroc.com\/wp-content\/uploads\/2022\/01\/la-chirurgie-esthetique-maroc_devis-1.webp 508w, https:\/\/www.la-chirurgie-esthetique-maroc.com\/wp-content\/uploads\/2022\/01\/la-chirurgie-esthetique-maroc_devis-1-275x300.webp 275w\" sizes=\"(max-width: 508px) 100vw, 508px\" \/>\t\t\t\t\t\t\t\t\t\t\t\t\t<\/div>\n\t\t\t\t<\/div>\n\t\t\t\t\t<\/div>\n\t\t<\/div>\n\t\t\t\t\t<\/div>\n\t\t<\/section>\n\t\t\t\t<section class=\"elementor-section elementor-top-section elementor-element elementor-element-63e5b91d bg-color forme_1 elementor-section-boxed elementor-section-height-default elementor-section-height-default\" data-id=\"63e5b91d\" data-element_type=\"section\">\n\t\t\t\t\t\t<div class=\"elementor-container elementor-column-gap-default\">\n\t\t\t\t\t<div class=\"elementor-column elementor-col-100 elementor-top-column elementor-element elementor-element-6f6aeb95\" data-id=\"6f6aeb95\" data-element_type=\"column\">\n\t\t\t<div class=\"elementor-widget-wrap elementor-element-populated\">\n\t\t\t\t\t\t<div class=\"elementor-element elementor-element-4dcd5a91 elementor-widget elementor-widget-text-editor\" data-id=\"4dcd5a91\" data-element_type=\"widget\" data-widget_type=\"text-editor.default\">\n\t\t\t\t<div class=\"elementor-widget-container\">\n\t\t\t\t\t\t\t\n<h2>Lipofilling de gl\u00fateos en Marruecos<\/h2>\nSe trata de una eliminaci\u00f3n de las mejores c\u00e9lulas grasas, all\u00ed donde hay un exceso de ellas. <strong>El lipofilling<\/strong> o lipomodelaci\u00f3n ha revolucionado los procedimientos de aumento de gl\u00fateos. Las c\u00e9lulas recogidas se purifican primero y se reinyectan despu\u00e9s en la zona gl\u00fatea.\n\nLos resultados de este procedimiento son impresionantes. Con un acabado armonioso y un tacto suave, las nalgas est\u00e1n bien moldeadas y abrazan perfectamente la figura.\t\t\t\t\t\t<\/div>\n\t\t\t\t<\/div>\n\t\t\t\t<section class=\"elementor-section elementor-inner-section elementor-element elementor-element-ba7a567 elementor-section-boxed elementor-section-height-default elementor-section-height-default\" data-id=\"ba7a567\" data-element_type=\"section\">\n\t\t\t\t\t\t<div class=\"elementor-container elementor-column-gap-default\">\n\t\t\t\t\t<div class=\"elementor-column elementor-col-100 elementor-inner-column elementor-element elementor-element-88496bd\" data-id=\"88496bd\" data-element_type=\"column\">\n\t\t\t<div class=\"elementor-widget-wrap elementor-element-populated\">\n\t\t\t\t\t\t<div class=\"elementor-element elementor-element-fff07f8 elementor-widget elementor-widget-text-editor\" data-id=\"fff07f8\" data-element_type=\"widget\" data-widget_type=\"text-editor.default\">\n\t\t\t\t<div class=\"elementor-widget-container\">\n\t\t\t\t\t\t\t<h2>Colocaci\u00f3n de implantes de gl\u00fateos<\/h2>\nLos pacientes que no tienen sobrepeso son candidatos ideales para este tipo de intervenci\u00f3n, ya que los implantes de gl\u00fateos son eficaces para los gl\u00fateos planos. Nuestra cl\u00ednica ha seleccionado los implantes de aumento de gl\u00fateos m\u00e1s eficaces entre las distintas marcas del mercado. La elecci\u00f3n de los implantes se har\u00e1 en consulta con su cirujano y se basar\u00e1 en los m\u00e1s adecuados para usted, combinando elasticidad y resistencia.\n\nLa intervenci\u00f3n suele durar una hora y se realiza bajo anestesia general. La implantaci\u00f3n de las pr\u00f3tesis mediante <strong>lipofilling gl\u00fateo<\/strong> se realiza en el espesor del m\u00fasculo gl\u00fateo mayor a trav\u00e9s de una incisi\u00f3n vertical e invisible de unos cent\u00edmetros entre las dos nalgas.\t\t\t\t\t\t<\/div>\n\t\t\t\t<\/div>\n\t\t\t\t\t<\/div>\n\t\t<\/div>\n\t\t\t\t\t<\/div>\n\t\t<\/section>\n\t\t\t\t\t<\/div>\n\t\t<\/div>\n\t\t\t\t\t<\/div>\n\t\t<\/section>\n\t\t\t\t<section class=\"elementor-section elementor-top-section elementor-element elementor-element-1bdd7c5 elementor-section-boxed elementor-section-height-default elementor-section-height-default\" data-id=\"1bdd7c5\" data-element_type=\"section\">\n\t\t\t\t\t\t<div class=\"elementor-container elementor-column-gap-default\">\n\t\t\t\t\t<div class=\"elementor-column elementor-col-100 elementor-top-column elementor-element elementor-element-43e4a5a\" data-id=\"43e4a5a\" data-element_type=\"column\">\n\t\t\t<div class=\"elementor-widget-wrap elementor-element-populated\">\n\t\t\t\t\t\t<div class=\"elementor-element elementor-element-5ede84e elementor-widget elementor-widget-text-editor\" data-id=\"5ede84e\" data-element_type=\"widget\" data-widget_type=\"text-editor.default\">\n\t\t\t\t<div class=\"elementor-widget-container\">\n\t\t\t\t\t\t\t<h2>Postoperatorio de aumento de gl\u00fateos Marruecos<\/h2>\nDe hecho, debe tumbarse boca abajo y mantenerse erguido y nunca sentarse sobre las nalgas durante los quince d\u00edas posteriores a la <a href=\"https:\/\/www.la-chirurgie-esthetique-maroc.com\/es\/\">cirug\u00eda reconstructiva en Marruecos<\/a>. La estancia en el hospital dura una o dos noches y las instrucciones durante los d\u00edas siguientes son estrictas.\n\n\t\t\t\t\t\t<\/div>\n\t\t\t\t<\/div>\n\t\t\t\t\t<\/div>\n\t\t<\/div>\n\t\t\t\t\t<\/div>\n\t\t<\/section>\n\t\t\t\t<section class=\"elementor-section elementor-top-section elementor-element elementor-element-b3a85ac center elementor-section-boxed elementor-section-height-default elementor-section-height-default\" data-id=\"b3a85ac\" data-element_type=\"section\">\n\t\t\t\t\t\t<div class=\"elementor-container elementor-column-gap-default\">\n\t\t\t\t\t<div class=\"elementor-column elementor-col-100 elementor-top-column elementor-element elementor-element-a189e1b\" data-id=\"a189e1b\" data-element_type=\"column\">\n\t\t\t<div class=\"elementor-widget-wrap elementor-element-populated\">\n\t\t\t\t\t\t<div class=\"elementor-element elementor-element-98c9971 elementor-widget elementor-widget-html\" data-id=\"98c9971\" data-element_type=\"widget\" data-widget_type=\"html.default\">\n\t\t\t\t<div class=\"elementor-widget-container\">\n\t\t\t<div class=\"btn_devis btn_intern\"><a href=\"https:\/\/www.la-chirurgie-esthetique-maroc.com\/es\/cita\/\"><span>Presupuesto gratuito<\/span><\/a><\/div>\t\t<\/div>\n\t\t\t\t<\/div>\n\t\t\t\t\t<\/div>\n\t\t<\/div>\n\t\t\t\t\t<\/div>\n\t\t<\/section>\n\t\t\t\t<\/div>\n\t\t","protected":false},"excerpt":{"rendered":"<p>Nuestra cl\u00ednica le ofrece el mejor precio para un aumento de gl\u00fateos en Marruecos. Tenemos unas vacaciones m\u00e9dicas baratas con todo incluido para el aumento de gl\u00fateos Marruecos. P\u00f3ngase en contacto con nosotros para obtener m\u00e1s informaci\u00f3n sobre la cirug\u00eda de aumento de gl\u00fateos con implantes o inyecciones de gl\u00fateos precios baratos Marruecos, ofrecemos un [&hellip;]<\/p>\n","protected":false},"author":1,"featured_media":6433,"parent":0,"menu_order":0,"comment_status":"closed","ping_status":"closed","template":"","meta":{"footnotes":""},"class_list":["post-6726","page","type-page","status-publish","has-post-thumbnail","hentry"],"yoast_head":"<!-- This site is optimized with the Yoast SEO plugin v27.5 - https:\/\/yoast.com\/product\/yoast-seo-wordpress\/ -->\n<title>Aumento de gluteos Marruecos \u27a1\ufe0f lipofilling gluteos precio barato<\/title>\n<meta name=\"description\" content=\"Aumento de gl\u00fateos Marruecos: \u2705 colocaci\u00f3n de implantes gl\u00fateos y lipofilling gl\u00fateo para tener unos gl\u00fateos turgentes con un precio barato \u2b50 Presupuesto sin compromiso.\" \/>\n<meta name=\"robots\" content=\"index, follow, max-snippet:-1, max-image-preview:large, max-video-preview:-1\" \/>\n<link rel=\"canonical\" href=\"https:\/\/www.la-chirurgie-esthetique-maroc.com\/es\/aumento-de-gluteos\/\" \/>\n<meta property=\"og:locale\" content=\"es_ES\" \/>\n<meta property=\"og:type\" content=\"article\" \/>\n<meta property=\"og:title\" content=\"Aumento de gluteos Marruecos \u27a1\ufe0f lipofilling gluteos precio barato\" \/>\n<meta property=\"og:description\" content=\"Aumento de gl\u00fateos Marruecos: \u2705 colocaci\u00f3n de implantes gl\u00fateos y lipofilling gl\u00fateo para tener unos gl\u00fateos turgentes con un precio barato \u2b50 Presupuesto sin compromiso.\" \/>\n<meta property=\"og:url\" content=\"https:\/\/www.la-chirurgie-esthetique-maroc.com\/es\/aumento-de-gluteos\/\" \/>\n<meta property=\"og:site_name\" content=\"Chirurgie esthetique Maroc\" \/>\n<meta property=\"article:modified_time\" content=\"2024-02-22T12:39:03+00:00\" \/>\n<meta property=\"og:image\" content=\"https:\/\/www.la-chirurgie-esthetique-maroc.com\/wp-content\/uploads\/2022\/01\/header_silhouette.webp\" \/>\n\t<meta property=\"og:image:width\" content=\"552\" \/>\n\t<meta property=\"og:image:height\" content=\"612\" \/>\n\t<meta property=\"og:image:type\" content=\"image\/webp\" \/>\n<meta name=\"twitter:card\" content=\"summary_large_image\" \/>\n<meta name=\"twitter:label1\" content=\"Tiempo de lectura\" \/>\n\t<meta name=\"twitter:data1\" content=\"3 minutos\" \/>\n<!-- \/ Yoast SEO plugin. -->","yoast_head_json":{"title":"Aumento de gluteos Marruecos \u27a1\ufe0f lipofilling gluteos precio barato","description":"Aumento de gl\u00fateos Marruecos: \u2705 colocaci\u00f3n de implantes gl\u00fateos y lipofilling gl\u00fateo para tener unos gl\u00fateos turgentes con un precio barato \u2b50 Presupuesto sin compromiso.","robots":{"index":"index","follow":"follow","max-snippet":"max-snippet:-1","max-image-preview":"max-image-preview:large","max-video-preview":"max-video-preview:-1"},"canonical":"https:\/\/www.la-chirurgie-esthetique-maroc.com\/es\/aumento-de-gluteos\/","og_locale":"es_ES","og_type":"article","og_title":"Aumento de gluteos Marruecos \u27a1\ufe0f lipofilling gluteos precio barato","og_description":"Aumento de gl\u00fateos Marruecos: \u2705 colocaci\u00f3n de implantes gl\u00fateos y lipofilling gl\u00fateo para tener unos gl\u00fateos turgentes con un precio barato \u2b50 Presupuesto sin compromiso.","og_url":"https:\/\/www.la-chirurgie-esthetique-maroc.com\/es\/aumento-de-gluteos\/","og_site_name":"Chirurgie esthetique Maroc","article_modified_time":"2024-02-22T12:39:03+00:00","og_image":[{"width":552,"height":612,"url":"https:\/\/www.la-chirurgie-esthetique-maroc.com\/wp-content\/uploads\/2022\/01\/header_silhouette.webp","type":"image\/webp"}],"twitter_card":"summary_large_image","twitter_misc":{"Tiempo de lectura":"3 minutos"},"schema":{"@context":"https:\/\/schema.org","@graph":[{"@type":"WebPage","@id":"https:\/\/www.la-chirurgie-esthetique-maroc.com\/es\/aumento-de-gluteos\/","url":"https:\/\/www.la-chirurgie-esthetique-maroc.com\/es\/aumento-de-gluteos\/","name":"Aumento de gluteos Marruecos \u27a1\ufe0f lipofilling gluteos precio barato","isPartOf":{"@id":"https:\/\/www.la-chirurgie-esthetique-maroc.com\/es\/#website"},"primaryImageOfPage":{"@id":"https:\/\/www.la-chirurgie-esthetique-maroc.com\/es\/aumento-de-gluteos\/#primaryimage"},"image":{"@id":"https:\/\/www.la-chirurgie-esthetique-maroc.com\/es\/aumento-de-gluteos\/#primaryimage"},"thumbnailUrl":"https:\/\/www.la-chirurgie-esthetique-maroc.com\/wp-content\/uploads\/2022\/01\/header_silhouette.webp","datePublished":"2016-06-24T07:41:01+00:00","dateModified":"2024-02-22T12:39:03+00:00","description":"Aumento de gl\u00fateos Marruecos: \u2705 colocaci\u00f3n de implantes gl\u00fateos y lipofilling gl\u00fateo para tener unos gl\u00fateos turgentes con un precio barato \u2b50 Presupuesto sin compromiso.","breadcrumb":{"@id":"https:\/\/www.la-chirurgie-esthetique-maroc.com\/es\/aumento-de-gluteos\/#breadcrumb"},"inLanguage":"es","potentialAction":[{"@type":"ReadAction","target":["https:\/\/www.la-chirurgie-esthetique-maroc.com\/es\/aumento-de-gluteos\/"]}]},{"@type":"ImageObject","inLanguage":"es","@id":"https:\/\/www.la-chirurgie-esthetique-maroc.com\/es\/aumento-de-gluteos\/#primaryimage","url":"https:\/\/www.la-chirurgie-esthetique-maroc.com\/wp-content\/uploads\/2022\/01\/header_silhouette.webp","contentUrl":"https:\/\/www.la-chirurgie-esthetique-maroc.com\/wp-content\/uploads\/2022\/01\/header_silhouette.webp","width":552,"height":612},{"@type":"BreadcrumbList","@id":"https:\/\/www.la-chirurgie-esthetique-maroc.com\/es\/aumento-de-gluteos\/#breadcrumb","itemListElement":[{"@type":"ListItem","position":1,"name":"Accueil","item":"https:\/\/www.la-chirurgie-esthetique-maroc.com\/es\/"},{"@type":"ListItem","position":2,"name":"Aumento de gl\u00fateos Marruecos : precios lipofilling gl\u00fateos baratos"}]},{"@type":"WebSite","@id":"https:\/\/www.la-chirurgie-esthetique-maroc.com\/es\/#website","url":"https:\/\/www.la-chirurgie-esthetique-maroc.com\/es\/","name":"Chirurgie esthetique Maroc","description":"","publisher":{"@id":"https:\/\/www.la-chirurgie-esthetique-maroc.com\/es\/#organization"},"potentialAction":[{"@type":"SearchAction","target":{"@type":"EntryPoint","urlTemplate":"https:\/\/www.la-chirurgie-esthetique-maroc.com\/es\/?s={search_term_string}"},"query-input":{"@type":"PropertyValueSpecification","valueRequired":true,"valueName":"search_term_string"}}],"inLanguage":"es"},{"@type":"Organization","@id":"https:\/\/www.la-chirurgie-esthetique-maroc.com\/es\/#organization","name":"Chirurgie esthetique Maroc","url":"https:\/\/www.la-chirurgie-esthetique-maroc.com\/es\/","logo":{"@type":"ImageObject","inLanguage":"es","@id":"https:\/\/www.la-chirurgie-esthetique-maroc.com\/es\/#\/schema\/logo\/image\/","url":"https:\/\/www.la-chirurgie-esthetique-maroc.com\/wp-content\/uploads\/2022\/01\/cem3.png","contentUrl":"https:\/\/www.la-chirurgie-esthetique-maroc.com\/wp-content\/uploads\/2022\/01\/cem3.png","width":125,"height":41,"caption":"Chirurgie esthetique Maroc"},"image":{"@id":"https:\/\/www.la-chirurgie-esthetique-maroc.com\/es\/#\/schema\/logo\/image\/"}}]}},"_links":{"self":[{"href":"https:\/\/www.la-chirurgie-esthetique-maroc.com\/es\/wp-json\/wp\/v2\/pages\/6726","targetHints":{"allow":["GET"]}}],"collection":[{"href":"https:\/\/www.la-chirurgie-esthetique-maroc.com\/es\/wp-json\/wp\/v2\/pages"}],"about":[{"href":"https:\/\/www.la-chirurgie-esthetique-maroc.com\/es\/wp-json\/wp\/v2\/types\/page"}],"author":[{"embeddable":true,"href":"https:\/\/www.la-chirurgie-esthetique-maroc.com\/es\/wp-json\/wp\/v2\/users\/1"}],"replies":[{"embeddable":true,"href":"https:\/\/www.la-chirurgie-esthetique-maroc.com\/es\/wp-json\/wp\/v2\/comments?post=6726"}],"version-history":[{"count":10,"href":"https:\/\/www.la-chirurgie-esthetique-maroc.com\/es\/wp-json\/wp\/v2\/pages\/6726\/revisions"}],"predecessor-version":[{"id":8440,"href":"https:\/\/www.la-chirurgie-esthetique-maroc.com\/es\/wp-json\/wp\/v2\/pages\/6726\/revisions\/8440"}],"wp:featuredmedia":[{"embeddable":true,"href":"https:\/\/www.la-chirurgie-esthetique-maroc.com\/es\/wp-json\/wp\/v2\/media\/6433"}],"wp:attachment":[{"href":"https:\/\/www.la-chirurgie-esthetique-maroc.com\/es\/wp-json\/wp\/v2\/media?parent=6726"}],"curies":[{"name":"wp","href":"https:\/\/api.w.org\/{rel}","templated":true}]}}