{"id":6732,"date":"2021-04-21T15:19:02","date_gmt":"2021-04-21T13:19:02","guid":{"rendered":"https:\/\/www.la-chirurgie-esthetique-maroc.com\/lipoescultura-de-gluteos-marruecos-lipoescultura-de-gluteos-low-cost\/"},"modified":"2024-02-22T13:39:31","modified_gmt":"2024-02-22T12:39:31","slug":"lipoescultura-de-gluteos","status":"publish","type":"page","link":"https:\/\/www.la-chirurgie-esthetique-maroc.com\/es\/lipoescultura-de-gluteos\/","title":{"rendered":"Lipoescultura de gl\u00fateos Marruecos: lipoescultura de gl\u00fateos low cost"},"content":{"rendered":"\t\t<div data-elementor-type=\"wp-page\" data-elementor-id=\"6732\" class=\"elementor elementor-6732 elementor-3255\">\n\t\t\t\t\t\t<section class=\"elementor-section elementor-top-section elementor-element elementor-element-e0146f7 elementor-section-boxed elementor-section-height-default elementor-section-height-default\" data-id=\"e0146f7\" data-element_type=\"section\">\n\t\t\t\t\t\t<div class=\"elementor-container elementor-column-gap-default\">\n\t\t\t\t\t<div class=\"elementor-column elementor-col-100 elementor-top-column elementor-element elementor-element-2d2d5f0\" data-id=\"2d2d5f0\" data-element_type=\"column\">\n\t\t\t<div class=\"elementor-widget-wrap elementor-element-populated\">\n\t\t\t\t\t\t<div class=\"elementor-element elementor-element-91aa59c elementor-widget elementor-widget-text-editor\" data-id=\"91aa59c\" data-element_type=\"widget\" data-widget_type=\"text-editor.default\">\n\t\t\t\t<div class=\"elementor-widget-container\">\n\t\t\t\t\t\t\tMuchas mujeres sue\u00f1an con tener unas nalgas m\u00e1s grandes y torneadas. Sin embargo, cuando se tienen los gl\u00fateos planos y fl\u00e1cidos, las cremas deportivas y de aumento de gl\u00fateos no son eficaces. Gracias a la cirug\u00eda est\u00e9tica y al <strong>lipofilling de gl\u00fateos en Marruecos<\/strong>, es posible obtener unos gl\u00fateos firmes y rellenos.\n\n\t\t\t\t\t\t<\/div>\n\t\t\t\t<\/div>\n\t\t\t\t<div class=\"elementor-element elementor-element-59ea1d0 center elementor-widget elementor-widget-html\" data-id=\"59ea1d0\" data-element_type=\"widget\" data-widget_type=\"html.default\">\n\t\t\t\t<div class=\"elementor-widget-container\">\n\t\t\t<div class=\"btn_devis btn_intern\"><a href=\"https:\/\/www.la-chirurgie-esthetique-maroc.com\/es\/cita\/\"><span>Presupuesto gratuito de lipofilling de gl\u00fateos precio barato<\/span><\/a><\/div>\t\t<\/div>\n\t\t\t\t<\/div>\n\t\t\t\t\t<\/div>\n\t\t<\/div>\n\t\t\t\t\t<\/div>\n\t\t<\/section>\n\t\t\t\t<section class=\"elementor-section elementor-top-section elementor-element elementor-element-f71cfde elementor-section-boxed elementor-section-height-default elementor-section-height-default\" data-id=\"f71cfde\" data-element_type=\"section\">\n\t\t\t\t\t\t<div class=\"elementor-container elementor-column-gap-default\">\n\t\t\t\t\t<div class=\"elementor-column elementor-col-66 elementor-top-column elementor-element elementor-element-0edfe5a\" data-id=\"0edfe5a\" data-element_type=\"column\">\n\t\t\t<div class=\"elementor-widget-wrap elementor-element-populated\">\n\t\t\t\t\t\t<div class=\"elementor-element elementor-element-1a046b2 elementor-widget elementor-widget-text-editor\" data-id=\"1a046b2\" data-element_type=\"widget\" data-widget_type=\"text-editor.default\">\n\t\t\t\t<div class=\"elementor-widget-container\">\n\t\t\t\t\t\t\t<h2>Presupuesto expr\u00e9s gratuito<\/h2>\n<style>\r\n.align_center {\r\n    display: block;\r\n    text-align: center;\r\n    padding: 30px 0px;\r\n}\r\n<\/style>\r\n\r\n<div>\r\n\t<h2 class=\"align_center\">Presupuesto r\u00e1pido gratuito<\/h2>\r\n<iframe src=\"https:\/\/app.metocrm.com\/web-forms\/e1cab5bd-ef56-4a37-aa71-4857d931f368\"  height=\"800px\" width=\"100%\"  frameborder=\"0\" style=\"border-radius: 10px;\"><\/iframe>\r\n\r\n<\/div>\t\t\t\t\t\t<\/div>\n\t\t\t\t<\/div>\n\t\t\t\t\t<\/div>\n\t\t<\/div>\n\t\t\t\t<div class=\"elementor-column elementor-col-33 elementor-top-column elementor-element elementor-element-9137fb3\" data-id=\"9137fb3\" data-element_type=\"column\">\n\t\t\t<div class=\"elementor-widget-wrap elementor-element-populated\">\n\t\t\t\t\t\t<div class=\"elementor-element elementor-element-940c763 elementor-widget elementor-widget-image\" data-id=\"940c763\" data-element_type=\"widget\" data-widget_type=\"image.default\">\n\t\t\t\t<div class=\"elementor-widget-container\">\n\t\t\t\t\t\t\t\t\t\t\t\t\t<img fetchpriority=\"high\" decoding=\"async\" width=\"508\" height=\"554\" src=\"https:\/\/www.la-chirurgie-esthetique-maroc.com\/wp-content\/uploads\/2022\/01\/la-chirurgie-esthetique-maroc_devis-1.webp\" class=\"attachment-large size-large wp-image-6422\" alt=\"\" srcset=\"https:\/\/www.la-chirurgie-esthetique-maroc.com\/wp-content\/uploads\/2022\/01\/la-chirurgie-esthetique-maroc_devis-1.webp 508w, https:\/\/www.la-chirurgie-esthetique-maroc.com\/wp-content\/uploads\/2022\/01\/la-chirurgie-esthetique-maroc_devis-1-275x300.webp 275w\" sizes=\"(max-width: 508px) 100vw, 508px\" \/>\t\t\t\t\t\t\t\t\t\t\t\t\t<\/div>\n\t\t\t\t<\/div>\n\t\t\t\t\t<\/div>\n\t\t<\/div>\n\t\t\t\t\t<\/div>\n\t\t<\/section>\n\t\t\t\t<section class=\"elementor-section elementor-top-section elementor-element elementor-element-6be20cd elementor-section-boxed elementor-section-height-default elementor-section-height-default\" data-id=\"6be20cd\" data-element_type=\"section\">\n\t\t\t\t\t\t<div class=\"elementor-container elementor-column-gap-default\">\n\t\t\t\t\t<div class=\"elementor-column elementor-col-100 elementor-top-column elementor-element elementor-element-0e6ba7e\" data-id=\"0e6ba7e\" data-element_type=\"column\">\n\t\t\t<div class=\"elementor-widget-wrap elementor-element-populated\">\n\t\t\t\t\t\t<div class=\"elementor-element elementor-element-45cd5bf elementor-widget elementor-widget-text-editor\" data-id=\"45cd5bf\" data-element_type=\"widget\" data-widget_type=\"text-editor.default\">\n\t\t\t\t<div class=\"elementor-widget-container\">\n\t\t\t\t\t\t\t<h2>\u00bfQu\u00e9 es el lipofilling de gl\u00fateos en Marruecos?<\/h2>\n<strong>El lipofilling de gl\u00fateos<\/strong> es un procedimiento de cirug\u00eda est\u00e9tica cuyo objetivo es remodelar los gl\u00fateos mediante la <strong>inyecci\u00f3n de grasa aut\u00f3loga<\/strong>. Combinando dos intervenciones quir\u00fargicas en la misma operaci\u00f3n, consiste en eliminar mediante liposucci\u00f3n los bultos grasos indeseables (caderas, espalda, vientre) antes de reinyectarlos en los gl\u00fateos.\n\nAs\u00ed, <strong>el lipofilling de gl\u00fateos<\/strong> mejora el contorno y el volumen de los gl\u00fateos, y ayuda a redibujar las curvas del cuerpo para obtener una figura de reloj de arena.\t\t\t\t\t\t<\/div>\n\t\t\t\t<\/div>\n\t\t\t\t\t<\/div>\n\t\t<\/div>\n\t\t\t\t\t<\/div>\n\t\t<\/section>\n\t\t\t\t<section class=\"elementor-section elementor-top-section elementor-element elementor-element-aa9674a elementor-section-boxed elementor-section-height-default elementor-section-height-default\" data-id=\"aa9674a\" data-element_type=\"section\">\n\t\t\t\t\t\t<div class=\"elementor-container elementor-column-gap-default\">\n\t\t\t\t\t<div class=\"elementor-column elementor-col-100 elementor-top-column elementor-element elementor-element-449eff1\" data-id=\"449eff1\" data-element_type=\"column\">\n\t\t\t<div class=\"elementor-widget-wrap\">\n\t\t\t\t\t\t\t<\/div>\n\t\t<\/div>\n\t\t\t\t\t<\/div>\n\t\t<\/section>\n\t\t\t\t<section class=\"elementor-section elementor-top-section elementor-element elementor-element-a2aee0c bg-color forme_1 elementor-section-boxed elementor-section-height-default elementor-section-height-default\" data-id=\"a2aee0c\" data-element_type=\"section\">\n\t\t\t\t\t\t<div class=\"elementor-container elementor-column-gap-default\">\n\t\t\t\t\t<div class=\"elementor-column elementor-col-100 elementor-top-column elementor-element elementor-element-3d86249\" data-id=\"3d86249\" data-element_type=\"column\">\n\t\t\t<div class=\"elementor-widget-wrap elementor-element-populated\">\n\t\t\t\t\t\t<div class=\"elementor-element elementor-element-d3f63d7 elementor-widget elementor-widget-text-editor\" data-id=\"d3f63d7\" data-element_type=\"widget\" data-widget_type=\"text-editor.default\">\n\t\t\t\t<div class=\"elementor-widget-container\">\n\t\t\t\t\t\t\t<h2>Precio del lipofilling en Marruecos<\/h2>\nEl coste de la <strong>lipoescultura de gl\u00fateos en Marruecos<\/strong> es muy ventajoso, a pesar de una calidad de atenci\u00f3n similar a los est\u00e1ndares europeos, as\u00ed como una cobertura total de la convalecencia y los cuidados postoperatorios. Sin embargo, el <strong>precio del lipofilling de gl\u00fateos en Marruecos<\/strong> puede variar dependiendo de ciertos factores como\n<ul class=\"liste-page\">\n \t<li>la duraci\u00f3n prevista de la operaci\u00f3n y de la estancia en el hospital<\/li>\n \t<li>el n\u00famero de zonas a tratar mediante liposucci\u00f3n<\/li>\n \t<li>la cantidad de grasa que debe extraerse y transferirse a los gl\u00fateos.<\/li>\n<\/ul>\nSolicite su presupuesto sin compromiso para conocer el precio del <strong>lipofilling de gl\u00fateos todo incluido en Marruecos<\/strong>.\t\t\t\t\t\t<\/div>\n\t\t\t\t<\/div>\n\t\t\t\t<div class=\"elementor-element elementor-element-efecb7e center elementor-widget elementor-widget-html\" data-id=\"efecb7e\" data-element_type=\"widget\" data-widget_type=\"html.default\">\n\t\t\t\t<div class=\"elementor-widget-container\">\n\t\t\t<div class=\"btn_devis\"><a href=\"https:\/\/www.la-chirurgie-esthetique-maroc.com\/es\/cita\/\"><span>Presupuesto gratuito lipofilling gl\u00fateos Marruecos precio barato<\/span><\/a><\/div>\t\t<\/div>\n\t\t\t\t<\/div>\n\t\t\t\t<div class=\"elementor-element elementor-element-bae5f31 elementor-widget elementor-widget-text-editor\" data-id=\"bae5f31\" data-element_type=\"widget\" data-widget_type=\"text-editor.default\">\n\t\t\t\t<div class=\"elementor-widget-container\">\n\t\t\t\t\t\t\t<h2>\u00bfC\u00f3mo se realiza la operaci\u00f3n de lipofilling de gl\u00fateos?<\/h2>\n<strong>El lipofilling de gl\u00fateos<\/strong> se realiza bajo anestesia general y dura entre 1h30 y 3h. Dependiendo de la cantidad de grasa extra\u00edda, esta cirug\u00eda de contorno corporal puede requerir unos d\u00edas de hospitalizaci\u00f3n. Se desarrolla del siguiente modo:\n<ul class=\"liste-page\">\n \t<li>El cirujano realiza una liposucci\u00f3n de las caderas y la parte inferior de la espalda, para que los gl\u00fateos sean m\u00e1s prominentes.<\/li>\n \t<li>Si es necesario, se extrae m\u00e1s grasa mediante liposucci\u00f3n de otras partes del cuerpo (est\u00f3mago, muslos, etc.).<\/li>\n \t<li>La grasa aspirada se purifica por decantaci\u00f3n y centrifugaci\u00f3n. El cirujano recupera as\u00ed las c\u00e9lulas adiposas aptas para el injerto, que corresponden aproximadamente al 25% del total de la grasa extra\u00edda.<\/li>\n \t<li>La grasa pura obtenida se inyecta en los gl\u00fateos mediante c\u00e1nulas, all\u00ed donde el paciente desea ganar volumen. Este proceso requiere decenas de inyecciones, a diferentes profundidades, para optimizar el resultado est\u00e9tico y garantizar la supervivencia de los adipocitos trasplantados.<\/li>\n \t<li>El profesional cierra las incisiones y aplica un ap\u00f3sito en las zonas tratadas.<\/li>\n<\/ul>\n\t\t\t\t\t\t<\/div>\n\t\t\t\t<\/div>\n\t\t\t\t\t<\/div>\n\t\t<\/div>\n\t\t\t\t\t<\/div>\n\t\t<\/section>\n\t\t\t\t<section class=\"elementor-section elementor-top-section elementor-element elementor-element-7416f10 elementor-section-boxed elementor-section-height-default elementor-section-height-default\" data-id=\"7416f10\" data-element_type=\"section\">\n\t\t\t\t\t\t<div class=\"elementor-container elementor-column-gap-default\">\n\t\t\t\t\t<div class=\"elementor-column elementor-col-100 elementor-top-column elementor-element elementor-element-400e8285\" data-id=\"400e8285\" data-element_type=\"column\">\n\t\t\t<div class=\"elementor-widget-wrap elementor-element-populated\">\n\t\t\t\t\t\t<div class=\"elementor-element elementor-element-3abff331 elementor-widget elementor-widget-text-editor\" data-id=\"3abff331\" data-element_type=\"widget\" data-widget_type=\"text-editor.default\">\n\t\t\t\t<div class=\"elementor-widget-container\">\n\t\t\t\t\t\t\t<h2>Seguimiento postoperatorio del aumento de gl\u00fateos mediante inyecci\u00f3n de grasa<\/h2><p>Despu\u00e9s del lifting brasile\u00f1o de gl\u00fateos :<\/p><ul class=\"liste-page\"><li>Las zonas de extracci\u00f3n de grasa est\u00e1n hinchadas y amoratadas durante varias semanas.<\/li><li>El dolor var\u00eda en funci\u00f3n del volumen de grasa aspirado y reinyectado, pero los analg\u00e9sicos prescritos bastan para calmarlo.<\/li><li>Se pide al paciente que camine unos minutos para prevenir el riesgo de flebitis durante las primeras 48 horas.<\/li><li>Debe tomarse entre 10 y 15 d\u00edas de baja.<\/li><\/ul><h2>Instrucciones y recomendaciones postoperatorias tras una lipoescultura de gl\u00fateos<\/h2><p>Para una recuperaci\u00f3n r\u00e1pida y sin complicaciones tras el <strong>lipofilling de gl\u00fateos en Marruecos<\/strong>, el cirujano recomendar\u00e1 :<\/p><ul class=\"liste-page\"><li>Mantenerse bien hidratado durante las 2 primeras semanas de recuperaci\u00f3n<\/li><li>Descansar tranquilamente y evitar esfuerzos f\u00edsicos durante los primeros d\u00edas.<\/li><li>Evitar el alcohol y el tabaco para favorecer una buena cicatrizaci\u00f3n<\/li><li>No se siente directamente sobre las nalgas durante 2-4 semanas<\/li><li>Opte por colocar una almohadilla m\u00e9dica debajo de los muslos para evitar la presi\u00f3n sobre las nalgas al sentarse.<\/li><li>Durante la recuperaci\u00f3n, deben realizarse sesiones regulares de drenaje linf\u00e1tico para reducir la hinchaz\u00f3n y los hematomas, especialmente en las zonas aspiradas.<\/li><li>Llevar una braga de sujeci\u00f3n adecuada durante 6 semanas para mejorar la redistribuci\u00f3n de la piel y la reabsorci\u00f3n del edema.<\/li><li>Evitar la exposici\u00f3n al sol o las actividades deportivas extenuantes durante al menos 3 meses.<\/li><\/ul><h2>Resultados del lifting brasile\u00f1o de gl\u00fateos en Marruecos<\/h2><p>El resultado final del <strong>lipofilling de gl\u00fateos<\/strong> puede apreciarse entre 3 y 6 meses despu\u00e9s de la intervenci\u00f3n. Sin embargo, cualquier aumento o p\u00e9rdida de peso puede afectar al volumen de los gl\u00fateos. Por lo tanto, el paciente debe seguir un estilo de vida saludable para mantener el resultado de la <strong>lipoescultura de gl\u00fateos<\/strong>.<\/p><p>En caso de resultados insatisfactorios (asimetr\u00eda, poca ganancia de volumen en los gl\u00fateos&#8230;) es posible recurrir de nuevo al <strong>lipofilling de gl\u00fateos<\/strong>. Sin embargo, es necesario esperar de 6 a 12 meses tras la operaci\u00f3n inicial.<\/p>\t\t\t\t\t\t<\/div>\n\t\t\t\t<\/div>\n\t\t\t\t\t<\/div>\n\t\t<\/div>\n\t\t\t\t\t<\/div>\n\t\t<\/section>\n\t\t\t\t<section class=\"elementor-section elementor-top-section elementor-element elementor-element-2488f7a center elementor-section-boxed elementor-section-height-default elementor-section-height-default\" data-id=\"2488f7a\" data-element_type=\"section\">\n\t\t\t\t\t\t<div class=\"elementor-container elementor-column-gap-default\">\n\t\t\t\t\t<div class=\"elementor-column elementor-col-100 elementor-top-column elementor-element elementor-element-e85190f\" data-id=\"e85190f\" data-element_type=\"column\">\n\t\t\t<div class=\"elementor-widget-wrap elementor-element-populated\">\n\t\t\t\t\t\t<div class=\"elementor-element elementor-element-37f40bf elementor-widget elementor-widget-html\" data-id=\"37f40bf\" data-element_type=\"widget\" data-widget_type=\"html.default\">\n\t\t\t\t<div class=\"elementor-widget-container\">\n\t\t\t<div class=\"btn_devis btn_intern\"><a href=\"https:\/\/www.la-chirurgie-esthetique-maroc.com\/es\/cita\/\"><span>Presupuesto gratuito<\/span><\/a><\/div>\t\t<\/div>\n\t\t\t\t<\/div>\n\t\t\t\t\t<\/div>\n\t\t<\/div>\n\t\t\t\t\t<\/div>\n\t\t<\/section>\n\t\t\t\t<\/div>\n\t\t","protected":false},"excerpt":{"rendered":"<p>Muchas mujeres sue\u00f1an con tener unas nalgas m\u00e1s grandes y torneadas. Sin embargo, cuando se tienen los gl\u00fateos planos y fl\u00e1cidos, las cremas deportivas y de aumento de gl\u00fateos no son eficaces. Gracias a la cirug\u00eda est\u00e9tica y al lipofilling de gl\u00fateos en Marruecos, es posible obtener unos gl\u00fateos firmes y rellenos. Presupuesto gratuito de [&hellip;]<\/p>\n","protected":false},"author":2,"featured_media":6433,"parent":0,"menu_order":0,"comment_status":"closed","ping_status":"closed","template":"","meta":{"footnotes":""},"class_list":["post-6732","page","type-page","status-publish","has-post-thumbnail","hentry"],"yoast_head":"<!-- This site is optimized with the Yoast SEO plugin v27.6 - https:\/\/yoast.com\/product\/yoast-seo-wordpress\/ -->\n<title>Lipoescultura de gl\u00fateos Marruecos: precios baratos lipoescultura de gl\u00fateos<\/title>\n<meta name=\"description\" content=\"Lipofilling de gl\u00fateos Marruecos: el lipofilling de gl\u00fateos es la cirug\u00eda de aumento de gl\u00fateos mediante inyecci\u00f3n de grasa a bajo precio.\" \/>\n<meta name=\"robots\" content=\"index, follow, max-snippet:-1, max-image-preview:large, max-video-preview:-1\" \/>\n<link rel=\"canonical\" href=\"https:\/\/www.la-chirurgie-esthetique-maroc.com\/es\/lipoescultura-de-gluteos\/\" \/>\n<meta property=\"og:locale\" content=\"es_ES\" \/>\n<meta property=\"og:type\" content=\"article\" \/>\n<meta property=\"og:title\" content=\"Lipoescultura de gl\u00fateos Marruecos: precios baratos lipoescultura de gl\u00fateos\" \/>\n<meta property=\"og:description\" content=\"Lipofilling de gl\u00fateos Marruecos: el lipofilling de gl\u00fateos es la cirug\u00eda de aumento de gl\u00fateos mediante inyecci\u00f3n de grasa a bajo precio.\" \/>\n<meta property=\"og:url\" content=\"https:\/\/www.la-chirurgie-esthetique-maroc.com\/es\/lipoescultura-de-gluteos\/\" \/>\n<meta property=\"og:site_name\" content=\"Chirurgie esthetique Maroc\" \/>\n<meta property=\"article:modified_time\" content=\"2024-02-22T12:39:31+00:00\" \/>\n<meta property=\"og:image\" content=\"https:\/\/www.la-chirurgie-esthetique-maroc.com\/wp-content\/uploads\/2022\/01\/header_silhouette.webp\" \/>\n\t<meta property=\"og:image:width\" content=\"552\" \/>\n\t<meta property=\"og:image:height\" content=\"612\" \/>\n\t<meta property=\"og:image:type\" content=\"image\/webp\" \/>\n<meta name=\"twitter:card\" content=\"summary_large_image\" \/>\n<meta name=\"twitter:label1\" content=\"Tiempo de lectura\" \/>\n\t<meta name=\"twitter:data1\" content=\"4 minutos\" \/>\n<!-- \/ Yoast SEO plugin. -->","yoast_head_json":{"title":"Lipoescultura de gl\u00fateos Marruecos: precios baratos lipoescultura de gl\u00fateos","description":"Lipofilling de gl\u00fateos Marruecos: el lipofilling de gl\u00fateos es la cirug\u00eda de aumento de gl\u00fateos mediante inyecci\u00f3n de grasa a bajo precio.","robots":{"index":"index","follow":"follow","max-snippet":"max-snippet:-1","max-image-preview":"max-image-preview:large","max-video-preview":"max-video-preview:-1"},"canonical":"https:\/\/www.la-chirurgie-esthetique-maroc.com\/es\/lipoescultura-de-gluteos\/","og_locale":"es_ES","og_type":"article","og_title":"Lipoescultura de gl\u00fateos Marruecos: precios baratos lipoescultura de gl\u00fateos","og_description":"Lipofilling de gl\u00fateos Marruecos: el lipofilling de gl\u00fateos es la cirug\u00eda de aumento de gl\u00fateos mediante inyecci\u00f3n de grasa a bajo precio.","og_url":"https:\/\/www.la-chirurgie-esthetique-maroc.com\/es\/lipoescultura-de-gluteos\/","og_site_name":"Chirurgie esthetique Maroc","article_modified_time":"2024-02-22T12:39:31+00:00","og_image":[{"width":552,"height":612,"url":"https:\/\/www.la-chirurgie-esthetique-maroc.com\/wp-content\/uploads\/2022\/01\/header_silhouette.webp","type":"image\/webp"}],"twitter_card":"summary_large_image","twitter_misc":{"Tiempo de lectura":"4 minutos"},"schema":{"@context":"https:\/\/schema.org","@graph":[{"@type":"WebPage","@id":"https:\/\/www.la-chirurgie-esthetique-maroc.com\/es\/lipoescultura-de-gluteos\/","url":"https:\/\/www.la-chirurgie-esthetique-maroc.com\/es\/lipoescultura-de-gluteos\/","name":"Lipoescultura de gl\u00fateos Marruecos: precios baratos lipoescultura de gl\u00fateos","isPartOf":{"@id":"https:\/\/www.la-chirurgie-esthetique-maroc.com\/es\/#website"},"primaryImageOfPage":{"@id":"https:\/\/www.la-chirurgie-esthetique-maroc.com\/es\/lipoescultura-de-gluteos\/#primaryimage"},"image":{"@id":"https:\/\/www.la-chirurgie-esthetique-maroc.com\/es\/lipoescultura-de-gluteos\/#primaryimage"},"thumbnailUrl":"https:\/\/www.la-chirurgie-esthetique-maroc.com\/wp-content\/uploads\/2022\/01\/header_silhouette.webp","datePublished":"2021-04-21T13:19:02+00:00","dateModified":"2024-02-22T12:39:31+00:00","description":"Lipofilling de gl\u00fateos Marruecos: el lipofilling de gl\u00fateos es la cirug\u00eda de aumento de gl\u00fateos mediante inyecci\u00f3n de grasa a bajo precio.","breadcrumb":{"@id":"https:\/\/www.la-chirurgie-esthetique-maroc.com\/es\/lipoescultura-de-gluteos\/#breadcrumb"},"inLanguage":"es","potentialAction":[{"@type":"ReadAction","target":["https:\/\/www.la-chirurgie-esthetique-maroc.com\/es\/lipoescultura-de-gluteos\/"]}]},{"@type":"ImageObject","inLanguage":"es","@id":"https:\/\/www.la-chirurgie-esthetique-maroc.com\/es\/lipoescultura-de-gluteos\/#primaryimage","url":"https:\/\/www.la-chirurgie-esthetique-maroc.com\/wp-content\/uploads\/2022\/01\/header_silhouette.webp","contentUrl":"https:\/\/www.la-chirurgie-esthetique-maroc.com\/wp-content\/uploads\/2022\/01\/header_silhouette.webp","width":552,"height":612},{"@type":"BreadcrumbList","@id":"https:\/\/www.la-chirurgie-esthetique-maroc.com\/es\/lipoescultura-de-gluteos\/#breadcrumb","itemListElement":[{"@type":"ListItem","position":1,"name":"Accueil","item":"https:\/\/www.la-chirurgie-esthetique-maroc.com\/es\/"},{"@type":"ListItem","position":2,"name":"Lipoescultura de gl\u00fateos Marruecos: lipoescultura de gl\u00fateos low cost"}]},{"@type":"WebSite","@id":"https:\/\/www.la-chirurgie-esthetique-maroc.com\/es\/#website","url":"https:\/\/www.la-chirurgie-esthetique-maroc.com\/es\/","name":"Chirurgie esthetique Maroc","description":"","publisher":{"@id":"https:\/\/www.la-chirurgie-esthetique-maroc.com\/es\/#organization"},"potentialAction":[{"@type":"SearchAction","target":{"@type":"EntryPoint","urlTemplate":"https:\/\/www.la-chirurgie-esthetique-maroc.com\/es\/?s={search_term_string}"},"query-input":{"@type":"PropertyValueSpecification","valueRequired":true,"valueName":"search_term_string"}}],"inLanguage":"es"},{"@type":"Organization","@id":"https:\/\/www.la-chirurgie-esthetique-maroc.com\/es\/#organization","name":"Chirurgie esthetique Maroc","url":"https:\/\/www.la-chirurgie-esthetique-maroc.com\/es\/","logo":{"@type":"ImageObject","inLanguage":"es","@id":"https:\/\/www.la-chirurgie-esthetique-maroc.com\/es\/#\/schema\/logo\/image\/","url":"https:\/\/www.la-chirurgie-esthetique-maroc.com\/wp-content\/uploads\/2022\/01\/cem3.png","contentUrl":"https:\/\/www.la-chirurgie-esthetique-maroc.com\/wp-content\/uploads\/2022\/01\/cem3.png","width":125,"height":41,"caption":"Chirurgie esthetique Maroc"},"image":{"@id":"https:\/\/www.la-chirurgie-esthetique-maroc.com\/es\/#\/schema\/logo\/image\/"}}]}},"_links":{"self":[{"href":"https:\/\/www.la-chirurgie-esthetique-maroc.com\/es\/wp-json\/wp\/v2\/pages\/6732","targetHints":{"allow":["GET"]}}],"collection":[{"href":"https:\/\/www.la-chirurgie-esthetique-maroc.com\/es\/wp-json\/wp\/v2\/pages"}],"about":[{"href":"https:\/\/www.la-chirurgie-esthetique-maroc.com\/es\/wp-json\/wp\/v2\/types\/page"}],"author":[{"embeddable":true,"href":"https:\/\/www.la-chirurgie-esthetique-maroc.com\/es\/wp-json\/wp\/v2\/users\/2"}],"replies":[{"embeddable":true,"href":"https:\/\/www.la-chirurgie-esthetique-maroc.com\/es\/wp-json\/wp\/v2\/comments?post=6732"}],"version-history":[{"count":10,"href":"https:\/\/www.la-chirurgie-esthetique-maroc.com\/es\/wp-json\/wp\/v2\/pages\/6732\/revisions"}],"predecessor-version":[{"id":8443,"href":"https:\/\/www.la-chirurgie-esthetique-maroc.com\/es\/wp-json\/wp\/v2\/pages\/6732\/revisions\/8443"}],"wp:featuredmedia":[{"embeddable":true,"href":"https:\/\/www.la-chirurgie-esthetique-maroc.com\/es\/wp-json\/wp\/v2\/media\/6433"}],"wp:attachment":[{"href":"https:\/\/www.la-chirurgie-esthetique-maroc.com\/es\/wp-json\/wp\/v2\/media?parent=6732"}],"curies":[{"name":"wp","href":"https:\/\/api.w.org\/{rel}","templated":true}]}}