{"id":6738,"date":"2018-01-25T11:30:31","date_gmt":"2018-01-25T10:30:31","guid":{"rendered":"https:\/\/www.la-chirurgie-esthetique-maroc.com\/protesis-de-cadera-marruecos\/"},"modified":"2023-05-29T12:13:20","modified_gmt":"2023-05-29T10:13:20","slug":"protesis-de-cadera","status":"publish","type":"page","link":"https:\/\/www.la-chirurgie-esthetique-maroc.com\/es\/protesis-de-cadera\/","title":{"rendered":"Pr\u00f3tesis de cadera Marruecos"},"content":{"rendered":"\t\t<div data-elementor-type=\"wp-page\" data-elementor-id=\"6738\" class=\"elementor elementor-6738 elementor-1408\">\n\t\t\t\t\t\t<section class=\"elementor-section elementor-top-section elementor-element elementor-element-b3fc156 elementor-section-boxed elementor-section-height-default elementor-section-height-default\" data-id=\"b3fc156\" data-element_type=\"section\">\n\t\t\t\t\t\t<div class=\"elementor-container elementor-column-gap-default\">\n\t\t\t\t\t<div class=\"elementor-column elementor-col-33 elementor-top-column elementor-element elementor-element-20c5142 align_content_center\" data-id=\"20c5142\" data-element_type=\"column\">\n\t\t\t<div class=\"elementor-widget-wrap elementor-element-populated\">\n\t\t\t\t\t\t<div class=\"elementor-element elementor-element-714ea3e elementor-widget elementor-widget-text-editor\" data-id=\"714ea3e\" data-element_type=\"widget\" data-widget_type=\"text-editor.default\">\n\t\t\t\t<div class=\"elementor-widget-container\">\n\t\t\t\t\t\t\t<p><img decoding=\"async\" class=\"aligncenter wp-image-1414 size-medium\" src=\"https:\/\/www.la-chirurgie-esthetique-maroc.com\/wp-content\/uploads\/2018\/01\/prothese-hanche-en-tunisie-300x159.jpg\" alt=\"Pr\u00f3tesis de cadera en Marruecos\" width=\"300\" height=\"159\"><\/p>\n\t\t\t\t\t\t<\/div>\n\t\t\t\t<\/div>\n\t\t\t\t\t<\/div>\n\t\t<\/div>\n\t\t\t\t<div class=\"elementor-column elementor-col-66 elementor-top-column elementor-element elementor-element-fc1b28d\" data-id=\"fc1b28d\" data-element_type=\"column\">\n\t\t\t<div class=\"elementor-widget-wrap elementor-element-populated\">\n\t\t\t\t\t\t<div class=\"elementor-element elementor-element-e3b7ee1 elementor-widget elementor-widget-text-editor\" data-id=\"e3b7ee1\" data-element_type=\"widget\" data-widget_type=\"text-editor.default\">\n\t\t\t\t<div class=\"elementor-widget-container\">\n\t\t\t\t\t\t\tLa <strong>operaci\u00f3n de pr\u00f3tesis de cadera en Marruecos<\/strong> consiste en sustituir la articulaci\u00f3n de la cadera por una pr\u00f3tesis que permita su funcionamiento normal. El resultado suele ser la desaparici\u00f3n del dolor, la recuperaci\u00f3n de la movilidad de la cadera y la recuperaci\u00f3n de la fuerza muscular.\n\nLa <strong>artroplastia de cadera<\/strong> es una de las operaciones ortop\u00e9dicas m\u00e1s frecuentes en todo el mundo. La coxartrosis primaria y secundaria, las fracturas del cuello femoral y la osteonecrosis de la cabeza femoral son las principales causas de deterioro de la articulaci\u00f3n de la cadera.\n<h2>Precio de una pr\u00f3tesis total de cadera Marruecos<\/h2>\nEl <strong>precio de una pr\u00f3tesis de cadera en Marruecos<\/strong> incluye la elecci\u00f3n del tipo de pr\u00f3tesis y los procedimientos operativos. Solicite presupuesto del precio de esta intervenci\u00f3n quir\u00fargica en euros o dinares.\t\t\t\t\t\t<\/div>\n\t\t\t\t<\/div>\n\t\t\t\t\t<\/div>\n\t\t<\/div>\n\t\t\t\t\t<\/div>\n\t\t<\/section>\n\t\t\t\t<section class=\"elementor-section elementor-top-section elementor-element elementor-element-5001143 elementor-section-boxed elementor-section-height-default elementor-section-height-default\" data-id=\"5001143\" data-element_type=\"section\">\n\t\t\t\t\t\t<div class=\"elementor-container elementor-column-gap-default\">\n\t\t\t\t\t<div class=\"elementor-column elementor-col-66 elementor-top-column elementor-element elementor-element-5efeb08\" data-id=\"5efeb08\" data-element_type=\"column\">\n\t\t\t<div class=\"elementor-widget-wrap elementor-element-populated\">\n\t\t\t\t\t\t<div class=\"elementor-element elementor-element-c50d999 elementor-widget elementor-widget-text-editor\" data-id=\"c50d999\" data-element_type=\"widget\" data-widget_type=\"text-editor.default\">\n\t\t\t\t<div class=\"elementor-widget-container\">\n\t\t\t\t\t\t\t<h2>Presupuesto expr\u00e9s gratuito<\/h2>\n<style>\r\n.align_center {\r\n    display: block;\r\n    text-align: center;\r\n    padding: 30px 0px;\r\n}\r\n<\/style>\r\n\r\n<div>\r\n\t<h2 class=\"align_center\">Presupuesto r\u00e1pido gratuito<\/h2>\r\n<iframe src=\"https:\/\/app.metocrm.com\/web-forms\/e1cab5bd-ef56-4a37-aa71-4857d931f368\"  height=\"800px\" width=\"100%\"  frameborder=\"0\" style=\"border-radius: 10px;\"><\/iframe>\r\n\r\n<\/div>\t\t\t\t\t\t<\/div>\n\t\t\t\t<\/div>\n\t\t\t\t\t<\/div>\n\t\t<\/div>\n\t\t\t\t<div class=\"elementor-column elementor-col-33 elementor-top-column elementor-element elementor-element-f14bd2d\" data-id=\"f14bd2d\" data-element_type=\"column\">\n\t\t\t<div class=\"elementor-widget-wrap elementor-element-populated\">\n\t\t\t\t\t\t<div class=\"elementor-element elementor-element-2c72b03 elementor-widget elementor-widget-image\" data-id=\"2c72b03\" data-element_type=\"widget\" data-widget_type=\"image.default\">\n\t\t\t\t<div class=\"elementor-widget-container\">\n\t\t\t\t\t\t\t\t\t\t\t\t\t<img fetchpriority=\"high\" decoding=\"async\" width=\"508\" height=\"554\" src=\"https:\/\/www.la-chirurgie-esthetique-maroc.com\/wp-content\/uploads\/2022\/01\/la-chirurgie-esthetique-maroc_devis-1.webp\" class=\"attachment-large size-large wp-image-6422\" alt=\"\" srcset=\"https:\/\/www.la-chirurgie-esthetique-maroc.com\/wp-content\/uploads\/2022\/01\/la-chirurgie-esthetique-maroc_devis-1.webp 508w, https:\/\/www.la-chirurgie-esthetique-maroc.com\/wp-content\/uploads\/2022\/01\/la-chirurgie-esthetique-maroc_devis-1-275x300.webp 275w\" sizes=\"(max-width: 508px) 100vw, 508px\" \/>\t\t\t\t\t\t\t\t\t\t\t\t\t<\/div>\n\t\t\t\t<\/div>\n\t\t\t\t\t<\/div>\n\t\t<\/div>\n\t\t\t\t\t<\/div>\n\t\t<\/section>\n\t\t\t\t<section class=\"elementor-section elementor-top-section elementor-element elementor-element-b850d10 bg-color forme_1 elementor-section-boxed elementor-section-height-default elementor-section-height-default\" data-id=\"b850d10\" data-element_type=\"section\">\n\t\t\t\t\t\t<div class=\"elementor-container elementor-column-gap-default\">\n\t\t\t\t\t<div class=\"elementor-column elementor-col-100 elementor-top-column elementor-element elementor-element-652039c\" data-id=\"652039c\" data-element_type=\"column\">\n\t\t\t<div class=\"elementor-widget-wrap elementor-element-populated\">\n\t\t\t\t\t\t<div class=\"elementor-element elementor-element-3aaa360 elementor-widget elementor-widget-text-editor\" data-id=\"3aaa360\" data-element_type=\"widget\" data-widget_type=\"text-editor.default\">\n\t\t\t\t<div class=\"elementor-widget-container\">\n\t\t\t\t\t\t\t<h2>Procedimiento para una pr\u00f3tesis articular<\/h2>\n<h3>Antes de la operaci\u00f3n :<\/h3>\n<ul class=\"liste-page\">\n \t<li>Debe realizarse una radiograf\u00eda frontal de la pelvis.<\/li>\n \t<li>Un hemograma (CBC).<\/li>\n \t<li>Un chequeo hep\u00e1tico y renal.<\/li>\n \t<li>Muy a menudo se recomienda al paciente una consulta dental y un an\u00e1lisis de orina antes de la operaci\u00f3n. Cualquier infecci\u00f3n urinaria, cut\u00e1nea o dental puede infectar la <strong>pr\u00f3tesis de cadera<\/strong>.<\/li>\n \t<li>Puede ser necesaria una visita cardiol\u00f3gica.<\/li>\n<\/ul>\n<h3>Durante la operaci\u00f3n :<\/h3>\nLa colocaci\u00f3n de una <strong>pr\u00f3tesis de cadera marroqu\u00ed<\/strong> dura por t\u00e9rmino medio entre 1 y 2 horas y requiere anestesia general o epidural. Todo depende de su estado y del tipo de operaci\u00f3n necesaria para adaptar su pr\u00f3tesis.\n\nLa posici\u00f3n del paciente var\u00eda en funci\u00f3n de la t\u00e9cnica elegida (boca arriba o de lado) y puede ser necesaria una transfusi\u00f3n.\n\nPara acceder a la articulaci\u00f3n de la cadera, que est\u00e1 rodeada por varios m\u00fasculos fuertes, el cirujano puede tomar dos rutas:\n<ul class=\"liste-page\">\n \t<li>Incisi\u00f3n cut\u00e1nea cl\u00e1sica: mide entre 20 y 25 cm. Puede ser anterior (parte superior y anterior del muslo) o posterior (parte posterior y externa de la nalga).<\/li>\n \t<li>Mini incisi\u00f3n<strong>: <\/strong>mide entre 8 y 10 cm y no se realiza ninguna secci\u00f3n muscular. Con esta t\u00e9cnica, la recuperaci\u00f3n de la marcha es m\u00e1s r\u00e1pida.<\/li>\n<\/ul>\nTras la incisi\u00f3n, se expone la articulaci\u00f3n y el cirujano retira una o las dos superficies articulares con cart\u00edlago desgastado: la cabeza (y el cuello) del f\u00e9mur y el acet\u00e1bulo, y las sustituye por los implantes prot\u00e9sicos de prueba. Una vez probada la cadera con los implantes de prueba, el cirujano coloca los implantes definitivos.\n\nLa <strong>pr\u00f3tesis de cadera<\/strong> consta de varias partes. Algunas est\u00e1n unidas al hueso del f\u00e9mur y la pelvis, otras est\u00e1n unidas entre s\u00ed.\n\nAl final de la operaci\u00f3n, el cirujano coloca un drenaje para evacuar la hemorragia postoperatoria residual y, a continuaci\u00f3n, cierra la herida quir\u00fargica con suturas o grapas.\t\t\t\t\t\t<\/div>\n\t\t\t\t<\/div>\n\t\t\t\t\t<\/div>\n\t\t<\/div>\n\t\t\t\t\t<\/div>\n\t\t<\/section>\n\t\t\t\t<section class=\"elementor-section elementor-top-section elementor-element elementor-element-65abbbf elementor-section-boxed elementor-section-height-default elementor-section-height-default\" data-id=\"65abbbf\" data-element_type=\"section\">\n\t\t\t\t\t\t<div class=\"elementor-container elementor-column-gap-default\">\n\t\t\t\t\t<div class=\"elementor-column elementor-col-66 elementor-top-column elementor-element elementor-element-dd1fc90\" data-id=\"dd1fc90\" data-element_type=\"column\">\n\t\t\t<div class=\"elementor-widget-wrap elementor-element-populated\">\n\t\t\t\t\t\t<div class=\"elementor-element elementor-element-db703ff elementor-widget elementor-widget-text-editor\" data-id=\"db703ff\" data-element_type=\"widget\" data-widget_type=\"text-editor.default\">\n\t\t\t\t<div class=\"elementor-widget-container\">\n\t\t\t\t\t\t\t\n<h2>Postoperatorio<\/h2>\n<ul class=\"liste-page\">\n \t<li>La hospitalizaci\u00f3n suele durar 10 d\u00edas. Se acorta con cirug\u00eda de mini-incisi\u00f3n.<\/li>\n \t<li>La vuelta a la marcha debe ser gradual.<\/li>\n \t<li>Normalmente se necesita una silla para desplazarse el primer d\u00eda.<\/li>\n \t<li>En los d\u00edas siguientes, el paciente vuelve a caminar, a menudo acompa\u00f1ado de muletas.<\/li>\n \t<li>Los drenajes se retiran unos d\u00edas despu\u00e9s de la operaci\u00f3n.<\/li>\n \t<li>Es necesario dormir con una almohada entre las piernas y elevar la cama durante los primeros d\u00edas.<\/li>\n \t<li>Es imprescindible sentarse sin cruzar las piernas.<\/li>\n \t<li>Se permitir\u00e1 conducir a partir de la 6\u00aa semana.<\/li>\n \t<li>Puede volver al trabajo entre 2 y 3 meses despu\u00e9s de la operaci\u00f3n. Se realiza al cabo de 1 mes de una operaci\u00f3n por miniincisi\u00f3n.<\/li>\n \t<li>Es necesario un seguimiento m\u00e9dico regular.<\/li>\n<\/ul>\t\t\t\t\t\t<\/div>\n\t\t\t\t<\/div>\n\t\t\t\t\t<\/div>\n\t\t<\/div>\n\t\t\t\t<div class=\"elementor-column elementor-col-33 elementor-top-column elementor-element elementor-element-bce2760 align_content_center\" data-id=\"bce2760\" data-element_type=\"column\">\n\t\t\t<div class=\"elementor-widget-wrap elementor-element-populated\">\n\t\t\t\t\t\t<div class=\"elementor-element elementor-element-08ae3fa elementor-widget elementor-widget-text-editor\" data-id=\"08ae3fa\" data-element_type=\"widget\" data-widget_type=\"text-editor.default\">\n\t\t\t\t<div class=\"elementor-widget-container\">\n\t\t\t\t\t\t\t<p><img decoding=\"async\" class=\"alignright wp-image-1413 size-full\" src=\"https:\/\/www.la-chirurgie-esthetique-maroc.com\/wp-content\/uploads\/2018\/01\/Prothese-hanche-Tunisie.jpg\" alt=\"Pr\u00f3tesis de cadera Marruecos\" width=\"170\" height=\"238\"><\/p>\n\t\t\t\t\t\t<\/div>\n\t\t\t\t<\/div>\n\t\t\t\t\t<\/div>\n\t\t<\/div>\n\t\t\t\t\t<\/div>\n\t\t<\/section>\n\t\t\t\t<section class=\"elementor-section elementor-top-section elementor-element elementor-element-20afb763 elementor-section-boxed elementor-section-height-default elementor-section-height-default\" data-id=\"20afb763\" data-element_type=\"section\">\n\t\t\t\t\t\t<div class=\"elementor-container elementor-column-gap-default\">\n\t\t\t\t\t<div class=\"elementor-column elementor-col-100 elementor-top-column elementor-element elementor-element-356ef555\" data-id=\"356ef555\" data-element_type=\"column\">\n\t\t\t<div class=\"elementor-widget-wrap elementor-element-populated\">\n\t\t\t\t\t\t<div class=\"elementor-element elementor-element-6007d185 elementor-widget elementor-widget-text-editor\" data-id=\"6007d185\" data-element_type=\"widget\" data-widget_type=\"text-editor.default\">\n\t\t\t\t<div class=\"elementor-widget-container\">\n\t\t\t\t\t\t\t\n<h2>Resultado de una pr\u00f3tesis total de cadera<\/h2>\nLos principales beneficios son una mejora significativa de la movilidad, la recuperaci\u00f3n de la fuerza muscular y la desaparici\u00f3n del dolor. Algunos pacientes ya pueden caminar sin cojear un mes despu\u00e9s de la intervenci\u00f3n.\n\nEs posible que reaparezca algo de dolor despu\u00e9s de unos 15 a\u00f1os tras el aflojamiento de la pr\u00f3tesis. La pr\u00f3tesis tiene una vida media de unos 20 a\u00f1os, por lo que es preferible no practicar deportes violentos ni otras actividades de fuerza para no acelerar el desgaste de la pr\u00f3tesis.\n<h2>Posibles complicaciones tras una operaci\u00f3n de pr\u00f3tesis de cadera Marruecos<\/h2>\n<ul class=\"liste-page\">\n \t<li>Trombosis o embolia<\/li>\n \t<li>Luxaci\u00f3n en la que la cabeza de la pr\u00f3tesis se sale de su encaje.<\/li>\n \t<li>Infecci\u00f3n de transmisi\u00f3n sangu\u00ednea: es necesario mantener un estilo de vida correcto para evitar cualquier riesgo de infecci\u00f3n.<\/li>\n \t<li>Aflojamiento de la pr\u00f3tesis<\/li>\n \t<li>Diferencia de longitud entre los miembros inferiores<\/li>\n<\/ul>\t\t\t\t\t\t<\/div>\n\t\t\t\t<\/div>\n\t\t\t\t\t<\/div>\n\t\t<\/div>\n\t\t\t\t\t<\/div>\n\t\t<\/section>\n\t\t\t\t<section class=\"elementor-section elementor-top-section elementor-element elementor-element-9d8d1bd center elementor-section-boxed elementor-section-height-default elementor-section-height-default\" data-id=\"9d8d1bd\" data-element_type=\"section\">\n\t\t\t\t\t\t<div class=\"elementor-container elementor-column-gap-default\">\n\t\t\t\t\t<div class=\"elementor-column elementor-col-100 elementor-top-column elementor-element elementor-element-49d466b\" data-id=\"49d466b\" data-element_type=\"column\">\n\t\t\t<div class=\"elementor-widget-wrap elementor-element-populated\">\n\t\t\t\t\t\t<div class=\"elementor-element elementor-element-21c687e elementor-widget elementor-widget-html\" data-id=\"21c687e\" data-element_type=\"widget\" data-widget_type=\"html.default\">\n\t\t\t\t<div class=\"elementor-widget-container\">\n\t\t\t<div class=\"btn_devis btn_intern\"><a href=\"https:\/\/www.la-chirurgie-esthetique-maroc.com\/es\/cita\/\"><span>Presupuesto gratuito<\/span><\/a><\/div>\t\t<\/div>\n\t\t\t\t<\/div>\n\t\t\t\t\t<\/div>\n\t\t<\/div>\n\t\t\t\t\t<\/div>\n\t\t<\/section>\n\t\t\t\t<\/div>\n\t\t","protected":false},"excerpt":{"rendered":"<p>La operaci\u00f3n de pr\u00f3tesis de cadera en Marruecos consiste en sustituir la articulaci\u00f3n de la cadera por una pr\u00f3tesis que permita su funcionamiento normal. El resultado suele ser la desaparici\u00f3n del dolor, la recuperaci\u00f3n de la movilidad de la cadera y la recuperaci\u00f3n de la fuerza muscular. La artroplastia de cadera es una de las [&hellip;]<\/p>\n","protected":false},"author":2,"featured_media":6433,"parent":0,"menu_order":0,"comment_status":"closed","ping_status":"closed","template":"","meta":{"footnotes":""},"class_list":["post-6738","page","type-page","status-publish","has-post-thumbnail","hentry"],"yoast_head":"<!-- This site is optimized with the Yoast SEO plugin v27.4 - https:\/\/yoast.com\/product\/yoast-seo-wordpress\/ -->\n<title>Pr\u00f3tesis de cadera Marruecos : precio artroplastia, tratamiento artrosis de cadera<\/title>\n<meta name=\"description\" content=\"Pr\u00f3tesis de cadera Marruecos : artroplastia para sustituir la articulaci\u00f3n de la cadera y tratar la artrosis de cadera. Precios baratos con presupuesto\" \/>\n<meta name=\"robots\" content=\"index, follow, max-snippet:-1, max-image-preview:large, max-video-preview:-1\" \/>\n<link rel=\"canonical\" href=\"https:\/\/www.la-chirurgie-esthetique-maroc.com\/es\/protesis-de-cadera\/\" \/>\n<meta property=\"og:locale\" content=\"es_ES\" \/>\n<meta property=\"og:type\" content=\"article\" \/>\n<meta property=\"og:title\" content=\"Pr\u00f3tesis de cadera Marruecos : precio artroplastia, tratamiento artrosis de cadera\" \/>\n<meta property=\"og:description\" content=\"Pr\u00f3tesis de cadera Marruecos : artroplastia para sustituir la articulaci\u00f3n de la cadera y tratar la artrosis de cadera. Precios baratos con presupuesto\" \/>\n<meta property=\"og:url\" content=\"https:\/\/www.la-chirurgie-esthetique-maroc.com\/es\/protesis-de-cadera\/\" \/>\n<meta property=\"og:site_name\" content=\"Chirurgie esthetique Maroc\" \/>\n<meta property=\"article:modified_time\" content=\"2023-05-29T10:13:20+00:00\" \/>\n<meta property=\"og:image\" content=\"https:\/\/www.la-chirurgie-esthetique-maroc.com\/wp-content\/uploads\/2022\/01\/header_silhouette.webp\" \/>\n\t<meta property=\"og:image:width\" content=\"552\" \/>\n\t<meta property=\"og:image:height\" content=\"612\" \/>\n\t<meta property=\"og:image:type\" content=\"image\/webp\" \/>\n<meta name=\"twitter:card\" content=\"summary_large_image\" \/>\n<meta name=\"twitter:label1\" content=\"Tiempo de lectura\" \/>\n\t<meta name=\"twitter:data1\" content=\"4 minutos\" \/>\n<!-- \/ Yoast SEO plugin. -->","yoast_head_json":{"title":"Pr\u00f3tesis de cadera Marruecos : precio artroplastia, tratamiento artrosis de cadera","description":"Pr\u00f3tesis de cadera Marruecos : artroplastia para sustituir la articulaci\u00f3n de la cadera y tratar la artrosis de cadera. Precios baratos con presupuesto","robots":{"index":"index","follow":"follow","max-snippet":"max-snippet:-1","max-image-preview":"max-image-preview:large","max-video-preview":"max-video-preview:-1"},"canonical":"https:\/\/www.la-chirurgie-esthetique-maroc.com\/es\/protesis-de-cadera\/","og_locale":"es_ES","og_type":"article","og_title":"Pr\u00f3tesis de cadera Marruecos : precio artroplastia, tratamiento artrosis de cadera","og_description":"Pr\u00f3tesis de cadera Marruecos : artroplastia para sustituir la articulaci\u00f3n de la cadera y tratar la artrosis de cadera. Precios baratos con presupuesto","og_url":"https:\/\/www.la-chirurgie-esthetique-maroc.com\/es\/protesis-de-cadera\/","og_site_name":"Chirurgie esthetique Maroc","article_modified_time":"2023-05-29T10:13:20+00:00","og_image":[{"width":552,"height":612,"url":"https:\/\/www.la-chirurgie-esthetique-maroc.com\/wp-content\/uploads\/2022\/01\/header_silhouette.webp","type":"image\/webp"}],"twitter_card":"summary_large_image","twitter_misc":{"Tiempo de lectura":"4 minutos"},"schema":{"@context":"https:\/\/schema.org","@graph":[{"@type":"WebPage","@id":"https:\/\/www.la-chirurgie-esthetique-maroc.com\/es\/protesis-de-cadera\/","url":"https:\/\/www.la-chirurgie-esthetique-maroc.com\/es\/protesis-de-cadera\/","name":"Pr\u00f3tesis de cadera Marruecos : precio artroplastia, tratamiento artrosis de cadera","isPartOf":{"@id":"https:\/\/www.la-chirurgie-esthetique-maroc.com\/es\/#website"},"primaryImageOfPage":{"@id":"https:\/\/www.la-chirurgie-esthetique-maroc.com\/es\/protesis-de-cadera\/#primaryimage"},"image":{"@id":"https:\/\/www.la-chirurgie-esthetique-maroc.com\/es\/protesis-de-cadera\/#primaryimage"},"thumbnailUrl":"https:\/\/www.la-chirurgie-esthetique-maroc.com\/wp-content\/uploads\/2022\/01\/header_silhouette.webp","datePublished":"2018-01-25T10:30:31+00:00","dateModified":"2023-05-29T10:13:20+00:00","description":"Pr\u00f3tesis de cadera Marruecos : artroplastia para sustituir la articulaci\u00f3n de la cadera y tratar la artrosis de cadera. Precios baratos con presupuesto","breadcrumb":{"@id":"https:\/\/www.la-chirurgie-esthetique-maroc.com\/es\/protesis-de-cadera\/#breadcrumb"},"inLanguage":"es","potentialAction":[{"@type":"ReadAction","target":["https:\/\/www.la-chirurgie-esthetique-maroc.com\/es\/protesis-de-cadera\/"]}]},{"@type":"ImageObject","inLanguage":"es","@id":"https:\/\/www.la-chirurgie-esthetique-maroc.com\/es\/protesis-de-cadera\/#primaryimage","url":"https:\/\/www.la-chirurgie-esthetique-maroc.com\/wp-content\/uploads\/2022\/01\/header_silhouette.webp","contentUrl":"https:\/\/www.la-chirurgie-esthetique-maroc.com\/wp-content\/uploads\/2022\/01\/header_silhouette.webp","width":552,"height":612},{"@type":"BreadcrumbList","@id":"https:\/\/www.la-chirurgie-esthetique-maroc.com\/es\/protesis-de-cadera\/#breadcrumb","itemListElement":[{"@type":"ListItem","position":1,"name":"Accueil","item":"https:\/\/www.la-chirurgie-esthetique-maroc.com\/es\/"},{"@type":"ListItem","position":2,"name":"Pr\u00f3tesis de cadera Marruecos"}]},{"@type":"WebSite","@id":"https:\/\/www.la-chirurgie-esthetique-maroc.com\/es\/#website","url":"https:\/\/www.la-chirurgie-esthetique-maroc.com\/es\/","name":"Chirurgie esthetique Maroc","description":"","publisher":{"@id":"https:\/\/www.la-chirurgie-esthetique-maroc.com\/es\/#organization"},"potentialAction":[{"@type":"SearchAction","target":{"@type":"EntryPoint","urlTemplate":"https:\/\/www.la-chirurgie-esthetique-maroc.com\/es\/?s={search_term_string}"},"query-input":{"@type":"PropertyValueSpecification","valueRequired":true,"valueName":"search_term_string"}}],"inLanguage":"es"},{"@type":"Organization","@id":"https:\/\/www.la-chirurgie-esthetique-maroc.com\/es\/#organization","name":"Chirurgie esthetique Maroc","url":"https:\/\/www.la-chirurgie-esthetique-maroc.com\/es\/","logo":{"@type":"ImageObject","inLanguage":"es","@id":"https:\/\/www.la-chirurgie-esthetique-maroc.com\/es\/#\/schema\/logo\/image\/","url":"https:\/\/www.la-chirurgie-esthetique-maroc.com\/wp-content\/uploads\/2022\/01\/cem3.png","contentUrl":"https:\/\/www.la-chirurgie-esthetique-maroc.com\/wp-content\/uploads\/2022\/01\/cem3.png","width":125,"height":41,"caption":"Chirurgie esthetique Maroc"},"image":{"@id":"https:\/\/www.la-chirurgie-esthetique-maroc.com\/es\/#\/schema\/logo\/image\/"}}]}},"_links":{"self":[{"href":"https:\/\/www.la-chirurgie-esthetique-maroc.com\/es\/wp-json\/wp\/v2\/pages\/6738","targetHints":{"allow":["GET"]}}],"collection":[{"href":"https:\/\/www.la-chirurgie-esthetique-maroc.com\/es\/wp-json\/wp\/v2\/pages"}],"about":[{"href":"https:\/\/www.la-chirurgie-esthetique-maroc.com\/es\/wp-json\/wp\/v2\/types\/page"}],"author":[{"embeddable":true,"href":"https:\/\/www.la-chirurgie-esthetique-maroc.com\/es\/wp-json\/wp\/v2\/users\/2"}],"replies":[{"embeddable":true,"href":"https:\/\/www.la-chirurgie-esthetique-maroc.com\/es\/wp-json\/wp\/v2\/comments?post=6738"}],"version-history":[{"count":7,"href":"https:\/\/www.la-chirurgie-esthetique-maroc.com\/es\/wp-json\/wp\/v2\/pages\/6738\/revisions"}],"predecessor-version":[{"id":8098,"href":"https:\/\/www.la-chirurgie-esthetique-maroc.com\/es\/wp-json\/wp\/v2\/pages\/6738\/revisions\/8098"}],"wp:featuredmedia":[{"embeddable":true,"href":"https:\/\/www.la-chirurgie-esthetique-maroc.com\/es\/wp-json\/wp\/v2\/media\/6433"}],"wp:attachment":[{"href":"https:\/\/www.la-chirurgie-esthetique-maroc.com\/es\/wp-json\/wp\/v2\/media?parent=6738"}],"curies":[{"name":"wp","href":"https:\/\/api.w.org\/{rel}","templated":true}]}}