{"id":6744,"date":"2018-01-25T15:18:43","date_gmt":"2018-01-25T14:18:43","guid":{"rendered":"https:\/\/www.la-chirurgie-esthetique-maroc.com\/aumento-de-pantorrillas-marruecos\/"},"modified":"2024-02-22T13:40:03","modified_gmt":"2024-02-22T12:40:03","slug":"aumento-de-pantorrillas","status":"publish","type":"page","link":"https:\/\/www.la-chirurgie-esthetique-maroc.com\/es\/aumento-de-pantorrillas\/","title":{"rendered":"Aumento de pantorrillas Marruecos"},"content":{"rendered":"\t\t<div data-elementor-type=\"wp-page\" data-elementor-id=\"6744\" class=\"elementor elementor-6744 elementor-1440\">\n\t\t\t\t\t\t<section class=\"elementor-section elementor-top-section elementor-element elementor-element-663e775 elementor-section-boxed elementor-section-height-default elementor-section-height-default\" data-id=\"663e775\" data-element_type=\"section\">\n\t\t\t\t\t\t<div class=\"elementor-container elementor-column-gap-default\">\n\t\t\t\t\t<div class=\"elementor-column elementor-col-100 elementor-top-column elementor-element elementor-element-6ea285e\" data-id=\"6ea285e\" data-element_type=\"column\">\n\t\t\t<div class=\"elementor-widget-wrap elementor-element-populated\">\n\t\t\t\t\t\t<div class=\"elementor-element elementor-element-2ad3350 elementor-widget elementor-widget-text-editor\" data-id=\"2ad3350\" data-element_type=\"widget\" data-widget_type=\"text-editor.default\">\n\t\t\t\t<div class=\"elementor-widget-container\">\n\t\t\t\t\t\t\t\n\nLa cirug\u00eda<strong>marroqu\u00ed de aumento de pantorrillas<\/strong> puede realizarse con inyecciones o implantes de grasa. Se trata de un procedimiento de cirug\u00eda pl\u00e1stica para mejorar la forma y el tama\u00f1o de la pantorrilla con el fin de mejorar las proporciones de las piernas.\t\t\t\t\t\t<\/div>\n\t\t\t\t<\/div>\n\t\t\t\t<div class=\"elementor-element elementor-element-aa35fd4 elementor-widget elementor-widget-text-editor\" data-id=\"aa35fd4\" data-element_type=\"widget\" data-widget_type=\"text-editor.default\">\n\t\t\t\t<div class=\"elementor-widget-container\">\n\t\t\t\t\t\t\t<h2>Precios del aumento de terneros en Marruecos<\/h2>\nAlgunas correcciones de pantorrilla requieren varios implantes (2 por pierna), mientras que otras s\u00f3lo requieren uno. Lo mismo ocurre con el procedimiento de lipofilling. El volumen de tejido graso necesario para el<strong>aumento de pantorrillas<\/strong> var\u00eda de un paciente a otro. Este procedimiento es personal, as\u00ed como su precio. Solicite aqu\u00ed un presupuesto personalizado.\t\t\t\t\t\t<\/div>\n\t\t\t\t<\/div>\n\t\t\t\t\t<\/div>\n\t\t<\/div>\n\t\t\t\t\t<\/div>\n\t\t<\/section>\n\t\t\t\t<section class=\"elementor-section elementor-top-section elementor-element elementor-element-8f59142 elementor-section-boxed elementor-section-height-default elementor-section-height-default\" data-id=\"8f59142\" data-element_type=\"section\">\n\t\t\t\t\t\t<div class=\"elementor-container elementor-column-gap-default\">\n\t\t\t\t\t<div class=\"elementor-column elementor-col-66 elementor-top-column elementor-element elementor-element-db534ec\" data-id=\"db534ec\" data-element_type=\"column\">\n\t\t\t<div class=\"elementor-widget-wrap elementor-element-populated\">\n\t\t\t\t\t\t<div class=\"elementor-element elementor-element-7878cc5 elementor-widget elementor-widget-text-editor\" data-id=\"7878cc5\" data-element_type=\"widget\" data-widget_type=\"text-editor.default\">\n\t\t\t\t<div class=\"elementor-widget-container\">\n\t\t\t\t\t\t\t<h2>Presupuesto expr\u00e9s gratuito<\/h2>\n<style>\r\n.align_center {\r\n    display: block;\r\n    text-align: center;\r\n    padding: 30px 0px;\r\n}\r\n<\/style>\r\n\r\n<div>\r\n\t<h2 class=\"align_center\">Presupuesto r\u00e1pido gratuito<\/h2>\r\n<iframe src=\"https:\/\/app.metocrm.com\/web-forms\/e1cab5bd-ef56-4a37-aa71-4857d931f368\"  height=\"800px\" width=\"100%\"  frameborder=\"0\" style=\"border-radius: 10px;\"><\/iframe>\r\n\r\n<\/div>\t\t\t\t\t\t<\/div>\n\t\t\t\t<\/div>\n\t\t\t\t\t<\/div>\n\t\t<\/div>\n\t\t\t\t<div class=\"elementor-column elementor-col-33 elementor-top-column elementor-element elementor-element-a074d00\" data-id=\"a074d00\" data-element_type=\"column\">\n\t\t\t<div class=\"elementor-widget-wrap elementor-element-populated\">\n\t\t\t\t\t\t<div class=\"elementor-element elementor-element-250609f elementor-widget elementor-widget-image\" data-id=\"250609f\" data-element_type=\"widget\" data-widget_type=\"image.default\">\n\t\t\t\t<div class=\"elementor-widget-container\">\n\t\t\t\t\t\t\t\t\t\t\t\t\t<img fetchpriority=\"high\" decoding=\"async\" width=\"508\" height=\"554\" src=\"https:\/\/www.la-chirurgie-esthetique-maroc.com\/wp-content\/uploads\/2022\/01\/la-chirurgie-esthetique-maroc_devis-1.webp\" class=\"attachment-large size-large wp-image-6422\" alt=\"\" srcset=\"https:\/\/www.la-chirurgie-esthetique-maroc.com\/wp-content\/uploads\/2022\/01\/la-chirurgie-esthetique-maroc_devis-1.webp 508w, https:\/\/www.la-chirurgie-esthetique-maroc.com\/wp-content\/uploads\/2022\/01\/la-chirurgie-esthetique-maroc_devis-1-275x300.webp 275w\" sizes=\"(max-width: 508px) 100vw, 508px\" \/>\t\t\t\t\t\t\t\t\t\t\t\t\t<\/div>\n\t\t\t\t<\/div>\n\t\t\t\t\t<\/div>\n\t\t<\/div>\n\t\t\t\t\t<\/div>\n\t\t<\/section>\n\t\t\t\t<section class=\"elementor-section elementor-top-section elementor-element elementor-element-631d73c bg-color forme_1 elementor-section-boxed elementor-section-height-default elementor-section-height-default\" data-id=\"631d73c\" data-element_type=\"section\">\n\t\t\t\t\t\t<div class=\"elementor-container elementor-column-gap-default\">\n\t\t\t\t\t<div class=\"elementor-column elementor-col-100 elementor-top-column elementor-element elementor-element-1a12eeb\" data-id=\"1a12eeb\" data-element_type=\"column\">\n\t\t\t<div class=\"elementor-widget-wrap elementor-element-populated\">\n\t\t\t\t\t\t<div class=\"elementor-element elementor-element-2f2cebf elementor-widget elementor-widget-text-editor\" data-id=\"2f2cebf\" data-element_type=\"widget\" data-widget_type=\"text-editor.default\">\n\t\t\t\t<div class=\"elementor-widget-container\">\n\t\t\t\t\t\t\t\n\n<h2>Procedimiento para un aumento de pantorrillas<\/h2>\nAunque el objetivo de las dos t\u00e9cnicas utilizadas es el mismo, el procedimiento de cada una difiere.\n<h3>Por inyecci\u00f3n de grasa<\/h3>\nEl<strong>aumento de pantorrillas con lipofilling<\/strong> se realiza bajo anestesia general y dura aproximadamente de 2 a 3 horas. En primer lugar, la grasa debe extraerse de las zonas en las que los pacientes desean eliminarla. A continuaci\u00f3n, el tejido recogido se prepara para su reinyecci\u00f3n en la pantorrilla con el fin de conseguir la forma y el tama\u00f1o \u00f3ptimos.\n\n<h3>Por implantes de silicona<\/h3>\nEl<strong>aumento de pantorrillas con implantes<\/strong> se realiza bajo anestesia general y dura aproximadamente 1 hora. Se practica una incisi\u00f3n en el pliegue situado detr\u00e1s de la rodilla y los implantes se insertan por encima del m\u00fasculo de la pantorrilla. A menudo son necesarios dos implantes. Cada una se coloca en un lado de la pantorrilla y tiene formas y tama\u00f1os diferentes.\n\nAmbas operaciones se realizan en un solo d\u00eda y el paciente puede irse a casa ese mismo d\u00eda o pasar la noche en el hospital y marcharse al d\u00eda siguiente.\t\t\t\t\t\t<\/div>\n\t\t\t\t<\/div>\n\t\t\t\t\t<\/div>\n\t\t<\/div>\n\t\t\t\t\t<\/div>\n\t\t<\/section>\n\t\t\t\t<section class=\"elementor-section elementor-top-section elementor-element elementor-element-17a5406 elementor-section-boxed elementor-section-height-default elementor-section-height-default\" data-id=\"17a5406\" data-element_type=\"section\">\n\t\t\t\t\t\t<div class=\"elementor-container elementor-column-gap-default\">\n\t\t\t\t\t<div class=\"elementor-column elementor-col-100 elementor-top-column elementor-element elementor-element-221cd264\" data-id=\"221cd264\" data-element_type=\"column\">\n\t\t\t<div class=\"elementor-widget-wrap elementor-element-populated\">\n\t\t\t\t\t\t<div class=\"elementor-element elementor-element-7c255b0e elementor-widget elementor-widget-text-editor\" data-id=\"7c255b0e\" data-element_type=\"widget\" data-widget_type=\"text-editor.default\">\n\t\t\t\t<div class=\"elementor-widget-container\">\n\t\t\t\t\t\t\t<h2>Aumento postoperatorio de pantorrillas<\/h2><p>Si el dolor o las molestias experimentadas durante los primeros d\u00edas desaparecen al cabo de una semana, los pacientes s\u00f3lo podr\u00e1n reincorporarse a sus actividades cotidianas normales al cabo de 2 semanas, evitando el ejercicio o las actividades extenuantes durante al menos un mes y medio, incluidos los deportes de contacto para minimizar los riesgos.<\/p><p>Siempre hay riesgos asociados a la cirug\u00eda que son comunes a todos los procedimientos quir\u00fargicos. Sin embargo, las complicaciones son poco frecuentes. Pueden aparecer hematomas, que pueden tardar 2 semanas en desaparecer, mientras que las hemorragias importantes son poco frecuentes. La infecci\u00f3n es infrecuente y se produce en menos del 0,5% de los casos de aumento de pantorrillas.<\/p><p>Requerir\u00e1 un tratamiento con antibi\u00f3ticos adecuados. El desplazamiento de los implantes puede producirse en el postoperatorio precoz. Esto se evita reduciendo la presi\u00f3n sobre las piernas o el movimiento excesivo. Se espera una alteraci\u00f3n de la sensibilidad alrededor de las piernas, que volver\u00e1 a la normalidad entre 6 y 12 semanas despu\u00e9s de la intervenci\u00f3n.<\/p><h2>Resultados del aumento de pantorrillas<\/h2><p>La pantorrilla debe estar en armon\u00eda con el resto de la pierna y presentar curvas suaves que resalten los tobillos y las rodillas. La mejora est\u00e9tica de la pantorrilla deber\u00eda ser casi indetectable. Este resultado puede restaurar y aumentar la confianza y la autoestima.<\/p><p>Los resultados son ante todo naturales. Los objetivos de la cirug\u00eda de<strong>aumento de pantorrillas en Marruecos<\/strong> son restaurar una forma est\u00e9ticamente agradable que est\u00e9 en equilibrio con el resto del cuerpo. El resultado final puede tardar 6 semanas o m\u00e1s en conseguirse.<\/p><p>Los resultados de la cirug\u00eda de<strong>aumento de pantorrillas<\/strong> son permanentes. Sin embargo, es importante tener en cuenta que se producir\u00e1n cambios en el envejecimiento con el paso de los a\u00f1os.<\/p>\t\t\t\t\t\t<\/div>\n\t\t\t\t<\/div>\n\t\t\t\t\t<\/div>\n\t\t<\/div>\n\t\t\t\t\t<\/div>\n\t\t<\/section>\n\t\t\t\t<section class=\"elementor-section elementor-top-section elementor-element elementor-element-0ce25cd center elementor-section-boxed elementor-section-height-default elementor-section-height-default\" data-id=\"0ce25cd\" data-element_type=\"section\">\n\t\t\t\t\t\t<div class=\"elementor-container elementor-column-gap-default\">\n\t\t\t\t\t<div class=\"elementor-column elementor-col-100 elementor-top-column elementor-element elementor-element-6476f4e\" data-id=\"6476f4e\" data-element_type=\"column\">\n\t\t\t<div class=\"elementor-widget-wrap elementor-element-populated\">\n\t\t\t\t\t\t<div class=\"elementor-element elementor-element-d5cddd7 elementor-widget elementor-widget-html\" data-id=\"d5cddd7\" data-element_type=\"widget\" data-widget_type=\"html.default\">\n\t\t\t\t<div class=\"elementor-widget-container\">\n\t\t\t<div class=\"btn_devis btn_intern\"><a href=\"https:\/\/www.la-chirurgie-esthetique-maroc.com\/es\/cita\/\"><span>Presupuesto gratuito<\/span><\/a><\/div>\t\t<\/div>\n\t\t\t\t<\/div>\n\t\t\t\t\t<\/div>\n\t\t<\/div>\n\t\t\t\t\t<\/div>\n\t\t<\/section>\n\t\t\t\t<\/div>\n\t\t","protected":false},"excerpt":{"rendered":"<p>La cirug\u00edamarroqu\u00ed de aumento de pantorrillas puede realizarse con inyecciones o implantes de grasa. Se trata de un procedimiento de cirug\u00eda pl\u00e1stica para mejorar la forma y el tama\u00f1o de la pantorrilla con el fin de mejorar las proporciones de las piernas. Precios del aumento de terneros en Marruecos Algunas correcciones de pantorrilla requieren varios [&hellip;]<\/p>\n","protected":false},"author":2,"featured_media":6433,"parent":0,"menu_order":0,"comment_status":"closed","ping_status":"closed","template":"","meta":{"footnotes":""},"class_list":["post-6744","page","type-page","status-publish","has-post-thumbnail","hentry"],"yoast_head":"<!-- This site is optimized with the Yoast SEO plugin v27.5 - https:\/\/yoast.com\/product\/yoast-seo-wordpress\/ -->\n<title>Aumento de pantorrillas marroqu\u00ed : precio de los implantes de pantorrillas, lipofilling<\/title>\n<meta name=\"description\" content=\"Aumento de pantorrillas marroqu\u00ed: aumento del volumen y tama\u00f1o de las pantorrillas con implantes de silicona o lipofilling.\" \/>\n<meta name=\"robots\" content=\"index, follow, max-snippet:-1, max-image-preview:large, max-video-preview:-1\" \/>\n<link rel=\"canonical\" href=\"https:\/\/www.la-chirurgie-esthetique-maroc.com\/es\/aumento-de-pantorrillas\/\" \/>\n<meta property=\"og:locale\" content=\"es_ES\" \/>\n<meta property=\"og:type\" content=\"article\" \/>\n<meta property=\"og:title\" content=\"Aumento de pantorrillas marroqu\u00ed : precio de los implantes de pantorrillas, lipofilling\" \/>\n<meta property=\"og:description\" content=\"Aumento de pantorrillas marroqu\u00ed: aumento del volumen y tama\u00f1o de las pantorrillas con implantes de silicona o lipofilling.\" \/>\n<meta property=\"og:url\" content=\"https:\/\/www.la-chirurgie-esthetique-maroc.com\/es\/aumento-de-pantorrillas\/\" \/>\n<meta property=\"og:site_name\" content=\"Chirurgie esthetique Maroc\" \/>\n<meta property=\"article:modified_time\" content=\"2024-02-22T12:40:03+00:00\" \/>\n<meta property=\"og:image\" content=\"https:\/\/www.la-chirurgie-esthetique-maroc.com\/wp-content\/uploads\/2022\/01\/header_silhouette.webp\" \/>\n\t<meta property=\"og:image:width\" content=\"552\" \/>\n\t<meta property=\"og:image:height\" content=\"612\" \/>\n\t<meta property=\"og:image:type\" content=\"image\/webp\" \/>\n<meta name=\"twitter:card\" content=\"summary_large_image\" \/>\n<meta name=\"twitter:label1\" content=\"Tiempo de lectura\" \/>\n\t<meta name=\"twitter:data1\" content=\"3 minutos\" \/>\n<!-- \/ Yoast SEO plugin. -->","yoast_head_json":{"title":"Aumento de pantorrillas marroqu\u00ed : precio de los implantes de pantorrillas, lipofilling","description":"Aumento de pantorrillas marroqu\u00ed: aumento del volumen y tama\u00f1o de las pantorrillas con implantes de silicona o lipofilling.","robots":{"index":"index","follow":"follow","max-snippet":"max-snippet:-1","max-image-preview":"max-image-preview:large","max-video-preview":"max-video-preview:-1"},"canonical":"https:\/\/www.la-chirurgie-esthetique-maroc.com\/es\/aumento-de-pantorrillas\/","og_locale":"es_ES","og_type":"article","og_title":"Aumento de pantorrillas marroqu\u00ed : precio de los implantes de pantorrillas, lipofilling","og_description":"Aumento de pantorrillas marroqu\u00ed: aumento del volumen y tama\u00f1o de las pantorrillas con implantes de silicona o lipofilling.","og_url":"https:\/\/www.la-chirurgie-esthetique-maroc.com\/es\/aumento-de-pantorrillas\/","og_site_name":"Chirurgie esthetique Maroc","article_modified_time":"2024-02-22T12:40:03+00:00","og_image":[{"width":552,"height":612,"url":"https:\/\/www.la-chirurgie-esthetique-maroc.com\/wp-content\/uploads\/2022\/01\/header_silhouette.webp","type":"image\/webp"}],"twitter_card":"summary_large_image","twitter_misc":{"Tiempo de lectura":"3 minutos"},"schema":{"@context":"https:\/\/schema.org","@graph":[{"@type":"WebPage","@id":"https:\/\/www.la-chirurgie-esthetique-maroc.com\/es\/aumento-de-pantorrillas\/","url":"https:\/\/www.la-chirurgie-esthetique-maroc.com\/es\/aumento-de-pantorrillas\/","name":"Aumento de pantorrillas marroqu\u00ed : precio de los implantes de pantorrillas, lipofilling","isPartOf":{"@id":"https:\/\/www.la-chirurgie-esthetique-maroc.com\/es\/#website"},"primaryImageOfPage":{"@id":"https:\/\/www.la-chirurgie-esthetique-maroc.com\/es\/aumento-de-pantorrillas\/#primaryimage"},"image":{"@id":"https:\/\/www.la-chirurgie-esthetique-maroc.com\/es\/aumento-de-pantorrillas\/#primaryimage"},"thumbnailUrl":"https:\/\/www.la-chirurgie-esthetique-maroc.com\/wp-content\/uploads\/2022\/01\/header_silhouette.webp","datePublished":"2018-01-25T14:18:43+00:00","dateModified":"2024-02-22T12:40:03+00:00","description":"Aumento de pantorrillas marroqu\u00ed: aumento del volumen y tama\u00f1o de las pantorrillas con implantes de silicona o lipofilling.","breadcrumb":{"@id":"https:\/\/www.la-chirurgie-esthetique-maroc.com\/es\/aumento-de-pantorrillas\/#breadcrumb"},"inLanguage":"es","potentialAction":[{"@type":"ReadAction","target":["https:\/\/www.la-chirurgie-esthetique-maroc.com\/es\/aumento-de-pantorrillas\/"]}]},{"@type":"ImageObject","inLanguage":"es","@id":"https:\/\/www.la-chirurgie-esthetique-maroc.com\/es\/aumento-de-pantorrillas\/#primaryimage","url":"https:\/\/www.la-chirurgie-esthetique-maroc.com\/wp-content\/uploads\/2022\/01\/header_silhouette.webp","contentUrl":"https:\/\/www.la-chirurgie-esthetique-maroc.com\/wp-content\/uploads\/2022\/01\/header_silhouette.webp","width":552,"height":612},{"@type":"BreadcrumbList","@id":"https:\/\/www.la-chirurgie-esthetique-maroc.com\/es\/aumento-de-pantorrillas\/#breadcrumb","itemListElement":[{"@type":"ListItem","position":1,"name":"Accueil","item":"https:\/\/www.la-chirurgie-esthetique-maroc.com\/es\/"},{"@type":"ListItem","position":2,"name":"Aumento de pantorrillas Marruecos"}]},{"@type":"WebSite","@id":"https:\/\/www.la-chirurgie-esthetique-maroc.com\/es\/#website","url":"https:\/\/www.la-chirurgie-esthetique-maroc.com\/es\/","name":"Chirurgie esthetique Maroc","description":"","publisher":{"@id":"https:\/\/www.la-chirurgie-esthetique-maroc.com\/es\/#organization"},"potentialAction":[{"@type":"SearchAction","target":{"@type":"EntryPoint","urlTemplate":"https:\/\/www.la-chirurgie-esthetique-maroc.com\/es\/?s={search_term_string}"},"query-input":{"@type":"PropertyValueSpecification","valueRequired":true,"valueName":"search_term_string"}}],"inLanguage":"es"},{"@type":"Organization","@id":"https:\/\/www.la-chirurgie-esthetique-maroc.com\/es\/#organization","name":"Chirurgie esthetique Maroc","url":"https:\/\/www.la-chirurgie-esthetique-maroc.com\/es\/","logo":{"@type":"ImageObject","inLanguage":"es","@id":"https:\/\/www.la-chirurgie-esthetique-maroc.com\/es\/#\/schema\/logo\/image\/","url":"https:\/\/www.la-chirurgie-esthetique-maroc.com\/wp-content\/uploads\/2022\/01\/cem3.png","contentUrl":"https:\/\/www.la-chirurgie-esthetique-maroc.com\/wp-content\/uploads\/2022\/01\/cem3.png","width":125,"height":41,"caption":"Chirurgie esthetique Maroc"},"image":{"@id":"https:\/\/www.la-chirurgie-esthetique-maroc.com\/es\/#\/schema\/logo\/image\/"}}]}},"_links":{"self":[{"href":"https:\/\/www.la-chirurgie-esthetique-maroc.com\/es\/wp-json\/wp\/v2\/pages\/6744","targetHints":{"allow":["GET"]}}],"collection":[{"href":"https:\/\/www.la-chirurgie-esthetique-maroc.com\/es\/wp-json\/wp\/v2\/pages"}],"about":[{"href":"https:\/\/www.la-chirurgie-esthetique-maroc.com\/es\/wp-json\/wp\/v2\/types\/page"}],"author":[{"embeddable":true,"href":"https:\/\/www.la-chirurgie-esthetique-maroc.com\/es\/wp-json\/wp\/v2\/users\/2"}],"replies":[{"embeddable":true,"href":"https:\/\/www.la-chirurgie-esthetique-maroc.com\/es\/wp-json\/wp\/v2\/comments?post=6744"}],"version-history":[{"count":10,"href":"https:\/\/www.la-chirurgie-esthetique-maroc.com\/es\/wp-json\/wp\/v2\/pages\/6744\/revisions"}],"predecessor-version":[{"id":8446,"href":"https:\/\/www.la-chirurgie-esthetique-maroc.com\/es\/wp-json\/wp\/v2\/pages\/6744\/revisions\/8446"}],"wp:featuredmedia":[{"embeddable":true,"href":"https:\/\/www.la-chirurgie-esthetique-maroc.com\/es\/wp-json\/wp\/v2\/media\/6433"}],"wp:attachment":[{"href":"https:\/\/www.la-chirurgie-esthetique-maroc.com\/es\/wp-json\/wp\/v2\/media?parent=6744"}],"curies":[{"name":"wp","href":"https:\/\/api.w.org\/{rel}","templated":true}]}}