{"id":6750,"date":"2021-07-01T15:51:00","date_gmt":"2021-07-01T13:51:00","guid":{"rendered":"https:\/\/www.la-chirurgie-esthetique-maroc.com\/bbl-o-lifting-facial-brasileno-marruecos\/"},"modified":"2023-05-29T11:59:42","modified_gmt":"2023-05-29T09:59:42","slug":"bbl-o-lifting-facial-brasileno","status":"publish","type":"page","link":"https:\/\/www.la-chirurgie-esthetique-maroc.com\/es\/bbl-o-lifting-facial-brasileno\/","title":{"rendered":"BBL o lifting facial brasile\u00f1o Marruecos"},"content":{"rendered":"\t\t<div data-elementor-type=\"wp-page\" data-elementor-id=\"6750\" class=\"elementor elementor-6750 elementor-3416\">\n\t\t\t\t\t\t<section class=\"elementor-section elementor-top-section elementor-element elementor-element-7e3ac12 elementor-section-boxed elementor-section-height-default elementor-section-height-default\" data-id=\"7e3ac12\" data-element_type=\"section\">\n\t\t\t\t\t\t<div class=\"elementor-container elementor-column-gap-default\">\n\t\t\t\t\t<div class=\"elementor-column elementor-col-33 elementor-top-column elementor-element elementor-element-4720961\" data-id=\"4720961\" data-element_type=\"column\">\n\t\t\t<div class=\"elementor-widget-wrap elementor-element-populated\">\n\t\t\t\t\t\t<div class=\"elementor-element elementor-element-dc8bd24 elementor-widget elementor-widget-text-editor\" data-id=\"dc8bd24\" data-element_type=\"widget\" data-widget_type=\"text-editor.default\">\n\t\t\t\t<div class=\"elementor-widget-container\">\n\t\t\t\t\t\t\t<p><img fetchpriority=\"high\" decoding=\"async\" class=\"aligncenter wp-image-3420 size-medium\" src=\"https:\/\/www.la-chirurgie-esthetique-maroc.com\/wp-content\/uploads\/2021\/07\/BBL-ou-lifting-bresilien-Maroc-281x300.jpg\" alt=\"BBL o lifting facial brasile\u00f1o Marruecos\" width=\"281\" height=\"300\" srcset=\"https:\/\/www.la-chirurgie-esthetique-maroc.com\/wp-content\/uploads\/2021\/07\/BBL-ou-lifting-bresilien-Maroc-281x300.jpg 281w, https:\/\/www.la-chirurgie-esthetique-maroc.com\/wp-content\/uploads\/2021\/07\/BBL-ou-lifting-bresilien-Maroc.jpg 516w\" sizes=\"(max-width: 281px) 100vw, 281px\" \/><\/p>\n\t\t\t\t\t\t<\/div>\n\t\t\t\t<\/div>\n\t\t\t\t\t<\/div>\n\t\t<\/div>\n\t\t\t\t<div class=\"elementor-column elementor-col-66 elementor-top-column elementor-element elementor-element-61b98eb\" data-id=\"61b98eb\" data-element_type=\"column\">\n\t\t\t<div class=\"elementor-widget-wrap elementor-element-populated\">\n\t\t\t\t\t\t<div class=\"elementor-element elementor-element-eb7d0fd elementor-widget elementor-widget-text-editor\" data-id=\"eb7d0fd\" data-element_type=\"widget\" data-widget_type=\"text-editor.default\">\n\t\t\t\t<div class=\"elementor-widget-container\">\n\t\t\t\t\t\t\tEl <strong>BBL en Marruecos<\/strong> es el <strong>lifting<\/strong> de gl\u00fateos brasile\u00f1o. Se trata de un popular procedimiento de cirug\u00eda est\u00e9tica que consiste en transferir grasa para a\u00f1adir volumen a su parte posterior.\n\t\t\t\t\t\t<\/div>\n\t\t\t\t<\/div>\n\t\t\t\t<div class=\"elementor-element elementor-element-ce6d90a center elementor-widget elementor-widget-html\" data-id=\"ce6d90a\" data-element_type=\"widget\" data-widget_type=\"html.default\">\n\t\t\t\t<div class=\"elementor-widget-container\">\n\t\t\t<div class=\"btn_devis btn_intern\"><a href=\"https:\/\/www.la-chirurgie-esthetique-maroc.com\/es\/cita\/\"><span>Presupuesto gratuito de lifting facial brasile\u00f1o Marruecos<\/span><\/a><\/div>\t\t<\/div>\n\t\t\t\t<\/div>\n\t\t\t\t<div class=\"elementor-element elementor-element-c5ab726 elementor-widget elementor-widget-text-editor\" data-id=\"c5ab726\" data-element_type=\"widget\" data-widget_type=\"text-editor.default\">\n\t\t\t\t<div class=\"elementor-widget-container\">\n\t\t\t\t\t\t\t<h2>\u00bfQu\u00e9 es un lifting brasile\u00f1o de gl\u00fateos?<\/h2>\nEl lifting brasile\u00f1o de gl\u00fateos combina <a href=\"https:\/\/www.la-chirurgie-esthetique-maroc.com\/es\/liposuccion\/\">liposucci\u00f3n<\/a> e injertos de grasa para a\u00f1adir curvas, volumen y relieve a los gl\u00fateos. Los injertos de grasa son muy apreciados por su capacidad para producir resultados de aspecto natural.\n\nSi ha o\u00eddo hablar del <strong>lifting de gl\u00fateos brasile\u00f1o realizado en Marruecos<\/strong> y tiene curiosidad por saber m\u00e1s, lea m\u00e1s sobre este procedimiento y c\u00f3mo encontrar un cirujano de confianza en Marruecos para asegurarse de que se realiza de forma segura.\t\t\t\t\t\t<\/div>\n\t\t\t\t<\/div>\n\t\t\t\t\t<\/div>\n\t\t<\/div>\n\t\t\t\t\t<\/div>\n\t\t<\/section>\n\t\t\t\t<section class=\"elementor-section elementor-top-section elementor-element elementor-element-bce180b elementor-section-boxed elementor-section-height-default elementor-section-height-default\" data-id=\"bce180b\" data-element_type=\"section\">\n\t\t\t\t\t\t<div class=\"elementor-container elementor-column-gap-default\">\n\t\t\t\t\t<div class=\"elementor-column elementor-col-66 elementor-top-column elementor-element elementor-element-10b9d92\" data-id=\"10b9d92\" data-element_type=\"column\">\n\t\t\t<div class=\"elementor-widget-wrap elementor-element-populated\">\n\t\t\t\t\t\t<div class=\"elementor-element elementor-element-54a3e3f elementor-widget elementor-widget-text-editor\" data-id=\"54a3e3f\" data-element_type=\"widget\" data-widget_type=\"text-editor.default\">\n\t\t\t\t<div class=\"elementor-widget-container\">\n\t\t\t\t\t\t\t<h2>Presupuesto expr\u00e9s gratuito<\/h2>\n<style>\r\n.align_center {\r\n    display: block;\r\n    text-align: center;\r\n    padding: 30px 0px;\r\n}\r\n<\/style>\r\n\r\n<div>\r\n\t<h2 class=\"align_center\">Presupuesto r\u00e1pido gratuito<\/h2>\r\n<iframe src=\"https:\/\/app.metocrm.com\/web-forms\/e1cab5bd-ef56-4a37-aa71-4857d931f368\"  height=\"800px\" width=\"100%\"  frameborder=\"0\" style=\"border-radius: 10px;\"><\/iframe>\r\n\r\n<\/div>\t\t\t\t\t\t<\/div>\n\t\t\t\t<\/div>\n\t\t\t\t\t<\/div>\n\t\t<\/div>\n\t\t\t\t<div class=\"elementor-column elementor-col-33 elementor-top-column elementor-element elementor-element-0560ea8\" data-id=\"0560ea8\" data-element_type=\"column\">\n\t\t\t<div class=\"elementor-widget-wrap elementor-element-populated\">\n\t\t\t\t\t\t<div class=\"elementor-element elementor-element-4f33863 elementor-widget elementor-widget-image\" data-id=\"4f33863\" data-element_type=\"widget\" data-widget_type=\"image.default\">\n\t\t\t\t<div class=\"elementor-widget-container\">\n\t\t\t\t\t\t\t\t\t\t\t\t\t<img decoding=\"async\" width=\"508\" height=\"554\" src=\"https:\/\/www.la-chirurgie-esthetique-maroc.com\/wp-content\/uploads\/2022\/01\/la-chirurgie-esthetique-maroc_devis-1.webp\" class=\"attachment-large size-large wp-image-6422\" alt=\"\" srcset=\"https:\/\/www.la-chirurgie-esthetique-maroc.com\/wp-content\/uploads\/2022\/01\/la-chirurgie-esthetique-maroc_devis-1.webp 508w, https:\/\/www.la-chirurgie-esthetique-maroc.com\/wp-content\/uploads\/2022\/01\/la-chirurgie-esthetique-maroc_devis-1-275x300.webp 275w\" sizes=\"(max-width: 508px) 100vw, 508px\" \/>\t\t\t\t\t\t\t\t\t\t\t\t\t<\/div>\n\t\t\t\t<\/div>\n\t\t\t\t\t<\/div>\n\t\t<\/div>\n\t\t\t\t\t<\/div>\n\t\t<\/section>\n\t\t\t\t<section class=\"elementor-section elementor-top-section elementor-element elementor-element-b5098df bg-color forme_1 elementor-section-boxed elementor-section-height-default elementor-section-height-default\" data-id=\"b5098df\" data-element_type=\"section\">\n\t\t\t\t\t\t<div class=\"elementor-container elementor-column-gap-default\">\n\t\t\t\t\t<div class=\"elementor-column elementor-col-100 elementor-top-column elementor-element elementor-element-d30d185\" data-id=\"d30d185\" data-element_type=\"column\">\n\t\t\t<div class=\"elementor-widget-wrap elementor-element-populated\">\n\t\t\t\t\t\t<div class=\"elementor-element elementor-element-04a322e elementor-widget elementor-widget-text-editor\" data-id=\"04a322e\" data-element_type=\"widget\" data-widget_type=\"text-editor.default\">\n\t\t\t\t<div class=\"elementor-widget-container\">\n\t\t\t\t\t\t\t<h2>\u00bfEs usted un buen candidato para el lifting facial brasile\u00f1o en Marruecos?<\/h2>\nComo siempre, la mejor persona para determinar si usted es un buen candidato para la cirug\u00eda es su cirujano. Hay muchos factores que determinan si una BBL es adecuada para usted, pero es posible que su cirujano quiera comprobar los siguientes:\n<ul class=\"liste-page\">\n \t<li>Tiene un estilo de vida relativamente sano que incluye una dieta saludable y actividad f\u00edsica regular.<\/li>\n \t<li>Usted no fuma.<\/li>\n \t<li>Tiene un exceso de grasa acumulada en las caderas, el est\u00f3mago o los muslos que puede utilizarse para la intervenci\u00f3n.<\/li>\n \t<li>Adem\u00e1s, su cirujano probablemente le preguntar\u00e1 si su ropa le queda bien o si ha perdido su forma natural debido a fluctuaciones de peso o a la edad.<\/li>\n<\/ul>\t\t\t\t\t\t<\/div>\n\t\t\t\t<\/div>\n\t\t\t\t<div class=\"elementor-element elementor-element-5b7a577 elementor-widget elementor-widget-text-editor\" data-id=\"5b7a577\" data-element_type=\"widget\" data-widget_type=\"text-editor.default\">\n\t\t\t\t<div class=\"elementor-widget-container\">\n\t\t\t\t\t\t\t<h2>Lifting brasile\u00f1o de gl\u00fateos<\/h2>\nEl <strong>lifting brasile\u00f1o de gl\u00fateos <\/strong>se realiza con un injerto de grasa. Los resultados de la <strong>BBL en<\/strong> Marruecos se distinguen por un aspecto natural. La intervenci\u00f3n incluye los siguientes pasos:\n\nLa intervenci\u00f3n suele realizarse bajo anestesia, pero en los procedimientos en los que se transfiere un volumen menor de grasa, puede hacerse con anestesia local simple (f\u00e1rmaco anest\u00e9sico). Puede pedir de antemano medicamentos contra las n\u00e1useas, sobre todo si la anestesia le produce malestar.\n\nEl cirujano comienza con una liposucci\u00f3n para eliminar la grasa de otras zonas del cuerpo, como el est\u00f3mago, las caderas y los muslos. Para realizar este procedimiento de liposucci\u00f3n, el cirujano tiene que hacer incisiones en la piel y luego utilizar un tubo para aspirar la grasa.\n\nLas reservas de grasa que el tratamiento ha eliminado de las zonas objetivo se pasan por una centrifugadora para purificarlas. A continuaci\u00f3n, los ayudantes del cirujano preparar\u00e1n el injerto de grasa purificada en c\u00e1nulas adaptadas.\n\nA continuaci\u00f3n, el cirujano puede inyectarlos directamente en las nalgas en las zonas que permiten redondearlas conservando un aspecto natural.\n\nRealiza entre tres y cinco incisiones alrededor de los gl\u00fateos para poder realizar las transferencias del tejido graso que se va a injertar. A continuaci\u00f3n, las cierra con puntos y aplica una prenda de compresi\u00f3n para evitar hemorragias.\t\t\t\t\t\t<\/div>\n\t\t\t\t<\/div>\n\t\t\t\t\t<\/div>\n\t\t<\/div>\n\t\t\t\t\t<\/div>\n\t\t<\/section>\n\t\t\t\t<section class=\"elementor-section elementor-top-section elementor-element elementor-element-1e286b1c elementor-section-boxed elementor-section-height-default elementor-section-height-default\" data-id=\"1e286b1c\" data-element_type=\"section\">\n\t\t\t\t\t\t<div class=\"elementor-container elementor-column-gap-default\">\n\t\t\t\t\t<div class=\"elementor-column elementor-col-100 elementor-top-column elementor-element elementor-element-30a3f9b3\" data-id=\"30a3f9b3\" data-element_type=\"column\">\n\t\t\t<div class=\"elementor-widget-wrap elementor-element-populated\">\n\t\t\t\t\t\t<div class=\"elementor-element elementor-element-3332e5e7 elementor-widget elementor-widget-text-editor\" data-id=\"3332e5e7\" data-element_type=\"widget\" data-widget_type=\"text-editor.default\">\n\t\t\t\t<div class=\"elementor-widget-container\">\n\t\t\t\t\t\t\t\n<h2>Recuperaci\u00f3n de un lifting brasile\u00f1o de gl\u00fateos<\/h2>\n<img decoding=\"async\" class=\"alignright wp-image-3419\" src=\"https:\/\/www.la-chirurgie-esthetique-maroc.com\/wp-content\/uploads\/2021\/07\/lifting-bresilien-Maroc.jpg\" alt=\"lifting facial brasile\u00f1o Marruecos\" width=\"449\" height=\"299\" srcset=\"https:\/\/www.la-chirurgie-esthetique-maroc.com\/wp-content\/uploads\/2021\/07\/lifting-bresilien-Maroc.jpg 640w, https:\/\/www.la-chirurgie-esthetique-maroc.com\/wp-content\/uploads\/2021\/07\/lifting-bresilien-Maroc-300x200.jpg 300w\" sizes=\"(max-width: 449px) 100vw, 449px\" \/>Al igual que con cualquier cirug\u00eda est\u00e9tica, deber\u00e1 tomar precauciones especiales despu\u00e9s de un <strong>lifting brasile\u00f1o de gl\u00fateos<\/strong>. No podr\u00e1 sentarse sobre las nalgas durante los quince d\u00edas siguientes a la operaci\u00f3n, y tendr\u00e1 que dormir de lado o boca abajo hasta que la zona est\u00e9 completamente curada.\n\nLas nalgas pueden estar hinchadas durante varias semanas mientras se recupera de la operaci\u00f3n.\n\nEn general, los efectos de esta cirug\u00eda duran de varios meses a varios a\u00f1os.\n\nAl principio, es posible que tenga que someterse a varios procedimientos hasta obtener los resultados exactos que desea. Tambi\u00e9n pueden pasar hasta seis meses antes de que vea los resultados completos de la primera intervenci\u00f3n.\n\nPuede contribuir a garantizar un resultado positivo manteniendo un peso estable.\n<h2>Beneficios del lifting brasile\u00f1o de gl\u00fateos<\/h2>\nEl <strong>lifting brasile\u00f1o de gl\u00fateos en Marruecos<\/strong> ha ganado popularidad por los atractivos resultados que proporciona. A diferencia de las formas tradicionales de cirug\u00eda de gl\u00fateos, como los implantes de silicona, el <strong>lifting brasile\u00f1o BBL<\/strong> se valora por sus resultados de aspecto mucho m\u00e1s natural. Adem\u00e1s, los pacientes que optan por un lifting de gl\u00fateos brasile\u00f1o en Marruecos a menudo descubren que el procedimiento mejora los gl\u00fateos ca\u00eddos o deformes.\n\nLos estudios demuestran que las BBL tienen un menor riesgo de infecci\u00f3n durante el proceso de cicatrizaci\u00f3n, ya que no utilizan implantes de silicona. Como siempre, es importante discutir los beneficios y efectos secundarios de cualquier procedimiento con su cirujano en Marruecos.\n<h2>Posibles efectos secundarios de la BBL<\/h2>\nEs importante conocer los posibles efectos secundarios asociados a cualquier procedimiento al que decida someterse. Aunque son muy poco probables, algunos de los riesgos asociados a este procedimiento son los siguientes:\n<ul class=\"liste-page\">\n \t<li>Infecci\u00f3n.<\/li>\n \t<li>Cicatrices.<\/li>\n \t<li>Dolor.<\/li>\n \t<li>Falta de tersura de la piel donde se aspira o inyecta.<\/li>\n<\/ul>\nAdem\u00e1s, dependiendo de la respuesta de su cuerpo al injerto de grasa, podr\u00e1 someterse a una cirug\u00eda adicional para mantener la plenitud deseada si su cuerpo absorbe m\u00e1s grasa de la deseada. De nuevo, aunque es poco probable que experimente estos efectos secundarios, siempre es aconsejable comentarlos detalladamente con su cirujano antes de proceder a la intervenci\u00f3n.\t\t\t\t\t\t<\/div>\n\t\t\t\t<\/div>\n\t\t\t\t\t<\/div>\n\t\t<\/div>\n\t\t\t\t\t<\/div>\n\t\t<\/section>\n\t\t\t\t<section class=\"elementor-section elementor-top-section elementor-element elementor-element-28b4a4c center elementor-section-boxed elementor-section-height-default elementor-section-height-default\" data-id=\"28b4a4c\" data-element_type=\"section\">\n\t\t\t\t\t\t<div class=\"elementor-container elementor-column-gap-default\">\n\t\t\t\t\t<div class=\"elementor-column elementor-col-100 elementor-top-column elementor-element elementor-element-6bab936\" data-id=\"6bab936\" data-element_type=\"column\">\n\t\t\t<div class=\"elementor-widget-wrap elementor-element-populated\">\n\t\t\t\t\t\t<div class=\"elementor-element elementor-element-f9947b7 elementor-widget elementor-widget-html\" data-id=\"f9947b7\" data-element_type=\"widget\" data-widget_type=\"html.default\">\n\t\t\t\t<div class=\"elementor-widget-container\">\n\t\t\t<div class=\"btn_devis btn_intern\"><a href=\"https:\/\/www.la-chirurgie-esthetique-maroc.com\/es\/cita\/\"><span>Presupuesto gratuito<\/span><\/a><\/div>\t\t<\/div>\n\t\t\t\t<\/div>\n\t\t\t\t\t<\/div>\n\t\t<\/div>\n\t\t\t\t\t<\/div>\n\t\t<\/section>\n\t\t\t\t<\/div>\n\t\t","protected":false},"excerpt":{"rendered":"<p>El BBL en Marruecos es el lifting de gl\u00fateos brasile\u00f1o. Se trata de un popular procedimiento de cirug\u00eda est\u00e9tica que consiste en transferir grasa para a\u00f1adir volumen a su parte posterior. Presupuesto gratuito de lifting facial brasile\u00f1o Marruecos \u00bfQu\u00e9 es un lifting brasile\u00f1o de gl\u00fateos? El lifting brasile\u00f1o de gl\u00fateos combina liposucci\u00f3n e injertos de [&hellip;]<\/p>\n","protected":false},"author":2,"featured_media":6433,"parent":0,"menu_order":0,"comment_status":"closed","ping_status":"closed","template":"","meta":{"footnotes":""},"class_list":["post-6750","page","type-page","status-publish","has-post-thumbnail","hentry"],"yoast_head":"<!-- This site is optimized with the Yoast SEO plugin v27.5 - https:\/\/yoast.com\/product\/yoast-seo-wordpress\/ -->\n<title>Brazilian Butt lift Marruecos \u2600\ufe0f Brazilian Butt lift (BBL Marruecos)<\/title>\n<meta name=\"description\" content=\"Lifting facial brasile\u00f1o Marruecos: \u2705 BBL o lifting brasile\u00f1o para tener unos gl\u00fateos brasile\u00f1os grandes, abultados y atractivos a \u2b50 precio barato.\" \/>\n<meta name=\"robots\" content=\"index, follow, max-snippet:-1, max-image-preview:large, max-video-preview:-1\" \/>\n<link rel=\"canonical\" href=\"https:\/\/www.la-chirurgie-esthetique-maroc.com\/es\/bbl-o-lifting-facial-brasileno\/\" \/>\n<meta property=\"og:locale\" content=\"es_ES\" \/>\n<meta property=\"og:type\" content=\"article\" \/>\n<meta property=\"og:title\" content=\"Brazilian Butt lift Marruecos \u2600\ufe0f Brazilian Butt lift (BBL Marruecos)\" \/>\n<meta property=\"og:description\" content=\"Lifting facial brasile\u00f1o Marruecos: \u2705 BBL o lifting brasile\u00f1o para tener unos gl\u00fateos brasile\u00f1os grandes, abultados y atractivos a \u2b50 precio barato.\" \/>\n<meta property=\"og:url\" content=\"https:\/\/www.la-chirurgie-esthetique-maroc.com\/es\/bbl-o-lifting-facial-brasileno\/\" \/>\n<meta property=\"og:site_name\" content=\"Chirurgie esthetique Maroc\" \/>\n<meta property=\"article:modified_time\" content=\"2023-05-29T09:59:42+00:00\" \/>\n<meta property=\"og:image\" content=\"https:\/\/www.la-chirurgie-esthetique-maroc.com\/wp-content\/uploads\/2022\/01\/header_silhouette.webp\" \/>\n\t<meta property=\"og:image:width\" content=\"552\" \/>\n\t<meta property=\"og:image:height\" content=\"612\" \/>\n\t<meta property=\"og:image:type\" content=\"image\/webp\" \/>\n<meta name=\"twitter:card\" content=\"summary_large_image\" \/>\n<meta name=\"twitter:label1\" content=\"Tiempo de lectura\" \/>\n\t<meta name=\"twitter:data1\" content=\"5 minutos\" \/>\n<!-- \/ Yoast SEO plugin. -->","yoast_head_json":{"title":"Brazilian Butt lift Marruecos \u2600\ufe0f Brazilian Butt lift (BBL Marruecos)","description":"Lifting facial brasile\u00f1o Marruecos: \u2705 BBL o lifting brasile\u00f1o para tener unos gl\u00fateos brasile\u00f1os grandes, abultados y atractivos a \u2b50 precio barato.","robots":{"index":"index","follow":"follow","max-snippet":"max-snippet:-1","max-image-preview":"max-image-preview:large","max-video-preview":"max-video-preview:-1"},"canonical":"https:\/\/www.la-chirurgie-esthetique-maroc.com\/es\/bbl-o-lifting-facial-brasileno\/","og_locale":"es_ES","og_type":"article","og_title":"Brazilian Butt lift Marruecos \u2600\ufe0f Brazilian Butt lift (BBL Marruecos)","og_description":"Lifting facial brasile\u00f1o Marruecos: \u2705 BBL o lifting brasile\u00f1o para tener unos gl\u00fateos brasile\u00f1os grandes, abultados y atractivos a \u2b50 precio barato.","og_url":"https:\/\/www.la-chirurgie-esthetique-maroc.com\/es\/bbl-o-lifting-facial-brasileno\/","og_site_name":"Chirurgie esthetique Maroc","article_modified_time":"2023-05-29T09:59:42+00:00","og_image":[{"width":552,"height":612,"url":"https:\/\/www.la-chirurgie-esthetique-maroc.com\/wp-content\/uploads\/2022\/01\/header_silhouette.webp","type":"image\/webp"}],"twitter_card":"summary_large_image","twitter_misc":{"Tiempo de lectura":"5 minutos"},"schema":{"@context":"https:\/\/schema.org","@graph":[{"@type":"WebPage","@id":"https:\/\/www.la-chirurgie-esthetique-maroc.com\/es\/bbl-o-lifting-facial-brasileno\/","url":"https:\/\/www.la-chirurgie-esthetique-maroc.com\/es\/bbl-o-lifting-facial-brasileno\/","name":"Brazilian Butt lift Marruecos \u2600\ufe0f Brazilian Butt lift (BBL Marruecos)","isPartOf":{"@id":"https:\/\/www.la-chirurgie-esthetique-maroc.com\/es\/#website"},"primaryImageOfPage":{"@id":"https:\/\/www.la-chirurgie-esthetique-maroc.com\/es\/bbl-o-lifting-facial-brasileno\/#primaryimage"},"image":{"@id":"https:\/\/www.la-chirurgie-esthetique-maroc.com\/es\/bbl-o-lifting-facial-brasileno\/#primaryimage"},"thumbnailUrl":"https:\/\/www.la-chirurgie-esthetique-maroc.com\/wp-content\/uploads\/2022\/01\/header_silhouette.webp","datePublished":"2021-07-01T13:51:00+00:00","dateModified":"2023-05-29T09:59:42+00:00","description":"Lifting facial brasile\u00f1o Marruecos: \u2705 BBL o lifting brasile\u00f1o para tener unos gl\u00fateos brasile\u00f1os grandes, abultados y atractivos a \u2b50 precio barato.","breadcrumb":{"@id":"https:\/\/www.la-chirurgie-esthetique-maroc.com\/es\/bbl-o-lifting-facial-brasileno\/#breadcrumb"},"inLanguage":"es","potentialAction":[{"@type":"ReadAction","target":["https:\/\/www.la-chirurgie-esthetique-maroc.com\/es\/bbl-o-lifting-facial-brasileno\/"]}]},{"@type":"ImageObject","inLanguage":"es","@id":"https:\/\/www.la-chirurgie-esthetique-maroc.com\/es\/bbl-o-lifting-facial-brasileno\/#primaryimage","url":"https:\/\/www.la-chirurgie-esthetique-maroc.com\/wp-content\/uploads\/2022\/01\/header_silhouette.webp","contentUrl":"https:\/\/www.la-chirurgie-esthetique-maroc.com\/wp-content\/uploads\/2022\/01\/header_silhouette.webp","width":552,"height":612},{"@type":"BreadcrumbList","@id":"https:\/\/www.la-chirurgie-esthetique-maroc.com\/es\/bbl-o-lifting-facial-brasileno\/#breadcrumb","itemListElement":[{"@type":"ListItem","position":1,"name":"Accueil","item":"https:\/\/www.la-chirurgie-esthetique-maroc.com\/es\/"},{"@type":"ListItem","position":2,"name":"BBL o lifting facial brasile\u00f1o Marruecos"}]},{"@type":"WebSite","@id":"https:\/\/www.la-chirurgie-esthetique-maroc.com\/es\/#website","url":"https:\/\/www.la-chirurgie-esthetique-maroc.com\/es\/","name":"Chirurgie esthetique Maroc","description":"","publisher":{"@id":"https:\/\/www.la-chirurgie-esthetique-maroc.com\/es\/#organization"},"potentialAction":[{"@type":"SearchAction","target":{"@type":"EntryPoint","urlTemplate":"https:\/\/www.la-chirurgie-esthetique-maroc.com\/es\/?s={search_term_string}"},"query-input":{"@type":"PropertyValueSpecification","valueRequired":true,"valueName":"search_term_string"}}],"inLanguage":"es"},{"@type":"Organization","@id":"https:\/\/www.la-chirurgie-esthetique-maroc.com\/es\/#organization","name":"Chirurgie esthetique Maroc","url":"https:\/\/www.la-chirurgie-esthetique-maroc.com\/es\/","logo":{"@type":"ImageObject","inLanguage":"es","@id":"https:\/\/www.la-chirurgie-esthetique-maroc.com\/es\/#\/schema\/logo\/image\/","url":"https:\/\/www.la-chirurgie-esthetique-maroc.com\/wp-content\/uploads\/2022\/01\/cem3.png","contentUrl":"https:\/\/www.la-chirurgie-esthetique-maroc.com\/wp-content\/uploads\/2022\/01\/cem3.png","width":125,"height":41,"caption":"Chirurgie esthetique Maroc"},"image":{"@id":"https:\/\/www.la-chirurgie-esthetique-maroc.com\/es\/#\/schema\/logo\/image\/"}}]}},"_links":{"self":[{"href":"https:\/\/www.la-chirurgie-esthetique-maroc.com\/es\/wp-json\/wp\/v2\/pages\/6750","targetHints":{"allow":["GET"]}}],"collection":[{"href":"https:\/\/www.la-chirurgie-esthetique-maroc.com\/es\/wp-json\/wp\/v2\/pages"}],"about":[{"href":"https:\/\/www.la-chirurgie-esthetique-maroc.com\/es\/wp-json\/wp\/v2\/types\/page"}],"author":[{"embeddable":true,"href":"https:\/\/www.la-chirurgie-esthetique-maroc.com\/es\/wp-json\/wp\/v2\/users\/2"}],"replies":[{"embeddable":true,"href":"https:\/\/www.la-chirurgie-esthetique-maroc.com\/es\/wp-json\/wp\/v2\/comments?post=6750"}],"version-history":[{"count":8,"href":"https:\/\/www.la-chirurgie-esthetique-maroc.com\/es\/wp-json\/wp\/v2\/pages\/6750\/revisions"}],"predecessor-version":[{"id":7973,"href":"https:\/\/www.la-chirurgie-esthetique-maroc.com\/es\/wp-json\/wp\/v2\/pages\/6750\/revisions\/7973"}],"wp:featuredmedia":[{"embeddable":true,"href":"https:\/\/www.la-chirurgie-esthetique-maroc.com\/es\/wp-json\/wp\/v2\/media\/6433"}],"wp:attachment":[{"href":"https:\/\/www.la-chirurgie-esthetique-maroc.com\/es\/wp-json\/wp\/v2\/media?parent=6750"}],"curies":[{"name":"wp","href":"https:\/\/api.w.org\/{rel}","templated":true}]}}