{"id":6756,"date":"2021-08-31T12:13:05","date_gmt":"2021-08-31T10:13:05","guid":{"rendered":"https:\/\/www.la-chirurgie-esthetique-maroc.com\/ginecomastia-marruecos-liposuccion-de-grasa-mamaria\/"},"modified":"2024-02-22T13:40:53","modified_gmt":"2024-02-22T12:40:53","slug":"ginecomastia","status":"publish","type":"page","link":"https:\/\/www.la-chirurgie-esthetique-maroc.com\/es\/ginecomastia\/","title":{"rendered":"Ginecomastia Marruecos: liposucci\u00f3n de grasa mamaria"},"content":{"rendered":"\t\t<div data-elementor-type=\"wp-page\" data-elementor-id=\"6756\" class=\"elementor elementor-6756 elementor-3483\">\n\t\t\t\t\t\t<section class=\"elementor-section elementor-top-section elementor-element elementor-element-96fc2a5 elementor-section-boxed elementor-section-height-default elementor-section-height-default\" data-id=\"96fc2a5\" data-element_type=\"section\">\n\t\t\t\t\t\t<div class=\"elementor-container elementor-column-gap-default\">\n\t\t\t\t\t<div class=\"elementor-column elementor-col-100 elementor-top-column elementor-element elementor-element-3a09ae4\" data-id=\"3a09ae4\" data-element_type=\"column\">\n\t\t\t<div class=\"elementor-widget-wrap elementor-element-populated\">\n\t\t\t\t\t\t<div class=\"elementor-element elementor-element-c57a032 elementor-widget elementor-widget-text-editor\" data-id=\"c57a032\" data-element_type=\"widget\" data-widget_type=\"text-editor.default\">\n\t\t\t\t<div class=\"elementor-widget-container\">\n\t\t\t\t\t\t\tEl t\u00e9rmino <strong>ginecomastia en Marruecos<\/strong>, pronunciado guy-nee-co-mastia, procede de la palabra griega que significa <strong>&#8220;pecho de mujer&#8221;<\/strong> y se refiere al desarrollo de un exceso de tejido mamario glandular o graso en los hombres. Esta modificaci\u00f3n de las mamas suele ser percibida como vergonzosa por los hombres afectados y puede acarrearles problemas, a veces considerables, de confianza en s\u00ed mismos.\n\nSi el agrandamiento de la gl\u00e1ndula mamaria resulta muy estresante para el afectado y fracasa el tratamiento farmacol\u00f3gico, puede plantearse la <strong>extirpaci\u00f3n quir\u00fargica de la mama <\/strong>. Sin embargo, la operaci\u00f3n no elimina la causa de la ginecomastia, s\u00f3lo elimina el tejido y la grasa de la gl\u00e1ndula mamaria.\t\t\t\t\t\t<\/div>\n\t\t\t\t<\/div>\n\t\t\t\t\t<\/div>\n\t\t<\/div>\n\t\t\t\t\t<\/div>\n\t\t<\/section>\n\t\t\t\t<section class=\"elementor-section elementor-top-section elementor-element elementor-element-db56d59 elementor-section-boxed elementor-section-height-default elementor-section-height-default\" data-id=\"db56d59\" data-element_type=\"section\">\n\t\t\t\t\t\t<div class=\"elementor-container elementor-column-gap-default\">\n\t\t\t\t\t<div class=\"elementor-column elementor-col-66 elementor-top-column elementor-element elementor-element-91df56c\" data-id=\"91df56c\" data-element_type=\"column\">\n\t\t\t<div class=\"elementor-widget-wrap elementor-element-populated\">\n\t\t\t\t\t\t<div class=\"elementor-element elementor-element-4a326a0 elementor-widget elementor-widget-text-editor\" data-id=\"4a326a0\" data-element_type=\"widget\" data-widget_type=\"text-editor.default\">\n\t\t\t\t<div class=\"elementor-widget-container\">\n\t\t\t\t\t\t\t<h2>Presupuesto expr\u00e9s gratuito<\/h2>\n<style>\r\n.align_center {\r\n    display: block;\r\n    text-align: center;\r\n    padding: 30px 0px;\r\n}\r\n<\/style>\r\n\r\n<div>\r\n\t<h2 class=\"align_center\">Presupuesto r\u00e1pido gratuito<\/h2>\r\n<iframe src=\"https:\/\/app.metocrm.com\/web-forms\/e1cab5bd-ef56-4a37-aa71-4857d931f368\"  height=\"800px\" width=\"100%\"  frameborder=\"0\" style=\"border-radius: 10px;\"><\/iframe>\r\n\r\n<\/div>\t\t\t\t\t\t<\/div>\n\t\t\t\t<\/div>\n\t\t\t\t\t<\/div>\n\t\t<\/div>\n\t\t\t\t<div class=\"elementor-column elementor-col-33 elementor-top-column elementor-element elementor-element-c88bd82\" data-id=\"c88bd82\" data-element_type=\"column\">\n\t\t\t<div class=\"elementor-widget-wrap elementor-element-populated\">\n\t\t\t\t\t\t<div class=\"elementor-element elementor-element-155cdf2 elementor-widget elementor-widget-image\" data-id=\"155cdf2\" data-element_type=\"widget\" data-widget_type=\"image.default\">\n\t\t\t\t<div class=\"elementor-widget-container\">\n\t\t\t\t\t\t\t\t\t\t\t\t\t<img fetchpriority=\"high\" decoding=\"async\" width=\"508\" height=\"554\" src=\"https:\/\/www.la-chirurgie-esthetique-maroc.com\/wp-content\/uploads\/2022\/01\/la-chirurgie-esthetique-maroc_devis-1.webp\" class=\"attachment-large size-large wp-image-6422\" alt=\"\" srcset=\"https:\/\/www.la-chirurgie-esthetique-maroc.com\/wp-content\/uploads\/2022\/01\/la-chirurgie-esthetique-maroc_devis-1.webp 508w, https:\/\/www.la-chirurgie-esthetique-maroc.com\/wp-content\/uploads\/2022\/01\/la-chirurgie-esthetique-maroc_devis-1-275x300.webp 275w\" sizes=\"(max-width: 508px) 100vw, 508px\" \/>\t\t\t\t\t\t\t\t\t\t\t\t\t<\/div>\n\t\t\t\t<\/div>\n\t\t\t\t\t<\/div>\n\t\t<\/div>\n\t\t\t\t\t<\/div>\n\t\t<\/section>\n\t\t\t\t<section class=\"elementor-section elementor-top-section elementor-element elementor-element-7df186f elementor-section-boxed elementor-section-height-default elementor-section-height-default\" data-id=\"7df186f\" data-element_type=\"section\">\n\t\t\t\t\t\t<div class=\"elementor-container elementor-column-gap-default\">\n\t\t\t\t\t<div class=\"elementor-column elementor-col-100 elementor-top-column elementor-element elementor-element-8769d4d\" data-id=\"8769d4d\" data-element_type=\"column\">\n\t\t\t<div class=\"elementor-widget-wrap\">\n\t\t\t\t\t\t\t<\/div>\n\t\t<\/div>\n\t\t\t\t\t<\/div>\n\t\t<\/section>\n\t\t\t\t<section class=\"elementor-section elementor-top-section elementor-element elementor-element-600d901 bg-color forme_1 elementor-section-boxed elementor-section-height-default elementor-section-height-default\" data-id=\"600d901\" data-element_type=\"section\">\n\t\t\t\t\t\t<div class=\"elementor-container elementor-column-gap-default\">\n\t\t\t\t\t<div class=\"elementor-column elementor-col-100 elementor-top-column elementor-element elementor-element-5afcd8c\" data-id=\"5afcd8c\" data-element_type=\"column\">\n\t\t\t<div class=\"elementor-widget-wrap elementor-element-populated\">\n\t\t\t\t\t\t<div class=\"elementor-element elementor-element-58966da elementor-widget elementor-widget-text-editor\" data-id=\"58966da\" data-element_type=\"widget\" data-widget_type=\"text-editor.default\">\n\t\t\t\t<div class=\"elementor-widget-container\">\n\t\t\t\t\t\t\t<h2>\u00bfCu\u00e1les son los costes de una operaci\u00f3n de ginecomastia en Marruecos?<\/h2>\nLos costes de la ginecomastia dependen del alcance individual de los servicios. Esto significa que las tarifas pueden variar en funci\u00f3n del paciente. Para obtener informaci\u00f3n detallada e individualizada sobre el <strong>precio de la ginecomastia en Marruecos<\/strong>, puede solicitar un presupuesto.\t\t\t\t\t\t<\/div>\n\t\t\t\t<\/div>\n\t\t\t\t<div class=\"elementor-element elementor-element-eed22fb center elementor-widget elementor-widget-html\" data-id=\"eed22fb\" data-element_type=\"widget\" data-widget_type=\"html.default\">\n\t\t\t\t<div class=\"elementor-widget-container\">\n\t\t\t<div class=\"btn_devis\"><a href=\"https:\/\/www.la-chirurgie-esthetique-maroc.com\/es\/cita\/\"><span>  Presupuesto gratuito con un precio barato para Ginecomastia<\/span><\/a><\/div>\t\t<\/div>\n\t\t\t\t<\/div>\n\t\t\t\t<div class=\"elementor-element elementor-element-f65a5d5 elementor-widget elementor-widget-text-editor\" data-id=\"f65a5d5\" data-element_type=\"widget\" data-widget_type=\"text-editor.default\">\n\t\t\t\t<div class=\"elementor-widget-container\">\n\t\t\t\t\t\t\t<h2>\u00bfCu\u00e1les son las causas de la ginecomastia?<\/h2>\nAunque no existe una causa definitiva de la ginecomastia, se cree que es el resultado de la circulaci\u00f3n de hormonas en c\u00e9lulas espec\u00edficas de la zona mamaria. Como tal, los s\u00edntomas de la enfermedad suelen manifestarse despu\u00e9s de la pubertad, aunque la enfermedad puede ser visible al nacer.\n\nTambi\u00e9n se cree que un desequilibrio en la proporci\u00f3n de hormonas masculinas y femeninas en el organismo contribuye al desarrollo de la enfermedad. Aunque en la mayor\u00eda de los casos la causa de la ginecomastia es el desarrollo, en algunos casos la afecci\u00f3n est\u00e1 relacionada con el consumo de sustancias como los esteroides anabolizantes o la marihuana.\n\nA menudo, la enfermedad puede ser gen\u00e9tica o hereditaria, o derivarse de una enfermedad org\u00e1nica.\n\t\t\t\t\t\t<\/div>\n\t\t\t\t<\/div>\n\t\t\t\t\t<\/div>\n\t\t<\/div>\n\t\t\t\t\t<\/div>\n\t\t<\/section>\n\t\t\t\t<section class=\"elementor-section elementor-top-section elementor-element elementor-element-5b3b9b6f elementor-section-boxed elementor-section-height-default elementor-section-height-default\" data-id=\"5b3b9b6f\" data-element_type=\"section\">\n\t\t\t\t\t\t<div class=\"elementor-container elementor-column-gap-default\">\n\t\t\t\t\t<div class=\"elementor-column elementor-col-100 elementor-top-column elementor-element elementor-element-332f473a\" data-id=\"332f473a\" data-element_type=\"column\">\n\t\t\t<div class=\"elementor-widget-wrap elementor-element-populated\">\n\t\t\t\t\t\t<div class=\"elementor-element elementor-element-ffc8f03 elementor-widget elementor-widget-text-editor\" data-id=\"ffc8f03\" data-element_type=\"widget\" data-widget_type=\"text-editor.default\">\n\t\t\t\t<div class=\"elementor-widget-container\">\n\t\t\t\t\t\t\t<h2>\u00bfCu\u00e1les son los diferentes tipos de ginecomastia en Marruecos?<\/h2>\nExisten varios tipos de ginecomastia:\n<ul class=\"liste-page\">\n \t<li><strong>Ginecomastia unilateral<\/strong>, que es una asimetr\u00eda entre las dos mamas. Notar\u00e1 que un pecho est\u00e1 m\u00e1s hinchado que el otro.<\/li>\n \t<li><strong>Ginecomastia difusa, dendr\u00edtica o nodular<\/strong>. Si la ginecomastia es nodular, entonces est\u00e1 perfectamente definida. Cuando es dendr\u00edtica, tiene forma triangular. En cambio, si es difusa, no est\u00e1 delimitada.<\/li>\n<\/ul>\nEn \u00faltima instancia, la ginecomastia puede ser glandular o grasa. Si la inflamaci\u00f3n procede de una masa de c\u00e9lulas grasas, el cirujano realizar\u00e1 en su lugar una adipomplastia.\n<h2>\u00bfC\u00f3mo se realiza la intervenci\u00f3n de Ginecomastia?<\/h2>\nAntes de la operaci\u00f3n, conocer\u00e1 al cirujano durante una consulta inicial. Esta es una oportunidad para que conozcan sus necesidades, sus expectativas y sus antecedentes. Examinar\u00e1 la zona a tratar y determinar\u00e1 el tratamiento adecuado para usted.\n\nLa cirug\u00eda de la ginecomastia puede realizarse con anestesia local o general. La elecci\u00f3n entre estos dos tipos de anestesia se har\u00e1 entre usted y el anestesista. El procedimiento dura de media entre una hora y una hora y media.\n\nDurante la operaci\u00f3n, el cirujano realiza varios pasos. En primer lugar, realiza <a href=\"https:\/\/www.la-chirurgie-esthetique-maroc.com\/es\/liposuccion\/\">una liposucci\u00f3n de la grasa del pecho<\/a>. Realiza una incisi\u00f3n muy peque\u00f1a de 3 a 4 mm bajo cada brazo. A continuaci\u00f3n, extrae el exceso de grasa con una c\u00e1nula fina de punta roma perforada.\n\nA continuaci\u00f3n, reduce la gl\u00e1ndula mamaria y realiza una incisi\u00f3n alrededor de cada areola. Tras la intervenci\u00f3n s\u00f3lo quedar\u00e1 una cicatriz semicircular muy fina.\n\nPor \u00faltimo, tensa la piel. Cuando tiene mucho exceso de piel y \u00e9sta no es lo suficientemente el\u00e1stica, el cirujano puede eliminar el exceso de piel y rellenar el pecho.\n\nAl final de la operaci\u00f3n, el m\u00e9dico suturar\u00e1 las incisiones y las cubrir\u00e1 con un vendaje.\n\t\t\t\t\t\t<\/div>\n\t\t\t\t<\/div>\n\t\t\t\t<div class=\"elementor-element elementor-element-217658e center elementor-widget elementor-widget-html\" data-id=\"217658e\" data-element_type=\"widget\" data-widget_type=\"html.default\">\n\t\t\t\t<div class=\"elementor-widget-container\">\n\t\t\t<div class=\"btn_devis btn_intern\"><a href=\"https:\/\/www.la-chirurgie-esthetique-maroc.com\/es\/cita\/\"><span>  Presupuesto gratuito para Ginecomastia en Marruecos<\/span><\/a><\/div>\t\t<\/div>\n\t\t\t\t<\/div>\n\t\t\t\t\t<\/div>\n\t\t<\/div>\n\t\t\t\t\t<\/div>\n\t\t<\/section>\n\t\t\t\t<section class=\"elementor-section elementor-top-section elementor-element elementor-element-9693fe0 bg-color forme_1 elementor-section-boxed elementor-section-height-default elementor-section-height-default\" data-id=\"9693fe0\" data-element_type=\"section\">\n\t\t\t\t\t\t<div class=\"elementor-container elementor-column-gap-default\">\n\t\t\t\t\t<div class=\"elementor-column elementor-col-100 elementor-top-column elementor-element elementor-element-85d28af\" data-id=\"85d28af\" data-element_type=\"column\">\n\t\t\t<div class=\"elementor-widget-wrap elementor-element-populated\">\n\t\t\t\t\t\t<div class=\"elementor-element elementor-element-68d9d2c elementor-widget elementor-widget-text-editor\" data-id=\"68d9d2c\" data-element_type=\"widget\" data-widget_type=\"text-editor.default\">\n\t\t\t\t<div class=\"elementor-widget-container\">\n\t\t\t\t\t\t\t<h2>\u00bfC\u00f3mo va la recuperaci\u00f3n?<\/h2>\nLa ginecomastia en Marruecos es una operaci\u00f3n tras la cual es necesario esperar la aparici\u00f3n de hinchaz\u00f3n y hematomas. La liposucci\u00f3n requiere el uso de un m\u00e9todo de compresi\u00f3n en la zona tratada durante 2 o 3 semanas seguidas. De este modo, se evita la acumulaci\u00f3n de l\u00edquido bajo la piel y \u00e9sta se reposiciona hasta ajustarse al volumen reducido del pecho.\n\nTranscurridos unos 4 d\u00edas tras la operaci\u00f3n, el paciente puede reincorporarse a su vida social y profesional con normalidad.\n<h2>\u00bfQu\u00e9 complicaciones puede tener el tratamiento quir\u00fargico de la ginecomastia?<\/h2>\nToda cirug\u00eda est\u00e9tica entra\u00f1a incertidumbres y riesgos. La cirug\u00eda de la ginecomastia no es una excepci\u00f3n. Sin embargo, cuando las realiza un cirujano pl\u00e1stico altamente cualificado y con experiencia, las complicaciones son poco frecuentes y suelen ser menores. Dado que la anatom\u00eda, las reacciones f\u00edsicas y la capacidad de curaci\u00f3n de cada persona var\u00edan considerablemente, el resultado nunca es completamente predecible.\t\t\t\t\t\t<\/div>\n\t\t\t\t<\/div>\n\t\t\t\t\t<\/div>\n\t\t<\/div>\n\t\t\t\t\t<\/div>\n\t\t<\/section>\n\t\t\t\t<section class=\"elementor-section elementor-top-section elementor-element elementor-element-b29dc23 elementor-section-boxed elementor-section-height-default elementor-section-height-default\" data-id=\"b29dc23\" data-element_type=\"section\">\n\t\t\t\t\t\t<div class=\"elementor-container elementor-column-gap-default\">\n\t\t\t\t\t<div class=\"elementor-column elementor-col-100 elementor-top-column elementor-element elementor-element-4cdfa58\" data-id=\"4cdfa58\" data-element_type=\"column\">\n\t\t\t<div class=\"elementor-widget-wrap elementor-element-populated\">\n\t\t\t\t\t\t<section class=\"elementor-section elementor-inner-section elementor-element elementor-element-29bac0c elementor-section-boxed elementor-section-height-default elementor-section-height-default\" data-id=\"29bac0c\" data-element_type=\"section\">\n\t\t\t\t\t\t<div class=\"elementor-container elementor-column-gap-default\">\n\t\t\t\t\t<div class=\"elementor-column elementor-col-100 elementor-inner-column elementor-element elementor-element-35c5e19\" data-id=\"35c5e19\" data-element_type=\"column\">\n\t\t\t<div class=\"elementor-widget-wrap elementor-element-populated\">\n\t\t\t\t\t\t<div class=\"elementor-element elementor-element-df3e99c elementor-widget elementor-widget-text-editor\" data-id=\"df3e99c\" data-element_type=\"widget\" data-widget_type=\"text-editor.default\">\n\t\t\t\t<div class=\"elementor-widget-container\">\n\t\t\t\t\t\t\t\n\nLas complicaciones de la ginecomastia en Marruecos son poco frecuentes, pero vale la pena mencionarlas de todos modos. Estos son :\n<ul class=\"liste-page\">\n \t<li>Cicatrizaci\u00f3n en el lugar de las incisiones quir\u00fargicas<\/li>\n \t<li>Irregularidades del contorno o formaci\u00f3n de hoyuelos en la zona tratada<\/li>\n \t<li>Desigualdad o asimetr\u00eda entre bandos<\/li>\n \t<li>Entumecimiento e hinchaz\u00f3n prolongados<\/li>\n \t<li>Formaci\u00f3n de hematomas o seromas<\/li>\n \t<li>Infecci\u00f3n<\/li>\n<\/ul>\nDurante la consulta, todos estos riesgos y complicaciones se comentar\u00e1n en detalle con su cirujano.\t\t\t\t\t\t<\/div>\n\t\t\t\t<\/div>\n\t\t\t\t\t<\/div>\n\t\t<\/div>\n\t\t\t\t\t<\/div>\n\t\t<\/section>\n\t\t\t\t<div class=\"elementor-element elementor-element-b2ebe65 elementor-widget elementor-widget-text-editor\" data-id=\"b2ebe65\" data-element_type=\"widget\" data-widget_type=\"text-editor.default\">\n\t\t\t\t<div class=\"elementor-widget-container\">\n\t\t\t\t\t\t\t<h2>\u00bfC\u00f3mo se ven los resultados?<\/h2>\nEl tratamiento de la <strong>ginecomastia en Marruecos <\/strong>da un resultado visible inmediato. La gl\u00e1ndula mamaria recupera su aspecto normal con un solo brote, y el exceso de grasa se elimina mediante liposucci\u00f3n de los dep\u00f3sitos grasos de la mama.\n\nEl resultado final del tratamiento de la ginecomastia no aparece inmediatamente despu\u00e9s de la intervenci\u00f3n. Este resultado definitivo, y la desaparici\u00f3n de los senos, aparece varias semanas despu\u00e9s de la desaparici\u00f3n de la hinchaz\u00f3n y la retracci\u00f3n de la piel sobrante. El pecho se combina armoniosamente con el m\u00fasculo pectoral. Los hombres encuentran un pecho m\u00e1s masculino y pueden volver a hacer topless o llevar camisetas ajustadas con confianza.\t\t\t\t\t\t<\/div>\n\t\t\t\t<\/div>\n\t\t\t\t\t<\/div>\n\t\t<\/div>\n\t\t\t\t\t<\/div>\n\t\t<\/section>\n\t\t\t\t<section class=\"elementor-section elementor-top-section elementor-element elementor-element-4e37d12 center elementor-section-boxed elementor-section-height-default elementor-section-height-default\" data-id=\"4e37d12\" data-element_type=\"section\">\n\t\t\t\t\t\t<div class=\"elementor-container elementor-column-gap-default\">\n\t\t\t\t\t<div class=\"elementor-column elementor-col-100 elementor-top-column elementor-element elementor-element-58a4e68\" data-id=\"58a4e68\" data-element_type=\"column\">\n\t\t\t<div class=\"elementor-widget-wrap elementor-element-populated\">\n\t\t\t\t\t\t<div class=\"elementor-element elementor-element-778b50c elementor-widget elementor-widget-html\" data-id=\"778b50c\" data-element_type=\"widget\" data-widget_type=\"html.default\">\n\t\t\t\t<div class=\"elementor-widget-container\">\n\t\t\t<div class=\"btn_devis btn_intern\"><a href=\"https:\/\/www.la-chirurgie-esthetique-maroc.com\/es\/cita\/\"><span>Presupuesto gratuito<\/span><\/a><\/div>\t\t<\/div>\n\t\t\t\t<\/div>\n\t\t\t\t\t<\/div>\n\t\t<\/div>\n\t\t\t\t\t<\/div>\n\t\t<\/section>\n\t\t\t\t<\/div>\n\t\t","protected":false},"excerpt":{"rendered":"<p>El t\u00e9rmino ginecomastia en Marruecos, pronunciado guy-nee-co-mastia, procede de la palabra griega que significa &#8220;pecho de mujer&#8221; y se refiere al desarrollo de un exceso de tejido mamario glandular o graso en los hombres. Esta modificaci\u00f3n de las mamas suele ser percibida como vergonzosa por los hombres afectados y puede acarrearles problemas, a veces considerables, [&hellip;]<\/p>\n","protected":false},"author":2,"featured_media":6433,"parent":0,"menu_order":0,"comment_status":"closed","ping_status":"closed","template":"","meta":{"footnotes":""},"class_list":["post-6756","page","type-page","status-publish","has-post-thumbnail","hentry"],"yoast_head":"<!-- This site is optimized with the Yoast SEO plugin v27.5 - https:\/\/yoast.com\/product\/yoast-seo-wordpress\/ -->\n<title>Ginecomastia Marruecos: reducci\u00f3n mamaria para hombres<\/title>\n<meta name=\"description\" content=\"Ginecomastia Marruecos: liposucci\u00f3n de grasa para mamas hiperdesarrolladas en hombres a precios baratos. Presupuesto gratuito.\" \/>\n<meta name=\"robots\" content=\"index, follow, max-snippet:-1, max-image-preview:large, max-video-preview:-1\" \/>\n<link rel=\"canonical\" href=\"https:\/\/www.la-chirurgie-esthetique-maroc.com\/es\/ginecomastia\/\" \/>\n<meta property=\"og:locale\" content=\"es_ES\" \/>\n<meta property=\"og:type\" content=\"article\" \/>\n<meta property=\"og:title\" content=\"Ginecomastia Marruecos: reducci\u00f3n mamaria para hombres\" \/>\n<meta property=\"og:description\" content=\"Ginecomastia Marruecos: liposucci\u00f3n de grasa para mamas hiperdesarrolladas en hombres a precios baratos. Presupuesto gratuito.\" \/>\n<meta property=\"og:url\" content=\"https:\/\/www.la-chirurgie-esthetique-maroc.com\/es\/ginecomastia\/\" \/>\n<meta property=\"og:site_name\" content=\"Chirurgie esthetique Maroc\" \/>\n<meta property=\"article:modified_time\" content=\"2024-02-22T12:40:53+00:00\" \/>\n<meta property=\"og:image\" content=\"https:\/\/www.la-chirurgie-esthetique-maroc.com\/wp-content\/uploads\/2022\/01\/header_silhouette.webp\" \/>\n\t<meta property=\"og:image:width\" content=\"552\" \/>\n\t<meta property=\"og:image:height\" content=\"612\" \/>\n\t<meta property=\"og:image:type\" content=\"image\/webp\" \/>\n<meta name=\"twitter:card\" content=\"summary_large_image\" \/>\n<meta name=\"twitter:label1\" content=\"Tiempo de lectura\" \/>\n\t<meta name=\"twitter:data1\" content=\"5 minutos\" \/>\n<!-- \/ Yoast SEO plugin. -->","yoast_head_json":{"title":"Ginecomastia Marruecos: reducci\u00f3n mamaria para hombres","description":"Ginecomastia Marruecos: liposucci\u00f3n de grasa para mamas hiperdesarrolladas en hombres a precios baratos. Presupuesto gratuito.","robots":{"index":"index","follow":"follow","max-snippet":"max-snippet:-1","max-image-preview":"max-image-preview:large","max-video-preview":"max-video-preview:-1"},"canonical":"https:\/\/www.la-chirurgie-esthetique-maroc.com\/es\/ginecomastia\/","og_locale":"es_ES","og_type":"article","og_title":"Ginecomastia Marruecos: reducci\u00f3n mamaria para hombres","og_description":"Ginecomastia Marruecos: liposucci\u00f3n de grasa para mamas hiperdesarrolladas en hombres a precios baratos. Presupuesto gratuito.","og_url":"https:\/\/www.la-chirurgie-esthetique-maroc.com\/es\/ginecomastia\/","og_site_name":"Chirurgie esthetique Maroc","article_modified_time":"2024-02-22T12:40:53+00:00","og_image":[{"width":552,"height":612,"url":"https:\/\/www.la-chirurgie-esthetique-maroc.com\/wp-content\/uploads\/2022\/01\/header_silhouette.webp","type":"image\/webp"}],"twitter_card":"summary_large_image","twitter_misc":{"Tiempo de lectura":"5 minutos"},"schema":{"@context":"https:\/\/schema.org","@graph":[{"@type":"WebPage","@id":"https:\/\/www.la-chirurgie-esthetique-maroc.com\/es\/ginecomastia\/","url":"https:\/\/www.la-chirurgie-esthetique-maroc.com\/es\/ginecomastia\/","name":"Ginecomastia Marruecos: reducci\u00f3n mamaria para hombres","isPartOf":{"@id":"https:\/\/www.la-chirurgie-esthetique-maroc.com\/es\/#website"},"primaryImageOfPage":{"@id":"https:\/\/www.la-chirurgie-esthetique-maroc.com\/es\/ginecomastia\/#primaryimage"},"image":{"@id":"https:\/\/www.la-chirurgie-esthetique-maroc.com\/es\/ginecomastia\/#primaryimage"},"thumbnailUrl":"https:\/\/www.la-chirurgie-esthetique-maroc.com\/wp-content\/uploads\/2022\/01\/header_silhouette.webp","datePublished":"2021-08-31T10:13:05+00:00","dateModified":"2024-02-22T12:40:53+00:00","description":"Ginecomastia Marruecos: liposucci\u00f3n de grasa para mamas hiperdesarrolladas en hombres a precios baratos. Presupuesto gratuito.","breadcrumb":{"@id":"https:\/\/www.la-chirurgie-esthetique-maroc.com\/es\/ginecomastia\/#breadcrumb"},"inLanguage":"es","potentialAction":[{"@type":"ReadAction","target":["https:\/\/www.la-chirurgie-esthetique-maroc.com\/es\/ginecomastia\/"]}]},{"@type":"ImageObject","inLanguage":"es","@id":"https:\/\/www.la-chirurgie-esthetique-maroc.com\/es\/ginecomastia\/#primaryimage","url":"https:\/\/www.la-chirurgie-esthetique-maroc.com\/wp-content\/uploads\/2022\/01\/header_silhouette.webp","contentUrl":"https:\/\/www.la-chirurgie-esthetique-maroc.com\/wp-content\/uploads\/2022\/01\/header_silhouette.webp","width":552,"height":612},{"@type":"BreadcrumbList","@id":"https:\/\/www.la-chirurgie-esthetique-maroc.com\/es\/ginecomastia\/#breadcrumb","itemListElement":[{"@type":"ListItem","position":1,"name":"Accueil","item":"https:\/\/www.la-chirurgie-esthetique-maroc.com\/es\/"},{"@type":"ListItem","position":2,"name":"Ginecomastia Marruecos: liposucci\u00f3n de grasa mamaria"}]},{"@type":"WebSite","@id":"https:\/\/www.la-chirurgie-esthetique-maroc.com\/es\/#website","url":"https:\/\/www.la-chirurgie-esthetique-maroc.com\/es\/","name":"Chirurgie esthetique Maroc","description":"","publisher":{"@id":"https:\/\/www.la-chirurgie-esthetique-maroc.com\/es\/#organization"},"potentialAction":[{"@type":"SearchAction","target":{"@type":"EntryPoint","urlTemplate":"https:\/\/www.la-chirurgie-esthetique-maroc.com\/es\/?s={search_term_string}"},"query-input":{"@type":"PropertyValueSpecification","valueRequired":true,"valueName":"search_term_string"}}],"inLanguage":"es"},{"@type":"Organization","@id":"https:\/\/www.la-chirurgie-esthetique-maroc.com\/es\/#organization","name":"Chirurgie esthetique Maroc","url":"https:\/\/www.la-chirurgie-esthetique-maroc.com\/es\/","logo":{"@type":"ImageObject","inLanguage":"es","@id":"https:\/\/www.la-chirurgie-esthetique-maroc.com\/es\/#\/schema\/logo\/image\/","url":"https:\/\/www.la-chirurgie-esthetique-maroc.com\/wp-content\/uploads\/2022\/01\/cem3.png","contentUrl":"https:\/\/www.la-chirurgie-esthetique-maroc.com\/wp-content\/uploads\/2022\/01\/cem3.png","width":125,"height":41,"caption":"Chirurgie esthetique Maroc"},"image":{"@id":"https:\/\/www.la-chirurgie-esthetique-maroc.com\/es\/#\/schema\/logo\/image\/"}}]}},"_links":{"self":[{"href":"https:\/\/www.la-chirurgie-esthetique-maroc.com\/es\/wp-json\/wp\/v2\/pages\/6756","targetHints":{"allow":["GET"]}}],"collection":[{"href":"https:\/\/www.la-chirurgie-esthetique-maroc.com\/es\/wp-json\/wp\/v2\/pages"}],"about":[{"href":"https:\/\/www.la-chirurgie-esthetique-maroc.com\/es\/wp-json\/wp\/v2\/types\/page"}],"author":[{"embeddable":true,"href":"https:\/\/www.la-chirurgie-esthetique-maroc.com\/es\/wp-json\/wp\/v2\/users\/2"}],"replies":[{"embeddable":true,"href":"https:\/\/www.la-chirurgie-esthetique-maroc.com\/es\/wp-json\/wp\/v2\/comments?post=6756"}],"version-history":[{"count":10,"href":"https:\/\/www.la-chirurgie-esthetique-maroc.com\/es\/wp-json\/wp\/v2\/pages\/6756\/revisions"}],"predecessor-version":[{"id":8449,"href":"https:\/\/www.la-chirurgie-esthetique-maroc.com\/es\/wp-json\/wp\/v2\/pages\/6756\/revisions\/8449"}],"wp:featuredmedia":[{"embeddable":true,"href":"https:\/\/www.la-chirurgie-esthetique-maroc.com\/es\/wp-json\/wp\/v2\/media\/6433"}],"wp:attachment":[{"href":"https:\/\/www.la-chirurgie-esthetique-maroc.com\/es\/wp-json\/wp\/v2\/media?parent=6756"}],"curies":[{"name":"wp","href":"https:\/\/api.w.org\/{rel}","templated":true}]}}