{"id":6767,"date":"2018-05-10T09:58:48","date_gmt":"2018-05-10T07:58:48","guid":{"rendered":"https:\/\/www.la-chirurgie-esthetique-maroc.com\/inseminacion-artificial-marruecos\/"},"modified":"2023-05-29T12:07:05","modified_gmt":"2023-05-29T10:07:05","slug":"inseminacion-artificial","status":"publish","type":"page","link":"https:\/\/www.la-chirurgie-esthetique-maroc.com\/es\/inseminacion-artificial\/","title":{"rendered":"Inseminaci\u00f3n artificial Marruecos"},"content":{"rendered":"\t\t<div data-elementor-type=\"wp-page\" data-elementor-id=\"6767\" class=\"elementor elementor-6767 elementor-1586\">\n\t\t\t\t\t\t<section class=\"elementor-section elementor-top-section elementor-element elementor-element-161eb0a elementor-section-boxed elementor-section-height-default elementor-section-height-default\" data-id=\"161eb0a\" data-element_type=\"section\">\n\t\t\t\t\t\t<div class=\"elementor-container elementor-column-gap-default\">\n\t\t\t\t\t<div class=\"elementor-column elementor-col-33 elementor-top-column elementor-element elementor-element-645c223\" data-id=\"645c223\" data-element_type=\"column\">\n\t\t\t<div class=\"elementor-widget-wrap elementor-element-populated\">\n\t\t\t\t\t\t<div class=\"elementor-element elementor-element-2564f14 elementor-widget elementor-widget-image\" data-id=\"2564f14\" data-element_type=\"widget\" data-widget_type=\"image.default\">\n\t\t\t\t<div class=\"elementor-widget-container\">\n\t\t\t\t\t\t\t\t\t\t\t\t\t<img fetchpriority=\"high\" decoding=\"async\" width=\"484\" height=\"565\" src=\"https:\/\/www.la-chirurgie-esthetique-maroc.com\/wp-content\/uploads\/2022\/01\/insemination-artificielle-maroc.webp\" class=\"attachment-large size-large wp-image-6466\" alt=\"\" srcset=\"https:\/\/www.la-chirurgie-esthetique-maroc.com\/wp-content\/uploads\/2022\/01\/insemination-artificielle-maroc.webp 484w, https:\/\/www.la-chirurgie-esthetique-maroc.com\/wp-content\/uploads\/2022\/01\/insemination-artificielle-maroc-257x300.webp 257w\" sizes=\"(max-width: 484px) 100vw, 484px\" \/>\t\t\t\t\t\t\t\t\t\t\t\t\t<\/div>\n\t\t\t\t<\/div>\n\t\t\t\t\t<\/div>\n\t\t<\/div>\n\t\t\t\t<div class=\"elementor-column elementor-col-66 elementor-top-column elementor-element elementor-element-68a8be3\" data-id=\"68a8be3\" data-element_type=\"column\">\n\t\t\t<div class=\"elementor-widget-wrap elementor-element-populated\">\n\t\t\t\t\t\t<div class=\"elementor-element elementor-element-4ea2796 elementor-widget elementor-widget-text-editor\" data-id=\"4ea2796\" data-element_type=\"widget\" data-widget_type=\"text-editor.default\">\n\t\t\t\t<div class=\"elementor-widget-container\">\n\t\t\t\t\t\t\tLa<strong>inseminaci\u00f3n artificial marroqu\u00ed<\/strong> es una t\u00e9cnica para las mujeres que tienen dificultades para reproducirse. Se trata de un procedimiento para seleccionar esperma del c\u00f3nyuge o de un donante e inyectarlo en el \u00fatero de la mujer tras la estimulaci\u00f3n ov\u00e1rica con el fin de lograr el embarazo.\n<h2>Precios inseminaci\u00f3n artificial Marruecos<\/h2>\nEl precio de la inseminaci\u00f3n artificial en Marruecos y m\u00e1s barato que en Marruecos incluye todos los procedimientos m\u00e9dicos que se llevar\u00e1n a cabo durante el tratamiento. Tambi\u00e9n puede facilitarse la tarifa en dinares. Solicite su presupuesto gratuito para una estancia m\u00e9dica con inseminaci\u00f3n artificial.\t\t\t\t\t\t<\/div>\n\t\t\t\t<\/div>\n\t\t\t\t<div class=\"elementor-element elementor-element-e70d520 center elementor-widget elementor-widget-html\" data-id=\"e70d520\" data-element_type=\"widget\" data-widget_type=\"html.default\">\n\t\t\t\t<div class=\"elementor-widget-container\">\n\t\t\t<div class=\"btn_devis btn_intern\"><a href=\"https:\/\/www.la-chirurgie-esthetique-maroc.com\/es\/cita\/\"><span>Presupuesto gratuito de inseminaci\u00f3n artificial Marruecos<\/span><\/a><\/div>\t\t<\/div>\n\t\t\t\t<\/div>\n\t\t\t\t\t<\/div>\n\t\t<\/div>\n\t\t\t\t\t<\/div>\n\t\t<\/section>\n\t\t\t\t<section class=\"elementor-section elementor-top-section elementor-element elementor-element-9c1229b elementor-section-boxed elementor-section-height-default elementor-section-height-default\" data-id=\"9c1229b\" data-element_type=\"section\">\n\t\t\t\t\t\t<div class=\"elementor-container elementor-column-gap-default\">\n\t\t\t\t\t<div class=\"elementor-column elementor-col-66 elementor-top-column elementor-element elementor-element-ba3a278\" data-id=\"ba3a278\" data-element_type=\"column\">\n\t\t\t<div class=\"elementor-widget-wrap elementor-element-populated\">\n\t\t\t\t\t\t<div class=\"elementor-element elementor-element-64d0d48 elementor-widget elementor-widget-text-editor\" data-id=\"64d0d48\" data-element_type=\"widget\" data-widget_type=\"text-editor.default\">\n\t\t\t\t<div class=\"elementor-widget-container\">\n\t\t\t\t\t\t\t<h2>Presupuesto expr\u00e9s gratuito<\/h2>\n<style>\r\n.align_center {\r\n    display: block;\r\n    text-align: center;\r\n    padding: 30px 0px;\r\n}\r\n<\/style>\r\n\r\n<div>\r\n\t<h2 class=\"align_center\">Presupuesto r\u00e1pido gratuito<\/h2>\r\n<iframe src=\"https:\/\/app.metocrm.com\/web-forms\/e1cab5bd-ef56-4a37-aa71-4857d931f368\"  height=\"800px\" width=\"100%\"  frameborder=\"0\" style=\"border-radius: 10px;\"><\/iframe>\r\n\r\n<\/div>\t\t\t\t\t\t<\/div>\n\t\t\t\t<\/div>\n\t\t\t\t\t<\/div>\n\t\t<\/div>\n\t\t\t\t<div class=\"elementor-column elementor-col-33 elementor-top-column elementor-element elementor-element-ffe9f24\" data-id=\"ffe9f24\" data-element_type=\"column\">\n\t\t\t<div class=\"elementor-widget-wrap elementor-element-populated\">\n\t\t\t\t\t\t<div class=\"elementor-element elementor-element-4efaaba elementor-widget elementor-widget-image\" data-id=\"4efaaba\" data-element_type=\"widget\" data-widget_type=\"image.default\">\n\t\t\t\t<div class=\"elementor-widget-container\">\n\t\t\t\t\t\t\t\t\t\t\t\t\t<img decoding=\"async\" width=\"508\" height=\"554\" src=\"https:\/\/www.la-chirurgie-esthetique-maroc.com\/wp-content\/uploads\/2022\/01\/la-chirurgie-esthetique-maroc_devis-1.webp\" class=\"attachment-large size-large wp-image-6422\" alt=\"\" srcset=\"https:\/\/www.la-chirurgie-esthetique-maroc.com\/wp-content\/uploads\/2022\/01\/la-chirurgie-esthetique-maroc_devis-1.webp 508w, https:\/\/www.la-chirurgie-esthetique-maroc.com\/wp-content\/uploads\/2022\/01\/la-chirurgie-esthetique-maroc_devis-1-275x300.webp 275w\" sizes=\"(max-width: 508px) 100vw, 508px\" \/>\t\t\t\t\t\t\t\t\t\t\t\t\t<\/div>\n\t\t\t\t<\/div>\n\t\t\t\t\t<\/div>\n\t\t<\/div>\n\t\t\t\t\t<\/div>\n\t\t<\/section>\n\t\t\t\t<section class=\"elementor-section elementor-top-section elementor-element elementor-element-4520827 bg-color forme_1 elementor-section-boxed elementor-section-height-default elementor-section-height-default\" data-id=\"4520827\" data-element_type=\"section\">\n\t\t\t\t\t\t<div class=\"elementor-container elementor-column-gap-default\">\n\t\t\t\t\t<div class=\"elementor-column elementor-col-100 elementor-top-column elementor-element elementor-element-c10907e\" data-id=\"c10907e\" data-element_type=\"column\">\n\t\t\t<div class=\"elementor-widget-wrap elementor-element-populated\">\n\t\t\t\t\t\t<div class=\"elementor-element elementor-element-a32cf2a elementor-widget elementor-widget-text-editor\" data-id=\"a32cf2a\" data-element_type=\"widget\" data-widget_type=\"text-editor.default\">\n\t\t\t\t<div class=\"elementor-widget-container\">\n\t\t\t\t\t\t\t<h2>Procedimiento de inseminaci\u00f3n<\/h2>\n\t\t\t\t\t\t<\/div>\n\t\t\t\t<\/div>\n\t\t\t\t<div class=\"elementor-element elementor-element-3173309 elementor-widget elementor-widget-text-editor\" data-id=\"3173309\" data-element_type=\"widget\" data-widget_type=\"text-editor.default\">\n\t\t\t\t<div class=\"elementor-widget-container\">\n\t\t\t\t\t\t\t\nLa<strong>inseminaci\u00f3n artificial <\/strong>puede hacerse de dos maneras. Es posible realizar una inseminaci\u00f3n artificial intraconyugal (IAC), es decir, utilizando el semen del c\u00f3nyuge, o una inseminaci\u00f3n artificial de donante (IAD), en cuyo caso se utiliza semen de donante.\t\t\t\t\t\t<\/div>\n\t\t\t\t<\/div>\n\t\t\t\t<section class=\"elementor-section elementor-inner-section elementor-element elementor-element-757db6b elementor-section-boxed elementor-section-height-default elementor-section-height-default\" data-id=\"757db6b\" data-element_type=\"section\">\n\t\t\t\t\t\t<div class=\"elementor-container elementor-column-gap-default\">\n\t\t\t\t\t<div class=\"elementor-column elementor-col-50 elementor-inner-column elementor-element elementor-element-d15c16c align_content_center\" data-id=\"d15c16c\" data-element_type=\"column\">\n\t\t\t<div class=\"elementor-widget-wrap elementor-element-populated\">\n\t\t\t\t\t\t<div class=\"elementor-element elementor-element-b430236 elementor-widget elementor-widget-text-editor\" data-id=\"b430236\" data-element_type=\"widget\" data-widget_type=\"text-editor.default\">\n\t\t\t\t<div class=\"elementor-widget-container\">\n\t\t\t\t\t\t\t<p><img decoding=\"async\" class=\"aligncenter size-medium\" src=\"https:\/\/www.la-chirurgie-esthetique-maroc.com\/wp-content\/uploads\/2022\/01\/Insemination-artificielle-Tunisie.webp\" alt=\"inseminaci\u00f3n artificial T\u00fanez\"><\/p>\n\t\t\t\t\t\t<\/div>\n\t\t\t\t<\/div>\n\t\t\t\t\t<\/div>\n\t\t<\/div>\n\t\t\t\t<div class=\"elementor-column elementor-col-50 elementor-inner-column elementor-element elementor-element-0809c35\" data-id=\"0809c35\" data-element_type=\"column\">\n\t\t\t<div class=\"elementor-widget-wrap elementor-element-populated\">\n\t\t\t\t\t\t<div class=\"elementor-element elementor-element-cc4a2c9 elementor-widget elementor-widget-text-editor\" data-id=\"cc4a2c9\" data-element_type=\"widget\" data-widget_type=\"text-editor.default\">\n\t\t\t\t<div class=\"elementor-widget-container\">\n\t\t\t\t\t\t\t\n\nTanto si los espermatozoides son los de la pareja como si proceden de un banco de semen, la<strong>inseminaci\u00f3n artificial en Marruecos <\/strong>se desarrolla en varias fases:\n<ul class=\"liste-page\">\n \t<li>En primer lugar, la estimulaci\u00f3n ov\u00e1rica, que puede realizarse inyectando hormonas FSH o LH por v\u00eda subcut\u00e1nea o intramuscular a partir del<sup>tercer<\/sup> d\u00eda del ciclo. Estas inyecciones facilitan la liberaci\u00f3n de los \u00f3vulos.<\/li>\n \t<li>Desencadenar la ovulaci\u00f3n. S\u00f3lo se realiza si no hay ni hiperestimulaci\u00f3n ni hipoestimulaci\u00f3n. La respuesta ov\u00e1rica debe ser de buena calidad, sin riesgo de embarazos m\u00faltiples.<\/li>\n \t<li>Recogida y tratamiento del semen. Esta fase se realiza mediante masturbaci\u00f3n el d\u00eda de la inseminaci\u00f3n. Se recomienda un periodo de abstinencia de 2 a 6 d\u00edas. Antes de recoger el semen, el hombre debe orinar para limpiar la uretra. El semen recogido debe procesarse en el laboratorio. Este tratamiento permite separar el plasma seminal de los espermatozoides, eliminar los restos celulares y seleccionar los espermatozoides aptos para la fecundaci\u00f3n.<\/li>\n \t<li>Inseminaci\u00f3n. Esto se hace con una peque\u00f1a sonda. El esperma recogido se inyecta en el \u00fatero.<\/li>\n<\/ul>\t\t\t\t\t\t<\/div>\n\t\t\t\t<\/div>\n\t\t\t\t\t<\/div>\n\t\t<\/div>\n\t\t\t\t\t<\/div>\n\t\t<\/section>\n\t\t\t\t\t<\/div>\n\t\t<\/div>\n\t\t\t\t\t<\/div>\n\t\t<\/section>\n\t\t\t\t<section class=\"elementor-section elementor-top-section elementor-element elementor-element-72e9e17f elementor-section-boxed elementor-section-height-default elementor-section-height-default\" data-id=\"72e9e17f\" data-element_type=\"section\">\n\t\t\t\t\t\t<div class=\"elementor-container elementor-column-gap-default\">\n\t\t\t\t\t<div class=\"elementor-column elementor-col-100 elementor-top-column elementor-element elementor-element-412267d0\" data-id=\"412267d0\" data-element_type=\"column\">\n\t\t\t<div class=\"elementor-widget-wrap elementor-element-populated\">\n\t\t\t\t\t\t<div class=\"elementor-element elementor-element-12decdc8 elementor-widget elementor-widget-text-editor\" data-id=\"12decdc8\" data-element_type=\"widget\" data-widget_type=\"text-editor.default\">\n\t\t\t\t<div class=\"elementor-widget-container\">\n\t\t\t\t\t\t\t\n<h2>Despu\u00e9s de la inseminaci\u00f3n artificial<\/h2>\nSon indoloras. La paciente puede reanudar todas sus actividades socioprofesionales. Tras una <strong>inseminaci\u00f3n artificial marroqu\u00ed<\/strong>, no suele ser necesaria ninguna prescripci\u00f3n m\u00e9dica.\n<h2>Resultados de la inseminaci\u00f3n artificial Marruecos<\/h2>\nSi falla la inseminaci\u00f3n artificial, la menstruaci\u00f3n se produce hacia el <sup>duod\u00e9cimo<\/sup> d\u00eda despu\u00e9s del procedimiento. Si no es as\u00ed, despu\u00e9s del <sup>18\u00ba<\/sup> d\u00eda se realiza una prueba de embarazo. Siempre es posible realizar nuevos intentos si la primera intervenci\u00f3n fracasa.\t\t\t\t\t\t<\/div>\n\t\t\t\t<\/div>\n\t\t\t\t\t<\/div>\n\t\t<\/div>\n\t\t\t\t\t<\/div>\n\t\t<\/section>\n\t\t\t\t<section class=\"elementor-section elementor-top-section elementor-element elementor-element-7491b9b center elementor-section-boxed elementor-section-height-default elementor-section-height-default\" data-id=\"7491b9b\" data-element_type=\"section\">\n\t\t\t\t\t\t<div class=\"elementor-container elementor-column-gap-default\">\n\t\t\t\t\t<div class=\"elementor-column elementor-col-100 elementor-top-column elementor-element elementor-element-4622a73\" data-id=\"4622a73\" data-element_type=\"column\">\n\t\t\t<div class=\"elementor-widget-wrap elementor-element-populated\">\n\t\t\t\t\t\t<div class=\"elementor-element elementor-element-de3861d elementor-widget elementor-widget-html\" data-id=\"de3861d\" data-element_type=\"widget\" data-widget_type=\"html.default\">\n\t\t\t\t<div class=\"elementor-widget-container\">\n\t\t\t<div class=\"btn_devis btn_intern\"><a href=\"https:\/\/www.la-chirurgie-esthetique-maroc.com\/es\/cita\/\"><span>Presupuesto gratuito<\/span><\/a><\/div>\t\t<\/div>\n\t\t\t\t<\/div>\n\t\t\t\t\t<\/div>\n\t\t<\/div>\n\t\t\t\t\t<\/div>\n\t\t<\/section>\n\t\t\t\t<\/div>\n\t\t","protected":false},"excerpt":{"rendered":"<p>Lainseminaci\u00f3n artificial marroqu\u00ed es una t\u00e9cnica para las mujeres que tienen dificultades para reproducirse. Se trata de un procedimiento para seleccionar esperma del c\u00f3nyuge o de un donante e inyectarlo en el \u00fatero de la mujer tras la estimulaci\u00f3n ov\u00e1rica con el fin de lograr el embarazo. Precios inseminaci\u00f3n artificial Marruecos El precio de la [&hellip;]<\/p>\n","protected":false},"author":2,"featured_media":6435,"parent":0,"menu_order":0,"comment_status":"closed","ping_status":"closed","template":"","meta":{"footnotes":""},"class_list":["post-6767","page","type-page","status-publish","has-post-thumbnail","hentry"],"yoast_head":"<!-- This site is optimized with the Yoast SEO plugin v27.4 - https:\/\/yoast.com\/product\/yoast-seo-wordpress\/ -->\n<title>Inseminaci\u00f3n artificial Marruecos \u27a1\ufe0f precio PMA inseminaci\u00f3n intrauterina<\/title>\n<meta name=\"description\" content=\"Inseminaci\u00f3n artificial Marruecos: \u2705 inseminaci\u00f3n intrauterina e inyecci\u00f3n de esperma en el \u00fatero \u2b50 Precio barato con presupuesto gratuito.\" \/>\n<meta name=\"robots\" content=\"index, follow, max-snippet:-1, max-image-preview:large, max-video-preview:-1\" \/>\n<link rel=\"canonical\" href=\"https:\/\/www.la-chirurgie-esthetique-maroc.com\/es\/inseminacion-artificial\/\" \/>\n<meta property=\"og:locale\" content=\"es_ES\" \/>\n<meta property=\"og:type\" content=\"article\" \/>\n<meta property=\"og:title\" content=\"Inseminaci\u00f3n artificial Marruecos \u27a1\ufe0f precio PMA inseminaci\u00f3n intrauterina\" \/>\n<meta property=\"og:description\" content=\"Inseminaci\u00f3n artificial Marruecos: \u2705 inseminaci\u00f3n intrauterina e inyecci\u00f3n de esperma en el \u00fatero \u2b50 Precio barato con presupuesto gratuito.\" \/>\n<meta property=\"og:url\" content=\"https:\/\/www.la-chirurgie-esthetique-maroc.com\/es\/inseminacion-artificial\/\" \/>\n<meta property=\"og:site_name\" content=\"Chirurgie esthetique Maroc\" \/>\n<meta property=\"article:modified_time\" content=\"2023-05-29T10:07:05+00:00\" \/>\n<meta property=\"og:image\" content=\"https:\/\/www.la-chirurgie-esthetique-maroc.com\/wp-content\/uploads\/2022\/01\/header_invitro.webp\" \/>\n\t<meta property=\"og:image:width\" content=\"552\" \/>\n\t<meta property=\"og:image:height\" content=\"612\" \/>\n\t<meta property=\"og:image:type\" content=\"image\/webp\" \/>\n<meta name=\"twitter:card\" content=\"summary_large_image\" \/>\n<meta name=\"twitter:label1\" content=\"Tiempo de lectura\" \/>\n\t<meta name=\"twitter:data1\" content=\"3 minutos\" \/>\n<!-- \/ Yoast SEO plugin. -->","yoast_head_json":{"title":"Inseminaci\u00f3n artificial Marruecos \u27a1\ufe0f precio PMA inseminaci\u00f3n intrauterina","description":"Inseminaci\u00f3n artificial Marruecos: \u2705 inseminaci\u00f3n intrauterina e inyecci\u00f3n de esperma en el \u00fatero \u2b50 Precio barato con presupuesto gratuito.","robots":{"index":"index","follow":"follow","max-snippet":"max-snippet:-1","max-image-preview":"max-image-preview:large","max-video-preview":"max-video-preview:-1"},"canonical":"https:\/\/www.la-chirurgie-esthetique-maroc.com\/es\/inseminacion-artificial\/","og_locale":"es_ES","og_type":"article","og_title":"Inseminaci\u00f3n artificial Marruecos \u27a1\ufe0f precio PMA inseminaci\u00f3n intrauterina","og_description":"Inseminaci\u00f3n artificial Marruecos: \u2705 inseminaci\u00f3n intrauterina e inyecci\u00f3n de esperma en el \u00fatero \u2b50 Precio barato con presupuesto gratuito.","og_url":"https:\/\/www.la-chirurgie-esthetique-maroc.com\/es\/inseminacion-artificial\/","og_site_name":"Chirurgie esthetique Maroc","article_modified_time":"2023-05-29T10:07:05+00:00","og_image":[{"width":552,"height":612,"url":"https:\/\/www.la-chirurgie-esthetique-maroc.com\/wp-content\/uploads\/2022\/01\/header_invitro.webp","type":"image\/webp"}],"twitter_card":"summary_large_image","twitter_misc":{"Tiempo de lectura":"3 minutos"},"schema":{"@context":"https:\/\/schema.org","@graph":[{"@type":"WebPage","@id":"https:\/\/www.la-chirurgie-esthetique-maroc.com\/es\/inseminacion-artificial\/","url":"https:\/\/www.la-chirurgie-esthetique-maroc.com\/es\/inseminacion-artificial\/","name":"Inseminaci\u00f3n artificial Marruecos \u27a1\ufe0f precio PMA inseminaci\u00f3n intrauterina","isPartOf":{"@id":"https:\/\/www.la-chirurgie-esthetique-maroc.com\/es\/#website"},"primaryImageOfPage":{"@id":"https:\/\/www.la-chirurgie-esthetique-maroc.com\/es\/inseminacion-artificial\/#primaryimage"},"image":{"@id":"https:\/\/www.la-chirurgie-esthetique-maroc.com\/es\/inseminacion-artificial\/#primaryimage"},"thumbnailUrl":"https:\/\/www.la-chirurgie-esthetique-maroc.com\/wp-content\/uploads\/2022\/01\/header_invitro.webp","datePublished":"2018-05-10T07:58:48+00:00","dateModified":"2023-05-29T10:07:05+00:00","description":"Inseminaci\u00f3n artificial Marruecos: \u2705 inseminaci\u00f3n intrauterina e inyecci\u00f3n de esperma en el \u00fatero \u2b50 Precio barato con presupuesto gratuito.","breadcrumb":{"@id":"https:\/\/www.la-chirurgie-esthetique-maroc.com\/es\/inseminacion-artificial\/#breadcrumb"},"inLanguage":"es","potentialAction":[{"@type":"ReadAction","target":["https:\/\/www.la-chirurgie-esthetique-maroc.com\/es\/inseminacion-artificial\/"]}]},{"@type":"ImageObject","inLanguage":"es","@id":"https:\/\/www.la-chirurgie-esthetique-maroc.com\/es\/inseminacion-artificial\/#primaryimage","url":"https:\/\/www.la-chirurgie-esthetique-maroc.com\/wp-content\/uploads\/2022\/01\/header_invitro.webp","contentUrl":"https:\/\/www.la-chirurgie-esthetique-maroc.com\/wp-content\/uploads\/2022\/01\/header_invitro.webp","width":552,"height":612},{"@type":"BreadcrumbList","@id":"https:\/\/www.la-chirurgie-esthetique-maroc.com\/es\/inseminacion-artificial\/#breadcrumb","itemListElement":[{"@type":"ListItem","position":1,"name":"Accueil","item":"https:\/\/www.la-chirurgie-esthetique-maroc.com\/es\/"},{"@type":"ListItem","position":2,"name":"Inseminaci\u00f3n artificial Marruecos"}]},{"@type":"WebSite","@id":"https:\/\/www.la-chirurgie-esthetique-maroc.com\/es\/#website","url":"https:\/\/www.la-chirurgie-esthetique-maroc.com\/es\/","name":"Chirurgie esthetique Maroc","description":"","publisher":{"@id":"https:\/\/www.la-chirurgie-esthetique-maroc.com\/es\/#organization"},"potentialAction":[{"@type":"SearchAction","target":{"@type":"EntryPoint","urlTemplate":"https:\/\/www.la-chirurgie-esthetique-maroc.com\/es\/?s={search_term_string}"},"query-input":{"@type":"PropertyValueSpecification","valueRequired":true,"valueName":"search_term_string"}}],"inLanguage":"es"},{"@type":"Organization","@id":"https:\/\/www.la-chirurgie-esthetique-maroc.com\/es\/#organization","name":"Chirurgie esthetique Maroc","url":"https:\/\/www.la-chirurgie-esthetique-maroc.com\/es\/","logo":{"@type":"ImageObject","inLanguage":"es","@id":"https:\/\/www.la-chirurgie-esthetique-maroc.com\/es\/#\/schema\/logo\/image\/","url":"https:\/\/www.la-chirurgie-esthetique-maroc.com\/wp-content\/uploads\/2022\/01\/cem3.png","contentUrl":"https:\/\/www.la-chirurgie-esthetique-maroc.com\/wp-content\/uploads\/2022\/01\/cem3.png","width":125,"height":41,"caption":"Chirurgie esthetique Maroc"},"image":{"@id":"https:\/\/www.la-chirurgie-esthetique-maroc.com\/es\/#\/schema\/logo\/image\/"}}]}},"_links":{"self":[{"href":"https:\/\/www.la-chirurgie-esthetique-maroc.com\/es\/wp-json\/wp\/v2\/pages\/6767","targetHints":{"allow":["GET"]}}],"collection":[{"href":"https:\/\/www.la-chirurgie-esthetique-maroc.com\/es\/wp-json\/wp\/v2\/pages"}],"about":[{"href":"https:\/\/www.la-chirurgie-esthetique-maroc.com\/es\/wp-json\/wp\/v2\/types\/page"}],"author":[{"embeddable":true,"href":"https:\/\/www.la-chirurgie-esthetique-maroc.com\/es\/wp-json\/wp\/v2\/users\/2"}],"replies":[{"embeddable":true,"href":"https:\/\/www.la-chirurgie-esthetique-maroc.com\/es\/wp-json\/wp\/v2\/comments?post=6767"}],"version-history":[{"count":7,"href":"https:\/\/www.la-chirurgie-esthetique-maroc.com\/es\/wp-json\/wp\/v2\/pages\/6767\/revisions"}],"predecessor-version":[{"id":8041,"href":"https:\/\/www.la-chirurgie-esthetique-maroc.com\/es\/wp-json\/wp\/v2\/pages\/6767\/revisions\/8041"}],"wp:featuredmedia":[{"embeddable":true,"href":"https:\/\/www.la-chirurgie-esthetique-maroc.com\/es\/wp-json\/wp\/v2\/media\/6435"}],"wp:attachment":[{"href":"https:\/\/www.la-chirurgie-esthetique-maroc.com\/es\/wp-json\/wp\/v2\/media?parent=6767"}],"curies":[{"name":"wp","href":"https:\/\/api.w.org\/{rel}","templated":true}]}}