{"id":6774,"date":"2018-04-18T09:23:02","date_gmt":"2018-04-18T07:23:02","guid":{"rendered":"https:\/\/www.la-chirurgie-esthetique-maroc.com\/operacion-de-cataratas-marruecos-mejorar-la-vision\/"},"modified":"2023-05-29T12:12:33","modified_gmt":"2023-05-29T10:12:33","slug":"operacion-de-cataratas","status":"publish","type":"page","link":"https:\/\/www.la-chirurgie-esthetique-maroc.com\/es\/operacion-de-cataratas\/","title":{"rendered":"Operaci\u00f3n de cataratas Marruecos: mejorar la visi\u00f3n"},"content":{"rendered":"\t\t<div data-elementor-type=\"wp-page\" data-elementor-id=\"6774\" class=\"elementor elementor-6774 elementor-1500\">\n\t\t\t\t\t\t<section class=\"elementor-section elementor-top-section elementor-element elementor-element-02b182f elementor-section-boxed elementor-section-height-default elementor-section-height-default\" data-id=\"02b182f\" data-element_type=\"section\">\n\t\t\t\t\t\t<div class=\"elementor-container elementor-column-gap-default\">\n\t\t\t\t\t<div class=\"elementor-column elementor-col-33 elementor-top-column elementor-element elementor-element-2c6cc1e\" data-id=\"2c6cc1e\" data-element_type=\"column\">\n\t\t\t<div class=\"elementor-widget-wrap elementor-element-populated\">\n\t\t\t\t\t\t<div class=\"elementor-element elementor-element-fe65289 elementor-widget elementor-widget-image\" data-id=\"fe65289\" data-element_type=\"widget\" data-widget_type=\"image.default\">\n\t\t\t\t<div class=\"elementor-widget-container\">\n\t\t\t\t\t\t\t\t\t\t\t\t\t<img fetchpriority=\"high\" decoding=\"async\" width=\"508\" height=\"518\" src=\"https:\/\/www.la-chirurgie-esthetique-maroc.com\/wp-content\/uploads\/2022\/01\/operation-cataracte-maroc.webp\" class=\"attachment-large size-large wp-image-6469\" alt=\"\" srcset=\"https:\/\/www.la-chirurgie-esthetique-maroc.com\/wp-content\/uploads\/2022\/01\/operation-cataracte-maroc.webp 508w, https:\/\/www.la-chirurgie-esthetique-maroc.com\/wp-content\/uploads\/2022\/01\/operation-cataracte-maroc-294x300.webp 294w\" sizes=\"(max-width: 508px) 100vw, 508px\" \/>\t\t\t\t\t\t\t\t\t\t\t\t\t<\/div>\n\t\t\t\t<\/div>\n\t\t\t\t\t<\/div>\n\t\t<\/div>\n\t\t\t\t<div class=\"elementor-column elementor-col-66 elementor-top-column elementor-element elementor-element-40b41cd align_content_center\" data-id=\"40b41cd\" data-element_type=\"column\">\n\t\t\t<div class=\"elementor-widget-wrap elementor-element-populated\">\n\t\t\t\t\t\t<div class=\"elementor-element elementor-element-05277b4 elementor-widget elementor-widget-text-editor\" data-id=\"05277b4\" data-element_type=\"widget\" data-widget_type=\"text-editor.default\">\n\t\t\t\t<div class=\"elementor-widget-container\">\n\t\t\t\t\t\t\tLa<strong>cirug\u00eda de cataratas en Marruecos<\/strong> es una operaci\u00f3n que consiste en cambiar la lente del interior del ojo (el cristalino) por una artificial. El objetivo de esta t\u00e9cnica es corregir la visi\u00f3n que se ha vuelto borrosa y poco clara, y hacerla m\u00e1s n\u00edtida.\n<h2>Precios operaci\u00f3n cataratas Marruecos<\/h2>\nEl <strong>precio de la cirug\u00eda de cataratas en Marruecos<\/strong> se define despu\u00e9s de una solicitud de presupuesto gratuito a trav\u00e9s de nuestro formulario en l\u00ednea. La tarifa incluye transporte, recepci\u00f3n y asistencia, alojamiento, honorarios del cirujano y anestesistas, quir\u00f3fano, cuidados postoperatorios, etc.\t\t\t\t\t\t<\/div>\n\t\t\t\t<\/div>\n\t\t\t\t\t<\/div>\n\t\t<\/div>\n\t\t\t\t\t<\/div>\n\t\t<\/section>\n\t\t\t\t<section class=\"elementor-section elementor-top-section elementor-element elementor-element-149fc29 elementor-section-boxed elementor-section-height-default elementor-section-height-default\" data-id=\"149fc29\" data-element_type=\"section\">\n\t\t\t\t\t\t<div class=\"elementor-container elementor-column-gap-default\">\n\t\t\t\t\t<div class=\"elementor-column elementor-col-66 elementor-top-column elementor-element elementor-element-5da3e42\" data-id=\"5da3e42\" data-element_type=\"column\">\n\t\t\t<div class=\"elementor-widget-wrap elementor-element-populated\">\n\t\t\t\t\t\t<div class=\"elementor-element elementor-element-cc59a70 elementor-widget elementor-widget-text-editor\" data-id=\"cc59a70\" data-element_type=\"widget\" data-widget_type=\"text-editor.default\">\n\t\t\t\t<div class=\"elementor-widget-container\">\n\t\t\t\t\t\t\t<h2>Presupuesto expr\u00e9s gratuito<\/h2>\n<style>\r\n.align_center {\r\n    display: block;\r\n    text-align: center;\r\n    padding: 30px 0px;\r\n}\r\n<\/style>\r\n\r\n<div>\r\n\t<h2 class=\"align_center\">Presupuesto r\u00e1pido gratuito<\/h2>\r\n<iframe src=\"https:\/\/app.metocrm.com\/web-forms\/e1cab5bd-ef56-4a37-aa71-4857d931f368\"  height=\"800px\" width=\"100%\"  frameborder=\"0\" style=\"border-radius: 10px;\"><\/iframe>\r\n\r\n<\/div>\t\t\t\t\t\t<\/div>\n\t\t\t\t<\/div>\n\t\t\t\t\t<\/div>\n\t\t<\/div>\n\t\t\t\t<div class=\"elementor-column elementor-col-33 elementor-top-column elementor-element elementor-element-1488ed0\" data-id=\"1488ed0\" data-element_type=\"column\">\n\t\t\t<div class=\"elementor-widget-wrap elementor-element-populated\">\n\t\t\t\t\t\t<div class=\"elementor-element elementor-element-6191637 elementor-widget elementor-widget-image\" data-id=\"6191637\" data-element_type=\"widget\" data-widget_type=\"image.default\">\n\t\t\t\t<div class=\"elementor-widget-container\">\n\t\t\t\t\t\t\t\t\t\t\t\t\t<img decoding=\"async\" width=\"508\" height=\"554\" src=\"https:\/\/www.la-chirurgie-esthetique-maroc.com\/wp-content\/uploads\/2022\/01\/la-chirurgie-esthetique-maroc_devis-1.webp\" class=\"attachment-large size-large wp-image-6422\" alt=\"\" srcset=\"https:\/\/www.la-chirurgie-esthetique-maroc.com\/wp-content\/uploads\/2022\/01\/la-chirurgie-esthetique-maroc_devis-1.webp 508w, https:\/\/www.la-chirurgie-esthetique-maroc.com\/wp-content\/uploads\/2022\/01\/la-chirurgie-esthetique-maroc_devis-1-275x300.webp 275w\" sizes=\"(max-width: 508px) 100vw, 508px\" \/>\t\t\t\t\t\t\t\t\t\t\t\t\t<\/div>\n\t\t\t\t<\/div>\n\t\t\t\t\t<\/div>\n\t\t<\/div>\n\t\t\t\t\t<\/div>\n\t\t<\/section>\n\t\t\t\t<section class=\"elementor-section elementor-top-section elementor-element elementor-element-553bc04 bg-color forme_1  elementor-section-boxed elementor-section-height-default elementor-section-height-default\" data-id=\"553bc04\" data-element_type=\"section\">\n\t\t\t\t\t\t<div class=\"elementor-container elementor-column-gap-default\">\n\t\t\t\t\t<div class=\"elementor-column elementor-col-66 elementor-top-column elementor-element elementor-element-0ac0ec7\" data-id=\"0ac0ec7\" data-element_type=\"column\">\n\t\t\t<div class=\"elementor-widget-wrap elementor-element-populated\">\n\t\t\t\t\t\t<div class=\"elementor-element elementor-element-eb026bd elementor-widget elementor-widget-text-editor\" data-id=\"eb026bd\" data-element_type=\"widget\" data-widget_type=\"text-editor.default\">\n\t\t\t\t<div class=\"elementor-widget-container\">\n\t\t\t\t\t\t\t<h2>Antes de la operaci\u00f3n de cataratas Marruecos<\/h2>\nAntes de la cirug\u00eda, el paciente debe ser remitido a un oftalm\u00f3logo para que eval\u00fae varios puntos importantes:\n<ul class=\"liste-page\">\n \t<li>Preferencias de lentes<\/li>\n \t<li>Riesgos y ventajas de la cirug\u00eda<\/li>\n \t<li>Si el paciente necesita o no gafas despu\u00e9s de la operaci\u00f3n<\/li>\n<\/ul>\t\t\t\t\t\t<\/div>\n\t\t\t\t<\/div>\n\t\t\t\t<div class=\"elementor-element elementor-element-70f4f09 elementor-widget elementor-widget-text-editor\" data-id=\"70f4f09\" data-element_type=\"widget\" data-widget_type=\"text-editor.default\">\n\t\t\t\t<div class=\"elementor-widget-container\">\n\t\t\t\t\t\t\t<h2>Procedimiento para la cirug\u00eda de cataratas<\/h2>\nLa cirug\u00eda de cataratas es un procedimiento sencillo que dura entre 30 y 45 minutos.\n\nLa intervenci\u00f3n suele realizarse en r\u00e9gimen ambulatorio, con anestesia local. El paciente puede irse a casa el mismo d\u00eda.\n<ul class=\"liste-page\">\n \t<li>El cirujano empieza haciendo una peque\u00f1a incisi\u00f3n en el cristalino.<\/li>\n \t<li>El uso de una sonda de ultrasonidos puede ayudar a ablandar el cristalino y extraerlo f\u00e1cilmente.<\/li>\n \t<li>A continuaci\u00f3n, el cirujano retira el cristalino opaco y lo sustituye por una lente de silicona o acr\u00edlica. Esto se denomina implante de lentes.<\/li>\n<\/ul>\t\t\t\t\t\t<\/div>\n\t\t\t\t<\/div>\n\t\t\t\t\t<\/div>\n\t\t<\/div>\n\t\t\t\t<div class=\"elementor-column elementor-col-33 elementor-top-column elementor-element elementor-element-f8276a5 align_content_center\" data-id=\"f8276a5\" data-element_type=\"column\">\n\t\t\t<div class=\"elementor-widget-wrap elementor-element-populated\">\n\t\t\t\t\t\t<div class=\"elementor-element elementor-element-4a05dfa elementor-widget elementor-widget-text-editor\" data-id=\"4a05dfa\" data-element_type=\"widget\" data-widget_type=\"text-editor.default\">\n\t\t\t\t<div class=\"elementor-widget-container\">\n\t\t\t\t\t\t\t<p><img decoding=\"async\" class=\" border-bottom aligncenter wp-image-1508 size-medium\" src=\"https:\/\/www.la-chirurgie-esthetique-maroc.com\/wp-content\/uploads\/2022\/01\/operation-cataracte_1.webp\" alt=\"operaci\u00f3n de cataratas Marruecos\"><\/p>\n\t\t\t\t\t\t<\/div>\n\t\t\t\t<\/div>\n\t\t\t\t\t<\/div>\n\t\t<\/div>\n\t\t\t\t\t<\/div>\n\t\t<\/section>\n\t\t\t\t<section class=\"elementor-section elementor-top-section elementor-element elementor-element-76868689 elementor-section-boxed elementor-section-height-default elementor-section-height-default\" data-id=\"76868689\" data-element_type=\"section\">\n\t\t\t\t\t\t<div class=\"elementor-container elementor-column-gap-default\">\n\t\t\t\t\t<div class=\"elementor-column elementor-col-100 elementor-top-column elementor-element elementor-element-4f562464\" data-id=\"4f562464\" data-element_type=\"column\">\n\t\t\t<div class=\"elementor-widget-wrap elementor-element-populated\">\n\t\t\t\t\t\t<div class=\"elementor-element elementor-element-688274cf elementor-widget elementor-widget-text-editor\" data-id=\"688274cf\" data-element_type=\"widget\" data-widget_type=\"text-editor.default\">\n\t\t\t\t<div class=\"elementor-widget-container\">\n\t\t\t\t\t\t\t\n\n<h2>Las secuelas de la cirug\u00eda de cataratas<\/h2>\nLas secuelas de la <strong>operaci\u00f3n de cataratas en Marruecos<\/strong> no son dolorosas. El paciente puede tener visi\u00f3n borrosa durante dos d\u00edas despu\u00e9s de la intervenci\u00f3n.\nEl paciente puede aplicarse una crema para proteger los ojos durante el primer periodo tras la intervenci\u00f3n.\n<h2>El resultado de una cirug\u00eda de implante de lentes<\/h2>\nEl resultado empieza a apreciarse al cabo de unos d\u00edas. El paciente puede notar que su visi\u00f3n se ha vuelto m\u00e1s clara y n\u00edtida.\t\t\t\t\t\t<\/div>\n\t\t\t\t<\/div>\n\t\t\t\t\t<\/div>\n\t\t<\/div>\n\t\t\t\t\t<\/div>\n\t\t<\/section>\n\t\t\t\t<section class=\"elementor-section elementor-top-section elementor-element elementor-element-c818bff center elementor-section-boxed elementor-section-height-default elementor-section-height-default\" data-id=\"c818bff\" data-element_type=\"section\">\n\t\t\t\t\t\t<div class=\"elementor-container elementor-column-gap-default\">\n\t\t\t\t\t<div class=\"elementor-column elementor-col-100 elementor-top-column elementor-element elementor-element-0954809\" data-id=\"0954809\" data-element_type=\"column\">\n\t\t\t<div class=\"elementor-widget-wrap elementor-element-populated\">\n\t\t\t\t\t\t<div class=\"elementor-element elementor-element-fd598a7 elementor-widget elementor-widget-html\" data-id=\"fd598a7\" data-element_type=\"widget\" data-widget_type=\"html.default\">\n\t\t\t\t<div class=\"elementor-widget-container\">\n\t\t\t<div class=\"btn_devis btn_intern\"><a href=\"https:\/\/www.la-chirurgie-esthetique-maroc.com\/es\/cita\/\"><span>Presupuesto gratuito<\/span><\/a><\/div>\t\t<\/div>\n\t\t\t\t<\/div>\n\t\t\t\t\t<\/div>\n\t\t<\/div>\n\t\t\t\t\t<\/div>\n\t\t<\/section>\n\t\t\t\t<\/div>\n\t\t","protected":false},"excerpt":{"rendered":"<p>Lacirug\u00eda de cataratas en Marruecos es una operaci\u00f3n que consiste en cambiar la lente del interior del ojo (el cristalino) por una artificial. El objetivo de esta t\u00e9cnica es corregir la visi\u00f3n que se ha vuelto borrosa y poco clara, y hacerla m\u00e1s n\u00edtida. Precios operaci\u00f3n cataratas Marruecos El precio de la cirug\u00eda de cataratas [&hellip;]<\/p>\n","protected":false},"author":2,"featured_media":6431,"parent":0,"menu_order":0,"comment_status":"closed","ping_status":"closed","template":"","meta":{"footnotes":""},"class_list":["post-6774","page","type-page","status-publish","has-post-thumbnail","hentry"],"yoast_head":"<!-- This site is optimized with the Yoast SEO plugin v27.3 - https:\/\/yoast.com\/product\/yoast-seo-wordpress\/ -->\n<title>Operaci\u00f3n de cataratas Marruecos : precio del implante ocular para corregir la visi\u00f3n<\/title>\n<meta name=\"description\" content=\"Cirug\u00eda de cataratas en Marruecos: la cirug\u00eda consiste en corregir la visi\u00f3n mediante implantes oculares para obtener una visi\u00f3n m\u00e1s n\u00edtida.\" \/>\n<meta name=\"robots\" content=\"index, follow, max-snippet:-1, max-image-preview:large, max-video-preview:-1\" \/>\n<link rel=\"canonical\" href=\"https:\/\/www.la-chirurgie-esthetique-maroc.com\/es\/operacion-de-cataratas\/\" \/>\n<meta property=\"og:locale\" content=\"es_ES\" \/>\n<meta property=\"og:type\" content=\"article\" \/>\n<meta property=\"og:title\" content=\"Operaci\u00f3n de cataratas Marruecos : precio del implante ocular para corregir la visi\u00f3n\" \/>\n<meta property=\"og:description\" content=\"Cirug\u00eda de cataratas en Marruecos: la cirug\u00eda consiste en corregir la visi\u00f3n mediante implantes oculares para obtener una visi\u00f3n m\u00e1s n\u00edtida.\" \/>\n<meta property=\"og:url\" content=\"https:\/\/www.la-chirurgie-esthetique-maroc.com\/es\/operacion-de-cataratas\/\" \/>\n<meta property=\"og:site_name\" content=\"Chirurgie esthetique Maroc\" \/>\n<meta property=\"article:modified_time\" content=\"2023-05-29T10:12:33+00:00\" \/>\n<meta property=\"og:image\" content=\"https:\/\/www.la-chirurgie-esthetique-maroc.com\/wp-content\/uploads\/2022\/01\/header_yeux.webp\" \/>\n\t<meta property=\"og:image:width\" content=\"552\" \/>\n\t<meta property=\"og:image:height\" content=\"612\" \/>\n\t<meta property=\"og:image:type\" content=\"image\/webp\" \/>\n<meta name=\"twitter:card\" content=\"summary_large_image\" \/>\n<meta name=\"twitter:label1\" content=\"Tiempo de lectura\" \/>\n\t<meta name=\"twitter:data1\" content=\"3 minutos\" \/>\n<!-- \/ Yoast SEO plugin. -->","yoast_head_json":{"title":"Operaci\u00f3n de cataratas Marruecos : precio del implante ocular para corregir la visi\u00f3n","description":"Cirug\u00eda de cataratas en Marruecos: la cirug\u00eda consiste en corregir la visi\u00f3n mediante implantes oculares para obtener una visi\u00f3n m\u00e1s n\u00edtida.","robots":{"index":"index","follow":"follow","max-snippet":"max-snippet:-1","max-image-preview":"max-image-preview:large","max-video-preview":"max-video-preview:-1"},"canonical":"https:\/\/www.la-chirurgie-esthetique-maroc.com\/es\/operacion-de-cataratas\/","og_locale":"es_ES","og_type":"article","og_title":"Operaci\u00f3n de cataratas Marruecos : precio del implante ocular para corregir la visi\u00f3n","og_description":"Cirug\u00eda de cataratas en Marruecos: la cirug\u00eda consiste en corregir la visi\u00f3n mediante implantes oculares para obtener una visi\u00f3n m\u00e1s n\u00edtida.","og_url":"https:\/\/www.la-chirurgie-esthetique-maroc.com\/es\/operacion-de-cataratas\/","og_site_name":"Chirurgie esthetique Maroc","article_modified_time":"2023-05-29T10:12:33+00:00","og_image":[{"width":552,"height":612,"url":"https:\/\/www.la-chirurgie-esthetique-maroc.com\/wp-content\/uploads\/2022\/01\/header_yeux.webp","type":"image\/webp"}],"twitter_card":"summary_large_image","twitter_misc":{"Tiempo de lectura":"3 minutos"},"schema":{"@context":"https:\/\/schema.org","@graph":[{"@type":"WebPage","@id":"https:\/\/www.la-chirurgie-esthetique-maroc.com\/es\/operacion-de-cataratas\/","url":"https:\/\/www.la-chirurgie-esthetique-maroc.com\/es\/operacion-de-cataratas\/","name":"Operaci\u00f3n de cataratas Marruecos : precio del implante ocular para corregir la visi\u00f3n","isPartOf":{"@id":"https:\/\/www.la-chirurgie-esthetique-maroc.com\/es\/#website"},"primaryImageOfPage":{"@id":"https:\/\/www.la-chirurgie-esthetique-maroc.com\/es\/operacion-de-cataratas\/#primaryimage"},"image":{"@id":"https:\/\/www.la-chirurgie-esthetique-maroc.com\/es\/operacion-de-cataratas\/#primaryimage"},"thumbnailUrl":"https:\/\/www.la-chirurgie-esthetique-maroc.com\/wp-content\/uploads\/2022\/01\/header_yeux.webp","datePublished":"2018-04-18T07:23:02+00:00","dateModified":"2023-05-29T10:12:33+00:00","description":"Cirug\u00eda de cataratas en Marruecos: la cirug\u00eda consiste en corregir la visi\u00f3n mediante implantes oculares para obtener una visi\u00f3n m\u00e1s n\u00edtida.","breadcrumb":{"@id":"https:\/\/www.la-chirurgie-esthetique-maroc.com\/es\/operacion-de-cataratas\/#breadcrumb"},"inLanguage":"es","potentialAction":[{"@type":"ReadAction","target":["https:\/\/www.la-chirurgie-esthetique-maroc.com\/es\/operacion-de-cataratas\/"]}]},{"@type":"ImageObject","inLanguage":"es","@id":"https:\/\/www.la-chirurgie-esthetique-maroc.com\/es\/operacion-de-cataratas\/#primaryimage","url":"https:\/\/www.la-chirurgie-esthetique-maroc.com\/wp-content\/uploads\/2022\/01\/header_yeux.webp","contentUrl":"https:\/\/www.la-chirurgie-esthetique-maroc.com\/wp-content\/uploads\/2022\/01\/header_yeux.webp","width":552,"height":612},{"@type":"BreadcrumbList","@id":"https:\/\/www.la-chirurgie-esthetique-maroc.com\/es\/operacion-de-cataratas\/#breadcrumb","itemListElement":[{"@type":"ListItem","position":1,"name":"Accueil","item":"https:\/\/www.la-chirurgie-esthetique-maroc.com\/es\/"},{"@type":"ListItem","position":2,"name":"Operaci\u00f3n de cataratas Marruecos: mejorar la visi\u00f3n"}]},{"@type":"WebSite","@id":"https:\/\/www.la-chirurgie-esthetique-maroc.com\/es\/#website","url":"https:\/\/www.la-chirurgie-esthetique-maroc.com\/es\/","name":"Chirurgie esthetique Maroc","description":"","publisher":{"@id":"https:\/\/www.la-chirurgie-esthetique-maroc.com\/es\/#organization"},"potentialAction":[{"@type":"SearchAction","target":{"@type":"EntryPoint","urlTemplate":"https:\/\/www.la-chirurgie-esthetique-maroc.com\/es\/?s={search_term_string}"},"query-input":{"@type":"PropertyValueSpecification","valueRequired":true,"valueName":"search_term_string"}}],"inLanguage":"es"},{"@type":"Organization","@id":"https:\/\/www.la-chirurgie-esthetique-maroc.com\/es\/#organization","name":"Chirurgie esthetique Maroc","url":"https:\/\/www.la-chirurgie-esthetique-maroc.com\/es\/","logo":{"@type":"ImageObject","inLanguage":"es","@id":"https:\/\/www.la-chirurgie-esthetique-maroc.com\/es\/#\/schema\/logo\/image\/","url":"https:\/\/www.la-chirurgie-esthetique-maroc.com\/wp-content\/uploads\/2022\/01\/cem3.png","contentUrl":"https:\/\/www.la-chirurgie-esthetique-maroc.com\/wp-content\/uploads\/2022\/01\/cem3.png","width":125,"height":41,"caption":"Chirurgie esthetique Maroc"},"image":{"@id":"https:\/\/www.la-chirurgie-esthetique-maroc.com\/es\/#\/schema\/logo\/image\/"}}]}},"_links":{"self":[{"href":"https:\/\/www.la-chirurgie-esthetique-maroc.com\/es\/wp-json\/wp\/v2\/pages\/6774","targetHints":{"allow":["GET"]}}],"collection":[{"href":"https:\/\/www.la-chirurgie-esthetique-maroc.com\/es\/wp-json\/wp\/v2\/pages"}],"about":[{"href":"https:\/\/www.la-chirurgie-esthetique-maroc.com\/es\/wp-json\/wp\/v2\/types\/page"}],"author":[{"embeddable":true,"href":"https:\/\/www.la-chirurgie-esthetique-maroc.com\/es\/wp-json\/wp\/v2\/users\/2"}],"replies":[{"embeddable":true,"href":"https:\/\/www.la-chirurgie-esthetique-maroc.com\/es\/wp-json\/wp\/v2\/comments?post=6774"}],"version-history":[{"count":7,"href":"https:\/\/www.la-chirurgie-esthetique-maroc.com\/es\/wp-json\/wp\/v2\/pages\/6774\/revisions"}],"predecessor-version":[{"id":8077,"href":"https:\/\/www.la-chirurgie-esthetique-maroc.com\/es\/wp-json\/wp\/v2\/pages\/6774\/revisions\/8077"}],"wp:featuredmedia":[{"embeddable":true,"href":"https:\/\/www.la-chirurgie-esthetique-maroc.com\/es\/wp-json\/wp\/v2\/media\/6431"}],"wp:attachment":[{"href":"https:\/\/www.la-chirurgie-esthetique-maroc.com\/es\/wp-json\/wp\/v2\/media?parent=6774"}],"curies":[{"name":"wp","href":"https:\/\/api.w.org\/{rel}","templated":true}]}}