{"id":6779,"date":"2018-05-10T12:59:18","date_gmt":"2018-05-10T10:59:18","guid":{"rendered":"https:\/\/www.la-chirurgie-esthetique-maroc.com\/lasik-marruecos\/"},"modified":"2023-05-29T12:07:12","modified_gmt":"2023-05-29T10:07:12","slug":"lasik","status":"publish","type":"page","link":"https:\/\/www.la-chirurgie-esthetique-maroc.com\/es\/lasik\/","title":{"rendered":"Lasik Marruecos"},"content":{"rendered":"\t\t<div data-elementor-type=\"wp-page\" data-elementor-id=\"6779\" class=\"elementor elementor-6779 elementor-1605\">\n\t\t\t\t\t\t<section class=\"elementor-section elementor-top-section elementor-element elementor-element-4f2490d elementor-section-boxed elementor-section-height-default elementor-section-height-default\" data-id=\"4f2490d\" data-element_type=\"section\">\n\t\t\t\t\t\t<div class=\"elementor-container elementor-column-gap-default\">\n\t\t\t\t\t<div class=\"elementor-column elementor-col-33 elementor-top-column elementor-element elementor-element-115466a\" data-id=\"115466a\" data-element_type=\"column\">\n\t\t\t<div class=\"elementor-widget-wrap elementor-element-populated\">\n\t\t\t\t\t\t<div class=\"elementor-element elementor-element-881e12b elementor-widget elementor-widget-text-editor\" data-id=\"881e12b\" data-element_type=\"widget\" data-widget_type=\"text-editor.default\">\n\t\t\t\t<div class=\"elementor-widget-container\">\n\t\t\t\t\t\t\t<p><img decoding=\"async\" class=\"alignright size-full\" src=\"https:\/\/www.la-chirurgie-esthetique-maroc.com\/wp-content\/uploads\/2022\/01\/Lasik-maroc.webp\" alt=\"Lasik Marruecos\"><\/p>\n\t\t\t\t\t\t<\/div>\n\t\t\t\t<\/div>\n\t\t\t\t\t<\/div>\n\t\t<\/div>\n\t\t\t\t<div class=\"elementor-column elementor-col-66 elementor-top-column elementor-element elementor-element-94e4a39 align_content_center\" data-id=\"94e4a39\" data-element_type=\"column\">\n\t\t\t<div class=\"elementor-widget-wrap elementor-element-populated\">\n\t\t\t\t\t\t<div class=\"elementor-element elementor-element-11c669e elementor-widget elementor-widget-text-editor\" data-id=\"11c669e\" data-element_type=\"widget\" data-widget_type=\"text-editor.default\">\n\t\t\t\t<div class=\"elementor-widget-container\">\n\t\t\t\t\t\t\t<strong>El Lasik en Marruecos <\/strong>es una t\u00e9cnica de cirug\u00eda refractiva que consiste en la correcci\u00f3n con l\u00e1ser de los problemas de visi\u00f3n, principalmente los casos de miop\u00eda, hipermetrop\u00eda, astigmatismo y presbicia. Lasik es el acr\u00f3nimo de <em>Laser Assisted In-Situ Keratomileusis<\/em>, cuya definici\u00f3n significa corte, esculpido del estroma corneal o simplemente de la c\u00f3rnea. El objetivo final del procedimiento es permitir al paciente desprenderse de las gafas o lentes de contacto.\n<h2>Precio Lasik Marruecos<\/h2>\nEl paciente puede obtener el <strong>precio del Lasik en Marruecos<\/strong> solicitando un presupuesto gratuito en l\u00ednea. El coste de la operaci\u00f3n incluye tanto el tratamiento quir\u00fargico como la estancia del paciente en Marruecos. Para obtener las tarifas en dinares, p\u00eddanos presupuesto.\t\t\t\t\t\t<\/div>\n\t\t\t\t<\/div>\n\t\t\t\t<div class=\"elementor-element elementor-element-865454c center elementor-widget elementor-widget-html\" data-id=\"865454c\" data-element_type=\"widget\" data-widget_type=\"html.default\">\n\t\t\t\t<div class=\"elementor-widget-container\">\n\t\t\t<div class=\"btn_devis btn_intern\"><a href=\"https:\/\/www.la-chirurgie-esthetique-maroc.com\/es\/cita\/\"><span>Presupuesto gratuito de cirug\u00eda ocular con l\u00e1ser Marruecos  <\/span><\/a><\/div>\t\t<\/div>\n\t\t\t\t<\/div>\n\t\t\t\t\t<\/div>\n\t\t<\/div>\n\t\t\t\t\t<\/div>\n\t\t<\/section>\n\t\t\t\t<section class=\"elementor-section elementor-top-section elementor-element elementor-element-8b6c728 elementor-section-boxed elementor-section-height-default elementor-section-height-default\" data-id=\"8b6c728\" data-element_type=\"section\">\n\t\t\t\t\t\t<div class=\"elementor-container elementor-column-gap-default\">\n\t\t\t\t\t<div class=\"elementor-column elementor-col-66 elementor-top-column elementor-element elementor-element-c1c2032\" data-id=\"c1c2032\" data-element_type=\"column\">\n\t\t\t<div class=\"elementor-widget-wrap elementor-element-populated\">\n\t\t\t\t\t\t<div class=\"elementor-element elementor-element-355bc2f elementor-widget elementor-widget-text-editor\" data-id=\"355bc2f\" data-element_type=\"widget\" data-widget_type=\"text-editor.default\">\n\t\t\t\t<div class=\"elementor-widget-container\">\n\t\t\t\t\t\t\t<h2>Presupuesto expr\u00e9s gratuito<\/h2>\n<style>\r\n.align_center {\r\n    display: block;\r\n    text-align: center;\r\n    padding: 30px 0px;\r\n}\r\n<\/style>\r\n\r\n<div>\r\n\t<h2 class=\"align_center\">Presupuesto r\u00e1pido gratuito<\/h2>\r\n<iframe src=\"https:\/\/app.metocrm.com\/web-forms\/e1cab5bd-ef56-4a37-aa71-4857d931f368\"  height=\"800px\" width=\"100%\"  frameborder=\"0\" style=\"border-radius: 10px;\"><\/iframe>\r\n\r\n<\/div>\t\t\t\t\t\t<\/div>\n\t\t\t\t<\/div>\n\t\t\t\t\t<\/div>\n\t\t<\/div>\n\t\t\t\t<div class=\"elementor-column elementor-col-33 elementor-top-column elementor-element elementor-element-1e8fb3d\" data-id=\"1e8fb3d\" data-element_type=\"column\">\n\t\t\t<div class=\"elementor-widget-wrap elementor-element-populated\">\n\t\t\t\t\t\t<div class=\"elementor-element elementor-element-87d17d5 elementor-widget elementor-widget-image\" data-id=\"87d17d5\" data-element_type=\"widget\" data-widget_type=\"image.default\">\n\t\t\t\t<div class=\"elementor-widget-container\">\n\t\t\t\t\t\t\t\t\t\t\t\t\t<img fetchpriority=\"high\" decoding=\"async\" width=\"508\" height=\"554\" src=\"https:\/\/www.la-chirurgie-esthetique-maroc.com\/wp-content\/uploads\/2022\/01\/la-chirurgie-esthetique-maroc_devis-1.webp\" class=\"attachment-large size-large wp-image-6422\" alt=\"\" srcset=\"https:\/\/www.la-chirurgie-esthetique-maroc.com\/wp-content\/uploads\/2022\/01\/la-chirurgie-esthetique-maroc_devis-1.webp 508w, https:\/\/www.la-chirurgie-esthetique-maroc.com\/wp-content\/uploads\/2022\/01\/la-chirurgie-esthetique-maroc_devis-1-275x300.webp 275w\" sizes=\"(max-width: 508px) 100vw, 508px\" \/>\t\t\t\t\t\t\t\t\t\t\t\t\t<\/div>\n\t\t\t\t<\/div>\n\t\t\t\t\t<\/div>\n\t\t<\/div>\n\t\t\t\t\t<\/div>\n\t\t<\/section>\n\t\t\t\t<section class=\"elementor-section elementor-top-section elementor-element elementor-element-f4307cd bg-color forme_1  elementor-section-boxed elementor-section-height-default elementor-section-height-default\" data-id=\"f4307cd\" data-element_type=\"section\">\n\t\t\t\t\t\t<div class=\"elementor-container elementor-column-gap-default\">\n\t\t\t\t\t<div class=\"elementor-column elementor-col-100 elementor-top-column elementor-element elementor-element-d218c34\" data-id=\"d218c34\" data-element_type=\"column\">\n\t\t\t<div class=\"elementor-widget-wrap elementor-element-populated\">\n\t\t\t\t\t\t<div class=\"elementor-element elementor-element-2de4574 elementor-widget elementor-widget-text-editor\" data-id=\"2de4574\" data-element_type=\"widget\" data-widget_type=\"text-editor.default\">\n\t\t\t\t<div class=\"elementor-widget-container\">\n\t\t\t\t\t\t\t<h2>Procedimiento Lasik<\/h2>\nSe utilizan colirios anest\u00e9sicos para proporcionar anestesia local antes de la operaci\u00f3n. La operaci\u00f3n se realiza en 3 etapas.\n<ul class=\"liste-page\">\n \t<li>En primer lugar, se corta el colgajo corneal. Esta fase consiste en cortar el casquete corneal, generalmente superficial, para remodelarlo en su espesor<em>(in<\/em> situ). Aqu\u00ed es donde <strong>Lasik<\/strong> difiere de PRK, donde la remodelaci\u00f3n se realiza en la superficie. Este corte del estroma corneal puede realizarse con el microqueratomo o con el l\u00e1ser de femtosegundo. Pero para una mayor seguridad y precisi\u00f3n, el l\u00e1ser de femtosegundo es el m\u00e1s adecuado para el corte.<\/li>\n \t<li>A continuaci\u00f3n, tras levantar el cap\u00f3, se realiza una fotoablaci\u00f3n con l\u00e1ser excimer, es decir, una correcci\u00f3n l\u00e1ser del tejido corneal. La fotoablaci\u00f3n del tejido corneal con el l\u00e1ser excimer determina la calidad del resultado final.<\/li>\n \t<li>Por \u00faltimo, el cirujano coloca el colgajo corneal, que se adhiere f\u00e1cil y r\u00e1pidamente. Esta fase tambi\u00e9n se conoce como reposicionamiento del capuch\u00f3n estromal.<\/li>\n<\/ul>\nAs\u00ed, el Lasik permite modificar el radio de curvatura de la c\u00f3rnea gracias al l\u00e1ser.\t\t\t\t\t\t<\/div>\n\t\t\t\t<\/div>\n\t\t\t\t\t<\/div>\n\t\t<\/div>\n\t\t\t\t\t<\/div>\n\t\t<\/section>\n\t\t\t\t<section class=\"elementor-section elementor-top-section elementor-element elementor-element-3d1527d7 elementor-section-boxed elementor-section-height-default elementor-section-height-default\" data-id=\"3d1527d7\" data-element_type=\"section\">\n\t\t\t\t\t\t<div class=\"elementor-container elementor-column-gap-default\">\n\t\t\t\t\t<div class=\"elementor-column elementor-col-100 elementor-top-column elementor-element elementor-element-19c0d43d\" data-id=\"19c0d43d\" data-element_type=\"column\">\n\t\t\t<div class=\"elementor-widget-wrap elementor-element-populated\">\n\t\t\t\t\t\t<div class=\"elementor-element elementor-element-6877dc72 elementor-widget elementor-widget-text-editor\" data-id=\"6877dc72\" data-element_type=\"widget\" data-widget_type=\"text-editor.default\">\n\t\t\t\t<div class=\"elementor-widget-container\">\n\t\t\t\t\t\t\t\n\n<h2>Suites Lasik<\/h2>\nDespu\u00e9s de la operaci\u00f3n <strong>Lasik en Marruecos<\/strong>, es aconsejable descansar con los ojos cerrados durante al menos 3 horas. Pero las secuelas suelen ser indoloras. Tras la operaci\u00f3n, se prescriben al paciente colirios antibi\u00f3ticos y antiinflamatorios.\n<h2>Resultado de Lasik<\/h2>\nLa visi\u00f3n sigue siendo borrosa unas horas despu\u00e9s del <strong>Lasik<\/strong>. Con el tiempo, mejorar\u00e1 y el paciente podr\u00e1 ver tan bien como con lentillas.\n\nLos riesgos postoperatorios del Lasik incluyen el ojo seco temporal, casos raros de DLK o &#8220;arena del S\u00e1hara&#8221; que pueden tratarse con gotas de cortisona, y la queratectasia que se manifiesta como una protrusi\u00f3n corneal progresiva.\t\t\t\t\t\t<\/div>\n\t\t\t\t<\/div>\n\t\t\t\t\t<\/div>\n\t\t<\/div>\n\t\t\t\t\t<\/div>\n\t\t<\/section>\n\t\t\t\t<section class=\"elementor-section elementor-top-section elementor-element elementor-element-4ac5fc0 center elementor-section-boxed elementor-section-height-default elementor-section-height-default\" data-id=\"4ac5fc0\" data-element_type=\"section\">\n\t\t\t\t\t\t<div class=\"elementor-container elementor-column-gap-default\">\n\t\t\t\t\t<div class=\"elementor-column elementor-col-100 elementor-top-column elementor-element elementor-element-d246ba1\" data-id=\"d246ba1\" data-element_type=\"column\">\n\t\t\t<div class=\"elementor-widget-wrap elementor-element-populated\">\n\t\t\t\t\t\t<div class=\"elementor-element elementor-element-1437971 elementor-widget elementor-widget-html\" data-id=\"1437971\" data-element_type=\"widget\" data-widget_type=\"html.default\">\n\t\t\t\t<div class=\"elementor-widget-container\">\n\t\t\t<div class=\"btn_devis btn_intern\"><a href=\"https:\/\/www.la-chirurgie-esthetique-maroc.com\/es\/cita\/\"><span>Presupuesto gratuito<\/span><\/a><\/div>\t\t<\/div>\n\t\t\t\t<\/div>\n\t\t\t\t\t<\/div>\n\t\t<\/div>\n\t\t\t\t\t<\/div>\n\t\t<\/section>\n\t\t\t\t<\/div>\n\t\t","protected":false},"excerpt":{"rendered":"<p>El Lasik en Marruecos es una t\u00e9cnica de cirug\u00eda refractiva que consiste en la correcci\u00f3n con l\u00e1ser de los problemas de visi\u00f3n, principalmente los casos de miop\u00eda, hipermetrop\u00eda, astigmatismo y presbicia. Lasik es el acr\u00f3nimo de Laser Assisted In-Situ Keratomileusis, cuya definici\u00f3n significa corte, esculpido del estroma corneal o simplemente de la c\u00f3rnea. El objetivo [&hellip;]<\/p>\n","protected":false},"author":2,"featured_media":6431,"parent":0,"menu_order":0,"comment_status":"closed","ping_status":"closed","template":"","meta":{"footnotes":""},"class_list":["post-6779","page","type-page","status-publish","has-post-thumbnail","hentry"],"yoast_head":"<!-- This site is optimized with the Yoast SEO plugin v27.4 - https:\/\/yoast.com\/product\/yoast-seo-wordpress\/ -->\n<title>Lasik Marruecos \u27a1\ufe0f cirug\u00eda ocular con l\u00e1ser Excimer con precio barato<\/title>\n<meta name=\"description\" content=\"Lasik Marruecos: \u2705 cirug\u00eda ocular reconstructiva para corregir problemas de visi\u00f3n con el l\u00e1ser Excimer \u2b50 Precios baratos con presupuesto sin compromiso.\" \/>\n<meta name=\"robots\" content=\"index, follow, max-snippet:-1, max-image-preview:large, max-video-preview:-1\" \/>\n<link rel=\"canonical\" href=\"https:\/\/www.la-chirurgie-esthetique-maroc.com\/es\/lasik\/\" \/>\n<meta property=\"og:locale\" content=\"es_ES\" \/>\n<meta property=\"og:type\" content=\"article\" \/>\n<meta property=\"og:title\" content=\"Lasik Marruecos \u27a1\ufe0f cirug\u00eda ocular con l\u00e1ser Excimer con precio barato\" \/>\n<meta property=\"og:description\" content=\"Lasik Marruecos: \u2705 cirug\u00eda ocular reconstructiva para corregir problemas de visi\u00f3n con el l\u00e1ser Excimer \u2b50 Precios baratos con presupuesto sin compromiso.\" \/>\n<meta property=\"og:url\" content=\"https:\/\/www.la-chirurgie-esthetique-maroc.com\/es\/lasik\/\" \/>\n<meta property=\"og:site_name\" content=\"Chirurgie esthetique Maroc\" \/>\n<meta property=\"article:modified_time\" content=\"2023-05-29T10:07:12+00:00\" \/>\n<meta property=\"og:image\" content=\"https:\/\/www.la-chirurgie-esthetique-maroc.com\/wp-content\/uploads\/2022\/01\/header_yeux.webp\" \/>\n\t<meta property=\"og:image:width\" content=\"552\" \/>\n\t<meta property=\"og:image:height\" content=\"612\" \/>\n\t<meta property=\"og:image:type\" content=\"image\/webp\" \/>\n<meta name=\"twitter:card\" content=\"summary_large_image\" \/>\n<meta name=\"twitter:label1\" content=\"Tiempo de lectura\" \/>\n\t<meta name=\"twitter:data1\" content=\"3 minutos\" \/>\n<!-- \/ Yoast SEO plugin. -->","yoast_head_json":{"title":"Lasik Marruecos \u27a1\ufe0f cirug\u00eda ocular con l\u00e1ser Excimer con precio barato","description":"Lasik Marruecos: \u2705 cirug\u00eda ocular reconstructiva para corregir problemas de visi\u00f3n con el l\u00e1ser Excimer \u2b50 Precios baratos con presupuesto sin compromiso.","robots":{"index":"index","follow":"follow","max-snippet":"max-snippet:-1","max-image-preview":"max-image-preview:large","max-video-preview":"max-video-preview:-1"},"canonical":"https:\/\/www.la-chirurgie-esthetique-maroc.com\/es\/lasik\/","og_locale":"es_ES","og_type":"article","og_title":"Lasik Marruecos \u27a1\ufe0f cirug\u00eda ocular con l\u00e1ser Excimer con precio barato","og_description":"Lasik Marruecos: \u2705 cirug\u00eda ocular reconstructiva para corregir problemas de visi\u00f3n con el l\u00e1ser Excimer \u2b50 Precios baratos con presupuesto sin compromiso.","og_url":"https:\/\/www.la-chirurgie-esthetique-maroc.com\/es\/lasik\/","og_site_name":"Chirurgie esthetique Maroc","article_modified_time":"2023-05-29T10:07:12+00:00","og_image":[{"width":552,"height":612,"url":"https:\/\/www.la-chirurgie-esthetique-maroc.com\/wp-content\/uploads\/2022\/01\/header_yeux.webp","type":"image\/webp"}],"twitter_card":"summary_large_image","twitter_misc":{"Tiempo de lectura":"3 minutos"},"schema":{"@context":"https:\/\/schema.org","@graph":[{"@type":"WebPage","@id":"https:\/\/www.la-chirurgie-esthetique-maroc.com\/es\/lasik\/","url":"https:\/\/www.la-chirurgie-esthetique-maroc.com\/es\/lasik\/","name":"Lasik Marruecos \u27a1\ufe0f cirug\u00eda ocular con l\u00e1ser Excimer con precio barato","isPartOf":{"@id":"https:\/\/www.la-chirurgie-esthetique-maroc.com\/es\/#website"},"primaryImageOfPage":{"@id":"https:\/\/www.la-chirurgie-esthetique-maroc.com\/es\/lasik\/#primaryimage"},"image":{"@id":"https:\/\/www.la-chirurgie-esthetique-maroc.com\/es\/lasik\/#primaryimage"},"thumbnailUrl":"https:\/\/www.la-chirurgie-esthetique-maroc.com\/wp-content\/uploads\/2022\/01\/header_yeux.webp","datePublished":"2018-05-10T10:59:18+00:00","dateModified":"2023-05-29T10:07:12+00:00","description":"Lasik Marruecos: \u2705 cirug\u00eda ocular reconstructiva para corregir problemas de visi\u00f3n con el l\u00e1ser Excimer \u2b50 Precios baratos con presupuesto sin compromiso.","breadcrumb":{"@id":"https:\/\/www.la-chirurgie-esthetique-maroc.com\/es\/lasik\/#breadcrumb"},"inLanguage":"es","potentialAction":[{"@type":"ReadAction","target":["https:\/\/www.la-chirurgie-esthetique-maroc.com\/es\/lasik\/"]}]},{"@type":"ImageObject","inLanguage":"es","@id":"https:\/\/www.la-chirurgie-esthetique-maroc.com\/es\/lasik\/#primaryimage","url":"https:\/\/www.la-chirurgie-esthetique-maroc.com\/wp-content\/uploads\/2022\/01\/header_yeux.webp","contentUrl":"https:\/\/www.la-chirurgie-esthetique-maroc.com\/wp-content\/uploads\/2022\/01\/header_yeux.webp","width":552,"height":612},{"@type":"BreadcrumbList","@id":"https:\/\/www.la-chirurgie-esthetique-maroc.com\/es\/lasik\/#breadcrumb","itemListElement":[{"@type":"ListItem","position":1,"name":"Accueil","item":"https:\/\/www.la-chirurgie-esthetique-maroc.com\/es\/"},{"@type":"ListItem","position":2,"name":"Lasik Marruecos"}]},{"@type":"WebSite","@id":"https:\/\/www.la-chirurgie-esthetique-maroc.com\/es\/#website","url":"https:\/\/www.la-chirurgie-esthetique-maroc.com\/es\/","name":"Chirurgie esthetique Maroc","description":"","publisher":{"@id":"https:\/\/www.la-chirurgie-esthetique-maroc.com\/es\/#organization"},"potentialAction":[{"@type":"SearchAction","target":{"@type":"EntryPoint","urlTemplate":"https:\/\/www.la-chirurgie-esthetique-maroc.com\/es\/?s={search_term_string}"},"query-input":{"@type":"PropertyValueSpecification","valueRequired":true,"valueName":"search_term_string"}}],"inLanguage":"es"},{"@type":"Organization","@id":"https:\/\/www.la-chirurgie-esthetique-maroc.com\/es\/#organization","name":"Chirurgie esthetique Maroc","url":"https:\/\/www.la-chirurgie-esthetique-maroc.com\/es\/","logo":{"@type":"ImageObject","inLanguage":"es","@id":"https:\/\/www.la-chirurgie-esthetique-maroc.com\/es\/#\/schema\/logo\/image\/","url":"https:\/\/www.la-chirurgie-esthetique-maroc.com\/wp-content\/uploads\/2022\/01\/cem3.png","contentUrl":"https:\/\/www.la-chirurgie-esthetique-maroc.com\/wp-content\/uploads\/2022\/01\/cem3.png","width":125,"height":41,"caption":"Chirurgie esthetique Maroc"},"image":{"@id":"https:\/\/www.la-chirurgie-esthetique-maroc.com\/es\/#\/schema\/logo\/image\/"}}]}},"_links":{"self":[{"href":"https:\/\/www.la-chirurgie-esthetique-maroc.com\/es\/wp-json\/wp\/v2\/pages\/6779","targetHints":{"allow":["GET"]}}],"collection":[{"href":"https:\/\/www.la-chirurgie-esthetique-maroc.com\/es\/wp-json\/wp\/v2\/pages"}],"about":[{"href":"https:\/\/www.la-chirurgie-esthetique-maroc.com\/es\/wp-json\/wp\/v2\/types\/page"}],"author":[{"embeddable":true,"href":"https:\/\/www.la-chirurgie-esthetique-maroc.com\/es\/wp-json\/wp\/v2\/users\/2"}],"replies":[{"embeddable":true,"href":"https:\/\/www.la-chirurgie-esthetique-maroc.com\/es\/wp-json\/wp\/v2\/comments?post=6779"}],"version-history":[{"count":7,"href":"https:\/\/www.la-chirurgie-esthetique-maroc.com\/es\/wp-json\/wp\/v2\/pages\/6779\/revisions"}],"predecessor-version":[{"id":8044,"href":"https:\/\/www.la-chirurgie-esthetique-maroc.com\/es\/wp-json\/wp\/v2\/pages\/6779\/revisions\/8044"}],"wp:featuredmedia":[{"embeddable":true,"href":"https:\/\/www.la-chirurgie-esthetique-maroc.com\/es\/wp-json\/wp\/v2\/media\/6431"}],"wp:attachment":[{"href":"https:\/\/www.la-chirurgie-esthetique-maroc.com\/es\/wp-json\/wp\/v2\/media?parent=6779"}],"curies":[{"name":"wp","href":"https:\/\/api.w.org\/{rel}","templated":true}]}}