{"id":6784,"date":"2021-09-14T16:42:13","date_gmt":"2021-09-14T14:42:13","guid":{"rendered":"https:\/\/www.la-chirurgie-esthetique-maroc.com\/queratopigmentacion-marruecos-cambiar-el-color-de-los-ojos\/"},"modified":"2024-02-22T13:42:47","modified_gmt":"2024-02-22T12:42:47","slug":"queratopigmentacion","status":"publish","type":"page","link":"https:\/\/www.la-chirurgie-esthetique-maroc.com\/es\/queratopigmentacion\/","title":{"rendered":"Queratopigmentaci\u00f3n Marruecos: cambiar el color de los ojos"},"content":{"rendered":"\t\t<div data-elementor-type=\"wp-page\" data-elementor-id=\"6784\" class=\"elementor elementor-6784 elementor-3616\">\n\t\t\t\t\t\t<section class=\"elementor-section elementor-top-section elementor-element elementor-element-d38c4c4 elementor-section-boxed elementor-section-height-default elementor-section-height-default\" data-id=\"d38c4c4\" data-element_type=\"section\">\n\t\t\t\t\t\t<div class=\"elementor-container elementor-column-gap-default\">\n\t\t\t\t\t<div class=\"elementor-column elementor-col-33 elementor-top-column elementor-element elementor-element-e5593f3\" data-id=\"e5593f3\" data-element_type=\"column\">\n\t\t\t<div class=\"elementor-widget-wrap elementor-element-populated\">\n\t\t\t\t\t\t<div class=\"elementor-element elementor-element-87e533a elementor-widget elementor-widget-image\" data-id=\"87e533a\" data-element_type=\"widget\" data-widget_type=\"image.default\">\n\t\t\t\t<div class=\"elementor-widget-container\">\n\t\t\t\t\t\t\t\t\t\t\t\t\t<img fetchpriority=\"high\" decoding=\"async\" width=\"489\" height=\"517\" src=\"https:\/\/www.la-chirurgie-esthetique-maroc.com\/wp-content\/uploads\/2022\/01\/Keratopigmentaion-Maroc.webp\" class=\"attachment-large size-large wp-image-6472\" alt=\"\" srcset=\"https:\/\/www.la-chirurgie-esthetique-maroc.com\/wp-content\/uploads\/2022\/01\/Keratopigmentaion-Maroc.webp 489w, https:\/\/www.la-chirurgie-esthetique-maroc.com\/wp-content\/uploads\/2022\/01\/Keratopigmentaion-Maroc-284x300.webp 284w\" sizes=\"(max-width: 489px) 100vw, 489px\" \/>\t\t\t\t\t\t\t\t\t\t\t\t\t<\/div>\n\t\t\t\t<\/div>\n\t\t\t\t\t<\/div>\n\t\t<\/div>\n\t\t\t\t<div class=\"elementor-column elementor-col-66 elementor-top-column elementor-element elementor-element-8d8d217 align_content_center\" data-id=\"8d8d217\" data-element_type=\"column\">\n\t\t\t<div class=\"elementor-widget-wrap elementor-element-populated\">\n\t\t\t\t\t\t<div class=\"elementor-element elementor-element-bf5d904 elementor-widget elementor-widget-text-editor\" data-id=\"bf5d904\" data-element_type=\"widget\" data-widget_type=\"text-editor.default\">\n\t\t\t\t<div class=\"elementor-widget-container\">\n\t\t\t\t\t\t\tA veces, la gente no est\u00e1 contenta con determinados colores de ojos, y muchas personas se ven afectadas. Mientras algunas personas recurr\u00edan a las lentes de contacto, hasta ahora no hab\u00eda forma de cambiar permanentemente el color de los ojos. Hoy en d\u00eda, gracias a la queratopigmentaci\u00f3n marroqu\u00ed, este sue\u00f1o se ha hecho realidad para pacientes de todo el mundo.\n\n\t\t\t\t\t\t<\/div>\n\t\t\t\t<\/div>\n\t\t\t\t<div class=\"elementor-element elementor-element-1da4a80 center elementor-widget elementor-widget-html\" data-id=\"1da4a80\" data-element_type=\"widget\" data-widget_type=\"html.default\">\n\t\t\t\t<div class=\"elementor-widget-container\">\n\t\t\t<div class=\"btn_devis btn_intern\"><a href=\"https:\/\/www.la-chirurgie-esthetique-maroc.com\/es\/cita\/\"><span>Presupuesto gratuito para Queratopigmentaci\u00f3n Marruecos  <\/span><\/a><\/div>\t\t<\/div>\n\t\t\t\t<\/div>\n\t\t\t\t\t<\/div>\n\t\t<\/div>\n\t\t\t\t\t<\/div>\n\t\t<\/section>\n\t\t\t\t<section class=\"elementor-section elementor-top-section elementor-element elementor-element-fcb40e8 elementor-section-boxed elementor-section-height-default elementor-section-height-default\" data-id=\"fcb40e8\" data-element_type=\"section\">\n\t\t\t\t\t\t<div class=\"elementor-container elementor-column-gap-default\">\n\t\t\t\t\t<div class=\"elementor-column elementor-col-66 elementor-top-column elementor-element elementor-element-99ce20e\" data-id=\"99ce20e\" data-element_type=\"column\">\n\t\t\t<div class=\"elementor-widget-wrap elementor-element-populated\">\n\t\t\t\t\t\t<div class=\"elementor-element elementor-element-554b706 elementor-widget elementor-widget-text-editor\" data-id=\"554b706\" data-element_type=\"widget\" data-widget_type=\"text-editor.default\">\n\t\t\t\t<div class=\"elementor-widget-container\">\n\t\t\t\t\t\t\t<h2>Presupuesto expr\u00e9s gratuito<\/h2>\n<style>\r\n.align_center {\r\n    display: block;\r\n    text-align: center;\r\n    padding: 30px 0px;\r\n}\r\n<\/style>\r\n\r\n<div>\r\n\t<h2 class=\"align_center\">Presupuesto r\u00e1pido gratuito<\/h2>\r\n<iframe src=\"https:\/\/app.metocrm.com\/web-forms\/e1cab5bd-ef56-4a37-aa71-4857d931f368\"  height=\"800px\" width=\"100%\"  frameborder=\"0\" style=\"border-radius: 10px;\"><\/iframe>\r\n\r\n<\/div>\t\t\t\t\t\t<\/div>\n\t\t\t\t<\/div>\n\t\t\t\t\t<\/div>\n\t\t<\/div>\n\t\t\t\t<div class=\"elementor-column elementor-col-33 elementor-top-column elementor-element elementor-element-7d0a4b6\" data-id=\"7d0a4b6\" data-element_type=\"column\">\n\t\t\t<div class=\"elementor-widget-wrap elementor-element-populated\">\n\t\t\t\t\t\t<div class=\"elementor-element elementor-element-013db85 elementor-widget elementor-widget-image\" data-id=\"013db85\" data-element_type=\"widget\" data-widget_type=\"image.default\">\n\t\t\t\t<div class=\"elementor-widget-container\">\n\t\t\t\t\t\t\t\t\t\t\t\t\t<img decoding=\"async\" width=\"508\" height=\"554\" src=\"https:\/\/www.la-chirurgie-esthetique-maroc.com\/wp-content\/uploads\/2022\/01\/la-chirurgie-esthetique-maroc_devis-1.webp\" class=\"attachment-large size-large wp-image-6422\" alt=\"\" srcset=\"https:\/\/www.la-chirurgie-esthetique-maroc.com\/wp-content\/uploads\/2022\/01\/la-chirurgie-esthetique-maroc_devis-1.webp 508w, https:\/\/www.la-chirurgie-esthetique-maroc.com\/wp-content\/uploads\/2022\/01\/la-chirurgie-esthetique-maroc_devis-1-275x300.webp 275w\" sizes=\"(max-width: 508px) 100vw, 508px\" \/>\t\t\t\t\t\t\t\t\t\t\t\t\t<\/div>\n\t\t\t\t<\/div>\n\t\t\t\t\t<\/div>\n\t\t<\/div>\n\t\t\t\t\t<\/div>\n\t\t<\/section>\n\t\t\t\t<section class=\"elementor-section elementor-top-section elementor-element elementor-element-4c845a6 bg-color forme_1  elementor-section-boxed elementor-section-height-default elementor-section-height-default\" data-id=\"4c845a6\" data-element_type=\"section\">\n\t\t\t\t\t\t<div class=\"elementor-container elementor-column-gap-default\">\n\t\t\t\t\t<div class=\"elementor-column elementor-col-100 elementor-top-column elementor-element elementor-element-0c90b08\" data-id=\"0c90b08\" data-element_type=\"column\">\n\t\t\t<div class=\"elementor-widget-wrap elementor-element-populated\">\n\t\t\t\t\t\t<div class=\"elementor-element elementor-element-ae2b5c3 elementor-widget elementor-widget-text-editor\" data-id=\"ae2b5c3\" data-element_type=\"widget\" data-widget_type=\"text-editor.default\">\n\t\t\t\t<div class=\"elementor-widget-container\">\n\t\t\t\t\t\t\t<h2>\u00bfQu\u00e9 es la queratopigmentaci\u00f3n?<\/h2>\nLa queratopigmentaci\u00f3n es la primera t\u00e9cnica del mundo que permite cambiar de forma segura y eficaz el color de los ojos de un paciente por motivos est\u00e9ticos. Durante la cirug\u00eda ambulatoria, los m\u00e9dicos marroqu\u00edes realizan un tatuaje corneal intralaminar central con pigmentos minerales micronizados. Estos pigmentos cambian el color de los ojos de los pacientes, proporcion\u00e1ndoles los hermosos ojos con los que siempre han so\u00f1ado.\n\nLa queratopigmentaci\u00f3n corneal (KTP) tiene una larga historia en pacientes con opacidades corneales desfigurantes. Debido a los avances y cambios en las t\u00e9cnicas quir\u00fargicas y a su baja tasa de complicaciones, se est\u00e1 considerando su uso en algunos pacientes para indicaciones terap\u00e9uticas o funcionales.\t\t\t\t\t\t<\/div>\n\t\t\t\t<\/div>\n\t\t\t\t<div class=\"elementor-element elementor-element-130e67a elementor-widget elementor-widget-text-editor\" data-id=\"130e67a\" data-element_type=\"widget\" data-widget_type=\"text-editor.default\">\n\t\t\t\t<div class=\"elementor-widget-container\">\n\t\t\t\t\t\t\t<h2>\u00bfC\u00f3mo se realiza la queratopigmentaci\u00f3n en Marruecos?<\/h2>\n<strong>En Marruecos<\/strong> existen tres tipos de <strong>queratopigmentaci\u00f3n<\/strong>:\n\n<strong>Queratopigmentaci\u00f3n superficial automatizada<\/strong>  Micropuntura: es una t\u00e9cnica que utiliza un dispositivo de micropuntura aplicando diferentes par\u00e1metros en cuanto a potencia y profundidad y utiliza diferentes puntas seg\u00fan cada caso, para hacer llegar los pigmentos a las capas superficiales de la c\u00f3rnea, especialmente en casos de opacidades corneales profundas y densas o tocando finamente los detalles del dibujo del iris.\n\n<strong>Queratopigmentaci\u00f3n intralaminar manual<\/strong>: en este caso, el cirujano utiliza un cuchillo de diamante para crear incisiones a una profundidad de entre el 40% y el 50% del espesor paquim\u00e9trico de la c\u00f3rnea, y un juego especial de disectores helicoidales para crear t\u00faneles intraestromales de forma circular.\n\n<strong>Queratopigmentaci\u00f3n asistida por femtosegundo<\/strong>: esta t\u00e9cnica crea numerosos t\u00faneles unificados y precisos de distintas profundidades y dimensiones, adaptados a las preferencias del cirujano y a los requisitos de cada caso.\n\nAntes de la cirug\u00eda, debe realizarse un examen cl\u00ednico del segmento anterior y del fondo de ojo. Se utilizar\u00e1 la tomograf\u00eda de coherencia \u00f3ptica de dominio temporal para evaluar el grosor corneal local y la tomograf\u00eda en las distintas zonas de la c\u00f3rnea; tambi\u00e9n se obtendr\u00e1n valores de paquimetr\u00eda, para decidir la profundidad laminar adecuada de los t\u00faneles de femtosegundo. Los di\u00e1metros horizontal y vertical se medir\u00e1n con un calibre para determinar el di\u00e1metro de la disecci\u00f3n laminar.\t\t\t\t\t\t<\/div>\n\t\t\t\t<\/div>\n\t\t\t\t\t<\/div>\n\t\t<\/div>\n\t\t\t\t\t<\/div>\n\t\t<\/section>\n\t\t\t\t<section class=\"elementor-section elementor-top-section elementor-element elementor-element-4ade61b elementor-section-boxed elementor-section-height-default elementor-section-height-default\" data-id=\"4ade61b\" data-element_type=\"section\">\n\t\t\t\t\t\t<div class=\"elementor-container elementor-column-gap-default\">\n\t\t\t\t\t<div class=\"elementor-column elementor-col-100 elementor-top-column elementor-element elementor-element-e8e7fc5\" data-id=\"e8e7fc5\" data-element_type=\"column\">\n\t\t\t<div class=\"elementor-widget-wrap elementor-element-populated\">\n\t\t\t\t\t\t<div class=\"elementor-element elementor-element-cba02c0 elementor-widget elementor-widget-text-editor\" data-id=\"cba02c0\" data-element_type=\"widget\" data-widget_type=\"text-editor.default\">\n\t\t\t\t<div class=\"elementor-widget-container\">\n\t\t\t\t\t\t\t<h3>Procedimiento de queratopigmentaci\u00f3n<\/h3>\nEl procedimiento de <strong>queratopigmentaci\u00f3n en Marruecos<\/strong> se realiza con anestesia local y dura una media de 1 hora.\n\nEl cirujano realiza t\u00faneles intraestromales utilizando un l\u00e1ser de femtosegundo de 60 kHz. La profundidad del t\u00fanel puede variar entre 300 y 350 mm desde la superficie, con un di\u00e1metro fijo de la pupila de 5,5 mm en el interior y 9,5 mm en el exterior. La apertura del t\u00fanel intralaminar de femtosegundo y su ampliaci\u00f3n hasta los l\u00edmites exteriores de la c\u00f3rnea para alcanzar el limbo se realiza con un disector lamelar.\n\nA continuaci\u00f3n, se colocar\u00e1n en el t\u00fanel pigmentos minerales micronizados personalizados seg\u00fan el color deseado por el paciente y probados en el laboratorio h\u00famedo unos d\u00edas antes de la intervenci\u00f3n para garantizar la coincidencia de color. Los pigmentos se inyectan con una c\u00e1nula de calibre 27 en el t\u00fanel m\u00e1s profundo a trav\u00e9s de la incisi\u00f3n.\n\t\t\t\t\t\t<\/div>\n\t\t\t\t<\/div>\n\t\t\t\t<div class=\"elementor-element elementor-element-baae0de center elementor-widget elementor-widget-html\" data-id=\"baae0de\" data-element_type=\"widget\" data-widget_type=\"html.default\">\n\t\t\t\t<div class=\"elementor-widget-container\">\n\t\t\t<div class=\"btn_devis btn_intern\"><a href=\"https:\/\/www.la-chirurgie-esthetique-maroc.com\/es\/cita\/\"><span>Presupuesto gratuito con precio barato para queratopigmentaci\u00f3n<\/span><\/a><\/div>\t\t<\/div>\n\t\t\t\t<\/div>\n\t\t\t\t<div class=\"elementor-element elementor-element-2fcdb59 elementor-widget elementor-widget-text-editor\" data-id=\"2fcdb59\" data-element_type=\"widget\" data-widget_type=\"text-editor.default\">\n\t\t\t\t<div class=\"elementor-widget-container\">\n\t\t\t\t\t\t\t<h2>\u00bfCu\u00e1les son los efectos postoperatorios?<\/h2>\nLos pacientes de queratopigmentaci\u00f3n deben tener a alguien que les lleve a casa despu\u00e9s de la operaci\u00f3n. Los pacientes pueden experimentar somnolencia tras la intervenci\u00f3n y no podr\u00e1n conducir durante las primeras 24 horas.\n\n\t\t\t\t\t\t<\/div>\n\t\t\t\t<\/div>\n\t\t\t\t\t<\/div>\n\t\t<\/div>\n\t\t\t\t\t<\/div>\n\t\t<\/section>\n\t\t\t\t<section class=\"elementor-section elementor-top-section elementor-element elementor-element-ae16357 elementor-section-boxed elementor-section-height-default elementor-section-height-default\" data-id=\"ae16357\" data-element_type=\"section\">\n\t\t\t\t\t\t<div class=\"elementor-container elementor-column-gap-default\">\n\t\t\t\t\t<div class=\"elementor-column elementor-col-100 elementor-top-column elementor-element elementor-element-967ffbb\" data-id=\"967ffbb\" data-element_type=\"column\">\n\t\t\t<div class=\"elementor-widget-wrap elementor-element-populated\">\n\t\t\t\t\t\t<div class=\"elementor-element elementor-element-68ef6d07 elementor-widget elementor-widget-text-editor\" data-id=\"68ef6d07\" data-element_type=\"widget\" data-widget_type=\"text-editor.default\">\n\t\t\t\t<div class=\"elementor-widget-container\">\n\t\t\t\t\t\t\t\n<h2>\u00bfCu\u00e1les son los resultados de la queratopigmentaci\u00f3n marroqu\u00ed?<\/h2>\nLa recuperaci\u00f3n postoperatoria de la cirug\u00eda de queratopigmentaci\u00f3n es r\u00e1pida y los resultados son duraderos. La mayor\u00eda de las c\u00f3rneas no muestran signos de volver a su color original, lo que significa que los pacientes pueden disfrutar de sus nuevos ojos el resto de su vida.\n\nTras la intervenci\u00f3n, los pacientes pueden ser sensibles a la luz durante unos d\u00edas. Una vez transcurridos unos d\u00edas, los pacientes pueden disfrutar de su nuevo color de ojos sin efectos secundarios ni complicaciones.\t\t\t\t\t\t<\/div>\n\t\t\t\t<\/div>\n\t\t\t\t\t<\/div>\n\t\t<\/div>\n\t\t\t\t\t<\/div>\n\t\t<\/section>\n\t\t\t\t<\/div>\n\t\t","protected":false},"excerpt":{"rendered":"<p>A veces, la gente no est\u00e1 contenta con determinados colores de ojos, y muchas personas se ven afectadas. Mientras algunas personas recurr\u00edan a las lentes de contacto, hasta ahora no hab\u00eda forma de cambiar permanentemente el color de los ojos. Hoy en d\u00eda, gracias a la queratopigmentaci\u00f3n marroqu\u00ed, este sue\u00f1o se ha hecho realidad para [&hellip;]<\/p>\n","protected":false},"author":2,"featured_media":6431,"parent":0,"menu_order":0,"comment_status":"closed","ping_status":"closed","template":"","meta":{"footnotes":""},"class_list":["post-6784","page","type-page","status-publish","has-post-thumbnail","hentry"],"yoast_head":"<!-- This site is optimized with the Yoast SEO plugin v27.4 - https:\/\/yoast.com\/product\/yoast-seo-wordpress\/ -->\n<title>Queratopigmentaci\u00f3n Marruecos \u27a1\ufe0f cambiar el color de los ojos<\/title>\n<meta name=\"description\" content=\"Queratopigmentaci\u00f3n Marruecos: cambia el color de tus ojos de forma permanente con un precio barato \u2b50 Solicita tu presupuesto sin compromiso.\" \/>\n<meta name=\"robots\" content=\"index, follow, max-snippet:-1, max-image-preview:large, max-video-preview:-1\" \/>\n<link rel=\"canonical\" href=\"https:\/\/www.la-chirurgie-esthetique-maroc.com\/es\/queratopigmentacion\/\" \/>\n<meta property=\"og:locale\" content=\"es_ES\" \/>\n<meta property=\"og:type\" content=\"article\" \/>\n<meta property=\"og:title\" content=\"Queratopigmentaci\u00f3n Marruecos \u27a1\ufe0f cambiar el color de los ojos\" \/>\n<meta property=\"og:description\" content=\"Queratopigmentaci\u00f3n Marruecos: cambia el color de tus ojos de forma permanente con un precio barato \u2b50 Solicita tu presupuesto sin compromiso.\" \/>\n<meta property=\"og:url\" content=\"https:\/\/www.la-chirurgie-esthetique-maroc.com\/es\/queratopigmentacion\/\" \/>\n<meta property=\"og:site_name\" content=\"Chirurgie esthetique Maroc\" \/>\n<meta property=\"article:modified_time\" content=\"2024-02-22T12:42:47+00:00\" \/>\n<meta property=\"og:image\" content=\"https:\/\/www.la-chirurgie-esthetique-maroc.com\/wp-content\/uploads\/2022\/01\/header_yeux.webp\" \/>\n\t<meta property=\"og:image:width\" content=\"552\" \/>\n\t<meta property=\"og:image:height\" content=\"612\" \/>\n\t<meta property=\"og:image:type\" content=\"image\/webp\" \/>\n<meta name=\"twitter:card\" content=\"summary_large_image\" \/>\n<meta name=\"twitter:label1\" content=\"Tiempo de lectura\" \/>\n\t<meta name=\"twitter:data1\" content=\"4 minutos\" \/>\n<!-- \/ Yoast SEO plugin. -->","yoast_head_json":{"title":"Queratopigmentaci\u00f3n Marruecos \u27a1\ufe0f cambiar el color de los ojos","description":"Queratopigmentaci\u00f3n Marruecos: cambia el color de tus ojos de forma permanente con un precio barato \u2b50 Solicita tu presupuesto sin compromiso.","robots":{"index":"index","follow":"follow","max-snippet":"max-snippet:-1","max-image-preview":"max-image-preview:large","max-video-preview":"max-video-preview:-1"},"canonical":"https:\/\/www.la-chirurgie-esthetique-maroc.com\/es\/queratopigmentacion\/","og_locale":"es_ES","og_type":"article","og_title":"Queratopigmentaci\u00f3n Marruecos \u27a1\ufe0f cambiar el color de los ojos","og_description":"Queratopigmentaci\u00f3n Marruecos: cambia el color de tus ojos de forma permanente con un precio barato \u2b50 Solicita tu presupuesto sin compromiso.","og_url":"https:\/\/www.la-chirurgie-esthetique-maroc.com\/es\/queratopigmentacion\/","og_site_name":"Chirurgie esthetique Maroc","article_modified_time":"2024-02-22T12:42:47+00:00","og_image":[{"width":552,"height":612,"url":"https:\/\/www.la-chirurgie-esthetique-maroc.com\/wp-content\/uploads\/2022\/01\/header_yeux.webp","type":"image\/webp"}],"twitter_card":"summary_large_image","twitter_misc":{"Tiempo de lectura":"4 minutos"},"schema":{"@context":"https:\/\/schema.org","@graph":[{"@type":"WebPage","@id":"https:\/\/www.la-chirurgie-esthetique-maroc.com\/es\/queratopigmentacion\/","url":"https:\/\/www.la-chirurgie-esthetique-maroc.com\/es\/queratopigmentacion\/","name":"Queratopigmentaci\u00f3n Marruecos \u27a1\ufe0f cambiar el color de los ojos","isPartOf":{"@id":"https:\/\/www.la-chirurgie-esthetique-maroc.com\/es\/#website"},"primaryImageOfPage":{"@id":"https:\/\/www.la-chirurgie-esthetique-maroc.com\/es\/queratopigmentacion\/#primaryimage"},"image":{"@id":"https:\/\/www.la-chirurgie-esthetique-maroc.com\/es\/queratopigmentacion\/#primaryimage"},"thumbnailUrl":"https:\/\/www.la-chirurgie-esthetique-maroc.com\/wp-content\/uploads\/2022\/01\/header_yeux.webp","datePublished":"2021-09-14T14:42:13+00:00","dateModified":"2024-02-22T12:42:47+00:00","description":"Queratopigmentaci\u00f3n Marruecos: cambia el color de tus ojos de forma permanente con un precio barato \u2b50 Solicita tu presupuesto sin compromiso.","breadcrumb":{"@id":"https:\/\/www.la-chirurgie-esthetique-maroc.com\/es\/queratopigmentacion\/#breadcrumb"},"inLanguage":"es","potentialAction":[{"@type":"ReadAction","target":["https:\/\/www.la-chirurgie-esthetique-maroc.com\/es\/queratopigmentacion\/"]}]},{"@type":"ImageObject","inLanguage":"es","@id":"https:\/\/www.la-chirurgie-esthetique-maroc.com\/es\/queratopigmentacion\/#primaryimage","url":"https:\/\/www.la-chirurgie-esthetique-maroc.com\/wp-content\/uploads\/2022\/01\/header_yeux.webp","contentUrl":"https:\/\/www.la-chirurgie-esthetique-maroc.com\/wp-content\/uploads\/2022\/01\/header_yeux.webp","width":552,"height":612},{"@type":"BreadcrumbList","@id":"https:\/\/www.la-chirurgie-esthetique-maroc.com\/es\/queratopigmentacion\/#breadcrumb","itemListElement":[{"@type":"ListItem","position":1,"name":"Accueil","item":"https:\/\/www.la-chirurgie-esthetique-maroc.com\/es\/"},{"@type":"ListItem","position":2,"name":"Queratopigmentaci\u00f3n Marruecos: cambiar el color de los ojos"}]},{"@type":"WebSite","@id":"https:\/\/www.la-chirurgie-esthetique-maroc.com\/es\/#website","url":"https:\/\/www.la-chirurgie-esthetique-maroc.com\/es\/","name":"Chirurgie esthetique Maroc","description":"","publisher":{"@id":"https:\/\/www.la-chirurgie-esthetique-maroc.com\/es\/#organization"},"potentialAction":[{"@type":"SearchAction","target":{"@type":"EntryPoint","urlTemplate":"https:\/\/www.la-chirurgie-esthetique-maroc.com\/es\/?s={search_term_string}"},"query-input":{"@type":"PropertyValueSpecification","valueRequired":true,"valueName":"search_term_string"}}],"inLanguage":"es"},{"@type":"Organization","@id":"https:\/\/www.la-chirurgie-esthetique-maroc.com\/es\/#organization","name":"Chirurgie esthetique Maroc","url":"https:\/\/www.la-chirurgie-esthetique-maroc.com\/es\/","logo":{"@type":"ImageObject","inLanguage":"es","@id":"https:\/\/www.la-chirurgie-esthetique-maroc.com\/es\/#\/schema\/logo\/image\/","url":"https:\/\/www.la-chirurgie-esthetique-maroc.com\/wp-content\/uploads\/2022\/01\/cem3.png","contentUrl":"https:\/\/www.la-chirurgie-esthetique-maroc.com\/wp-content\/uploads\/2022\/01\/cem3.png","width":125,"height":41,"caption":"Chirurgie esthetique Maroc"},"image":{"@id":"https:\/\/www.la-chirurgie-esthetique-maroc.com\/es\/#\/schema\/logo\/image\/"}}]}},"_links":{"self":[{"href":"https:\/\/www.la-chirurgie-esthetique-maroc.com\/es\/wp-json\/wp\/v2\/pages\/6784","targetHints":{"allow":["GET"]}}],"collection":[{"href":"https:\/\/www.la-chirurgie-esthetique-maroc.com\/es\/wp-json\/wp\/v2\/pages"}],"about":[{"href":"https:\/\/www.la-chirurgie-esthetique-maroc.com\/es\/wp-json\/wp\/v2\/types\/page"}],"author":[{"embeddable":true,"href":"https:\/\/www.la-chirurgie-esthetique-maroc.com\/es\/wp-json\/wp\/v2\/users\/2"}],"replies":[{"embeddable":true,"href":"https:\/\/www.la-chirurgie-esthetique-maroc.com\/es\/wp-json\/wp\/v2\/comments?post=6784"}],"version-history":[{"count":10,"href":"https:\/\/www.la-chirurgie-esthetique-maroc.com\/es\/wp-json\/wp\/v2\/pages\/6784\/revisions"}],"predecessor-version":[{"id":8452,"href":"https:\/\/www.la-chirurgie-esthetique-maroc.com\/es\/wp-json\/wp\/v2\/pages\/6784\/revisions\/8452"}],"wp:featuredmedia":[{"embeddable":true,"href":"https:\/\/www.la-chirurgie-esthetique-maroc.com\/es\/wp-json\/wp\/v2\/media\/6431"}],"wp:attachment":[{"href":"https:\/\/www.la-chirurgie-esthetique-maroc.com\/es\/wp-json\/wp\/v2\/media?parent=6784"}],"curies":[{"name":"wp","href":"https:\/\/api.w.org\/{rel}","templated":true}]}}