{"id":6792,"date":"2018-04-26T12:59:43","date_gmt":"2018-04-26T10:59:43","guid":{"rendered":"https:\/\/www.la-chirurgie-esthetique-maroc.com\/penoplastia-marruecos\/"},"modified":"2023-05-29T12:12:46","modified_gmt":"2023-05-29T10:12:46","slug":"penoplastia","status":"publish","type":"page","link":"https:\/\/www.la-chirurgie-esthetique-maroc.com\/es\/penoplastia\/","title":{"rendered":"Penoplastia Marruecos"},"content":{"rendered":"\t\t<div data-elementor-type=\"wp-page\" data-elementor-id=\"6792\" class=\"elementor elementor-6792 elementor-1525\">\n\t\t\t\t\t\t<section class=\"elementor-section elementor-top-section elementor-element elementor-element-01e71ce elementor-section-boxed elementor-section-height-default elementor-section-height-default\" data-id=\"01e71ce\" data-element_type=\"section\">\n\t\t\t\t\t\t<div class=\"elementor-container elementor-column-gap-default\">\n\t\t\t\t\t<div class=\"elementor-column elementor-col-33 elementor-top-column elementor-element elementor-element-cab1b9b\" data-id=\"cab1b9b\" data-element_type=\"column\">\n\t\t\t<div class=\"elementor-widget-wrap elementor-element-populated\">\n\t\t\t\t\t\t<div class=\"elementor-element elementor-element-e611623 elementor-widget elementor-widget-image\" data-id=\"e611623\" data-element_type=\"widget\" data-widget_type=\"image.default\">\n\t\t\t\t<div class=\"elementor-widget-container\">\n\t\t\t\t\t\t\t\t\t\t\t\t\t<img fetchpriority=\"high\" decoding=\"async\" width=\"508\" height=\"518\" src=\"https:\/\/www.la-chirurgie-esthetique-maroc.com\/wp-content\/uploads\/2022\/01\/penoplastie-en-Tunisie.webp\" class=\"attachment-large size-large wp-image-6477\" alt=\"\" srcset=\"https:\/\/www.la-chirurgie-esthetique-maroc.com\/wp-content\/uploads\/2022\/01\/penoplastie-en-Tunisie.webp 508w, https:\/\/www.la-chirurgie-esthetique-maroc.com\/wp-content\/uploads\/2022\/01\/penoplastie-en-Tunisie-294x300.webp 294w\" sizes=\"(max-width: 508px) 100vw, 508px\" \/>\t\t\t\t\t\t\t\t\t\t\t\t\t<\/div>\n\t\t\t\t<\/div>\n\t\t\t\t\t<\/div>\n\t\t<\/div>\n\t\t\t\t<div class=\"elementor-column elementor-col-66 elementor-top-column elementor-element elementor-element-2f13e5c align_content_center\" data-id=\"2f13e5c\" data-element_type=\"column\">\n\t\t\t<div class=\"elementor-widget-wrap elementor-element-populated\">\n\t\t\t\t\t\t<div class=\"elementor-element elementor-element-66bbcd6 elementor-widget elementor-widget-text-editor\" data-id=\"66bbcd6\" data-element_type=\"widget\" data-widget_type=\"text-editor.default\">\n\t\t\t\t<div class=\"elementor-widget-container\">\n\t\t\t\t\t\t\t<p>La <strong>penoplastia Marruecos<\/strong> es el procedimiento de cirug\u00eda \u00edntima masculina que permite aumentar el tama\u00f1o del pene, ya sea en longitud o en circunferencia. Por eso hablamos de penoplastia de alargamiento y penoplastia de ensanchamiento. Ambos procedimientos pueden realizarse durante la misma sesi\u00f3n de faloplastia.<\/p>\n\t\t\t\t\t\t<\/div>\n\t\t\t\t<\/div>\n\t\t\t\t<div class=\"elementor-element elementor-element-d8d71af elementor-widget elementor-widget-text-editor\" data-id=\"d8d71af\" data-element_type=\"widget\" data-widget_type=\"text-editor.default\">\n\t\t\t\t<div class=\"elementor-widget-container\">\n\t\t\t\t\t\t\t<h2>Penoplastia Marruecos precio barato<\/h2>\nEl precio de una <strong>penoplastia en Marruecos <\/strong>depende del procedimiento elegido. Para conocer el precio de una penoplastia es necesario solicitar un presupuesto, nuestra cl\u00ednica le ofrece un presupuesto gratuito y detallado con toda la informaci\u00f3n sobre su operaci\u00f3n de aumento de pene. Para las tarifas en dinares tambi\u00e9n debe solicitar un presupuesto para su cirug\u00eda \u00edntima Marruecos precio barato.\t\t\t\t\t\t<\/div>\n\t\t\t\t<\/div>\n\t\t\t\t\t<\/div>\n\t\t<\/div>\n\t\t\t\t\t<\/div>\n\t\t<\/section>\n\t\t\t\t<section class=\"elementor-section elementor-top-section elementor-element elementor-element-d604478 elementor-section-boxed elementor-section-height-default elementor-section-height-default\" data-id=\"d604478\" data-element_type=\"section\">\n\t\t\t\t\t\t<div class=\"elementor-container elementor-column-gap-default\">\n\t\t\t\t\t<div class=\"elementor-column elementor-col-66 elementor-top-column elementor-element elementor-element-4b39f03\" data-id=\"4b39f03\" data-element_type=\"column\">\n\t\t\t<div class=\"elementor-widget-wrap elementor-element-populated\">\n\t\t\t\t\t\t<div class=\"elementor-element elementor-element-edf238b elementor-widget elementor-widget-text-editor\" data-id=\"edf238b\" data-element_type=\"widget\" data-widget_type=\"text-editor.default\">\n\t\t\t\t<div class=\"elementor-widget-container\">\n\t\t\t\t\t\t\t<h2>Presupuesto expr\u00e9s gratuito<\/h2>\n<style>\r\n.align_center {\r\n    display: block;\r\n    text-align: center;\r\n    padding: 30px 0px;\r\n}\r\n<\/style>\r\n\r\n<div>\r\n\t<h2 class=\"align_center\">Presupuesto r\u00e1pido gratuito<\/h2>\r\n<iframe src=\"https:\/\/app.metocrm.com\/web-forms\/e1cab5bd-ef56-4a37-aa71-4857d931f368\"  height=\"800px\" width=\"100%\"  frameborder=\"0\" style=\"border-radius: 10px;\"><\/iframe>\r\n\r\n<\/div>\t\t\t\t\t\t<\/div>\n\t\t\t\t<\/div>\n\t\t\t\t\t<\/div>\n\t\t<\/div>\n\t\t\t\t<div class=\"elementor-column elementor-col-33 elementor-top-column elementor-element elementor-element-90a6ca6\" data-id=\"90a6ca6\" data-element_type=\"column\">\n\t\t\t<div class=\"elementor-widget-wrap elementor-element-populated\">\n\t\t\t\t\t\t<div class=\"elementor-element elementor-element-bbde6b8 elementor-widget elementor-widget-image\" data-id=\"bbde6b8\" data-element_type=\"widget\" data-widget_type=\"image.default\">\n\t\t\t\t<div class=\"elementor-widget-container\">\n\t\t\t\t\t\t\t\t\t\t\t\t\t<img decoding=\"async\" width=\"508\" height=\"554\" src=\"https:\/\/www.la-chirurgie-esthetique-maroc.com\/wp-content\/uploads\/2022\/01\/la-chirurgie-esthetique-maroc_devis-1.webp\" class=\"attachment-large size-large wp-image-6422\" alt=\"\" srcset=\"https:\/\/www.la-chirurgie-esthetique-maroc.com\/wp-content\/uploads\/2022\/01\/la-chirurgie-esthetique-maroc_devis-1.webp 508w, https:\/\/www.la-chirurgie-esthetique-maroc.com\/wp-content\/uploads\/2022\/01\/la-chirurgie-esthetique-maroc_devis-1-275x300.webp 275w\" sizes=\"(max-width: 508px) 100vw, 508px\" \/>\t\t\t\t\t\t\t\t\t\t\t\t\t<\/div>\n\t\t\t\t<\/div>\n\t\t\t\t\t<\/div>\n\t\t<\/div>\n\t\t\t\t\t<\/div>\n\t\t<\/section>\n\t\t\t\t<section class=\"elementor-section elementor-top-section elementor-element elementor-element-f5fa93b bg-color forme_1  elementor-section-boxed elementor-section-height-default elementor-section-height-default\" data-id=\"f5fa93b\" data-element_type=\"section\">\n\t\t\t\t\t\t<div class=\"elementor-container elementor-column-gap-default\">\n\t\t\t\t\t<div class=\"elementor-column elementor-col-100 elementor-top-column elementor-element elementor-element-11884ab\" data-id=\"11884ab\" data-element_type=\"column\">\n\t\t\t<div class=\"elementor-widget-wrap elementor-element-populated\">\n\t\t\t\t\t\t<div class=\"elementor-element elementor-element-48e03e8 elementor-widget elementor-widget-text-editor\" data-id=\"48e03e8\" data-element_type=\"widget\" data-widget_type=\"text-editor.default\">\n\t\t\t\t<div class=\"elementor-widget-container\">\n\t\t\t\t\t\t\t<h2>Procedimiento de penoplastia<\/h2><p>Cabe recordar que la <strong>penoplastia en Marruecos <\/strong>puede ser esencialmente quir\u00fargica o puede realizarse mediante inyecci\u00f3n de<a href=\"https:\/\/www.la-chirurgie-esthetique-maroc.com\/es\/acido-hialuronico\/\">\u00e1cido hialur\u00f3nico<\/a>. La penoplastia por inyecci\u00f3n de \u00e1cido hialur\u00f3nico permite evitar la cirug\u00eda y facilitar el postoperatorio. Sin embargo, al tratarse de un producto absorbible, el paciente tendr\u00e1 que repetir el procedimiento, de ah\u00ed el inter\u00e9s por alargar o ensanchar el pene.<\/p><p>La faloplastia de aumento se realiza bajo anestesia vigorosa, mientras que la faloplastia de alargamiento se realiza bajo anestesia general.<\/p>\t\t\t\t\t\t<\/div>\n\t\t\t\t<\/div>\n\t\t\t\t<section class=\"elementor-section elementor-inner-section elementor-element elementor-element-6b5bead elementor-section-boxed elementor-section-height-default elementor-section-height-default\" data-id=\"6b5bead\" data-element_type=\"section\">\n\t\t\t\t\t\t<div class=\"elementor-container elementor-column-gap-default\">\n\t\t\t\t\t<div class=\"elementor-column elementor-col-50 elementor-inner-column elementor-element elementor-element-94d07da\" data-id=\"94d07da\" data-element_type=\"column\">\n\t\t\t<div class=\"elementor-widget-wrap elementor-element-populated\">\n\t\t\t\t\t\t<div class=\"elementor-element elementor-element-9801e51 elementor-widget elementor-widget-text-editor\" data-id=\"9801e51\" data-element_type=\"widget\" data-widget_type=\"text-editor.default\">\n\t\t\t\t<div class=\"elementor-widget-container\">\n\t\t\t\t\t\t\t<ul class=\"liste-page\">\n \t<li>\n<h3>Penoplastia de aumento<\/h3>\n<\/li>\n<\/ul>\nSe realiza inyectando grasa en el pene. La grasa puede extraerse del est\u00f3mago, los muslos o cualquier otro lugar. La reinyecci\u00f3n de grasa se realiza tras la centrifugaci\u00f3n, mediante c\u00e1nulas finas y a trav\u00e9s de peque\u00f1as incisiones. La intervenci\u00f3n puede durar 1 hora.\n\t\t\t\t\t\t<\/div>\n\t\t\t\t<\/div>\n\t\t\t\t\t<\/div>\n\t\t<\/div>\n\t\t\t\t<div class=\"elementor-column elementor-col-50 elementor-inner-column elementor-element elementor-element-0213c1f\" data-id=\"0213c1f\" data-element_type=\"column\">\n\t\t\t<div class=\"elementor-widget-wrap elementor-element-populated\">\n\t\t\t\t\t\t<div class=\"elementor-element elementor-element-0ae7aae elementor-widget elementor-widget-text-editor\" data-id=\"0ae7aae\" data-element_type=\"widget\" data-widget_type=\"text-editor.default\">\n\t\t\t\t<div class=\"elementor-widget-container\">\n\t\t\t\t\t\t\t<ul class=\"liste-page\">\n \t<li>\n<h3>Penoplastia de alargamiento<\/h3>\n<\/li>\n<\/ul>\nLa cirug\u00eda de alargamiento de pene se realiza liberando el ligamento suspensorio que une los cuerpos cavernosos al hueso. La cicatriz resultante de esta operaci\u00f3n puede tener forma de Y invertida o de Z. Puede realizarse una incisi\u00f3n adicional en la ra\u00edz del pene, pero sigue siendo discreta.\t\t\t\t\t\t<\/div>\n\t\t\t\t<\/div>\n\t\t\t\t\t<\/div>\n\t\t<\/div>\n\t\t\t\t\t<\/div>\n\t\t<\/section>\n\t\t\t\t\t<\/div>\n\t\t<\/div>\n\t\t\t\t\t<\/div>\n\t\t<\/section>\n\t\t\t\t<section class=\"elementor-section elementor-top-section elementor-element elementor-element-e97c8b9 elementor-section-boxed elementor-section-height-default elementor-section-height-default\" data-id=\"e97c8b9\" data-element_type=\"section\">\n\t\t\t\t\t\t<div class=\"elementor-container elementor-column-gap-default\">\n\t\t\t\t\t<div class=\"elementor-column elementor-col-66 elementor-top-column elementor-element elementor-element-a9600e9 align_content_center\" data-id=\"a9600e9\" data-element_type=\"column\">\n\t\t\t<div class=\"elementor-widget-wrap elementor-element-populated\">\n\t\t\t\t\t\t<div class=\"elementor-element elementor-element-2c977b4c elementor-widget elementor-widget-text-editor\" data-id=\"2c977b4c\" data-element_type=\"widget\" data-widget_type=\"text-editor.default\">\n\t\t\t\t<div class=\"elementor-widget-container\">\n\t\t\t\t\t\t\t<h2>Seguimiento de la penoplastia<\/h2>\nTanto si se trata de una ampliaci\u00f3n como de un alargamiento, cabe esperar hinchaz\u00f3n y hematomas, que pueden tardar hasta dos semanas en desaparecer. El dolor sigue siendo moderado, y el paciente puede reanudar la actividad sexual al cabo de unas 3 semanas.\n<h2>Resultado de la faloplastia<\/h2>\nEl aumento de volumen o di\u00e1metro del pene se produce tanto en reposo como en erecci\u00f3n. En el caso de una penoplastia de alargamiento, el paciente puede ganar entre 2 y 5 cm de longitud, pero esto s\u00f3lo es v\u00e1lido en reposo. Se tarda 2 meses en obtener el resultado final.\n\nAdem\u00e1s de la hipercorrecci\u00f3n, en el caso del lipofilling peneano, existe riesgo de hematomas en ambos procedimientos de penoplastia. O problemas de cicatrizaci\u00f3n, necrosis en el caso del alargamiento solo.\t\t\t\t\t\t<\/div>\n\t\t\t\t<\/div>\n\t\t\t\t\t<\/div>\n\t\t<\/div>\n\t\t\t\t<div class=\"elementor-column elementor-col-33 elementor-top-column elementor-element elementor-element-3a150af\" data-id=\"3a150af\" data-element_type=\"column\">\n\t\t\t<div class=\"elementor-widget-wrap elementor-element-populated\">\n\t\t\t\t\t\t<div class=\"elementor-element elementor-element-8410114 img_shadow elementor-widget elementor-widget-image\" data-id=\"8410114\" data-element_type=\"widget\" data-widget_type=\"image.default\">\n\t\t\t\t<div class=\"elementor-widget-container\">\n\t\t\t\t\t\t\t\t\t\t\t\t\t<img decoding=\"async\" width=\"455\" height=\"671\" src=\"https:\/\/www.la-chirurgie-esthetique-maroc.com\/wp-content\/uploads\/2022\/01\/penoplastie-Tunisie.webp\" class=\"attachment-large size-large wp-image-6476\" alt=\"\" srcset=\"https:\/\/www.la-chirurgie-esthetique-maroc.com\/wp-content\/uploads\/2022\/01\/penoplastie-Tunisie.webp 455w, https:\/\/www.la-chirurgie-esthetique-maroc.com\/wp-content\/uploads\/2022\/01\/penoplastie-Tunisie-203x300.webp 203w\" sizes=\"(max-width: 455px) 100vw, 455px\" \/>\t\t\t\t\t\t\t\t\t\t\t\t\t<\/div>\n\t\t\t\t<\/div>\n\t\t\t\t\t<\/div>\n\t\t<\/div>\n\t\t\t\t\t<\/div>\n\t\t<\/section>\n\t\t\t\t<section class=\"elementor-section elementor-top-section elementor-element elementor-element-0d372ab center elementor-section-boxed elementor-section-height-default elementor-section-height-default\" data-id=\"0d372ab\" data-element_type=\"section\">\n\t\t\t\t\t\t<div class=\"elementor-container elementor-column-gap-default\">\n\t\t\t\t\t<div class=\"elementor-column elementor-col-100 elementor-top-column elementor-element elementor-element-1336932\" data-id=\"1336932\" data-element_type=\"column\">\n\t\t\t<div class=\"elementor-widget-wrap elementor-element-populated\">\n\t\t\t\t\t\t<div class=\"elementor-element elementor-element-e50cc9f elementor-widget elementor-widget-html\" data-id=\"e50cc9f\" data-element_type=\"widget\" data-widget_type=\"html.default\">\n\t\t\t\t<div class=\"elementor-widget-container\">\n\t\t\t<div class=\"btn_devis btn_intern\"><a href=\"https:\/\/www.la-chirurgie-esthetique-maroc.com\/es\/cita\/\"><span>Presupuesto gratuito<\/span><\/a><\/div>\t\t<\/div>\n\t\t\t\t<\/div>\n\t\t\t\t\t<\/div>\n\t\t<\/div>\n\t\t\t\t\t<\/div>\n\t\t<\/section>\n\t\t\t\t<\/div>\n\t\t","protected":false},"excerpt":{"rendered":"<p>La penoplastia Marruecos es el procedimiento de cirug\u00eda \u00edntima masculina que permite aumentar el tama\u00f1o del pene, ya sea en longitud o en circunferencia. Por eso hablamos de penoplastia de alargamiento y penoplastia de ensanchamiento. Ambos procedimientos pueden realizarse durante la misma sesi\u00f3n de faloplastia. Penoplastia Marruecos precio barato El precio de una penoplastia en [&hellip;]<\/p>\n","protected":false},"author":2,"featured_media":9119,"parent":0,"menu_order":0,"comment_status":"closed","ping_status":"closed","template":"","meta":{"footnotes":""},"class_list":["post-6792","page","type-page","status-publish","has-post-thumbnail","hentry"],"yoast_head":"<!-- This site is optimized with the Yoast SEO plugin v27.5 - https:\/\/yoast.com\/product\/yoast-seo-wordpress\/ -->\n<title>Penoplastia Marruecos: precio del alargamiento del pene<\/title>\n<meta name=\"description\" content=\"Penoplastia Marruecos: cirug\u00eda \u00edntima masculina para aumentar el tama\u00f1o del pene mediante alargamiento o ensanchamiento.\" \/>\n<meta name=\"robots\" content=\"index, follow, max-snippet:-1, max-image-preview:large, max-video-preview:-1\" \/>\n<link rel=\"canonical\" href=\"https:\/\/www.la-chirurgie-esthetique-maroc.com\/es\/penoplastia\/\" \/>\n<meta property=\"og:locale\" content=\"es_ES\" \/>\n<meta property=\"og:type\" content=\"article\" \/>\n<meta property=\"og:title\" content=\"Penoplastia Marruecos: precio del alargamiento del pene\" \/>\n<meta property=\"og:description\" content=\"Penoplastia Marruecos: cirug\u00eda \u00edntima masculina para aumentar el tama\u00f1o del pene mediante alargamiento o ensanchamiento.\" \/>\n<meta property=\"og:url\" content=\"https:\/\/www.la-chirurgie-esthetique-maroc.com\/es\/penoplastia\/\" \/>\n<meta property=\"og:site_name\" content=\"Chirurgie esthetique Maroc\" \/>\n<meta property=\"article:modified_time\" content=\"2023-05-29T10:12:46+00:00\" \/>\n<meta property=\"og:image\" content=\"https:\/\/www.la-chirurgie-esthetique-maroc.com\/wp-content\/uploads\/2022\/01\/header_intime.webp\" \/>\n\t<meta property=\"og:image:width\" content=\"552\" \/>\n\t<meta property=\"og:image:height\" content=\"612\" \/>\n\t<meta property=\"og:image:type\" content=\"image\/webp\" \/>\n<meta name=\"twitter:card\" content=\"summary_large_image\" \/>\n<meta name=\"twitter:label1\" content=\"Tiempo de lectura\" \/>\n\t<meta name=\"twitter:data1\" content=\"3 minutos\" \/>\n<!-- \/ Yoast SEO plugin. -->","yoast_head_json":{"title":"Penoplastia Marruecos: precio del alargamiento del pene","description":"Penoplastia Marruecos: cirug\u00eda \u00edntima masculina para aumentar el tama\u00f1o del pene mediante alargamiento o ensanchamiento.","robots":{"index":"index","follow":"follow","max-snippet":"max-snippet:-1","max-image-preview":"max-image-preview:large","max-video-preview":"max-video-preview:-1"},"canonical":"https:\/\/www.la-chirurgie-esthetique-maroc.com\/es\/penoplastia\/","og_locale":"es_ES","og_type":"article","og_title":"Penoplastia Marruecos: precio del alargamiento del pene","og_description":"Penoplastia Marruecos: cirug\u00eda \u00edntima masculina para aumentar el tama\u00f1o del pene mediante alargamiento o ensanchamiento.","og_url":"https:\/\/www.la-chirurgie-esthetique-maroc.com\/es\/penoplastia\/","og_site_name":"Chirurgie esthetique Maroc","article_modified_time":"2023-05-29T10:12:46+00:00","og_image":[{"width":552,"height":612,"url":"https:\/\/www.la-chirurgie-esthetique-maroc.com\/wp-content\/uploads\/2022\/01\/header_intime.webp","type":"image\/webp"}],"twitter_card":"summary_large_image","twitter_misc":{"Tiempo de lectura":"3 minutos"},"schema":{"@context":"https:\/\/schema.org","@graph":[{"@type":"WebPage","@id":"https:\/\/www.la-chirurgie-esthetique-maroc.com\/es\/penoplastia\/","url":"https:\/\/www.la-chirurgie-esthetique-maroc.com\/es\/penoplastia\/","name":"Penoplastia Marruecos: precio del alargamiento del pene","isPartOf":{"@id":"https:\/\/www.la-chirurgie-esthetique-maroc.com\/es\/#website"},"primaryImageOfPage":{"@id":"https:\/\/www.la-chirurgie-esthetique-maroc.com\/es\/penoplastia\/#primaryimage"},"image":{"@id":"https:\/\/www.la-chirurgie-esthetique-maroc.com\/es\/penoplastia\/#primaryimage"},"thumbnailUrl":"https:\/\/www.la-chirurgie-esthetique-maroc.com\/wp-content\/uploads\/2024\/10\/prix-penoplastie-au-Maroc.png","datePublished":"2018-04-26T10:59:43+00:00","dateModified":"2023-05-29T10:12:46+00:00","description":"Penoplastia Marruecos: cirug\u00eda \u00edntima masculina para aumentar el tama\u00f1o del pene mediante alargamiento o ensanchamiento.","breadcrumb":{"@id":"https:\/\/www.la-chirurgie-esthetique-maroc.com\/es\/penoplastia\/#breadcrumb"},"inLanguage":"es","potentialAction":[{"@type":"ReadAction","target":["https:\/\/www.la-chirurgie-esthetique-maroc.com\/es\/penoplastia\/"]}]},{"@type":"ImageObject","inLanguage":"es","@id":"https:\/\/www.la-chirurgie-esthetique-maroc.com\/es\/penoplastia\/#primaryimage","url":"https:\/\/www.la-chirurgie-esthetique-maroc.com\/wp-content\/uploads\/2024\/10\/prix-penoplastie-au-Maroc.png","contentUrl":"https:\/\/www.la-chirurgie-esthetique-maroc.com\/wp-content\/uploads\/2024\/10\/prix-penoplastie-au-Maroc.png","width":552,"height":612},{"@type":"BreadcrumbList","@id":"https:\/\/www.la-chirurgie-esthetique-maroc.com\/es\/penoplastia\/#breadcrumb","itemListElement":[{"@type":"ListItem","position":1,"name":"Accueil","item":"https:\/\/www.la-chirurgie-esthetique-maroc.com\/es\/"},{"@type":"ListItem","position":2,"name":"Penoplastia Marruecos"}]},{"@type":"WebSite","@id":"https:\/\/www.la-chirurgie-esthetique-maroc.com\/es\/#website","url":"https:\/\/www.la-chirurgie-esthetique-maroc.com\/es\/","name":"Chirurgie esthetique Maroc","description":"","publisher":{"@id":"https:\/\/www.la-chirurgie-esthetique-maroc.com\/es\/#organization"},"potentialAction":[{"@type":"SearchAction","target":{"@type":"EntryPoint","urlTemplate":"https:\/\/www.la-chirurgie-esthetique-maroc.com\/es\/?s={search_term_string}"},"query-input":{"@type":"PropertyValueSpecification","valueRequired":true,"valueName":"search_term_string"}}],"inLanguage":"es"},{"@type":"Organization","@id":"https:\/\/www.la-chirurgie-esthetique-maroc.com\/es\/#organization","name":"Chirurgie esthetique Maroc","url":"https:\/\/www.la-chirurgie-esthetique-maroc.com\/es\/","logo":{"@type":"ImageObject","inLanguage":"es","@id":"https:\/\/www.la-chirurgie-esthetique-maroc.com\/es\/#\/schema\/logo\/image\/","url":"https:\/\/www.la-chirurgie-esthetique-maroc.com\/wp-content\/uploads\/2022\/01\/cem3.png","contentUrl":"https:\/\/www.la-chirurgie-esthetique-maroc.com\/wp-content\/uploads\/2022\/01\/cem3.png","width":125,"height":41,"caption":"Chirurgie esthetique Maroc"},"image":{"@id":"https:\/\/www.la-chirurgie-esthetique-maroc.com\/es\/#\/schema\/logo\/image\/"}}]}},"_links":{"self":[{"href":"https:\/\/www.la-chirurgie-esthetique-maroc.com\/es\/wp-json\/wp\/v2\/pages\/6792","targetHints":{"allow":["GET"]}}],"collection":[{"href":"https:\/\/www.la-chirurgie-esthetique-maroc.com\/es\/wp-json\/wp\/v2\/pages"}],"about":[{"href":"https:\/\/www.la-chirurgie-esthetique-maroc.com\/es\/wp-json\/wp\/v2\/types\/page"}],"author":[{"embeddable":true,"href":"https:\/\/www.la-chirurgie-esthetique-maroc.com\/es\/wp-json\/wp\/v2\/users\/2"}],"replies":[{"embeddable":true,"href":"https:\/\/www.la-chirurgie-esthetique-maroc.com\/es\/wp-json\/wp\/v2\/comments?post=6792"}],"version-history":[{"count":10,"href":"https:\/\/www.la-chirurgie-esthetique-maroc.com\/es\/wp-json\/wp\/v2\/pages\/6792\/revisions"}],"predecessor-version":[{"id":8083,"href":"https:\/\/www.la-chirurgie-esthetique-maroc.com\/es\/wp-json\/wp\/v2\/pages\/6792\/revisions\/8083"}],"wp:featuredmedia":[{"embeddable":true,"href":"https:\/\/www.la-chirurgie-esthetique-maroc.com\/es\/wp-json\/wp\/v2\/media\/9119"}],"wp:attachment":[{"href":"https:\/\/www.la-chirurgie-esthetique-maroc.com\/es\/wp-json\/wp\/v2\/media?parent=6792"}],"curies":[{"name":"wp","href":"https:\/\/api.w.org\/{rel}","templated":true}]}}