{"id":6807,"date":"2021-04-05T16:33:12","date_gmt":"2021-04-05T14:33:12","guid":{"rendered":"https:\/\/www.la-chirurgie-esthetique-maroc.com\/implante-dental-marruecos-para-rehacer-sus-dientes\/"},"modified":"2024-02-22T13:43:56","modified_gmt":"2024-02-22T12:43:56","slug":"implante-dental","status":"publish","type":"page","link":"https:\/\/www.la-chirurgie-esthetique-maroc.com\/es\/implante-dental\/","title":{"rendered":"Implante dental Marruecos para rehacer sus dientes"},"content":{"rendered":"\t\t<div data-elementor-type=\"wp-page\" data-elementor-id=\"6807\" class=\"elementor elementor-6807 elementor-3087\">\n\t\t\t\t\t\t<section class=\"elementor-section elementor-top-section elementor-element elementor-element-50b93e1 elementor-section-boxed elementor-section-height-default elementor-section-height-default\" data-id=\"50b93e1\" data-element_type=\"section\">\n\t\t\t\t\t\t<div class=\"elementor-container elementor-column-gap-default\">\n\t\t\t\t\t<div class=\"elementor-column elementor-col-33 elementor-top-column elementor-element elementor-element-40bdcb0\" data-id=\"40bdcb0\" data-element_type=\"column\">\n\t\t\t<div class=\"elementor-widget-wrap elementor-element-populated\">\n\t\t\t\t\t\t<div class=\"elementor-element elementor-element-9c3ca15 elementor-widget elementor-widget-text-editor\" data-id=\"9c3ca15\" data-element_type=\"widget\" data-widget_type=\"text-editor.default\">\n\t\t\t\t<div class=\"elementor-widget-container\">\n\t\t\t\t\t\t\t<p><img decoding=\"async\" class=\"aligncenter \" src=\"https:\/\/www.la-chirurgie-esthetique-maroc.com\/wp-content\/uploads\/2022\/01\/implant-dentaire-maroc.webp\" alt=\"Implantes dentales Marruecos\"><\/p>\n\t\t\t\t\t\t<\/div>\n\t\t\t\t<\/div>\n\t\t\t\t\t<\/div>\n\t\t<\/div>\n\t\t\t\t<div class=\"elementor-column elementor-col-66 elementor-top-column elementor-element elementor-element-f89e65d\" data-id=\"f89e65d\" data-element_type=\"column\">\n\t\t\t<div class=\"elementor-widget-wrap elementor-element-populated\">\n\t\t\t\t\t\t<div class=\"elementor-element elementor-element-9f1ec28 elementor-widget elementor-widget-text-editor\" data-id=\"9f1ec28\" data-element_type=\"widget\" data-widget_type=\"text-editor.default\">\n\t\t\t\t<div class=\"elementor-widget-container\">\n\t\t\t\t\t\t\tLa<strong>cirug\u00eda de implantes dentales en Marruecos<\/strong> es la cirug\u00eda que restaura la integridad de los dientes despu\u00e9s de la p\u00e9rdida de uno o m\u00e1s dientes.\n\nUn implante dental es un dispositivo dental que se parece a un diente natural. Consta de tres elementos:\n<ul class=\"liste-page\">\n \t<li>Un tornillo de circonio o titanio implantado en el hueso maxilar<\/li>\n \t<li>Un elemento de uni\u00f3n llamado pilar<\/li>\n \t<li>Pr\u00f3tesis o corona<\/li>\n<\/ul>\n\n\nEl procedimiento de<strong>implante<\/strong> dental consiste en insertar el tornillo en el hueso maxilar para sustituir la ra\u00edz del diente. As\u00ed, los implantes pueden remediar :\n<ul class=\"liste-page\">\n \t<li>La p\u00e9rdida de un solo diente: en este caso, se fija una corona sobre el implante.<\/li>\n \t<li>La p\u00e9rdida de varios dientes sucesivos: en este caso, lo m\u00e1s frecuente es utilizar un puente dental que se fija sobre implantes.<\/li>\n<\/ul>\nAl sustituir los dientes perdidos, el implante dental permite recuperar la funci\u00f3n masticatoria normal y una sonrisa plena y radiante.\t\t\t\t\t\t<\/div>\n\t\t\t\t<\/div>\n\t\t\t\t\t<\/div>\n\t\t<\/div>\n\t\t\t\t\t<\/div>\n\t\t<\/section>\n\t\t\t\t<section class=\"elementor-section elementor-top-section elementor-element elementor-element-5ce8243 elementor-section-boxed elementor-section-height-default elementor-section-height-default\" data-id=\"5ce8243\" data-element_type=\"section\">\n\t\t\t\t\t\t<div class=\"elementor-container elementor-column-gap-default\">\n\t\t\t\t\t<div class=\"elementor-column elementor-col-66 elementor-top-column elementor-element elementor-element-2e9cdf5\" data-id=\"2e9cdf5\" data-element_type=\"column\">\n\t\t\t<div class=\"elementor-widget-wrap elementor-element-populated\">\n\t\t\t\t\t\t<div class=\"elementor-element elementor-element-f029710 elementor-widget elementor-widget-text-editor\" data-id=\"f029710\" data-element_type=\"widget\" data-widget_type=\"text-editor.default\">\n\t\t\t\t<div class=\"elementor-widget-container\">\n\t\t\t\t\t\t\t<h2>Presupuesto expr\u00e9s gratuito<\/h2>\n<style>\r\n.align_center {\r\n    display: block;\r\n    text-align: center;\r\n    padding: 30px 0px;\r\n}\r\n<\/style>\r\n\r\n<div>\r\n\t<h2 class=\"align_center\">Presupuesto r\u00e1pido gratuito<\/h2>\r\n<iframe src=\"https:\/\/app.metocrm.com\/web-forms\/e1cab5bd-ef56-4a37-aa71-4857d931f368\"  height=\"800px\" width=\"100%\"  frameborder=\"0\" style=\"border-radius: 10px;\"><\/iframe>\r\n\r\n<\/div>\t\t\t\t\t\t<\/div>\n\t\t\t\t<\/div>\n\t\t\t\t\t<\/div>\n\t\t<\/div>\n\t\t\t\t<div class=\"elementor-column elementor-col-33 elementor-top-column elementor-element elementor-element-cb04542\" data-id=\"cb04542\" data-element_type=\"column\">\n\t\t\t<div class=\"elementor-widget-wrap elementor-element-populated\">\n\t\t\t\t\t\t<div class=\"elementor-element elementor-element-695836a elementor-widget elementor-widget-image\" data-id=\"695836a\" data-element_type=\"widget\" data-widget_type=\"image.default\">\n\t\t\t\t<div class=\"elementor-widget-container\">\n\t\t\t\t\t\t\t\t\t\t\t\t\t<img fetchpriority=\"high\" decoding=\"async\" width=\"508\" height=\"554\" src=\"https:\/\/www.la-chirurgie-esthetique-maroc.com\/wp-content\/uploads\/2022\/01\/la-chirurgie-esthetique-maroc_devis-1.webp\" class=\"attachment-large size-large wp-image-6422\" alt=\"\" srcset=\"https:\/\/www.la-chirurgie-esthetique-maroc.com\/wp-content\/uploads\/2022\/01\/la-chirurgie-esthetique-maroc_devis-1.webp 508w, https:\/\/www.la-chirurgie-esthetique-maroc.com\/wp-content\/uploads\/2022\/01\/la-chirurgie-esthetique-maroc_devis-1-275x300.webp 275w\" sizes=\"(max-width: 508px) 100vw, 508px\" \/>\t\t\t\t\t\t\t\t\t\t\t\t\t<\/div>\n\t\t\t\t<\/div>\n\t\t\t\t\t<\/div>\n\t\t<\/div>\n\t\t\t\t\t<\/div>\n\t\t<\/section>\n\t\t\t\t<section class=\"elementor-section elementor-top-section elementor-element elementor-element-f40440a bg-color forme_1  elementor-section-boxed elementor-section-height-default elementor-section-height-default\" data-id=\"f40440a\" data-element_type=\"section\">\n\t\t\t\t\t\t<div class=\"elementor-container elementor-column-gap-default\">\n\t\t\t\t\t<div class=\"elementor-column elementor-col-100 elementor-top-column elementor-element elementor-element-81aefbf\" data-id=\"81aefbf\" data-element_type=\"column\">\n\t\t\t<div class=\"elementor-widget-wrap elementor-element-populated\">\n\t\t\t\t\t\t<div class=\"elementor-element elementor-element-e6fd151 elementor-widget elementor-widget-text-editor\" data-id=\"e6fd151\" data-element_type=\"widget\" data-widget_type=\"text-editor.default\">\n\t\t\t\t<div class=\"elementor-widget-container\">\n\t\t\t\t\t\t\t<h2>Precio implantes dentales Marruecos : precio coronas dentales Marruecos<\/h2>\nNuestra cl\u00ednica dental en Marruecos le permite beneficiarse de una tarifa de implante dental barata. Sin embargo, el coste de la implantaci\u00f3n dental var\u00eda en funci\u00f3n del n\u00famero de implantes que se coloquen y de la t\u00e9cnica elegida. As\u00ed pues, para saber m\u00e1s sobre precio corona dental Marruecos o<strong>precio implante dental Marruecos<\/strong>, solicite un presupuesto gratuito y personalizado online.\t\t\t\t\t\t<\/div>\n\t\t\t\t<\/div>\n\t\t\t\t<div class=\"elementor-element elementor-element-8da0afc center elementor-widget elementor-widget-html\" data-id=\"8da0afc\" data-element_type=\"widget\" data-widget_type=\"html.default\">\n\t\t\t\t<div class=\"elementor-widget-container\">\n\t\t\t<div class=\"btn_devis\"><a href=\"https:\/\/www.la-chirurgie-esthetique-maroc.com\/es\/cita\/\"><span>  Presupuesto gratuito de implantes dentales precio Marruecos<\/span><\/a><\/div>\t\t<\/div>\n\t\t\t\t<\/div>\n\t\t\t\t<section class=\"elementor-section elementor-inner-section elementor-element elementor-element-32f3690 elementor-section-boxed elementor-section-height-default elementor-section-height-default\" data-id=\"32f3690\" data-element_type=\"section\">\n\t\t\t\t\t\t<div class=\"elementor-container elementor-column-gap-default\">\n\t\t\t\t\t<div class=\"elementor-column elementor-col-100 elementor-inner-column elementor-element elementor-element-3fcdd3e\" data-id=\"3fcdd3e\" data-element_type=\"column\">\n\t\t\t<div class=\"elementor-widget-wrap elementor-element-populated\">\n\t\t\t\t\t\t<div class=\"elementor-element elementor-element-5d14c6b elementor-widget elementor-widget-text-editor\" data-id=\"5d14c6b\" data-element_type=\"widget\" data-widget_type=\"text-editor.default\">\n\t\t\t\t<div class=\"elementor-widget-container\">\n\t\t\t\t\t\t\t<h2>\u00bfCu\u00e1ndo colocarse un implante dental en Marruecos?<\/h2>\nLa implantaci\u00f3n dental est\u00e1 indicada para pacientes con enc\u00edas sanas y una mand\u00edbula completamente desarrollada en las siguientes situaciones:\n<ul class=\"liste-page\">\n \t<li>Ausencia de uno o m\u00e1s dientes, siempre que los dientes adyacentes est\u00e9n sanos y no requieran tratamiento y restauraci\u00f3n con una corona.<\/li>\n \t<li>Ausencia de todos los dientes de la mand\u00edbula. En este caso, es posible colocar s\u00f3lo 4 implantes en el maxilar inferior y 6 en el maxilar superior, y restaurar los dientes con pr\u00f3tesis fijadas a estos implantes.<\/li>\n<\/ul>\t\t\t\t\t\t<\/div>\n\t\t\t\t<\/div>\n\t\t\t\t\t<\/div>\n\t\t<\/div>\n\t\t\t\t\t<\/div>\n\t\t<\/section>\n\t\t\t\t\t<\/div>\n\t\t<\/div>\n\t\t\t\t\t<\/div>\n\t\t<\/section>\n\t\t\t\t<section class=\"elementor-section elementor-top-section elementor-element elementor-element-ab8e6e9 elementor-section-boxed elementor-section-height-default elementor-section-height-default\" data-id=\"ab8e6e9\" data-element_type=\"section\">\n\t\t\t\t\t\t<div class=\"elementor-container elementor-column-gap-default\">\n\t\t\t\t\t<div class=\"elementor-column elementor-col-100 elementor-top-column elementor-element elementor-element-1a9728b\" data-id=\"1a9728b\" data-element_type=\"column\">\n\t\t\t<div class=\"elementor-widget-wrap elementor-element-populated\">\n\t\t\t\t\t\t<div class=\"elementor-element elementor-element-ac419ba elementor-widget elementor-widget-text-editor\" data-id=\"ac419ba\" data-element_type=\"widget\" data-widget_type=\"text-editor.default\">\n\t\t\t\t<div class=\"elementor-widget-container\">\n\t\t\t\t\t\t\t<h2>\u00bfQui\u00e9n no puede hacerse la dentadura en Marruecos?<\/h2>\nLos implantes dentales no se recomiendan en mujeres embarazadas ni en pacientes con enfermedades sist\u00e9micas cr\u00f3nicas como :\n<ul class=\"liste-page\">\n \t<li>Diabetes<\/li>\n \t<li>Cardiopat\u00eda, hipertensi\u00f3n<\/li>\n \t<li>Enfermedades del sistema hematopoy\u00e9tico<\/li>\n \t<li>Trastornos endocrinol\u00f3gicos graves<\/li>\n \t<li>Anomal\u00edas inmunitarias<\/li>\n<\/ul>\t\t\t\t\t\t<\/div>\n\t\t\t\t<\/div>\n\t\t\t\t\t<\/div>\n\t\t<\/div>\n\t\t\t\t\t<\/div>\n\t\t<\/section>\n\t\t\t\t<section class=\"elementor-section elementor-top-section elementor-element elementor-element-7d67acc6 bg-color forme_1  elementor-section-boxed elementor-section-height-default elementor-section-height-default\" data-id=\"7d67acc6\" data-element_type=\"section\">\n\t\t\t\t\t\t<div class=\"elementor-container elementor-column-gap-default\">\n\t\t\t\t\t<div class=\"elementor-column elementor-col-100 elementor-top-column elementor-element elementor-element-114f8e92\" data-id=\"114f8e92\" data-element_type=\"column\">\n\t\t\t<div class=\"elementor-widget-wrap elementor-element-populated\">\n\t\t\t\t\t\t<div class=\"elementor-element elementor-element-7b288886 elementor-widget elementor-widget-text-editor\" data-id=\"7b288886\" data-element_type=\"widget\" data-widget_type=\"text-editor.default\">\n\t\t\t\t<div class=\"elementor-widget-container\">\n\t\t\t\t\t\t\t<h2>\u00bfC\u00f3mo se realiza la implantaci\u00f3n dental en Marruecos?<\/h2><p>En nuestra <strong>cl\u00ednica dental de Casablanca<\/strong>, practicamos dos m\u00e9todos de implantaci\u00f3n dental:<\/p><ul class=\"liste-page\"><li>Implante dental convencional (dos fases)<\/li><li>Implantaci\u00f3n dental en un solo paso<\/li><\/ul><p>Nuestros dentistas eligen la t\u00e9cnica adecuada para cada paciente.<\/p><p>Mientras que la implantaci\u00f3n en una sola fase permite colocar el implante en una sola sesi\u00f3n, la implantaci\u00f3n convencional tarda unos 4 meses y se realiza en dos fases:<\/p><h3>Fase 1 &#8211; Colocaci\u00f3n del implante dental<\/h3><p>La <strong>colocaci\u00f3n de implantes dentales<\/strong> requiere anestesia local o general. El dentista empieza haciendo una incisi\u00f3n en la enc\u00eda. A continuaci\u00f3n practica un orificio en el hueso maxilar, inserta el tornillo del implante y cierra la incisi\u00f3n.<\/p><h3>Fase 2 &#8211; Colocaci\u00f3n de la corona dental<\/h3><p>Tras un periodo de 3 a 4 meses de osteointegraci\u00f3n, durante el cual el implante se fusiona con el hueso maxilar y se estabiliza, el dentista atornilla el pilar en el implante.<\/p><p>A continuaci\u00f3n, el prot\u00e9sico dental fabrica la corona en el laboratorio tras tomar una impresi\u00f3n del maxilar del paciente. Por \u00faltimo, el dentista coloca la corona sobre el pilar.<\/p><p>Adem\u00e1s, si el volumen de tejido \u00f3seo de la mand\u00edbula es insuficiente para insertar el implante, debe realizarse un aumento de volumen mediante injerto \u00f3seo entre 2 y 3 meses antes de la implantaci\u00f3n dental.<\/p>\t\t\t\t\t\t<\/div>\n\t\t\t\t<\/div>\n\t\t\t\t\t<\/div>\n\t\t<\/div>\n\t\t\t\t\t<\/div>\n\t\t<\/section>\n\t\t\t\t<section class=\"elementor-section elementor-top-section elementor-element elementor-element-7004d36 elementor-section-boxed elementor-section-height-default elementor-section-height-default\" data-id=\"7004d36\" data-element_type=\"section\">\n\t\t\t\t\t\t<div class=\"elementor-container elementor-column-gap-default\">\n\t\t\t\t\t<div class=\"elementor-column elementor-col-100 elementor-top-column elementor-element elementor-element-33cf09d\" data-id=\"33cf09d\" data-element_type=\"column\">\n\t\t\t<div class=\"elementor-widget-wrap elementor-element-populated\">\n\t\t\t\t\t\t<div class=\"elementor-element elementor-element-c1feeb4 elementor-widget elementor-widget-text-editor\" data-id=\"c1feeb4\" data-element_type=\"widget\" data-widget_type=\"text-editor.default\">\n\t\t\t\t<div class=\"elementor-widget-container\">\n\t\t\t\t\t\t\t<h2>\u00bfCu\u00e1nto duran los implantes dentales?<\/h2>\n<strong>Los implantes dentales marroqu\u00edes<\/strong> suelen durar entre 10 y 20 a\u00f1os, dependiendo de la ubicaci\u00f3n del implante. Dado que los molares generan y soportan mucha presi\u00f3n, los implantes que los sustituyen no duran tanto como los que sustituyen a otros grupos de dientes.\n\nAdem\u00e1s, la vida \u00fatil de los implantes var\u00eda de un paciente a otro. Se prolonga eficazmente cuando el paciente mantiene una buena higiene bucal y visita al dentista con regularidad.\t\t\t\t\t\t<\/div>\n\t\t\t\t<\/div>\n\t\t\t\t\t<\/div>\n\t\t<\/div>\n\t\t\t\t\t<\/div>\n\t\t<\/section>\n\t\t\t\t<section class=\"elementor-section elementor-top-section elementor-element elementor-element-99cbeba elementor-section-boxed elementor-section-height-default elementor-section-height-default\" data-id=\"99cbeba\" data-element_type=\"section\">\n\t\t\t\t\t\t<div class=\"elementor-container elementor-column-gap-default\">\n\t\t\t\t\t<div class=\"elementor-column elementor-col-100 elementor-top-column elementor-element elementor-element-7a23042\" data-id=\"7a23042\" data-element_type=\"column\">\n\t\t\t<div class=\"elementor-widget-wrap elementor-element-populated\">\n\t\t\t\t\t\t<div class=\"elementor-element elementor-element-9296fae center elementor-widget elementor-widget-html\" data-id=\"9296fae\" data-element_type=\"widget\" data-widget_type=\"html.default\">\n\t\t\t\t<div class=\"elementor-widget-container\">\n\t\t\t<div class=\"btn_devis btn_intern\"><a href=\"https:\/\/www.la-chirurgie-esthetique-maroc.com\/es\/cita\/\"><span>Presupuesto gratuito de implantes dentales a bajo precio<\/span><\/a><\/div>\t\t<\/div>\n\t\t\t\t<\/div>\n\t\t\t\t\t<\/div>\n\t\t<\/div>\n\t\t\t\t\t<\/div>\n\t\t<\/section>\n\t\t\t\t<\/div>\n\t\t","protected":false},"excerpt":{"rendered":"<p>Lacirug\u00eda de implantes dentales en Marruecos es la cirug\u00eda que restaura la integridad de los dientes despu\u00e9s de la p\u00e9rdida de uno o m\u00e1s dientes. Un implante dental es un dispositivo dental que se parece a un diente natural. Consta de tres elementos: Un tornillo de circonio o titanio implantado en el hueso maxilar Un [&hellip;]<\/p>\n","protected":false},"author":2,"featured_media":6428,"parent":0,"menu_order":0,"comment_status":"closed","ping_status":"closed","template":"","meta":{"footnotes":""},"class_list":["post-6807","page","type-page","status-publish","has-post-thumbnail","hentry"],"yoast_head":"<!-- This site is optimized with the Yoast SEO plugin v27.4 - https:\/\/yoast.com\/product\/yoast-seo-wordpress\/ -->\n<title>Implantes dentales Marruecos \u27a1\ufe0f precios baratos para los implantes<\/title>\n<meta name=\"description\" content=\"Implante dental Marruecos: \u2705 Restaurar la integridad de la dentici\u00f3n tras la p\u00e9rdida de uno o varios dientes \u2b50 Precio barato con presupuesto sin compromiso.\" \/>\n<meta name=\"robots\" content=\"index, follow, max-snippet:-1, max-image-preview:large, max-video-preview:-1\" \/>\n<link rel=\"canonical\" href=\"https:\/\/www.la-chirurgie-esthetique-maroc.com\/es\/implante-dental\/\" \/>\n<meta property=\"og:locale\" content=\"es_ES\" \/>\n<meta property=\"og:type\" content=\"article\" \/>\n<meta property=\"og:title\" content=\"Implantes dentales Marruecos \u27a1\ufe0f precios baratos para los implantes\" \/>\n<meta property=\"og:description\" content=\"Implante dental Marruecos: \u2705 Restaurar la integridad de la dentici\u00f3n tras la p\u00e9rdida de uno o varios dientes \u2b50 Precio barato con presupuesto sin compromiso.\" \/>\n<meta property=\"og:url\" content=\"https:\/\/www.la-chirurgie-esthetique-maroc.com\/es\/implante-dental\/\" \/>\n<meta property=\"og:site_name\" content=\"Chirurgie esthetique Maroc\" \/>\n<meta property=\"article:modified_time\" content=\"2024-02-22T12:43:56+00:00\" \/>\n<meta property=\"og:image\" content=\"https:\/\/www.la-chirurgie-esthetique-maroc.com\/wp-content\/uploads\/2022\/01\/header_dentaire.webp\" \/>\n\t<meta property=\"og:image:width\" content=\"552\" \/>\n\t<meta property=\"og:image:height\" content=\"612\" \/>\n\t<meta property=\"og:image:type\" content=\"image\/webp\" \/>\n<meta name=\"twitter:card\" content=\"summary_large_image\" \/>\n<meta name=\"twitter:label1\" content=\"Tiempo de lectura\" \/>\n\t<meta name=\"twitter:data1\" content=\"4 minutos\" \/>\n<!-- \/ Yoast SEO plugin. -->","yoast_head_json":{"title":"Implantes dentales Marruecos \u27a1\ufe0f precios baratos para los implantes","description":"Implante dental Marruecos: \u2705 Restaurar la integridad de la dentici\u00f3n tras la p\u00e9rdida de uno o varios dientes \u2b50 Precio barato con presupuesto sin compromiso.","robots":{"index":"index","follow":"follow","max-snippet":"max-snippet:-1","max-image-preview":"max-image-preview:large","max-video-preview":"max-video-preview:-1"},"canonical":"https:\/\/www.la-chirurgie-esthetique-maroc.com\/es\/implante-dental\/","og_locale":"es_ES","og_type":"article","og_title":"Implantes dentales Marruecos \u27a1\ufe0f precios baratos para los implantes","og_description":"Implante dental Marruecos: \u2705 Restaurar la integridad de la dentici\u00f3n tras la p\u00e9rdida de uno o varios dientes \u2b50 Precio barato con presupuesto sin compromiso.","og_url":"https:\/\/www.la-chirurgie-esthetique-maroc.com\/es\/implante-dental\/","og_site_name":"Chirurgie esthetique Maroc","article_modified_time":"2024-02-22T12:43:56+00:00","og_image":[{"width":552,"height":612,"url":"https:\/\/www.la-chirurgie-esthetique-maroc.com\/wp-content\/uploads\/2022\/01\/header_dentaire.webp","type":"image\/webp"}],"twitter_card":"summary_large_image","twitter_misc":{"Tiempo de lectura":"4 minutos"},"schema":{"@context":"https:\/\/schema.org","@graph":[{"@type":"WebPage","@id":"https:\/\/www.la-chirurgie-esthetique-maroc.com\/es\/implante-dental\/","url":"https:\/\/www.la-chirurgie-esthetique-maroc.com\/es\/implante-dental\/","name":"Implantes dentales Marruecos \u27a1\ufe0f precios baratos para los implantes","isPartOf":{"@id":"https:\/\/www.la-chirurgie-esthetique-maroc.com\/es\/#website"},"primaryImageOfPage":{"@id":"https:\/\/www.la-chirurgie-esthetique-maroc.com\/es\/implante-dental\/#primaryimage"},"image":{"@id":"https:\/\/www.la-chirurgie-esthetique-maroc.com\/es\/implante-dental\/#primaryimage"},"thumbnailUrl":"https:\/\/www.la-chirurgie-esthetique-maroc.com\/wp-content\/uploads\/2022\/01\/header_dentaire.webp","datePublished":"2021-04-05T14:33:12+00:00","dateModified":"2024-02-22T12:43:56+00:00","description":"Implante dental Marruecos: \u2705 Restaurar la integridad de la dentici\u00f3n tras la p\u00e9rdida de uno o varios dientes \u2b50 Precio barato con presupuesto sin compromiso.","breadcrumb":{"@id":"https:\/\/www.la-chirurgie-esthetique-maroc.com\/es\/implante-dental\/#breadcrumb"},"inLanguage":"es","potentialAction":[{"@type":"ReadAction","target":["https:\/\/www.la-chirurgie-esthetique-maroc.com\/es\/implante-dental\/"]}]},{"@type":"ImageObject","inLanguage":"es","@id":"https:\/\/www.la-chirurgie-esthetique-maroc.com\/es\/implante-dental\/#primaryimage","url":"https:\/\/www.la-chirurgie-esthetique-maroc.com\/wp-content\/uploads\/2022\/01\/header_dentaire.webp","contentUrl":"https:\/\/www.la-chirurgie-esthetique-maroc.com\/wp-content\/uploads\/2022\/01\/header_dentaire.webp","width":552,"height":612},{"@type":"BreadcrumbList","@id":"https:\/\/www.la-chirurgie-esthetique-maroc.com\/es\/implante-dental\/#breadcrumb","itemListElement":[{"@type":"ListItem","position":1,"name":"Accueil","item":"https:\/\/www.la-chirurgie-esthetique-maroc.com\/es\/"},{"@type":"ListItem","position":2,"name":"Implante dental Marruecos para rehacer sus dientes"}]},{"@type":"WebSite","@id":"https:\/\/www.la-chirurgie-esthetique-maroc.com\/es\/#website","url":"https:\/\/www.la-chirurgie-esthetique-maroc.com\/es\/","name":"Chirurgie esthetique Maroc","description":"","publisher":{"@id":"https:\/\/www.la-chirurgie-esthetique-maroc.com\/es\/#organization"},"potentialAction":[{"@type":"SearchAction","target":{"@type":"EntryPoint","urlTemplate":"https:\/\/www.la-chirurgie-esthetique-maroc.com\/es\/?s={search_term_string}"},"query-input":{"@type":"PropertyValueSpecification","valueRequired":true,"valueName":"search_term_string"}}],"inLanguage":"es"},{"@type":"Organization","@id":"https:\/\/www.la-chirurgie-esthetique-maroc.com\/es\/#organization","name":"Chirurgie esthetique Maroc","url":"https:\/\/www.la-chirurgie-esthetique-maroc.com\/es\/","logo":{"@type":"ImageObject","inLanguage":"es","@id":"https:\/\/www.la-chirurgie-esthetique-maroc.com\/es\/#\/schema\/logo\/image\/","url":"https:\/\/www.la-chirurgie-esthetique-maroc.com\/wp-content\/uploads\/2022\/01\/cem3.png","contentUrl":"https:\/\/www.la-chirurgie-esthetique-maroc.com\/wp-content\/uploads\/2022\/01\/cem3.png","width":125,"height":41,"caption":"Chirurgie esthetique Maroc"},"image":{"@id":"https:\/\/www.la-chirurgie-esthetique-maroc.com\/es\/#\/schema\/logo\/image\/"}}]}},"_links":{"self":[{"href":"https:\/\/www.la-chirurgie-esthetique-maroc.com\/es\/wp-json\/wp\/v2\/pages\/6807","targetHints":{"allow":["GET"]}}],"collection":[{"href":"https:\/\/www.la-chirurgie-esthetique-maroc.com\/es\/wp-json\/wp\/v2\/pages"}],"about":[{"href":"https:\/\/www.la-chirurgie-esthetique-maroc.com\/es\/wp-json\/wp\/v2\/types\/page"}],"author":[{"embeddable":true,"href":"https:\/\/www.la-chirurgie-esthetique-maroc.com\/es\/wp-json\/wp\/v2\/users\/2"}],"replies":[{"embeddable":true,"href":"https:\/\/www.la-chirurgie-esthetique-maroc.com\/es\/wp-json\/wp\/v2\/comments?post=6807"}],"version-history":[{"count":10,"href":"https:\/\/www.la-chirurgie-esthetique-maroc.com\/es\/wp-json\/wp\/v2\/pages\/6807\/revisions"}],"predecessor-version":[{"id":8455,"href":"https:\/\/www.la-chirurgie-esthetique-maroc.com\/es\/wp-json\/wp\/v2\/pages\/6807\/revisions\/8455"}],"wp:featuredmedia":[{"embeddable":true,"href":"https:\/\/www.la-chirurgie-esthetique-maroc.com\/es\/wp-json\/wp\/v2\/media\/6428"}],"wp:attachment":[{"href":"https:\/\/www.la-chirurgie-esthetique-maroc.com\/es\/wp-json\/wp\/v2\/media?parent=6807"}],"curies":[{"name":"wp","href":"https:\/\/api.w.org\/{rel}","templated":true}]}}