{"id":6811,"date":"2021-04-14T11:12:09","date_gmt":"2021-04-14T09:12:09","guid":{"rendered":"https:\/\/www.la-chirurgie-esthetique-maroc.com\/blanqueamiento-dental-marruecos\/"},"modified":"2024-02-22T13:44:42","modified_gmt":"2024-02-22T12:44:42","slug":"blanqueamiento-dental","status":"publish","type":"page","link":"https:\/\/www.la-chirurgie-esthetique-maroc.com\/es\/blanqueamiento-dental\/","title":{"rendered":"Blanqueamiento dental Marruecos"},"content":{"rendered":"\t\t<div data-elementor-type=\"wp-page\" data-elementor-id=\"6811\" class=\"elementor elementor-6811 elementor-3127\">\n\t\t\t\t\t\t<section class=\"elementor-section elementor-top-section elementor-element elementor-element-0c89369 elementor-section-boxed elementor-section-height-default elementor-section-height-default\" data-id=\"0c89369\" data-element_type=\"section\">\n\t\t\t\t\t\t<div class=\"elementor-container elementor-column-gap-default\">\n\t\t\t\t\t<div class=\"elementor-column elementor-col-33 elementor-top-column elementor-element elementor-element-04a85c9\" data-id=\"04a85c9\" data-element_type=\"column\">\n\t\t\t<div class=\"elementor-widget-wrap elementor-element-populated\">\n\t\t\t\t\t\t<div class=\"elementor-element elementor-element-8804830 elementor-widget elementor-widget-image\" data-id=\"8804830\" data-element_type=\"widget\" data-widget_type=\"image.default\">\n\t\t\t\t<div class=\"elementor-widget-container\">\n\t\t\t\t\t\t\t\t\t\t\t\t\t<img fetchpriority=\"high\" decoding=\"async\" width=\"489\" height=\"517\" src=\"https:\/\/www.la-chirurgie-esthetique-maroc.com\/wp-content\/uploads\/2022\/01\/Blanchiment-dents-Maroc.webp\" class=\"attachment-large size-large wp-image-6478\" alt=\"\" srcset=\"https:\/\/www.la-chirurgie-esthetique-maroc.com\/wp-content\/uploads\/2022\/01\/Blanchiment-dents-Maroc.webp 489w, https:\/\/www.la-chirurgie-esthetique-maroc.com\/wp-content\/uploads\/2022\/01\/Blanchiment-dents-Maroc-284x300.webp 284w\" sizes=\"(max-width: 489px) 100vw, 489px\" \/>\t\t\t\t\t\t\t\t\t\t\t\t\t<\/div>\n\t\t\t\t<\/div>\n\t\t\t\t\t<\/div>\n\t\t<\/div>\n\t\t\t\t<div class=\"elementor-column elementor-col-66 elementor-top-column elementor-element elementor-element-fb65e9e align_content_center\" data-id=\"fb65e9e\" data-element_type=\"column\">\n\t\t\t<div class=\"elementor-widget-wrap elementor-element-populated\">\n\t\t\t\t\t\t<div class=\"elementor-element elementor-element-0001df0 elementor-widget elementor-widget-text-editor\" data-id=\"0001df0\" data-element_type=\"widget\" data-widget_type=\"text-editor.default\">\n\t\t\t\t<div class=\"elementor-widget-container\">\n\t\t\t\t\t\t\tLa decoloraci\u00f3n de los dientes es un problema est\u00e9tico com\u00fan y el procedimiento de blanqueamiento dental es la opci\u00f3n m\u00e1s \u00f3ptima y conservadora. El mecanismo del blanqueamiento dental se basa en la degradaci\u00f3n del per\u00f3xido de hidr\u00f3geno y la penetraci\u00f3n de radicales libres en el esmalte y el interior de la dentina decolorada, seguido de la oxidaci\u00f3n de la decoloraci\u00f3n. La oxidaci\u00f3n de los colorantes en la dentina cambia el color a un tono m\u00e1s claro. Los procedimientos de <strong>blanqueamiento dental en Marruecos<\/strong> realizados bajo la supervisi\u00f3n de un m\u00e9dico no debilitan la estructura de los tejidos duros de los dientes.\n\t\t\t\t\t\t<\/div>\n\t\t\t\t<\/div>\n\t\t\t\t\t<\/div>\n\t\t<\/div>\n\t\t\t\t\t<\/div>\n\t\t<\/section>\n\t\t\t\t<section class=\"elementor-section elementor-top-section elementor-element elementor-element-b5d0885 elementor-section-boxed elementor-section-height-default elementor-section-height-default\" data-id=\"b5d0885\" data-element_type=\"section\">\n\t\t\t\t\t\t<div class=\"elementor-container elementor-column-gap-default\">\n\t\t\t\t\t<div class=\"elementor-column elementor-col-66 elementor-top-column elementor-element elementor-element-ebdd44a\" data-id=\"ebdd44a\" data-element_type=\"column\">\n\t\t\t<div class=\"elementor-widget-wrap elementor-element-populated\">\n\t\t\t\t\t\t<div class=\"elementor-element elementor-element-99683b8 elementor-widget elementor-widget-text-editor\" data-id=\"99683b8\" data-element_type=\"widget\" data-widget_type=\"text-editor.default\">\n\t\t\t\t<div class=\"elementor-widget-container\">\n\t\t\t\t\t\t\t<h2>Presupuesto expr\u00e9s gratuito<\/h2>\n<style>\r\n.align_center {\r\n    display: block;\r\n    text-align: center;\r\n    padding: 30px 0px;\r\n}\r\n<\/style>\r\n\r\n<div>\r\n\t<h2 class=\"align_center\">Presupuesto r\u00e1pido gratuito<\/h2>\r\n<iframe src=\"https:\/\/app.metocrm.com\/web-forms\/e1cab5bd-ef56-4a37-aa71-4857d931f368\"  height=\"800px\" width=\"100%\"  frameborder=\"0\" style=\"border-radius: 10px;\"><\/iframe>\r\n\r\n<\/div>\t\t\t\t\t\t<\/div>\n\t\t\t\t<\/div>\n\t\t\t\t\t<\/div>\n\t\t<\/div>\n\t\t\t\t<div class=\"elementor-column elementor-col-33 elementor-top-column elementor-element elementor-element-ffcfad1\" data-id=\"ffcfad1\" data-element_type=\"column\">\n\t\t\t<div class=\"elementor-widget-wrap elementor-element-populated\">\n\t\t\t\t\t\t<div class=\"elementor-element elementor-element-cfdc1d5 elementor-widget elementor-widget-image\" data-id=\"cfdc1d5\" data-element_type=\"widget\" data-widget_type=\"image.default\">\n\t\t\t\t<div class=\"elementor-widget-container\">\n\t\t\t\t\t\t\t\t\t\t\t\t\t<img decoding=\"async\" width=\"508\" height=\"554\" src=\"https:\/\/www.la-chirurgie-esthetique-maroc.com\/wp-content\/uploads\/2022\/01\/la-chirurgie-esthetique-maroc_devis-1.webp\" class=\"attachment-large size-large wp-image-6422\" alt=\"\" srcset=\"https:\/\/www.la-chirurgie-esthetique-maroc.com\/wp-content\/uploads\/2022\/01\/la-chirurgie-esthetique-maroc_devis-1.webp 508w, https:\/\/www.la-chirurgie-esthetique-maroc.com\/wp-content\/uploads\/2022\/01\/la-chirurgie-esthetique-maroc_devis-1-275x300.webp 275w\" sizes=\"(max-width: 508px) 100vw, 508px\" \/>\t\t\t\t\t\t\t\t\t\t\t\t\t<\/div>\n\t\t\t\t<\/div>\n\t\t\t\t\t<\/div>\n\t\t<\/div>\n\t\t\t\t\t<\/div>\n\t\t<\/section>\n\t\t\t\t<section class=\"elementor-section elementor-top-section elementor-element elementor-element-6a35a4b bg-color forme_1  elementor-section-boxed elementor-section-height-default elementor-section-height-default\" data-id=\"6a35a4b\" data-element_type=\"section\">\n\t\t\t\t\t\t<div class=\"elementor-container elementor-column-gap-default\">\n\t\t\t\t\t<div class=\"elementor-column elementor-col-100 elementor-top-column elementor-element elementor-element-648a0da\" data-id=\"648a0da\" data-element_type=\"column\">\n\t\t\t<div class=\"elementor-widget-wrap elementor-element-populated\">\n\t\t\t\t\t\t<div class=\"elementor-element elementor-element-e1344b3 elementor-widget elementor-widget-text-editor\" data-id=\"e1344b3\" data-element_type=\"widget\" data-widget_type=\"text-editor.default\">\n\t\t\t\t<div class=\"elementor-widget-container\">\n\t\t\t\t\t\t\t<h2>Blanqueamiento dental Marruecos precio barato<\/h2>\nPara conseguir su <strong>blanqueamiento dental al mejor precio en Marruecos<\/strong>, solicite un presupuesto gratuito para su operaci\u00f3n con estancia m\u00e9dica todo incluido en nuestra cl\u00ednica. Nuestras tarifas son las m\u00e1s baratas con la mejor calidad de servicio y atenci\u00f3n en Marruecos. Nuestros cirujanos son los mejores desde hace a\u00f1os.\t\t\t\t\t\t<\/div>\n\t\t\t\t<\/div>\n\t\t\t\t<div class=\"elementor-element elementor-element-19e05fd center elementor-widget elementor-widget-html\" data-id=\"19e05fd\" data-element_type=\"widget\" data-widget_type=\"html.default\">\n\t\t\t\t<div class=\"elementor-widget-container\">\n\t\t\t<div class=\"btn_devis\"><a href=\"https:\/\/www.la-chirurgie-esthetique-maroc.com\/es\/cita\/\"><span>Presupuesto gratuito para blanqueamiento dental en Marruecos con un precio barato<\/span><\/a><\/div>\t\t<\/div>\n\t\t\t\t<\/div>\n\t\t\t\t<div class=\"elementor-element elementor-element-45d5415 elementor-widget elementor-widget-text-editor\" data-id=\"45d5415\" data-element_type=\"widget\" data-widget_type=\"text-editor.default\">\n\t\t\t\t<div class=\"elementor-widget-container\">\n\t\t\t\t\t\t\t<h2>\u00bfCu\u00e1les son las t\u00e9cnicas de blanqueamiento dental?<\/h2>\nExisten diferentes tipos de procedimientos de blanqueamiento dental. La mayor\u00eda de las cl\u00ednicas dentales ofrecen dos tipos de procedimientos de blanqueamiento:\n<ul class=\"liste-page\">\n \t<li>Blanqueamiento dental con l\u00e1ser en la cl\u00ednica.<\/li>\n \t<li>Blanqueamiento profesional con un <strong>kit de blanqueamiento<\/strong> dental<\/li>\n<\/ul>\nEn ambos m\u00e9todos se utiliza per\u00f3xido para blanquear los dientes. Cuanto mayor sea la concentraci\u00f3n de per\u00f3xido, m\u00e1s r\u00e1pido ser\u00e1 el efecto blanqueador. Sin embargo, tambi\u00e9n existe un mayor riesgo de efectos secundarios, como irritabilidad y da\u00f1os en las enc\u00edas y los labios circundantes. Se recomienda que el blanqueamiento dental se realice en consulta con su dentista.\t\t\t\t\t\t<\/div>\n\t\t\t\t<\/div>\n\t\t\t\t\t<\/div>\n\t\t<\/div>\n\t\t\t\t\t<\/div>\n\t\t<\/section>\n\t\t\t\t<section class=\"elementor-section elementor-top-section elementor-element elementor-element-44c7c60 elementor-section-boxed elementor-section-height-default elementor-section-height-default\" data-id=\"44c7c60\" data-element_type=\"section\">\n\t\t\t\t\t\t<div class=\"elementor-container elementor-column-gap-default\">\n\t\t\t\t\t<div class=\"elementor-column elementor-col-100 elementor-top-column elementor-element elementor-element-282bd0a align_content_center\" data-id=\"282bd0a\" data-element_type=\"column\">\n\t\t\t<div class=\"elementor-widget-wrap elementor-element-populated\">\n\t\t\t\t\t\t<div class=\"elementor-element elementor-element-19c3255 elementor-widget elementor-widget-text-editor\" data-id=\"19c3255\" data-element_type=\"widget\" data-widget_type=\"text-editor.default\">\n\t\t\t\t<div class=\"elementor-widget-container\">\n\t\t\t\t\t\t\t<h2>\u00bfQu\u00e9 es el blanqueamiento dental con l\u00e1ser?<\/h2>\n<strong>El blanqueamiento dental con l\u00e1ser<\/strong> se realiza en una cl\u00ednica y consiste en una fuente de luz l\u00e1ser y un gel blanqueador que se activa con la luz y blanquea los dientes. Normalmente, el procedimiento dura entre 1 y 2 horas y ofrece un resultado de blanqueamiento intenso. Muchos dentistas recomiendan el blanqueamiento l\u00e1ser como punto de partida, en el que el tratamiento debe ir seguido de un blanqueamiento profesional en casa.\t\t\t\t\t\t<\/div>\n\t\t\t\t<\/div>\n\t\t\t\t\t<\/div>\n\t\t<\/div>\n\t\t\t\t\t<\/div>\n\t\t<\/section>\n\t\t\t\t<section class=\"elementor-section elementor-top-section elementor-element elementor-element-ac89dd2 elementor-section-boxed elementor-section-height-default elementor-section-height-default\" data-id=\"ac89dd2\" data-element_type=\"section\">\n\t\t\t\t\t\t<div class=\"elementor-container elementor-column-gap-default\">\n\t\t\t\t\t<div class=\"elementor-column elementor-col-100 elementor-top-column elementor-element elementor-element-288190e\" data-id=\"288190e\" data-element_type=\"column\">\n\t\t\t<div class=\"elementor-widget-wrap elementor-element-populated\">\n\t\t\t\t\t\t<div class=\"elementor-element elementor-element-9969cbc elementor-widget elementor-widget-text-editor\" data-id=\"9969cbc\" data-element_type=\"widget\" data-widget_type=\"text-editor.default\">\n\t\t\t\t<div class=\"elementor-widget-container\">\n\t\t\t\t\t\t\t<h2>\u00bfC\u00f3mo funciona el procedimiento de blanqueamiento dental con l\u00e1ser?<\/h2>\n<h3>Antes del blanqueamiento dental<\/h3>\nAntes de someterse a un <strong>blanqueamiento dental con l\u00e1ser<\/strong>, debe consultar a su dentista, que tambi\u00e9n le realizar\u00e1 un examen preliminar para asegurarse de que sus dientes son aptos para el blanqueamiento. Tambi\u00e9n recibir\u00e1 la informaci\u00f3n necesaria sobre los riesgos y efectos secundarios que puede provocar el tratamiento.\n\nAntes de iniciar el tratamiento de blanqueamiento dental, un dentista o higienista dental realiza un raspado y pulido, en el que se limpian a fondo los dientes y se eliminan las manchas superficiales, el sarro y las grietas. Esto mejorar\u00e1 enormemente el aspecto de los dientes, que se volver\u00e1n m\u00e1s blancos y brillantes.\n\nEl siguiente paso es hacer una prueba de color sobre los colores y tonos de sus dientes. Para ello, puede utilizar una escala de colores dentales o una fotograf\u00eda digital de sus dientes. A menudo se utilizan ambos m\u00e9todos.\t\t\t\t\t\t<\/div>\n\t\t\t\t<\/div>\n\t\t\t\t\t<\/div>\n\t\t<\/div>\n\t\t\t\t\t<\/div>\n\t\t<\/section>\n\t\t\t\t<section class=\"elementor-section elementor-top-section elementor-element elementor-element-f2cdef2 bg-color forme_1  elementor-section-boxed elementor-section-height-default elementor-section-height-default\" data-id=\"f2cdef2\" data-element_type=\"section\">\n\t\t\t\t\t\t<div class=\"elementor-container elementor-column-gap-default\">\n\t\t\t\t\t<div class=\"elementor-column elementor-col-100 elementor-top-column elementor-element elementor-element-09fe6f6\" data-id=\"09fe6f6\" data-element_type=\"column\">\n\t\t\t<div class=\"elementor-widget-wrap elementor-element-populated\">\n\t\t\t\t\t\t<div class=\"elementor-element elementor-element-f48e5b2 elementor-widget elementor-widget-text-editor\" data-id=\"f48e5b2\" data-element_type=\"widget\" data-widget_type=\"text-editor.default\">\n\t\t\t\t<div class=\"elementor-widget-container\">\n\t\t\t\t\t\t\t\n<h3>Procedimiento de blanqueamiento dental con l\u00e1ser<\/h3>\nUna vez tomada la muestra de color, se preparan los dientes y el tejido circundante para el tratamiento. El gel blanqueador contiene normalmente una alta concentraci\u00f3n de per\u00f3xido (hasta el 6%), por lo que el dentista proteger\u00e1 la zona alrededor de las enc\u00edas para que s\u00f3lo sus dientes est\u00e9n expuestos al blanqueamiento. Los dientes se cubren con un bastoncillo de algod\u00f3n y un gel protector, que se endurece en la boca cuando se coloca sobre los dientes y se expone a la luz ultravioleta.\n\nAdem\u00e1s, se utiliza un soporte de mejillas y labios para mantener los labios y las mejillas alejados de los dientes. Es muy importante que su dentista proteja sus enc\u00edas y labios con un material protector para evitar da\u00f1os o corrosi\u00f3n del tejido blando.\n\nUna vez cubiertos los dientes con un material protector, se aplica un gel blanqueador a las superficies dentales. A continuaci\u00f3n se enciende la luz l\u00e1ser, que activa el gel. Algunos sistemas de blanqueamiento no utilizan un l\u00e1ser activador y muchos dentistas afirman que el l\u00e1ser no influye en el resultado final. Si notas que los labios o las enc\u00edas empiezan a arder o a escocer, d\u00edselo inmediatamente a tu dentista. Tras unos 15 minutos, se retira el gel, se enjuagan los dientes y se repite el proceso dos veces m\u00e1s.\n\nPor \u00faltimo, el dentista enjuaga el gel blanqueador y retira la protecci\u00f3n. A continuaci\u00f3n, se toma una foto de referencia y\/o se compara el color con la escala de colores para evaluar el resultado final. Los resultados son inmediatos y suelen ser m\u00e1s visibles al principio, cuando el tono de los dientes puede ser hasta 5 o 10 niveles m\u00e1s claro.\t\t\t\t\t\t<\/div>\n\t\t\t\t<\/div>\n\t\t\t\t<div class=\"elementor-element elementor-element-27ab5fc elementor-widget elementor-widget-text-editor\" data-id=\"27ab5fc\" data-element_type=\"widget\" data-widget_type=\"text-editor.default\">\n\t\t\t\t<div class=\"elementor-widget-container\">\n\t\t\t\t\t\t\t<h2>Blanqueamiento dental profesional en casa<\/h2>\nUn <strong>kit de blanqueamiento dental<\/strong> casero est\u00e1 equipado con un gel blanqueador profesional y aparatos individuales fabricados por un prot\u00e9sico dental. El kit se utiliza sobre todo para el seguimiento despu\u00e9s del blanqueamiento realizado por una cl\u00ednica de blanqueamiento. Si desea utilizar un kit de blanqueamiento dental profesional para uso dom\u00e9stico, debe hacerse tomar una impresi\u00f3n de los dientes por un dentista con un kit dental especial (material de impresi\u00f3n en una cuchara de impresi\u00f3n).\n<h2>Despu\u00e9s del tratamiento de blanqueamiento dental<\/h2>\nEl <strong>blanqueamiento dental<\/strong> puede causar irritaci\u00f3n y escarcha durante el tratamiento, pero esto es temporal y suele desaparecer al d\u00eda siguiente. Para aliviar las molestias, puedes enjuagarte con fl\u00faor y utilizar un dent\u00edfrico antiirritaci\u00f3n.\t\t\t\t\t\t<\/div>\n\t\t\t\t<\/div>\n\t\t\t\t\t<\/div>\n\t\t<\/div>\n\t\t\t\t\t<\/div>\n\t\t<\/section>\n\t\t\t\t<section class=\"elementor-section elementor-top-section elementor-element elementor-element-29132b88 elementor-section-boxed elementor-section-height-default elementor-section-height-default\" data-id=\"29132b88\" data-element_type=\"section\">\n\t\t\t\t\t\t<div class=\"elementor-container elementor-column-gap-default\">\n\t\t\t\t\t<div class=\"elementor-column elementor-col-100 elementor-top-column elementor-element elementor-element-399d9337\" data-id=\"399d9337\" data-element_type=\"column\">\n\t\t\t<div class=\"elementor-widget-wrap elementor-element-populated\">\n\t\t\t\t\t\t<div class=\"elementor-element elementor-element-4dd85d39 elementor-widget elementor-widget-text-editor\" data-id=\"4dd85d39\" data-element_type=\"widget\" data-widget_type=\"text-editor.default\">\n\t\t\t\t<div class=\"elementor-widget-container\">\n\t\t\t\t\t\t\t<h2>Resultados del blanqueamiento dental Marruecos<\/h2><p>El efecto del blanqueamiento var\u00eda considerablemente de una persona a otra y tambi\u00e9n depende en menor medida del tipo de blanqueamiento. Algunas personas responden de forma \u00f3ptima al <strong>blanqueamiento dental marroqu\u00ed<\/strong> y consiguen unos dientes mucho m\u00e1s blancos, mientras que otras s\u00f3lo ven una peque\u00f1a diferencia tras el tratamiento. Las personas con dientes muy descoloridos tienden a obtener resultados m\u00e1s tangibles que aquellas con dientes ligeramente descoloridos. Su dentista podr\u00e1 aconsejarle sobre el resultado probable tras la primera visita.<\/p>\t\t\t\t\t\t<\/div>\n\t\t\t\t<\/div>\n\t\t\t\t\t<\/div>\n\t\t<\/div>\n\t\t\t\t\t<\/div>\n\t\t<\/section>\n\t\t\t\t<section class=\"elementor-section elementor-top-section elementor-element elementor-element-3ed469d elementor-section-boxed elementor-section-height-default elementor-section-height-default\" data-id=\"3ed469d\" data-element_type=\"section\">\n\t\t\t\t\t\t<div class=\"elementor-container elementor-column-gap-default\">\n\t\t\t\t\t<div class=\"elementor-column elementor-col-100 elementor-top-column elementor-element elementor-element-a6f54d7\" data-id=\"a6f54d7\" data-element_type=\"column\">\n\t\t\t<div class=\"elementor-widget-wrap elementor-element-populated\">\n\t\t\t\t\t\t<div class=\"elementor-element elementor-element-a2c02c7 center elementor-widget elementor-widget-html\" data-id=\"a2c02c7\" data-element_type=\"widget\" data-widget_type=\"html.default\">\n\t\t\t\t<div class=\"elementor-widget-container\">\n\t\t\t<div class=\"btn_devis btn_intern\"><a href=\"https:\/\/www.la-chirurgie-esthetique-maroc.com\/es\/cita\/\"><span>Presupuesto gratuito para blanqueamiento dental en Marruecos<\/span><\/a><\/div>\t\t<\/div>\n\t\t\t\t<\/div>\n\t\t\t\t\t<\/div>\n\t\t<\/div>\n\t\t\t\t\t<\/div>\n\t\t<\/section>\n\t\t\t\t<\/div>\n\t\t","protected":false},"excerpt":{"rendered":"<p>La decoloraci\u00f3n de los dientes es un problema est\u00e9tico com\u00fan y el procedimiento de blanqueamiento dental es la opci\u00f3n m\u00e1s \u00f3ptima y conservadora. El mecanismo del blanqueamiento dental se basa en la degradaci\u00f3n del per\u00f3xido de hidr\u00f3geno y la penetraci\u00f3n de radicales libres en el esmalte y el interior de la dentina decolorada, seguido de [&hellip;]<\/p>\n","protected":false},"author":2,"featured_media":6428,"parent":0,"menu_order":0,"comment_status":"closed","ping_status":"closed","template":"","meta":{"footnotes":""},"class_list":["post-6811","page","type-page","status-publish","has-post-thumbnail","hentry"],"yoast_head":"<!-- This site is optimized with the Yoast SEO plugin v27.6 - https:\/\/yoast.com\/product\/yoast-seo-wordpress\/ -->\n<title>Blanqueamiento dental Marruecos \u27a1\ufe0f blanqueamiento dental barato precios<\/title>\n<meta name=\"description\" content=\"Blanqueamiento dental Marruecos: soluci\u00f3n para blanquear los dientes y recuperar una sonrisa brillante. Presupuesto gratuito con un precio barato.\" \/>\n<meta name=\"robots\" content=\"index, follow, max-snippet:-1, max-image-preview:large, max-video-preview:-1\" \/>\n<link rel=\"canonical\" href=\"https:\/\/www.la-chirurgie-esthetique-maroc.com\/es\/blanqueamiento-dental\/\" \/>\n<meta property=\"og:locale\" content=\"es_ES\" \/>\n<meta property=\"og:type\" content=\"article\" \/>\n<meta property=\"og:title\" content=\"Blanqueamiento dental Marruecos \u27a1\ufe0f blanqueamiento dental barato precios\" \/>\n<meta property=\"og:description\" content=\"Blanqueamiento dental Marruecos: soluci\u00f3n para blanquear los dientes y recuperar una sonrisa brillante. Presupuesto gratuito con un precio barato.\" \/>\n<meta property=\"og:url\" content=\"https:\/\/www.la-chirurgie-esthetique-maroc.com\/es\/blanqueamiento-dental\/\" \/>\n<meta property=\"og:site_name\" content=\"Chirurgie esthetique Maroc\" \/>\n<meta property=\"article:modified_time\" content=\"2024-02-22T12:44:42+00:00\" \/>\n<meta property=\"og:image\" content=\"https:\/\/www.la-chirurgie-esthetique-maroc.com\/wp-content\/uploads\/2022\/01\/header_dentaire.webp\" \/>\n\t<meta property=\"og:image:width\" content=\"552\" \/>\n\t<meta property=\"og:image:height\" content=\"612\" \/>\n\t<meta property=\"og:image:type\" content=\"image\/webp\" \/>\n<meta name=\"twitter:card\" content=\"summary_large_image\" \/>\n<meta name=\"twitter:label1\" content=\"Tiempo de lectura\" \/>\n\t<meta name=\"twitter:data1\" content=\"5 minutos\" \/>\n<!-- \/ Yoast SEO plugin. -->","yoast_head_json":{"title":"Blanqueamiento dental Marruecos \u27a1\ufe0f blanqueamiento dental barato precios","description":"Blanqueamiento dental Marruecos: soluci\u00f3n para blanquear los dientes y recuperar una sonrisa brillante. Presupuesto gratuito con un precio barato.","robots":{"index":"index","follow":"follow","max-snippet":"max-snippet:-1","max-image-preview":"max-image-preview:large","max-video-preview":"max-video-preview:-1"},"canonical":"https:\/\/www.la-chirurgie-esthetique-maroc.com\/es\/blanqueamiento-dental\/","og_locale":"es_ES","og_type":"article","og_title":"Blanqueamiento dental Marruecos \u27a1\ufe0f blanqueamiento dental barato precios","og_description":"Blanqueamiento dental Marruecos: soluci\u00f3n para blanquear los dientes y recuperar una sonrisa brillante. Presupuesto gratuito con un precio barato.","og_url":"https:\/\/www.la-chirurgie-esthetique-maroc.com\/es\/blanqueamiento-dental\/","og_site_name":"Chirurgie esthetique Maroc","article_modified_time":"2024-02-22T12:44:42+00:00","og_image":[{"width":552,"height":612,"url":"https:\/\/www.la-chirurgie-esthetique-maroc.com\/wp-content\/uploads\/2022\/01\/header_dentaire.webp","type":"image\/webp"}],"twitter_card":"summary_large_image","twitter_misc":{"Tiempo de lectura":"5 minutos"},"schema":{"@context":"https:\/\/schema.org","@graph":[{"@type":"WebPage","@id":"https:\/\/www.la-chirurgie-esthetique-maroc.com\/es\/blanqueamiento-dental\/","url":"https:\/\/www.la-chirurgie-esthetique-maroc.com\/es\/blanqueamiento-dental\/","name":"Blanqueamiento dental Marruecos \u27a1\ufe0f blanqueamiento dental barato precios","isPartOf":{"@id":"https:\/\/www.la-chirurgie-esthetique-maroc.com\/es\/#website"},"primaryImageOfPage":{"@id":"https:\/\/www.la-chirurgie-esthetique-maroc.com\/es\/blanqueamiento-dental\/#primaryimage"},"image":{"@id":"https:\/\/www.la-chirurgie-esthetique-maroc.com\/es\/blanqueamiento-dental\/#primaryimage"},"thumbnailUrl":"https:\/\/www.la-chirurgie-esthetique-maroc.com\/wp-content\/uploads\/2022\/01\/header_dentaire.webp","datePublished":"2021-04-14T09:12:09+00:00","dateModified":"2024-02-22T12:44:42+00:00","description":"Blanqueamiento dental Marruecos: soluci\u00f3n para blanquear los dientes y recuperar una sonrisa brillante. Presupuesto gratuito con un precio barato.","breadcrumb":{"@id":"https:\/\/www.la-chirurgie-esthetique-maroc.com\/es\/blanqueamiento-dental\/#breadcrumb"},"inLanguage":"es","potentialAction":[{"@type":"ReadAction","target":["https:\/\/www.la-chirurgie-esthetique-maroc.com\/es\/blanqueamiento-dental\/"]}]},{"@type":"ImageObject","inLanguage":"es","@id":"https:\/\/www.la-chirurgie-esthetique-maroc.com\/es\/blanqueamiento-dental\/#primaryimage","url":"https:\/\/www.la-chirurgie-esthetique-maroc.com\/wp-content\/uploads\/2022\/01\/header_dentaire.webp","contentUrl":"https:\/\/www.la-chirurgie-esthetique-maroc.com\/wp-content\/uploads\/2022\/01\/header_dentaire.webp","width":552,"height":612},{"@type":"BreadcrumbList","@id":"https:\/\/www.la-chirurgie-esthetique-maroc.com\/es\/blanqueamiento-dental\/#breadcrumb","itemListElement":[{"@type":"ListItem","position":1,"name":"Accueil","item":"https:\/\/www.la-chirurgie-esthetique-maroc.com\/es\/"},{"@type":"ListItem","position":2,"name":"Blanqueamiento dental Marruecos"}]},{"@type":"WebSite","@id":"https:\/\/www.la-chirurgie-esthetique-maroc.com\/es\/#website","url":"https:\/\/www.la-chirurgie-esthetique-maroc.com\/es\/","name":"Chirurgie esthetique Maroc","description":"","publisher":{"@id":"https:\/\/www.la-chirurgie-esthetique-maroc.com\/es\/#organization"},"potentialAction":[{"@type":"SearchAction","target":{"@type":"EntryPoint","urlTemplate":"https:\/\/www.la-chirurgie-esthetique-maroc.com\/es\/?s={search_term_string}"},"query-input":{"@type":"PropertyValueSpecification","valueRequired":true,"valueName":"search_term_string"}}],"inLanguage":"es"},{"@type":"Organization","@id":"https:\/\/www.la-chirurgie-esthetique-maroc.com\/es\/#organization","name":"Chirurgie esthetique Maroc","url":"https:\/\/www.la-chirurgie-esthetique-maroc.com\/es\/","logo":{"@type":"ImageObject","inLanguage":"es","@id":"https:\/\/www.la-chirurgie-esthetique-maroc.com\/es\/#\/schema\/logo\/image\/","url":"https:\/\/www.la-chirurgie-esthetique-maroc.com\/wp-content\/uploads\/2022\/01\/cem3.png","contentUrl":"https:\/\/www.la-chirurgie-esthetique-maroc.com\/wp-content\/uploads\/2022\/01\/cem3.png","width":125,"height":41,"caption":"Chirurgie esthetique Maroc"},"image":{"@id":"https:\/\/www.la-chirurgie-esthetique-maroc.com\/es\/#\/schema\/logo\/image\/"}}]}},"_links":{"self":[{"href":"https:\/\/www.la-chirurgie-esthetique-maroc.com\/es\/wp-json\/wp\/v2\/pages\/6811","targetHints":{"allow":["GET"]}}],"collection":[{"href":"https:\/\/www.la-chirurgie-esthetique-maroc.com\/es\/wp-json\/wp\/v2\/pages"}],"about":[{"href":"https:\/\/www.la-chirurgie-esthetique-maroc.com\/es\/wp-json\/wp\/v2\/types\/page"}],"author":[{"embeddable":true,"href":"https:\/\/www.la-chirurgie-esthetique-maroc.com\/es\/wp-json\/wp\/v2\/users\/2"}],"replies":[{"embeddable":true,"href":"https:\/\/www.la-chirurgie-esthetique-maroc.com\/es\/wp-json\/wp\/v2\/comments?post=6811"}],"version-history":[{"count":10,"href":"https:\/\/www.la-chirurgie-esthetique-maroc.com\/es\/wp-json\/wp\/v2\/pages\/6811\/revisions"}],"predecessor-version":[{"id":8458,"href":"https:\/\/www.la-chirurgie-esthetique-maroc.com\/es\/wp-json\/wp\/v2\/pages\/6811\/revisions\/8458"}],"wp:featuredmedia":[{"embeddable":true,"href":"https:\/\/www.la-chirurgie-esthetique-maroc.com\/es\/wp-json\/wp\/v2\/media\/6428"}],"wp:attachment":[{"href":"https:\/\/www.la-chirurgie-esthetique-maroc.com\/es\/wp-json\/wp\/v2\/media?parent=6811"}],"curies":[{"name":"wp","href":"https:\/\/api.w.org\/{rel}","templated":true}]}}