{"id":6844,"date":"2021-09-27T16:03:39","date_gmt":"2021-09-27T14:03:39","guid":{"rendered":"https:\/\/www.la-chirurgie-esthetique-maroc.com\/carboxiterapia-marruecos-para-eliminar-la-celulitis\/"},"modified":"2023-05-29T12:00:32","modified_gmt":"2023-05-29T10:00:32","slug":"carboxiterapia","status":"publish","type":"page","link":"https:\/\/www.la-chirurgie-esthetique-maroc.com\/es\/carboxiterapia\/","title":{"rendered":"Carboxiterapia Marruecos para eliminar la celulitis"},"content":{"rendered":"\t\t<div data-elementor-type=\"wp-page\" data-elementor-id=\"6844\" class=\"elementor elementor-6844 elementor-3649\">\n\t\t\t\t\t\t<section class=\"elementor-section elementor-top-section elementor-element elementor-element-b490fba elementor-section-boxed elementor-section-height-default elementor-section-height-default\" data-id=\"b490fba\" data-element_type=\"section\">\n\t\t\t\t\t\t<div class=\"elementor-container elementor-column-gap-default\">\n\t\t\t\t\t<div class=\"elementor-column elementor-col-33 elementor-top-column elementor-element elementor-element-975ab94 align_content_center\" data-id=\"975ab94\" data-element_type=\"column\">\n\t\t\t<div class=\"elementor-widget-wrap elementor-element-populated\">\n\t\t\t\t\t\t<div class=\"elementor-element elementor-element-1c4528b elementor-widget elementor-widget-text-editor\" data-id=\"1c4528b\" data-element_type=\"widget\" data-widget_type=\"text-editor.default\">\n\t\t\t\t<div class=\"elementor-widget-container\">\n\t\t\t\t\t\t\t<p><img decoding=\"async\" class=\"aligncenter size-medium\" src=\"https:\/\/www.la-chirurgie-esthetique-maroc.com\/wp-content\/uploads\/2022\/01\/carboxytherapie-maroc.webp\" alt=\"carboxiterapia Marruecos\"><\/p>\n\t\t\t\t\t\t<\/div>\n\t\t\t\t<\/div>\n\t\t\t\t\t<\/div>\n\t\t<\/div>\n\t\t\t\t<div class=\"elementor-column elementor-col-66 elementor-top-column elementor-element elementor-element-d786c5e\" data-id=\"d786c5e\" data-element_type=\"column\">\n\t\t\t<div class=\"elementor-widget-wrap elementor-element-populated\">\n\t\t\t\t\t\t<div class=\"elementor-element elementor-element-59d9f57 elementor-widget elementor-widget-text-editor\" data-id=\"59d9f57\" data-element_type=\"widget\" data-widget_type=\"text-editor.default\">\n\t\t\t\t<div class=\"elementor-widget-container\">\n\t\t\t\t\t\t\t<strong>La carboxiterapia Marruecos<\/strong> es una t\u00e9cnica de medicina est\u00e9tica que permite <strong>combatir la celulitis<\/strong>, la flacidez y los dep\u00f3sitos de grasa localizados.\n\t\t\t\t\t\t<\/div>\n\t\t\t\t<\/div>\n\t\t\t\t<div class=\"elementor-element elementor-element-98e13c3 center elementor-widget elementor-widget-html\" data-id=\"98e13c3\" data-element_type=\"widget\" data-widget_type=\"html.default\">\n\t\t\t\t<div class=\"elementor-widget-container\">\n\t\t\t<div class=\"btn_devis btn_intern\"><a href=\"https:\/\/www.la-chirurgie-esthetique-maroc.com\/es\/cita\/\"><span>Presupuesto gratuito de Carboxiterapia Marruecos<\/span><\/a><\/div>\t\t<\/div>\n\t\t\t\t<\/div>\n\t\t\t\t<div class=\"elementor-element elementor-element-1ccb106 elementor-widget elementor-widget-text-editor\" data-id=\"1ccb106\" data-element_type=\"widget\" data-widget_type=\"text-editor.default\">\n\t\t\t\t<div class=\"elementor-widget-container\">\n\t\t\t\t\t\t\t\n\n<h2>Carboxiterapia: \u00bfQu\u00e9 hay que saber?<\/h2>\nLa terapia con di\u00f3xido de carbono, o <strong>carboxiterapia<\/strong>, el gas milagroso, se ha anunciado como el mayor avance est\u00e9tico desde los rellenos inyectables de arrugas.\n\nEn todo el mundo, <strong>la carboxiterapia<\/strong> se ha convertido r\u00e1pidamente en el principal tratamiento de rejuvenecimiento cut\u00e1neo. Es un m\u00e9todo seguro y m\u00ednimamente invasivo cl\u00ednicamente probado para rejuvenecer, restaurar y reacondicionar la piel y tratar arrugas, flacidez, celulitis y estr\u00edas.\n\nLa terapia consiste en inyectar peque\u00f1as cantidades de di\u00f3xido de carbono (CO2) bajo la piel para descomponer los dep\u00f3sitos de grasa y estimular la producci\u00f3n de col\u00e1geno. En resumen, <strong>la carboxiterapia en Marruecos<\/strong> es una t\u00e9cnica sencilla y segura para conseguir una piel bella y m\u00e1s joven.\t\t\t\t\t\t<\/div>\n\t\t\t\t<\/div>\n\t\t\t\t\t<\/div>\n\t\t<\/div>\n\t\t\t\t\t<\/div>\n\t\t<\/section>\n\t\t\t\t<section class=\"elementor-section elementor-top-section elementor-element elementor-element-58a2f8e elementor-section-boxed elementor-section-height-default elementor-section-height-default\" data-id=\"58a2f8e\" data-element_type=\"section\">\n\t\t\t\t\t\t<div class=\"elementor-container elementor-column-gap-default\">\n\t\t\t\t\t<div class=\"elementor-column elementor-col-66 elementor-top-column elementor-element elementor-element-57fe653\" data-id=\"57fe653\" data-element_type=\"column\">\n\t\t\t<div class=\"elementor-widget-wrap elementor-element-populated\">\n\t\t\t\t\t\t<div class=\"elementor-element elementor-element-b4a93f7 elementor-widget elementor-widget-text-editor\" data-id=\"b4a93f7\" data-element_type=\"widget\" data-widget_type=\"text-editor.default\">\n\t\t\t\t<div class=\"elementor-widget-container\">\n\t\t\t\t\t\t\t<h2>Presupuesto expr\u00e9s gratuito<\/h2>\n<style>\r\n.align_center {\r\n    display: block;\r\n    text-align: center;\r\n    padding: 30px 0px;\r\n}\r\n<\/style>\r\n\r\n<div>\r\n\t<h2 class=\"align_center\">Presupuesto r\u00e1pido gratuito<\/h2>\r\n<iframe src=\"https:\/\/app.metocrm.com\/web-forms\/e1cab5bd-ef56-4a37-aa71-4857d931f368\"  height=\"800px\" width=\"100%\"  frameborder=\"0\" style=\"border-radius: 10px;\"><\/iframe>\r\n\r\n<\/div>\t\t\t\t\t\t<\/div>\n\t\t\t\t<\/div>\n\t\t\t\t\t<\/div>\n\t\t<\/div>\n\t\t\t\t<div class=\"elementor-column elementor-col-33 elementor-top-column elementor-element elementor-element-b54776a\" data-id=\"b54776a\" data-element_type=\"column\">\n\t\t\t<div class=\"elementor-widget-wrap elementor-element-populated\">\n\t\t\t\t\t\t<div class=\"elementor-element elementor-element-e0ee9fc elementor-widget elementor-widget-image\" data-id=\"e0ee9fc\" data-element_type=\"widget\" data-widget_type=\"image.default\">\n\t\t\t\t<div class=\"elementor-widget-container\">\n\t\t\t\t\t\t\t\t\t\t\t\t\t<img fetchpriority=\"high\" decoding=\"async\" width=\"508\" height=\"554\" src=\"https:\/\/www.la-chirurgie-esthetique-maroc.com\/wp-content\/uploads\/2022\/01\/la-chirurgie-esthetique-maroc_devis-1.webp\" class=\"attachment-large size-large wp-image-6422\" alt=\"\" srcset=\"https:\/\/www.la-chirurgie-esthetique-maroc.com\/wp-content\/uploads\/2022\/01\/la-chirurgie-esthetique-maroc_devis-1.webp 508w, https:\/\/www.la-chirurgie-esthetique-maroc.com\/wp-content\/uploads\/2022\/01\/la-chirurgie-esthetique-maroc_devis-1-275x300.webp 275w\" sizes=\"(max-width: 508px) 100vw, 508px\" \/>\t\t\t\t\t\t\t\t\t\t\t\t\t<\/div>\n\t\t\t\t<\/div>\n\t\t\t\t\t<\/div>\n\t\t<\/div>\n\t\t\t\t\t<\/div>\n\t\t<\/section>\n\t\t\t\t<section class=\"elementor-section elementor-top-section elementor-element elementor-element-82347ee bg-color forme_1  elementor-section-boxed elementor-section-height-default elementor-section-height-default\" data-id=\"82347ee\" data-element_type=\"section\">\n\t\t\t\t\t\t<div class=\"elementor-container elementor-column-gap-default\">\n\t\t\t\t\t<div class=\"elementor-column elementor-col-100 elementor-top-column elementor-element elementor-element-1275d79\" data-id=\"1275d79\" data-element_type=\"column\">\n\t\t\t<div class=\"elementor-widget-wrap elementor-element-populated\">\n\t\t\t\t\t\t<section class=\"elementor-section elementor-inner-section elementor-element elementor-element-4ec8898 elementor-section-boxed elementor-section-height-default elementor-section-height-default\" data-id=\"4ec8898\" data-element_type=\"section\">\n\t\t\t\t\t\t<div class=\"elementor-container elementor-column-gap-default\">\n\t\t\t\t\t<div class=\"elementor-column elementor-col-50 elementor-inner-column elementor-element elementor-element-ee2544f\" data-id=\"ee2544f\" data-element_type=\"column\">\n\t\t\t<div class=\"elementor-widget-wrap elementor-element-populated\">\n\t\t\t\t\t\t<div class=\"elementor-element elementor-element-2a59628 elementor-widget elementor-widget-text-editor\" data-id=\"2a59628\" data-element_type=\"widget\" data-widget_type=\"text-editor.default\">\n\t\t\t\t<div class=\"elementor-widget-container\">\n\t\t\t\t\t\t\t<h2>\u00bfCu\u00e1l es el precio de la carboxiterapia en Marruecos?<\/h2>\nLas cl\u00ednicas est\u00e9ticas de Marruecos, que cuentan con personal altamente cualificado y se benefician del bajo coste de la vida en el pa\u00eds en comparaci\u00f3n con Europa, Estados Unidos y otros pa\u00edses, ofrecen tratamientos a precios inmejorables.\n\nEl precio de <strong>carboxiterapia Marruecos<\/strong> no s\u00f3lo es asequible, sino tambi\u00e9n Todo incluido para sus necesidades de embellecimiento de la piel.\n\nPara m\u00e1s informaci\u00f3n, \u00a1no dude en ponerse en contacto con <a href=\"https:\/\/www.la-chirurgie-esthetique-maroc.com\/es\/clinica\/\">nuestra cl\u00ednica est\u00e9tica<\/a>! Nuestro equipo le facilitar\u00e1 los detalles de su presupuesto sin ning\u00fan compromiso por su parte.\n\t\t\t\t\t\t<\/div>\n\t\t\t\t<\/div>\n\t\t\t\t<div class=\"elementor-element elementor-element-336f9a9 center elementor-widget elementor-widget-html\" data-id=\"336f9a9\" data-element_type=\"widget\" data-widget_type=\"html.default\">\n\t\t\t\t<div class=\"elementor-widget-container\">\n\t\t\t<div class=\"btn_devis\"><a href=\"https:\/\/www.la-chirurgie-esthetique-maroc.com\/es\/cita\/\"><span>Presupuesto gratuito para Carboxiterapia Marruecos precio barato<\/span><\/a><\/div>\t\t<\/div>\n\t\t\t\t<\/div>\n\t\t\t\t\t<\/div>\n\t\t<\/div>\n\t\t\t\t<div class=\"elementor-column elementor-col-50 elementor-inner-column elementor-element elementor-element-8adcdc5 align_content_center\" data-id=\"8adcdc5\" data-element_type=\"column\">\n\t\t\t<div class=\"elementor-widget-wrap elementor-element-populated\">\n\t\t\t\t\t\t<div class=\"elementor-element elementor-element-73832b9 elementor-widget elementor-widget-text-editor\" data-id=\"73832b9\" data-element_type=\"widget\" data-widget_type=\"text-editor.default\">\n\t\t\t\t<div class=\"elementor-widget-container\">\n\t\t\t\t\t\t\t<h2><img decoding=\"async\" class=\"aligncenter\" src=\"https:\/\/www.la-chirurgie-esthetique-maroc.com\/wp-content\/uploads\/2022\/01\/carboxytherapie-au-maroc.webp\" alt=\"Carboxiterapia en Marruecos\"><\/h2>\n\t\t\t\t\t\t<\/div>\n\t\t\t\t<\/div>\n\t\t\t\t\t<\/div>\n\t\t<\/div>\n\t\t\t\t\t<\/div>\n\t\t<\/section>\n\t\t\t\t\t<\/div>\n\t\t<\/div>\n\t\t\t\t\t<\/div>\n\t\t<\/section>\n\t\t\t\t<section class=\"elementor-section elementor-top-section elementor-element elementor-element-c6a6939 elementor-section-boxed elementor-section-height-default elementor-section-height-default\" data-id=\"c6a6939\" data-element_type=\"section\">\n\t\t\t\t\t\t<div class=\"elementor-container elementor-column-gap-default\">\n\t\t\t\t\t<div class=\"elementor-column elementor-col-100 elementor-top-column elementor-element elementor-element-7692d9e\" data-id=\"7692d9e\" data-element_type=\"column\">\n\t\t\t<div class=\"elementor-widget-wrap elementor-element-populated\">\n\t\t\t\t\t\t<div class=\"elementor-element elementor-element-7d1b33c elementor-widget elementor-widget-text-editor\" data-id=\"7d1b33c\" data-element_type=\"widget\" data-widget_type=\"text-editor.default\">\n\t\t\t\t<div class=\"elementor-widget-container\">\n\t\t\t\t\t\t\t<h2>\u00bfCu\u00e1les son los beneficios de la carboxiterapia en Marruecos?<\/h2>\n<strong>La carboxiterapia<\/strong>, al estimular la circulaci\u00f3n en la zona de tratamiento, garantiza mejores resultados para la est\u00e9tica de la piel, en particular :\n<ul class=\"liste-page\">\n \t<li>Aumento del metabolismo\/quema de grasas, <strong>reducci\u00f3n de la celulitis<\/strong><\/li>\n \t<li>Mejora del tono y la textura de la piel: piel m\u00e1s firme, menos arrugas y l\u00edneas de expresi\u00f3n<\/li>\n \t<li>Aumento de la producci\u00f3n de col\u00e1geno<\/li>\n \t<li>Reducci\u00f3n de cicatrices y estr\u00edas<\/li>\n<\/ul>\t\t\t\t\t\t<\/div>\n\t\t\t\t<\/div>\n\t\t\t\t<div class=\"elementor-element elementor-element-97aa2f1 elementor-widget elementor-widget-text-editor\" data-id=\"97aa2f1\" data-element_type=\"widget\" data-widget_type=\"text-editor.default\">\n\t\t\t\t<div class=\"elementor-widget-container\">\n\t\t\t\t\t\t\t<h2>Formaci\u00f3n precarboxiterapia en Marruecos<\/h2>\n<ul class=\"liste-page\">\n \t<li>Antes del tratamiento, est\u00e1 prohibido consumir bebidas alcoh\u00f3licas durante al menos 24 horas (el alcohol puede diluir la sangre y aumentar el riesgo de hematomas)<\/li>\n \t<li>Tambi\u00e9n debe evitar los medicamentos antiinflamatorios\/anticoagulantes, si es posible durante un periodo de 2 semanas antes del tratamiento. Medicamentos y suplementos como la aspirina, la vitamina E, el ginseng, la hierba de San Juan, los suplementos de omega 3\/aceite de pescado, el ibuprofeno, Motrin, Advil, Aleve y otros AINE tienen un efecto anticoagulante y pueden aumentar el riesgo de hematomas e hinchaz\u00f3n despu\u00e9s de las inyecciones.<\/li>\n \t<li>Si tiene antecedentes de herpes febril, informe a su m\u00e9dico, que podr\u00e1 recetarle un medicamento antiv\u00edrico antes del tratamiento.<\/li>\n \t<li>Aseg\u00farese de desayunar bien antes del tratamiento. Esto reducir\u00e1 el riesgo de mareos durante <strong>la carboxiterapia Marruecos<\/strong>.<\/li>\n \t<li>No es candidata si est\u00e1 embarazada o en periodo de lactancia.<\/li>\n<\/ul>\t\t\t\t\t\t<\/div>\n\t\t\t\t<\/div>\n\t\t\t\t\t<\/div>\n\t\t<\/div>\n\t\t\t\t\t<\/div>\n\t\t<\/section>\n\t\t\t\t<section class=\"elementor-section elementor-top-section elementor-element elementor-element-14741cf1 bg-color forme_1  elementor-section-boxed elementor-section-height-default elementor-section-height-default\" data-id=\"14741cf1\" data-element_type=\"section\">\n\t\t\t\t\t\t<div class=\"elementor-container elementor-column-gap-default\">\n\t\t\t\t\t<div class=\"elementor-column elementor-col-100 elementor-top-column elementor-element elementor-element-601c1399\" data-id=\"601c1399\" data-element_type=\"column\">\n\t\t\t<div class=\"elementor-widget-wrap elementor-element-populated\">\n\t\t\t\t\t\t<div class=\"elementor-element elementor-element-16e60a96 elementor-widget elementor-widget-text-editor\" data-id=\"16e60a96\" data-element_type=\"widget\" data-widget_type=\"text-editor.default\">\n\t\t\t\t<div class=\"elementor-widget-container\">\n\t\t\t\t\t\t\t\n<h2>\u00bfC\u00f3mo funciona?<\/h2>\nLa terapia consiste en inyectar peque\u00f1as cantidades de di\u00f3xido de carbono (CO2) bajo la piel para descomponer los dep\u00f3sitos de grasa y estimular la producci\u00f3n de col\u00e1geno.\n\nEl tratamiento no requiere tiempo de inactividad y una sola sesi\u00f3n puede durar entre quince minutos y una hora. La <strong>carboxiterapia<\/strong> infunde CO2 justo debajo de la superficie de la piel; el cuerpo interpreta esto como una deficiencia de ox\u00edgeno y responde aportando una r\u00e1faga de ox\u00edgeno y nutrientes a la zona tratada y mejora la circulaci\u00f3n, lo que produce una restauraci\u00f3n celular. Este aumento de la concentraci\u00f3n de ox\u00edgeno tambi\u00e9n mejora la retenci\u00f3n de agua o edema en la zona.\n\nPara conseguir un efecto cut\u00e1neo que reduzca las l\u00edneas de expresi\u00f3n, las arrugas y las estr\u00edas, este aumento del flujo sangu\u00edneo estimula el col\u00e1geno, lo que suavizar\u00e1 las l\u00edneas de expresi\u00f3n y reducir\u00e1 las ojeras. El col\u00e1geno a largo plazo se estimula mediante l\u00e1minas de col\u00e1geno m\u00e1s regulares.\n<h2>Instrucciones para el tratamiento posterior<\/h2>\n<ul class=\"liste-page\">\n \t<li>Se le pide que evite movimientos bruscos o masajes en la zona tratada. Salvo indicaci\u00f3n contraria del facultativo.<\/li>\n \t<li>No se permite el ejercicio intenso durante 24 horas.<\/li>\n \t<li>Tambi\u00e9n debe evitar la exposici\u00f3n excesiva al sol durante 72 horas.<\/li>\n \t<li>Evite consumir cantidades excesivas de alcohol o sales para evitar una hinchaz\u00f3n excesiva.<\/li>\n \t<li>Si tiene hinchaz\u00f3n, puede aplicar una compresa fr\u00eda durante 15 minutos cada hora.<\/li>\n \t<li>Use Tylenol para el malestar.<\/li>\n \t<li>Intente dormir boca abajo y ligeramente elevado si nota hinchaz\u00f3n.<\/li>\n \t<li>Tome \u00e1rnica para aliviar los hematomas y la hinchaz\u00f3n, empezando al menos 2 d\u00edas antes de las inyecciones.<\/li>\n<\/ul>\t\t\t\t\t\t<\/div>\n\t\t\t\t<\/div>\n\t\t\t\t\t<\/div>\n\t\t<\/div>\n\t\t\t\t\t<\/div>\n\t\t<\/section>\n\t\t\t\t<section class=\"elementor-section elementor-top-section elementor-element elementor-element-8fd050e elementor-section-boxed elementor-section-height-default elementor-section-height-default\" data-id=\"8fd050e\" data-element_type=\"section\">\n\t\t\t\t\t\t<div class=\"elementor-container elementor-column-gap-default\">\n\t\t\t\t\t<div class=\"elementor-column elementor-col-100 elementor-top-column elementor-element elementor-element-dd89c25\" data-id=\"dd89c25\" data-element_type=\"column\">\n\t\t\t<div class=\"elementor-widget-wrap elementor-element-populated\">\n\t\t\t\t\t\t<div class=\"elementor-element elementor-element-40b3bce elementor-widget elementor-widget-text-editor\" data-id=\"40b3bce\" data-element_type=\"widget\" data-widget_type=\"text-editor.default\">\n\t\t\t\t<div class=\"elementor-widget-container\">\n\t\t\t\t\t\t\t<h2>\u00bfCu\u00e1ntas sesiones de tratamiento son necesarias?<\/h2>\nNormalmente, en la cara, se requieren de 4 a 6 sesiones de <strong>Carboxiterapia<\/strong>. Los pacientes pueden someterse a una sesi\u00f3n de 30 minutos cada 2-4 semanas. Aunque los resultados son visibles de inmediato, puede ser necesaria una sesi\u00f3n de retoque cada 6-8 meses para mantener los resultados.\t\t\t\t\t\t<\/div>\n\t\t\t\t<\/div>\n\t\t\t\t\t<\/div>\n\t\t<\/div>\n\t\t\t\t\t<\/div>\n\t\t<\/section>\n\t\t\t\t<section class=\"elementor-section elementor-top-section elementor-element elementor-element-da40a40 center elementor-section-boxed elementor-section-height-default elementor-section-height-default\" data-id=\"da40a40\" data-element_type=\"section\">\n\t\t\t\t\t\t<div class=\"elementor-container elementor-column-gap-default\">\n\t\t\t\t\t<div class=\"elementor-column elementor-col-100 elementor-top-column elementor-element elementor-element-b4705b7\" data-id=\"b4705b7\" data-element_type=\"column\">\n\t\t\t<div class=\"elementor-widget-wrap elementor-element-populated\">\n\t\t\t\t\t\t<div class=\"elementor-element elementor-element-314e82b elementor-widget elementor-widget-html\" data-id=\"314e82b\" data-element_type=\"widget\" data-widget_type=\"html.default\">\n\t\t\t\t<div class=\"elementor-widget-container\">\n\t\t\t<div class=\"btn_devis btn_intern\"><a href=\"https:\/\/www.la-chirurgie-esthetique-maroc.com\/es\/cita\/\"><span>Presupuesto gratuito<\/span><\/a><\/div>\t\t<\/div>\n\t\t\t\t<\/div>\n\t\t\t\t\t<\/div>\n\t\t<\/div>\n\t\t\t\t\t<\/div>\n\t\t<\/section>\n\t\t\t\t<\/div>\n\t\t","protected":false},"excerpt":{"rendered":"<p>La carboxiterapia Marruecos es una t\u00e9cnica de medicina est\u00e9tica que permite combatir la celulitis, la flacidez y los dep\u00f3sitos de grasa localizados. Presupuesto gratuito de Carboxiterapia Marruecos Carboxiterapia: \u00bfQu\u00e9 hay que saber? La terapia con di\u00f3xido de carbono, o carboxiterapia, el gas milagroso, se ha anunciado como el mayor avance est\u00e9tico desde los rellenos inyectables [&hellip;]<\/p>\n","protected":false},"author":2,"featured_media":6437,"parent":0,"menu_order":0,"comment_status":"closed","ping_status":"closed","template":"","meta":{"footnotes":""},"class_list":["post-6844","page","type-page","status-publish","has-post-thumbnail","hentry"],"yoast_head":"<!-- This site is optimized with the Yoast SEO plugin v27.4 - https:\/\/yoast.com\/product\/yoast-seo-wordpress\/ -->\n<title>Carboxiterapia Marruecos \u27a1\ufe0f tratamiento no invasivo de la celulitis<\/title>\n<meta name=\"description\" content=\"Carboxiterapia Marruecos: \u2b50 t\u00e9cnica de medicina est\u00e9tica para combatir la celulitis, la flacidez y los dep\u00f3sitos grasos localizados.\" \/>\n<meta name=\"robots\" content=\"index, follow, max-snippet:-1, max-image-preview:large, max-video-preview:-1\" \/>\n<link rel=\"canonical\" href=\"https:\/\/www.la-chirurgie-esthetique-maroc.com\/es\/carboxiterapia\/\" \/>\n<meta property=\"og:locale\" content=\"es_ES\" \/>\n<meta property=\"og:type\" content=\"article\" \/>\n<meta property=\"og:title\" content=\"Carboxiterapia Marruecos \u27a1\ufe0f tratamiento no invasivo de la celulitis\" \/>\n<meta property=\"og:description\" content=\"Carboxiterapia Marruecos: \u2b50 t\u00e9cnica de medicina est\u00e9tica para combatir la celulitis, la flacidez y los dep\u00f3sitos grasos localizados.\" \/>\n<meta property=\"og:url\" content=\"https:\/\/www.la-chirurgie-esthetique-maroc.com\/es\/carboxiterapia\/\" \/>\n<meta property=\"og:site_name\" content=\"Chirurgie esthetique Maroc\" \/>\n<meta property=\"article:modified_time\" content=\"2023-05-29T10:00:32+00:00\" \/>\n<meta property=\"og:image\" content=\"https:\/\/www.la-chirurgie-esthetique-maroc.com\/wp-content\/uploads\/2022\/01\/header_medecin_-esthetique.webp\" \/>\n\t<meta property=\"og:image:width\" content=\"552\" \/>\n\t<meta property=\"og:image:height\" content=\"612\" \/>\n\t<meta property=\"og:image:type\" content=\"image\/webp\" \/>\n<meta name=\"twitter:card\" content=\"summary_large_image\" \/>\n<meta name=\"twitter:label1\" content=\"Tiempo de lectura\" \/>\n\t<meta name=\"twitter:data1\" content=\"5 minutos\" \/>\n<!-- \/ Yoast SEO plugin. -->","yoast_head_json":{"title":"Carboxiterapia Marruecos \u27a1\ufe0f tratamiento no invasivo de la celulitis","description":"Carboxiterapia Marruecos: \u2b50 t\u00e9cnica de medicina est\u00e9tica para combatir la celulitis, la flacidez y los dep\u00f3sitos grasos localizados.","robots":{"index":"index","follow":"follow","max-snippet":"max-snippet:-1","max-image-preview":"max-image-preview:large","max-video-preview":"max-video-preview:-1"},"canonical":"https:\/\/www.la-chirurgie-esthetique-maroc.com\/es\/carboxiterapia\/","og_locale":"es_ES","og_type":"article","og_title":"Carboxiterapia Marruecos \u27a1\ufe0f tratamiento no invasivo de la celulitis","og_description":"Carboxiterapia Marruecos: \u2b50 t\u00e9cnica de medicina est\u00e9tica para combatir la celulitis, la flacidez y los dep\u00f3sitos grasos localizados.","og_url":"https:\/\/www.la-chirurgie-esthetique-maroc.com\/es\/carboxiterapia\/","og_site_name":"Chirurgie esthetique Maroc","article_modified_time":"2023-05-29T10:00:32+00:00","og_image":[{"width":552,"height":612,"url":"https:\/\/www.la-chirurgie-esthetique-maroc.com\/wp-content\/uploads\/2022\/01\/header_medecin_-esthetique.webp","type":"image\/webp"}],"twitter_card":"summary_large_image","twitter_misc":{"Tiempo de lectura":"5 minutos"},"schema":{"@context":"https:\/\/schema.org","@graph":[{"@type":"WebPage","@id":"https:\/\/www.la-chirurgie-esthetique-maroc.com\/es\/carboxiterapia\/","url":"https:\/\/www.la-chirurgie-esthetique-maroc.com\/es\/carboxiterapia\/","name":"Carboxiterapia Marruecos \u27a1\ufe0f tratamiento no invasivo de la celulitis","isPartOf":{"@id":"https:\/\/www.la-chirurgie-esthetique-maroc.com\/es\/#website"},"primaryImageOfPage":{"@id":"https:\/\/www.la-chirurgie-esthetique-maroc.com\/es\/carboxiterapia\/#primaryimage"},"image":{"@id":"https:\/\/www.la-chirurgie-esthetique-maroc.com\/es\/carboxiterapia\/#primaryimage"},"thumbnailUrl":"https:\/\/www.la-chirurgie-esthetique-maroc.com\/wp-content\/uploads\/2022\/01\/header_medecin_-esthetique.webp","datePublished":"2021-09-27T14:03:39+00:00","dateModified":"2023-05-29T10:00:32+00:00","description":"Carboxiterapia Marruecos: \u2b50 t\u00e9cnica de medicina est\u00e9tica para combatir la celulitis, la flacidez y los dep\u00f3sitos grasos localizados.","breadcrumb":{"@id":"https:\/\/www.la-chirurgie-esthetique-maroc.com\/es\/carboxiterapia\/#breadcrumb"},"inLanguage":"es","potentialAction":[{"@type":"ReadAction","target":["https:\/\/www.la-chirurgie-esthetique-maroc.com\/es\/carboxiterapia\/"]}]},{"@type":"ImageObject","inLanguage":"es","@id":"https:\/\/www.la-chirurgie-esthetique-maroc.com\/es\/carboxiterapia\/#primaryimage","url":"https:\/\/www.la-chirurgie-esthetique-maroc.com\/wp-content\/uploads\/2022\/01\/header_medecin_-esthetique.webp","contentUrl":"https:\/\/www.la-chirurgie-esthetique-maroc.com\/wp-content\/uploads\/2022\/01\/header_medecin_-esthetique.webp","width":552,"height":612},{"@type":"BreadcrumbList","@id":"https:\/\/www.la-chirurgie-esthetique-maroc.com\/es\/carboxiterapia\/#breadcrumb","itemListElement":[{"@type":"ListItem","position":1,"name":"Accueil","item":"https:\/\/www.la-chirurgie-esthetique-maroc.com\/es\/"},{"@type":"ListItem","position":2,"name":"Carboxiterapia Marruecos para eliminar la celulitis"}]},{"@type":"WebSite","@id":"https:\/\/www.la-chirurgie-esthetique-maroc.com\/es\/#website","url":"https:\/\/www.la-chirurgie-esthetique-maroc.com\/es\/","name":"Chirurgie esthetique Maroc","description":"","publisher":{"@id":"https:\/\/www.la-chirurgie-esthetique-maroc.com\/es\/#organization"},"potentialAction":[{"@type":"SearchAction","target":{"@type":"EntryPoint","urlTemplate":"https:\/\/www.la-chirurgie-esthetique-maroc.com\/es\/?s={search_term_string}"},"query-input":{"@type":"PropertyValueSpecification","valueRequired":true,"valueName":"search_term_string"}}],"inLanguage":"es"},{"@type":"Organization","@id":"https:\/\/www.la-chirurgie-esthetique-maroc.com\/es\/#organization","name":"Chirurgie esthetique Maroc","url":"https:\/\/www.la-chirurgie-esthetique-maroc.com\/es\/","logo":{"@type":"ImageObject","inLanguage":"es","@id":"https:\/\/www.la-chirurgie-esthetique-maroc.com\/es\/#\/schema\/logo\/image\/","url":"https:\/\/www.la-chirurgie-esthetique-maroc.com\/wp-content\/uploads\/2022\/01\/cem3.png","contentUrl":"https:\/\/www.la-chirurgie-esthetique-maroc.com\/wp-content\/uploads\/2022\/01\/cem3.png","width":125,"height":41,"caption":"Chirurgie esthetique Maroc"},"image":{"@id":"https:\/\/www.la-chirurgie-esthetique-maroc.com\/es\/#\/schema\/logo\/image\/"}}]}},"_links":{"self":[{"href":"https:\/\/www.la-chirurgie-esthetique-maroc.com\/es\/wp-json\/wp\/v2\/pages\/6844","targetHints":{"allow":["GET"]}}],"collection":[{"href":"https:\/\/www.la-chirurgie-esthetique-maroc.com\/es\/wp-json\/wp\/v2\/pages"}],"about":[{"href":"https:\/\/www.la-chirurgie-esthetique-maroc.com\/es\/wp-json\/wp\/v2\/types\/page"}],"author":[{"embeddable":true,"href":"https:\/\/www.la-chirurgie-esthetique-maroc.com\/es\/wp-json\/wp\/v2\/users\/2"}],"replies":[{"embeddable":true,"href":"https:\/\/www.la-chirurgie-esthetique-maroc.com\/es\/wp-json\/wp\/v2\/comments?post=6844"}],"version-history":[{"count":7,"href":"https:\/\/www.la-chirurgie-esthetique-maroc.com\/es\/wp-json\/wp\/v2\/pages\/6844\/revisions"}],"predecessor-version":[{"id":7994,"href":"https:\/\/www.la-chirurgie-esthetique-maroc.com\/es\/wp-json\/wp\/v2\/pages\/6844\/revisions\/7994"}],"wp:featuredmedia":[{"embeddable":true,"href":"https:\/\/www.la-chirurgie-esthetique-maroc.com\/es\/wp-json\/wp\/v2\/media\/6437"}],"wp:attachment":[{"href":"https:\/\/www.la-chirurgie-esthetique-maroc.com\/es\/wp-json\/wp\/v2\/media?parent=6844"}],"curies":[{"name":"wp","href":"https:\/\/api.w.org\/{rel}","templated":true}]}}