{"id":6848,"date":"2017-10-13T14:26:21","date_gmt":"2017-10-13T12:26:21","guid":{"rendered":"https:\/\/www.la-chirurgie-esthetique-maroc.com\/rinoplastia-medica-marruecos-correccion-de-nariz-sin-cirugia\/"},"modified":"2024-02-22T13:46:33","modified_gmt":"2024-02-22T12:46:33","slug":"rinoplastia-medica","status":"publish","type":"page","link":"https:\/\/www.la-chirurgie-esthetique-maroc.com\/es\/rinoplastia-medica\/","title":{"rendered":"Rinoplastia m\u00e9dica Marruecos : correcci\u00f3n de nariz sin cirug\u00eda"},"content":{"rendered":"\t\t<div data-elementor-type=\"wp-page\" data-elementor-id=\"6848\" class=\"elementor elementor-6848 elementor-1112\">\n\t\t\t\t\t\t<section class=\"elementor-section elementor-top-section elementor-element elementor-element-a01f3ec elementor-section-boxed elementor-section-height-default elementor-section-height-default\" data-id=\"a01f3ec\" data-element_type=\"section\">\n\t\t\t\t\t\t<div class=\"elementor-container elementor-column-gap-default\">\n\t\t\t\t\t<div class=\"elementor-column elementor-col-100 elementor-top-column elementor-element elementor-element-f10ec77 align_content_center\" data-id=\"f10ec77\" data-element_type=\"column\">\n\t\t\t<div class=\"elementor-widget-wrap elementor-element-populated\">\n\t\t\t\t\t\t<div class=\"elementor-element elementor-element-e4ae81c elementor-widget elementor-widget-text-editor\" data-id=\"e4ae81c\" data-element_type=\"widget\" data-widget_type=\"text-editor.default\">\n\t\t\t\t<div class=\"elementor-widget-container\">\n\t\t\t\t\t\t\tUna alternativa indolora y eficaz a los inconvenientes de la cirug\u00eda de nariz. Se utiliza un compuesto inyectable para corregir las imperfecciones de la nariz y los resultados son inmediatos. Se acabaron los largos periodos de convalecencia, los hematomas y la hinchaz\u00f3n, la <strong>rinoplastia m\u00e9dica en <\/strong>Marruecos es la soluci\u00f3n &#8220;milagrosa&#8221;.\n\t\t\t\t\t\t<\/div>\n\t\t\t\t<\/div>\n\t\t\t\t\t<\/div>\n\t\t<\/div>\n\t\t\t\t\t<\/div>\n\t\t<\/section>\n\t\t\t\t<section class=\"elementor-section elementor-top-section elementor-element elementor-element-820ec75 elementor-section-boxed elementor-section-height-default elementor-section-height-default\" data-id=\"820ec75\" data-element_type=\"section\">\n\t\t\t\t\t\t<div class=\"elementor-container elementor-column-gap-default\">\n\t\t\t\t\t<div class=\"elementor-column elementor-col-66 elementor-top-column elementor-element elementor-element-670a8ed\" data-id=\"670a8ed\" data-element_type=\"column\">\n\t\t\t<div class=\"elementor-widget-wrap elementor-element-populated\">\n\t\t\t\t\t\t<div class=\"elementor-element elementor-element-6e082f1 elementor-widget elementor-widget-text-editor\" data-id=\"6e082f1\" data-element_type=\"widget\" data-widget_type=\"text-editor.default\">\n\t\t\t\t<div class=\"elementor-widget-container\">\n\t\t\t\t\t\t\t<h2>Presupuesto expr\u00e9s gratuito<\/h2>\n<style>\r\n.align_center {\r\n    display: block;\r\n    text-align: center;\r\n    padding: 30px 0px;\r\n}\r\n<\/style>\r\n\r\n<div>\r\n\t<h2 class=\"align_center\">Presupuesto r\u00e1pido gratuito<\/h2>\r\n<iframe src=\"https:\/\/app.metocrm.com\/web-forms\/e1cab5bd-ef56-4a37-aa71-4857d931f368\"  height=\"800px\" width=\"100%\"  frameborder=\"0\" style=\"border-radius: 10px;\"><\/iframe>\r\n\r\n<\/div>\t\t\t\t\t\t<\/div>\n\t\t\t\t<\/div>\n\t\t\t\t\t<\/div>\n\t\t<\/div>\n\t\t\t\t<div class=\"elementor-column elementor-col-33 elementor-top-column elementor-element elementor-element-068d461\" data-id=\"068d461\" data-element_type=\"column\">\n\t\t\t<div class=\"elementor-widget-wrap elementor-element-populated\">\n\t\t\t\t\t\t<div class=\"elementor-element elementor-element-483d504 elementor-widget elementor-widget-image\" data-id=\"483d504\" data-element_type=\"widget\" data-widget_type=\"image.default\">\n\t\t\t\t<div class=\"elementor-widget-container\">\n\t\t\t\t\t\t\t\t\t\t\t\t\t<img fetchpriority=\"high\" decoding=\"async\" width=\"508\" height=\"554\" src=\"https:\/\/www.la-chirurgie-esthetique-maroc.com\/wp-content\/uploads\/2022\/01\/la-chirurgie-esthetique-maroc_devis-1.webp\" class=\"attachment-large size-large wp-image-6422\" alt=\"\" srcset=\"https:\/\/www.la-chirurgie-esthetique-maroc.com\/wp-content\/uploads\/2022\/01\/la-chirurgie-esthetique-maroc_devis-1.webp 508w, https:\/\/www.la-chirurgie-esthetique-maroc.com\/wp-content\/uploads\/2022\/01\/la-chirurgie-esthetique-maroc_devis-1-275x300.webp 275w\" sizes=\"(max-width: 508px) 100vw, 508px\" \/>\t\t\t\t\t\t\t\t\t\t\t\t\t<\/div>\n\t\t\t\t<\/div>\n\t\t\t\t\t<\/div>\n\t\t<\/div>\n\t\t\t\t\t<\/div>\n\t\t<\/section>\n\t\t\t\t<section class=\"elementor-section elementor-top-section elementor-element elementor-element-8df298e bg-color forme_1  elementor-section-boxed elementor-section-height-default elementor-section-height-default\" data-id=\"8df298e\" data-element_type=\"section\">\n\t\t\t\t\t\t<div class=\"elementor-container elementor-column-gap-default\">\n\t\t\t\t\t<div class=\"elementor-column elementor-col-100 elementor-top-column elementor-element elementor-element-2d617bf\" data-id=\"2d617bf\" data-element_type=\"column\">\n\t\t\t<div class=\"elementor-widget-wrap elementor-element-populated\">\n\t\t\t\t\t\t<div class=\"elementor-element elementor-element-c5f7150 elementor-widget elementor-widget-text-editor\" data-id=\"c5f7150\" data-element_type=\"widget\" data-widget_type=\"text-editor.default\">\n\t\t\t\t<div class=\"elementor-widget-container\">\n\t\t\t\t\t\t\t<h2>Rinoplastia m\u00e9dica precio Marruecos<\/h2>\nSi est\u00e1 buscando el precio de la rinoplastia <strong>m\u00e9dica en Marruecos<\/strong>, nuestra cl\u00ednica le ofrece un presupuesto gratuito y personalizado con toda la informaci\u00f3n sobre la rinoplastia m\u00e9dica para comparar precios en Marruecos. Para precios en dinares, tambi\u00e9n debe solicitar un presupuesto. Estamos a su disposici\u00f3n para m\u00e1s detalles sobre su procedimiento en nuestra cl\u00ednica.\t\t\t\t\t\t<\/div>\n\t\t\t\t<\/div>\n\t\t\t\t<div class=\"elementor-element elementor-element-5f150a3 center elementor-widget elementor-widget-html\" data-id=\"5f150a3\" data-element_type=\"widget\" data-widget_type=\"html.default\">\n\t\t\t\t<div class=\"elementor-widget-container\">\n\t\t\t<div class=\"btn_devis\"><a href=\"https:\/\/www.la-chirurgie-esthetique-maroc.com\/es\/cita\/\"><span>Presupuesto gratuito para comparar precios de rinoplastia m\u00e9dica en Marruecos<\/span><\/a><\/div>\t\t<\/div>\n\t\t\t\t<\/div>\n\t\t\t\t<section class=\"elementor-section elementor-inner-section elementor-element elementor-element-c9a61ad elementor-section-boxed elementor-section-height-default elementor-section-height-default\" data-id=\"c9a61ad\" data-element_type=\"section\">\n\t\t\t\t\t\t<div class=\"elementor-container elementor-column-gap-default\">\n\t\t\t\t\t<div class=\"elementor-column elementor-col-100 elementor-inner-column elementor-element elementor-element-8423f2a\" data-id=\"8423f2a\" data-element_type=\"column\">\n\t\t\t<div class=\"elementor-widget-wrap elementor-element-populated\">\n\t\t\t\t\t\t<div class=\"elementor-element elementor-element-c7216a0 elementor-widget elementor-widget-text-editor\" data-id=\"c7216a0\" data-element_type=\"widget\" data-widget_type=\"text-editor.default\">\n\t\t\t\t<div class=\"elementor-widget-container\">\n\t\t\t\t\t\t\t<h2>\u00bfCu\u00e1l es el procedimiento de una rinoplastia m\u00e9dica en Marruecos?<\/h2>\nSe realiza un examen cl\u00ednico para establecer los objetivos postoperatorios. El objetivo de este examen (realizado en la consulta) es :\n<ul class=\"liste-page\">\n \t<li>Identificar el tipo de piel; en relaci\u00f3n directa con ;<\/li>\n \t<li>El tipo y la cantidad de compuesto que se va a inyectar<\/li>\n \t<li>Posibles contraindicaciones<\/li>\n<\/ul>\t\t\t\t\t\t<\/div>\n\t\t\t\t<\/div>\n\t\t\t\t\t<\/div>\n\t\t<\/div>\n\t\t\t\t\t<\/div>\n\t\t<\/section>\n\t\t\t\t<div class=\"elementor-element elementor-element-dd75021 elementor-widget elementor-widget-text-editor\" data-id=\"dd75021\" data-element_type=\"widget\" data-widget_type=\"text-editor.default\">\n\t\t\t\t<div class=\"elementor-widget-container\">\n\t\t\t\t\t\t\tAunque la <strong>rinoplastia m\u00e9dica<\/strong> es eficaz al instante, no puede satisfacer a todo el mundo. En efecto, la rinoplastia m\u00e9dica en Marruecos se prescribe para los peque\u00f1os defectos relacionados con una falta de volumen, lo m\u00e1s a menudo una protuberancia, un hueco. Los casos que requieren resecci\u00f3n de piel o cart\u00edlago no pueden corregirse mediante rinoplastia m\u00e9dica. De ah\u00ed la importancia del examen preoperatorio.\n\n\t\t\t\t\t\t<\/div>\n\t\t\t\t<\/div>\n\t\t\t\t<div class=\"elementor-element elementor-element-afe5e29 elementor-widget elementor-widget-text-editor\" data-id=\"afe5e29\" data-element_type=\"widget\" data-widget_type=\"text-editor.default\">\n\t\t\t\t<div class=\"elementor-widget-container\">\n\t\t\t\t\t\t\tDurante la intervenci\u00f3n, el m\u00e9dico inyecta con una aguja fina un relleno d\u00e9rmico para remodelar la nariz. La operaci\u00f3n es pr\u00e1cticamente indolora y dura entre quince y treinta minutos. En muchos casos, el relleno inyectado es \u00e1cido hialur\u00f3nico. El \u00e1cido hialur\u00f3nico es el producto l\u00edder en medicina est\u00e9tica y es el producto de elecci\u00f3n para este tipo de correcci\u00f3n.\n\n\t\t\t\t\t\t<\/div>\n\t\t\t\t<\/div>\n\t\t\t\t<div class=\"elementor-element elementor-element-83d137c elementor-widget elementor-widget-text-editor\" data-id=\"83d137c\" data-element_type=\"widget\" data-widget_type=\"text-editor.default\">\n\t\t\t\t<div class=\"elementor-widget-container\">\n\t\t\t\t\t\t\t<p>Una vez bajo la piel, en contacto con el cart\u00edlago, el AH (\u00e1cido hialur\u00f3nico) se combina con la misma mol\u00e9cula que se encuentra en el metabolismo y ambos retienen agua para dar volumen a la zona deseada. La mol\u00e9cula puede contener cinco veces su propio peso en agua. Por tanto, es f\u00e1cil entender c\u00f3mo funciona el proceso. Para optimizar el resultado y fijar mejor el compuesto, el profesional masajea la zona. La operaci\u00f3n es indolora, ya que la inyecci\u00f3n de \u00e1cido hialur\u00f3nico no es intrad\u00e9rmica. No obstante, puede aplicarse una pomada anest\u00e9sica, casi siempre lidoca\u00edna, para evitar posibles dolores.<\/p>\n\t\t\t\t\t\t<\/div>\n\t\t\t\t<\/div>\n\t\t\t\t\t<\/div>\n\t\t<\/div>\n\t\t\t\t\t<\/div>\n\t\t<\/section>\n\t\t\t\t<section class=\"elementor-section elementor-top-section elementor-element elementor-element-ba6f746 elementor-section-boxed elementor-section-height-default elementor-section-height-default\" data-id=\"ba6f746\" data-element_type=\"section\">\n\t\t\t\t\t\t<div class=\"elementor-container elementor-column-gap-default\">\n\t\t\t\t\t<div class=\"elementor-column elementor-col-100 elementor-top-column elementor-element elementor-element-e8ec006\" data-id=\"e8ec006\" data-element_type=\"column\">\n\t\t\t<div class=\"elementor-widget-wrap elementor-element-populated\">\n\t\t\t\t\t\t<div class=\"elementor-element elementor-element-c06e671 elementor-widget elementor-widget-text-editor\" data-id=\"c06e671\" data-element_type=\"widget\" data-widget_type=\"text-editor.default\">\n\t\t\t\t<div class=\"elementor-widget-container\">\n\t\t\t\t\t\t\t<h2>\u00bfPor qu\u00e9 someterse a una rinoplastia m\u00e9dica?<\/h2>\nLa <strong>rinoplastia m\u00e9dica en Marruecos <\/strong>se realiza para :\n<ul class=\"liste-page\">\n \t<li>Volver a montar una punta que cae, aumentando as\u00ed la proyecci\u00f3n<\/li>\n \t<li>Bajar una punta demasiado alta<\/li>\n \t<li>Relleno de un hueco en el dorso<\/li>\n \t<li>Ocultar una protuberancia no excesiva<\/li>\n<\/ul>\t\t\t\t\t\t<\/div>\n\t\t\t\t<\/div>\n\t\t\t\t<div class=\"elementor-element elementor-element-56683bd elementor-widget elementor-widget-text-editor\" data-id=\"56683bd\" data-element_type=\"widget\" data-widget_type=\"text-editor.default\">\n\t\t\t\t<div class=\"elementor-widget-container\">\n\t\t\t\t\t\t\t<p>El \u00e1cido hialur\u00f3nico inyectado permite remodelar la nariz y afinar sus rasgos. La misma t\u00e9cnica puede utilizarse para mejorar los resultados de<a href=\"http:\/\/www.la-chirurgie-esthetique-maroc.com\/es\/rinoplastia\/\">una rinoplastia quir\u00fargica<\/a> insatisfactoria y, por tanto, como rinoplastia m\u00e9dica secundaria (en referencia a un procedimiento primario).<\/p>\t\t\t\t\t\t<\/div>\n\t\t\t\t<\/div>\n\t\t\t\t<div class=\"elementor-element elementor-element-57336de elementor-widget elementor-widget-text-editor\" data-id=\"57336de\" data-element_type=\"widget\" data-widget_type=\"text-editor.default\">\n\t\t\t\t<div class=\"elementor-widget-container\">\n\t\t\t\t\t\t\t<p>El coste de una rinoplastia m\u00e9dica es un factor alentador en comparaci\u00f3n con Marruecos. De hecho, esta operaci\u00f3n no es muy cara en comparaci\u00f3n con las tarifas aplicadas en el viejo continente. Solicite su presupuesto gratuito para obtener toda la informaci\u00f3n sobre la estancia m\u00e9dica con todo incluido.<\/p>\n\t\t\t\t\t\t<\/div>\n\t\t\t\t<\/div>\n\t\t\t\t\t<\/div>\n\t\t<\/div>\n\t\t\t\t\t<\/div>\n\t\t<\/section>\n\t\t\t\t<section class=\"elementor-section elementor-top-section elementor-element elementor-element-5531b08c elementor-section-boxed elementor-section-height-default elementor-section-height-default\" data-id=\"5531b08c\" data-element_type=\"section\">\n\t\t\t\t\t\t<div class=\"elementor-container elementor-column-gap-default\">\n\t\t\t\t\t<div class=\"elementor-column elementor-col-100 elementor-top-column elementor-element elementor-element-6149cb24\" data-id=\"6149cb24\" data-element_type=\"column\">\n\t\t\t<div class=\"elementor-widget-wrap elementor-element-populated\">\n\t\t\t\t\t\t<div class=\"elementor-element elementor-element-19eef97a elementor-widget elementor-widget-text-editor\" data-id=\"19eef97a\" data-element_type=\"widget\" data-widget_type=\"text-editor.default\">\n\t\t\t\t<div class=\"elementor-widget-container\">\n\t\t\t\t\t\t\t\n<h2>Efectos de la rinoplastia m\u00e9dica<\/h2>\nLos efectos son visibles al instante. Pero el resultado final puede tardar diez d\u00edas en materializarse, que es el tiempo que tarda el \u00e1cido en asentarse. Estos resultados durar\u00e1n entre seis meses (duraci\u00f3n m\u00ednima) y dieciocho meses (duraci\u00f3n m\u00e1xima), dependiendo de la calidad del inyectable. A continuaci\u00f3n, el metabolismo reabsorbe el \u00e1cido hialur\u00f3nico.\t\t\t\t\t\t<\/div>\n\t\t\t\t<\/div>\n\t\t\t\t\t<\/div>\n\t\t<\/div>\n\t\t\t\t\t<\/div>\n\t\t<\/section>\n\t\t\t\t<section class=\"elementor-section elementor-top-section elementor-element elementor-element-ce1840a center elementor-section-boxed elementor-section-height-default elementor-section-height-default\" data-id=\"ce1840a\" data-element_type=\"section\">\n\t\t\t\t\t\t<div class=\"elementor-container elementor-column-gap-default\">\n\t\t\t\t\t<div class=\"elementor-column elementor-col-100 elementor-top-column elementor-element elementor-element-d21f9d7\" data-id=\"d21f9d7\" data-element_type=\"column\">\n\t\t\t<div class=\"elementor-widget-wrap elementor-element-populated\">\n\t\t\t\t\t\t<div class=\"elementor-element elementor-element-72d4fad elementor-widget elementor-widget-html\" data-id=\"72d4fad\" data-element_type=\"widget\" data-widget_type=\"html.default\">\n\t\t\t\t<div class=\"elementor-widget-container\">\n\t\t\t<div class=\"btn_devis btn_intern\"><a href=\"https:\/\/www.la-chirurgie-esthetique-maroc.com\/es\/cita\/\"><span>Presupuesto gratuito<\/span><\/a><\/div>\t\t<\/div>\n\t\t\t\t<\/div>\n\t\t\t\t\t<\/div>\n\t\t<\/div>\n\t\t\t\t\t<\/div>\n\t\t<\/section>\n\t\t\t\t<\/div>\n\t\t","protected":false},"excerpt":{"rendered":"<p>Una alternativa indolora y eficaz a los inconvenientes de la cirug\u00eda de nariz. Se utiliza un compuesto inyectable para corregir las imperfecciones de la nariz y los resultados son inmediatos. Se acabaron los largos periodos de convalecencia, los hematomas y la hinchaz\u00f3n, la rinoplastia m\u00e9dica en Marruecos es la soluci\u00f3n &#8220;milagrosa&#8221;. Presupuesto expr\u00e9s gratuito Rinoplastia [&hellip;]<\/p>\n","protected":false},"author":2,"featured_media":6437,"parent":0,"menu_order":0,"comment_status":"closed","ping_status":"closed","template":"","meta":{"footnotes":""},"class_list":["post-6848","page","type-page","status-publish","has-post-thumbnail","hentry"],"yoast_head":"<!-- This site is optimized with the Yoast SEO plugin v27.5 - https:\/\/yoast.com\/product\/yoast-seo-wordpress\/ -->\n<title>Rinoplastia m\u00e9dica Marruecos \u27a1\ufe0f remodelar la nariz sin cirug\u00eda<\/title>\n<meta name=\"description\" content=\"Rinoplastia m\u00e9dica Marruecos: \u2705 corregir la nariz sin cirug\u00eda inyectando \u00e1cido hialur\u00f3nico con un efecto inmediato. \u2b50 Solicite su presupuesto gratuito.\" \/>\n<meta name=\"robots\" content=\"index, follow, max-snippet:-1, max-image-preview:large, max-video-preview:-1\" \/>\n<link rel=\"canonical\" href=\"https:\/\/www.la-chirurgie-esthetique-maroc.com\/es\/rinoplastia-medica\/\" \/>\n<meta property=\"og:locale\" content=\"es_ES\" \/>\n<meta property=\"og:type\" content=\"article\" \/>\n<meta property=\"og:title\" content=\"Rinoplastia m\u00e9dica Marruecos \u27a1\ufe0f remodelar la nariz sin cirug\u00eda\" \/>\n<meta property=\"og:description\" content=\"Rinoplastia m\u00e9dica Marruecos: \u2705 corregir la nariz sin cirug\u00eda inyectando \u00e1cido hialur\u00f3nico con un efecto inmediato. \u2b50 Solicite su presupuesto gratuito.\" \/>\n<meta property=\"og:url\" content=\"https:\/\/www.la-chirurgie-esthetique-maroc.com\/es\/rinoplastia-medica\/\" \/>\n<meta property=\"og:site_name\" content=\"Chirurgie esthetique Maroc\" \/>\n<meta property=\"article:modified_time\" content=\"2024-02-22T12:46:33+00:00\" \/>\n<meta property=\"og:image\" content=\"https:\/\/www.la-chirurgie-esthetique-maroc.com\/wp-content\/uploads\/2022\/01\/header_medecin_-esthetique.webp\" \/>\n\t<meta property=\"og:image:width\" content=\"552\" \/>\n\t<meta property=\"og:image:height\" content=\"612\" \/>\n\t<meta property=\"og:image:type\" content=\"image\/webp\" \/>\n<meta name=\"twitter:card\" content=\"summary_large_image\" \/>\n<meta name=\"twitter:label1\" content=\"Tiempo de lectura\" \/>\n\t<meta name=\"twitter:data1\" content=\"3 minutos\" \/>\n<!-- \/ Yoast SEO plugin. -->","yoast_head_json":{"title":"Rinoplastia m\u00e9dica Marruecos \u27a1\ufe0f remodelar la nariz sin cirug\u00eda","description":"Rinoplastia m\u00e9dica Marruecos: \u2705 corregir la nariz sin cirug\u00eda inyectando \u00e1cido hialur\u00f3nico con un efecto inmediato. \u2b50 Solicite su presupuesto gratuito.","robots":{"index":"index","follow":"follow","max-snippet":"max-snippet:-1","max-image-preview":"max-image-preview:large","max-video-preview":"max-video-preview:-1"},"canonical":"https:\/\/www.la-chirurgie-esthetique-maroc.com\/es\/rinoplastia-medica\/","og_locale":"es_ES","og_type":"article","og_title":"Rinoplastia m\u00e9dica Marruecos \u27a1\ufe0f remodelar la nariz sin cirug\u00eda","og_description":"Rinoplastia m\u00e9dica Marruecos: \u2705 corregir la nariz sin cirug\u00eda inyectando \u00e1cido hialur\u00f3nico con un efecto inmediato. \u2b50 Solicite su presupuesto gratuito.","og_url":"https:\/\/www.la-chirurgie-esthetique-maroc.com\/es\/rinoplastia-medica\/","og_site_name":"Chirurgie esthetique Maroc","article_modified_time":"2024-02-22T12:46:33+00:00","og_image":[{"width":552,"height":612,"url":"https:\/\/www.la-chirurgie-esthetique-maroc.com\/wp-content\/uploads\/2022\/01\/header_medecin_-esthetique.webp","type":"image\/webp"}],"twitter_card":"summary_large_image","twitter_misc":{"Tiempo de lectura":"3 minutos"},"schema":{"@context":"https:\/\/schema.org","@graph":[{"@type":"WebPage","@id":"https:\/\/www.la-chirurgie-esthetique-maroc.com\/es\/rinoplastia-medica\/","url":"https:\/\/www.la-chirurgie-esthetique-maroc.com\/es\/rinoplastia-medica\/","name":"Rinoplastia m\u00e9dica Marruecos \u27a1\ufe0f remodelar la nariz sin cirug\u00eda","isPartOf":{"@id":"https:\/\/www.la-chirurgie-esthetique-maroc.com\/es\/#website"},"primaryImageOfPage":{"@id":"https:\/\/www.la-chirurgie-esthetique-maroc.com\/es\/rinoplastia-medica\/#primaryimage"},"image":{"@id":"https:\/\/www.la-chirurgie-esthetique-maroc.com\/es\/rinoplastia-medica\/#primaryimage"},"thumbnailUrl":"https:\/\/www.la-chirurgie-esthetique-maroc.com\/wp-content\/uploads\/2022\/01\/header_medecin_-esthetique.webp","datePublished":"2017-10-13T12:26:21+00:00","dateModified":"2024-02-22T12:46:33+00:00","description":"Rinoplastia m\u00e9dica Marruecos: \u2705 corregir la nariz sin cirug\u00eda inyectando \u00e1cido hialur\u00f3nico con un efecto inmediato. \u2b50 Solicite su presupuesto gratuito.","breadcrumb":{"@id":"https:\/\/www.la-chirurgie-esthetique-maroc.com\/es\/rinoplastia-medica\/#breadcrumb"},"inLanguage":"es","potentialAction":[{"@type":"ReadAction","target":["https:\/\/www.la-chirurgie-esthetique-maroc.com\/es\/rinoplastia-medica\/"]}]},{"@type":"ImageObject","inLanguage":"es","@id":"https:\/\/www.la-chirurgie-esthetique-maroc.com\/es\/rinoplastia-medica\/#primaryimage","url":"https:\/\/www.la-chirurgie-esthetique-maroc.com\/wp-content\/uploads\/2022\/01\/header_medecin_-esthetique.webp","contentUrl":"https:\/\/www.la-chirurgie-esthetique-maroc.com\/wp-content\/uploads\/2022\/01\/header_medecin_-esthetique.webp","width":552,"height":612},{"@type":"BreadcrumbList","@id":"https:\/\/www.la-chirurgie-esthetique-maroc.com\/es\/rinoplastia-medica\/#breadcrumb","itemListElement":[{"@type":"ListItem","position":1,"name":"Accueil","item":"https:\/\/www.la-chirurgie-esthetique-maroc.com\/es\/"},{"@type":"ListItem","position":2,"name":"Rinoplastia m\u00e9dica Marruecos : correcci\u00f3n de nariz sin cirug\u00eda"}]},{"@type":"WebSite","@id":"https:\/\/www.la-chirurgie-esthetique-maroc.com\/es\/#website","url":"https:\/\/www.la-chirurgie-esthetique-maroc.com\/es\/","name":"Chirurgie esthetique Maroc","description":"","publisher":{"@id":"https:\/\/www.la-chirurgie-esthetique-maroc.com\/es\/#organization"},"potentialAction":[{"@type":"SearchAction","target":{"@type":"EntryPoint","urlTemplate":"https:\/\/www.la-chirurgie-esthetique-maroc.com\/es\/?s={search_term_string}"},"query-input":{"@type":"PropertyValueSpecification","valueRequired":true,"valueName":"search_term_string"}}],"inLanguage":"es"},{"@type":"Organization","@id":"https:\/\/www.la-chirurgie-esthetique-maroc.com\/es\/#organization","name":"Chirurgie esthetique Maroc","url":"https:\/\/www.la-chirurgie-esthetique-maroc.com\/es\/","logo":{"@type":"ImageObject","inLanguage":"es","@id":"https:\/\/www.la-chirurgie-esthetique-maroc.com\/es\/#\/schema\/logo\/image\/","url":"https:\/\/www.la-chirurgie-esthetique-maroc.com\/wp-content\/uploads\/2022\/01\/cem3.png","contentUrl":"https:\/\/www.la-chirurgie-esthetique-maroc.com\/wp-content\/uploads\/2022\/01\/cem3.png","width":125,"height":41,"caption":"Chirurgie esthetique Maroc"},"image":{"@id":"https:\/\/www.la-chirurgie-esthetique-maroc.com\/es\/#\/schema\/logo\/image\/"}}]}},"_links":{"self":[{"href":"https:\/\/www.la-chirurgie-esthetique-maroc.com\/es\/wp-json\/wp\/v2\/pages\/6848","targetHints":{"allow":["GET"]}}],"collection":[{"href":"https:\/\/www.la-chirurgie-esthetique-maroc.com\/es\/wp-json\/wp\/v2\/pages"}],"about":[{"href":"https:\/\/www.la-chirurgie-esthetique-maroc.com\/es\/wp-json\/wp\/v2\/types\/page"}],"author":[{"embeddable":true,"href":"https:\/\/www.la-chirurgie-esthetique-maroc.com\/es\/wp-json\/wp\/v2\/users\/2"}],"replies":[{"embeddable":true,"href":"https:\/\/www.la-chirurgie-esthetique-maroc.com\/es\/wp-json\/wp\/v2\/comments?post=6848"}],"version-history":[{"count":13,"href":"https:\/\/www.la-chirurgie-esthetique-maroc.com\/es\/wp-json\/wp\/v2\/pages\/6848\/revisions"}],"predecessor-version":[{"id":8464,"href":"https:\/\/www.la-chirurgie-esthetique-maroc.com\/es\/wp-json\/wp\/v2\/pages\/6848\/revisions\/8464"}],"wp:featuredmedia":[{"embeddable":true,"href":"https:\/\/www.la-chirurgie-esthetique-maroc.com\/es\/wp-json\/wp\/v2\/media\/6437"}],"wp:attachment":[{"href":"https:\/\/www.la-chirurgie-esthetique-maroc.com\/es\/wp-json\/wp\/v2\/media?parent=6848"}],"curies":[{"name":"wp","href":"https:\/\/api.w.org\/{rel}","templated":true}]}}