{"id":6852,"date":"2017-10-19T16:33:25","date_gmt":"2017-10-19T14:33:25","guid":{"rendered":"https:\/\/www.la-chirurgie-esthetique-maroc.com\/acido-hialuronico-marruecos-rodillas-nariz-labios-cara-cabello-barbilla\/"},"modified":"2024-02-22T13:47:12","modified_gmt":"2024-02-22T12:47:12","slug":"acido-hialuronico","status":"publish","type":"page","link":"https:\/\/www.la-chirurgie-esthetique-maroc.com\/es\/acido-hialuronico\/","title":{"rendered":"\u00c1cido hialur\u00f3nico Marruecos: rodillas, nariz, labios, cara, cabello, barbilla &#8230;"},"content":{"rendered":"\t\t<div data-elementor-type=\"wp-page\" data-elementor-id=\"6852\" class=\"elementor elementor-6852 elementor-1132\">\n\t\t\t\t\t\t<section class=\"elementor-section elementor-top-section elementor-element elementor-element-4fc82db elementor-section-boxed elementor-section-height-default elementor-section-height-default\" data-id=\"4fc82db\" data-element_type=\"section\">\n\t\t\t\t\t\t<div class=\"elementor-container elementor-column-gap-default\">\n\t\t\t\t\t<div class=\"elementor-column elementor-col-100 elementor-top-column elementor-element elementor-element-b97fe1e\" data-id=\"b97fe1e\" data-element_type=\"column\">\n\t\t\t<div class=\"elementor-widget-wrap elementor-element-populated\">\n\t\t\t\t\t\t<div class=\"elementor-element elementor-element-bfcd801 elementor-widget elementor-widget-text-editor\" data-id=\"bfcd801\" data-element_type=\"widget\" data-widget_type=\"text-editor.default\">\n\t\t\t\t<div class=\"elementor-widget-container\">\n\t\t\t\t\t\t\tEl<strong>\u00e1cido hialur\u00f3nico Marruecos <\/strong>es una sustancia transparente y lubricante segregada naturalmente por el metabolismo. En el cuerpo humano, se encuentra en altas concentraciones en la piel, en el interior de las articulaciones, en el ojo (humor v\u00edtreo) y en otros tejidos. Su funci\u00f3n es retener el agua, m\u00e1s concretamente retener el col\u00e1geno e hidratar las c\u00e9lulas, proporcion\u00e1ndoles la elasticidad necesaria para su funcionamiento.\n\n\t\t\t\t\t\t<\/div>\n\t\t\t\t<\/div>\n\t\t\t\t<div class=\"elementor-element elementor-element-8279bec elementor-widget elementor-widget-text-editor\" data-id=\"8279bec\" data-element_type=\"widget\" data-widget_type=\"text-editor.default\">\n\t\t\t\t<div class=\"elementor-widget-container\">\n\t\t\t\t\t\t\t<p><strong>El \u00e1cido hialur\u00f3nico <\/strong>se puede encontrar hoy en d\u00eda como componente de muchos cosm\u00e9ticos antiedad y antiarrugas o como suplemento nutricional. Los m\u00e9dicos est\u00e9ticos lo prescriben como tratamiento en varias ocasiones en forma de inyecciones. \u00bfCu\u00e1l es la forma m\u00e1s eficaz y para qu\u00e9 sirve este \u00e1cido?<\/p>\n\t\t\t\t\t\t<\/div>\n\t\t\t\t<\/div>\n\t\t\t\t\t<\/div>\n\t\t<\/div>\n\t\t\t\t\t<\/div>\n\t\t<\/section>\n\t\t\t\t<section class=\"elementor-section elementor-top-section elementor-element elementor-element-cac003c elementor-section-boxed elementor-section-height-default elementor-section-height-default\" data-id=\"cac003c\" data-element_type=\"section\">\n\t\t\t\t\t\t<div class=\"elementor-container elementor-column-gap-default\">\n\t\t\t\t\t<div class=\"elementor-column elementor-col-66 elementor-top-column elementor-element elementor-element-0604537\" data-id=\"0604537\" data-element_type=\"column\">\n\t\t\t<div class=\"elementor-widget-wrap elementor-element-populated\">\n\t\t\t\t\t\t<div class=\"elementor-element elementor-element-9e881aa elementor-widget elementor-widget-text-editor\" data-id=\"9e881aa\" data-element_type=\"widget\" data-widget_type=\"text-editor.default\">\n\t\t\t\t<div class=\"elementor-widget-container\">\n\t\t\t\t\t\t\t<h2>Presupuesto expr\u00e9s gratuito<\/h2>\n<style>\r\n.align_center {\r\n    display: block;\r\n    text-align: center;\r\n    padding: 30px 0px;\r\n}\r\n<\/style>\r\n\r\n<div>\r\n\t<h2 class=\"align_center\">Presupuesto r\u00e1pido gratuito<\/h2>\r\n<iframe src=\"https:\/\/app.metocrm.com\/web-forms\/e1cab5bd-ef56-4a37-aa71-4857d931f368\"  height=\"800px\" width=\"100%\"  frameborder=\"0\" style=\"border-radius: 10px;\"><\/iframe>\r\n\r\n<\/div>\t\t\t\t\t\t<\/div>\n\t\t\t\t<\/div>\n\t\t\t\t\t<\/div>\n\t\t<\/div>\n\t\t\t\t<div class=\"elementor-column elementor-col-33 elementor-top-column elementor-element elementor-element-23ac9d7\" data-id=\"23ac9d7\" data-element_type=\"column\">\n\t\t\t<div class=\"elementor-widget-wrap elementor-element-populated\">\n\t\t\t\t\t\t<div class=\"elementor-element elementor-element-9e46ac4 elementor-widget elementor-widget-image\" data-id=\"9e46ac4\" data-element_type=\"widget\" data-widget_type=\"image.default\">\n\t\t\t\t<div class=\"elementor-widget-container\">\n\t\t\t\t\t\t\t\t\t\t\t\t\t<img fetchpriority=\"high\" decoding=\"async\" width=\"508\" height=\"554\" src=\"https:\/\/www.la-chirurgie-esthetique-maroc.com\/wp-content\/uploads\/2022\/01\/la-chirurgie-esthetique-maroc_devis-1.webp\" class=\"attachment-large size-large wp-image-6422\" alt=\"\" srcset=\"https:\/\/www.la-chirurgie-esthetique-maroc.com\/wp-content\/uploads\/2022\/01\/la-chirurgie-esthetique-maroc_devis-1.webp 508w, https:\/\/www.la-chirurgie-esthetique-maroc.com\/wp-content\/uploads\/2022\/01\/la-chirurgie-esthetique-maroc_devis-1-275x300.webp 275w\" sizes=\"(max-width: 508px) 100vw, 508px\" \/>\t\t\t\t\t\t\t\t\t\t\t\t\t<\/div>\n\t\t\t\t<\/div>\n\t\t\t\t\t<\/div>\n\t\t<\/div>\n\t\t\t\t\t<\/div>\n\t\t<\/section>\n\t\t\t\t<section class=\"elementor-section elementor-top-section elementor-element elementor-element-8f0e959 bg-color forme_1  elementor-section-boxed elementor-section-height-default elementor-section-height-default\" data-id=\"8f0e959\" data-element_type=\"section\">\n\t\t\t\t\t\t<div class=\"elementor-container elementor-column-gap-default\">\n\t\t\t\t\t<div class=\"elementor-column elementor-col-100 elementor-top-column elementor-element elementor-element-83457d1\" data-id=\"83457d1\" data-element_type=\"column\">\n\t\t\t<div class=\"elementor-widget-wrap elementor-element-populated\">\n\t\t\t\t\t\t<div class=\"elementor-element elementor-element-d9a2007 elementor-widget elementor-widget-text-editor\" data-id=\"d9a2007\" data-element_type=\"widget\" data-widget_type=\"text-editor.default\">\n\t\t\t\t<div class=\"elementor-widget-container\">\n\t\t\t\t\t\t\t<h2>\u00c1cido hialur\u00f3nico precio Marruecos<\/h2>\nPara obtener el <strong>precio del \u00e1cido hialur\u00f3nico en Marruecos<\/strong>, es necesario conocer el n\u00famero de sesiones y la zona a tratar. Nuestra cl\u00ednica le ofrece un presupuesto gratuito con todos los detalles de su tratamiento. Para conocer el precio de una<strong>inyecci\u00f3n de \u00e1cido hialur\u00f3nico <\/strong>en dinares, tambi\u00e9n debe solicitar un presupuesto.\n\t\t\t\t\t\t<\/div>\n\t\t\t\t<\/div>\n\t\t\t\t<div class=\"elementor-element elementor-element-12d857c center elementor-widget elementor-widget-html\" data-id=\"12d857c\" data-element_type=\"widget\" data-widget_type=\"html.default\">\n\t\t\t\t<div class=\"elementor-widget-container\">\n\t\t\t<div class=\"btn_devis\"><a href=\"https:\/\/www.la-chirurgie-esthetique-maroc.com\/es\/cita\/\"><span>Presupuesto gratuito de \u00e1cido hialur\u00f3nico precio Marruecos<\/span><\/a><\/div>\t\t<\/div>\n\t\t\t\t<\/div>\n\t\t\t\t<section class=\"elementor-section elementor-inner-section elementor-element elementor-element-32267f7 elementor-section-boxed elementor-section-height-default elementor-section-height-default\" data-id=\"32267f7\" data-element_type=\"section\">\n\t\t\t\t\t\t<div class=\"elementor-container elementor-column-gap-default\">\n\t\t\t\t\t<div class=\"elementor-column elementor-col-100 elementor-inner-column elementor-element elementor-element-cce9da7\" data-id=\"cce9da7\" data-element_type=\"column\">\n\t\t\t<div class=\"elementor-widget-wrap elementor-element-populated\">\n\t\t\t\t\t\t<div class=\"elementor-element elementor-element-3369bb3 elementor-widget elementor-widget-text-editor\" data-id=\"3369bb3\" data-element_type=\"widget\" data-widget_type=\"text-editor.default\">\n\t\t\t\t<div class=\"elementor-widget-container\">\n\t\t\t\t\t\t\t<h2>Inyecci\u00f3n de \u00e1cido hialur\u00f3nico en Marruecos<\/h2>\n\n\nLa llamada mol\u00e9cula &#8220;milagrosa&#8221; se obtiene oxidando el carbono. Es una mol\u00e9cula rica en \u00e1cido \u00farico (C14H21NO11). Antes se obten\u00eda procesando las crestas de los gallos (un m\u00e9todo muy caro), pero hoy en d\u00eda se obtiene mediante ingenier\u00eda qu\u00edmica. Se sintetiza mediante el proceso de fermentaci\u00f3n bacteriana. Por lo tanto, ya no es un producto natural. En el cuerpo humano, varias c\u00e9lulas producen hialuronano (c\u00e9lulas epiteliales y c\u00e9lulas inmunitarias&#8230;). El tama\u00f1o de la mol\u00e9cula no permite que la piel la absorba eficazmente. Su uso como pomada, loci\u00f3n u otra aplicaci\u00f3n cut\u00e1nea reduce considerablemente su eficacia. De hecho, su presencia en este tipo de productos es principalmente comercial.\n\nLa mol\u00e9cula de \u00e1cido hialur\u00f3nico se conoce como disac\u00e1rido, debido a su capacidad para retener agua y col\u00e1geno (hasta cinco veces su propio peso). Es esta propiedad la que la hace tan codiciada por la medicina est\u00e9tica. Se inyecta en la piel, donde se mezcla con otras mol\u00e9culas de su clase para desempe\u00f1ar su funci\u00f3n natural en el organismo y dar un efecto voluminizador a la zona inyectada. Posteriormente fue reabsorbido.\t\t\t\t\t\t<\/div>\n\t\t\t\t<\/div>\n\t\t\t\t\t<\/div>\n\t\t<\/div>\n\t\t\t\t\t<\/div>\n\t\t<\/section>\n\t\t\t\t\t<\/div>\n\t\t<\/div>\n\t\t\t\t\t<\/div>\n\t\t<\/section>\n\t\t\t\t<section class=\"elementor-section elementor-top-section elementor-element elementor-element-16f3a74b elementor-section-boxed elementor-section-height-default elementor-section-height-default\" data-id=\"16f3a74b\" data-element_type=\"section\">\n\t\t\t\t\t\t<div class=\"elementor-container elementor-column-gap-default\">\n\t\t\t\t\t<div class=\"elementor-column elementor-col-100 elementor-top-column elementor-element elementor-element-2b50e4c0\" data-id=\"2b50e4c0\" data-element_type=\"column\">\n\t\t\t<div class=\"elementor-widget-wrap elementor-element-populated\">\n\t\t\t\t\t\t<div class=\"elementor-element elementor-element-732697d8 elementor-widget elementor-widget-text-editor\" data-id=\"732697d8\" data-element_type=\"widget\" data-widget_type=\"text-editor.default\">\n\t\t\t\t<div class=\"elementor-widget-container\">\n\t\t\t\t\t\t\t<h2>\u00bfQu\u00e9 usos tiene el \u00e1cido hialur\u00f3nico en Marruecos o T\u00fanez?<\/h2><p>El AH<strong>(\u00e1cido hialur\u00f3nico<\/strong>) fue descubierto en el ojo de un bovino en 1934 por Meyer y Palmer. Ellos mismos le dieron ese nombre. Entonces se descubri\u00f3 que la mol\u00e9cula ten\u00eda aplicaciones en medicina est\u00e9tica. El hialuronano se prescribe hoy en d\u00eda para multitud de usos:<\/p><ul class=\"liste-page\"><li>Tratamiento antiedad del rostro; reducci\u00f3n de arrugas (patas de gallo, entrecejo&#8230;)<\/li><li>\u00c1cido hialur\u00f3nico para las ojeras: revitalizaci\u00f3n del rostro (tratamiento de p\u00f3mulos, ojeras, bolsas de los ojos)<\/li><li><a href=\"http:\/\/www.la-chirurgie-esthetique-maroc.com\/es\/rinoplastia-medica\/\">Rinoplastia m\u00e9dica<\/a> (rinoplastia sin bistur\u00ed)<\/li><li>En genoplastia para aumentar la circunferencia del \u00f3rgano masculino o para aumentar el punto G en las mujeres.<\/li><\/ul><p>Esta lista sigue creciendo y se siguen encontrando aplicaciones para la mol\u00e9cula milagrosa, por ejemplo el uso de \u00e1cido hialur\u00f3nico en las rodillas y \u00e1cido hialur\u00f3nico en la nariz. Es importante se\u00f1alar que en la actualidad est\u00e1 prohibido su uso con fines de aumento mamario, ya que su presencia es perjudicial para la detecci\u00f3n del c\u00e1ncer de mama.<\/p>\t\t\t\t\t\t<\/div>\n\t\t\t\t<\/div>\n\t\t\t\t<div class=\"elementor-element elementor-element-9576082 center elementor-widget elementor-widget-html\" data-id=\"9576082\" data-element_type=\"widget\" data-widget_type=\"html.default\">\n\t\t\t\t<div class=\"elementor-widget-container\">\n\t\t\t<div class=\"btn_devis btn_intern\"><a href=\"https:\/\/www.la-chirurgie-esthetique-maroc.com\/es\/cita\/\"><span>Presupuesto gratuito para \u00e1cido hialur\u00f3nico rodillas, nariz, labios, cara, pelo, barbilla  <\/span><\/a><\/div>\t\t<\/div>\n\t\t\t\t<\/div>\n\t\t\t\t\t<\/div>\n\t\t<\/div>\n\t\t\t\t\t<\/div>\n\t\t<\/section>\n\t\t\t\t<section class=\"elementor-section elementor-top-section elementor-element elementor-element-7700408 elementor-section-boxed elementor-section-height-default elementor-section-height-default\" data-id=\"7700408\" data-element_type=\"section\">\n\t\t\t\t\t\t<div class=\"elementor-container elementor-column-gap-default\">\n\t\t\t\t\t<div class=\"elementor-column elementor-col-100 elementor-top-column elementor-element elementor-element-b878241\" data-id=\"b878241\" data-element_type=\"column\">\n\t\t\t<div class=\"elementor-widget-wrap elementor-element-populated\">\n\t\t\t\t\t\t<div class=\"elementor-element elementor-element-173e809 elementor-widget elementor-widget-text-editor\" data-id=\"173e809\" data-element_type=\"widget\" data-widget_type=\"text-editor.default\">\n\t\t\t\t<div class=\"elementor-widget-container\">\n\t\t\t\t\t\t\t<h2>\u00bfCu\u00e1les son los peligros del \u00e1cido hialur\u00f3nico para el organismo?<\/h2>\n\n\nEl<strong>\u00e1cido hialur\u00f3nico<\/strong> abunda en el organismo. Al ser biodegradable, se regenera continuamente. Estos elementos hacen que la mol\u00e9cula sea rechazada muy raramente, o nunca, tras la inyecci\u00f3n. Como las alergias son inexplicables, es posible que una persona sea intolerante a la HA. Estos riesgos son del 0,05%. Por ello, se realiza sistem\u00e1ticamente una prueba de alergia. Hasta la fecha no existen estudios sobre los efectos del \u00e1cido hialur\u00f3nico en el feto, por lo que no se recomienda su uso en mujeres embarazadas.\t\t\t\t\t\t<\/div>\n\t\t\t\t<\/div>\n\t\t\t\t\t<\/div>\n\t\t<\/div>\n\t\t\t\t\t<\/div>\n\t\t<\/section>\n\t\t\t\t<\/div>\n\t\t","protected":false},"excerpt":{"rendered":"<p>El\u00e1cido hialur\u00f3nico Marruecos es una sustancia transparente y lubricante segregada naturalmente por el metabolismo. En el cuerpo humano, se encuentra en altas concentraciones en la piel, en el interior de las articulaciones, en el ojo (humor v\u00edtreo) y en otros tejidos. Su funci\u00f3n es retener el agua, m\u00e1s concretamente retener el col\u00e1geno e hidratar las [&hellip;]<\/p>\n","protected":false},"author":2,"featured_media":6437,"parent":0,"menu_order":0,"comment_status":"closed","ping_status":"closed","template":"","meta":{"footnotes":""},"class_list":["post-6852","page","type-page","status-publish","has-post-thumbnail","hentry"],"yoast_head":"<!-- This site is optimized with the Yoast SEO plugin v27.4 - https:\/\/yoast.com\/product\/yoast-seo-wordpress\/ -->\n<title>\u00c1cido hialur\u00f3nico Marruecos \u27a1\ufe0f precio inyecci\u00f3n para tratar las arrugas faciales<\/title>\n<meta name=\"description\" content=\"\u00c1cido hialur\u00f3nico Marruecos: \u2705 tratamiento facial antiedad y reducci\u00f3n de arrugas mediante inyecci\u00f3n de \u00e1cido. \u2b50 Precios baratos con presupuesto gratuito.\" \/>\n<meta name=\"robots\" content=\"index, follow, max-snippet:-1, max-image-preview:large, max-video-preview:-1\" \/>\n<link rel=\"canonical\" href=\"https:\/\/www.la-chirurgie-esthetique-maroc.com\/es\/acido-hialuronico\/\" \/>\n<meta property=\"og:locale\" content=\"es_ES\" \/>\n<meta property=\"og:type\" content=\"article\" \/>\n<meta property=\"og:title\" content=\"\u00c1cido hialur\u00f3nico Marruecos \u27a1\ufe0f precio inyecci\u00f3n para tratar las arrugas faciales\" \/>\n<meta property=\"og:description\" content=\"\u00c1cido hialur\u00f3nico Marruecos: \u2705 tratamiento facial antiedad y reducci\u00f3n de arrugas mediante inyecci\u00f3n de \u00e1cido. \u2b50 Precios baratos con presupuesto gratuito.\" \/>\n<meta property=\"og:url\" content=\"https:\/\/www.la-chirurgie-esthetique-maroc.com\/es\/acido-hialuronico\/\" \/>\n<meta property=\"og:site_name\" content=\"Chirurgie esthetique Maroc\" \/>\n<meta property=\"article:modified_time\" content=\"2024-02-22T12:47:12+00:00\" \/>\n<meta property=\"og:image\" content=\"https:\/\/www.la-chirurgie-esthetique-maroc.com\/wp-content\/uploads\/2022\/01\/header_medecin_-esthetique.webp\" \/>\n\t<meta property=\"og:image:width\" content=\"552\" \/>\n\t<meta property=\"og:image:height\" content=\"612\" \/>\n\t<meta property=\"og:image:type\" content=\"image\/webp\" \/>\n<meta name=\"twitter:card\" content=\"summary_large_image\" \/>\n<meta name=\"twitter:label1\" content=\"Tiempo de lectura\" \/>\n\t<meta name=\"twitter:data1\" content=\"4 minutos\" \/>\n<!-- \/ Yoast SEO plugin. -->","yoast_head_json":{"title":"\u00c1cido hialur\u00f3nico Marruecos \u27a1\ufe0f precio inyecci\u00f3n para tratar las arrugas faciales","description":"\u00c1cido hialur\u00f3nico Marruecos: \u2705 tratamiento facial antiedad y reducci\u00f3n de arrugas mediante inyecci\u00f3n de \u00e1cido. \u2b50 Precios baratos con presupuesto gratuito.","robots":{"index":"index","follow":"follow","max-snippet":"max-snippet:-1","max-image-preview":"max-image-preview:large","max-video-preview":"max-video-preview:-1"},"canonical":"https:\/\/www.la-chirurgie-esthetique-maroc.com\/es\/acido-hialuronico\/","og_locale":"es_ES","og_type":"article","og_title":"\u00c1cido hialur\u00f3nico Marruecos \u27a1\ufe0f precio inyecci\u00f3n para tratar las arrugas faciales","og_description":"\u00c1cido hialur\u00f3nico Marruecos: \u2705 tratamiento facial antiedad y reducci\u00f3n de arrugas mediante inyecci\u00f3n de \u00e1cido. \u2b50 Precios baratos con presupuesto gratuito.","og_url":"https:\/\/www.la-chirurgie-esthetique-maroc.com\/es\/acido-hialuronico\/","og_site_name":"Chirurgie esthetique Maroc","article_modified_time":"2024-02-22T12:47:12+00:00","og_image":[{"width":552,"height":612,"url":"https:\/\/www.la-chirurgie-esthetique-maroc.com\/wp-content\/uploads\/2022\/01\/header_medecin_-esthetique.webp","type":"image\/webp"}],"twitter_card":"summary_large_image","twitter_misc":{"Tiempo de lectura":"4 minutos"},"schema":{"@context":"https:\/\/schema.org","@graph":[{"@type":"WebPage","@id":"https:\/\/www.la-chirurgie-esthetique-maroc.com\/es\/acido-hialuronico\/","url":"https:\/\/www.la-chirurgie-esthetique-maroc.com\/es\/acido-hialuronico\/","name":"\u00c1cido hialur\u00f3nico Marruecos \u27a1\ufe0f precio inyecci\u00f3n para tratar las arrugas faciales","isPartOf":{"@id":"https:\/\/www.la-chirurgie-esthetique-maroc.com\/es\/#website"},"primaryImageOfPage":{"@id":"https:\/\/www.la-chirurgie-esthetique-maroc.com\/es\/acido-hialuronico\/#primaryimage"},"image":{"@id":"https:\/\/www.la-chirurgie-esthetique-maroc.com\/es\/acido-hialuronico\/#primaryimage"},"thumbnailUrl":"https:\/\/www.la-chirurgie-esthetique-maroc.com\/wp-content\/uploads\/2022\/01\/header_medecin_-esthetique.webp","datePublished":"2017-10-19T14:33:25+00:00","dateModified":"2024-02-22T12:47:12+00:00","description":"\u00c1cido hialur\u00f3nico Marruecos: \u2705 tratamiento facial antiedad y reducci\u00f3n de arrugas mediante inyecci\u00f3n de \u00e1cido. \u2b50 Precios baratos con presupuesto gratuito.","breadcrumb":{"@id":"https:\/\/www.la-chirurgie-esthetique-maroc.com\/es\/acido-hialuronico\/#breadcrumb"},"inLanguage":"es","potentialAction":[{"@type":"ReadAction","target":["https:\/\/www.la-chirurgie-esthetique-maroc.com\/es\/acido-hialuronico\/"]}]},{"@type":"ImageObject","inLanguage":"es","@id":"https:\/\/www.la-chirurgie-esthetique-maroc.com\/es\/acido-hialuronico\/#primaryimage","url":"https:\/\/www.la-chirurgie-esthetique-maroc.com\/wp-content\/uploads\/2022\/01\/header_medecin_-esthetique.webp","contentUrl":"https:\/\/www.la-chirurgie-esthetique-maroc.com\/wp-content\/uploads\/2022\/01\/header_medecin_-esthetique.webp","width":552,"height":612},{"@type":"BreadcrumbList","@id":"https:\/\/www.la-chirurgie-esthetique-maroc.com\/es\/acido-hialuronico\/#breadcrumb","itemListElement":[{"@type":"ListItem","position":1,"name":"Accueil","item":"https:\/\/www.la-chirurgie-esthetique-maroc.com\/es\/"},{"@type":"ListItem","position":2,"name":"\u00c1cido hialur\u00f3nico Marruecos: rodillas, nariz, labios, cara, cabello, barbilla &#8230;"}]},{"@type":"WebSite","@id":"https:\/\/www.la-chirurgie-esthetique-maroc.com\/es\/#website","url":"https:\/\/www.la-chirurgie-esthetique-maroc.com\/es\/","name":"Chirurgie esthetique Maroc","description":"","publisher":{"@id":"https:\/\/www.la-chirurgie-esthetique-maroc.com\/es\/#organization"},"potentialAction":[{"@type":"SearchAction","target":{"@type":"EntryPoint","urlTemplate":"https:\/\/www.la-chirurgie-esthetique-maroc.com\/es\/?s={search_term_string}"},"query-input":{"@type":"PropertyValueSpecification","valueRequired":true,"valueName":"search_term_string"}}],"inLanguage":"es"},{"@type":"Organization","@id":"https:\/\/www.la-chirurgie-esthetique-maroc.com\/es\/#organization","name":"Chirurgie esthetique Maroc","url":"https:\/\/www.la-chirurgie-esthetique-maroc.com\/es\/","logo":{"@type":"ImageObject","inLanguage":"es","@id":"https:\/\/www.la-chirurgie-esthetique-maroc.com\/es\/#\/schema\/logo\/image\/","url":"https:\/\/www.la-chirurgie-esthetique-maroc.com\/wp-content\/uploads\/2022\/01\/cem3.png","contentUrl":"https:\/\/www.la-chirurgie-esthetique-maroc.com\/wp-content\/uploads\/2022\/01\/cem3.png","width":125,"height":41,"caption":"Chirurgie esthetique Maroc"},"image":{"@id":"https:\/\/www.la-chirurgie-esthetique-maroc.com\/es\/#\/schema\/logo\/image\/"}}]}},"_links":{"self":[{"href":"https:\/\/www.la-chirurgie-esthetique-maroc.com\/es\/wp-json\/wp\/v2\/pages\/6852","targetHints":{"allow":["GET"]}}],"collection":[{"href":"https:\/\/www.la-chirurgie-esthetique-maroc.com\/es\/wp-json\/wp\/v2\/pages"}],"about":[{"href":"https:\/\/www.la-chirurgie-esthetique-maroc.com\/es\/wp-json\/wp\/v2\/types\/page"}],"author":[{"embeddable":true,"href":"https:\/\/www.la-chirurgie-esthetique-maroc.com\/es\/wp-json\/wp\/v2\/users\/2"}],"replies":[{"embeddable":true,"href":"https:\/\/www.la-chirurgie-esthetique-maroc.com\/es\/wp-json\/wp\/v2\/comments?post=6852"}],"version-history":[{"count":13,"href":"https:\/\/www.la-chirurgie-esthetique-maroc.com\/es\/wp-json\/wp\/v2\/pages\/6852\/revisions"}],"predecessor-version":[{"id":8467,"href":"https:\/\/www.la-chirurgie-esthetique-maroc.com\/es\/wp-json\/wp\/v2\/pages\/6852\/revisions\/8467"}],"wp:featuredmedia":[{"embeddable":true,"href":"https:\/\/www.la-chirurgie-esthetique-maroc.com\/es\/wp-json\/wp\/v2\/media\/6437"}],"wp:attachment":[{"href":"https:\/\/www.la-chirurgie-esthetique-maroc.com\/es\/wp-json\/wp\/v2\/media?parent=6852"}],"curies":[{"name":"wp","href":"https:\/\/api.w.org\/{rel}","templated":true}]}}