{"id":6856,"date":"2017-10-30T12:05:48","date_gmt":"2017-10-30T11:05:48","guid":{"rendered":"https:\/\/www.la-chirurgie-esthetique-maroc.com\/peeling-marruecos-todo-lo-que-debe-saber-sobre-el-peeling-suave\/"},"modified":"2024-02-22T13:47:34","modified_gmt":"2024-02-22T12:47:34","slug":"peeling","status":"publish","type":"page","link":"https:\/\/www.la-chirurgie-esthetique-maroc.com\/es\/peeling\/","title":{"rendered":"Peeling Marruecos: todo lo que debe saber sobre el peeling suave"},"content":{"rendered":"\t\t<div data-elementor-type=\"wp-page\" data-elementor-id=\"6856\" class=\"elementor elementor-6856 elementor-1167\">\n\t\t\t\t\t\t<section class=\"elementor-section elementor-top-section elementor-element elementor-element-7ba8964 elementor-section-boxed elementor-section-height-default elementor-section-height-default\" data-id=\"7ba8964\" data-element_type=\"section\">\n\t\t\t\t\t\t<div class=\"elementor-container elementor-column-gap-default\">\n\t\t\t\t\t<div class=\"elementor-column elementor-col-100 elementor-top-column elementor-element elementor-element-85be582 align_content_center\" data-id=\"85be582\" data-element_type=\"column\">\n\t\t\t<div class=\"elementor-widget-wrap elementor-element-populated\">\n\t\t\t\t\t\t<div class=\"elementor-element elementor-element-b00d8ca elementor-widget elementor-widget-text-editor\" data-id=\"b00d8ca\" data-element_type=\"widget\" data-widget_type=\"text-editor.default\">\n\t\t\t\t<div class=\"elementor-widget-container\">\n\t\t\t\t\t\t\t<p>Cada d\u00eda se retiran de tres a cuatro gramos de piel muerta. Se sustituyen por nuevas c\u00e9lulas generadas en las capas m\u00e1s profundas de la epidermis. <strong>El peeling marroqu\u00ed <\/strong>es un tratamiento destinado a acelerar este proceso de regeneraci\u00f3n celular; la aplicaci\u00f3n de un agente exfoliante estimula la velocidad de regeneraci\u00f3n.<\/p>\n\t\t\t\t\t\t<\/div>\n\t\t\t\t<\/div>\n\t\t\t\t\t<\/div>\n\t\t<\/div>\n\t\t\t\t\t<\/div>\n\t\t<\/section>\n\t\t\t\t<section class=\"elementor-section elementor-top-section elementor-element elementor-element-684320d elementor-section-boxed elementor-section-height-default elementor-section-height-default\" data-id=\"684320d\" data-element_type=\"section\">\n\t\t\t\t\t\t<div class=\"elementor-container elementor-column-gap-default\">\n\t\t\t\t\t<div class=\"elementor-column elementor-col-66 elementor-top-column elementor-element elementor-element-a05dd23\" data-id=\"a05dd23\" data-element_type=\"column\">\n\t\t\t<div class=\"elementor-widget-wrap elementor-element-populated\">\n\t\t\t\t\t\t<div class=\"elementor-element elementor-element-d4c0a23 elementor-widget elementor-widget-text-editor\" data-id=\"d4c0a23\" data-element_type=\"widget\" data-widget_type=\"text-editor.default\">\n\t\t\t\t<div class=\"elementor-widget-container\">\n\t\t\t\t\t\t\t<h2>Presupuesto expr\u00e9s gratuito<\/h2>\n<style>\r\n.align_center {\r\n    display: block;\r\n    text-align: center;\r\n    padding: 30px 0px;\r\n}\r\n<\/style>\r\n\r\n<div>\r\n\t<h2 class=\"align_center\">Presupuesto r\u00e1pido gratuito<\/h2>\r\n<iframe src=\"https:\/\/app.metocrm.com\/web-forms\/e1cab5bd-ef56-4a37-aa71-4857d931f368\"  height=\"800px\" width=\"100%\"  frameborder=\"0\" style=\"border-radius: 10px;\"><\/iframe>\r\n\r\n<\/div>\t\t\t\t\t\t<\/div>\n\t\t\t\t<\/div>\n\t\t\t\t\t<\/div>\n\t\t<\/div>\n\t\t\t\t<div class=\"elementor-column elementor-col-33 elementor-top-column elementor-element elementor-element-bbcc499\" data-id=\"bbcc499\" data-element_type=\"column\">\n\t\t\t<div class=\"elementor-widget-wrap elementor-element-populated\">\n\t\t\t\t\t\t<div class=\"elementor-element elementor-element-89ec21c elementor-widget elementor-widget-image\" data-id=\"89ec21c\" data-element_type=\"widget\" data-widget_type=\"image.default\">\n\t\t\t\t<div class=\"elementor-widget-container\">\n\t\t\t\t\t\t\t\t\t\t\t\t\t<img fetchpriority=\"high\" decoding=\"async\" width=\"508\" height=\"554\" src=\"https:\/\/www.la-chirurgie-esthetique-maroc.com\/wp-content\/uploads\/2022\/01\/la-chirurgie-esthetique-maroc_devis-1.webp\" class=\"attachment-large size-large wp-image-6422\" alt=\"\" srcset=\"https:\/\/www.la-chirurgie-esthetique-maroc.com\/wp-content\/uploads\/2022\/01\/la-chirurgie-esthetique-maroc_devis-1.webp 508w, https:\/\/www.la-chirurgie-esthetique-maroc.com\/wp-content\/uploads\/2022\/01\/la-chirurgie-esthetique-maroc_devis-1-275x300.webp 275w\" sizes=\"(max-width: 508px) 100vw, 508px\" \/>\t\t\t\t\t\t\t\t\t\t\t\t\t<\/div>\n\t\t\t\t<\/div>\n\t\t\t\t\t<\/div>\n\t\t<\/div>\n\t\t\t\t\t<\/div>\n\t\t<\/section>\n\t\t\t\t<section class=\"elementor-section elementor-top-section elementor-element elementor-element-f657f96 bg-color forme_1  elementor-section-boxed elementor-section-height-default elementor-section-height-default\" data-id=\"f657f96\" data-element_type=\"section\">\n\t\t\t\t\t\t<div class=\"elementor-container elementor-column-gap-default\">\n\t\t\t\t\t<div class=\"elementor-column elementor-col-100 elementor-top-column elementor-element elementor-element-284b319\" data-id=\"284b319\" data-element_type=\"column\">\n\t\t\t<div class=\"elementor-widget-wrap elementor-element-populated\">\n\t\t\t\t\t\t<div class=\"elementor-element elementor-element-0b1acba elementor-widget elementor-widget-text-editor\" data-id=\"0b1acba\" data-element_type=\"widget\" data-widget_type=\"text-editor.default\">\n\t\t\t\t<div class=\"elementor-widget-container\">\n\t\t\t\t\t\t\t<h2>Precios de pelado en Marruecos<\/h2>\nPara conocer el <strong>precio de un peeling en Marruecos<\/strong>, nuestra cl\u00ednica le ofrece un presupuesto gratuito con toda la informaci\u00f3n y detalles sobre su tratamiento. Para obtener las <strong>tarifas de pelado<\/strong> en dinares, tambi\u00e9n debe solicitar un presupuesto.\n\t\t\t\t\t\t<\/div>\n\t\t\t\t<\/div>\n\t\t\t\t<div class=\"elementor-element elementor-element-0f0a507 center elementor-widget elementor-widget-html\" data-id=\"0f0a507\" data-element_type=\"widget\" data-widget_type=\"html.default\">\n\t\t\t\t<div class=\"elementor-widget-container\">\n\t\t\t<div class=\"btn_devis\"><a href=\"https:\/\/www.la-chirurgie-esthetique-maroc.com\/es\/cita\/\"><span>Presupuesto gratuito<\/span><\/a><\/div>\t\t<\/div>\n\t\t\t\t<\/div>\n\t\t\t\t<div class=\"elementor-element elementor-element-6d062eb elementor-widget elementor-widget-text-editor\" data-id=\"6d062eb\" data-element_type=\"widget\" data-widget_type=\"text-editor.default\">\n\t\t\t\t<div class=\"elementor-widget-container\">\n\t\t\t\t\t\t\t<h2>\u00bfA qui\u00e9n va dirigido el peeling suave?<\/h2>\nLa <strong>exfoliaci\u00f3n suave en Marruecos <\/strong>es el tratamiento ideal para las personas que desean reducir las irregularidades de la superficie cut\u00e1nea, como las l\u00edneas de expresi\u00f3n (peque\u00f1as arrugas superficiales), las cicatrices de acn\u00e9 y las manchas pigmentarias de diversos or\u00edgenes. El tratamiento tambi\u00e9n se recomienda a los pacientes que desean recuperar la suavidad y luminosidad de una piel a la que la contaminaci\u00f3n, el estr\u00e9s y el envejecimiento ponen a prueba a diario.\t\t\t\t\t\t<\/div>\n\t\t\t\t<\/div>\n\t\t\t\t\t<\/div>\n\t\t<\/div>\n\t\t\t\t\t<\/div>\n\t\t<\/section>\n\t\t\t\t<section class=\"elementor-section elementor-top-section elementor-element elementor-element-31b698d elementor-section-boxed elementor-section-height-default elementor-section-height-default\" data-id=\"31b698d\" data-element_type=\"section\">\n\t\t\t\t\t\t<div class=\"elementor-container elementor-column-gap-default\">\n\t\t\t\t\t<div class=\"elementor-column elementor-col-100 elementor-top-column elementor-element elementor-element-9ecc796\" data-id=\"9ecc796\" data-element_type=\"column\">\n\t\t\t<div class=\"elementor-widget-wrap elementor-element-populated\">\n\t\t\t\t\t\t<section class=\"elementor-section elementor-inner-section elementor-element elementor-element-53121ee elementor-section-boxed elementor-section-height-default elementor-section-height-default\" data-id=\"53121ee\" data-element_type=\"section\">\n\t\t\t\t\t\t<div class=\"elementor-container elementor-column-gap-default\">\n\t\t\t\t\t<div class=\"elementor-column elementor-col-100 elementor-inner-column elementor-element elementor-element-15a5010\" data-id=\"15a5010\" data-element_type=\"column\">\n\t\t\t<div class=\"elementor-widget-wrap elementor-element-populated\">\n\t\t\t\t\t\t<div class=\"elementor-element elementor-element-6a1e51c2 elementor-widget elementor-widget-text-editor\" data-id=\"6a1e51c2\" data-element_type=\"widget\" data-widget_type=\"text-editor.default\">\n\t\t\t\t<div class=\"elementor-widget-container\">\n\t\t\t\t\t\t\t<h2>\u00bfC\u00f3mo funciona el peeling Marruecos?<\/h2>\nEl principio del <strong>peeling suave<\/strong> es similar a los principios de otros peelings qu\u00edmicos practicados en Marruecos. Es m\u00e1s r\u00e1pido y menos abrasivo para la piel. El paciente puede reanudar sus actividades despu\u00e9s de la sesi\u00f3n. Una sesi\u00f3n t\u00edpica de <strong>peeling en Marruecos<\/strong> consiste en aplicar sobre la piel una soluci\u00f3n que contiene un agente qu\u00edmico: el \u00e1cido glic\u00f3lico. La soluci\u00f3n se aplica con un pincel o con bastoncillos de algod\u00f3n. La duraci\u00f3n es variable y depende del tipo de piel y de la concentraci\u00f3n del producto utilizado (que a su vez var\u00eda del veinte al setenta por ciento).\n\n\t\t\t\t\t\t<\/div>\n\t\t\t\t<\/div>\n\t\t\t\t\t<\/div>\n\t\t<\/div>\n\t\t\t\t\t<\/div>\n\t\t<\/section>\n\t\t\t\t<div class=\"elementor-element elementor-element-7e4410d elementor-widget elementor-widget-text-editor\" data-id=\"7e4410d\" data-element_type=\"widget\" data-widget_type=\"text-editor.default\">\n\t\t\t\t<div class=\"elementor-widget-container\">\n\t\t\t\t\t\t\tLa variaci\u00f3n en la duraci\u00f3n es del orden de unos pocos minutos. El \u00e1cido se elimina r\u00e1pidamente con agua tibia y se sustituye por una crema calmante e hidratante.\n\n\t\t\t\t\t\t<\/div>\n\t\t\t\t<\/div>\n\t\t\t\t<div class=\"elementor-element elementor-element-483cc1e elementor-widget elementor-widget-text-editor\" data-id=\"483cc1e\" data-element_type=\"widget\" data-widget_type=\"text-editor.default\">\n\t\t\t\t<div class=\"elementor-widget-container\">\n\t\t\t\t\t\t\tEl ciclo de tratamiento dura de tres a cuatro sesiones espaciadas aproximadamente veinte d\u00edas. Durante este periodo no es aconsejable exponerse al sol. Algunos profesionales recomiendan un tratamiento previo de limpieza y relajaci\u00f3n que puede durar de una a dos semanas.\n\n\t\t\t\t\t\t<\/div>\n\t\t\t\t<\/div>\n\t\t\t\t<div class=\"elementor-element elementor-element-d734c74 elementor-widget elementor-widget-text-editor\" data-id=\"d734c74\" data-element_type=\"widget\" data-widget_type=\"text-editor.default\">\n\t\t\t\t<div class=\"elementor-widget-container\">\n\t\t\t\t\t\t\t<p>Para satisfacer la creciente demanda, existe una exfoliaci\u00f3n a\u00fan m\u00e1s suave conocida como &#8220;exfoliaci\u00f3n de la hora del almuerzo&#8221;. Esta nueva exfoliaci\u00f3n combina el uso de antioxidantes e hidratantes que minimizan los efectos indeseables de la <strong>exfoliaci\u00f3n suave<\/strong>.<\/p>\n\t\t\t\t\t\t<\/div>\n\t\t\t\t<\/div>\n\t\t\t\t\t<\/div>\n\t\t<\/div>\n\t\t\t\t\t<\/div>\n\t\t<\/section>\n\t\t\t\t<section class=\"elementor-section elementor-top-section elementor-element elementor-element-f82fe6a elementor-section-boxed elementor-section-height-default elementor-section-height-default\" data-id=\"f82fe6a\" data-element_type=\"section\">\n\t\t\t\t\t\t<div class=\"elementor-container elementor-column-gap-default\">\n\t\t\t\t\t<div class=\"elementor-column elementor-col-100 elementor-top-column elementor-element elementor-element-3e4ab53\" data-id=\"3e4ab53\" data-element_type=\"column\">\n\t\t\t<div class=\"elementor-widget-wrap elementor-element-populated\">\n\t\t\t\t\t\t<div class=\"elementor-element elementor-element-976e999 elementor-widget elementor-widget-text-editor\" data-id=\"976e999\" data-element_type=\"widget\" data-widget_type=\"text-editor.default\">\n\t\t\t\t<div class=\"elementor-widget-container\">\n\t\t\t\t\t\t\t<h2>\u00bfCu\u00e1les son los resultados de un tratamiento de exfoliaci\u00f3n suave?<\/h2>\n\nTras la primera sesi\u00f3n, la piel parece m\u00e1s joven, suave y radiante. Tras las distintas sesiones, los beneficios del tratamiento son numerosos:\n<ul class=\"liste-page\">\n \t<li>Las arrugas superficiales se reducen de forma natural.<\/li>\n \t<li>Las distintas manchas de pigmento se van difuminando hasta desaparecer por completo<\/li>\n<\/ul>\nEstudios recientes sugieren que la <strong>exfoliaci\u00f3n de Marruecos <\/strong>puede contribuir a reducir la incidencia de ciertos tumores cut\u00e1neos.\t\t\t\t\t\t<\/div>\n\t\t\t\t<\/div>\n\t\t\t\t\t<\/div>\n\t\t<\/div>\n\t\t\t\t\t<\/div>\n\t\t<\/section>\n\t\t\t\t<section class=\"elementor-section elementor-top-section elementor-element elementor-element-c5ea812 elementor-section-boxed elementor-section-height-default elementor-section-height-default\" data-id=\"c5ea812\" data-element_type=\"section\">\n\t\t\t\t\t\t<div class=\"elementor-container elementor-column-gap-default\">\n\t\t\t\t\t<div class=\"elementor-column elementor-col-100 elementor-top-column elementor-element elementor-element-88e97e8\" data-id=\"88e97e8\" data-element_type=\"column\">\n\t\t\t<div class=\"elementor-widget-wrap elementor-element-populated\">\n\t\t\t\t\t\t<div class=\"elementor-element elementor-element-86a9e9c elementor-widget elementor-widget-text-editor\" data-id=\"86a9e9c\" data-element_type=\"widget\" data-widget_type=\"text-editor.default\">\n\t\t\t\t<div class=\"elementor-widget-container\">\n\t\t\t\t\t\t\t<h2>\u00bfCu\u00e1les son las contraindicaciones de este tratamiento?<\/h2>\nDurante la sesi\u00f3n, el paciente puede sentir una sensaci\u00f3n de quemaz\u00f3n que desaparece r\u00e1pidamente (duraci\u00f3n limitada de la aplicaci\u00f3n de \u00e1cido glic\u00f3lico). En los d\u00edas posteriores a la sesi\u00f3n puede observarse una tez rosada o enrojecimiento con descamaci\u00f3n m\u00e1s o menos evidente de la piel. La aplicaci\u00f3n de un protector solar (50+) durante varias semanas es esencial; para proteger la piel de los rayos ultravioleta y perpetuar los efectos del peeling. No se recomiendan los tratamientos con altas concentraciones o con agentes qu\u00edmicos distintos de los \u00e1cidos frutales despu\u00e9s de la primavera y durante los meses de verano.\t\t\t\t\t\t<\/div>\n\t\t\t\t<\/div>\n\t\t\t\t\t<\/div>\n\t\t<\/div>\n\t\t\t\t\t<\/div>\n\t\t<\/section>\n\t\t\t\t<section class=\"elementor-section elementor-top-section elementor-element elementor-element-63268b2 center elementor-section-boxed elementor-section-height-default elementor-section-height-default\" data-id=\"63268b2\" data-element_type=\"section\">\n\t\t\t\t\t\t<div class=\"elementor-container elementor-column-gap-default\">\n\t\t\t\t\t<div class=\"elementor-column elementor-col-100 elementor-top-column elementor-element elementor-element-a2b4caa\" data-id=\"a2b4caa\" data-element_type=\"column\">\n\t\t\t<div class=\"elementor-widget-wrap elementor-element-populated\">\n\t\t\t\t\t\t<div class=\"elementor-element elementor-element-84e0d68 elementor-widget elementor-widget-html\" data-id=\"84e0d68\" data-element_type=\"widget\" data-widget_type=\"html.default\">\n\t\t\t\t<div class=\"elementor-widget-container\">\n\t\t\t<div class=\"btn_devis btn_intern\"><a href=\"https:\/\/www.la-chirurgie-esthetique-maroc.com\/es\/cita\/\"><span>Presupuesto gratuito<\/span><\/a><\/div>\t\t<\/div>\n\t\t\t\t<\/div>\n\t\t\t\t\t<\/div>\n\t\t<\/div>\n\t\t\t\t\t<\/div>\n\t\t<\/section>\n\t\t\t\t<\/div>\n\t\t","protected":false},"excerpt":{"rendered":"<p>Cada d\u00eda se retiran de tres a cuatro gramos de piel muerta. Se sustituyen por nuevas c\u00e9lulas generadas en las capas m\u00e1s profundas de la epidermis. El peeling marroqu\u00ed es un tratamiento destinado a acelerar este proceso de regeneraci\u00f3n celular; la aplicaci\u00f3n de un agente exfoliante estimula la velocidad de regeneraci\u00f3n. Presupuesto expr\u00e9s gratuito Precios [&hellip;]<\/p>\n","protected":false},"author":2,"featured_media":6437,"parent":0,"menu_order":0,"comment_status":"closed","ping_status":"closed","template":"","meta":{"footnotes":""},"class_list":["post-6856","page","type-page","status-publish","has-post-thumbnail","hentry"],"yoast_head":"<!-- This site is optimized with the Yoast SEO plugin v27.5 - https:\/\/yoast.com\/product\/yoast-seo-wordpress\/ -->\n<title>Peeling Marruecos: tratamiento de arrugas y cicatrices con \u00e1cido glic\u00f3lico<\/title>\n<meta name=\"description\" content=\"Peeling Marruecos: tratamiento para eliminar arrugas y cicatrices para recuperar la tersura de la piel con un precio barato.\" \/>\n<meta name=\"robots\" content=\"index, follow, max-snippet:-1, max-image-preview:large, max-video-preview:-1\" \/>\n<link rel=\"canonical\" href=\"https:\/\/www.la-chirurgie-esthetique-maroc.com\/es\/peeling\/\" \/>\n<meta property=\"og:locale\" content=\"es_ES\" \/>\n<meta property=\"og:type\" content=\"article\" \/>\n<meta property=\"og:title\" content=\"Peeling Marruecos: tratamiento de arrugas y cicatrices con \u00e1cido glic\u00f3lico\" \/>\n<meta property=\"og:description\" content=\"Peeling Marruecos: tratamiento para eliminar arrugas y cicatrices para recuperar la tersura de la piel con un precio barato.\" \/>\n<meta property=\"og:url\" content=\"https:\/\/www.la-chirurgie-esthetique-maroc.com\/es\/peeling\/\" \/>\n<meta property=\"og:site_name\" content=\"Chirurgie esthetique Maroc\" \/>\n<meta property=\"article:modified_time\" content=\"2024-02-22T12:47:34+00:00\" \/>\n<meta property=\"og:image\" content=\"https:\/\/www.la-chirurgie-esthetique-maroc.com\/wp-content\/uploads\/2022\/01\/header_medecin_-esthetique.webp\" \/>\n\t<meta property=\"og:image:width\" content=\"552\" \/>\n\t<meta property=\"og:image:height\" content=\"612\" \/>\n\t<meta property=\"og:image:type\" content=\"image\/webp\" \/>\n<meta name=\"twitter:card\" content=\"summary_large_image\" \/>\n<meta name=\"twitter:label1\" content=\"Tiempo de lectura\" \/>\n\t<meta name=\"twitter:data1\" content=\"3 minutos\" \/>\n<!-- \/ Yoast SEO plugin. -->","yoast_head_json":{"title":"Peeling Marruecos: tratamiento de arrugas y cicatrices con \u00e1cido glic\u00f3lico","description":"Peeling Marruecos: tratamiento para eliminar arrugas y cicatrices para recuperar la tersura de la piel con un precio barato.","robots":{"index":"index","follow":"follow","max-snippet":"max-snippet:-1","max-image-preview":"max-image-preview:large","max-video-preview":"max-video-preview:-1"},"canonical":"https:\/\/www.la-chirurgie-esthetique-maroc.com\/es\/peeling\/","og_locale":"es_ES","og_type":"article","og_title":"Peeling Marruecos: tratamiento de arrugas y cicatrices con \u00e1cido glic\u00f3lico","og_description":"Peeling Marruecos: tratamiento para eliminar arrugas y cicatrices para recuperar la tersura de la piel con un precio barato.","og_url":"https:\/\/www.la-chirurgie-esthetique-maroc.com\/es\/peeling\/","og_site_name":"Chirurgie esthetique Maroc","article_modified_time":"2024-02-22T12:47:34+00:00","og_image":[{"width":552,"height":612,"url":"https:\/\/www.la-chirurgie-esthetique-maroc.com\/wp-content\/uploads\/2022\/01\/header_medecin_-esthetique.webp","type":"image\/webp"}],"twitter_card":"summary_large_image","twitter_misc":{"Tiempo de lectura":"3 minutos"},"schema":{"@context":"https:\/\/schema.org","@graph":[{"@type":"WebPage","@id":"https:\/\/www.la-chirurgie-esthetique-maroc.com\/es\/peeling\/","url":"https:\/\/www.la-chirurgie-esthetique-maroc.com\/es\/peeling\/","name":"Peeling Marruecos: tratamiento de arrugas y cicatrices con \u00e1cido glic\u00f3lico","isPartOf":{"@id":"https:\/\/www.la-chirurgie-esthetique-maroc.com\/es\/#website"},"primaryImageOfPage":{"@id":"https:\/\/www.la-chirurgie-esthetique-maroc.com\/es\/peeling\/#primaryimage"},"image":{"@id":"https:\/\/www.la-chirurgie-esthetique-maroc.com\/es\/peeling\/#primaryimage"},"thumbnailUrl":"https:\/\/www.la-chirurgie-esthetique-maroc.com\/wp-content\/uploads\/2022\/01\/header_medecin_-esthetique.webp","datePublished":"2017-10-30T11:05:48+00:00","dateModified":"2024-02-22T12:47:34+00:00","description":"Peeling Marruecos: tratamiento para eliminar arrugas y cicatrices para recuperar la tersura de la piel con un precio barato.","breadcrumb":{"@id":"https:\/\/www.la-chirurgie-esthetique-maroc.com\/es\/peeling\/#breadcrumb"},"inLanguage":"es","potentialAction":[{"@type":"ReadAction","target":["https:\/\/www.la-chirurgie-esthetique-maroc.com\/es\/peeling\/"]}]},{"@type":"ImageObject","inLanguage":"es","@id":"https:\/\/www.la-chirurgie-esthetique-maroc.com\/es\/peeling\/#primaryimage","url":"https:\/\/www.la-chirurgie-esthetique-maroc.com\/wp-content\/uploads\/2022\/01\/header_medecin_-esthetique.webp","contentUrl":"https:\/\/www.la-chirurgie-esthetique-maroc.com\/wp-content\/uploads\/2022\/01\/header_medecin_-esthetique.webp","width":552,"height":612},{"@type":"BreadcrumbList","@id":"https:\/\/www.la-chirurgie-esthetique-maroc.com\/es\/peeling\/#breadcrumb","itemListElement":[{"@type":"ListItem","position":1,"name":"Accueil","item":"https:\/\/www.la-chirurgie-esthetique-maroc.com\/es\/"},{"@type":"ListItem","position":2,"name":"Peeling Marruecos: todo lo que debe saber sobre el peeling suave"}]},{"@type":"WebSite","@id":"https:\/\/www.la-chirurgie-esthetique-maroc.com\/es\/#website","url":"https:\/\/www.la-chirurgie-esthetique-maroc.com\/es\/","name":"Chirurgie esthetique Maroc","description":"","publisher":{"@id":"https:\/\/www.la-chirurgie-esthetique-maroc.com\/es\/#organization"},"potentialAction":[{"@type":"SearchAction","target":{"@type":"EntryPoint","urlTemplate":"https:\/\/www.la-chirurgie-esthetique-maroc.com\/es\/?s={search_term_string}"},"query-input":{"@type":"PropertyValueSpecification","valueRequired":true,"valueName":"search_term_string"}}],"inLanguage":"es"},{"@type":"Organization","@id":"https:\/\/www.la-chirurgie-esthetique-maroc.com\/es\/#organization","name":"Chirurgie esthetique Maroc","url":"https:\/\/www.la-chirurgie-esthetique-maroc.com\/es\/","logo":{"@type":"ImageObject","inLanguage":"es","@id":"https:\/\/www.la-chirurgie-esthetique-maroc.com\/es\/#\/schema\/logo\/image\/","url":"https:\/\/www.la-chirurgie-esthetique-maroc.com\/wp-content\/uploads\/2022\/01\/cem3.png","contentUrl":"https:\/\/www.la-chirurgie-esthetique-maroc.com\/wp-content\/uploads\/2022\/01\/cem3.png","width":125,"height":41,"caption":"Chirurgie esthetique Maroc"},"image":{"@id":"https:\/\/www.la-chirurgie-esthetique-maroc.com\/es\/#\/schema\/logo\/image\/"}}]}},"_links":{"self":[{"href":"https:\/\/www.la-chirurgie-esthetique-maroc.com\/es\/wp-json\/wp\/v2\/pages\/6856","targetHints":{"allow":["GET"]}}],"collection":[{"href":"https:\/\/www.la-chirurgie-esthetique-maroc.com\/es\/wp-json\/wp\/v2\/pages"}],"about":[{"href":"https:\/\/www.la-chirurgie-esthetique-maroc.com\/es\/wp-json\/wp\/v2\/types\/page"}],"author":[{"embeddable":true,"href":"https:\/\/www.la-chirurgie-esthetique-maroc.com\/es\/wp-json\/wp\/v2\/users\/2"}],"replies":[{"embeddable":true,"href":"https:\/\/www.la-chirurgie-esthetique-maroc.com\/es\/wp-json\/wp\/v2\/comments?post=6856"}],"version-history":[{"count":10,"href":"https:\/\/www.la-chirurgie-esthetique-maroc.com\/es\/wp-json\/wp\/v2\/pages\/6856\/revisions"}],"predecessor-version":[{"id":8470,"href":"https:\/\/www.la-chirurgie-esthetique-maroc.com\/es\/wp-json\/wp\/v2\/pages\/6856\/revisions\/8470"}],"wp:featuredmedia":[{"embeddable":true,"href":"https:\/\/www.la-chirurgie-esthetique-maroc.com\/es\/wp-json\/wp\/v2\/media\/6437"}],"wp:attachment":[{"href":"https:\/\/www.la-chirurgie-esthetique-maroc.com\/es\/wp-json\/wp\/v2\/media?parent=6856"}],"curies":[{"name":"wp","href":"https:\/\/api.w.org\/{rel}","templated":true}]}}