{"id":6864,"date":"2017-11-02T15:31:07","date_gmt":"2017-11-02T14:31:07","guid":{"rendered":"https:\/\/www.la-chirurgie-esthetique-maroc.com\/trasplante-capilar-marruecos-fue-fut-o-dhi\/"},"modified":"2024-02-22T13:48:40","modified_gmt":"2024-02-22T12:48:40","slug":"trasplante-capilar","status":"publish","type":"page","link":"https:\/\/www.la-chirurgie-esthetique-maroc.com\/es\/trasplante-capilar\/","title":{"rendered":"Trasplante capilar Marruecos : FUE, FUT o DHI"},"content":{"rendered":"\t\t<div data-elementor-type=\"wp-page\" data-elementor-id=\"6864\" class=\"elementor elementor-6864 elementor-1209\">\n\t\t\t\t\t\t<section class=\"elementor-section elementor-top-section elementor-element elementor-element-c0c9482 elementor-section-boxed elementor-section-height-default elementor-section-height-default\" data-id=\"c0c9482\" data-element_type=\"section\">\n\t\t\t\t\t\t<div class=\"elementor-container elementor-column-gap-default\">\n\t\t\t\t\t<div class=\"elementor-column elementor-col-100 elementor-top-column elementor-element elementor-element-d4dc06c\" data-id=\"d4dc06c\" data-element_type=\"column\">\n\t\t\t<div class=\"elementor-widget-wrap elementor-element-populated\">\n\t\t\t\t\t\t<div class=\"elementor-element elementor-element-c63edf8 elementor-widget elementor-widget-text-editor\" data-id=\"c63edf8\" data-element_type=\"widget\" data-widget_type=\"text-editor.default\">\n\t\t\t\t<div class=\"elementor-widget-container\">\n\t\t\t\t\t\t\tEl <strong>trasplante capilar o implante capilar Marruecos <\/strong>es la cirug\u00eda est\u00e9tica m\u00e1s solicitada por los hombres en Francia. Estos \u00faltimos no saben a qui\u00e9n dirigirse porque este acto no est\u00e1 regulado. Muchos profesionales pueden realizar trasplantes capilares: dermat\u00f3logos, m\u00e9dicos generalistas y m\u00e9dicos est\u00e9ticos. Las tarifas tambi\u00e9n var\u00edan en funci\u00f3n del m\u00e9dico.\n\t\t\t\t\t\t<\/div>\n\t\t\t\t<\/div>\n\t\t\t\t<div class=\"elementor-element elementor-element-6e3e1b8 center elementor-widget elementor-widget-html\" data-id=\"6e3e1b8\" data-element_type=\"widget\" data-widget_type=\"html.default\">\n\t\t\t\t<div class=\"elementor-widget-container\">\n\t\t\t<div class=\"btn_devis btn_intern\"><a href=\"https:\/\/www.la-chirurgie-esthetique-maroc.com\/es\/cita\/\"><span>Presupuesto gratuito con toda la informaci\u00f3n sobre FUE, FUT y DHI<\/span><\/a><\/div>\t\t<\/div>\n\t\t\t\t<\/div>\n\t\t\t\t<div class=\"elementor-element elementor-element-abfacdc elementor-widget elementor-widget-text-editor\" data-id=\"abfacdc\" data-element_type=\"widget\" data-widget_type=\"text-editor.default\">\n\t\t\t\t<div class=\"elementor-widget-container\">\n\t\t\t\t\t\t\tSeg\u00fan un estudio reciente, Marruecos es el pa\u00eds donde <strong>el trasplante capilar<\/strong> es m\u00e1s barato. S\u00f3lo 41 c\u00e9ntimos por injerto, frente a los 3,12 euros de Londres.\n\nEl principio del microinjerto es sencillo: la extracci\u00f3n de pelo del lugar donde el cabello es EL m\u00e1s resistente, es decir, en la parte posterior de la cabeza, y su reimplantaci\u00f3n en el lugar donde falta. Todo bajo anestesia local. El paciente s\u00f3lo podr\u00e1 apreciar el resultado final al cabo de un a\u00f1o.\n\nDos t\u00e9cnicas de extracci\u00f3n compiten por el mercado: el m\u00e9todo de la tira o FUT y la &#8220;extracci\u00f3n de unidades foliculares&#8221; o &#8220;FUE&#8221;.\t\t\t\t\t\t<\/div>\n\t\t\t\t<\/div>\n\t\t\t\t\t<\/div>\n\t\t<\/div>\n\t\t\t\t\t<\/div>\n\t\t<\/section>\n\t\t\t\t<section class=\"elementor-section elementor-top-section elementor-element elementor-element-e367cd3 elementor-section-boxed elementor-section-height-default elementor-section-height-default\" data-id=\"e367cd3\" data-element_type=\"section\">\n\t\t\t\t\t\t<div class=\"elementor-container elementor-column-gap-default\">\n\t\t\t\t\t<div class=\"elementor-column elementor-col-66 elementor-top-column elementor-element elementor-element-6029349\" data-id=\"6029349\" data-element_type=\"column\">\n\t\t\t<div class=\"elementor-widget-wrap elementor-element-populated\">\n\t\t\t\t\t\t<div class=\"elementor-element elementor-element-a67d5a4 elementor-widget elementor-widget-text-editor\" data-id=\"a67d5a4\" data-element_type=\"widget\" data-widget_type=\"text-editor.default\">\n\t\t\t\t<div class=\"elementor-widget-container\">\n\t\t\t\t\t\t\t<h2>Presupuesto expr\u00e9s gratuito<\/h2>\n<style>\r\n.align_center {\r\n    display: block;\r\n    text-align: center;\r\n    padding: 30px 0px;\r\n}\r\n<\/style>\r\n\r\n<div>\r\n\t<h2 class=\"align_center\">Presupuesto r\u00e1pido gratuito<\/h2>\r\n<iframe src=\"https:\/\/app.metocrm.com\/web-forms\/e1cab5bd-ef56-4a37-aa71-4857d931f368\"  height=\"800px\" width=\"100%\"  frameborder=\"0\" style=\"border-radius: 10px;\"><\/iframe>\r\n\r\n<\/div>\t\t\t\t\t\t<\/div>\n\t\t\t\t<\/div>\n\t\t\t\t\t<\/div>\n\t\t<\/div>\n\t\t\t\t<div class=\"elementor-column elementor-col-33 elementor-top-column elementor-element elementor-element-f23e686\" data-id=\"f23e686\" data-element_type=\"column\">\n\t\t\t<div class=\"elementor-widget-wrap elementor-element-populated\">\n\t\t\t\t\t\t<div class=\"elementor-element elementor-element-cc489d3 elementor-widget elementor-widget-image\" data-id=\"cc489d3\" data-element_type=\"widget\" data-widget_type=\"image.default\">\n\t\t\t\t<div class=\"elementor-widget-container\">\n\t\t\t\t\t\t\t\t\t\t\t\t\t<img fetchpriority=\"high\" decoding=\"async\" width=\"508\" height=\"554\" src=\"https:\/\/www.la-chirurgie-esthetique-maroc.com\/wp-content\/uploads\/2022\/01\/la-chirurgie-esthetique-maroc_devis-1.webp\" class=\"attachment-large size-large wp-image-6422\" alt=\"\" srcset=\"https:\/\/www.la-chirurgie-esthetique-maroc.com\/wp-content\/uploads\/2022\/01\/la-chirurgie-esthetique-maroc_devis-1.webp 508w, https:\/\/www.la-chirurgie-esthetique-maroc.com\/wp-content\/uploads\/2022\/01\/la-chirurgie-esthetique-maroc_devis-1-275x300.webp 275w\" sizes=\"(max-width: 508px) 100vw, 508px\" \/>\t\t\t\t\t\t\t\t\t\t\t\t\t<\/div>\n\t\t\t\t<\/div>\n\t\t\t\t\t<\/div>\n\t\t<\/div>\n\t\t\t\t\t<\/div>\n\t\t<\/section>\n\t\t\t\t<section class=\"elementor-section elementor-top-section elementor-element elementor-element-54563fa bg-color forme_1  elementor-section-boxed elementor-section-height-default elementor-section-height-default\" data-id=\"54563fa\" data-element_type=\"section\">\n\t\t\t\t\t\t<div class=\"elementor-container elementor-column-gap-default\">\n\t\t\t\t\t<div class=\"elementor-column elementor-col-100 elementor-top-column elementor-element elementor-element-2f05bc4\" data-id=\"2f05bc4\" data-element_type=\"column\">\n\t\t\t<div class=\"elementor-widget-wrap elementor-element-populated\">\n\t\t\t\t\t\t<div class=\"elementor-element elementor-element-edd31b2 elementor-widget elementor-widget-text-editor\" data-id=\"edd31b2\" data-element_type=\"widget\" data-widget_type=\"text-editor.default\">\n\t\t\t\t<div class=\"elementor-widget-container\">\n\t\t\t\t\t\t\t<h2>Precios de los trasplantes capilares en Marruecos<\/h2>\nPara conocer el <strong>precio de un trasplante capilar en Marruecos<\/strong>, debe solicitar un presupuesto. Nuestra cl\u00ednica le ofrece un presupuesto personalizado gratuito con todos los detalles sobre el <strong>trasplante capilar<\/strong>. Para obtener el precio en dinares, tambi\u00e9n debe solicitar un presupuesto en nuestro sitio web.\n\t\t\t\t\t\t<\/div>\n\t\t\t\t<\/div>\n\t\t\t\t<div class=\"elementor-element elementor-element-b2085ae center elementor-widget elementor-widget-html\" data-id=\"b2085ae\" data-element_type=\"widget\" data-widget_type=\"html.default\">\n\t\t\t\t<div class=\"elementor-widget-container\">\n\t\t\t<div class=\"btn_devis\"><a href=\"https:\/\/www.la-chirurgie-esthetique-maroc.com\/es\/cita\/\"><span>Presupuesto gratuito<\/span><\/a><\/div>\t\t<\/div>\n\t\t\t\t<\/div>\n\t\t\t\t<div class=\"elementor-element elementor-element-32a0a2e elementor-widget elementor-widget-text-editor\" data-id=\"32a0a2e\" data-element_type=\"widget\" data-widget_type=\"text-editor.default\">\n\t\t\t\t<div class=\"elementor-widget-container\">\n\t\t\t\t\t\t\t<h2>El m\u00e9todo de la tira FUT en Marruecos :<\/h2><p>Esta t\u00e9cnica es la preferida por la mayor\u00eda de los cirujanos por la cantidad de implantes que puede tener y por su rapidez 2000 injertos en 20 minutos.<\/p><ul class=\"liste-page\"><li>El principio: en la parte posterior de la cabeza, se retira una tira de 1 cm de ancho y de 12 a 23 cm de largo. Cada bulbo se recoge para replantarlo en zonas afectadas por la calvicie. A continuaci\u00f3n, el cirujano cierra la cicatriz lineal con suturas. Esta marca s\u00f3lo mide un mil\u00edmetro, por lo que es casi invisible.<\/li><li>\u00bfPara qui\u00e9n? Esta t\u00e9cnica es adecuada tanto para hombres como para mujeres que padecen calvicie severa. Su capacidad de cobertura es superior a la de la FUE en este caso.<\/li><li>\u00bfDuraci\u00f3n? Una media de 2 a 3 horas en las que se reimplantan de 3000 a 5000 cabellos.<\/li><li>Dolor y efectos postoperatorios: la operaci\u00f3n se realiza con anestesia local. La operaci\u00f3n no es dolorosa, pero despu\u00e9s puede sentir cierta tirantez y la frente puede hincharse durante unos d\u00edas. Pueden observarse costras, pero desaparecer\u00e1n al cabo de 8 a 10 d\u00edas.<\/li><li>Resultado: El resultado es claramente visible un a\u00f1o despu\u00e9s de la operaci\u00f3n. As\u00ed que si quieres hacer otra sesi\u00f3n tienes que programarla a partir de un a\u00f1o despu\u00e9s.<\/li><li>Ventajas: implantes de calidad en un tiempo m\u00ednimo a un precio inferior al del m\u00e9todo FUE;<\/li><li>Desventajas : El gran inconveniente de este m\u00e9todo es la cicatriz que deja, pero los avances m\u00e9dicos en materia de cierre de cicatrices permiten afinarla y sobre todo disimularla con el pelo.<\/li><\/ul>\t\t\t\t\t\t<\/div>\n\t\t\t\t<\/div>\n\t\t\t\t\t<\/div>\n\t\t<\/div>\n\t\t\t\t\t<\/div>\n\t\t<\/section>\n\t\t\t\t<section class=\"elementor-section elementor-top-section elementor-element elementor-element-339f3a1a elementor-section-boxed elementor-section-height-default elementor-section-height-default\" data-id=\"339f3a1a\" data-element_type=\"section\">\n\t\t\t\t\t\t<div class=\"elementor-container elementor-column-gap-default\">\n\t\t\t\t\t<div class=\"elementor-column elementor-col-100 elementor-top-column elementor-element elementor-element-27251f5b\" data-id=\"27251f5b\" data-element_type=\"column\">\n\t\t\t<div class=\"elementor-widget-wrap elementor-element-populated\">\n\t\t\t\t\t\t<div class=\"elementor-element elementor-element-3e57367c elementor-widget elementor-widget-text-editor\" data-id=\"3e57367c\" data-element_type=\"widget\" data-widget_type=\"text-editor.default\">\n\t\t\t\t<div class=\"elementor-widget-container\">\n\t\t\t\t\t\t\t<h2>FUE para el trasplante capilar en Marruecos:<\/h2><p>Fue es el otro m\u00e9todo, m\u00e1s popular entre los pacientes a pesar de ser m\u00e1s caro. &#8220;FUE&#8221; es el nombre correcto en franc\u00e9s, ya que el t\u00e9rmino &#8220;FUE&#8221; procede del ingl\u00e9s. Para extraer los injertos se utiliza un bistur\u00ed en forma de tubo de 1 mm denominado &#8220;punch&#8221;.<\/p><ul class=\"liste-page\"><li>El principio: Esta t\u00e9cnica consiste en extraer los bulbos directamente de la parte posterior del cuero cabelludo del donante mediante una peque\u00f1a fresa quir\u00fargica de 1 a 0,7 mil\u00edmetros de di\u00e1metro.<\/li><\/ul><p>A continuaci\u00f3n, estos bulbos se reimplantan en las zonas que carecen de pelo.<\/p><p>La zona de eliminaci\u00f3n debe afeitarse y este m\u00e9todo es especialmente adecuado para zonas peque\u00f1as.<\/p><ul class=\"liste-page\"><li>\u00bfPara qui\u00e9n? Este m\u00e9todo es adecuado para las personas que desean tener una cicatriz menos visible. Se reserva sobre todo a los hombres menores de 35 a\u00f1os, pero se recomienda menos a las mujeres, ya que es imprescindible rasurar la zona donante.<\/li><li>Duraci\u00f3n de la intervenci\u00f3n: Este m\u00e9todo es exigente porque dura entre 5 y 10 horas, dependiendo de la zona a cubrir, durante las cuales el paciente debe permanecer sentado o tumbado.<\/li><li>Dolor y efectos postoperatorios: la FUE tambi\u00e9n se realiza con anestesia local. Al igual que con la FUT, el paciente no siente dolor durante la operaci\u00f3n y el postoperatorio es m\u00e1s corto, de una media de s\u00f3lo 5 d\u00edas;<\/li><\/ul><p>Tanto la tira como la FUE se realizan con anestesia local. Esto significa que el paciente no sentir\u00e1 nada durante el <strong>trasplante capilar marroqu\u00ed<\/strong>. Pero el paciente se recupera antes con la FUE porque las secuelas son m\u00e1s cortas. No se siente tirantez, s\u00f3lo algunas costras y rojeces que normalmente duran s\u00f3lo 5 d\u00edas.<\/p><ul class=\"liste-page\"><li>Ventajas: -La principal ventaja de este m\u00e9todo es que no deja cicatrices y est\u00e1 especialmente indicado para zonas peque\u00f1as.<\/li><li>Desventajas:-El cirujano trabaja aqu\u00ed un poco a ciegas y los implantes son m\u00e1s finos que los de la tira. Tambi\u00e9n existe un alto riesgo de muerte celular, ya que el procedimiento dura m\u00e1s tiempo.<\/li><\/ul><p>Por lo tanto, la FUE es para hombres j\u00f3venes que s\u00f3lo tienen una peque\u00f1a cantidad de calvicie y que no quieren una marca permanente. En este caso, la FUE sustituye a la t\u00e9cnica de la tira.<br \/>En conclusi\u00f3n, independientemente del m\u00e9todo elegido, FUE o FUT, es importante elegir al cirujano adecuado. Nuestros profesionales tienen muy buenos resultados porque realizan el <strong>trasplante capilar en Marruecos <\/strong>con eficacia.<\/p>\t\t\t\t\t\t<\/div>\n\t\t\t\t<\/div>\n\t\t\t\t\t<\/div>\n\t\t<\/div>\n\t\t\t\t\t<\/div>\n\t\t<\/section>\n\t\t\t\t<section class=\"elementor-section elementor-top-section elementor-element elementor-element-30ea76a center elementor-section-boxed elementor-section-height-default elementor-section-height-default\" data-id=\"30ea76a\" data-element_type=\"section\">\n\t\t\t\t\t\t<div class=\"elementor-container elementor-column-gap-default\">\n\t\t\t\t\t<div class=\"elementor-column elementor-col-100 elementor-top-column elementor-element elementor-element-5c0e3c7\" data-id=\"5c0e3c7\" data-element_type=\"column\">\n\t\t\t<div class=\"elementor-widget-wrap elementor-element-populated\">\n\t\t\t\t\t\t<div class=\"elementor-element elementor-element-2a384a8 elementor-widget elementor-widget-html\" data-id=\"2a384a8\" data-element_type=\"widget\" data-widget_type=\"html.default\">\n\t\t\t\t<div class=\"elementor-widget-container\">\n\t\t\t<div class=\"btn_devis btn_intern\"><a href=\"https:\/\/www.la-chirurgie-esthetique-maroc.com\/es\/cita\/\"><span>Presupuesto gratuito<\/span><\/a><\/div>\t\t<\/div>\n\t\t\t\t<\/div>\n\t\t\t\t\t<\/div>\n\t\t<\/div>\n\t\t\t\t\t<\/div>\n\t\t<\/section>\n\t\t\t\t<section class=\"elementor-section elementor-top-section elementor-element elementor-element-925bedc elementor-section-boxed elementor-section-height-default elementor-section-height-default\" data-id=\"925bedc\" data-element_type=\"section\">\n\t\t\t\t\t\t<div class=\"elementor-container elementor-column-gap-default\">\n\t\t\t\t\t<div class=\"elementor-column elementor-col-100 elementor-top-column elementor-element elementor-element-c43b84f\" data-id=\"c43b84f\" data-element_type=\"column\">\n\t\t\t<div class=\"elementor-widget-wrap elementor-element-populated\">\n\t\t\t\t\t\t<div class=\"elementor-element elementor-element-e3a2920 elementor-widget elementor-widget-text-editor\" data-id=\"e3a2920\" data-element_type=\"widget\" data-widget_type=\"text-editor.default\">\n\t\t\t\t<div class=\"elementor-widget-container\">\n\t\t\t\t\t\t\t<h2>T\u00e9cnica DHI de trasplante capilar en Marruecos<\/h2>\nPara entender mejor la t\u00e9cnica de <strong>trasplante capilar DHI Marruecos<\/strong>, es necesario conocer la diferencia entre la t\u00e9cnica FUT y la t\u00e9cnica FUE. El m\u00e9todo FUT consiste en extraer una tira de cuero cabelludo de la zona donante e implantarla posteriormente en la zona receptora. En el m\u00e9todo FUE, se utiliza un punz\u00f3n para extraer las unidades foliculares y estos fol\u00edculos extra\u00eddos se injertan en las zonas receptoras.\n<ul class=\"liste-page\">\n \t<li>El trasplante capilar con el m\u00e9todo DHI es de hecho una t\u00e9cnica FUE, la diferencia fundamental se basa en la forma de trasplantar los fol\u00edculos. En el m\u00e9todo de injerto FUE, el cirujano realiza una incisi\u00f3n en el cuero cabelludo y engancha las unidades foliculares dentro de estas incisiones. Sin embargo, la t\u00e9cnica de <strong>trasplante capilar IHD<\/strong> sin cicatrices requiere el uso de un dispositivo (la pluma de Choi) para poder implantarlas en el cuero cabelludo sin tener que realizar ninguna incisi\u00f3n.<\/li>\n \t<li>El implante capilar con el m\u00e9todo DHI utiliza la pluma Choi para controlar completamente el \u00e1ngulo, el grosor y la direcci\u00f3n de los fol\u00edculos implantados, creando la l\u00ednea del cabello, as\u00ed como un aspecto completamente natural.<\/li>\n \t<li>El paciente que se somete a una intervenci\u00f3n quir\u00fargica con la t\u00e9cnica DHI puede cicatrizar m\u00e1s r\u00e1pido que el paciente que se somete a un tratamiento con la t\u00e9cnica FUE.<\/li>\n<\/ul>\t\t\t\t\t\t<\/div>\n\t\t\t\t<\/div>\n\t\t\t\t\t<\/div>\n\t\t<\/div>\n\t\t\t\t\t<\/div>\n\t\t<\/section>\n\t\t\t\t<\/div>\n\t\t","protected":false},"excerpt":{"rendered":"<p>El trasplante capilar o implante capilar Marruecos es la cirug\u00eda est\u00e9tica m\u00e1s solicitada por los hombres en Francia. Estos \u00faltimos no saben a qui\u00e9n dirigirse porque este acto no est\u00e1 regulado. Muchos profesionales pueden realizar trasplantes capilares: dermat\u00f3logos, m\u00e9dicos generalistas y m\u00e9dicos est\u00e9ticos. Las tarifas tambi\u00e9n var\u00edan en funci\u00f3n del m\u00e9dico. Presupuesto gratuito con toda [&hellip;]<\/p>\n","protected":false},"author":2,"featured_media":6437,"parent":0,"menu_order":0,"comment_status":"closed","ping_status":"closed","template":"","meta":{"footnotes":""},"class_list":["post-6864","page","type-page","status-publish","has-post-thumbnail","hentry"],"yoast_head":"<!-- This site is optimized with the Yoast SEO plugin v27.5 - https:\/\/yoast.com\/product\/yoast-seo-wordpress\/ -->\n<title>Trasplante capilar Marruecos \u27a1\ufe0f implante capilar precios (FUT, FUE o DHI)<\/title>\n<meta name=\"description\" content=\"Trasplante capilar Marruecos: (FUT, FUE o DHI) \u2705 combatir la calvicie sin cicatriz y con un \u2b50 precio barato. Solicite su presupuesto gratuito.\" \/>\n<meta name=\"robots\" content=\"index, follow, max-snippet:-1, max-image-preview:large, max-video-preview:-1\" \/>\n<link rel=\"canonical\" href=\"https:\/\/www.la-chirurgie-esthetique-maroc.com\/es\/trasplante-capilar\/\" \/>\n<meta property=\"og:locale\" content=\"es_ES\" \/>\n<meta property=\"og:type\" content=\"article\" \/>\n<meta property=\"og:title\" content=\"Trasplante capilar Marruecos \u27a1\ufe0f implante capilar precios (FUT, FUE o DHI)\" \/>\n<meta property=\"og:description\" content=\"Trasplante capilar Marruecos: (FUT, FUE o DHI) \u2705 combatir la calvicie sin cicatriz y con un \u2b50 precio barato. Solicite su presupuesto gratuito.\" \/>\n<meta property=\"og:url\" content=\"https:\/\/www.la-chirurgie-esthetique-maroc.com\/es\/trasplante-capilar\/\" \/>\n<meta property=\"og:site_name\" content=\"Chirurgie esthetique Maroc\" \/>\n<meta property=\"article:modified_time\" content=\"2024-02-22T12:48:40+00:00\" \/>\n<meta property=\"og:image\" content=\"https:\/\/www.la-chirurgie-esthetique-maroc.com\/wp-content\/uploads\/2022\/01\/header_medecin_-esthetique.webp\" \/>\n\t<meta property=\"og:image:width\" content=\"552\" \/>\n\t<meta property=\"og:image:height\" content=\"612\" \/>\n\t<meta property=\"og:image:type\" content=\"image\/webp\" \/>\n<meta name=\"twitter:card\" content=\"summary_large_image\" \/>\n<meta name=\"twitter:label1\" content=\"Tiempo de lectura\" \/>\n\t<meta name=\"twitter:data1\" content=\"6 minutos\" \/>\n<!-- \/ Yoast SEO plugin. -->","yoast_head_json":{"title":"Trasplante capilar Marruecos \u27a1\ufe0f implante capilar precios (FUT, FUE o DHI)","description":"Trasplante capilar Marruecos: (FUT, FUE o DHI) \u2705 combatir la calvicie sin cicatriz y con un \u2b50 precio barato. Solicite su presupuesto gratuito.","robots":{"index":"index","follow":"follow","max-snippet":"max-snippet:-1","max-image-preview":"max-image-preview:large","max-video-preview":"max-video-preview:-1"},"canonical":"https:\/\/www.la-chirurgie-esthetique-maroc.com\/es\/trasplante-capilar\/","og_locale":"es_ES","og_type":"article","og_title":"Trasplante capilar Marruecos \u27a1\ufe0f implante capilar precios (FUT, FUE o DHI)","og_description":"Trasplante capilar Marruecos: (FUT, FUE o DHI) \u2705 combatir la calvicie sin cicatriz y con un \u2b50 precio barato. Solicite su presupuesto gratuito.","og_url":"https:\/\/www.la-chirurgie-esthetique-maroc.com\/es\/trasplante-capilar\/","og_site_name":"Chirurgie esthetique Maroc","article_modified_time":"2024-02-22T12:48:40+00:00","og_image":[{"width":552,"height":612,"url":"https:\/\/www.la-chirurgie-esthetique-maroc.com\/wp-content\/uploads\/2022\/01\/header_medecin_-esthetique.webp","type":"image\/webp"}],"twitter_card":"summary_large_image","twitter_misc":{"Tiempo de lectura":"6 minutos"},"schema":{"@context":"https:\/\/schema.org","@graph":[{"@type":"WebPage","@id":"https:\/\/www.la-chirurgie-esthetique-maroc.com\/es\/trasplante-capilar\/","url":"https:\/\/www.la-chirurgie-esthetique-maroc.com\/es\/trasplante-capilar\/","name":"Trasplante capilar Marruecos \u27a1\ufe0f implante capilar precios (FUT, FUE o DHI)","isPartOf":{"@id":"https:\/\/www.la-chirurgie-esthetique-maroc.com\/es\/#website"},"primaryImageOfPage":{"@id":"https:\/\/www.la-chirurgie-esthetique-maroc.com\/es\/trasplante-capilar\/#primaryimage"},"image":{"@id":"https:\/\/www.la-chirurgie-esthetique-maroc.com\/es\/trasplante-capilar\/#primaryimage"},"thumbnailUrl":"https:\/\/www.la-chirurgie-esthetique-maroc.com\/wp-content\/uploads\/2022\/01\/header_medecin_-esthetique.webp","datePublished":"2017-11-02T14:31:07+00:00","dateModified":"2024-02-22T12:48:40+00:00","description":"Trasplante capilar Marruecos: (FUT, FUE o DHI) \u2705 combatir la calvicie sin cicatriz y con un \u2b50 precio barato. Solicite su presupuesto gratuito.","breadcrumb":{"@id":"https:\/\/www.la-chirurgie-esthetique-maroc.com\/es\/trasplante-capilar\/#breadcrumb"},"inLanguage":"es","potentialAction":[{"@type":"ReadAction","target":["https:\/\/www.la-chirurgie-esthetique-maroc.com\/es\/trasplante-capilar\/"]}]},{"@type":"ImageObject","inLanguage":"es","@id":"https:\/\/www.la-chirurgie-esthetique-maroc.com\/es\/trasplante-capilar\/#primaryimage","url":"https:\/\/www.la-chirurgie-esthetique-maroc.com\/wp-content\/uploads\/2022\/01\/header_medecin_-esthetique.webp","contentUrl":"https:\/\/www.la-chirurgie-esthetique-maroc.com\/wp-content\/uploads\/2022\/01\/header_medecin_-esthetique.webp","width":552,"height":612},{"@type":"BreadcrumbList","@id":"https:\/\/www.la-chirurgie-esthetique-maroc.com\/es\/trasplante-capilar\/#breadcrumb","itemListElement":[{"@type":"ListItem","position":1,"name":"Accueil","item":"https:\/\/www.la-chirurgie-esthetique-maroc.com\/es\/"},{"@type":"ListItem","position":2,"name":"Trasplante capilar Marruecos : FUE, FUT o DHI"}]},{"@type":"WebSite","@id":"https:\/\/www.la-chirurgie-esthetique-maroc.com\/es\/#website","url":"https:\/\/www.la-chirurgie-esthetique-maroc.com\/es\/","name":"Chirurgie esthetique Maroc","description":"","publisher":{"@id":"https:\/\/www.la-chirurgie-esthetique-maroc.com\/es\/#organization"},"potentialAction":[{"@type":"SearchAction","target":{"@type":"EntryPoint","urlTemplate":"https:\/\/www.la-chirurgie-esthetique-maroc.com\/es\/?s={search_term_string}"},"query-input":{"@type":"PropertyValueSpecification","valueRequired":true,"valueName":"search_term_string"}}],"inLanguage":"es"},{"@type":"Organization","@id":"https:\/\/www.la-chirurgie-esthetique-maroc.com\/es\/#organization","name":"Chirurgie esthetique Maroc","url":"https:\/\/www.la-chirurgie-esthetique-maroc.com\/es\/","logo":{"@type":"ImageObject","inLanguage":"es","@id":"https:\/\/www.la-chirurgie-esthetique-maroc.com\/es\/#\/schema\/logo\/image\/","url":"https:\/\/www.la-chirurgie-esthetique-maroc.com\/wp-content\/uploads\/2022\/01\/cem3.png","contentUrl":"https:\/\/www.la-chirurgie-esthetique-maroc.com\/wp-content\/uploads\/2022\/01\/cem3.png","width":125,"height":41,"caption":"Chirurgie esthetique Maroc"},"image":{"@id":"https:\/\/www.la-chirurgie-esthetique-maroc.com\/es\/#\/schema\/logo\/image\/"}}]}},"_links":{"self":[{"href":"https:\/\/www.la-chirurgie-esthetique-maroc.com\/es\/wp-json\/wp\/v2\/pages\/6864","targetHints":{"allow":["GET"]}}],"collection":[{"href":"https:\/\/www.la-chirurgie-esthetique-maroc.com\/es\/wp-json\/wp\/v2\/pages"}],"about":[{"href":"https:\/\/www.la-chirurgie-esthetique-maroc.com\/es\/wp-json\/wp\/v2\/types\/page"}],"author":[{"embeddable":true,"href":"https:\/\/www.la-chirurgie-esthetique-maroc.com\/es\/wp-json\/wp\/v2\/users\/2"}],"replies":[{"embeddable":true,"href":"https:\/\/www.la-chirurgie-esthetique-maroc.com\/es\/wp-json\/wp\/v2\/comments?post=6864"}],"version-history":[{"count":10,"href":"https:\/\/www.la-chirurgie-esthetique-maroc.com\/es\/wp-json\/wp\/v2\/pages\/6864\/revisions"}],"predecessor-version":[{"id":8476,"href":"https:\/\/www.la-chirurgie-esthetique-maroc.com\/es\/wp-json\/wp\/v2\/pages\/6864\/revisions\/8476"}],"wp:featuredmedia":[{"embeddable":true,"href":"https:\/\/www.la-chirurgie-esthetique-maroc.com\/es\/wp-json\/wp\/v2\/media\/6437"}],"wp:attachment":[{"href":"https:\/\/www.la-chirurgie-esthetique-maroc.com\/es\/wp-json\/wp\/v2\/media?parent=6864"}],"curies":[{"name":"wp","href":"https:\/\/api.w.org\/{rel}","templated":true}]}}