{"id":6885,"date":"2017-11-07T11:23:52","date_gmt":"2017-11-07T10:23:52","guid":{"rendered":"https:\/\/www.la-chirurgie-esthetique-maroc.com\/tratamiento-de-cicatrices-marruecos\/"},"modified":"2024-02-22T13:49:40","modified_gmt":"2024-02-22T12:49:40","slug":"tratamiento-de-cicatrices","status":"publish","type":"page","link":"https:\/\/www.la-chirurgie-esthetique-maroc.com\/es\/tratamiento-de-cicatrices\/","title":{"rendered":"Tratamiento de cicatrices Marruecos"},"content":{"rendered":"\t\t<div data-elementor-type=\"wp-page\" data-elementor-id=\"6885\" class=\"elementor elementor-6885 elementor-1244\">\n\t\t\t\t\t\t<section class=\"elementor-section elementor-top-section elementor-element elementor-element-acf5f24 elementor-section-boxed elementor-section-height-default elementor-section-height-default\" data-id=\"acf5f24\" data-element_type=\"section\">\n\t\t\t\t\t\t<div class=\"elementor-container elementor-column-gap-default\">\n\t\t\t\t\t<div class=\"elementor-column elementor-col-100 elementor-top-column elementor-element elementor-element-67a0e7e\" data-id=\"67a0e7e\" data-element_type=\"column\">\n\t\t\t<div class=\"elementor-widget-wrap elementor-element-populated\">\n\t\t\t\t\t\t<div class=\"elementor-element elementor-element-18e496a elementor-widget elementor-widget-text-editor\" data-id=\"18e496a\" data-element_type=\"widget\" data-widget_type=\"text-editor.default\">\n\t\t\t\t<div class=\"elementor-widget-container\">\n\t\t\t\t\t\t\t\n\nUn <strong>tratamiento de cicatrices en Marruecos<\/strong> es una reparaci\u00f3n de la piel que pretende corregir y mejorar el aspecto de lesiones antiest\u00e9ticas en la cara u otra parte del cuerpo. Dependiendo del tipo de cicatriz, el m\u00e9dico podr\u00e1 aconsejar al paciente la t\u00e9cnica m\u00e1s adecuada para su caso.\n\nEl <strong>tratamiento de las cicatrices<\/strong> se realiza principalmente con l\u00e1ser. Este \u00faltimo, por su acci\u00f3n t\u00e9rmica, provocar\u00e1 una reacci\u00f3n inflamatoria que remodelar\u00e1 la dermis y borrar\u00e1 parcial o casi totalmente las lesiones cut\u00e1neas.\n\nLa medicina est\u00e9tica, a trav\u00e9s de las diferentes soluciones que ofrece y especialmente a trav\u00e9s del l\u00e1ser, puede reducir considerablemente el aspecto antiest\u00e9tico y antiest\u00e9tico de diferentes tipos de cicatrices, aunque la demanda m\u00e1s frecuente es para el tratamiento de cicatrices de acn\u00e9.\n<h2>Precio de un tratamiento de cicatrices en Marruecos<\/h2>\nEl <strong>precio del tratamiento de cicatrices en Marruecos<\/strong> depende del n\u00famero y la naturaleza de las cicatrices.\nEs necesario solicitar un presupuesto para conocer el precio en dinares o euros de sus sesiones de tratamiento de cicatrices con l\u00e1ser.\t\t\t\t\t\t<\/div>\n\t\t\t\t<\/div>\n\t\t\t\t\t<\/div>\n\t\t<\/div>\n\t\t\t\t\t<\/div>\n\t\t<\/section>\n\t\t\t\t<section class=\"elementor-section elementor-top-section elementor-element elementor-element-f593bc7 elementor-section-boxed elementor-section-height-default elementor-section-height-default\" data-id=\"f593bc7\" data-element_type=\"section\">\n\t\t\t\t\t\t<div class=\"elementor-container elementor-column-gap-default\">\n\t\t\t\t\t<div class=\"elementor-column elementor-col-66 elementor-top-column elementor-element elementor-element-1a778cf\" data-id=\"1a778cf\" data-element_type=\"column\">\n\t\t\t<div class=\"elementor-widget-wrap elementor-element-populated\">\n\t\t\t\t\t\t<div class=\"elementor-element elementor-element-808400d elementor-widget elementor-widget-text-editor\" data-id=\"808400d\" data-element_type=\"widget\" data-widget_type=\"text-editor.default\">\n\t\t\t\t<div class=\"elementor-widget-container\">\n\t\t\t\t\t\t\t<h2>Presupuesto expr\u00e9s gratuito<\/h2>\n<style>\r\n.align_center {\r\n    display: block;\r\n    text-align: center;\r\n    padding: 30px 0px;\r\n}\r\n<\/style>\r\n\r\n<div>\r\n\t<h2 class=\"align_center\">Presupuesto r\u00e1pido gratuito<\/h2>\r\n<iframe src=\"https:\/\/app.metocrm.com\/web-forms\/e1cab5bd-ef56-4a37-aa71-4857d931f368\"  height=\"800px\" width=\"100%\"  frameborder=\"0\" style=\"border-radius: 10px;\"><\/iframe>\r\n\r\n<\/div>\t\t\t\t\t\t<\/div>\n\t\t\t\t<\/div>\n\t\t\t\t\t<\/div>\n\t\t<\/div>\n\t\t\t\t<div class=\"elementor-column elementor-col-33 elementor-top-column elementor-element elementor-element-746b67d\" data-id=\"746b67d\" data-element_type=\"column\">\n\t\t\t<div class=\"elementor-widget-wrap elementor-element-populated\">\n\t\t\t\t\t\t<div class=\"elementor-element elementor-element-9690cac elementor-widget elementor-widget-image\" data-id=\"9690cac\" data-element_type=\"widget\" data-widget_type=\"image.default\">\n\t\t\t\t<div class=\"elementor-widget-container\">\n\t\t\t\t\t\t\t\t\t\t\t\t\t<img fetchpriority=\"high\" decoding=\"async\" width=\"508\" height=\"554\" src=\"https:\/\/www.la-chirurgie-esthetique-maroc.com\/wp-content\/uploads\/2022\/01\/la-chirurgie-esthetique-maroc_devis-1.webp\" class=\"attachment-large size-large wp-image-6422\" alt=\"\" srcset=\"https:\/\/www.la-chirurgie-esthetique-maroc.com\/wp-content\/uploads\/2022\/01\/la-chirurgie-esthetique-maroc_devis-1.webp 508w, https:\/\/www.la-chirurgie-esthetique-maroc.com\/wp-content\/uploads\/2022\/01\/la-chirurgie-esthetique-maroc_devis-1-275x300.webp 275w\" sizes=\"(max-width: 508px) 100vw, 508px\" \/>\t\t\t\t\t\t\t\t\t\t\t\t\t<\/div>\n\t\t\t\t<\/div>\n\t\t\t\t\t<\/div>\n\t\t<\/div>\n\t\t\t\t\t<\/div>\n\t\t<\/section>\n\t\t\t\t<section class=\"elementor-section elementor-top-section elementor-element elementor-element-77826a9 bg-color forme_1  elementor-section-boxed elementor-section-height-default elementor-section-height-default\" data-id=\"77826a9\" data-element_type=\"section\">\n\t\t\t\t\t\t<div class=\"elementor-container elementor-column-gap-default\">\n\t\t\t\t\t<div class=\"elementor-column elementor-col-100 elementor-top-column elementor-element elementor-element-5961f21\" data-id=\"5961f21\" data-element_type=\"column\">\n\t\t\t<div class=\"elementor-widget-wrap elementor-element-populated\">\n\t\t\t\t\t\t<section class=\"elementor-section elementor-inner-section elementor-element elementor-element-cc03db7 elementor-section-boxed elementor-section-height-default elementor-section-height-default\" data-id=\"cc03db7\" data-element_type=\"section\">\n\t\t\t\t\t\t<div class=\"elementor-container elementor-column-gap-default\">\n\t\t\t\t\t<div class=\"elementor-column elementor-col-100 elementor-inner-column elementor-element elementor-element-b250496\" data-id=\"b250496\" data-element_type=\"column\">\n\t\t\t<div class=\"elementor-widget-wrap elementor-element-populated\">\n\t\t\t\t\t\t<div class=\"elementor-element elementor-element-93ec64f elementor-widget elementor-widget-text-editor\" data-id=\"93ec64f\" data-element_type=\"widget\" data-widget_type=\"text-editor.default\">\n\t\t\t\t<div class=\"elementor-widget-container\">\n\t\t\t\t\t\t\t<h2>Desarrollo de una sesi\u00f3n de tratamiento de cicatrices con l\u00e1ser<\/h2>\n\n\nLa sesi\u00f3n de l\u00e1ser dura aproximadamente de 15 a 30 minutos, dependiendo del tama\u00f1o de la zona a tratar. Se realiza bajo anestesia local con una pomada anest\u00e9sica especial.\n\nDeben llevarse gafas protectoras.\n\nDurante la sesi\u00f3n, el m\u00e9dico realizar\u00e1 varias pasadas de l\u00e1ser sobre la cicatriz, con el objetivo de destruir toda la superficie de la epidermis. La luz l\u00e1ser penetra en la piel y regenera la dermis da\u00f1ada.\n\nLa cicatriz disminuir\u00e1 en anchura y profundidad.\n\nPor lo general, una sola sesi\u00f3n no es suficiente para que la cicatriz desaparezca, de ah\u00ed la necesidad de varias sesiones de tratamiento en funci\u00f3n de las lesiones a tratar.\t\t\t\t\t\t<\/div>\n\t\t\t\t<\/div>\n\t\t\t\t\t<\/div>\n\t\t<\/div>\n\t\t\t\t\t<\/div>\n\t\t<\/section>\n\t\t\t\t<div class=\"elementor-element elementor-element-62c2ebd elementor-widget elementor-widget-text-editor\" data-id=\"62c2ebd\" data-element_type=\"widget\" data-widget_type=\"text-editor.default\">\n\t\t\t\t<div class=\"elementor-widget-container\">\n\t\t\t\t\t\t\t<h2>Seguimiento del tratamiento de cicatrices con l\u00e1ser<\/h2>\n<ul class=\"liste-page\">\n \t<li>Sensaci\u00f3n de calor y enrojecimiento alrededor de la zona tratada durante los primeros d\u00edas.<\/li>\n \t<li>Se forma una costra que desaparece al cabo de una semana.<\/li>\n \t<li>Puede producirse hinchaz\u00f3n<\/li>\n \t<li>Es preferible evitar la exposici\u00f3n al sol despu\u00e9s de las sesiones y utilizar crema solar durante todo el tratamiento.<\/li>\n \t<li>Es necesario aplicar cremas y otras recetas para minimizar el riesgo de una mala cicatriz.<\/li>\n<\/ul>\t\t\t\t\t\t<\/div>\n\t\t\t\t<\/div>\n\t\t\t\t\t<\/div>\n\t\t<\/div>\n\t\t\t\t\t<\/div>\n\t\t<\/section>\n\t\t\t\t<section class=\"elementor-section elementor-top-section elementor-element elementor-element-0660f04 elementor-section-boxed elementor-section-height-default elementor-section-height-default\" data-id=\"0660f04\" data-element_type=\"section\">\n\t\t\t\t\t\t<div class=\"elementor-container elementor-column-gap-default\">\n\t\t\t\t\t<div class=\"elementor-column elementor-col-100 elementor-top-column elementor-element elementor-element-e89c656 align_content_center\" data-id=\"e89c656\" data-element_type=\"column\">\n\t\t\t<div class=\"elementor-widget-wrap elementor-element-populated\">\n\t\t\t\t\t\t<div class=\"elementor-element elementor-element-997b0d7 elementor-widget elementor-widget-text-editor\" data-id=\"997b0d7\" data-element_type=\"widget\" data-widget_type=\"text-editor.default\">\n\t\t\t\t<div class=\"elementor-widget-container\">\n\t\t\t\t\t\t\t<h2>Resultado de un tratamiento de cicatrices<\/h2>\n\n\nEl resultado final se obtendr\u00e1 al cabo de unos 6 meses de la realizaci\u00f3n de todas las sesiones con una notable reducci\u00f3n o incluso desaparici\u00f3n completa de las cicatrices.\n\nSin embargo, este resultado var\u00eda en funci\u00f3n de la respuesta de cada paciente al <strong>tratamiento de las cicatrices<\/strong>.\t\t\t\t\t\t<\/div>\n\t\t\t\t<\/div>\n\t\t\t\t\t<\/div>\n\t\t<\/div>\n\t\t\t\t\t<\/div>\n\t\t<\/section>\n\t\t\t\t<section class=\"elementor-section elementor-top-section elementor-element elementor-element-3a905dc4 elementor-section-boxed elementor-section-height-default elementor-section-height-default\" data-id=\"3a905dc4\" data-element_type=\"section\">\n\t\t\t\t\t\t<div class=\"elementor-container elementor-column-gap-default\">\n\t\t\t\t\t<div class=\"elementor-column elementor-col-100 elementor-top-column elementor-element elementor-element-47ebe8bb\" data-id=\"47ebe8bb\" data-element_type=\"column\">\n\t\t\t<div class=\"elementor-widget-wrap elementor-element-populated\">\n\t\t\t\t\t\t<div class=\"elementor-element elementor-element-11005318 elementor-widget elementor-widget-text-editor\" data-id=\"11005318\" data-element_type=\"widget\" data-widget_type=\"text-editor.default\">\n\t\t\t\t<div class=\"elementor-widget-container\">\n\t\t\t\t\t\t\t\n<h2>Indicaciones para el tratamiento de cicatrices con l\u00e1ser<\/h2>\nPor desgracia, no todas las secuelas pueden aliviarse. El <strong>tratamiento con l\u00e1ser<\/strong> se dirige a las siguientes formas de cicatrizaci\u00f3n:\n<ul class=\"liste-page\">\n \t<li>Cicatrices huecas: aparecen como consecuencia de una herida o una herida mal suturada. Tambi\u00e9n pueden ser el resultado de una mala cicatrizaci\u00f3n tras una intervenci\u00f3n quir\u00fargica.<\/li>\n \t<li>Cicatrices de acn\u00e9: tienen forma de peque\u00f1as depresiones hundidas o, en otros casos, pueden ser fibrosas.<\/li>\n \t<li>Cicatrices queloides: son gruesas e hinchadas.<\/li>\n \t<li>Cicatrices de quemaduras.<\/li>\n<\/ul>\nSe puede tratar su coloraci\u00f3n, aspecto superficial, anchura y profundidad.\t\t\t\t\t\t<\/div>\n\t\t\t\t<\/div>\n\t\t\t\t\t<\/div>\n\t\t<\/div>\n\t\t\t\t\t<\/div>\n\t\t<\/section>\n\t\t\t\t<section class=\"elementor-section elementor-top-section elementor-element elementor-element-b97120b center elementor-section-boxed elementor-section-height-default elementor-section-height-default\" data-id=\"b97120b\" data-element_type=\"section\">\n\t\t\t\t\t\t<div class=\"elementor-container elementor-column-gap-default\">\n\t\t\t\t\t<div class=\"elementor-column elementor-col-100 elementor-top-column elementor-element elementor-element-1cbf92f\" data-id=\"1cbf92f\" data-element_type=\"column\">\n\t\t\t<div class=\"elementor-widget-wrap elementor-element-populated\">\n\t\t\t\t\t\t<div class=\"elementor-element elementor-element-2032870 elementor-widget elementor-widget-html\" data-id=\"2032870\" data-element_type=\"widget\" data-widget_type=\"html.default\">\n\t\t\t\t<div class=\"elementor-widget-container\">\n\t\t\t<div class=\"btn_devis btn_intern\"><a href=\"https:\/\/www.la-chirurgie-esthetique-maroc.com\/es\/cita\/\"><span>Presupuesto gratuito<\/span><\/a><\/div>\t\t<\/div>\n\t\t\t\t<\/div>\n\t\t\t\t\t<\/div>\n\t\t<\/div>\n\t\t\t\t\t<\/div>\n\t\t<\/section>\n\t\t\t\t<\/div>\n\t\t","protected":false},"excerpt":{"rendered":"<p>Un tratamiento de cicatrices en Marruecos es una reparaci\u00f3n de la piel que pretende corregir y mejorar el aspecto de lesiones antiest\u00e9ticas en la cara u otra parte del cuerpo. Dependiendo del tipo de cicatriz, el m\u00e9dico podr\u00e1 aconsejar al paciente la t\u00e9cnica m\u00e1s adecuada para su caso. El tratamiento de las cicatrices se realiza [&hellip;]<\/p>\n","protected":false},"author":2,"featured_media":6437,"parent":0,"menu_order":0,"comment_status":"closed","ping_status":"closed","template":"","meta":{"footnotes":""},"class_list":["post-6885","page","type-page","status-publish","has-post-thumbnail","hentry"],"yoast_head":"<!-- This site is optimized with the Yoast SEO plugin v27.4 - https:\/\/yoast.com\/product\/yoast-seo-wordpress\/ -->\n<title>Cicatrices tratamiento Marruecos : precio del tratamiento de cicatrices con l\u00e1ser<\/title>\n<meta name=\"description\" content=\"Tratamiento de cicatrices Marruecos: precio barato para mejorar el aspecto de una cicatriz con tratamiento l\u00e1ser. Solicite su presupuesto gratuito\" \/>\n<meta name=\"robots\" content=\"index, follow, max-snippet:-1, max-image-preview:large, max-video-preview:-1\" \/>\n<link rel=\"canonical\" href=\"https:\/\/www.la-chirurgie-esthetique-maroc.com\/es\/tratamiento-de-cicatrices\/\" \/>\n<meta property=\"og:locale\" content=\"es_ES\" \/>\n<meta property=\"og:type\" content=\"article\" \/>\n<meta property=\"og:title\" content=\"Cicatrices tratamiento Marruecos : precio del tratamiento de cicatrices con l\u00e1ser\" \/>\n<meta property=\"og:description\" content=\"Tratamiento de cicatrices Marruecos: precio barato para mejorar el aspecto de una cicatriz con tratamiento l\u00e1ser. Solicite su presupuesto gratuito\" \/>\n<meta property=\"og:url\" content=\"https:\/\/www.la-chirurgie-esthetique-maroc.com\/es\/tratamiento-de-cicatrices\/\" \/>\n<meta property=\"og:site_name\" content=\"Chirurgie esthetique Maroc\" \/>\n<meta property=\"article:modified_time\" content=\"2024-02-22T12:49:40+00:00\" \/>\n<meta property=\"og:image\" content=\"https:\/\/www.la-chirurgie-esthetique-maroc.com\/wp-content\/uploads\/2022\/01\/header_medecin_-esthetique.webp\" \/>\n\t<meta property=\"og:image:width\" content=\"552\" \/>\n\t<meta property=\"og:image:height\" content=\"612\" \/>\n\t<meta property=\"og:image:type\" content=\"image\/webp\" \/>\n<meta name=\"twitter:card\" content=\"summary_large_image\" \/>\n<meta name=\"twitter:label1\" content=\"Tiempo de lectura\" \/>\n\t<meta name=\"twitter:data1\" content=\"3 minutos\" \/>\n<!-- \/ Yoast SEO plugin. -->","yoast_head_json":{"title":"Cicatrices tratamiento Marruecos : precio del tratamiento de cicatrices con l\u00e1ser","description":"Tratamiento de cicatrices Marruecos: precio barato para mejorar el aspecto de una cicatriz con tratamiento l\u00e1ser. Solicite su presupuesto gratuito","robots":{"index":"index","follow":"follow","max-snippet":"max-snippet:-1","max-image-preview":"max-image-preview:large","max-video-preview":"max-video-preview:-1"},"canonical":"https:\/\/www.la-chirurgie-esthetique-maroc.com\/es\/tratamiento-de-cicatrices\/","og_locale":"es_ES","og_type":"article","og_title":"Cicatrices tratamiento Marruecos : precio del tratamiento de cicatrices con l\u00e1ser","og_description":"Tratamiento de cicatrices Marruecos: precio barato para mejorar el aspecto de una cicatriz con tratamiento l\u00e1ser. Solicite su presupuesto gratuito","og_url":"https:\/\/www.la-chirurgie-esthetique-maroc.com\/es\/tratamiento-de-cicatrices\/","og_site_name":"Chirurgie esthetique Maroc","article_modified_time":"2024-02-22T12:49:40+00:00","og_image":[{"width":552,"height":612,"url":"https:\/\/www.la-chirurgie-esthetique-maroc.com\/wp-content\/uploads\/2022\/01\/header_medecin_-esthetique.webp","type":"image\/webp"}],"twitter_card":"summary_large_image","twitter_misc":{"Tiempo de lectura":"3 minutos"},"schema":{"@context":"https:\/\/schema.org","@graph":[{"@type":"WebPage","@id":"https:\/\/www.la-chirurgie-esthetique-maroc.com\/es\/tratamiento-de-cicatrices\/","url":"https:\/\/www.la-chirurgie-esthetique-maroc.com\/es\/tratamiento-de-cicatrices\/","name":"Cicatrices tratamiento Marruecos : precio del tratamiento de cicatrices con l\u00e1ser","isPartOf":{"@id":"https:\/\/www.la-chirurgie-esthetique-maroc.com\/es\/#website"},"primaryImageOfPage":{"@id":"https:\/\/www.la-chirurgie-esthetique-maroc.com\/es\/tratamiento-de-cicatrices\/#primaryimage"},"image":{"@id":"https:\/\/www.la-chirurgie-esthetique-maroc.com\/es\/tratamiento-de-cicatrices\/#primaryimage"},"thumbnailUrl":"https:\/\/www.la-chirurgie-esthetique-maroc.com\/wp-content\/uploads\/2022\/01\/header_medecin_-esthetique.webp","datePublished":"2017-11-07T10:23:52+00:00","dateModified":"2024-02-22T12:49:40+00:00","description":"Tratamiento de cicatrices Marruecos: precio barato para mejorar el aspecto de una cicatriz con tratamiento l\u00e1ser. Solicite su presupuesto gratuito","breadcrumb":{"@id":"https:\/\/www.la-chirurgie-esthetique-maroc.com\/es\/tratamiento-de-cicatrices\/#breadcrumb"},"inLanguage":"es","potentialAction":[{"@type":"ReadAction","target":["https:\/\/www.la-chirurgie-esthetique-maroc.com\/es\/tratamiento-de-cicatrices\/"]}]},{"@type":"ImageObject","inLanguage":"es","@id":"https:\/\/www.la-chirurgie-esthetique-maroc.com\/es\/tratamiento-de-cicatrices\/#primaryimage","url":"https:\/\/www.la-chirurgie-esthetique-maroc.com\/wp-content\/uploads\/2022\/01\/header_medecin_-esthetique.webp","contentUrl":"https:\/\/www.la-chirurgie-esthetique-maroc.com\/wp-content\/uploads\/2022\/01\/header_medecin_-esthetique.webp","width":552,"height":612},{"@type":"BreadcrumbList","@id":"https:\/\/www.la-chirurgie-esthetique-maroc.com\/es\/tratamiento-de-cicatrices\/#breadcrumb","itemListElement":[{"@type":"ListItem","position":1,"name":"Accueil","item":"https:\/\/www.la-chirurgie-esthetique-maroc.com\/es\/"},{"@type":"ListItem","position":2,"name":"Tratamiento de cicatrices Marruecos"}]},{"@type":"WebSite","@id":"https:\/\/www.la-chirurgie-esthetique-maroc.com\/es\/#website","url":"https:\/\/www.la-chirurgie-esthetique-maroc.com\/es\/","name":"Chirurgie esthetique Maroc","description":"","publisher":{"@id":"https:\/\/www.la-chirurgie-esthetique-maroc.com\/es\/#organization"},"potentialAction":[{"@type":"SearchAction","target":{"@type":"EntryPoint","urlTemplate":"https:\/\/www.la-chirurgie-esthetique-maroc.com\/es\/?s={search_term_string}"},"query-input":{"@type":"PropertyValueSpecification","valueRequired":true,"valueName":"search_term_string"}}],"inLanguage":"es"},{"@type":"Organization","@id":"https:\/\/www.la-chirurgie-esthetique-maroc.com\/es\/#organization","name":"Chirurgie esthetique Maroc","url":"https:\/\/www.la-chirurgie-esthetique-maroc.com\/es\/","logo":{"@type":"ImageObject","inLanguage":"es","@id":"https:\/\/www.la-chirurgie-esthetique-maroc.com\/es\/#\/schema\/logo\/image\/","url":"https:\/\/www.la-chirurgie-esthetique-maroc.com\/wp-content\/uploads\/2022\/01\/cem3.png","contentUrl":"https:\/\/www.la-chirurgie-esthetique-maroc.com\/wp-content\/uploads\/2022\/01\/cem3.png","width":125,"height":41,"caption":"Chirurgie esthetique Maroc"},"image":{"@id":"https:\/\/www.la-chirurgie-esthetique-maroc.com\/es\/#\/schema\/logo\/image\/"}}]}},"_links":{"self":[{"href":"https:\/\/www.la-chirurgie-esthetique-maroc.com\/es\/wp-json\/wp\/v2\/pages\/6885","targetHints":{"allow":["GET"]}}],"collection":[{"href":"https:\/\/www.la-chirurgie-esthetique-maroc.com\/es\/wp-json\/wp\/v2\/pages"}],"about":[{"href":"https:\/\/www.la-chirurgie-esthetique-maroc.com\/es\/wp-json\/wp\/v2\/types\/page"}],"author":[{"embeddable":true,"href":"https:\/\/www.la-chirurgie-esthetique-maroc.com\/es\/wp-json\/wp\/v2\/users\/2"}],"replies":[{"embeddable":true,"href":"https:\/\/www.la-chirurgie-esthetique-maroc.com\/es\/wp-json\/wp\/v2\/comments?post=6885"}],"version-history":[{"count":9,"href":"https:\/\/www.la-chirurgie-esthetique-maroc.com\/es\/wp-json\/wp\/v2\/pages\/6885\/revisions"}],"predecessor-version":[{"id":8479,"href":"https:\/\/www.la-chirurgie-esthetique-maroc.com\/es\/wp-json\/wp\/v2\/pages\/6885\/revisions\/8479"}],"wp:featuredmedia":[{"embeddable":true,"href":"https:\/\/www.la-chirurgie-esthetique-maroc.com\/es\/wp-json\/wp\/v2\/media\/6437"}],"wp:attachment":[{"href":"https:\/\/www.la-chirurgie-esthetique-maroc.com\/es\/wp-json\/wp\/v2\/media?parent=6885"}],"curies":[{"name":"wp","href":"https:\/\/api.w.org\/{rel}","templated":true}]}}