{"id":6888,"date":"2017-11-10T10:03:11","date_gmt":"2017-11-10T09:03:11","guid":{"rendered":"https:\/\/www.la-chirurgie-esthetique-maroc.com\/eliminacion-de-tatuajes-con-laser-marruecos-elimine-su-tatuaje-con-laser\/"},"modified":"2024-02-22T13:50:04","modified_gmt":"2024-02-22T12:50:04","slug":"eliminacion-de-tatuajes-con-laser","status":"publish","type":"page","link":"https:\/\/www.la-chirurgie-esthetique-maroc.com\/es\/eliminacion-de-tatuajes-con-laser\/","title":{"rendered":"Eliminaci\u00f3n de tatuajes con l\u00e1ser Marruecos : elimine su tatuaje con l\u00e1ser"},"content":{"rendered":"\t\t<div data-elementor-type=\"wp-page\" data-elementor-id=\"6888\" class=\"elementor elementor-6888 elementor-1292\">\n\t\t\t\t\t\t<section class=\"elementor-section elementor-top-section elementor-element elementor-element-8c17036 elementor-section-boxed elementor-section-height-default elementor-section-height-default\" data-id=\"8c17036\" data-element_type=\"section\">\n\t\t\t\t\t\t<div class=\"elementor-container elementor-column-gap-default\">\n\t\t\t\t\t<div class=\"elementor-column elementor-col-100 elementor-top-column elementor-element elementor-element-3b5f073 align_content_center\" data-id=\"3b5f073\" data-element_type=\"column\">\n\t\t\t<div class=\"elementor-widget-wrap elementor-element-populated\">\n\t\t\t\t\t\t<div class=\"elementor-element elementor-element-28d404a elementor-widget elementor-widget-text-editor\" data-id=\"28d404a\" data-element_type=\"widget\" data-widget_type=\"text-editor.default\">\n\t\t\t\t<div class=\"elementor-widget-container\">\n\t\t\t\t\t\t\t\n\nHubo un tiempo en que hab\u00eda que estar muy seguro de uno mismo antes de hacerse un tatuaje. Una vez puesto, no se puede quitar. Ese tiempo ya ha pasado. Es posible eliminar los tatuajes con <strong>l\u00e1ser eliminaci\u00f3n de tatuajes Marruecos<\/strong>. Grace tiene varios l\u00e1seres, m\u00e1s concretamente cuatro. Ahora es posible hacerse una eliminaci\u00f3n de tatuajes en Marruecos. \u00bfC\u00f3mo funciona el procedimiento? \u00bfQu\u00e9 resultados cabe esperar y cu\u00e1les son los riesgos?\t\t\t\t\t\t<\/div>\n\t\t\t\t<\/div>\n\t\t\t\t\t<\/div>\n\t\t<\/div>\n\t\t\t\t\t<\/div>\n\t\t<\/section>\n\t\t\t\t<section class=\"elementor-section elementor-top-section elementor-element elementor-element-30cc25f elementor-section-boxed elementor-section-height-default elementor-section-height-default\" data-id=\"30cc25f\" data-element_type=\"section\">\n\t\t\t\t\t\t<div class=\"elementor-container elementor-column-gap-default\">\n\t\t\t\t\t<div class=\"elementor-column elementor-col-66 elementor-top-column elementor-element elementor-element-9a7d49a\" data-id=\"9a7d49a\" data-element_type=\"column\">\n\t\t\t<div class=\"elementor-widget-wrap elementor-element-populated\">\n\t\t\t\t\t\t<div class=\"elementor-element elementor-element-b54ffa3 elementor-widget elementor-widget-text-editor\" data-id=\"b54ffa3\" data-element_type=\"widget\" data-widget_type=\"text-editor.default\">\n\t\t\t\t<div class=\"elementor-widget-container\">\n\t\t\t\t\t\t\t<h2>Presupuesto expr\u00e9s gratuito<\/h2>\n<style>\r\n.align_center {\r\n    display: block;\r\n    text-align: center;\r\n    padding: 30px 0px;\r\n}\r\n<\/style>\r\n\r\n<div>\r\n\t<h2 class=\"align_center\">Presupuesto r\u00e1pido gratuito<\/h2>\r\n<iframe src=\"https:\/\/app.metocrm.com\/web-forms\/e1cab5bd-ef56-4a37-aa71-4857d931f368\"  height=\"800px\" width=\"100%\"  frameborder=\"0\" style=\"border-radius: 10px;\"><\/iframe>\r\n\r\n<\/div>\t\t\t\t\t\t<\/div>\n\t\t\t\t<\/div>\n\t\t\t\t\t<\/div>\n\t\t<\/div>\n\t\t\t\t<div class=\"elementor-column elementor-col-33 elementor-top-column elementor-element elementor-element-2f36880\" data-id=\"2f36880\" data-element_type=\"column\">\n\t\t\t<div class=\"elementor-widget-wrap elementor-element-populated\">\n\t\t\t\t\t\t<div class=\"elementor-element elementor-element-12d5c31 elementor-widget elementor-widget-image\" data-id=\"12d5c31\" data-element_type=\"widget\" data-widget_type=\"image.default\">\n\t\t\t\t<div class=\"elementor-widget-container\">\n\t\t\t\t\t\t\t\t\t\t\t\t\t<img fetchpriority=\"high\" decoding=\"async\" width=\"508\" height=\"554\" src=\"https:\/\/www.la-chirurgie-esthetique-maroc.com\/wp-content\/uploads\/2022\/01\/la-chirurgie-esthetique-maroc_devis-1.webp\" class=\"attachment-large size-large wp-image-6422\" alt=\"\" srcset=\"https:\/\/www.la-chirurgie-esthetique-maroc.com\/wp-content\/uploads\/2022\/01\/la-chirurgie-esthetique-maroc_devis-1.webp 508w, https:\/\/www.la-chirurgie-esthetique-maroc.com\/wp-content\/uploads\/2022\/01\/la-chirurgie-esthetique-maroc_devis-1-275x300.webp 275w\" sizes=\"(max-width: 508px) 100vw, 508px\" \/>\t\t\t\t\t\t\t\t\t\t\t\t\t<\/div>\n\t\t\t\t<\/div>\n\t\t\t\t\t<\/div>\n\t\t<\/div>\n\t\t\t\t\t<\/div>\n\t\t<\/section>\n\t\t\t\t<section class=\"elementor-section elementor-top-section elementor-element elementor-element-741af03 bg-color forme_1  elementor-section-boxed elementor-section-height-default elementor-section-height-default\" data-id=\"741af03\" data-element_type=\"section\">\n\t\t\t\t\t\t<div class=\"elementor-container elementor-column-gap-default\">\n\t\t\t\t\t<div class=\"elementor-column elementor-col-100 elementor-top-column elementor-element elementor-element-30d20c5\" data-id=\"30d20c5\" data-element_type=\"column\">\n\t\t\t<div class=\"elementor-widget-wrap elementor-element-populated\">\n\t\t\t\t\t\t<div class=\"elementor-element elementor-element-5085878 elementor-widget elementor-widget-text-editor\" data-id=\"5085878\" data-element_type=\"widget\" data-widget_type=\"text-editor.default\">\n\t\t\t\t<div class=\"elementor-widget-container\">\n\t\t\t\t\t\t\t<h2>Precios de la eliminaci\u00f3n de tatuajes con l\u00e1ser en Marruecos<\/h2>\nPara conocer el <strong>precio de la eliminaci\u00f3n de tatuajes con l\u00e1ser en Marruecos<\/strong>, nuestra cl\u00ednica le ofrece un presupuesto gratuito y personalizado con todos los detalles sobre su tratamiento de <strong>eliminaci\u00f3n de tatuajes con l\u00e1ser<\/strong>. Nuestra cl\u00ednica tambi\u00e9n ofrece una estancia m\u00e9dica barata con todo incluido. Para obtener el precio en dinares tambi\u00e9n debe solicitar un presupuesto para la eliminaci\u00f3n de tatuajes en Casablanca, Rabat&#8230;\n\t\t\t\t\t\t<\/div>\n\t\t\t\t<\/div>\n\t\t\t\t<div class=\"elementor-element elementor-element-a1abc4d center elementor-widget elementor-widget-html\" data-id=\"a1abc4d\" data-element_type=\"widget\" data-widget_type=\"html.default\">\n\t\t\t\t<div class=\"elementor-widget-container\">\n\t\t\t<div class=\"btn_devis\"><a href=\"https:\/\/www.la-chirurgie-esthetique-maroc.com\/es\/cita\/\"><span>Presupuesto gratuito para la eliminaci\u00f3n de tatuajes en Marruecos<\/span><\/a><\/div>\t\t<\/div>\n\t\t\t\t<\/div>\n\t\t\t\t<div class=\"elementor-element elementor-element-1cd1297 elementor-widget elementor-widget-text-editor\" data-id=\"1cd1297\" data-element_type=\"widget\" data-widget_type=\"text-editor.default\">\n\t\t\t\t<div class=\"elementor-widget-container\">\n\t\t\t\t\t\t\t\n\n<h2>\u00bfC\u00f3mo se elimina un tatuaje con l\u00e1ser?<\/h2>\nTanto si se encuentra en la fase de arrepentimiento como si s\u00f3lo quiere deshacerse de su tatuaje y ponerse uno nuevo encima, puede acudir a un dermat\u00f3logo para que le <strong>elimine los tatuajes con l\u00e1ser de Marruecos<\/strong>. Durante la primera consulta y antes de cualquier tratamiento, el m\u00e9dico comprueba el historial m\u00e9dico y el estado de salud del paciente.\n\nAlgunos medicamentos son fotosensibilizantes, lo que significa que provocan reacciones al\u00e9rgicas cuando se exponen a la luz. Si el paciente est\u00e1 sometido a un tratamiento de este tipo, debe suspenderlo o renunciar al l\u00e1ser. Las mujeres embarazadas no podr\u00e1n someterse al tratamiento con l\u00e1ser.\n\nEs importante determinar sus objetivos y definir sus expectativas con respecto a la <strong>eliminaci\u00f3n de tatuajes con l\u00e1ser<\/strong>. Hay varios factores que influyen en la eficacia del tratamiento:\n<ul class=\"liste-page\">\n \t<li>Localizaci\u00f3n: Las zonas con mala circulaci\u00f3n cicatrizar\u00e1n menos r\u00e1pidamente y tender\u00e1n a dejar marcas.<\/li>\n \t<li>Exposici\u00f3n al sol: las zonas bronceadas tras el tratamiento con l\u00e1ser dejar\u00e1n cicatrices blancas, por lo que los profesionales suelen negarse a tratarlas.<\/li>\n \t<li>El n\u00famero de sesiones: ning\u00fan tatuaje desaparecer\u00e1 en una sola sesi\u00f3n. Los tratamientos pueden durar un a\u00f1o o m\u00e1s, dependiendo del tama\u00f1o, la zona y los colores utilizados en el tatuaje.<\/li>\n<\/ul>\t\t\t\t\t\t<\/div>\n\t\t\t\t<\/div>\n\t\t\t\t\t<\/div>\n\t\t<\/div>\n\t\t\t\t\t<\/div>\n\t\t<\/section>\n\t\t\t\t<section class=\"elementor-section elementor-top-section elementor-element elementor-element-6a98fc1 elementor-section-boxed elementor-section-height-default elementor-section-height-default\" data-id=\"6a98fc1\" data-element_type=\"section\">\n\t\t\t\t\t\t<div class=\"elementor-container elementor-column-gap-default\">\n\t\t\t\t\t<div class=\"elementor-column elementor-col-100 elementor-top-column elementor-element elementor-element-375f43b\" data-id=\"375f43b\" data-element_type=\"column\">\n\t\t\t<div class=\"elementor-widget-wrap elementor-element-populated\">\n\t\t\t\t\t\t<div class=\"elementor-element elementor-element-f38bdb8 elementor-widget elementor-widget-text-editor\" data-id=\"f38bdb8\" data-element_type=\"widget\" data-widget_type=\"text-editor.default\">\n\t\t\t\t<div class=\"elementor-widget-container\">\n\t\t\t\t\t\t\t<h2>\u00bfC\u00f3mo se realiza la sesi\u00f3n de eliminaci\u00f3n de tatuajes en Marruecos?<\/h2>\n\n\nDurante la primera sesi\u00f3n, el m\u00e9dico realiza una primera pasada del l\u00e1ser sobre el tatuaje. Existen diferentes tipos de l\u00e1ser. Lo que las distingue son sus longitudes de onda, que les permiten procesar diferentes colores de tinta. Los colores como el amarillo o el verde claro son muy dif\u00edciles de eliminar, otros colores como el negro son relativamente f\u00e1ciles de eliminar. El l\u00e1ser explota la tinta dentro de la piel.\n\nLas migas de tinta resultantes de la explosi\u00f3n son transportadas por el organismo a trav\u00e9s de los macr\u00f3fagos y posteriormente rechazadas. La explosi\u00f3n emite gases que suben a la superficie y crean una capa blanca en la superficie de la piel. Esta costra desaparece r\u00e1pidamente y el tatuaje vuelve a aparecer, de ah\u00ed la necesidad de repetir las sesiones: el l\u00e1ser no puede dividir toda la tinta de una sola vez. En general, se espera un mes antes de la segunda sesi\u00f3n. Tiempo para que sane la zona. Durante este periodo, est\u00e1 prohibido exponerse al sol. Se prescribe y recomienda encarecidamente la aplicaci\u00f3n de un vendaje y una pomada cicatrizante.\t\t\t\t\t\t<\/div>\n\t\t\t\t<\/div>\n\t\t\t\t\t<\/div>\n\t\t<\/div>\n\t\t\t\t\t<\/div>\n\t\t<\/section>\n\t\t\t\t<section class=\"elementor-section elementor-top-section elementor-element elementor-element-fd87030 elementor-section-boxed elementor-section-height-default elementor-section-height-default\" data-id=\"fd87030\" data-element_type=\"section\">\n\t\t\t\t\t\t<div class=\"elementor-container elementor-column-gap-default\">\n\t\t\t\t\t<div class=\"elementor-column elementor-col-100 elementor-top-column elementor-element elementor-element-95f30f4\" data-id=\"95f30f4\" data-element_type=\"column\">\n\t\t\t<div class=\"elementor-widget-wrap elementor-element-populated\">\n\t\t\t\t\t\t<div class=\"elementor-element elementor-element-d6f27ff elementor-widget elementor-widget-text-editor\" data-id=\"d6f27ff\" data-element_type=\"widget\" data-widget_type=\"text-editor.default\">\n\t\t\t\t<div class=\"elementor-widget-container\">\n\t\t\t\t\t\t\t<h2>\u00bfCu\u00e1les son los resultados de la eliminaci\u00f3n de tatuajes con l\u00e1ser?<\/h2>\n\n\nEl pron\u00f3stico de una <strong>eliminaci\u00f3n de tatuajes con l\u00e1ser en <\/strong>Marruecos es bastante complicado (la profundidad de los pigmentos y sus densidades as\u00ed como sus coloraciones) por eso el m\u00e9dico define el n\u00famero adecuado de sesiones en funci\u00f3n de cada caso. Un tatuaje realizado por un aficionado tender\u00e1 a estar menos concentrado (mano indecisa) y ser\u00e1 m\u00e1s f\u00e1cil de eliminar. Los tatuajes realizados por profesionales siempre requerir\u00e1n m\u00e1s sesiones.\t\t\t\t\t\t<\/div>\n\t\t\t\t<\/div>\n\t\t\t\t\t<\/div>\n\t\t<\/div>\n\t\t\t\t\t<\/div>\n\t\t<\/section>\n\t\t\t\t<section class=\"elementor-section elementor-top-section elementor-element elementor-element-4c4be539 elementor-section-boxed elementor-section-height-default elementor-section-height-default\" data-id=\"4c4be539\" data-element_type=\"section\">\n\t\t\t\t\t\t<div class=\"elementor-container elementor-column-gap-default\">\n\t\t\t\t\t<div class=\"elementor-column elementor-col-100 elementor-top-column elementor-element elementor-element-679c213\" data-id=\"679c213\" data-element_type=\"column\">\n\t\t\t<div class=\"elementor-widget-wrap elementor-element-populated\">\n\t\t\t\t\t\t<div class=\"elementor-element elementor-element-76ee6b46 elementor-widget elementor-widget-text-editor\" data-id=\"76ee6b46\" data-element_type=\"widget\" data-widget_type=\"text-editor.default\">\n\t\t\t\t<div class=\"elementor-widget-container\">\n\t\t\t\t\t\t\t\n<h2>\u00bfCu\u00e1les son los riesgos de la eliminaci\u00f3n de tatuajes con l\u00e1ser?<\/h2>\nDespu\u00e9s de la primera sesi\u00f3n de l\u00e1ser se producir\u00e1n ampollas, hinchaz\u00f3n, enrojecimiento y sangrado. Las zonas sensibles y dolorosas al tatuaje lo ser\u00e1n a\u00fan m\u00e1s con la <strong>eliminaci\u00f3n de tatuajes con l\u00e1ser Marruecos<\/strong>. Todos estos s\u00edntomas desaparecen al cabo de dos semanas. Pueden producirse hiperpigmentaciones o, por el contrario, hipopigmentaciones, que tambi\u00e9n desaparecen al cabo de doce meses.\n\nPueden producirse cicatrices e infecciones si los ap\u00f3sitos no se mantienen adecuadamente. La presencia de metales en la tinta, como el hierro o el di\u00f3xido de titanio, puede oscurecer la piel. Requieren un tratamiento espec\u00edfico para restaurar la pigmentaci\u00f3n natural de la piel. Este riesgo de hipopigmentaci\u00f3n es mayor en las personas de piel oscura.\t\t\t\t\t\t<\/div>\n\t\t\t\t<\/div>\n\t\t\t\t\t<\/div>\n\t\t<\/div>\n\t\t\t\t\t<\/div>\n\t\t<\/section>\n\t\t\t\t<section class=\"elementor-section elementor-top-section elementor-element elementor-element-4412bbd center elementor-section-boxed elementor-section-height-default elementor-section-height-default\" data-id=\"4412bbd\" data-element_type=\"section\">\n\t\t\t\t\t\t<div class=\"elementor-container elementor-column-gap-default\">\n\t\t\t\t\t<div class=\"elementor-column elementor-col-100 elementor-top-column elementor-element elementor-element-f451a69\" data-id=\"f451a69\" data-element_type=\"column\">\n\t\t\t<div class=\"elementor-widget-wrap elementor-element-populated\">\n\t\t\t\t\t\t<div class=\"elementor-element elementor-element-69b2cfb elementor-widget elementor-widget-html\" data-id=\"69b2cfb\" data-element_type=\"widget\" data-widget_type=\"html.default\">\n\t\t\t\t<div class=\"elementor-widget-container\">\n\t\t\t<div class=\"btn_devis btn_intern\"><a href=\"https:\/\/www.la-chirurgie-esthetique-maroc.com\/es\/cita\/\"><span>Presupuesto gratuito de eliminaci\u00f3n de tatuajes con l\u00e1ser casablanca precio<\/span><\/a><\/div>\t\t<\/div>\n\t\t\t\t<\/div>\n\t\t\t\t\t<\/div>\n\t\t<\/div>\n\t\t\t\t\t<\/div>\n\t\t<\/section>\n\t\t\t\t<\/div>\n\t\t","protected":false},"excerpt":{"rendered":"<p>Hubo un tiempo en que hab\u00eda que estar muy seguro de uno mismo antes de hacerse un tatuaje. Una vez puesto, no se puede quitar. Ese tiempo ya ha pasado. Es posible eliminar los tatuajes con l\u00e1ser eliminaci\u00f3n de tatuajes Marruecos. Grace tiene varios l\u00e1seres, m\u00e1s concretamente cuatro. Ahora es posible hacerse una eliminaci\u00f3n de [&hellip;]<\/p>\n","protected":false},"author":2,"featured_media":6437,"parent":0,"menu_order":0,"comment_status":"closed","ping_status":"closed","template":"","meta":{"footnotes":""},"class_list":["post-6888","page","type-page","status-publish","has-post-thumbnail","hentry"],"yoast_head":"<!-- This site is optimized with the Yoast SEO plugin v27.4 - https:\/\/yoast.com\/product\/yoast-seo-wordpress\/ -->\n<title>Eliminaci\u00f3n de tatuajes con l\u00e1ser Marruecos : precios baratos para la eliminaci\u00f3n de tatuajes con l\u00e1ser<\/title>\n<meta name=\"description\" content=\"Eliminaci\u00f3n de tatuajes con l\u00e1ser Marruecos: tratamiento l\u00e1ser para eliminar tatuajes de forma f\u00e1cil e indolora. Precio barato para una estancia m\u00e9dica.\" \/>\n<meta name=\"robots\" content=\"index, follow, max-snippet:-1, max-image-preview:large, max-video-preview:-1\" \/>\n<link rel=\"canonical\" href=\"https:\/\/www.la-chirurgie-esthetique-maroc.com\/es\/eliminacion-de-tatuajes-con-laser\/\" \/>\n<meta property=\"og:locale\" content=\"es_ES\" \/>\n<meta property=\"og:type\" content=\"article\" \/>\n<meta property=\"og:title\" content=\"Eliminaci\u00f3n de tatuajes con l\u00e1ser Marruecos : precios baratos para la eliminaci\u00f3n de tatuajes con l\u00e1ser\" \/>\n<meta property=\"og:description\" content=\"Eliminaci\u00f3n de tatuajes con l\u00e1ser Marruecos: tratamiento l\u00e1ser para eliminar tatuajes de forma f\u00e1cil e indolora. Precio barato para una estancia m\u00e9dica.\" \/>\n<meta property=\"og:url\" content=\"https:\/\/www.la-chirurgie-esthetique-maroc.com\/es\/eliminacion-de-tatuajes-con-laser\/\" \/>\n<meta property=\"og:site_name\" content=\"Chirurgie esthetique Maroc\" \/>\n<meta property=\"article:modified_time\" content=\"2024-02-22T12:50:04+00:00\" \/>\n<meta property=\"og:image\" content=\"https:\/\/www.la-chirurgie-esthetique-maroc.com\/wp-content\/uploads\/2022\/01\/header_medecin_-esthetique.webp\" \/>\n\t<meta property=\"og:image:width\" content=\"552\" \/>\n\t<meta property=\"og:image:height\" content=\"612\" \/>\n\t<meta property=\"og:image:type\" content=\"image\/webp\" \/>\n<meta name=\"twitter:card\" content=\"summary_large_image\" \/>\n<meta name=\"twitter:label1\" content=\"Tiempo de lectura\" \/>\n\t<meta name=\"twitter:data1\" content=\"4 minutos\" \/>\n<!-- \/ Yoast SEO plugin. -->","yoast_head_json":{"title":"Eliminaci\u00f3n de tatuajes con l\u00e1ser Marruecos : precios baratos para la eliminaci\u00f3n de tatuajes con l\u00e1ser","description":"Eliminaci\u00f3n de tatuajes con l\u00e1ser Marruecos: tratamiento l\u00e1ser para eliminar tatuajes de forma f\u00e1cil e indolora. Precio barato para una estancia m\u00e9dica.","robots":{"index":"index","follow":"follow","max-snippet":"max-snippet:-1","max-image-preview":"max-image-preview:large","max-video-preview":"max-video-preview:-1"},"canonical":"https:\/\/www.la-chirurgie-esthetique-maroc.com\/es\/eliminacion-de-tatuajes-con-laser\/","og_locale":"es_ES","og_type":"article","og_title":"Eliminaci\u00f3n de tatuajes con l\u00e1ser Marruecos : precios baratos para la eliminaci\u00f3n de tatuajes con l\u00e1ser","og_description":"Eliminaci\u00f3n de tatuajes con l\u00e1ser Marruecos: tratamiento l\u00e1ser para eliminar tatuajes de forma f\u00e1cil e indolora. Precio barato para una estancia m\u00e9dica.","og_url":"https:\/\/www.la-chirurgie-esthetique-maroc.com\/es\/eliminacion-de-tatuajes-con-laser\/","og_site_name":"Chirurgie esthetique Maroc","article_modified_time":"2024-02-22T12:50:04+00:00","og_image":[{"width":552,"height":612,"url":"https:\/\/www.la-chirurgie-esthetique-maroc.com\/wp-content\/uploads\/2022\/01\/header_medecin_-esthetique.webp","type":"image\/webp"}],"twitter_card":"summary_large_image","twitter_misc":{"Tiempo de lectura":"4 minutos"},"schema":{"@context":"https:\/\/schema.org","@graph":[{"@type":"WebPage","@id":"https:\/\/www.la-chirurgie-esthetique-maroc.com\/es\/eliminacion-de-tatuajes-con-laser\/","url":"https:\/\/www.la-chirurgie-esthetique-maroc.com\/es\/eliminacion-de-tatuajes-con-laser\/","name":"Eliminaci\u00f3n de tatuajes con l\u00e1ser Marruecos : precios baratos para la eliminaci\u00f3n de tatuajes con l\u00e1ser","isPartOf":{"@id":"https:\/\/www.la-chirurgie-esthetique-maroc.com\/es\/#website"},"primaryImageOfPage":{"@id":"https:\/\/www.la-chirurgie-esthetique-maroc.com\/es\/eliminacion-de-tatuajes-con-laser\/#primaryimage"},"image":{"@id":"https:\/\/www.la-chirurgie-esthetique-maroc.com\/es\/eliminacion-de-tatuajes-con-laser\/#primaryimage"},"thumbnailUrl":"https:\/\/www.la-chirurgie-esthetique-maroc.com\/wp-content\/uploads\/2022\/01\/header_medecin_-esthetique.webp","datePublished":"2017-11-10T09:03:11+00:00","dateModified":"2024-02-22T12:50:04+00:00","description":"Eliminaci\u00f3n de tatuajes con l\u00e1ser Marruecos: tratamiento l\u00e1ser para eliminar tatuajes de forma f\u00e1cil e indolora. Precio barato para una estancia m\u00e9dica.","breadcrumb":{"@id":"https:\/\/www.la-chirurgie-esthetique-maroc.com\/es\/eliminacion-de-tatuajes-con-laser\/#breadcrumb"},"inLanguage":"es","potentialAction":[{"@type":"ReadAction","target":["https:\/\/www.la-chirurgie-esthetique-maroc.com\/es\/eliminacion-de-tatuajes-con-laser\/"]}]},{"@type":"ImageObject","inLanguage":"es","@id":"https:\/\/www.la-chirurgie-esthetique-maroc.com\/es\/eliminacion-de-tatuajes-con-laser\/#primaryimage","url":"https:\/\/www.la-chirurgie-esthetique-maroc.com\/wp-content\/uploads\/2022\/01\/header_medecin_-esthetique.webp","contentUrl":"https:\/\/www.la-chirurgie-esthetique-maroc.com\/wp-content\/uploads\/2022\/01\/header_medecin_-esthetique.webp","width":552,"height":612},{"@type":"BreadcrumbList","@id":"https:\/\/www.la-chirurgie-esthetique-maroc.com\/es\/eliminacion-de-tatuajes-con-laser\/#breadcrumb","itemListElement":[{"@type":"ListItem","position":1,"name":"Accueil","item":"https:\/\/www.la-chirurgie-esthetique-maroc.com\/es\/"},{"@type":"ListItem","position":2,"name":"Eliminaci\u00f3n de tatuajes con l\u00e1ser Marruecos : elimine su tatuaje con l\u00e1ser"}]},{"@type":"WebSite","@id":"https:\/\/www.la-chirurgie-esthetique-maroc.com\/es\/#website","url":"https:\/\/www.la-chirurgie-esthetique-maroc.com\/es\/","name":"Chirurgie esthetique Maroc","description":"","publisher":{"@id":"https:\/\/www.la-chirurgie-esthetique-maroc.com\/es\/#organization"},"potentialAction":[{"@type":"SearchAction","target":{"@type":"EntryPoint","urlTemplate":"https:\/\/www.la-chirurgie-esthetique-maroc.com\/es\/?s={search_term_string}"},"query-input":{"@type":"PropertyValueSpecification","valueRequired":true,"valueName":"search_term_string"}}],"inLanguage":"es"},{"@type":"Organization","@id":"https:\/\/www.la-chirurgie-esthetique-maroc.com\/es\/#organization","name":"Chirurgie esthetique Maroc","url":"https:\/\/www.la-chirurgie-esthetique-maroc.com\/es\/","logo":{"@type":"ImageObject","inLanguage":"es","@id":"https:\/\/www.la-chirurgie-esthetique-maroc.com\/es\/#\/schema\/logo\/image\/","url":"https:\/\/www.la-chirurgie-esthetique-maroc.com\/wp-content\/uploads\/2022\/01\/cem3.png","contentUrl":"https:\/\/www.la-chirurgie-esthetique-maroc.com\/wp-content\/uploads\/2022\/01\/cem3.png","width":125,"height":41,"caption":"Chirurgie esthetique Maroc"},"image":{"@id":"https:\/\/www.la-chirurgie-esthetique-maroc.com\/es\/#\/schema\/logo\/image\/"}}]}},"_links":{"self":[{"href":"https:\/\/www.la-chirurgie-esthetique-maroc.com\/es\/wp-json\/wp\/v2\/pages\/6888","targetHints":{"allow":["GET"]}}],"collection":[{"href":"https:\/\/www.la-chirurgie-esthetique-maroc.com\/es\/wp-json\/wp\/v2\/pages"}],"about":[{"href":"https:\/\/www.la-chirurgie-esthetique-maroc.com\/es\/wp-json\/wp\/v2\/types\/page"}],"author":[{"embeddable":true,"href":"https:\/\/www.la-chirurgie-esthetique-maroc.com\/es\/wp-json\/wp\/v2\/users\/2"}],"replies":[{"embeddable":true,"href":"https:\/\/www.la-chirurgie-esthetique-maroc.com\/es\/wp-json\/wp\/v2\/comments?post=6888"}],"version-history":[{"count":10,"href":"https:\/\/www.la-chirurgie-esthetique-maroc.com\/es\/wp-json\/wp\/v2\/pages\/6888\/revisions"}],"predecessor-version":[{"id":8482,"href":"https:\/\/www.la-chirurgie-esthetique-maroc.com\/es\/wp-json\/wp\/v2\/pages\/6888\/revisions\/8482"}],"wp:featuredmedia":[{"embeddable":true,"href":"https:\/\/www.la-chirurgie-esthetique-maroc.com\/es\/wp-json\/wp\/v2\/media\/6437"}],"wp:attachment":[{"href":"https:\/\/www.la-chirurgie-esthetique-maroc.com\/es\/wp-json\/wp\/v2\/media?parent=6888"}],"curies":[{"name":"wp","href":"https:\/\/api.w.org\/{rel}","templated":true}]}}