{"id":6892,"date":"2017-11-08T09:03:23","date_gmt":"2017-11-08T08:03:23","guid":{"rendered":"https:\/\/www.la-chirurgie-esthetique-maroc.com\/liposuccion-laser-marruecos-eliminacion-de-pequenas-zonas-localizadas-de-grasa-y-retraccion-de-la-piel\/"},"modified":"2024-02-22T13:50:26","modified_gmt":"2024-02-22T12:50:26","slug":"liposuccion-laser","status":"publish","type":"page","link":"https:\/\/www.la-chirurgie-esthetique-maroc.com\/es\/liposuccion-laser\/","title":{"rendered":"Liposucci\u00f3n l\u00e1ser Marruecos: eliminaci\u00f3n de peque\u00f1as zonas localizadas de grasa y retracci\u00f3n de la piel"},"content":{"rendered":"\t\t<div data-elementor-type=\"wp-page\" data-elementor-id=\"6892\" class=\"elementor elementor-6892 elementor-1275\">\n\t\t\t\t\t\t<section class=\"elementor-section elementor-top-section elementor-element elementor-element-21a824b elementor-section-boxed elementor-section-height-default elementor-section-height-default\" data-id=\"21a824b\" data-element_type=\"section\">\n\t\t\t\t\t\t<div class=\"elementor-container elementor-column-gap-default\">\n\t\t\t\t\t<div class=\"elementor-column elementor-col-100 elementor-top-column elementor-element elementor-element-eeeb9b9\" data-id=\"eeeb9b9\" data-element_type=\"column\">\n\t\t\t<div class=\"elementor-widget-wrap elementor-element-populated\">\n\t\t\t\t\t\t<div class=\"elementor-element elementor-element-f2074f4 elementor-widget elementor-widget-text-editor\" data-id=\"f2074f4\" data-element_type=\"widget\" data-widget_type=\"text-editor.default\">\n\t\t\t\t<div class=\"elementor-widget-container\">\n\t\t\t\t\t\t\tLa <strong>liposucci\u00f3n l\u00e1ser Marruecos <\/strong>es una alternativa considerada por muchas mujeres para perder peso muy r\u00e1pidamente. Para quienes desean perder peso en zonas problem\u00e1ticas y no pueden hacerlo con dieta y ejercicio, la liposucci\u00f3n puede ser una opci\u00f3n quir\u00fargica que puede ayudar.\n\nLa liposucci\u00f3n es muy conocida en Francia y hoy en d\u00eda ha aparecido una nueva t\u00e9cnica llamada <strong>lip\u00f3lisis l\u00e1ser<\/strong>.\n\n\t\t\t\t\t\t<\/div>\n\t\t\t\t<\/div>\n\t\t\t\t<div class=\"elementor-element elementor-element-6069728 elementor-widget elementor-widget-text-editor\" data-id=\"6069728\" data-element_type=\"widget\" data-widget_type=\"text-editor.default\">\n\t\t\t\t<div class=\"elementor-widget-container\">\n\t\t\t\t\t\t\tLa lip\u00f3lisis l\u00e1ser en Marruecos es una t\u00e9cnica sencilla, precisa y muy segura. Utiliza el l\u00e1ser para neutralizar las c\u00e9lulas grasas situadas bajo la piel. Es muy localizado y f\u00e1cil de realizar. La t\u00e9cnica ideal para conseguir r\u00e1pidamente una figura esculpida.\n\n\t\t\t\t\t\t<\/div>\n\t\t\t\t<\/div>\n\t\t\t\t<div class=\"elementor-element elementor-element-fb05c92 elementor-widget elementor-widget-text-editor\" data-id=\"fb05c92\" data-element_type=\"widget\" data-widget_type=\"text-editor.default\">\n\t\t\t\t<div class=\"elementor-widget-container\">\n\t\t\t\t\t\t\tLa longitud de onda del calor utilizado descompone el tejido adiposo. El l\u00e1ser tambi\u00e9n coagula los vasos, lo que optimiza el resultado. La piel aparece m\u00e1s lisa y firme. Al final de la sesi\u00f3n apreciar\u00e1 su nueva figura.\n\n\t\t\t\t\t\t<\/div>\n\t\t\t\t<\/div>\n\t\t\t\t<div class=\"elementor-element elementor-element-37b7d8b elementor-widget elementor-widget-text-editor\" data-id=\"37b7d8b\" data-element_type=\"widget\" data-widget_type=\"text-editor.default\">\n\t\t\t\t<div class=\"elementor-widget-container\">\n\t\t\t\t\t\t\t<p>La impresionante diferencia de precio entre la lip\u00f3lisis (tambi\u00e9n conocida como lipodisoluci\u00f3n, lipotom\u00eda o morfolipoescultura) y la liposucci\u00f3n tambi\u00e9n explica en parte el \u00e9xito de la lip\u00f3lisis.<\/p>\n\t\t\t\t\t\t<\/div>\n\t\t\t\t<\/div>\n\t\t\t\t\t<\/div>\n\t\t<\/div>\n\t\t\t\t\t<\/div>\n\t\t<\/section>\n\t\t\t\t<section class=\"elementor-section elementor-top-section elementor-element elementor-element-a3c1cdd elementor-section-boxed elementor-section-height-default elementor-section-height-default\" data-id=\"a3c1cdd\" data-element_type=\"section\">\n\t\t\t\t\t\t<div class=\"elementor-container elementor-column-gap-default\">\n\t\t\t\t\t<div class=\"elementor-column elementor-col-66 elementor-top-column elementor-element elementor-element-57caab6\" data-id=\"57caab6\" data-element_type=\"column\">\n\t\t\t<div class=\"elementor-widget-wrap elementor-element-populated\">\n\t\t\t\t\t\t<div class=\"elementor-element elementor-element-5581db4 elementor-widget elementor-widget-text-editor\" data-id=\"5581db4\" data-element_type=\"widget\" data-widget_type=\"text-editor.default\">\n\t\t\t\t<div class=\"elementor-widget-container\">\n\t\t\t\t\t\t\t<h2>Presupuesto expr\u00e9s gratuito<\/h2>\n<style>\r\n.align_center {\r\n    display: block;\r\n    text-align: center;\r\n    padding: 30px 0px;\r\n}\r\n<\/style>\r\n\r\n<div>\r\n\t<h2 class=\"align_center\">Presupuesto r\u00e1pido gratuito<\/h2>\r\n<iframe src=\"https:\/\/app.metocrm.com\/web-forms\/e1cab5bd-ef56-4a37-aa71-4857d931f368\"  height=\"800px\" width=\"100%\"  frameborder=\"0\" style=\"border-radius: 10px;\"><\/iframe>\r\n\r\n<\/div>\t\t\t\t\t\t<\/div>\n\t\t\t\t<\/div>\n\t\t\t\t\t<\/div>\n\t\t<\/div>\n\t\t\t\t<div class=\"elementor-column elementor-col-33 elementor-top-column elementor-element elementor-element-a94f595\" data-id=\"a94f595\" data-element_type=\"column\">\n\t\t\t<div class=\"elementor-widget-wrap elementor-element-populated\">\n\t\t\t\t\t\t<div class=\"elementor-element elementor-element-902f6ed elementor-widget elementor-widget-image\" data-id=\"902f6ed\" data-element_type=\"widget\" data-widget_type=\"image.default\">\n\t\t\t\t<div class=\"elementor-widget-container\">\n\t\t\t\t\t\t\t\t\t\t\t\t\t<img fetchpriority=\"high\" decoding=\"async\" width=\"508\" height=\"554\" src=\"https:\/\/www.la-chirurgie-esthetique-maroc.com\/wp-content\/uploads\/2022\/01\/la-chirurgie-esthetique-maroc_devis-1.webp\" class=\"attachment-large size-large wp-image-6422\" alt=\"\" srcset=\"https:\/\/www.la-chirurgie-esthetique-maroc.com\/wp-content\/uploads\/2022\/01\/la-chirurgie-esthetique-maroc_devis-1.webp 508w, https:\/\/www.la-chirurgie-esthetique-maroc.com\/wp-content\/uploads\/2022\/01\/la-chirurgie-esthetique-maroc_devis-1-275x300.webp 275w\" sizes=\"(max-width: 508px) 100vw, 508px\" \/>\t\t\t\t\t\t\t\t\t\t\t\t\t<\/div>\n\t\t\t\t<\/div>\n\t\t\t\t\t<\/div>\n\t\t<\/div>\n\t\t\t\t\t<\/div>\n\t\t<\/section>\n\t\t\t\t<section class=\"elementor-section elementor-top-section elementor-element elementor-element-2c8a605f bg-color forme_1  elementor-section-boxed elementor-section-height-default elementor-section-height-default\" data-id=\"2c8a605f\" data-element_type=\"section\">\n\t\t\t\t\t\t<div class=\"elementor-container elementor-column-gap-default\">\n\t\t\t\t\t<div class=\"elementor-column elementor-col-100 elementor-top-column elementor-element elementor-element-5811646\" data-id=\"5811646\" data-element_type=\"column\">\n\t\t\t<div class=\"elementor-widget-wrap elementor-element-populated\">\n\t\t\t\t\t\t<div class=\"elementor-element elementor-element-3289005 elementor-widget elementor-widget-text-editor\" data-id=\"3289005\" data-element_type=\"widget\" data-widget_type=\"text-editor.default\">\n\t\t\t\t<div class=\"elementor-widget-container\">\n\t\t\t\t\t\t\t<h2>Precios liposucci\u00f3n l\u00e1ser Marruecos<\/h2>\nSi est\u00e1 buscando el precio de la <strong>liposucci\u00f3n l\u00e1ser en Marruecos<\/strong>, nuestra cl\u00ednica le ofrece un presupuesto gratuito con todos los detalles e informaci\u00f3n sobre la operaci\u00f3n de <strong>liposucci\u00f3n l\u00e1ser<\/strong> con estancia m\u00e9dica todo incluido. Para obtener las tarifas en dinares tienes que pedir un presupuesto.\n\t\t\t\t\t\t<\/div>\n\t\t\t\t<\/div>\n\t\t\t\t<div class=\"elementor-element elementor-element-83be038 center elementor-widget elementor-widget-html\" data-id=\"83be038\" data-element_type=\"widget\" data-widget_type=\"html.default\">\n\t\t\t\t<div class=\"elementor-widget-container\">\n\t\t\t<div class=\"btn_devis\"><a href=\"https:\/\/www.la-chirurgie-esthetique-maroc.com\/es\/cita\/\"><span>Presupuesto gratuito de liposucci\u00f3n l\u00e1ser Marruecos<\/span><\/a><\/div>\t\t<\/div>\n\t\t\t\t<\/div>\n\t\t\t\t<div class=\"elementor-element elementor-element-64cee252 elementor-widget elementor-widget-text-editor\" data-id=\"64cee252\" data-element_type=\"widget\" data-widget_type=\"text-editor.default\">\n\t\t\t\t<div class=\"elementor-widget-container\">\n\t\t\t\t\t\t\t\n\n<h2>La t\u00e9cnica de liposucci\u00f3n suave Marruecos :<\/h2>\n<sup>1\u00aa<\/sup> fase: El cirujano utiliza una c\u00e1nula muy fina para inyectar el producto anest\u00e9sico en las zonas a tratar. Este producto no es alerg\u00e9nico y permite no sentir nada durante la operaci\u00f3n de <strong>liposucci\u00f3n l\u00e1ser<\/strong>.\n\n<sup>2\u00aa<\/sup> fase<strong>:<\/strong> A trav\u00e9s de orificios de 1 a 2 mm, el cirujano pasa una microc\u00e1nula que emite una luz l\u00e1ser roja de 8 a 14 vatios. Esta luz destruye los adipocitos, pero es importante aspirar los residuos celulares y grasos para no obstruir los vasos sangu\u00edneos.\t\t\t\t\t\t<\/div>\n\t\t\t\t<\/div>\n\t\t\t\t\t<\/div>\n\t\t<\/div>\n\t\t\t\t\t<\/div>\n\t\t<\/section>\n\t\t\t\t<section class=\"elementor-section elementor-top-section elementor-element elementor-element-1f5b4b4 elementor-section-boxed elementor-section-height-default elementor-section-height-default\" data-id=\"1f5b4b4\" data-element_type=\"section\">\n\t\t\t\t\t\t<div class=\"elementor-container elementor-column-gap-default\">\n\t\t\t\t\t<div class=\"elementor-column elementor-col-100 elementor-top-column elementor-element elementor-element-a638bba\" data-id=\"a638bba\" data-element_type=\"column\">\n\t\t\t<div class=\"elementor-widget-wrap elementor-element-populated\">\n\t\t\t\t\t\t<div class=\"elementor-element elementor-element-ffab792 elementor-widget elementor-widget-text-editor\" data-id=\"ffab792\" data-element_type=\"widget\" data-widget_type=\"text-editor.default\">\n\t\t\t\t<div class=\"elementor-widget-container\">\n\t\t\t\t\t\t\t<h2>Las ventajas de la lip\u00f3lisis l\u00e1ser Marruecos :<\/h2>\nLa liposucci\u00f3n l\u00e1ser en Marruecos tiene varias ventajas:\n<ul class=\"liste-page\">\n \t<li>La intervenci\u00f3n es muy r\u00e1pida: menos de una hora.<\/li>\n \t<li>No es arriesgado porque utiliza el efecto t\u00e9rmico del l\u00e1ser<\/li>\n \t<li>Inmediatamente despu\u00e9s de la operaci\u00f3n puede reanudar sus actividades, pero es mejor volver al trabajo al d\u00eda siguiente.<\/li>\n \t<li>No hay hematomas visibles al alta de la cl\u00ednica<\/li>\n \t<li>Anestesia local<\/li>\n \t<li>El tratamiento produce resultados desde la primera sesi\u00f3n<\/li>\n \t<li>A los 8 d\u00edas del alta podr\u00e1s volver a practicar tu deporte favorito<\/li>\n \t<li>Es el m\u00e9todo de elecci\u00f3n para las zonas dif\u00edciles y para la celulitis superficial<\/li>\n<\/ul>\nPor \u00faltimo, la <strong>liposucci\u00f3n l\u00e1ser en Marruecos <\/strong>es preferible a la <a href=\"http:\/\/www.la-chirurgie-esthetique-maroc.com\/es\/liposuccion\/\">liposucci\u00f3n tradicional<\/a> para las zonas peque\u00f1as de dif\u00edcil acceso. La energ\u00eda del l\u00e1ser tambi\u00e9n har\u00e1 que la piel se estire y se tense. La lip\u00f3lisis l\u00e1ser abdominal puede complementar su liposucci\u00f3n para obtener un resultado m\u00e1s eficaz.\t\t\t\t\t\t<\/div>\n\t\t\t\t<\/div>\n\t\t\t\t\t<\/div>\n\t\t<\/div>\n\t\t\t\t\t<\/div>\n\t\t<\/section>\n\t\t\t\t<section class=\"elementor-section elementor-top-section elementor-element elementor-element-26b593b center elementor-section-boxed elementor-section-height-default elementor-section-height-default\" data-id=\"26b593b\" data-element_type=\"section\">\n\t\t\t\t\t\t<div class=\"elementor-container elementor-column-gap-default\">\n\t\t\t\t\t<div class=\"elementor-column elementor-col-100 elementor-top-column elementor-element elementor-element-d80bb82\" data-id=\"d80bb82\" data-element_type=\"column\">\n\t\t\t<div class=\"elementor-widget-wrap elementor-element-populated\">\n\t\t\t\t\t\t<div class=\"elementor-element elementor-element-cb87826 elementor-widget elementor-widget-html\" data-id=\"cb87826\" data-element_type=\"widget\" data-widget_type=\"html.default\">\n\t\t\t\t<div class=\"elementor-widget-container\">\n\t\t\t<div class=\"btn_devis btn_intern\"><a href=\"https:\/\/www.la-chirurgie-esthetique-maroc.com\/es\/cita\/\"><span>Presupuesto gratuito<\/span><\/a><\/div>\t\t<\/div>\n\t\t\t\t<\/div>\n\t\t\t\t\t<\/div>\n\t\t<\/div>\n\t\t\t\t\t<\/div>\n\t\t<\/section>\n\t\t\t\t<\/div>\n\t\t","protected":false},"excerpt":{"rendered":"<p>La liposucci\u00f3n l\u00e1ser Marruecos es una alternativa considerada por muchas mujeres para perder peso muy r\u00e1pidamente. Para quienes desean perder peso en zonas problem\u00e1ticas y no pueden hacerlo con dieta y ejercicio, la liposucci\u00f3n puede ser una opci\u00f3n quir\u00fargica que puede ayudar. La liposucci\u00f3n es muy conocida en Francia y hoy en d\u00eda ha aparecido [&hellip;]<\/p>\n","protected":false},"author":2,"featured_media":6437,"parent":0,"menu_order":0,"comment_status":"closed","ping_status":"closed","template":"","meta":{"footnotes":""},"class_list":["post-6892","page","type-page","status-publish","has-post-thumbnail","hentry"],"yoast_head":"<!-- This site is optimized with the Yoast SEO plugin v27.5 - https:\/\/yoast.com\/product\/yoast-seo-wordpress\/ -->\n<title>Liposucci\u00f3n l\u00e1ser Marruecos \u27a1\ufe0f precios baratos lip\u00f3lisis l\u00e1ser<\/title>\n<meta name=\"description\" content=\"Liposucci\u00f3n l\u00e1ser Marruecos: lip\u00f3lisis l\u00e1ser \u2705 o liposucci\u00f3n suave para destruir la grasa sin cirug\u00eda \u2b50 Precio barato para una estancia con presupuesto gratuito.\" \/>\n<meta name=\"robots\" content=\"index, follow, max-snippet:-1, max-image-preview:large, max-video-preview:-1\" \/>\n<link rel=\"canonical\" href=\"https:\/\/www.la-chirurgie-esthetique-maroc.com\/es\/liposuccion-laser\/\" \/>\n<meta property=\"og:locale\" content=\"es_ES\" \/>\n<meta property=\"og:type\" content=\"article\" \/>\n<meta property=\"og:title\" content=\"Liposucci\u00f3n l\u00e1ser Marruecos \u27a1\ufe0f precios baratos lip\u00f3lisis l\u00e1ser\" \/>\n<meta property=\"og:description\" content=\"Liposucci\u00f3n l\u00e1ser Marruecos: lip\u00f3lisis l\u00e1ser \u2705 o liposucci\u00f3n suave para destruir la grasa sin cirug\u00eda \u2b50 Precio barato para una estancia con presupuesto gratuito.\" \/>\n<meta property=\"og:url\" content=\"https:\/\/www.la-chirurgie-esthetique-maroc.com\/es\/liposuccion-laser\/\" \/>\n<meta property=\"og:site_name\" content=\"Chirurgie esthetique Maroc\" \/>\n<meta property=\"article:modified_time\" content=\"2024-02-22T12:50:26+00:00\" \/>\n<meta property=\"og:image\" content=\"https:\/\/www.la-chirurgie-esthetique-maroc.com\/wp-content\/uploads\/2022\/01\/header_medecin_-esthetique.webp\" \/>\n\t<meta property=\"og:image:width\" content=\"552\" \/>\n\t<meta property=\"og:image:height\" content=\"612\" \/>\n\t<meta property=\"og:image:type\" content=\"image\/webp\" \/>\n<meta name=\"twitter:card\" content=\"summary_large_image\" \/>\n<meta name=\"twitter:label1\" content=\"Tiempo de lectura\" \/>\n\t<meta name=\"twitter:data1\" content=\"3 minutos\" \/>\n<!-- \/ Yoast SEO plugin. -->","yoast_head_json":{"title":"Liposucci\u00f3n l\u00e1ser Marruecos \u27a1\ufe0f precios baratos lip\u00f3lisis l\u00e1ser","description":"Liposucci\u00f3n l\u00e1ser Marruecos: lip\u00f3lisis l\u00e1ser \u2705 o liposucci\u00f3n suave para destruir la grasa sin cirug\u00eda \u2b50 Precio barato para una estancia con presupuesto gratuito.","robots":{"index":"index","follow":"follow","max-snippet":"max-snippet:-1","max-image-preview":"max-image-preview:large","max-video-preview":"max-video-preview:-1"},"canonical":"https:\/\/www.la-chirurgie-esthetique-maroc.com\/es\/liposuccion-laser\/","og_locale":"es_ES","og_type":"article","og_title":"Liposucci\u00f3n l\u00e1ser Marruecos \u27a1\ufe0f precios baratos lip\u00f3lisis l\u00e1ser","og_description":"Liposucci\u00f3n l\u00e1ser Marruecos: lip\u00f3lisis l\u00e1ser \u2705 o liposucci\u00f3n suave para destruir la grasa sin cirug\u00eda \u2b50 Precio barato para una estancia con presupuesto gratuito.","og_url":"https:\/\/www.la-chirurgie-esthetique-maroc.com\/es\/liposuccion-laser\/","og_site_name":"Chirurgie esthetique Maroc","article_modified_time":"2024-02-22T12:50:26+00:00","og_image":[{"width":552,"height":612,"url":"https:\/\/www.la-chirurgie-esthetique-maroc.com\/wp-content\/uploads\/2022\/01\/header_medecin_-esthetique.webp","type":"image\/webp"}],"twitter_card":"summary_large_image","twitter_misc":{"Tiempo de lectura":"3 minutos"},"schema":{"@context":"https:\/\/schema.org","@graph":[{"@type":"WebPage","@id":"https:\/\/www.la-chirurgie-esthetique-maroc.com\/es\/liposuccion-laser\/","url":"https:\/\/www.la-chirurgie-esthetique-maroc.com\/es\/liposuccion-laser\/","name":"Liposucci\u00f3n l\u00e1ser Marruecos \u27a1\ufe0f precios baratos lip\u00f3lisis l\u00e1ser","isPartOf":{"@id":"https:\/\/www.la-chirurgie-esthetique-maroc.com\/es\/#website"},"primaryImageOfPage":{"@id":"https:\/\/www.la-chirurgie-esthetique-maroc.com\/es\/liposuccion-laser\/#primaryimage"},"image":{"@id":"https:\/\/www.la-chirurgie-esthetique-maroc.com\/es\/liposuccion-laser\/#primaryimage"},"thumbnailUrl":"https:\/\/www.la-chirurgie-esthetique-maroc.com\/wp-content\/uploads\/2022\/01\/header_medecin_-esthetique.webp","datePublished":"2017-11-08T08:03:23+00:00","dateModified":"2024-02-22T12:50:26+00:00","description":"Liposucci\u00f3n l\u00e1ser Marruecos: lip\u00f3lisis l\u00e1ser \u2705 o liposucci\u00f3n suave para destruir la grasa sin cirug\u00eda \u2b50 Precio barato para una estancia con presupuesto gratuito.","breadcrumb":{"@id":"https:\/\/www.la-chirurgie-esthetique-maroc.com\/es\/liposuccion-laser\/#breadcrumb"},"inLanguage":"es","potentialAction":[{"@type":"ReadAction","target":["https:\/\/www.la-chirurgie-esthetique-maroc.com\/es\/liposuccion-laser\/"]}]},{"@type":"ImageObject","inLanguage":"es","@id":"https:\/\/www.la-chirurgie-esthetique-maroc.com\/es\/liposuccion-laser\/#primaryimage","url":"https:\/\/www.la-chirurgie-esthetique-maroc.com\/wp-content\/uploads\/2022\/01\/header_medecin_-esthetique.webp","contentUrl":"https:\/\/www.la-chirurgie-esthetique-maroc.com\/wp-content\/uploads\/2022\/01\/header_medecin_-esthetique.webp","width":552,"height":612},{"@type":"BreadcrumbList","@id":"https:\/\/www.la-chirurgie-esthetique-maroc.com\/es\/liposuccion-laser\/#breadcrumb","itemListElement":[{"@type":"ListItem","position":1,"name":"Accueil","item":"https:\/\/www.la-chirurgie-esthetique-maroc.com\/es\/"},{"@type":"ListItem","position":2,"name":"Liposucci\u00f3n l\u00e1ser Marruecos: eliminaci\u00f3n de peque\u00f1as zonas localizadas de grasa y retracci\u00f3n de la piel"}]},{"@type":"WebSite","@id":"https:\/\/www.la-chirurgie-esthetique-maroc.com\/es\/#website","url":"https:\/\/www.la-chirurgie-esthetique-maroc.com\/es\/","name":"Chirurgie esthetique Maroc","description":"","publisher":{"@id":"https:\/\/www.la-chirurgie-esthetique-maroc.com\/es\/#organization"},"potentialAction":[{"@type":"SearchAction","target":{"@type":"EntryPoint","urlTemplate":"https:\/\/www.la-chirurgie-esthetique-maroc.com\/es\/?s={search_term_string}"},"query-input":{"@type":"PropertyValueSpecification","valueRequired":true,"valueName":"search_term_string"}}],"inLanguage":"es"},{"@type":"Organization","@id":"https:\/\/www.la-chirurgie-esthetique-maroc.com\/es\/#organization","name":"Chirurgie esthetique Maroc","url":"https:\/\/www.la-chirurgie-esthetique-maroc.com\/es\/","logo":{"@type":"ImageObject","inLanguage":"es","@id":"https:\/\/www.la-chirurgie-esthetique-maroc.com\/es\/#\/schema\/logo\/image\/","url":"https:\/\/www.la-chirurgie-esthetique-maroc.com\/wp-content\/uploads\/2022\/01\/cem3.png","contentUrl":"https:\/\/www.la-chirurgie-esthetique-maroc.com\/wp-content\/uploads\/2022\/01\/cem3.png","width":125,"height":41,"caption":"Chirurgie esthetique Maroc"},"image":{"@id":"https:\/\/www.la-chirurgie-esthetique-maroc.com\/es\/#\/schema\/logo\/image\/"}}]}},"_links":{"self":[{"href":"https:\/\/www.la-chirurgie-esthetique-maroc.com\/es\/wp-json\/wp\/v2\/pages\/6892","targetHints":{"allow":["GET"]}}],"collection":[{"href":"https:\/\/www.la-chirurgie-esthetique-maroc.com\/es\/wp-json\/wp\/v2\/pages"}],"about":[{"href":"https:\/\/www.la-chirurgie-esthetique-maroc.com\/es\/wp-json\/wp\/v2\/types\/page"}],"author":[{"embeddable":true,"href":"https:\/\/www.la-chirurgie-esthetique-maroc.com\/es\/wp-json\/wp\/v2\/users\/2"}],"replies":[{"embeddable":true,"href":"https:\/\/www.la-chirurgie-esthetique-maroc.com\/es\/wp-json\/wp\/v2\/comments?post=6892"}],"version-history":[{"count":13,"href":"https:\/\/www.la-chirurgie-esthetique-maroc.com\/es\/wp-json\/wp\/v2\/pages\/6892\/revisions"}],"predecessor-version":[{"id":8485,"href":"https:\/\/www.la-chirurgie-esthetique-maroc.com\/es\/wp-json\/wp\/v2\/pages\/6892\/revisions\/8485"}],"wp:featuredmedia":[{"embeddable":true,"href":"https:\/\/www.la-chirurgie-esthetique-maroc.com\/es\/wp-json\/wp\/v2\/media\/6437"}],"wp:attachment":[{"href":"https:\/\/www.la-chirurgie-esthetique-maroc.com\/es\/wp-json\/wp\/v2\/media?parent=6892"}],"curies":[{"name":"wp","href":"https:\/\/api.w.org\/{rel}","templated":true}]}}