{"id":6900,"date":"2018-01-25T14:32:15","date_gmt":"2018-01-25T13:32:15","guid":{"rendered":"https:\/\/www.la-chirurgie-esthetique-maroc.com\/tratamiento-de-varices-marruecos\/"},"modified":"2024-02-22T13:51:12","modified_gmt":"2024-02-22T12:51:12","slug":"tratamiento-de-varices","status":"publish","type":"page","link":"https:\/\/www.la-chirurgie-esthetique-maroc.com\/es\/tratamiento-de-varices\/","title":{"rendered":"Tratamiento de varices Marruecos"},"content":{"rendered":"\t\t<div data-elementor-type=\"wp-page\" data-elementor-id=\"6900\" class=\"elementor elementor-6900 elementor-1422\">\n\t\t\t\t\t\t<section class=\"elementor-section elementor-top-section elementor-element elementor-element-da0b376 elementor-section-boxed elementor-section-height-default elementor-section-height-default\" data-id=\"da0b376\" data-element_type=\"section\">\n\t\t\t\t\t\t<div class=\"elementor-container elementor-column-gap-default\">\n\t\t\t\t\t<div class=\"elementor-column elementor-col-100 elementor-top-column elementor-element elementor-element-e87d4d9\" data-id=\"e87d4d9\" data-element_type=\"column\">\n\t\t\t<div class=\"elementor-widget-wrap elementor-element-populated\">\n\t\t\t\t\t\t<div class=\"elementor-element elementor-element-8e00ff0 elementor-widget elementor-widget-text-editor\" data-id=\"8e00ff0\" data-element_type=\"widget\" data-widget_type=\"text-editor.default\">\n\t\t\t\t<div class=\"elementor-widget-container\">\n\t\t\t\t\t\t\t\n\nEl <strong>tratamiento de varices en Marruecos o T\u00fanez <\/strong>abarca una serie de t\u00e9cnicas m\u00e9dicas y quir\u00fargicas m\u00ednimamente invasivas destinadas a mejorar las varices. Estas venas se localizan con mayor frecuencia en las piernas y los muslos. Las varices imponen a las mujeres -que se ven m\u00e1s afectadas por la insuficiencia venosa que los hombres- un determinado estilo de vestir; a menudo, estas mujeres se ven obligadas a renunciar a llevar faldas cortas.\n\nAfortunadamente, el tratamiento no implica una estancia en el hospital ni una recuperaci\u00f3n larga e inc\u00f3moda. Gracias a procedimientos m\u00ednimamente invasivos como la flebectom\u00eda, la escleroterapia o el l\u00e1ser, las varices pueden tratarse normalmente de forma ambulatoria en un solo d\u00eda.\t\t\t\t\t\t<\/div>\n\t\t\t\t<\/div>\n\t\t\t\t\t<\/div>\n\t\t<\/div>\n\t\t\t\t\t<\/div>\n\t\t<\/section>\n\t\t\t\t<section class=\"elementor-section elementor-top-section elementor-element elementor-element-33e8c16 elementor-section-boxed elementor-section-height-default elementor-section-height-default\" data-id=\"33e8c16\" data-element_type=\"section\">\n\t\t\t\t\t\t<div class=\"elementor-container elementor-column-gap-default\">\n\t\t\t\t\t<div class=\"elementor-column elementor-col-66 elementor-top-column elementor-element elementor-element-cabc06a\" data-id=\"cabc06a\" data-element_type=\"column\">\n\t\t\t<div class=\"elementor-widget-wrap elementor-element-populated\">\n\t\t\t\t\t\t<div class=\"elementor-element elementor-element-0c4f13e elementor-widget elementor-widget-text-editor\" data-id=\"0c4f13e\" data-element_type=\"widget\" data-widget_type=\"text-editor.default\">\n\t\t\t\t<div class=\"elementor-widget-container\">\n\t\t\t\t\t\t\t<h2>Presupuesto expr\u00e9s gratuito<\/h2>\n<style>\r\n.align_center {\r\n    display: block;\r\n    text-align: center;\r\n    padding: 30px 0px;\r\n}\r\n<\/style>\r\n\r\n<div>\r\n\t<h2 class=\"align_center\">Presupuesto r\u00e1pido gratuito<\/h2>\r\n<iframe src=\"https:\/\/app.metocrm.com\/web-forms\/e1cab5bd-ef56-4a37-aa71-4857d931f368\"  height=\"800px\" width=\"100%\"  frameborder=\"0\" style=\"border-radius: 10px;\"><\/iframe>\r\n\r\n<\/div>\t\t\t\t\t\t<\/div>\n\t\t\t\t<\/div>\n\t\t\t\t\t<\/div>\n\t\t<\/div>\n\t\t\t\t<div class=\"elementor-column elementor-col-33 elementor-top-column elementor-element elementor-element-8fe73c9\" data-id=\"8fe73c9\" data-element_type=\"column\">\n\t\t\t<div class=\"elementor-widget-wrap elementor-element-populated\">\n\t\t\t\t\t\t<div class=\"elementor-element elementor-element-f8fa88f elementor-widget elementor-widget-image\" data-id=\"f8fa88f\" data-element_type=\"widget\" data-widget_type=\"image.default\">\n\t\t\t\t<div class=\"elementor-widget-container\">\n\t\t\t\t\t\t\t\t\t\t\t\t\t<img fetchpriority=\"high\" decoding=\"async\" width=\"508\" height=\"554\" src=\"https:\/\/www.la-chirurgie-esthetique-maroc.com\/wp-content\/uploads\/2022\/01\/la-chirurgie-esthetique-maroc_devis-1.webp\" class=\"attachment-large size-large wp-image-6422\" alt=\"\" srcset=\"https:\/\/www.la-chirurgie-esthetique-maroc.com\/wp-content\/uploads\/2022\/01\/la-chirurgie-esthetique-maroc_devis-1.webp 508w, https:\/\/www.la-chirurgie-esthetique-maroc.com\/wp-content\/uploads\/2022\/01\/la-chirurgie-esthetique-maroc_devis-1-275x300.webp 275w\" sizes=\"(max-width: 508px) 100vw, 508px\" \/>\t\t\t\t\t\t\t\t\t\t\t\t\t<\/div>\n\t\t\t\t<\/div>\n\t\t\t\t\t<\/div>\n\t\t<\/div>\n\t\t\t\t\t<\/div>\n\t\t<\/section>\n\t\t\t\t<section class=\"elementor-section elementor-top-section elementor-element elementor-element-5581e777 bg-color forme_1  elementor-section-boxed elementor-section-height-default elementor-section-height-default\" data-id=\"5581e777\" data-element_type=\"section\">\n\t\t\t\t\t\t<div class=\"elementor-container elementor-column-gap-default\">\n\t\t\t\t\t<div class=\"elementor-column elementor-col-100 elementor-top-column elementor-element elementor-element-351e5e6\" data-id=\"351e5e6\" data-element_type=\"column\">\n\t\t\t<div class=\"elementor-widget-wrap elementor-element-populated\">\n\t\t\t\t\t\t<div class=\"elementor-element elementor-element-66ed2fa elementor-widget elementor-widget-text-editor\" data-id=\"66ed2fa\" data-element_type=\"widget\" data-widget_type=\"text-editor.default\">\n\t\t\t\t<div class=\"elementor-widget-container\">\n\t\t\t\t\t\t\t<h2>Precio del tratamiento de varices en Marruecos<\/h2>\nEl coste de <strong>un tratamiento de varices en <\/strong>Marruecos se calcula en funci\u00f3n del n\u00famero de venas a tratar y de la t\u00e9cnica a emplear. Algunos tratamientos requieren m\u00e1s de una sesi\u00f3n. Es el caso del l\u00e1ser. Solicite un presupuesto personalizado siguiendo este enlace.\t\t\t\t\t\t<\/div>\n\t\t\t\t<\/div>\n\t\t\t\t<div class=\"elementor-element elementor-element-b04cc32 center elementor-widget elementor-widget-html\" data-id=\"b04cc32\" data-element_type=\"widget\" data-widget_type=\"html.default\">\n\t\t\t\t<div class=\"elementor-widget-container\">\n\t\t\t<div class=\"btn_devis\"><a href=\"https:\/\/www.la-chirurgie-esthetique-maroc.com\/es\/cita\/\"><span>Presupuesto gratuito<\/span><\/a><\/div>\t\t<\/div>\n\t\t\t\t<\/div>\n\t\t\t\t<div class=\"elementor-element elementor-element-7c777a1b elementor-widget elementor-widget-text-editor\" data-id=\"7c777a1b\" data-element_type=\"widget\" data-widget_type=\"text-editor.default\">\n\t\t\t\t<div class=\"elementor-widget-container\">\n\t\t\t\t\t\t\t\n<h2>Tratamiento de las varices<\/h2>\nSi un paciente no responde a las medias de compresi\u00f3n y otros remedios caseros, o si la afecci\u00f3n es grave, el m\u00e9dico puede sugerir <strong>un tratamiento de varices en Marruecos<\/strong>. No hay que hacer preparativos especiales antes de una cita. El m\u00e9dico tendr\u00e1 que examinar las piernas y los pies del paciente para diagnosticar las varices y determinar qu\u00e9 tratamiento puede ser el mejor para el paciente:\n<ul class=\"liste-page\">\n \t<li><strong>Escleroterapia<\/strong>; En este procedimiento, el m\u00e9dico inyecta en las varices peque\u00f1as y medianas una soluci\u00f3n esclerosante que cura y cierra estas venas. Las varices tratadas deber\u00edan desaparecer al cabo de unas semanas. Aunque hay que inyectar la misma vena m\u00e1s de una vez, la escleroterapia es eficaz si se hace correctamente. La escleroterapia no requiere anestesia y puede realizarse de forma ambulatoria.<\/li>\n \t<li><strong>L\u00e1ser<\/strong> o <strong>cirug\u00eda<\/strong><strong> l\u00e1ser transcut\u00e1nea<\/strong>: Los m\u00e9dicos est\u00e1n utilizando nuevas tecnolog\u00edas en tratamientos con l\u00e1ser para cerrar peque\u00f1as varices y ara\u00f1as vasculares. La cirug\u00eda l\u00e1ser act\u00faa enviando fuertes descargas de luz sobre la vena desde el exterior de la piel, lo que provoca la coagulaci\u00f3n de la sangre en su interior y su posterior desaparici\u00f3n. No se utilizan incisiones ni agujas.<\/li>\n \t<li><strong>Flebectom\u00eda ambulatoria<\/strong>: El m\u00e9dico extirpa peque\u00f1as varices mediante una serie de peque\u00f1os pinchazos\/incisiones en la piel. Durante este procedimiento, que tambi\u00e9n se realiza de forma ambulatoria, s\u00f3lo se insensibilizan con anestesia las zonas de la pierna que se pinchan. Las cicatrices suelen ser m\u00ednimas.<\/li>\n<\/ul>\t\t\t\t\t\t<\/div>\n\t\t\t\t<\/div>\n\t\t\t\t\t<\/div>\n\t\t<\/div>\n\t\t\t\t\t<\/div>\n\t\t<\/section>\n\t\t\t\t<section class=\"elementor-section elementor-top-section elementor-element elementor-element-e86d2d2 elementor-section-boxed elementor-section-height-default elementor-section-height-default\" data-id=\"e86d2d2\" data-element_type=\"section\">\n\t\t\t\t\t\t<div class=\"elementor-container elementor-column-gap-default\">\n\t\t\t\t\t<div class=\"elementor-column elementor-col-100 elementor-top-column elementor-element elementor-element-743a050\" data-id=\"743a050\" data-element_type=\"column\">\n\t\t\t<div class=\"elementor-widget-wrap elementor-element-populated\">\n\t\t\t\t\t\t<div class=\"elementor-element elementor-element-833b407 elementor-widget elementor-widget-text-editor\" data-id=\"833b407\" data-element_type=\"widget\" data-widget_type=\"text-editor.default\">\n\t\t\t\t<div class=\"elementor-widget-container\">\n\t\t\t\t\t\t\t<h2>Tratamiento postoperatorio de las varices<\/h2>\nExisten algunas medidas a tener en cuenta para reducir las molestias que pueden causar las varices y su tratamiento. Estas mismas medidas tambi\u00e9n pueden ayudar a prevenir la reaparici\u00f3n de varices. Estas medidas incluyen:\t\t\t\t\t\t<\/div>\n\t\t\t\t<\/div>\n\t\t\t\t<section class=\"elementor-section elementor-inner-section elementor-element elementor-element-85758e0 elementor-section-boxed elementor-section-height-default elementor-section-height-default\" data-id=\"85758e0\" data-element_type=\"section\">\n\t\t\t\t\t\t<div class=\"elementor-container elementor-column-gap-default\">\n\t\t\t\t\t<div class=\"elementor-column elementor-col-100 elementor-inner-column elementor-element elementor-element-931599a\" data-id=\"931599a\" data-element_type=\"column\">\n\t\t\t<div class=\"elementor-widget-wrap elementor-element-populated\">\n\t\t\t\t\t\t<div class=\"elementor-element elementor-element-21abad5 elementor-widget elementor-widget-text-editor\" data-id=\"21abad5\" data-element_type=\"widget\" data-widget_type=\"text-editor.default\">\n\t\t\t\t<div class=\"elementor-widget-container\">\n\t\t\t\t\t\t\t\n<ul class=\"liste-page\">\n \t<li>Deporte: caminar es una forma excelente de estimular la circulaci\u00f3n sangu\u00ednea en las piernas. Su m\u00e9dico puede recomendarle un nivel de actividad adecuado.<\/li>\n \t<li>Elige bien tu ropa: Evita los tacones altos. Los zapatos planos trabajan m\u00e1s los m\u00fasculos de la pantorrilla, lo que es mejor para las venas. No lleve ropa ajustada alrededor de la cintura o las piernas, ya que puede reducir el flujo sangu\u00edneo.<\/li>\n \t<li>El uso de medias de compresi\u00f3n es obligatorio durante los quince d\u00edas posteriores a una flebectom\u00eda.<\/li>\n<\/ul>\t\t\t\t\t\t<\/div>\n\t\t\t\t<\/div>\n\t\t\t\t\t<\/div>\n\t\t<\/div>\n\t\t\t\t\t<\/div>\n\t\t<\/section>\n\t\t\t\t<div class=\"elementor-element elementor-element-7e0c487 elementor-widget elementor-widget-text-editor\" data-id=\"7e0c487\" data-element_type=\"widget\" data-widget_type=\"text-editor.default\">\n\t\t\t\t<div class=\"elementor-widget-container\">\n\t\t\t\t\t\t\t\n<h2>Resultados de los tratamientos de varices<\/h2>\nLos resultados de la escleroterapia y la terapia con l\u00e1ser pueden observarse tras un cierto n\u00famero de sesiones determinado por el m\u00e9dico. La flebectom\u00eda se realiza en una sola sesi\u00f3n y los resultados se aprecian a los pocos d\u00edas, tras la desaparici\u00f3n de los hematomas.\t\t\t\t\t\t<\/div>\n\t\t\t\t<\/div>\n\t\t\t\t\t<\/div>\n\t\t<\/div>\n\t\t\t\t\t<\/div>\n\t\t<\/section>\n\t\t\t\t<section class=\"elementor-section elementor-top-section elementor-element elementor-element-ddbb21c center elementor-section-boxed elementor-section-height-default elementor-section-height-default\" data-id=\"ddbb21c\" data-element_type=\"section\">\n\t\t\t\t\t\t<div class=\"elementor-container elementor-column-gap-default\">\n\t\t\t\t\t<div class=\"elementor-column elementor-col-100 elementor-top-column elementor-element elementor-element-01d134c\" data-id=\"01d134c\" data-element_type=\"column\">\n\t\t\t<div class=\"elementor-widget-wrap elementor-element-populated\">\n\t\t\t\t\t\t<div class=\"elementor-element elementor-element-ed850a6 elementor-widget elementor-widget-html\" data-id=\"ed850a6\" data-element_type=\"widget\" data-widget_type=\"html.default\">\n\t\t\t\t<div class=\"elementor-widget-container\">\n\t\t\t<div class=\"btn_devis btn_intern\"><a href=\"https:\/\/www.la-chirurgie-esthetique-maroc.com\/es\/cita\/\"><span>Presupuesto gratuito<\/span><\/a><\/div>\t\t<\/div>\n\t\t\t\t<\/div>\n\t\t\t\t\t<\/div>\n\t\t<\/div>\n\t\t\t\t\t<\/div>\n\t\t<\/section>\n\t\t\t\t<\/div>\n\t\t","protected":false},"excerpt":{"rendered":"<p>El tratamiento de varices en Marruecos o T\u00fanez abarca una serie de t\u00e9cnicas m\u00e9dicas y quir\u00fargicas m\u00ednimamente invasivas destinadas a mejorar las varices. Estas venas se localizan con mayor frecuencia en las piernas y los muslos. Las varices imponen a las mujeres -que se ven m\u00e1s afectadas por la insuficiencia venosa que los hombres- un [&hellip;]<\/p>\n","protected":false},"author":2,"featured_media":6437,"parent":0,"menu_order":0,"comment_status":"closed","ping_status":"closed","template":"","meta":{"footnotes":""},"class_list":["post-6900","page","type-page","status-publish","has-post-thumbnail","hentry"],"yoast_head":"<!-- This site is optimized with the Yoast SEO plugin v27.5 - https:\/\/yoast.com\/product\/yoast-seo-wordpress\/ -->\n<title>Tratamiento varices Marruecos: precio de la flebectom\u00eda, la escleroterapia o el l\u00e1ser<\/title>\n<meta name=\"description\" content=\"Tratamiento varices Marruecos : Precios baratos para tratar y eliminar las varices con tratamientos de escleroterapia, l\u00e1ser transcut\u00e1neo y flebectom\u00eda. Solicite su presupuesto gratuito y personalizado para una estancia m\u00e9dica con todo incluido.\" \/>\n<meta name=\"robots\" content=\"index, follow, max-snippet:-1, max-image-preview:large, max-video-preview:-1\" \/>\n<link rel=\"canonical\" href=\"https:\/\/www.la-chirurgie-esthetique-maroc.com\/es\/tratamiento-de-varices\/\" \/>\n<meta property=\"og:locale\" content=\"es_ES\" \/>\n<meta property=\"og:type\" content=\"article\" \/>\n<meta property=\"og:title\" content=\"Tratamiento varices Marruecos: precio de la flebectom\u00eda, la escleroterapia o el l\u00e1ser\" \/>\n<meta property=\"og:description\" content=\"Tratamiento varices Marruecos : Precios baratos para tratar y eliminar las varices con tratamientos de escleroterapia, l\u00e1ser transcut\u00e1neo y flebectom\u00eda. Solicite su presupuesto gratuito y personalizado para una estancia m\u00e9dica con todo incluido.\" \/>\n<meta property=\"og:url\" content=\"https:\/\/www.la-chirurgie-esthetique-maroc.com\/es\/tratamiento-de-varices\/\" \/>\n<meta property=\"og:site_name\" content=\"Chirurgie esthetique Maroc\" \/>\n<meta property=\"article:modified_time\" content=\"2024-02-22T12:51:12+00:00\" \/>\n<meta property=\"og:image\" content=\"https:\/\/www.la-chirurgie-esthetique-maroc.com\/wp-content\/uploads\/2022\/01\/header_medecin_-esthetique.webp\" \/>\n\t<meta property=\"og:image:width\" content=\"552\" \/>\n\t<meta property=\"og:image:height\" content=\"612\" \/>\n\t<meta property=\"og:image:type\" content=\"image\/webp\" \/>\n<meta name=\"twitter:card\" content=\"summary_large_image\" \/>\n<meta name=\"twitter:label1\" content=\"Tiempo de lectura\" \/>\n\t<meta name=\"twitter:data1\" content=\"3 minutos\" \/>\n<!-- \/ Yoast SEO plugin. -->","yoast_head_json":{"title":"Tratamiento varices Marruecos: precio de la flebectom\u00eda, la escleroterapia o el l\u00e1ser","description":"Tratamiento varices Marruecos : Precios baratos para tratar y eliminar las varices con tratamientos de escleroterapia, l\u00e1ser transcut\u00e1neo y flebectom\u00eda. Solicite su presupuesto gratuito y personalizado para una estancia m\u00e9dica con todo incluido.","robots":{"index":"index","follow":"follow","max-snippet":"max-snippet:-1","max-image-preview":"max-image-preview:large","max-video-preview":"max-video-preview:-1"},"canonical":"https:\/\/www.la-chirurgie-esthetique-maroc.com\/es\/tratamiento-de-varices\/","og_locale":"es_ES","og_type":"article","og_title":"Tratamiento varices Marruecos: precio de la flebectom\u00eda, la escleroterapia o el l\u00e1ser","og_description":"Tratamiento varices Marruecos : Precios baratos para tratar y eliminar las varices con tratamientos de escleroterapia, l\u00e1ser transcut\u00e1neo y flebectom\u00eda. Solicite su presupuesto gratuito y personalizado para una estancia m\u00e9dica con todo incluido.","og_url":"https:\/\/www.la-chirurgie-esthetique-maroc.com\/es\/tratamiento-de-varices\/","og_site_name":"Chirurgie esthetique Maroc","article_modified_time":"2024-02-22T12:51:12+00:00","og_image":[{"width":552,"height":612,"url":"https:\/\/www.la-chirurgie-esthetique-maroc.com\/wp-content\/uploads\/2022\/01\/header_medecin_-esthetique.webp","type":"image\/webp"}],"twitter_card":"summary_large_image","twitter_misc":{"Tiempo de lectura":"3 minutos"},"schema":{"@context":"https:\/\/schema.org","@graph":[{"@type":"WebPage","@id":"https:\/\/www.la-chirurgie-esthetique-maroc.com\/es\/tratamiento-de-varices\/","url":"https:\/\/www.la-chirurgie-esthetique-maroc.com\/es\/tratamiento-de-varices\/","name":"Tratamiento varices Marruecos: precio de la flebectom\u00eda, la escleroterapia o el l\u00e1ser","isPartOf":{"@id":"https:\/\/www.la-chirurgie-esthetique-maroc.com\/es\/#website"},"primaryImageOfPage":{"@id":"https:\/\/www.la-chirurgie-esthetique-maroc.com\/es\/tratamiento-de-varices\/#primaryimage"},"image":{"@id":"https:\/\/www.la-chirurgie-esthetique-maroc.com\/es\/tratamiento-de-varices\/#primaryimage"},"thumbnailUrl":"https:\/\/www.la-chirurgie-esthetique-maroc.com\/wp-content\/uploads\/2022\/01\/header_medecin_-esthetique.webp","datePublished":"2018-01-25T13:32:15+00:00","dateModified":"2024-02-22T12:51:12+00:00","description":"Tratamiento varices Marruecos : Precios baratos para tratar y eliminar las varices con tratamientos de escleroterapia, l\u00e1ser transcut\u00e1neo y flebectom\u00eda. Solicite su presupuesto gratuito y personalizado para una estancia m\u00e9dica con todo incluido.","breadcrumb":{"@id":"https:\/\/www.la-chirurgie-esthetique-maroc.com\/es\/tratamiento-de-varices\/#breadcrumb"},"inLanguage":"es","potentialAction":[{"@type":"ReadAction","target":["https:\/\/www.la-chirurgie-esthetique-maroc.com\/es\/tratamiento-de-varices\/"]}]},{"@type":"ImageObject","inLanguage":"es","@id":"https:\/\/www.la-chirurgie-esthetique-maroc.com\/es\/tratamiento-de-varices\/#primaryimage","url":"https:\/\/www.la-chirurgie-esthetique-maroc.com\/wp-content\/uploads\/2022\/01\/header_medecin_-esthetique.webp","contentUrl":"https:\/\/www.la-chirurgie-esthetique-maroc.com\/wp-content\/uploads\/2022\/01\/header_medecin_-esthetique.webp","width":552,"height":612},{"@type":"BreadcrumbList","@id":"https:\/\/www.la-chirurgie-esthetique-maroc.com\/es\/tratamiento-de-varices\/#breadcrumb","itemListElement":[{"@type":"ListItem","position":1,"name":"Accueil","item":"https:\/\/www.la-chirurgie-esthetique-maroc.com\/es\/"},{"@type":"ListItem","position":2,"name":"Tratamiento de varices Marruecos"}]},{"@type":"WebSite","@id":"https:\/\/www.la-chirurgie-esthetique-maroc.com\/es\/#website","url":"https:\/\/www.la-chirurgie-esthetique-maroc.com\/es\/","name":"Chirurgie esthetique Maroc","description":"","publisher":{"@id":"https:\/\/www.la-chirurgie-esthetique-maroc.com\/es\/#organization"},"potentialAction":[{"@type":"SearchAction","target":{"@type":"EntryPoint","urlTemplate":"https:\/\/www.la-chirurgie-esthetique-maroc.com\/es\/?s={search_term_string}"},"query-input":{"@type":"PropertyValueSpecification","valueRequired":true,"valueName":"search_term_string"}}],"inLanguage":"es"},{"@type":"Organization","@id":"https:\/\/www.la-chirurgie-esthetique-maroc.com\/es\/#organization","name":"Chirurgie esthetique Maroc","url":"https:\/\/www.la-chirurgie-esthetique-maroc.com\/es\/","logo":{"@type":"ImageObject","inLanguage":"es","@id":"https:\/\/www.la-chirurgie-esthetique-maroc.com\/es\/#\/schema\/logo\/image\/","url":"https:\/\/www.la-chirurgie-esthetique-maroc.com\/wp-content\/uploads\/2022\/01\/cem3.png","contentUrl":"https:\/\/www.la-chirurgie-esthetique-maroc.com\/wp-content\/uploads\/2022\/01\/cem3.png","width":125,"height":41,"caption":"Chirurgie esthetique Maroc"},"image":{"@id":"https:\/\/www.la-chirurgie-esthetique-maroc.com\/es\/#\/schema\/logo\/image\/"}}]}},"_links":{"self":[{"href":"https:\/\/www.la-chirurgie-esthetique-maroc.com\/es\/wp-json\/wp\/v2\/pages\/6900","targetHints":{"allow":["GET"]}}],"collection":[{"href":"https:\/\/www.la-chirurgie-esthetique-maroc.com\/es\/wp-json\/wp\/v2\/pages"}],"about":[{"href":"https:\/\/www.la-chirurgie-esthetique-maroc.com\/es\/wp-json\/wp\/v2\/types\/page"}],"author":[{"embeddable":true,"href":"https:\/\/www.la-chirurgie-esthetique-maroc.com\/es\/wp-json\/wp\/v2\/users\/2"}],"replies":[{"embeddable":true,"href":"https:\/\/www.la-chirurgie-esthetique-maroc.com\/es\/wp-json\/wp\/v2\/comments?post=6900"}],"version-history":[{"count":10,"href":"https:\/\/www.la-chirurgie-esthetique-maroc.com\/es\/wp-json\/wp\/v2\/pages\/6900\/revisions"}],"predecessor-version":[{"id":8491,"href":"https:\/\/www.la-chirurgie-esthetique-maroc.com\/es\/wp-json\/wp\/v2\/pages\/6900\/revisions\/8491"}],"wp:featuredmedia":[{"embeddable":true,"href":"https:\/\/www.la-chirurgie-esthetique-maroc.com\/es\/wp-json\/wp\/v2\/media\/6437"}],"wp:attachment":[{"href":"https:\/\/www.la-chirurgie-esthetique-maroc.com\/es\/wp-json\/wp\/v2\/media?parent=6900"}],"curies":[{"name":"wp","href":"https:\/\/api.w.org\/{rel}","templated":true}]}}