{"id":6920,"date":"2021-07-19T16:03:02","date_gmt":"2021-07-19T14:03:02","guid":{"rendered":"https:\/\/www.la-chirurgie-esthetique-maroc.com\/cellu-m6-marruecos\/"},"modified":"2023-05-29T12:00:44","modified_gmt":"2023-05-29T10:00:44","slug":"cellu-m6","status":"publish","type":"page","link":"https:\/\/www.la-chirurgie-esthetique-maroc.com\/es\/cellu-m6\/","title":{"rendered":"Cellu M6 Marruecos"},"content":{"rendered":"\t\t<div data-elementor-type=\"wp-page\" data-elementor-id=\"6920\" class=\"elementor elementor-6920 elementor-3444\">\n\t\t\t\t\t\t<section class=\"elementor-section elementor-top-section elementor-element elementor-element-b182978 elementor-section-boxed elementor-section-height-default elementor-section-height-default\" data-id=\"b182978\" data-element_type=\"section\">\n\t\t\t\t\t\t<div class=\"elementor-container elementor-column-gap-default\">\n\t\t\t\t\t<div class=\"elementor-column elementor-col-33 elementor-top-column elementor-element elementor-element-a2781c2\" data-id=\"a2781c2\" data-element_type=\"column\">\n\t\t\t<div class=\"elementor-widget-wrap elementor-element-populated\">\n\t\t\t\t\t\t<div class=\"elementor-element elementor-element-0325ea3 elementor-widget elementor-widget-text-editor\" data-id=\"0325ea3\" data-element_type=\"widget\" data-widget_type=\"text-editor.default\">\n\t\t\t\t<div class=\"elementor-widget-container\">\n\t\t\t\t\t\t\t<p><img decoding=\"async\" class=\"aligncenter\" src=\"https:\/\/www.la-chirurgie-esthetique-maroc.com\/wp-content\/uploads\/2022\/01\/Cellu-M6-Maroc.webp\" alt=\"Cellu M6 Marruecos\"><\/p>\n\t\t\t\t\t\t<\/div>\n\t\t\t\t<\/div>\n\t\t\t\t\t<\/div>\n\t\t<\/div>\n\t\t\t\t<div class=\"elementor-column elementor-col-66 elementor-top-column elementor-element elementor-element-a5c4db6 align_content_center\" data-id=\"a5c4db6\" data-element_type=\"column\">\n\t\t\t<div class=\"elementor-widget-wrap elementor-element-populated\">\n\t\t\t\t\t\t<div class=\"elementor-element elementor-element-7f719b9 elementor-widget elementor-widget-text-editor\" data-id=\"7f719b9\" data-element_type=\"widget\" data-widget_type=\"text-editor.default\">\n\t\t\t\t<div class=\"elementor-widget-container\">\n\t\t\t\t\t\t\t<p>La dermolog\u00eda Cellu m6 permite tratar la celulitis en las mejores cl\u00ednicas de Marruecos. Se trata de una t\u00e9cnica que permite remodelar el cuerpo gracias a la m\u00e1quina Cellu-M6, desarrollada desde hace unos treinta a\u00f1os, pero actualizada con el paso de los a\u00f1os. Los avances tecnol\u00f3gicos han permitido que esta m\u00e1quina evolucione para ofrecer a los pacientes un mejor tratamiento de la celulitis gracias al lipomasaje mediante la t\u00e9cnica del palpado-rodillo.<\/p>\n\t\t\t\t\t\t<\/div>\n\t\t\t\t<\/div>\n\t\t\t\t<div class=\"elementor-element elementor-element-3c2411a elementor-widget elementor-widget-text-editor\" data-id=\"3c2411a\" data-element_type=\"widget\" data-widget_type=\"text-editor.default\">\n\t\t\t\t<div class=\"elementor-widget-container\">\n\t\t\t\t\t\t\t<h2>\u00bfC\u00f3mo se realiza la sesi\u00f3n de dermolog\u00eda Cellu-M6?<\/h2>\nMediante la manipulaci\u00f3n del Cellu-M6, el profesional delimita las zonas a tratar y coloca los rodillos sobre ellas. Un rodillo palpador combinado con succi\u00f3n permite :\n<ul class=\"liste-page\">\n \t<li>Activaci\u00f3n de la microcirculaci\u00f3n ;<\/li>\n \t<li>Mejora del retorno venoso.<\/li>\n<\/ul>\nEstas dos acciones mejoran la circulaci\u00f3n de la grasa y la eliminan siguiendo el movimiento de vaiv\u00e9n de los rodillos Cellu-M6. En Marruecos, los especialistas permiten mejorar el aspecto de la piel tras la eliminaci\u00f3n de la celulitis combinando, en algunos casos, sesiones de mesoterapia.\t\t\t\t\t\t<\/div>\n\t\t\t\t<\/div>\n\t\t\t\t\t<\/div>\n\t\t<\/div>\n\t\t\t\t\t<\/div>\n\t\t<\/section>\n\t\t\t\t<section class=\"elementor-section elementor-top-section elementor-element elementor-element-8393ef7 elementor-section-boxed elementor-section-height-default elementor-section-height-default\" data-id=\"8393ef7\" data-element_type=\"section\">\n\t\t\t\t\t\t<div class=\"elementor-container elementor-column-gap-default\">\n\t\t\t\t\t<div class=\"elementor-column elementor-col-66 elementor-top-column elementor-element elementor-element-e0c8a3a\" data-id=\"e0c8a3a\" data-element_type=\"column\">\n\t\t\t<div class=\"elementor-widget-wrap elementor-element-populated\">\n\t\t\t\t\t\t<div class=\"elementor-element elementor-element-c79a7b4 elementor-widget elementor-widget-text-editor\" data-id=\"c79a7b4\" data-element_type=\"widget\" data-widget_type=\"text-editor.default\">\n\t\t\t\t<div class=\"elementor-widget-container\">\n\t\t\t\t\t\t\t<h2>Presupuesto expr\u00e9s gratuito<\/h2>\n<style>\r\n.align_center {\r\n    display: block;\r\n    text-align: center;\r\n    padding: 30px 0px;\r\n}\r\n<\/style>\r\n\r\n<div>\r\n\t<h2 class=\"align_center\">Presupuesto r\u00e1pido gratuito<\/h2>\r\n<iframe src=\"https:\/\/app.metocrm.com\/web-forms\/e1cab5bd-ef56-4a37-aa71-4857d931f368\"  height=\"800px\" width=\"100%\"  frameborder=\"0\" style=\"border-radius: 10px;\"><\/iframe>\r\n\r\n<\/div>\t\t\t\t\t\t<\/div>\n\t\t\t\t<\/div>\n\t\t\t\t\t<\/div>\n\t\t<\/div>\n\t\t\t\t<div class=\"elementor-column elementor-col-33 elementor-top-column elementor-element elementor-element-dfe41bf\" data-id=\"dfe41bf\" data-element_type=\"column\">\n\t\t\t<div class=\"elementor-widget-wrap elementor-element-populated\">\n\t\t\t\t\t\t<div class=\"elementor-element elementor-element-b9fe954 elementor-widget elementor-widget-image\" data-id=\"b9fe954\" data-element_type=\"widget\" data-widget_type=\"image.default\">\n\t\t\t\t<div class=\"elementor-widget-container\">\n\t\t\t\t\t\t\t\t\t\t\t\t\t<img fetchpriority=\"high\" decoding=\"async\" width=\"508\" height=\"554\" src=\"https:\/\/www.la-chirurgie-esthetique-maroc.com\/wp-content\/uploads\/2022\/01\/la-chirurgie-esthetique-maroc_devis-1.webp\" class=\"attachment-large size-large wp-image-6422\" alt=\"\" srcset=\"https:\/\/www.la-chirurgie-esthetique-maroc.com\/wp-content\/uploads\/2022\/01\/la-chirurgie-esthetique-maroc_devis-1.webp 508w, https:\/\/www.la-chirurgie-esthetique-maroc.com\/wp-content\/uploads\/2022\/01\/la-chirurgie-esthetique-maroc_devis-1-275x300.webp 275w\" sizes=\"(max-width: 508px) 100vw, 508px\" \/>\t\t\t\t\t\t\t\t\t\t\t\t\t<\/div>\n\t\t\t\t<\/div>\n\t\t\t\t\t<\/div>\n\t\t<\/div>\n\t\t\t\t\t<\/div>\n\t\t<\/section>\n\t\t\t\t<section class=\"elementor-section elementor-top-section elementor-element elementor-element-af958cb bg-color forme_1  elementor-section-boxed elementor-section-height-default elementor-section-height-default\" data-id=\"af958cb\" data-element_type=\"section\">\n\t\t\t\t\t\t<div class=\"elementor-container elementor-column-gap-default\">\n\t\t\t\t\t<div class=\"elementor-column elementor-col-100 elementor-top-column elementor-element elementor-element-988acbd\" data-id=\"988acbd\" data-element_type=\"column\">\n\t\t\t<div class=\"elementor-widget-wrap elementor-element-populated\">\n\t\t\t\t\t\t<div class=\"elementor-element elementor-element-01baa18 elementor-widget elementor-widget-text-editor\" data-id=\"01baa18\" data-element_type=\"widget\" data-widget_type=\"text-editor.default\">\n\t\t\t\t<div class=\"elementor-widget-container\">\n\t\t\t\t\t\t\t\n<h2>\u00bfCu\u00e1l es el precio de Cellu-M6 endermology en Marruecos?<\/h2>\nPara conocer el precio de un tratamiento de endermolog\u00eda y lipomasaje con Cellu-M6 realizado en Marruecos, debe preguntar a su m\u00e9dico. El precio depende del n\u00famero de sesiones necesarias, la zona tratada y el objetivo del tratamiento.\t\t\t\t\t\t<\/div>\n\t\t\t\t<\/div>\n\t\t\t\t<div class=\"elementor-element elementor-element-f35545d center elementor-widget elementor-widget-html\" data-id=\"f35545d\" data-element_type=\"widget\" data-widget_type=\"html.default\">\n\t\t\t\t<div class=\"elementor-widget-container\">\n\t\t\t<div class=\"btn_devis\"><a href=\"https:\/\/www.la-chirurgie-esthetique-maroc.com\/es\/cita\/\"><span>Presupuesto gratuito<\/span><\/a><\/div>\t\t<\/div>\n\t\t\t\t<\/div>\n\t\t\t\t<div class=\"elementor-element elementor-element-7c72a878 elementor-widget elementor-widget-text-editor\" data-id=\"7c72a878\" data-element_type=\"widget\" data-widget_type=\"text-editor.default\">\n\t\t\t\t<div class=\"elementor-widget-container\">\n\t\t\t\t\t\t\t\n<h2>\u00bfQui\u00e9n puede beneficiarse de la dermolog\u00eda Cellu-M6?<\/h2>\nEl uso de Cellu-M6 en Marruecos es posible tanto para hombres como para mujeres. Sin embargo, las indicaciones difieren seg\u00fan el objetivo y el sexo del paciente.\n\n<img decoding=\"async\" class=\"alignright wp-image-3448 size-full\" src=\"https:\/\/www.la-chirurgie-esthetique-maroc.com\/wp-content\/uploads\/2021\/07\/Cellu-M6-Maroc-prix.png\" alt=\"Cellu M6 Marruecos precios baratos\" width=\"300\" height=\"266\">Endermologie por Cellu M6 se practica para los hombres en caso de :\n<ul class=\"liste-page\">\n \t<li>eliminaci\u00f3n de michelines<\/li>\n \t<li>una dieta para reafirmar la piel<\/li>\n \t<li>escultura de la silueta<\/li>\n \t<li>estiramiento de la piel que se ha aflojado debido a la p\u00e9rdida de peso<\/li>\n<\/ul>\nLas indicaciones de Cellu-M6 endermology para mujeres son :\n<ul class=\"liste-page\">\n \t<li>esculpir la silueta y mantener la firmeza de la piel.<\/li>\n \t<li>tratamiento del problema de las cifras.<\/li>\n \t<li>conservar la cintura, los brazos y la espalda, que pueden engrosarse durante la menopausia.<\/li>\n \t<li>adelgazar la silueta despu\u00e9s del embarazo.<\/li>\n<\/ul>\nTambi\u00e9n es habitual utilizar la endermolog\u00eda despu\u00e9s de la liposucci\u00f3n (tras un periodo de tiempo establecido por su cirujano) para mejorar la eliminaci\u00f3n de la grasa y la elasticidad de la piel.\t\t\t\t\t\t<\/div>\n\t\t\t\t<\/div>\n\t\t\t\t\t<\/div>\n\t\t<\/div>\n\t\t\t\t\t<\/div>\n\t\t<\/section>\n\t\t\t\t<section class=\"elementor-section elementor-top-section elementor-element elementor-element-207576e9 elementor-section-boxed elementor-section-height-default elementor-section-height-default\" data-id=\"207576e9\" data-element_type=\"section\">\n\t\t\t\t\t\t<div class=\"elementor-container elementor-column-gap-default\">\n\t\t\t\t\t<div class=\"elementor-column elementor-col-100 elementor-top-column elementor-element elementor-element-775d2828\" data-id=\"775d2828\" data-element_type=\"column\">\n\t\t\t<div class=\"elementor-widget-wrap\">\n\t\t\t\t\t\t\t<\/div>\n\t\t<\/div>\n\t\t\t\t\t<\/div>\n\t\t<\/section>\n\t\t\t\t<section class=\"elementor-section elementor-top-section elementor-element elementor-element-cf88235 elementor-section-boxed elementor-section-height-default elementor-section-height-default\" data-id=\"cf88235\" data-element_type=\"section\">\n\t\t\t\t\t\t<div class=\"elementor-container elementor-column-gap-default\">\n\t\t\t\t\t<div class=\"elementor-column elementor-col-33 elementor-top-column elementor-element elementor-element-f02fe94\" data-id=\"f02fe94\" data-element_type=\"column\">\n\t\t\t<div class=\"elementor-widget-wrap elementor-element-populated\">\n\t\t\t\t\t\t<div class=\"elementor-element elementor-element-ded64a1 elementor-widget elementor-widget-text-editor\" data-id=\"ded64a1\" data-element_type=\"widget\" data-widget_type=\"text-editor.default\">\n\t\t\t\t<div class=\"elementor-widget-container\">\n\t\t\t\t\t\t\t<p><img decoding=\"async\" class=\"aligncenter\" src=\"https:\/\/www.la-chirurgie-esthetique-maroc.com\/wp-content\/uploads\/2022\/01\/cellu-m6-maroc-1.webp\" alt=\"Cellu M6 en Marruecos\"><\/p>\n\t\t\t\t\t\t<\/div>\n\t\t\t\t<\/div>\n\t\t\t\t\t<\/div>\n\t\t<\/div>\n\t\t\t\t<div class=\"elementor-column elementor-col-66 elementor-top-column elementor-element elementor-element-9be3eca align_content_center\" data-id=\"9be3eca\" data-element_type=\"column\">\n\t\t\t<div class=\"elementor-widget-wrap elementor-element-populated\">\n\t\t\t\t\t\t<div class=\"elementor-element elementor-element-8bbae83 elementor-widget elementor-widget-text-editor\" data-id=\"8bbae83\" data-element_type=\"widget\" data-widget_type=\"text-editor.default\">\n\t\t\t\t<div class=\"elementor-widget-container\">\n\t\t\t\t\t\t\t<h2>\u00bfEs eficaz Cellu-M6?<\/h2>\nLa eficacia de la endermolog\u00eda Cellu M6 ya ha sido probada en t\u00e9rminos de eficacia despu\u00e9s del parto. En este caso, el Cellu M6 trata la flacidez de la piel del abdomen y la tonifica. Para garantizar la duraci\u00f3n del tratamiento, es aconsejable seguir un estilo de vida saludable practicando deporte y llevando una dieta equilibrada.\n<h2>\u00bfEl Cellu-M6 adelgaza?<\/h2>\nCellu M6 ataca las reservas de grasa localizada para destruirla gracias a la t\u00e9cnica palpado-rodado-aspirado. Esta t\u00e9cnica mejora el drenaje linf\u00e1tico y la eliminaci\u00f3n por las c\u00e9lulas del exceso de grasa que ha destruido la m\u00e1quina Cellu-M6.\n<h2>\u00bfQui\u00e9n puede practicar la endermolog\u00eda en Marruecos?<\/h2>\nLa endermolog\u00eda suele ser practicada por fisioterapeutas, pero a menudo por no profesionales. Sin embargo, en Marruecos, el Cellu-M6 s\u00f3lo lo utiliza un masajista-fisioterapeuta profesional y en una consulta m\u00e9dica.\t\t\t\t\t\t<\/div>\n\t\t\t\t<\/div>\n\t\t\t\t\t<\/div>\n\t\t<\/div>\n\t\t\t\t\t<\/div>\n\t\t<\/section>\n\t\t\t\t<section class=\"elementor-section elementor-top-section elementor-element elementor-element-08394b7 center elementor-section-boxed elementor-section-height-default elementor-section-height-default\" data-id=\"08394b7\" data-element_type=\"section\">\n\t\t\t\t\t\t<div class=\"elementor-container elementor-column-gap-default\">\n\t\t\t\t\t<div class=\"elementor-column elementor-col-100 elementor-top-column elementor-element elementor-element-4a3c6de\" data-id=\"4a3c6de\" data-element_type=\"column\">\n\t\t\t<div class=\"elementor-widget-wrap elementor-element-populated\">\n\t\t\t\t\t\t<div class=\"elementor-element elementor-element-fec5237 elementor-widget elementor-widget-html\" data-id=\"fec5237\" data-element_type=\"widget\" data-widget_type=\"html.default\">\n\t\t\t\t<div class=\"elementor-widget-container\">\n\t\t\t<div class=\"btn_devis btn_intern\"><a href=\"https:\/\/www.la-chirurgie-esthetique-maroc.com\/es\/cita\/\"><span>Presupuesto gratuito<\/span><\/a><\/div>\t\t<\/div>\n\t\t\t\t<\/div>\n\t\t\t\t\t<\/div>\n\t\t<\/div>\n\t\t\t\t\t<\/div>\n\t\t<\/section>\n\t\t\t\t<\/div>\n\t\t","protected":false},"excerpt":{"rendered":"<p>La dermolog\u00eda Cellu m6 permite tratar la celulitis en las mejores cl\u00ednicas de Marruecos. Se trata de una t\u00e9cnica que permite remodelar el cuerpo gracias a la m\u00e1quina Cellu-M6, desarrollada desde hace unos treinta a\u00f1os, pero actualizada con el paso de los a\u00f1os. Los avances tecnol\u00f3gicos han permitido que esta m\u00e1quina evolucione para ofrecer a [&hellip;]<\/p>\n","protected":false},"author":2,"featured_media":6437,"parent":0,"menu_order":0,"comment_status":"closed","ping_status":"closed","template":"","meta":{"footnotes":""},"class_list":["post-6920","page","type-page","status-publish","has-post-thumbnail","hentry"],"yoast_head":"<!-- This site is optimized with the Yoast SEO plugin v27.5 - https:\/\/yoast.com\/product\/yoast-seo-wordpress\/ -->\n<title>Cellu M6 Marruecos \u27a1\ufe0f precios baratos para su sesi\u00f3n de dermolog\u00eda<\/title>\n<meta name=\"description\" content=\"Cellu M6 Marruecos: \u00bfC\u00f3mo se realiza la sesi\u00f3n de dermolog\u00eda Cellu-M6? \u2b50 Pida su presupuesto gratuito con un precio barato.\" \/>\n<meta name=\"robots\" content=\"index, follow, max-snippet:-1, max-image-preview:large, max-video-preview:-1\" \/>\n<link rel=\"canonical\" href=\"https:\/\/www.la-chirurgie-esthetique-maroc.com\/es\/cellu-m6\/\" \/>\n<meta property=\"og:locale\" content=\"es_ES\" \/>\n<meta property=\"og:type\" content=\"article\" \/>\n<meta property=\"og:title\" content=\"Cellu M6 Marruecos \u27a1\ufe0f precios baratos para su sesi\u00f3n de dermolog\u00eda\" \/>\n<meta property=\"og:description\" content=\"Cellu M6 Marruecos: \u00bfC\u00f3mo se realiza la sesi\u00f3n de dermolog\u00eda Cellu-M6? \u2b50 Pida su presupuesto gratuito con un precio barato.\" \/>\n<meta property=\"og:url\" content=\"https:\/\/www.la-chirurgie-esthetique-maroc.com\/es\/cellu-m6\/\" \/>\n<meta property=\"og:site_name\" content=\"Chirurgie esthetique Maroc\" \/>\n<meta property=\"article:modified_time\" content=\"2023-05-29T10:00:44+00:00\" \/>\n<meta property=\"og:image\" content=\"https:\/\/www.la-chirurgie-esthetique-maroc.com\/wp-content\/uploads\/2022\/01\/header_medecin_-esthetique.webp\" \/>\n\t<meta property=\"og:image:width\" content=\"552\" \/>\n\t<meta property=\"og:image:height\" content=\"612\" \/>\n\t<meta property=\"og:image:type\" content=\"image\/webp\" \/>\n<meta name=\"twitter:card\" content=\"summary_large_image\" \/>\n<meta name=\"twitter:label1\" content=\"Tiempo de lectura\" \/>\n\t<meta name=\"twitter:data1\" content=\"4 minutos\" \/>\n<!-- \/ Yoast SEO plugin. -->","yoast_head_json":{"title":"Cellu M6 Marruecos \u27a1\ufe0f precios baratos para su sesi\u00f3n de dermolog\u00eda","description":"Cellu M6 Marruecos: \u00bfC\u00f3mo se realiza la sesi\u00f3n de dermolog\u00eda Cellu-M6? \u2b50 Pida su presupuesto gratuito con un precio barato.","robots":{"index":"index","follow":"follow","max-snippet":"max-snippet:-1","max-image-preview":"max-image-preview:large","max-video-preview":"max-video-preview:-1"},"canonical":"https:\/\/www.la-chirurgie-esthetique-maroc.com\/es\/cellu-m6\/","og_locale":"es_ES","og_type":"article","og_title":"Cellu M6 Marruecos \u27a1\ufe0f precios baratos para su sesi\u00f3n de dermolog\u00eda","og_description":"Cellu M6 Marruecos: \u00bfC\u00f3mo se realiza la sesi\u00f3n de dermolog\u00eda Cellu-M6? \u2b50 Pida su presupuesto gratuito con un precio barato.","og_url":"https:\/\/www.la-chirurgie-esthetique-maroc.com\/es\/cellu-m6\/","og_site_name":"Chirurgie esthetique Maroc","article_modified_time":"2023-05-29T10:00:44+00:00","og_image":[{"width":552,"height":612,"url":"https:\/\/www.la-chirurgie-esthetique-maroc.com\/wp-content\/uploads\/2022\/01\/header_medecin_-esthetique.webp","type":"image\/webp"}],"twitter_card":"summary_large_image","twitter_misc":{"Tiempo de lectura":"4 minutos"},"schema":{"@context":"https:\/\/schema.org","@graph":[{"@type":"WebPage","@id":"https:\/\/www.la-chirurgie-esthetique-maroc.com\/es\/cellu-m6\/","url":"https:\/\/www.la-chirurgie-esthetique-maroc.com\/es\/cellu-m6\/","name":"Cellu M6 Marruecos \u27a1\ufe0f precios baratos para su sesi\u00f3n de dermolog\u00eda","isPartOf":{"@id":"https:\/\/www.la-chirurgie-esthetique-maroc.com\/es\/#website"},"primaryImageOfPage":{"@id":"https:\/\/www.la-chirurgie-esthetique-maroc.com\/es\/cellu-m6\/#primaryimage"},"image":{"@id":"https:\/\/www.la-chirurgie-esthetique-maroc.com\/es\/cellu-m6\/#primaryimage"},"thumbnailUrl":"https:\/\/www.la-chirurgie-esthetique-maroc.com\/wp-content\/uploads\/2022\/01\/header_medecin_-esthetique.webp","datePublished":"2021-07-19T14:03:02+00:00","dateModified":"2023-05-29T10:00:44+00:00","description":"Cellu M6 Marruecos: \u00bfC\u00f3mo se realiza la sesi\u00f3n de dermolog\u00eda Cellu-M6? \u2b50 Pida su presupuesto gratuito con un precio barato.","breadcrumb":{"@id":"https:\/\/www.la-chirurgie-esthetique-maroc.com\/es\/cellu-m6\/#breadcrumb"},"inLanguage":"es","potentialAction":[{"@type":"ReadAction","target":["https:\/\/www.la-chirurgie-esthetique-maroc.com\/es\/cellu-m6\/"]}]},{"@type":"ImageObject","inLanguage":"es","@id":"https:\/\/www.la-chirurgie-esthetique-maroc.com\/es\/cellu-m6\/#primaryimage","url":"https:\/\/www.la-chirurgie-esthetique-maroc.com\/wp-content\/uploads\/2022\/01\/header_medecin_-esthetique.webp","contentUrl":"https:\/\/www.la-chirurgie-esthetique-maroc.com\/wp-content\/uploads\/2022\/01\/header_medecin_-esthetique.webp","width":552,"height":612},{"@type":"BreadcrumbList","@id":"https:\/\/www.la-chirurgie-esthetique-maroc.com\/es\/cellu-m6\/#breadcrumb","itemListElement":[{"@type":"ListItem","position":1,"name":"Accueil","item":"https:\/\/www.la-chirurgie-esthetique-maroc.com\/es\/"},{"@type":"ListItem","position":2,"name":"Cellu M6 Marruecos"}]},{"@type":"WebSite","@id":"https:\/\/www.la-chirurgie-esthetique-maroc.com\/es\/#website","url":"https:\/\/www.la-chirurgie-esthetique-maroc.com\/es\/","name":"Chirurgie esthetique Maroc","description":"","publisher":{"@id":"https:\/\/www.la-chirurgie-esthetique-maroc.com\/es\/#organization"},"potentialAction":[{"@type":"SearchAction","target":{"@type":"EntryPoint","urlTemplate":"https:\/\/www.la-chirurgie-esthetique-maroc.com\/es\/?s={search_term_string}"},"query-input":{"@type":"PropertyValueSpecification","valueRequired":true,"valueName":"search_term_string"}}],"inLanguage":"es"},{"@type":"Organization","@id":"https:\/\/www.la-chirurgie-esthetique-maroc.com\/es\/#organization","name":"Chirurgie esthetique Maroc","url":"https:\/\/www.la-chirurgie-esthetique-maroc.com\/es\/","logo":{"@type":"ImageObject","inLanguage":"es","@id":"https:\/\/www.la-chirurgie-esthetique-maroc.com\/es\/#\/schema\/logo\/image\/","url":"https:\/\/www.la-chirurgie-esthetique-maroc.com\/wp-content\/uploads\/2022\/01\/cem3.png","contentUrl":"https:\/\/www.la-chirurgie-esthetique-maroc.com\/wp-content\/uploads\/2022\/01\/cem3.png","width":125,"height":41,"caption":"Chirurgie esthetique Maroc"},"image":{"@id":"https:\/\/www.la-chirurgie-esthetique-maroc.com\/es\/#\/schema\/logo\/image\/"}}]}},"_links":{"self":[{"href":"https:\/\/www.la-chirurgie-esthetique-maroc.com\/es\/wp-json\/wp\/v2\/pages\/6920","targetHints":{"allow":["GET"]}}],"collection":[{"href":"https:\/\/www.la-chirurgie-esthetique-maroc.com\/es\/wp-json\/wp\/v2\/pages"}],"about":[{"href":"https:\/\/www.la-chirurgie-esthetique-maroc.com\/es\/wp-json\/wp\/v2\/types\/page"}],"author":[{"embeddable":true,"href":"https:\/\/www.la-chirurgie-esthetique-maroc.com\/es\/wp-json\/wp\/v2\/users\/2"}],"replies":[{"embeddable":true,"href":"https:\/\/www.la-chirurgie-esthetique-maroc.com\/es\/wp-json\/wp\/v2\/comments?post=6920"}],"version-history":[{"count":7,"href":"https:\/\/www.la-chirurgie-esthetique-maroc.com\/es\/wp-json\/wp\/v2\/pages\/6920\/revisions"}],"predecessor-version":[{"id":8000,"href":"https:\/\/www.la-chirurgie-esthetique-maroc.com\/es\/wp-json\/wp\/v2\/pages\/6920\/revisions\/8000"}],"wp:featuredmedia":[{"embeddable":true,"href":"https:\/\/www.la-chirurgie-esthetique-maroc.com\/es\/wp-json\/wp\/v2\/media\/6437"}],"wp:attachment":[{"href":"https:\/\/www.la-chirurgie-esthetique-maroc.com\/es\/wp-json\/wp\/v2\/media?parent=6920"}],"curies":[{"name":"wp","href":"https:\/\/api.w.org\/{rel}","templated":true}]}}