{"id":6931,"date":"2017-10-23T10:51:13","date_gmt":"2017-10-23T08:51:13","guid":{"rendered":"https:\/\/www.la-chirurgie-esthetique-maroc.com\/prp-marruecos-para-el-rejuvenecimiento-de-su-piel\/"},"modified":"2024-02-22T13:52:49","modified_gmt":"2024-02-22T12:52:49","slug":"prp","status":"publish","type":"page","link":"https:\/\/www.la-chirurgie-esthetique-maroc.com\/es\/prp\/","title":{"rendered":"PRP Marruecos: para el rejuvenecimiento de su piel"},"content":{"rendered":"\t\t<div data-elementor-type=\"wp-page\" data-elementor-id=\"6931\" class=\"elementor elementor-6931 elementor-1146\">\n\t\t\t\t\t\t<section class=\"elementor-section elementor-top-section elementor-element elementor-element-2a0ba54 elementor-section-boxed elementor-section-height-default elementor-section-height-default\" data-id=\"2a0ba54\" data-element_type=\"section\">\n\t\t\t\t\t\t<div class=\"elementor-container elementor-column-gap-default\">\n\t\t\t\t\t<div class=\"elementor-column elementor-col-100 elementor-top-column elementor-element elementor-element-87ae0a4 align_content_center\" data-id=\"87ae0a4\" data-element_type=\"column\">\n\t\t\t<div class=\"elementor-widget-wrap elementor-element-populated\">\n\t\t\t\t\t\t<div class=\"elementor-element elementor-element-00ae044 elementor-widget elementor-widget-text-editor\" data-id=\"00ae044\" data-element_type=\"widget\" data-widget_type=\"text-editor.default\">\n\t\t\t\t<div class=\"elementor-widget-container\">\n\t\t\t\t\t\t\tSi quieres parecer m\u00e1s joven sin importar tu edad; si no quieres que te digan que has envejecido, el Plasma Rico en Plaquetas<strong>(PRP Marruecos<\/strong>) es tu mejor soluci\u00f3n.\n\nCon el tiempo, la piel envejece y pierde su elasticidad y 2 de sus componentes esenciales: el col\u00e1geno y la elastina. Las 2 sustancias juveniles de la piel.\nSi desea recuperar una piel m\u00e1s joven y vibrante, le recomendamos que se ponga en contacto con nosotros para beneficiarse de nuestro servicio de calidad de PRP en Marruecos a un precio asequible.\t\t\t\t\t\t<\/div>\n\t\t\t\t<\/div>\n\t\t\t\t\t<\/div>\n\t\t<\/div>\n\t\t\t\t\t<\/div>\n\t\t<\/section>\n\t\t\t\t<section class=\"elementor-section elementor-top-section elementor-element elementor-element-85ddcc4 elementor-section-boxed elementor-section-height-default elementor-section-height-default\" data-id=\"85ddcc4\" data-element_type=\"section\">\n\t\t\t\t\t\t<div class=\"elementor-container elementor-column-gap-default\">\n\t\t\t\t\t<div class=\"elementor-column elementor-col-66 elementor-top-column elementor-element elementor-element-47f0a00\" data-id=\"47f0a00\" data-element_type=\"column\">\n\t\t\t<div class=\"elementor-widget-wrap elementor-element-populated\">\n\t\t\t\t\t\t<div class=\"elementor-element elementor-element-6455a94 elementor-widget elementor-widget-text-editor\" data-id=\"6455a94\" data-element_type=\"widget\" data-widget_type=\"text-editor.default\">\n\t\t\t\t<div class=\"elementor-widget-container\">\n\t\t\t\t\t\t\t<h2>Presupuesto expr\u00e9s gratuito<\/h2>\n<style>\r\n.align_center {\r\n    display: block;\r\n    text-align: center;\r\n    padding: 30px 0px;\r\n}\r\n<\/style>\r\n\r\n<div>\r\n\t<h2 class=\"align_center\">Presupuesto r\u00e1pido gratuito<\/h2>\r\n<iframe src=\"https:\/\/app.metocrm.com\/web-forms\/e1cab5bd-ef56-4a37-aa71-4857d931f368\"  height=\"800px\" width=\"100%\"  frameborder=\"0\" style=\"border-radius: 10px;\"><\/iframe>\r\n\r\n<\/div>\t\t\t\t\t\t<\/div>\n\t\t\t\t<\/div>\n\t\t\t\t\t<\/div>\n\t\t<\/div>\n\t\t\t\t<div class=\"elementor-column elementor-col-33 elementor-top-column elementor-element elementor-element-f1e129a\" data-id=\"f1e129a\" data-element_type=\"column\">\n\t\t\t<div class=\"elementor-widget-wrap elementor-element-populated\">\n\t\t\t\t\t\t<div class=\"elementor-element elementor-element-523ff98 elementor-widget elementor-widget-image\" data-id=\"523ff98\" data-element_type=\"widget\" data-widget_type=\"image.default\">\n\t\t\t\t<div class=\"elementor-widget-container\">\n\t\t\t\t\t\t\t\t\t\t\t\t\t<img fetchpriority=\"high\" decoding=\"async\" width=\"508\" height=\"554\" src=\"https:\/\/www.la-chirurgie-esthetique-maroc.com\/wp-content\/uploads\/2022\/01\/la-chirurgie-esthetique-maroc_devis-1.webp\" class=\"attachment-large size-large wp-image-6422\" alt=\"\" srcset=\"https:\/\/www.la-chirurgie-esthetique-maroc.com\/wp-content\/uploads\/2022\/01\/la-chirurgie-esthetique-maroc_devis-1.webp 508w, https:\/\/www.la-chirurgie-esthetique-maroc.com\/wp-content\/uploads\/2022\/01\/la-chirurgie-esthetique-maroc_devis-1-275x300.webp 275w\" sizes=\"(max-width: 508px) 100vw, 508px\" \/>\t\t\t\t\t\t\t\t\t\t\t\t\t<\/div>\n\t\t\t\t<\/div>\n\t\t\t\t\t<\/div>\n\t\t<\/div>\n\t\t\t\t\t<\/div>\n\t\t<\/section>\n\t\t\t\t<section class=\"elementor-section elementor-top-section elementor-element elementor-element-8588274 bg-color forme_1  elementor-section-boxed elementor-section-height-default elementor-section-height-default\" data-id=\"8588274\" data-element_type=\"section\">\n\t\t\t\t\t\t<div class=\"elementor-container elementor-column-gap-default\">\n\t\t\t\t\t<div class=\"elementor-column elementor-col-100 elementor-top-column elementor-element elementor-element-42e1aee\" data-id=\"42e1aee\" data-element_type=\"column\">\n\t\t\t<div class=\"elementor-widget-wrap elementor-element-populated\">\n\t\t\t\t\t\t<div class=\"elementor-element elementor-element-01a951b elementor-widget elementor-widget-text-editor\" data-id=\"01a951b\" data-element_type=\"widget\" data-widget_type=\"text-editor.default\">\n\t\t\t\t<div class=\"elementor-widget-container\">\n\t\t\t\t\t\t\t<h2>Precios GWP en Marruecos<\/h2>\nEl precio de PRP en Marruecos depende del n\u00famero de inyecciones, para tener las tarifas, es necesario hacer una solicitud de presupuesto, nuestra cl\u00ednica internacional le ofrece un presupuesto gratuito con toda la informaci\u00f3n sobre el tratamiento de PRP con una estancia m\u00e9dica todo incluido. Para obtener el precio en dinares, tambi\u00e9n debe solicitar un presupuesto.\n\t\t\t\t\t\t<\/div>\n\t\t\t\t<\/div>\n\t\t\t\t<div class=\"elementor-element elementor-element-1fc5113 center elementor-widget elementor-widget-html\" data-id=\"1fc5113\" data-element_type=\"widget\" data-widget_type=\"html.default\">\n\t\t\t\t<div class=\"elementor-widget-container\">\n\t\t\t<div class=\"btn_devis\"><a href=\"https:\/\/www.la-chirurgie-esthetique-maroc.com\/es\/cita\/\"><span>Presupuesto gratuito<\/span><\/a><\/div>\t\t<\/div>\n\t\t\t\t<\/div>\n\t\t\t\t<div class=\"elementor-element elementor-element-904e881 elementor-widget elementor-widget-text-editor\" data-id=\"904e881\" data-element_type=\"widget\" data-widget_type=\"text-editor.default\">\n\t\t\t\t<div class=\"elementor-widget-container\">\n\t\t\t\t\t\t\t<h2>\u00bfQu\u00e9 es el plasma rico en plaquetas en Marruecos?<\/h2>\nEl <strong>plasma rico en plaquetas<\/strong> mejora la calidad de la piel. Es la nueva arma de la medicina est\u00e9tica para combatir el envejecimiento cut\u00e1neo.\nEl PRP consiste en inyectarse suero rico en plaquetas para regenerar la piel. El PRP tambi\u00e9n permite la bioestimulaci\u00f3n de la piel. Este m\u00e9todo es 100% natural.\nCon este m\u00e9todo, sus c\u00e9lulas son sus propios recursos vitales y su poder regenerativo. En efecto, su eficacia como bioestimulante lo convierte en un potenciador biocelular \u00fanico y natural.\t\t\t\t\t\t<\/div>\n\t\t\t\t<\/div>\n\t\t\t\t\t<\/div>\n\t\t<\/div>\n\t\t\t\t\t<\/div>\n\t\t<\/section>\n\t\t\t\t<section class=\"elementor-section elementor-top-section elementor-element elementor-element-74dead2 elementor-section-boxed elementor-section-height-default elementor-section-height-default\" data-id=\"74dead2\" data-element_type=\"section\">\n\t\t\t\t\t\t<div class=\"elementor-container elementor-column-gap-default\">\n\t\t\t\t\t<div class=\"elementor-column elementor-col-100 elementor-top-column elementor-element elementor-element-e9a3207 align_content_center\" data-id=\"e9a3207\" data-element_type=\"column\">\n\t\t\t<div class=\"elementor-widget-wrap elementor-element-populated\">\n\t\t\t\t\t\t<div class=\"elementor-element elementor-element-4bac73e elementor-widget elementor-widget-text-editor\" data-id=\"4bac73e\" data-element_type=\"widget\" data-widget_type=\"text-editor.default\">\n\t\t\t\t<div class=\"elementor-widget-container\">\n\t\t\t\t\t\t\t<h2>Indicaciones para la inyecci\u00f3n de PRP :<\/h2>\nEl <strong>PRP en Marruecos <\/strong>permite la regeneraci\u00f3n de la piel y act\u00faa en profundidad en la dermis\t\t\t\t\t\t<\/div>\n\t\t\t\t<\/div>\n\t\t\t\t\t<\/div>\n\t\t<\/div>\n\t\t\t\t\t<\/div>\n\t\t<\/section>\n\t\t\t\t<section class=\"elementor-section elementor-top-section elementor-element elementor-element-3d0d3560 elementor-section-boxed elementor-section-height-default elementor-section-height-default\" data-id=\"3d0d3560\" data-element_type=\"section\">\n\t\t\t\t\t\t<div class=\"elementor-container elementor-column-gap-default\">\n\t\t\t\t\t<div class=\"elementor-column elementor-col-100 elementor-top-column elementor-element elementor-element-34db933f\" data-id=\"34db933f\" data-element_type=\"column\">\n\t\t\t<div class=\"elementor-widget-wrap elementor-element-populated\">\n\t\t\t\t\t\t<div class=\"elementor-element elementor-element-5eef56ec elementor-widget elementor-widget-text-editor\" data-id=\"5eef56ec\" data-element_type=\"widget\" data-widget_type=\"text-editor.default\">\n\t\t\t\t<div class=\"elementor-widget-container\">\n\t\t\t\t\t\t\t<h3>El &#8220;lifting vampiro&#8221;: un m\u00e9todo de prevenci\u00f3n del envejecimiento cut\u00e1neo:<\/h3>\nEl lifting vampiro ha sido m\u00e1s publicitado en todo el mundo por Kim Kardashian.\nEste plasma es una buena defensa contra las agresiones externas, como el tabaco y la contaminaci\u00f3n. Tambi\u00e9n se preserva la hidrataci\u00f3n de la piel. A la edad de 25 a\u00f1os, <strong>el PRP Marruecos <\/strong>le da un resplandor y ya no ver\u00e1 esas peque\u00f1as arrugas en el espejo que sol\u00edan estropearle la vida.\n<h3>Tratamiento de las manchas cut\u00e1neas:<\/h3>\nEl principio de regeneraci\u00f3n celular aut\u00f3loga tambi\u00e9n se recomienda para reducir las ojeras y mejorar el aspecto de todas las cicatrices (cicatrices de acn\u00e9 o causadas por un accidente o una intervenci\u00f3n quir\u00fargica). Tambi\u00e9n puede ser la soluci\u00f3n para tratar las estr\u00edas.\n\t\t\t\t\t\t<\/div>\n\t\t\t\t<\/div>\n\t\t\t\t\t<\/div>\n\t\t<\/div>\n\t\t\t\t\t<\/div>\n\t\t<\/section>\n\t\t\t\t<section class=\"elementor-section elementor-top-section elementor-element elementor-element-42d478e elementor-section-boxed elementor-section-height-default elementor-section-height-default\" data-id=\"42d478e\" data-element_type=\"section\">\n\t\t\t\t\t\t<div class=\"elementor-container elementor-column-gap-default\">\n\t\t\t\t\t<div class=\"elementor-column elementor-col-100 elementor-top-column elementor-element elementor-element-4d17a15\" data-id=\"4d17a15\" data-element_type=\"column\">\n\t\t\t<div class=\"elementor-widget-wrap elementor-element-populated\">\n\t\t\t\t\t\t<section class=\"elementor-section elementor-inner-section elementor-element elementor-element-59cc3d5 elementor-section-boxed elementor-section-height-default elementor-section-height-default\" data-id=\"59cc3d5\" data-element_type=\"section\">\n\t\t\t\t\t\t<div class=\"elementor-container elementor-column-gap-default\">\n\t\t\t\t\t<div class=\"elementor-column elementor-col-100 elementor-inner-column elementor-element elementor-element-096d4c5\" data-id=\"096d4c5\" data-element_type=\"column\">\n\t\t\t<div class=\"elementor-widget-wrap elementor-element-populated\">\n\t\t\t\t\t\t<div class=\"elementor-element elementor-element-796a532 elementor-widget elementor-widget-text-editor\" data-id=\"796a532\" data-element_type=\"widget\" data-widget_type=\"text-editor.default\">\n\t\t\t\t<div class=\"elementor-widget-container\">\n\t\t\t\t\t\t\t<h2>El curso del tratamiento PRP Marruecos :<\/h2>\nAntes de iniciar el tratamiento con concentrados de plaquetas, es preferible una visita con el m\u00e9dico para diagnosticar la calidad de la piel, explicar el protocolo de tratamiento y recordar al paciente las distintas precauciones.\n\n\t\t\t\t\t\t<\/div>\n\t\t\t\t<\/div>\n\t\t\t\t<div class=\"elementor-element elementor-element-ae5a91e elementor-widget elementor-widget-text-editor\" data-id=\"ae5a91e\" data-element_type=\"widget\" data-widget_type=\"text-editor.default\">\n\t\t\t\t<div class=\"elementor-widget-container\">\n\t\t\t\t\t\t\tNo existe consenso cient\u00edfico sobre el concentrado de plaquetas ideal, el n\u00famero y la frecuencia de las inyecciones y la anestesia local;\nEl tratamiento dura un mes, son necesarias 2 inyecciones. Se espacian 3 semanas.\t\t\t\t\t\t<\/div>\n\t\t\t\t<\/div>\n\t\t\t\t\t<\/div>\n\t\t<\/div>\n\t\t\t\t\t<\/div>\n\t\t<\/section>\n\t\t\t\t<div class=\"elementor-element elementor-element-1f36ebe elementor-widget elementor-widget-text-editor\" data-id=\"1f36ebe\" data-element_type=\"widget\" data-widget_type=\"text-editor.default\">\n\t\t\t\t<div class=\"elementor-widget-container\">\n\t\t\t\t\t\t\t\n\nAntes del procedimiento, es imprescindible que la zona a tratar est\u00e9 desmaquillada y seca. Debe evitarse el consumo de aspirina durante las 24 horas previas a la sesi\u00f3n.\n\nEl cirujano extrae 8 ml de sangre para obtener s\u00f3lo de 4 a 5 ml de PRP tras el centrifugado. Este tratamiento se aplicar\u00e1 en el rostro y el escote.\n\nDespu\u00e9s del tratamiento, espere 3 meses antes de tener la visita de seguimiento con su cirujano para saber despu\u00e9s de la evaluaci\u00f3n del resultado si es necesario un tratamiento de mantenimiento.\n\nAl final del periodo de tratamiento, 3 meses despu\u00e9s de la \u00faltima inyecci\u00f3n, se programar\u00e1 una visita de seguimiento para evaluar el resultado y la posible necesidad de un tratamiento de mantenimiento.\n\nEl resultado ser\u00e1 incre\u00edble despu\u00e9s de probar el <strong>PRP en <\/strong>Marruecos y \u00a1ya no escapar\u00e1s de tu espejo!\t\t\t\t\t\t<\/div>\n\t\t\t\t<\/div>\n\t\t\t\t\t<\/div>\n\t\t<\/div>\n\t\t\t\t\t<\/div>\n\t\t<\/section>\n\t\t\t\t<section class=\"elementor-section elementor-top-section elementor-element elementor-element-94ac736 center elementor-section-boxed elementor-section-height-default elementor-section-height-default\" data-id=\"94ac736\" data-element_type=\"section\">\n\t\t\t\t\t\t<div class=\"elementor-container elementor-column-gap-default\">\n\t\t\t\t\t<div class=\"elementor-column elementor-col-100 elementor-top-column elementor-element elementor-element-8433633\" data-id=\"8433633\" data-element_type=\"column\">\n\t\t\t<div class=\"elementor-widget-wrap elementor-element-populated\">\n\t\t\t\t\t\t<div class=\"elementor-element elementor-element-a4a4956 elementor-widget elementor-widget-html\" data-id=\"a4a4956\" data-element_type=\"widget\" data-widget_type=\"html.default\">\n\t\t\t\t<div class=\"elementor-widget-container\">\n\t\t\t<div class=\"btn_devis btn_intern\"><a href=\"https:\/\/www.la-chirurgie-esthetique-maroc.com\/es\/cita\/\"><span>Presupuesto gratuito<\/span><\/a><\/div>\t\t<\/div>\n\t\t\t\t<\/div>\n\t\t\t\t\t<\/div>\n\t\t<\/div>\n\t\t\t\t\t<\/div>\n\t\t<\/section>\n\t\t\t\t<\/div>\n\t\t","protected":false},"excerpt":{"rendered":"<p>Si quieres parecer m\u00e1s joven sin importar tu edad; si no quieres que te digan que has envejecido, el Plasma Rico en Plaquetas(PRP Marruecos) es tu mejor soluci\u00f3n. Con el tiempo, la piel envejece y pierde su elasticidad y 2 de sus componentes esenciales: el col\u00e1geno y la elastina. Las 2 sustancias juveniles de la [&hellip;]<\/p>\n","protected":false},"author":2,"featured_media":6437,"parent":0,"menu_order":0,"comment_status":"closed","ping_status":"closed","template":"","meta":{"footnotes":""},"class_list":["post-6931","page","type-page","status-publish","has-post-thumbnail","hentry"],"yoast_head":"<!-- This site is optimized with the Yoast SEO plugin v27.5 - https:\/\/yoast.com\/product\/yoast-seo-wordpress\/ -->\n<title>PRP Marruecos: rejuvenecimiento de la piel con plasma rico en plaquetas<\/title>\n<meta name=\"description\" content=\"PRP Marruecos: tratamiento antiedad mediante la inyecci\u00f3n de Plasma Rico en Plaquetas para mejorar la calidad de la piel. Pida su presupuesto personalizado.\" \/>\n<meta name=\"robots\" content=\"index, follow, max-snippet:-1, max-image-preview:large, max-video-preview:-1\" \/>\n<link rel=\"canonical\" href=\"https:\/\/www.la-chirurgie-esthetique-maroc.com\/es\/prp\/\" \/>\n<meta property=\"og:locale\" content=\"es_ES\" \/>\n<meta property=\"og:type\" content=\"article\" \/>\n<meta property=\"og:title\" content=\"PRP Marruecos: rejuvenecimiento de la piel con plasma rico en plaquetas\" \/>\n<meta property=\"og:description\" content=\"PRP Marruecos: tratamiento antiedad mediante la inyecci\u00f3n de Plasma Rico en Plaquetas para mejorar la calidad de la piel. Pida su presupuesto personalizado.\" \/>\n<meta property=\"og:url\" content=\"https:\/\/www.la-chirurgie-esthetique-maroc.com\/es\/prp\/\" \/>\n<meta property=\"og:site_name\" content=\"Chirurgie esthetique Maroc\" \/>\n<meta property=\"article:modified_time\" content=\"2024-02-22T12:52:49+00:00\" \/>\n<meta property=\"og:image\" content=\"https:\/\/www.la-chirurgie-esthetique-maroc.com\/wp-content\/uploads\/2022\/01\/header_medecin_-esthetique.webp\" \/>\n\t<meta property=\"og:image:width\" content=\"552\" \/>\n\t<meta property=\"og:image:height\" content=\"612\" \/>\n\t<meta property=\"og:image:type\" content=\"image\/webp\" \/>\n<meta name=\"twitter:card\" content=\"summary_large_image\" \/>\n<meta name=\"twitter:label1\" content=\"Tiempo de lectura\" \/>\n\t<meta name=\"twitter:data1\" content=\"3 minutos\" \/>\n<!-- \/ Yoast SEO plugin. -->","yoast_head_json":{"title":"PRP Marruecos: rejuvenecimiento de la piel con plasma rico en plaquetas","description":"PRP Marruecos: tratamiento antiedad mediante la inyecci\u00f3n de Plasma Rico en Plaquetas para mejorar la calidad de la piel. Pida su presupuesto personalizado.","robots":{"index":"index","follow":"follow","max-snippet":"max-snippet:-1","max-image-preview":"max-image-preview:large","max-video-preview":"max-video-preview:-1"},"canonical":"https:\/\/www.la-chirurgie-esthetique-maroc.com\/es\/prp\/","og_locale":"es_ES","og_type":"article","og_title":"PRP Marruecos: rejuvenecimiento de la piel con plasma rico en plaquetas","og_description":"PRP Marruecos: tratamiento antiedad mediante la inyecci\u00f3n de Plasma Rico en Plaquetas para mejorar la calidad de la piel. Pida su presupuesto personalizado.","og_url":"https:\/\/www.la-chirurgie-esthetique-maroc.com\/es\/prp\/","og_site_name":"Chirurgie esthetique Maroc","article_modified_time":"2024-02-22T12:52:49+00:00","og_image":[{"width":552,"height":612,"url":"https:\/\/www.la-chirurgie-esthetique-maroc.com\/wp-content\/uploads\/2022\/01\/header_medecin_-esthetique.webp","type":"image\/webp"}],"twitter_card":"summary_large_image","twitter_misc":{"Tiempo de lectura":"3 minutos"},"schema":{"@context":"https:\/\/schema.org","@graph":[{"@type":"WebPage","@id":"https:\/\/www.la-chirurgie-esthetique-maroc.com\/es\/prp\/","url":"https:\/\/www.la-chirurgie-esthetique-maroc.com\/es\/prp\/","name":"PRP Marruecos: rejuvenecimiento de la piel con plasma rico en plaquetas","isPartOf":{"@id":"https:\/\/www.la-chirurgie-esthetique-maroc.com\/es\/#website"},"primaryImageOfPage":{"@id":"https:\/\/www.la-chirurgie-esthetique-maroc.com\/es\/prp\/#primaryimage"},"image":{"@id":"https:\/\/www.la-chirurgie-esthetique-maroc.com\/es\/prp\/#primaryimage"},"thumbnailUrl":"https:\/\/www.la-chirurgie-esthetique-maroc.com\/wp-content\/uploads\/2022\/01\/header_medecin_-esthetique.webp","datePublished":"2017-10-23T08:51:13+00:00","dateModified":"2024-02-22T12:52:49+00:00","description":"PRP Marruecos: tratamiento antiedad mediante la inyecci\u00f3n de Plasma Rico en Plaquetas para mejorar la calidad de la piel. Pida su presupuesto personalizado.","breadcrumb":{"@id":"https:\/\/www.la-chirurgie-esthetique-maroc.com\/es\/prp\/#breadcrumb"},"inLanguage":"es","potentialAction":[{"@type":"ReadAction","target":["https:\/\/www.la-chirurgie-esthetique-maroc.com\/es\/prp\/"]}]},{"@type":"ImageObject","inLanguage":"es","@id":"https:\/\/www.la-chirurgie-esthetique-maroc.com\/es\/prp\/#primaryimage","url":"https:\/\/www.la-chirurgie-esthetique-maroc.com\/wp-content\/uploads\/2022\/01\/header_medecin_-esthetique.webp","contentUrl":"https:\/\/www.la-chirurgie-esthetique-maroc.com\/wp-content\/uploads\/2022\/01\/header_medecin_-esthetique.webp","width":552,"height":612},{"@type":"BreadcrumbList","@id":"https:\/\/www.la-chirurgie-esthetique-maroc.com\/es\/prp\/#breadcrumb","itemListElement":[{"@type":"ListItem","position":1,"name":"Accueil","item":"https:\/\/www.la-chirurgie-esthetique-maroc.com\/es\/"},{"@type":"ListItem","position":2,"name":"PRP Marruecos: para el rejuvenecimiento de su piel"}]},{"@type":"WebSite","@id":"https:\/\/www.la-chirurgie-esthetique-maroc.com\/es\/#website","url":"https:\/\/www.la-chirurgie-esthetique-maroc.com\/es\/","name":"Chirurgie esthetique Maroc","description":"","publisher":{"@id":"https:\/\/www.la-chirurgie-esthetique-maroc.com\/es\/#organization"},"potentialAction":[{"@type":"SearchAction","target":{"@type":"EntryPoint","urlTemplate":"https:\/\/www.la-chirurgie-esthetique-maroc.com\/es\/?s={search_term_string}"},"query-input":{"@type":"PropertyValueSpecification","valueRequired":true,"valueName":"search_term_string"}}],"inLanguage":"es"},{"@type":"Organization","@id":"https:\/\/www.la-chirurgie-esthetique-maroc.com\/es\/#organization","name":"Chirurgie esthetique Maroc","url":"https:\/\/www.la-chirurgie-esthetique-maroc.com\/es\/","logo":{"@type":"ImageObject","inLanguage":"es","@id":"https:\/\/www.la-chirurgie-esthetique-maroc.com\/es\/#\/schema\/logo\/image\/","url":"https:\/\/www.la-chirurgie-esthetique-maroc.com\/wp-content\/uploads\/2022\/01\/cem3.png","contentUrl":"https:\/\/www.la-chirurgie-esthetique-maroc.com\/wp-content\/uploads\/2022\/01\/cem3.png","width":125,"height":41,"caption":"Chirurgie esthetique Maroc"},"image":{"@id":"https:\/\/www.la-chirurgie-esthetique-maroc.com\/es\/#\/schema\/logo\/image\/"}}]}},"_links":{"self":[{"href":"https:\/\/www.la-chirurgie-esthetique-maroc.com\/es\/wp-json\/wp\/v2\/pages\/6931","targetHints":{"allow":["GET"]}}],"collection":[{"href":"https:\/\/www.la-chirurgie-esthetique-maroc.com\/es\/wp-json\/wp\/v2\/pages"}],"about":[{"href":"https:\/\/www.la-chirurgie-esthetique-maroc.com\/es\/wp-json\/wp\/v2\/types\/page"}],"author":[{"embeddable":true,"href":"https:\/\/www.la-chirurgie-esthetique-maroc.com\/es\/wp-json\/wp\/v2\/users\/2"}],"replies":[{"embeddable":true,"href":"https:\/\/www.la-chirurgie-esthetique-maroc.com\/es\/wp-json\/wp\/v2\/comments?post=6931"}],"version-history":[{"count":10,"href":"https:\/\/www.la-chirurgie-esthetique-maroc.com\/es\/wp-json\/wp\/v2\/pages\/6931\/revisions"}],"predecessor-version":[{"id":8500,"href":"https:\/\/www.la-chirurgie-esthetique-maroc.com\/es\/wp-json\/wp\/v2\/pages\/6931\/revisions\/8500"}],"wp:featuredmedia":[{"embeddable":true,"href":"https:\/\/www.la-chirurgie-esthetique-maroc.com\/es\/wp-json\/wp\/v2\/media\/6437"}],"wp:attachment":[{"href":"https:\/\/www.la-chirurgie-esthetique-maroc.com\/es\/wp-json\/wp\/v2\/media?parent=6931"}],"curies":[{"name":"wp","href":"https:\/\/api.w.org\/{rel}","templated":true}]}}