{"id":6951,"date":"2018-04-26T15:43:38","date_gmt":"2018-04-26T13:43:38","guid":{"rendered":"https:\/\/www.la-chirurgie-esthetique-maroc.com\/rinoplastia-etnica-marruecos\/"},"modified":"2023-05-29T12:14:01","modified_gmt":"2023-05-29T10:14:01","slug":"rinoplastia-etnica","status":"publish","type":"page","link":"https:\/\/www.la-chirurgie-esthetique-maroc.com\/es\/rinoplastia-etnica\/","title":{"rendered":"Rinoplastia \u00e9tnica Marruecos"},"content":{"rendered":"\t\t<div data-elementor-type=\"wp-page\" data-elementor-id=\"6951\" class=\"elementor elementor-6951 elementor-1549\">\n\t\t\t\t\t\t<section class=\"elementor-section elementor-top-section elementor-element elementor-element-227f390 elementor-section-boxed elementor-section-height-default elementor-section-height-default\" data-id=\"227f390\" data-element_type=\"section\">\n\t\t\t\t\t\t<div class=\"elementor-container elementor-column-gap-default\">\n\t\t\t\t\t<div class=\"elementor-column elementor-col-33 elementor-top-column elementor-element elementor-element-0390757 align_content_center\" data-id=\"0390757\" data-element_type=\"column\">\n\t\t\t<div class=\"elementor-widget-wrap elementor-element-populated\">\n\t\t\t\t\t\t<div class=\"elementor-element elementor-element-0fe0ce2 elementor-widget elementor-widget-text-editor\" data-id=\"0fe0ce2\" data-element_type=\"widget\" data-widget_type=\"text-editor.default\">\n\t\t\t\t<div class=\"elementor-widget-container\">\n\t\t\t\t\t\t\t<p><img fetchpriority=\"high\" decoding=\"async\" class=\"aligncenter wp-image-1558 size-medium\" src=\"https:\/\/www.la-chirurgie-esthetique-maroc.com\/wp-content\/uploads\/2018\/04\/Rhinoplastie-ethnique-Tunisie-300x169.jpg\" alt=\"Rinoplastia \u00e9tnica Marruecos\" width=\"300\" height=\"169\" srcset=\"https:\/\/www.la-chirurgie-esthetique-maroc.com\/wp-content\/uploads\/2018\/04\/Rhinoplastie-ethnique-Tunisie-300x169.jpg 300w, https:\/\/www.la-chirurgie-esthetique-maroc.com\/wp-content\/uploads\/2018\/04\/Rhinoplastie-ethnique-Tunisie.jpg 309w\" sizes=\"(max-width: 300px) 100vw, 300px\" \/><\/p>\n\t\t\t\t\t\t<\/div>\n\t\t\t\t<\/div>\n\t\t\t\t\t<\/div>\n\t\t<\/div>\n\t\t\t\t<div class=\"elementor-column elementor-col-66 elementor-top-column elementor-element elementor-element-3ee9ba3 align_content_center\" data-id=\"3ee9ba3\" data-element_type=\"column\">\n\t\t\t<div class=\"elementor-widget-wrap elementor-element-populated\">\n\t\t\t\t\t\t<div class=\"elementor-element elementor-element-ea5e8f8 elementor-widget elementor-widget-text-editor\" data-id=\"ea5e8f8\" data-element_type=\"widget\" data-widget_type=\"text-editor.default\">\n\t\t\t\t<div class=\"elementor-widget-container\">\n\t\t\t\t\t\t\t<p>La <strong>rinoplastia \u00e9tnica Marruecos<\/strong> es el procedimiento de cirug\u00eda est\u00e9tica de la nariz espec\u00edficamente reservado para la correcci\u00f3n de la nariz de pacientes africanos y asi\u00e1ticos. Se trata de una rinoplastia que tiene en cuenta las especificidades culturales de la nariz, incluida la forma de la nariz \u00e9tnica, para realizar la remodelaci\u00f3n de la nariz.<\/p>\n\t\t\t\t\t\t<\/div>\n\t\t\t\t<\/div>\n\t\t\t\t<div class=\"elementor-element elementor-element-3bf6d5d elementor-widget elementor-widget-text-editor\" data-id=\"3bf6d5d\" data-element_type=\"widget\" data-widget_type=\"text-editor.default\">\n\t\t\t\t<div class=\"elementor-widget-container\">\n\t\t\t\t\t\t\t<h2>Precios de la rinoplastia \u00e9tnica Marruecos<\/h2>\nEl precio de una <strong>rinoplastia \u00e9tnica en <\/strong>Marruecos incluye el coste de la operaci\u00f3n, la anestesia y el cirujano, con estancia m\u00e9dica todo incluido en un hotel de lujo. Debe solicitar un presupuesto para conocer el precio en dinares y euros.\n\nRinoplastia \u00e9tnica 2350 \u20ac para una estancia m\u00e9dica con todo incluido de 5 noches y 6 d\u00edas.\t\t\t\t\t\t<\/div>\n\t\t\t\t<\/div>\n\t\t\t\t\t<\/div>\n\t\t<\/div>\n\t\t\t\t\t<\/div>\n\t\t<\/section>\n\t\t\t\t<section class=\"elementor-section elementor-top-section elementor-element elementor-element-e511efb elementor-section-boxed elementor-section-height-default elementor-section-height-default\" data-id=\"e511efb\" data-element_type=\"section\">\n\t\t\t\t\t\t<div class=\"elementor-container elementor-column-gap-default\">\n\t\t\t\t\t<div class=\"elementor-column elementor-col-66 elementor-top-column elementor-element elementor-element-b8a3e6b\" data-id=\"b8a3e6b\" data-element_type=\"column\">\n\t\t\t<div class=\"elementor-widget-wrap elementor-element-populated\">\n\t\t\t\t\t\t<div class=\"elementor-element elementor-element-274b60f elementor-widget elementor-widget-text-editor\" data-id=\"274b60f\" data-element_type=\"widget\" data-widget_type=\"text-editor.default\">\n\t\t\t\t<div class=\"elementor-widget-container\">\n\t\t\t\t\t\t\t<h2>Presupuesto expr\u00e9s gratuito<\/h2>\n<style>\r\n.align_center {\r\n    display: block;\r\n    text-align: center;\r\n    padding: 30px 0px;\r\n}\r\n<\/style>\r\n\r\n<div>\r\n\t<h2 class=\"align_center\">Presupuesto r\u00e1pido gratuito<\/h2>\r\n<iframe src=\"https:\/\/app.metocrm.com\/web-forms\/e1cab5bd-ef56-4a37-aa71-4857d931f368\"  height=\"800px\" width=\"100%\"  frameborder=\"0\" style=\"border-radius: 10px;\"><\/iframe>\r\n\r\n<\/div>\t\t\t\t\t\t<\/div>\n\t\t\t\t<\/div>\n\t\t\t\t\t<\/div>\n\t\t<\/div>\n\t\t\t\t<div class=\"elementor-column elementor-col-33 elementor-top-column elementor-element elementor-element-cde47ea\" data-id=\"cde47ea\" data-element_type=\"column\">\n\t\t\t<div class=\"elementor-widget-wrap elementor-element-populated\">\n\t\t\t\t\t\t<div class=\"elementor-element elementor-element-338b19b elementor-widget elementor-widget-image\" data-id=\"338b19b\" data-element_type=\"widget\" data-widget_type=\"image.default\">\n\t\t\t\t<div class=\"elementor-widget-container\">\n\t\t\t\t\t\t\t\t\t\t\t\t\t<img decoding=\"async\" width=\"508\" height=\"554\" src=\"https:\/\/www.la-chirurgie-esthetique-maroc.com\/wp-content\/uploads\/2022\/01\/la-chirurgie-esthetique-maroc_devis-1.webp\" class=\"attachment-large size-large wp-image-6422\" alt=\"\" srcset=\"https:\/\/www.la-chirurgie-esthetique-maroc.com\/wp-content\/uploads\/2022\/01\/la-chirurgie-esthetique-maroc_devis-1.webp 508w, https:\/\/www.la-chirurgie-esthetique-maroc.com\/wp-content\/uploads\/2022\/01\/la-chirurgie-esthetique-maroc_devis-1-275x300.webp 275w\" sizes=\"(max-width: 508px) 100vw, 508px\" \/>\t\t\t\t\t\t\t\t\t\t\t\t\t<\/div>\n\t\t\t\t<\/div>\n\t\t\t\t\t<\/div>\n\t\t<\/div>\n\t\t\t\t\t<\/div>\n\t\t<\/section>\n\t\t\t\t<section class=\"elementor-section elementor-top-section elementor-element elementor-element-700521f bg-color forme_1  elementor-section-boxed elementor-section-height-default elementor-section-height-default\" data-id=\"700521f\" data-element_type=\"section\">\n\t\t\t\t\t\t<div class=\"elementor-container elementor-column-gap-default\">\n\t\t\t\t\t<div class=\"elementor-column elementor-col-100 elementor-top-column elementor-element elementor-element-769ac38\" data-id=\"769ac38\" data-element_type=\"column\">\n\t\t\t<div class=\"elementor-widget-wrap elementor-element-populated\">\n\t\t\t\t\t\t<div class=\"elementor-element elementor-element-572189e elementor-widget elementor-widget-text-editor\" data-id=\"572189e\" data-element_type=\"widget\" data-widget_type=\"text-editor.default\">\n\t\t\t\t<div class=\"elementor-widget-container\">\n\t\t\t\t\t\t\t<h2>Rinoplastia \u00e9tnica<\/h2>\nUna rinoplastia \u00e9tnica significa en primer lugar conocer cu\u00e1les son los defectos frecuentes de la nariz en africanos o asi\u00e1ticos. En el caso de la <strong>cirug\u00eda de nariz \u00e9tnica<\/strong>La causa m\u00e1s com\u00fan es un desarrollo insuficiente de la estructura osteo-cartilaginosa, es decir, una falta de desarrollo de los huesos y cart\u00edlagos de la nariz, que hace que la mayor\u00eda de los pacientes asi\u00e1ticos y africanos tengan una nariz con un puente nasal ancho y aplanado, una punta nasal roma y orificios nasales anchos.\n\nLa correcci\u00f3n de este defecto puede realizarse siguiendo varias t\u00e9cnicas, eligiendo cada cirujano el m\u00e9todo que m\u00e1s le convenga. Pero la <strong>rinoplastia \u00e9tnica en Marruecos <\/strong>se realiza bajo anestesia general y dura 1h30 mn. Dependiendo del caso de cada paciente, se puede realizar un injerto de cart\u00edlago para alargar la proyecci\u00f3n de la nariz, o un implante nasal para elevar la punta de la nariz o corregir el aplanamiento del puente nasal, o una plastia nasal para reducir las fosas nasales anchas, o una sutura del cart\u00edlago para reducir la punta de la nariz, o finalmente una resecci\u00f3n osteo-cartilaginosa para afinar la punta de la nariz y el caballete nasal. En conjunto, la nariz debe reducirse de frente y aumentar de perfil.\t\t\t\t\t\t<\/div>\n\t\t\t\t<\/div>\n\t\t\t\t\t<\/div>\n\t\t<\/div>\n\t\t\t\t\t<\/div>\n\t\t<\/section>\n\t\t\t\t<section class=\"elementor-section elementor-top-section elementor-element elementor-element-407e991 elementor-section-boxed elementor-section-height-default elementor-section-height-default\" data-id=\"407e991\" data-element_type=\"section\">\n\t\t\t\t\t\t<div class=\"elementor-container elementor-column-gap-default\">\n\t\t\t\t\t<div class=\"elementor-column elementor-col-66 elementor-top-column elementor-element elementor-element-1e29101\" data-id=\"1e29101\" data-element_type=\"column\">\n\t\t\t<div class=\"elementor-widget-wrap elementor-element-populated\">\n\t\t\t\t\t\t<div class=\"elementor-element elementor-element-a32971c elementor-widget elementor-widget-text-editor\" data-id=\"a32971c\" data-element_type=\"widget\" data-widget_type=\"text-editor.default\">\n\t\t\t\t<div class=\"elementor-widget-container\">\n\t\t\t\t\t\t\t<h2>Seguimiento de la rinoplastia \u00e9tnica<\/h2>\nSon relativamente sencillos. La extracci\u00f3n de los trozos y los frenillos se har\u00e1 como en <a href=\"https:\/\/www.la-chirurgie-esthetique-maroc.com\/es\/rinoplastia\/\">una rinoplastia tradicional<\/a>, pero por lo dem\u00e1s es raro que aparezcan hematomas despu\u00e9s de una rinoplastia \u00e9tnica.\n<h2>Resultados de la rinoplastia \u00e9tnica<\/h2>\nEs apreciable despu\u00e9s de 3 meses. Pero el resultado final aparece entre el <sup>6\u00ba<\/sup> y el <sup>12\u00ba<\/sup> mes.\n\nSuele ser un caso de asimetr\u00eda de la nariz que puede requerir una rinoplastia secundaria, y si es as\u00ed, a los 6 meses. o casos de rechazo del implante, desplazamiento del injerto, etc.\t\t\t\t\t\t<\/div>\n\t\t\t\t<\/div>\n\t\t\t\t\t<\/div>\n\t\t<\/div>\n\t\t\t\t<div class=\"elementor-column elementor-col-33 elementor-top-column elementor-element elementor-element-3b5574c\" data-id=\"3b5574c\" data-element_type=\"column\">\n\t\t\t<div class=\"elementor-widget-wrap elementor-element-populated\">\n\t\t\t\t\t\t<div class=\"elementor-element elementor-element-43524f7 elementor-widget elementor-widget-text-editor\" data-id=\"43524f7\" data-element_type=\"widget\" data-widget_type=\"text-editor.default\">\n\t\t\t\t<div class=\"elementor-widget-container\">\n\t\t\t\t\t\t\t<p><img decoding=\"async\" class=\"aligncenter wp-image-1559 size-full\" src=\"https:\/\/www.la-chirurgie-esthetique-maroc.com\/wp-content\/uploads\/2018\/04\/Rhinoplastie-ethnique-en-Tunisie.jpg\" alt=\"Rinoplastia \u00e9tnica en Marruecos\" width=\"279\" height=\"198\"><\/p>\n\t\t\t\t\t\t<\/div>\n\t\t\t\t<\/div>\n\t\t\t\t\t<\/div>\n\t\t<\/div>\n\t\t\t\t\t<\/div>\n\t\t<\/section>\n\t\t\t\t<section class=\"elementor-section elementor-top-section elementor-element elementor-element-72a2d26 elementor-section-boxed elementor-section-height-default elementor-section-height-default\" data-id=\"72a2d26\" data-element_type=\"section\">\n\t\t\t\t\t\t<div class=\"elementor-container elementor-column-gap-default\">\n\t\t\t\t\t<div class=\"elementor-column elementor-col-100 elementor-top-column elementor-element elementor-element-2389b44\" data-id=\"2389b44\" data-element_type=\"column\">\n\t\t\t<div class=\"elementor-widget-wrap elementor-element-populated\">\n\t\t\t\t\t\t<div class=\"elementor-element elementor-element-f47475e center elementor-widget elementor-widget-html\" data-id=\"f47475e\" data-element_type=\"widget\" data-widget_type=\"html.default\">\n\t\t\t\t<div class=\"elementor-widget-container\">\n\t\t\t<div class=\"btn_devis btn_intern\"><a href=\"https:\/\/www.la-chirurgie-esthetique-maroc.com\/es\/cita\/\"><span>Presupuesto gratuito<\/span><\/a><\/div>\t\t<\/div>\n\t\t\t\t<\/div>\n\t\t\t\t\t<\/div>\n\t\t<\/div>\n\t\t\t\t\t<\/div>\n\t\t<\/section>\n\t\t\t\t<\/div>\n\t\t","protected":false},"excerpt":{"rendered":"<p>La rinoplastia \u00e9tnica Marruecos es el procedimiento de cirug\u00eda est\u00e9tica de la nariz espec\u00edficamente reservado para la correcci\u00f3n de la nariz de pacientes africanos y asi\u00e1ticos. Se trata de una rinoplastia que tiene en cuenta las especificidades culturales de la nariz, incluida la forma de la nariz \u00e9tnica, para realizar la remodelaci\u00f3n de la nariz. [&hellip;]<\/p>\n","protected":false},"author":2,"featured_media":6425,"parent":0,"menu_order":0,"comment_status":"closed","ping_status":"closed","template":"","meta":{"footnotes":""},"class_list":["post-6951","page","type-page","status-publish","has-post-thumbnail","hentry"],"yoast_head":"<!-- This site is optimized with the Yoast SEO plugin v27.5 - https:\/\/yoast.com\/product\/yoast-seo-wordpress\/ -->\n<title>Rinoplastia \u00e9tnica Marruecos: precios de la cirug\u00eda de nariz africana y asi\u00e1tica<\/title>\n<meta name=\"description\" content=\"Rinoplastia \u00e9tnica Marruecos: cirug\u00eda est\u00e9tica de la nariz para pacientes africanos y asi\u00e1ticos con estancia m\u00e9dica todo incluido.\" \/>\n<meta name=\"robots\" content=\"index, follow, max-snippet:-1, max-image-preview:large, max-video-preview:-1\" \/>\n<link rel=\"canonical\" href=\"https:\/\/www.la-chirurgie-esthetique-maroc.com\/es\/rinoplastia-etnica\/\" \/>\n<meta property=\"og:locale\" content=\"es_ES\" \/>\n<meta property=\"og:type\" content=\"article\" \/>\n<meta property=\"og:title\" content=\"Rinoplastia \u00e9tnica Marruecos: precios de la cirug\u00eda de nariz africana y asi\u00e1tica\" \/>\n<meta property=\"og:description\" content=\"Rinoplastia \u00e9tnica Marruecos: cirug\u00eda est\u00e9tica de la nariz para pacientes africanos y asi\u00e1ticos con estancia m\u00e9dica todo incluido.\" \/>\n<meta property=\"og:url\" content=\"https:\/\/www.la-chirurgie-esthetique-maroc.com\/es\/rinoplastia-etnica\/\" \/>\n<meta property=\"og:site_name\" content=\"Chirurgie esthetique Maroc\" \/>\n<meta property=\"article:modified_time\" content=\"2023-05-29T10:14:01+00:00\" \/>\n<meta property=\"og:image\" content=\"https:\/\/www.la-chirurgie-esthetique-maroc.com\/wp-content\/uploads\/2022\/01\/header_visage.png\" \/>\n\t<meta property=\"og:image:width\" content=\"552\" \/>\n\t<meta property=\"og:image:height\" content=\"612\" \/>\n\t<meta property=\"og:image:type\" content=\"image\/png\" \/>\n<meta name=\"twitter:card\" content=\"summary_large_image\" \/>\n<meta name=\"twitter:label1\" content=\"Tiempo de lectura\" \/>\n\t<meta name=\"twitter:data1\" content=\"3 minutos\" \/>\n<!-- \/ Yoast SEO plugin. -->","yoast_head_json":{"title":"Rinoplastia \u00e9tnica Marruecos: precios de la cirug\u00eda de nariz africana y asi\u00e1tica","description":"Rinoplastia \u00e9tnica Marruecos: cirug\u00eda est\u00e9tica de la nariz para pacientes africanos y asi\u00e1ticos con estancia m\u00e9dica todo incluido.","robots":{"index":"index","follow":"follow","max-snippet":"max-snippet:-1","max-image-preview":"max-image-preview:large","max-video-preview":"max-video-preview:-1"},"canonical":"https:\/\/www.la-chirurgie-esthetique-maroc.com\/es\/rinoplastia-etnica\/","og_locale":"es_ES","og_type":"article","og_title":"Rinoplastia \u00e9tnica Marruecos: precios de la cirug\u00eda de nariz africana y asi\u00e1tica","og_description":"Rinoplastia \u00e9tnica Marruecos: cirug\u00eda est\u00e9tica de la nariz para pacientes africanos y asi\u00e1ticos con estancia m\u00e9dica todo incluido.","og_url":"https:\/\/www.la-chirurgie-esthetique-maroc.com\/es\/rinoplastia-etnica\/","og_site_name":"Chirurgie esthetique Maroc","article_modified_time":"2023-05-29T10:14:01+00:00","og_image":[{"width":552,"height":612,"url":"https:\/\/www.la-chirurgie-esthetique-maroc.com\/wp-content\/uploads\/2022\/01\/header_visage.png","type":"image\/png"}],"twitter_card":"summary_large_image","twitter_misc":{"Tiempo de lectura":"3 minutos"},"schema":{"@context":"https:\/\/schema.org","@graph":[{"@type":"WebPage","@id":"https:\/\/www.la-chirurgie-esthetique-maroc.com\/es\/rinoplastia-etnica\/","url":"https:\/\/www.la-chirurgie-esthetique-maroc.com\/es\/rinoplastia-etnica\/","name":"Rinoplastia \u00e9tnica Marruecos: precios de la cirug\u00eda de nariz africana y asi\u00e1tica","isPartOf":{"@id":"https:\/\/www.la-chirurgie-esthetique-maroc.com\/es\/#website"},"primaryImageOfPage":{"@id":"https:\/\/www.la-chirurgie-esthetique-maroc.com\/es\/rinoplastia-etnica\/#primaryimage"},"image":{"@id":"https:\/\/www.la-chirurgie-esthetique-maroc.com\/es\/rinoplastia-etnica\/#primaryimage"},"thumbnailUrl":"https:\/\/www.la-chirurgie-esthetique-maroc.com\/wp-content\/uploads\/2022\/01\/header_visage.png","datePublished":"2018-04-26T13:43:38+00:00","dateModified":"2023-05-29T10:14:01+00:00","description":"Rinoplastia \u00e9tnica Marruecos: cirug\u00eda est\u00e9tica de la nariz para pacientes africanos y asi\u00e1ticos con estancia m\u00e9dica todo incluido.","breadcrumb":{"@id":"https:\/\/www.la-chirurgie-esthetique-maroc.com\/es\/rinoplastia-etnica\/#breadcrumb"},"inLanguage":"es","potentialAction":[{"@type":"ReadAction","target":["https:\/\/www.la-chirurgie-esthetique-maroc.com\/es\/rinoplastia-etnica\/"]}]},{"@type":"ImageObject","inLanguage":"es","@id":"https:\/\/www.la-chirurgie-esthetique-maroc.com\/es\/rinoplastia-etnica\/#primaryimage","url":"https:\/\/www.la-chirurgie-esthetique-maroc.com\/wp-content\/uploads\/2022\/01\/header_visage.png","contentUrl":"https:\/\/www.la-chirurgie-esthetique-maroc.com\/wp-content\/uploads\/2022\/01\/header_visage.png","width":552,"height":612},{"@type":"BreadcrumbList","@id":"https:\/\/www.la-chirurgie-esthetique-maroc.com\/es\/rinoplastia-etnica\/#breadcrumb","itemListElement":[{"@type":"ListItem","position":1,"name":"Accueil","item":"https:\/\/www.la-chirurgie-esthetique-maroc.com\/es\/"},{"@type":"ListItem","position":2,"name":"Rinoplastia \u00e9tnica Marruecos"}]},{"@type":"WebSite","@id":"https:\/\/www.la-chirurgie-esthetique-maroc.com\/es\/#website","url":"https:\/\/www.la-chirurgie-esthetique-maroc.com\/es\/","name":"Chirurgie esthetique Maroc","description":"","publisher":{"@id":"https:\/\/www.la-chirurgie-esthetique-maroc.com\/es\/#organization"},"potentialAction":[{"@type":"SearchAction","target":{"@type":"EntryPoint","urlTemplate":"https:\/\/www.la-chirurgie-esthetique-maroc.com\/es\/?s={search_term_string}"},"query-input":{"@type":"PropertyValueSpecification","valueRequired":true,"valueName":"search_term_string"}}],"inLanguage":"es"},{"@type":"Organization","@id":"https:\/\/www.la-chirurgie-esthetique-maroc.com\/es\/#organization","name":"Chirurgie esthetique Maroc","url":"https:\/\/www.la-chirurgie-esthetique-maroc.com\/es\/","logo":{"@type":"ImageObject","inLanguage":"es","@id":"https:\/\/www.la-chirurgie-esthetique-maroc.com\/es\/#\/schema\/logo\/image\/","url":"https:\/\/www.la-chirurgie-esthetique-maroc.com\/wp-content\/uploads\/2022\/01\/cem3.png","contentUrl":"https:\/\/www.la-chirurgie-esthetique-maroc.com\/wp-content\/uploads\/2022\/01\/cem3.png","width":125,"height":41,"caption":"Chirurgie esthetique Maroc"},"image":{"@id":"https:\/\/www.la-chirurgie-esthetique-maroc.com\/es\/#\/schema\/logo\/image\/"}}]}},"_links":{"self":[{"href":"https:\/\/www.la-chirurgie-esthetique-maroc.com\/es\/wp-json\/wp\/v2\/pages\/6951","targetHints":{"allow":["GET"]}}],"collection":[{"href":"https:\/\/www.la-chirurgie-esthetique-maroc.com\/es\/wp-json\/wp\/v2\/pages"}],"about":[{"href":"https:\/\/www.la-chirurgie-esthetique-maroc.com\/es\/wp-json\/wp\/v2\/types\/page"}],"author":[{"embeddable":true,"href":"https:\/\/www.la-chirurgie-esthetique-maroc.com\/es\/wp-json\/wp\/v2\/users\/2"}],"replies":[{"embeddable":true,"href":"https:\/\/www.la-chirurgie-esthetique-maroc.com\/es\/wp-json\/wp\/v2\/comments?post=6951"}],"version-history":[{"count":7,"href":"https:\/\/www.la-chirurgie-esthetique-maroc.com\/es\/wp-json\/wp\/v2\/pages\/6951\/revisions"}],"predecessor-version":[{"id":8116,"href":"https:\/\/www.la-chirurgie-esthetique-maroc.com\/es\/wp-json\/wp\/v2\/pages\/6951\/revisions\/8116"}],"wp:featuredmedia":[{"embeddable":true,"href":"https:\/\/www.la-chirurgie-esthetique-maroc.com\/es\/wp-json\/wp\/v2\/media\/6425"}],"wp:attachment":[{"href":"https:\/\/www.la-chirurgie-esthetique-maroc.com\/es\/wp-json\/wp\/v2\/media?parent=6951"}],"curies":[{"name":"wp","href":"https:\/\/api.w.org\/{rel}","templated":true}]}}