{"id":8652,"date":"2024-02-29T09:30:44","date_gmt":"2024-02-29T08:30:44","guid":{"rendered":"https:\/\/www.la-chirurgie-esthetique-maroc.com\/cirugia-estetica-rabat-guia-completa-de-procedimientos-y-precios\/"},"modified":"2024-03-05T12:55:57","modified_gmt":"2024-03-05T11:55:57","slug":"cirugia-estetica-rabat","status":"publish","type":"page","link":"https:\/\/www.la-chirurgie-esthetique-maroc.com\/es\/cirugia-estetica-rabat\/","title":{"rendered":"Cirug\u00eda est\u00e9tica Rabat: Gu\u00eda completa de procedimientos y precios"},"content":{"rendered":"\t\t<div data-elementor-type=\"wp-page\" data-elementor-id=\"8652\" class=\"elementor elementor-8652 elementor-8622\">\n\t\t\t\t\t\t<section class=\"elementor-section elementor-top-section elementor-element elementor-element-1a294601 elementor-section-boxed elementor-section-height-default elementor-section-height-default\" data-id=\"1a294601\" data-element_type=\"section\">\n\t\t\t\t\t\t<div class=\"elementor-container elementor-column-gap-default\">\n\t\t\t\t\t<div class=\"elementor-column elementor-col-100 elementor-top-column elementor-element elementor-element-15506e0b\" data-id=\"15506e0b\" data-element_type=\"column\">\n\t\t\t<div class=\"elementor-widget-wrap elementor-element-populated\">\n\t\t\t\t\t\t<div class=\"elementor-element elementor-element-618ae6a8 elementor-widget elementor-widget-text-editor\" data-id=\"618ae6a8\" data-element_type=\"widget\" data-widget_type=\"text-editor.default\">\n\t\t\t\t<div class=\"elementor-widget-container\">\n\t\t\t\t\t\t\t<p><img fetchpriority=\"high\" decoding=\"async\" class=\"size-medium wp-image-8632 alignleft\" src=\"https:\/\/www.la-chirurgie-esthetique-maroc.com\/wp-content\/uploads\/2024\/02\/Chirurgie-esthetique-Rabat-270x300.webp\" alt=\"\" width=\"270\" height=\"300\" srcset=\"https:\/\/www.la-chirurgie-esthetique-maroc.com\/wp-content\/uploads\/2024\/02\/Chirurgie-esthetique-Rabat-270x300.webp 270w, https:\/\/www.la-chirurgie-esthetique-maroc.com\/wp-content\/uploads\/2024\/02\/Chirurgie-esthetique-Rabat.webp 496w\" sizes=\"(max-width: 270px) 100vw, 270px\" \/><\/p>\n<p>En Rabat, capital de Marruecos, la <strong>cirug\u00eda est\u00e9tica<\/strong> florece gracias a un abanico de especialidades que atrae tanto a locales como a visitantes internacionales. Las intervenciones faciales incluyen el lifting facial para reducir los signos de envejecimiento en la cara y el cuello, la blefaroplastia para corregir los p\u00e1rpados, la rinoplastia para remodelar la nariz y otras intervenciones como la genioplastia y la septoplastia. Tambi\u00e9n se ofrece cirug\u00eda de nariz africana, una especializaci\u00f3n que tiene en cuenta las caracter\u00edsticas \u00e9tnicas espec\u00edficas.<\/p>\n<p>Cuando se trata de cirug\u00eda de contorno corporal, los servicios incluyen lifting abdominal para tensar la piel del vientre, lifting de gl\u00fateos, liposucci\u00f3n completa para eliminar los dep\u00f3sitos de grasa y t\u00e9cnicas m\u00e1s avanzadas como J-Plasma y Lipo Vaser. La cirug\u00eda mamaria en Rabat abarca operaciones como el aumento de mamas, la elevaci\u00f3n de mamas, la reducci\u00f3n de mamas y la reconstrucci\u00f3n mamaria, satisfaciendo las variadas necesidades de las pacientes.<\/p>\n<p>El coste de estas operaciones en Rabat es un factor crucial para los pacientes a la hora de tomar su decisi\u00f3n. Al mismo tiempo, Rabat acoge a los pacientes que desean combinar una estancia m\u00e9dica con la exploraci\u00f3n de la ciudad. Adem\u00e1s de cirug\u00eda est\u00e9tica, Rabat ofrece servicios m\u00e9dicos en disciplinas como oftalmolog\u00eda, reproducci\u00f3n m\u00e9dicamente asistida (FIV), ortopedia y cirug\u00eda bari\u00e1trica, consolidando su estatus de centro m\u00e9dico de referencia.<\/p>\n<h2><strong>Cirug\u00eda est\u00e9tica en Rabat<\/strong><\/h2>\n<p>Rabat es conocida por sus cl\u00ednicas de cirug\u00eda est\u00e9tica que ofrecen toda una gama de servicios especializados para el rostro, la figura y los senos. Dotadas de modernas instalaciones y cirujanos experimentados, estas cl\u00ednicas atraen a pacientes que buscan operaciones de alta calidad.<\/p>\n<h2><strong>Cirug\u00eda facial<\/strong><\/h2>\n<p>Las operaciones faciales en Rabat incluyen el <strong>lifting cervicofacial<\/strong>, que corrige la flacidez de la piel y los m\u00fasculos, as\u00ed como los signos de envejecimiento en las mejillas y el cuello. La <strong>blefaroplastia<\/strong> aborda los p\u00e1rpados ca\u00eddos y puede eliminar las bolsas bajo los ojos.<\/p>\n<ul>\n<li><strong>Rinoplastia<\/strong>: remodelaci\u00f3n de la nariz para armonizar los rasgos faciales.<\/li>\n<li><strong>Genioplastia<\/strong>: mejora del aspecto del ment\u00f3n.<\/li>\n<li><strong>Septoplastia<\/strong>: correcci\u00f3n del tabique nasal para conseguir una nariz funcional y est\u00e9tica.<\/li>\n<li><strong>Otros procedimientos:<\/strong>\n<ul>\n<li>Inyecciones de<strong>\u00e1cido hialur\u00f3nico<\/strong> para rellenar arrugas profundas.<\/li>\n<li><strong>L\u00e1ser<\/strong> y <strong>peeling<\/strong> para mejorar la elasticidad y luminosidad de la piel.<\/li>\n<\/ul>\n<\/li>\n<\/ul>\n<p>Los procedimientos pueden realizarse con <strong>anestesia general<\/strong> o local, y pueden implicar un breve periodo de<strong>hospitalizaci\u00f3n<\/strong>.<\/p>\n<h2><strong>Cirug\u00eda de la silueta<\/strong><\/h2>\n<p>Existen varios procedimientos para mejorar la cifra:<\/p>\n<ul>\n<li><strong>Abdominoplastia<\/strong>: eliminaci\u00f3n del exceso de piel y grasa, tensado de los m\u00fasculos abdominales.<\/li>\n<li><strong>Lifting de gl\u00fateos<\/strong> y <strong>lifting brasile\u00f1o de gl\u00fateos (BBL<\/strong> ): aumento y mejora de los gl\u00fateos.<\/li>\n<li><strong>Liposucci\u00f3n completa<\/strong>: eliminaci\u00f3n del exceso de grasa de varias partes del cuerpo.<\/li>\n<li><strong>J plasma<\/strong> y <strong>Lipo Vase<\/strong>r: t\u00e9cnicas avanzadas para una mejor definici\u00f3n y una recuperaci\u00f3n m\u00e1s r\u00e1pida.<\/li>\n<\/ul>\n<h2><strong>Cirug\u00eda mamaria<\/strong><\/h2>\n<p>La cirug\u00eda mamaria en Rabat permite redefinir los senos en funci\u00f3n de las necesidades y expectativas de las pacientes:<\/p>\n<ul>\n<li><strong>Aumento de mamas: uso de implantes o grasa aut\u00f3loga para aumentar el volumen de las mamas.<\/strong><\/li>\n<li><strong>Elevaci\u00f3n de mamas: levanta las mamas ca\u00eddas para darles una forma m\u00e1s est\u00e9tica.<\/strong><\/li>\n<li><strong>Reducci\u00f3n mamaria: reducci\u00f3n de volumen para reducir el dolor y mejorar la silueta.<\/strong><\/li>\n<li><strong>Reconstrucci\u00f3n mamaria: reconstrucci\u00f3n tras una mastectom\u00eda por motivos est\u00e9ticos y psicol\u00f3gicos.<\/strong><\/li>\n<\/ul>\n<p>Cada intervenci\u00f3n se adapta a la anatom\u00eda y los objetivos de cada paciente, centr\u00e1ndose en obtener <strong>resultados naturales<\/strong> y <strong>minimizar las cicatrices<\/strong>.<\/p>\n<h2><strong>Informaci\u00f3n financiera<\/strong><\/h2>\n<p>El coste de la cirug\u00eda est\u00e9tica var\u00eda en funci\u00f3n del establecimiento y del nivel de experiencia de los cirujanos de Rabat.<\/p>\n<h3><strong>Coste de las operaciones en Rabat<\/strong><\/h3>\n<ul>\n<li><strong><img decoding=\"async\" class=\"alignright size-medium wp-image-8629\" src=\"https:\/\/www.la-chirurgie-esthetique-maroc.com\/wp-content\/uploads\/2024\/02\/prix-Chirurgie-esthetique-Rabat-273x300.webp\" alt=\"\" width=\"273\" height=\"300\" srcset=\"https:\/\/www.la-chirurgie-esthetique-maroc.com\/wp-content\/uploads\/2024\/02\/prix-Chirurgie-esthetique-Rabat-273x300.webp 273w, https:\/\/www.la-chirurgie-esthetique-maroc.com\/wp-content\/uploads\/2024\/02\/prix-Chirurgie-esthetique-Rabat.webp 498w\" sizes=\"(max-width: 273px) 100vw, 273px\" \/>Cirug\u00eda facial<\/strong>\n<ul>\n<li>Lifting cervicofacial: desde 20.000 MAD<\/li>\n<li>Lifting de cuello: desde 15.000 MAD<\/li>\n<li>Blefaroplastia: desde 12.000 MAD<\/li>\n<li>Rinoplastia: desde 18.000 MAD<\/li>\n<li>Genioplastia: desde 15.000 MAD<\/li>\n<li>Septoplastia: desde 17.000 MAD<\/li>\n<li>Cirug\u00eda de nariz africana: desde 20.000 MAD<\/li>\n<\/ul>\n<\/li>\n<li><strong>Cirug\u00eda de la silueta<\/strong>\n<ul>\n<li>Abdominoplastia: desde 25.000 MAD<\/li>\n<li>Levantamiento de gl\u00fateos: de MADD 20.000<\/li>\n<li>Lifting brasile\u00f1o de gl\u00fateos (BBL): de 22.000 MAD<\/li>\n<li>Liposucci\u00f3n completa: desde 30.000 MAD<\/li>\n<li>J-Plasma : Precio a consultar<\/li>\n<li>Lipo Vaser : Precio a consultar<\/li>\n<\/ul>\n<\/li>\n<li><strong>Cirug\u00eda mamaria<\/strong>\n<ul>\n<li>Aumento de pecho: desde 25.000 MAD<\/li>\n<li>Elevaci\u00f3n de pecho: desde 20.000 MAD<\/li>\n<li>Reducci\u00f3n de pecho: desde 22.000 MAD<\/li>\n<li>Reconstrucci\u00f3n mamaria: Precios en consulta<\/li>\n<\/ul>\n<\/li>\n<\/ul>\n<p>Los precios indicados son orientativos y pueden variar en funci\u00f3n de diversos factores, como la complejidad de la operaci\u00f3n, la experiencia del cirujano y el material utilizado. Se aconseja a los pacientes que soliciten un presupuesto personalizado para obtener una estimaci\u00f3n precisa de los costes en Rabat.<\/p>\n<h3><strong>Viajar para operarse<\/strong><\/h3>\n<p>La creciente tendencia del turismo m\u00e9dico ha hecho de Rabat un destino preferente para muchas intervenciones quir\u00fargicas. Los pacientes de Francia y otros pa\u00edses eligen Marruecos por la calidad de la atenci\u00f3n y el coste competitivo del tratamiento.<\/p>\n<h3><strong>Estancia en Rabat<\/strong><\/h3>\n<p><img decoding=\"async\" class=\"size-medium wp-image-8626 alignleft\" src=\"https:\/\/www.la-chirurgie-esthetique-maroc.com\/wp-content\/uploads\/2024\/02\/Chirurgie-esthetique-Rabat-pas-cher-300x300.webp\" alt=\"\" width=\"300\" height=\"300\" srcset=\"https:\/\/www.la-chirurgie-esthetique-maroc.com\/wp-content\/uploads\/2024\/02\/Chirurgie-esthetique-Rabat-pas-cher-300x300.webp 300w, https:\/\/www.la-chirurgie-esthetique-maroc.com\/wp-content\/uploads\/2024\/02\/Chirurgie-esthetique-Rabat-pas-cher-150x150.webp 150w, https:\/\/www.la-chirurgie-esthetique-maroc.com\/wp-content\/uploads\/2024\/02\/Chirurgie-esthetique-Rabat-pas-cher.webp 540w\" sizes=\"(max-width: 300px) 100vw, 300px\" \/>La hospitalizaci\u00f3n en Rabat para cirug\u00eda est\u00e9tica se distingue por la calidad de los establecimientos sanitarios y la competencia de los cirujanos. Las instalaciones est\u00e1n equipadas con tecnolog\u00eda avanzada y el personal ha recibido formaci\u00f3n para cumplir las normas internacionales de asistencia. Una estancia en Rabat ofrece a los pacientes una doble oportunidad: beneficiarse de una cirug\u00eda de alta calidad y descubrir al mismo tiempo los atractivos culturales de la capital marroqu\u00ed. Dependiendo de la operaci\u00f3n, los pacientes pueden necesitar un periodo de reposo y seguimiento postoperatorio en la cl\u00ednica o en un hotel cercano.<\/p>\n<h4><strong>Hospitalizaci\u00f3n en Rabat :<\/strong><\/h4>\n<ul>\n<li><strong>Calidad de la atenci\u00f3n: En consonancia con las normas internacionales.<\/strong><\/li>\n<li><strong>Entorno cultural: Una experiencia enriquecedora en el coraz\u00f3n de Marruecos.<\/strong><\/li>\n<li><strong>Costes de explotaci\u00f3n: generalmente m\u00e1s asequibles que en Francia.<\/strong><\/li>\n<\/ul>\n<p>Procedimientos como el lifting c\u00e9rvico-facial, la blefaroplastia o la cirug\u00eda de nariz requieren hospitalizaci\u00f3n a corto o medio plazo. Esto permite a los pacientes recuperarse con total seguridad, al tiempo que se benefician de un estrecho seguimiento m\u00e9dico. En el caso de operaciones m\u00e1s complejas, como la liposucci\u00f3n completa o el lifting brasile\u00f1o de gl\u00fateos (Brazilian Butt Lift, BBL), el periodo de hospitalizaci\u00f3n puede ser m\u00e1s largo y requiere una recuperaci\u00f3n acorde con las instrucciones del cirujano.<\/p>\n<p>Visitar Rabat para someterse a procedimientos m\u00e9dicos no s\u00f3lo permite ahorrar dinero, sino que tambi\u00e9n brinda la oportunidad de descubrir Marrakech y otras ciudades marroqu\u00edes durante la convalecencia. Es una forma de que los pacientes combinen los beneficios de la cirug\u00eda est\u00e9tica con la experiencia del turismo en un pa\u00eds con una rica historia.<\/p>\n<h2><strong>Otras especialidades m\u00e9dicas en Rabat<\/strong><\/h2>\n<p>Adem\u00e1s de la cirug\u00eda est\u00e9tica, Rabat ofrece toda una gama de servicios m\u00e9dicos especializados con equipos de \u00faltima generaci\u00f3n y profesionales altamente cualificados en diversos campos de la salud.<\/p>\n<h3><strong>Oftalmolog\u00eda<\/strong><\/h3>\n<p><img loading=\"lazy\" decoding=\"async\" class=\"alignright size-medium wp-image-8623\" src=\"https:\/\/www.la-chirurgie-esthetique-maroc.com\/wp-content\/uploads\/2024\/02\/Chirurgie-plastique-Rabat-300x235.webp\" alt=\"\" width=\"300\" height=\"235\" srcset=\"https:\/\/www.la-chirurgie-esthetique-maroc.com\/wp-content\/uploads\/2024\/02\/Chirurgie-plastique-Rabat-300x235.webp 300w, https:\/\/www.la-chirurgie-esthetique-maroc.com\/wp-content\/uploads\/2024\/02\/Chirurgie-plastique-Rabat.webp 586w\" sizes=\"(max-width: 300px) 100vw, 300px\" \/>Rabat cuenta con cl\u00ednicas oftalmol\u00f3gicas equipadas para procedimientos como la cirug\u00eda de cataratas, el tratamiento con l\u00e1ser de los trastornos de la visi\u00f3n y la cirug\u00eda refractiva. Estos establecimientos utilizan tecnolog\u00edas avanzadas para garantizar la precisi\u00f3n y eficacia de los tratamientos.<\/p>\n<h3><strong>FIV<\/strong><\/h3>\n<p>La fecundaci\u00f3n in vitro (FIV) es otra especialidad m\u00e9dica que se ofrece en Rabat. Las cl\u00ednicas de fertilidad ofrecen servicios integrales que incluyen el diagn\u00f3stico de la infertilidad, diversos tratamientos de reproducci\u00f3n asistida y un seguimiento personalizado del paciente.<\/p>\n<h3><strong>Ortopedia<\/strong><\/h3>\n<p>Los servicios ortop\u00e9dicos de Rabat abarcan una amplia gama de tratamientos para lesiones musculoesquel\u00e9ticas y enfermedades degenerativas. La cirug\u00eda avanzada de cadera, rodilla, hombro y columna es realizada por cirujanos ortop\u00e9dicos experimentados.<\/p>\n<h3><strong>Cirug\u00eda bari\u00e1trica<\/strong><\/h3>\n<p>La cirug\u00eda bari\u00e1trica, o cirug\u00eda de la obesidad, es una especialidad m\u00e9dica que ofrece soluciones a los pacientes que padecen obesidad grave. Procedimientos como el bypass g\u00e1strico o la gastrectom\u00eda en manga se llevan a cabo en hospitales especializados de Rabat, para ayudar a los pacientes a perder peso y mejorar su salud general.<\/p>\n\t\t\t\t\t\t<\/div>\n\t\t\t\t<\/div>\n\t\t\t\t\t<\/div>\n\t\t<\/div>\n\t\t\t\t\t<\/div>\n\t\t<\/section>\n\t\t\t\t<\/div>\n\t\t","protected":false},"excerpt":{"rendered":"<p>En Rabat, capital de Marruecos, la cirug\u00eda est\u00e9tica florece gracias a un abanico de especialidades que atrae tanto a locales como a visitantes internacionales. Las intervenciones faciales incluyen el lifting facial para reducir los signos de envejecimiento en la cara y el cuello, la blefaroplastia para corregir los p\u00e1rpados, la rinoplastia para remodelar la nariz [&hellip;]<\/p>\n","protected":false},"author":2,"featured_media":6485,"parent":0,"menu_order":0,"comment_status":"closed","ping_status":"closed","template":"","meta":{"footnotes":""},"class_list":["post-8652","page","type-page","status-publish","has-post-thumbnail","hentry"],"yoast_head":"<!-- This site is optimized with the Yoast SEO plugin v27.5 - https:\/\/yoast.com\/product\/yoast-seo-wordpress\/ -->\n<title>Cirug\u00eda est\u00e9tica Rabat\u27a1\ufe0f Precios y operaciones<\/title>\n<meta name=\"description\" content=\"Lea todo sobre la Cirug\u00eda Est\u00e9tica Rabat con una \u2705 tarifa barata (40% de descuento) para una estancia m\u00e9dica, \u2b50 un presupuesto gratuito.\" \/>\n<meta name=\"robots\" content=\"index, follow, max-snippet:-1, max-image-preview:large, max-video-preview:-1\" \/>\n<link rel=\"canonical\" href=\"https:\/\/www.la-chirurgie-esthetique-maroc.com\/es\/cirugia-estetica-rabat\/\" \/>\n<meta property=\"og:locale\" content=\"es_ES\" \/>\n<meta property=\"og:type\" content=\"article\" \/>\n<meta property=\"og:title\" content=\"Cirug\u00eda est\u00e9tica Rabat\u27a1\ufe0f Precios y operaciones\" \/>\n<meta property=\"og:description\" content=\"Lea todo sobre la Cirug\u00eda Est\u00e9tica Rabat con una \u2705 tarifa barata (40% de descuento) para una estancia m\u00e9dica, \u2b50 un presupuesto gratuito.\" \/>\n<meta property=\"og:url\" content=\"https:\/\/www.la-chirurgie-esthetique-maroc.com\/es\/cirugia-estetica-rabat\/\" \/>\n<meta property=\"og:site_name\" content=\"Chirurgie esthetique Maroc\" \/>\n<meta property=\"article:modified_time\" content=\"2024-03-05T11:55:57+00:00\" \/>\n<meta property=\"og:image\" content=\"https:\/\/www.la-chirurgie-esthetique-maroc.com\/wp-content\/uploads\/2022\/01\/sleeve-Maroc.webp\" \/>\n\t<meta property=\"og:image:width\" content=\"508\" \/>\n\t<meta property=\"og:image:height\" content=\"628\" \/>\n\t<meta property=\"og:image:type\" content=\"image\/webp\" \/>\n<meta name=\"twitter:card\" content=\"summary_large_image\" \/>\n<meta name=\"twitter:label1\" content=\"Tiempo de lectura\" \/>\n\t<meta name=\"twitter:data1\" content=\"8 minutos\" \/>\n<!-- \/ Yoast SEO plugin. -->","yoast_head_json":{"title":"Cirug\u00eda est\u00e9tica Rabat\u27a1\ufe0f Precios y operaciones","description":"Lea todo sobre la Cirug\u00eda Est\u00e9tica Rabat con una \u2705 tarifa barata (40% de descuento) para una estancia m\u00e9dica, \u2b50 un presupuesto gratuito.","robots":{"index":"index","follow":"follow","max-snippet":"max-snippet:-1","max-image-preview":"max-image-preview:large","max-video-preview":"max-video-preview:-1"},"canonical":"https:\/\/www.la-chirurgie-esthetique-maroc.com\/es\/cirugia-estetica-rabat\/","og_locale":"es_ES","og_type":"article","og_title":"Cirug\u00eda est\u00e9tica Rabat\u27a1\ufe0f Precios y operaciones","og_description":"Lea todo sobre la Cirug\u00eda Est\u00e9tica Rabat con una \u2705 tarifa barata (40% de descuento) para una estancia m\u00e9dica, \u2b50 un presupuesto gratuito.","og_url":"https:\/\/www.la-chirurgie-esthetique-maroc.com\/es\/cirugia-estetica-rabat\/","og_site_name":"Chirurgie esthetique Maroc","article_modified_time":"2024-03-05T11:55:57+00:00","og_image":[{"width":508,"height":628,"url":"https:\/\/www.la-chirurgie-esthetique-maroc.com\/wp-content\/uploads\/2022\/01\/sleeve-Maroc.webp","type":"image\/webp"}],"twitter_card":"summary_large_image","twitter_misc":{"Tiempo de lectura":"8 minutos"},"schema":{"@context":"https:\/\/schema.org","@graph":[{"@type":"WebPage","@id":"https:\/\/www.la-chirurgie-esthetique-maroc.com\/es\/cirugia-estetica-rabat\/","url":"https:\/\/www.la-chirurgie-esthetique-maroc.com\/es\/cirugia-estetica-rabat\/","name":"Cirug\u00eda est\u00e9tica Rabat\u27a1\ufe0f Precios y operaciones","isPartOf":{"@id":"https:\/\/www.la-chirurgie-esthetique-maroc.com\/es\/#website"},"primaryImageOfPage":{"@id":"https:\/\/www.la-chirurgie-esthetique-maroc.com\/es\/cirugia-estetica-rabat\/#primaryimage"},"image":{"@id":"https:\/\/www.la-chirurgie-esthetique-maroc.com\/es\/cirugia-estetica-rabat\/#primaryimage"},"thumbnailUrl":"https:\/\/www.la-chirurgie-esthetique-maroc.com\/wp-content\/uploads\/2022\/01\/sleeve-Maroc.webp","datePublished":"2024-02-29T08:30:44+00:00","dateModified":"2024-03-05T11:55:57+00:00","description":"Lea todo sobre la Cirug\u00eda Est\u00e9tica Rabat con una \u2705 tarifa barata (40% de descuento) para una estancia m\u00e9dica, \u2b50 un presupuesto gratuito.","breadcrumb":{"@id":"https:\/\/www.la-chirurgie-esthetique-maroc.com\/es\/cirugia-estetica-rabat\/#breadcrumb"},"inLanguage":"es","potentialAction":[{"@type":"ReadAction","target":["https:\/\/www.la-chirurgie-esthetique-maroc.com\/es\/cirugia-estetica-rabat\/"]}]},{"@type":"ImageObject","inLanguage":"es","@id":"https:\/\/www.la-chirurgie-esthetique-maroc.com\/es\/cirugia-estetica-rabat\/#primaryimage","url":"https:\/\/www.la-chirurgie-esthetique-maroc.com\/wp-content\/uploads\/2022\/01\/sleeve-Maroc.webp","contentUrl":"https:\/\/www.la-chirurgie-esthetique-maroc.com\/wp-content\/uploads\/2022\/01\/sleeve-Maroc.webp","width":508,"height":628},{"@type":"BreadcrumbList","@id":"https:\/\/www.la-chirurgie-esthetique-maroc.com\/es\/cirugia-estetica-rabat\/#breadcrumb","itemListElement":[{"@type":"ListItem","position":1,"name":"Accueil","item":"https:\/\/www.la-chirurgie-esthetique-maroc.com\/es\/"},{"@type":"ListItem","position":2,"name":"Cirug\u00eda est\u00e9tica Rabat: Gu\u00eda completa de procedimientos y precios"}]},{"@type":"WebSite","@id":"https:\/\/www.la-chirurgie-esthetique-maroc.com\/es\/#website","url":"https:\/\/www.la-chirurgie-esthetique-maroc.com\/es\/","name":"Chirurgie esthetique Maroc","description":"","publisher":{"@id":"https:\/\/www.la-chirurgie-esthetique-maroc.com\/es\/#organization"},"potentialAction":[{"@type":"SearchAction","target":{"@type":"EntryPoint","urlTemplate":"https:\/\/www.la-chirurgie-esthetique-maroc.com\/es\/?s={search_term_string}"},"query-input":{"@type":"PropertyValueSpecification","valueRequired":true,"valueName":"search_term_string"}}],"inLanguage":"es"},{"@type":"Organization","@id":"https:\/\/www.la-chirurgie-esthetique-maroc.com\/es\/#organization","name":"Chirurgie esthetique Maroc","url":"https:\/\/www.la-chirurgie-esthetique-maroc.com\/es\/","logo":{"@type":"ImageObject","inLanguage":"es","@id":"https:\/\/www.la-chirurgie-esthetique-maroc.com\/es\/#\/schema\/logo\/image\/","url":"https:\/\/www.la-chirurgie-esthetique-maroc.com\/wp-content\/uploads\/2022\/01\/cem3.png","contentUrl":"https:\/\/www.la-chirurgie-esthetique-maroc.com\/wp-content\/uploads\/2022\/01\/cem3.png","width":125,"height":41,"caption":"Chirurgie esthetique Maroc"},"image":{"@id":"https:\/\/www.la-chirurgie-esthetique-maroc.com\/es\/#\/schema\/logo\/image\/"}}]}},"_links":{"self":[{"href":"https:\/\/www.la-chirurgie-esthetique-maroc.com\/es\/wp-json\/wp\/v2\/pages\/8652","targetHints":{"allow":["GET"]}}],"collection":[{"href":"https:\/\/www.la-chirurgie-esthetique-maroc.com\/es\/wp-json\/wp\/v2\/pages"}],"about":[{"href":"https:\/\/www.la-chirurgie-esthetique-maroc.com\/es\/wp-json\/wp\/v2\/types\/page"}],"author":[{"embeddable":true,"href":"https:\/\/www.la-chirurgie-esthetique-maroc.com\/es\/wp-json\/wp\/v2\/users\/2"}],"replies":[{"embeddable":true,"href":"https:\/\/www.la-chirurgie-esthetique-maroc.com\/es\/wp-json\/wp\/v2\/comments?post=8652"}],"version-history":[{"count":2,"href":"https:\/\/www.la-chirurgie-esthetique-maroc.com\/es\/wp-json\/wp\/v2\/pages\/8652\/revisions"}],"predecessor-version":[{"id":8657,"href":"https:\/\/www.la-chirurgie-esthetique-maroc.com\/es\/wp-json\/wp\/v2\/pages\/8652\/revisions\/8657"}],"wp:featuredmedia":[{"embeddable":true,"href":"https:\/\/www.la-chirurgie-esthetique-maroc.com\/es\/wp-json\/wp\/v2\/media\/6485"}],"wp:attachment":[{"href":"https:\/\/www.la-chirurgie-esthetique-maroc.com\/es\/wp-json\/wp\/v2\/media?parent=8652"}],"curies":[{"name":"wp","href":"https:\/\/api.w.org\/{rel}","templated":true}]}}