{"id":8658,"date":"2024-02-23T11:09:09","date_gmt":"2024-02-23T10:09:09","guid":{"rendered":"https:\/\/www.la-chirurgie-esthetique-maroc.com\/cirugia-estetica-agadir\/"},"modified":"2024-03-06T12:17:38","modified_gmt":"2024-03-06T11:17:38","slug":"cirugia-estetica-agadir","status":"publish","type":"page","link":"https:\/\/www.la-chirurgie-esthetique-maroc.com\/es\/cirugia-estetica-agadir\/","title":{"rendered":"Cirug\u00eda est\u00e9tica Agadir"},"content":{"rendered":"\t\t<div data-elementor-type=\"wp-page\" data-elementor-id=\"8658\" class=\"elementor elementor-8658 elementor-8575\">\n\t\t\t\t\t\t<section class=\"elementor-section elementor-top-section elementor-element elementor-element-6fa2b76c elementor-section-boxed elementor-section-height-default elementor-section-height-default\" data-id=\"6fa2b76c\" data-element_type=\"section\">\n\t\t\t\t\t\t<div class=\"elementor-container elementor-column-gap-default\">\n\t\t\t\t\t<div class=\"elementor-column elementor-col-100 elementor-top-column elementor-element elementor-element-5d0c673a\" data-id=\"5d0c673a\" data-element_type=\"column\">\n\t\t\t<div class=\"elementor-widget-wrap elementor-element-populated\">\n\t\t\t\t\t\t<div class=\"elementor-element elementor-element-77cbf621 elementor-widget elementor-widget-text-editor\" data-id=\"77cbf621\" data-element_type=\"widget\" data-widget_type=\"text-editor.default\">\n\t\t\t\t<div class=\"elementor-widget-container\">\n\t\t\t\t\t\t\t<p><img fetchpriority=\"high\" decoding=\"async\" class=\"size-medium wp-image-8586 alignleft\" src=\"https:\/\/www.la-chirurgie-esthetique-maroc.com\/wp-content\/uploads\/2024\/02\/Chirurgie-esthetique-Agadir-270x300.webp\" alt=\"\" width=\"270\" height=\"300\" srcset=\"https:\/\/www.la-chirurgie-esthetique-maroc.com\/wp-content\/uploads\/2024\/02\/Chirurgie-esthetique-Agadir-270x300.webp 270w, https:\/\/www.la-chirurgie-esthetique-maroc.com\/wp-content\/uploads\/2024\/02\/Chirurgie-esthetique-Agadir.webp 496w\" sizes=\"(max-width: 270px) 100vw, 270px\" \/>Agadir, ciudad marroqu\u00ed famosa por su belleza pintoresca y su ambiente relajante, tambi\u00e9n se ha convertido en un destino popular para la cirug\u00eda est\u00e9tica.<\/p>\n<p>Con una amplia gama de procedimientos ofrecidos a precios competitivos, los pacientes pueden elegir entre una variedad de procedimientos como la rinoplastia, incluida la cirug\u00eda de nariz espec\u00edfica para rasgos africanos, el lifting facial completo, la blefaroplastia, el lipofilling facial, la liposucci\u00f3n, la abdominoplastia, el lifting de muslos, el lifting brasile\u00f1o de gl\u00fateos (BBL), el aumento mamario, el lipofilling mamario y la reducci\u00f3n mamaria.<\/p>\n<p>Los precios de estos procedimientos en euros son especialmente atractivos para los ciudadanos espa\u00f1oles y franceses que buscan combinar una atenci\u00f3n de calidad con una estancia en un entorno ex\u00f3tico.<\/p>\n<p>Para satisfacer esta creciente demanda, Agadir cuenta con una selecci\u00f3n de cl\u00ednicas especializadas y cirujanos pl\u00e1sticos de renombre. La clasificaci\u00f3n de los cinco mejores cirujanos y cl\u00ednicas est\u00e9ticas se basa en estrictos criterios de cualificaci\u00f3n, experiencia y satisfacci\u00f3n de los pacientes, lo que garantiza unos servicios de alta calidad. Los establecimientos distinguidos ofrecen entornos modernos y bien equipados en los que la seguridad y la comodidad del paciente son prioritarias.<\/p>\n<p>Para quienes tengan previsto viajar a Marruecos para someterse a una operaci\u00f3n de cirug\u00eda est\u00e9tica, es aconsejable ponerse en contacto con una agencia especializada.<\/p>\n<p>Este enfoque significa que podemos ofrecerle un apoyo a medida para ayudarle a planificar su estancia, incluidos los aspectos m\u00e9dicos y log\u00edsticos, a fin de garantizar una experiencia fluida y bien coordinada. La amplia asistencia de la agencia suele abarcar todas las etapas, desde la organizaci\u00f3n preoperatoria hasta el seguimiento postoperatorio.<\/p>\n<h2>Cirugia Estetica en Agadir<\/h2>\n<p>Agadir se ha convertido en un destino preferente para la cirug\u00eda est\u00e9tica, atrayendo a un n\u00famero creciente de pacientes extranjeros gracias a sus precios competitivos y a la calidad de los cuidados prestados.<\/p>\n<h3><img decoding=\"async\" class=\"alignright size-medium wp-image-8583\" src=\"https:\/\/www.la-chirurgie-esthetique-maroc.com\/wp-content\/uploads\/2024\/02\/prix-Chirurgie-esthetique-Agadir-273x300.webp\" alt=\"\" width=\"273\" height=\"300\" srcset=\"https:\/\/www.la-chirurgie-esthetique-maroc.com\/wp-content\/uploads\/2024\/02\/prix-Chirurgie-esthetique-Agadir-273x300.webp 273w, https:\/\/www.la-chirurgie-esthetique-maroc.com\/wp-content\/uploads\/2024\/02\/prix-Chirurgie-esthetique-Agadir.webp 498w\" sizes=\"(max-width: 273px) 100vw, 273px\" \/>Cirug\u00eda de la nariz<\/h3>\n<p>La cirug\u00eda de nariz, o rinoplastia, se realiza habitualmente en Agadir. Los precios var\u00edan en funci\u00f3n de la complejidad del trabajo.<\/p>\n<h3>Cirug\u00eda de nariz africana<\/h3>\n<p>Esta cirug\u00eda espec\u00edfica tiene en cuenta las caracter\u00edsticas \u00e9tnicas y ofrece precios adaptados a cada paciente en funci\u00f3n de las modificaciones deseadas.<\/p>\n<h3>Lifting facial completo<\/h3>\n<p>El lifting facial es un procedimiento muy popular para rejuvenecer el aspecto de la cara. Agadir ofrece este servicio a precios atractivos.<\/p>\n<h3>Cirug\u00eda de p\u00e1rpados<\/h3>\n<p>Conocido como blefaroplastia, este tratamiento corrige los p\u00e1rpados ca\u00eddos y se ofrece a un coste menor que en Europa.<\/p>\n<h3>Lipofilling facial<\/h3>\n<p>El lipofilling facial restaura los vol\u00famenes faciales utilizando grasa aut\u00f3loga. Este tratamiento es muy demandado por su efecto natural.<\/p>\n<h3>Liposucci\u00f3n completa<\/h3>\n<p>La liposucci\u00f3n completa es una soluci\u00f3n para eliminar la grasa rebelde. Agadir ofrece este servicio a menor coste que en Europa.<\/p>\n<h3>Abdominoplastia<\/h3>\n<p>La abdominoplastia proporciona un vientre plano y es una de las intervenciones quir\u00fargicas m\u00e1s populares en Agadir por su excelente relaci\u00f3n calidad-precio.<\/p>\n<h3>Lifting de muslos<\/h3>\n<p>El lifting de muslos se realiza para tensar la piel y mejorar el contorno de las piernas. Los cirujanos de Agadir son reconocidos por su experiencia en esta operaci\u00f3n.<\/p>\n<h3><img decoding=\"async\" class=\"size-medium wp-image-8580 alignleft\" src=\"https:\/\/www.la-chirurgie-esthetique-maroc.com\/wp-content\/uploads\/2024\/02\/Chirurgie-esthetique-Agadir-pas-cher-300x300.webp\" alt=\"\" width=\"300\" height=\"300\" srcset=\"https:\/\/www.la-chirurgie-esthetique-maroc.com\/wp-content\/uploads\/2024\/02\/Chirurgie-esthetique-Agadir-pas-cher-300x300.webp 300w, https:\/\/www.la-chirurgie-esthetique-maroc.com\/wp-content\/uploads\/2024\/02\/Chirurgie-esthetique-Agadir-pas-cher-150x150.webp 150w, https:\/\/www.la-chirurgie-esthetique-maroc.com\/wp-content\/uploads\/2024\/02\/Chirurgie-esthetique-Agadir-pas-cher.webp 540w\" sizes=\"(max-width: 300px) 100vw, 300px\" \/>Lifting brasile\u00f1o de gl\u00fateos (BBL)<\/h3>\n<p>La BBL es un procedimiento que est\u00e1 ganando popularidad y que llevan a cabo especialistas experimentados en las cl\u00ednicas de Agadir.<\/p>\n<p>Aumento mamario<\/p>\n<p>El aumento de mamas es una intervenci\u00f3n habitual, disponible en Agadir a precios inferiores a los de Europa.<\/p>\n<h3>Lipofilling mamario<\/h3>\n<p>Una alternativa al aumento mamario con implantes, el lipofilling mamario utiliza la grasa de la propia paciente para lograr un resultado m\u00e1s natural.<\/p>\n<p>Reducci\u00f3n mamaria<\/p>\n<p>La reducci\u00f3n mamaria se realiza por razones est\u00e9ticas o de comodidad, con t\u00e9cnicas seguras y a tarifas ventajosas en Agadir.<\/p>\n<h2>Precios de la cirug\u00eda est\u00e9tica en Agadir<\/h2>\n<p>En Agadir, la cirug\u00eda est\u00e9tica atrae a una clientela internacional gracias a sus precios competitivos y a la calidad de sus tratamientos. He aqu\u00ed una lista indicativa de precios medios en euros para diversas operaciones:<\/p>\n<ul>\n<li>Cirug\u00eda de la nariz (<strong>rinoplastia<\/strong>): 2.500 &#8211; 3.500 euros<\/li>\n<li>Cirug\u00eda de nariz <strong>africana<\/strong>: 2.800 &#8211; 4.000 euros<\/li>\n<li>Lifting <strong>facial<\/strong> completo: 3.000 &#8211; 4.500 euros<\/li>\n<li>Cirug\u00eda de p\u00e1rpados (<strong>blefaroplastia<\/strong>): 1.500 &#8211; 2.500 euros<\/li>\n<li>Lipofilling <strong>facial<\/strong>: 2.000 &#8211; 3.000 euros<\/li>\n<li><strong>Liposucci\u00f3n<\/strong> completa: 2.500 &#8211; 3.500 euros<\/li>\n<li><strong>Abdominoplastia<\/strong>: 2 500 &#8211; 4 000 euros<\/li>\n<li>Lifting de <strong>muslos<\/strong>: 2.500 &#8211; 3.500 euros<\/li>\n<li>Lifting brasile\u00f1o de gl\u00fateos (<strong>BBL<\/strong>): 3.000 &#8211; 4.500 euros<\/li>\n<li>Aumento de <strong>mamas<\/strong>: 3.000 &#8211; 4.000 euros<\/li>\n<li>Lipofilling <strong>mamario<\/strong>: 2.500 &#8211; 3.500 euros<\/li>\n<li><strong>Reducci\u00f3n<\/strong> mamaria: 2.500 &#8211; 3.500 euros<\/li>\n<\/ul>\n<p>Es importante tener en cuenta que estos precios son aproximados y pueden variar de una cl\u00ednica a otra y de un cirujano a otro. Generalmente incluyen el coste de la cl\u00ednica, los honorarios del cirujano, los gastos de anestesia y el seguimiento postoperatorio.<\/p>\n<p>Los pacientes deben averiguar exactamente qu\u00e9 procedimientos y servicios est\u00e1n incluidos en las tarifas. Para elegir con conocimiento de causa, conviene comparar las ofertas de las distintas cl\u00ednicas y consultar las opiniones de los cirujanos recomendados.<\/p>\n<h2>Espa\u00f1oles y franceses acuden en masa a Agadir<\/h2>\n<p>Agadir, destino popular para la cirug\u00eda <b>est\u00e9tica<\/b>, atrae a muchos espa\u00f1oles y franceses por varias razones. La calidad de la <strong>atenci\u00f3n<\/strong> es uno de los principales factores, con cirujanos cualificados y experimentados que garantizan resultados profesionales. La ciudad ofrece una <strong>gama<\/strong> completa de procedimientos a precios competitivos, a menudo mucho m\u00e1s bajos que en Europa, sin <strong>comprometer<\/strong> la calidad.<\/p>\n<p>Las <strong>modernas<\/strong> instalaciones y <strong>cl\u00ednicas<\/strong> de alta gama de Agadir rivalizan con las de los pa\u00edses occidentales. Estas cl\u00ednicas ofrecen un entorno c\u00f3modo y seguro que cumple normas estrictas. Adem\u00e1s de las ventajas econ\u00f3micas, los pacientes internacionales aprecian el <strong>agradable clima de Agadir,<\/strong> que ofrece recuperaci\u00f3n en un entorno relajante y pintoresco.<\/p>\n<p>El <strong>turismo<\/strong> tambi\u00e9n desempe\u00f1a un papel. Espa\u00f1oles y franceses aprovechan su estancia para descubrir la cultura, la historia y los paisajes de Agadir. Esta combinaci\u00f3n de turismo m\u00e9dico y ocio hace m\u00e1s atractiva la experiencia.<\/p>\n<p>El anonimato es otra ventaja que motiva a los pacientes a viajar a Agadir. Pueden someterse a operaciones discretamente, lejos de ojos familiares.<\/p>\n<p>La <strong>accesibilidad<\/strong> de Agadir desde Espa\u00f1a y Francia, con vuelos directos regulares, facilita la organizaci\u00f3n de estas visitas m\u00e9dicas. La proximidad ling\u00fc\u00edstica es una ventaja adicional para los pacientes franc\u00f3fonos.<\/p>\n<p>En resumen, la afluencia se <strong>explica<\/strong> por la excelencia y accesibilidad de la <strong>atenci\u00f3n<\/strong>, el aspecto financiero, el <strong>turismo<\/strong> m\u00e9dico como parte de las vacaciones y el anonimato que proporciona este <strong>destino<\/strong>.<\/p>\n<h2>Viajar a Marruecos para someterse a una operaci\u00f3n de cirug\u00eda est\u00e9tica<\/h2>\n<p>Marruecos, y Agadir en particular, se ha convertido en un destino popular para la cirug\u00eda est\u00e9tica, atrayendo a personas que buscan tratamientos de calidad a precios competitivos. Hay muchas razones por las que los visitantes espa\u00f1oles y franceses eligen Agadir:<\/p>\n<ul>\n<li><strong>Coste<\/strong>: Las intervenciones suelen ser menos caras que en Europa.<\/li>\n<li><strong>Calidad<\/strong>: Cirujanos de renombre que ejercen en cl\u00ednicas modernas.<\/li>\n<li><strong>Vacaciones<\/strong> y confidencialidad: Puede combinar sus tratamientos con una estancia discreta en una ciudad tur\u00edstica.<\/li>\n<\/ul>\n<h3><img loading=\"lazy\" decoding=\"async\" class=\"alignright size-medium wp-image-8577\" src=\"https:\/\/www.la-chirurgie-esthetique-maroc.com\/wp-content\/uploads\/2024\/02\/Chirurgie-plastique-Agadir-300x235.webp\" alt=\"\" width=\"300\" height=\"235\" srcset=\"https:\/\/www.la-chirurgie-esthetique-maroc.com\/wp-content\/uploads\/2024\/02\/Chirurgie-plastique-Agadir-300x235.webp 300w, https:\/\/www.la-chirurgie-esthetique-maroc.com\/wp-content\/uploads\/2024\/02\/Chirurgie-plastique-Agadir.webp 586w\" sizes=\"(max-width: 300px) 100vw, 300px\" \/>C\u00f3mo organizar su viaje:<\/h3>\n<ol>\n<li><strong>Investigaci\u00f3n<\/strong>: Identifique la operaci\u00f3n deseada e inf\u00f3rmese sobre cirujanos y cl\u00ednicas especializadas.<\/li>\n<li><strong>Contactos<\/strong> : P\u00f3ngase en contacto con una <strong>agencia<\/strong> especializada que pueda ayudarle a preparar su viaje y su estancia m\u00e9dica.<\/li>\n<li><strong>Presupuestos<\/strong> y disponibilidad: Solicite un presupuesto para la operaci\u00f3n y compruebe la disponibilidad de los cirujanos.<\/li>\n<li><strong>Log\u00edstica<\/strong>: Organizaci\u00f3n de vuelos, alojamiento y traslados aeropuerto-cl\u00ednica.<\/li>\n<li><strong>Seguimiento<\/strong> m\u00e9dico: Organice el seguimiento postoperatorio y la convalecencia antes de volver a casa.<\/li>\n<\/ol>\n<p>Dado que viajar requiere una planificaci\u00f3n meticulosa, le recomendamos que se ponga en contacto con nuestra <strong>agencia<\/strong> para recibir asistencia a medida que le garantice una experiencia segura y sin estr\u00e9s.<\/p>\n<p>&nbsp;<\/p>\t\t\t\t\t\t<\/div>\n\t\t\t\t<\/div>\n\t\t\t\t\t<\/div>\n\t\t<\/div>\n\t\t\t\t\t<\/div>\n\t\t<\/section>\n\t\t\t\t<\/div>\n\t\t","protected":false},"excerpt":{"rendered":"<p>Agadir, ciudad marroqu\u00ed famosa por su belleza pintoresca y su ambiente relajante, tambi\u00e9n se ha convertido en un destino popular para la cirug\u00eda est\u00e9tica. Con una amplia gama de procedimientos ofrecidos a precios competitivos, los pacientes pueden elegir entre una variedad de procedimientos como la rinoplastia, incluida la cirug\u00eda de nariz espec\u00edfica para rasgos africanos, [&hellip;]<\/p>\n","protected":false},"author":2,"featured_media":6485,"parent":0,"menu_order":0,"comment_status":"closed","ping_status":"closed","template":"","meta":{"footnotes":""},"class_list":["post-8658","page","type-page","status-publish","has-post-thumbnail","hentry"],"yoast_head":"<!-- This site is optimized with the Yoast SEO plugin v27.5 - https:\/\/yoast.com\/product\/yoast-seo-wordpress\/ -->\n<title>Cirug\u00eda est\u00e9tica Agadir\u27a1\ufe0f Precios y operaciones<\/title>\n<meta name=\"description\" content=\"Lea todo sobre la Cirug\u00eda Est\u00e9tica Agadir con una \u2705 tarifa barata (40% de descuento) para una estancia m\u00e9dica, \u2b50 un presupuesto gratuito.\" \/>\n<meta name=\"robots\" content=\"index, follow, max-snippet:-1, max-image-preview:large, max-video-preview:-1\" \/>\n<link rel=\"canonical\" href=\"https:\/\/www.la-chirurgie-esthetique-maroc.com\/es\/cirugia-estetica-agadir\/\" \/>\n<meta property=\"og:locale\" content=\"es_ES\" \/>\n<meta property=\"og:type\" content=\"article\" \/>\n<meta property=\"og:title\" content=\"Cirug\u00eda est\u00e9tica Agadir\u27a1\ufe0f Precios y operaciones\" \/>\n<meta property=\"og:description\" content=\"Lea todo sobre la Cirug\u00eda Est\u00e9tica Agadir con una \u2705 tarifa barata (40% de descuento) para una estancia m\u00e9dica, \u2b50 un presupuesto gratuito.\" \/>\n<meta property=\"og:url\" content=\"https:\/\/www.la-chirurgie-esthetique-maroc.com\/es\/cirugia-estetica-agadir\/\" \/>\n<meta property=\"og:site_name\" content=\"Chirurgie esthetique Maroc\" \/>\n<meta property=\"article:modified_time\" content=\"2024-03-06T11:17:38+00:00\" \/>\n<meta property=\"og:image\" content=\"https:\/\/www.la-chirurgie-esthetique-maroc.com\/wp-content\/uploads\/2022\/01\/sleeve-Maroc.webp\" \/>\n\t<meta property=\"og:image:width\" content=\"508\" \/>\n\t<meta property=\"og:image:height\" content=\"628\" \/>\n\t<meta property=\"og:image:type\" content=\"image\/webp\" \/>\n<meta name=\"twitter:card\" content=\"summary_large_image\" \/>\n<meta name=\"twitter:label1\" content=\"Tiempo de lectura\" \/>\n\t<meta name=\"twitter:data1\" content=\"7 minutos\" \/>\n<!-- \/ Yoast SEO plugin. -->","yoast_head_json":{"title":"Cirug\u00eda est\u00e9tica Agadir\u27a1\ufe0f Precios y operaciones","description":"Lea todo sobre la Cirug\u00eda Est\u00e9tica Agadir con una \u2705 tarifa barata (40% de descuento) para una estancia m\u00e9dica, \u2b50 un presupuesto gratuito.","robots":{"index":"index","follow":"follow","max-snippet":"max-snippet:-1","max-image-preview":"max-image-preview:large","max-video-preview":"max-video-preview:-1"},"canonical":"https:\/\/www.la-chirurgie-esthetique-maroc.com\/es\/cirugia-estetica-agadir\/","og_locale":"es_ES","og_type":"article","og_title":"Cirug\u00eda est\u00e9tica Agadir\u27a1\ufe0f Precios y operaciones","og_description":"Lea todo sobre la Cirug\u00eda Est\u00e9tica Agadir con una \u2705 tarifa barata (40% de descuento) para una estancia m\u00e9dica, \u2b50 un presupuesto gratuito.","og_url":"https:\/\/www.la-chirurgie-esthetique-maroc.com\/es\/cirugia-estetica-agadir\/","og_site_name":"Chirurgie esthetique Maroc","article_modified_time":"2024-03-06T11:17:38+00:00","og_image":[{"width":508,"height":628,"url":"https:\/\/www.la-chirurgie-esthetique-maroc.com\/wp-content\/uploads\/2022\/01\/sleeve-Maroc.webp","type":"image\/webp"}],"twitter_card":"summary_large_image","twitter_misc":{"Tiempo de lectura":"7 minutos"},"schema":{"@context":"https:\/\/schema.org","@graph":[{"@type":"WebPage","@id":"https:\/\/www.la-chirurgie-esthetique-maroc.com\/es\/cirugia-estetica-agadir\/","url":"https:\/\/www.la-chirurgie-esthetique-maroc.com\/es\/cirugia-estetica-agadir\/","name":"Cirug\u00eda est\u00e9tica Agadir\u27a1\ufe0f Precios y operaciones","isPartOf":{"@id":"https:\/\/www.la-chirurgie-esthetique-maroc.com\/es\/#website"},"primaryImageOfPage":{"@id":"https:\/\/www.la-chirurgie-esthetique-maroc.com\/es\/cirugia-estetica-agadir\/#primaryimage"},"image":{"@id":"https:\/\/www.la-chirurgie-esthetique-maroc.com\/es\/cirugia-estetica-agadir\/#primaryimage"},"thumbnailUrl":"https:\/\/www.la-chirurgie-esthetique-maroc.com\/wp-content\/uploads\/2022\/01\/sleeve-Maroc.webp","datePublished":"2024-02-23T10:09:09+00:00","dateModified":"2024-03-06T11:17:38+00:00","description":"Lea todo sobre la Cirug\u00eda Est\u00e9tica Agadir con una \u2705 tarifa barata (40% de descuento) para una estancia m\u00e9dica, \u2b50 un presupuesto gratuito.","breadcrumb":{"@id":"https:\/\/www.la-chirurgie-esthetique-maroc.com\/es\/cirugia-estetica-agadir\/#breadcrumb"},"inLanguage":"es","potentialAction":[{"@type":"ReadAction","target":["https:\/\/www.la-chirurgie-esthetique-maroc.com\/es\/cirugia-estetica-agadir\/"]}]},{"@type":"ImageObject","inLanguage":"es","@id":"https:\/\/www.la-chirurgie-esthetique-maroc.com\/es\/cirugia-estetica-agadir\/#primaryimage","url":"https:\/\/www.la-chirurgie-esthetique-maroc.com\/wp-content\/uploads\/2022\/01\/sleeve-Maroc.webp","contentUrl":"https:\/\/www.la-chirurgie-esthetique-maroc.com\/wp-content\/uploads\/2022\/01\/sleeve-Maroc.webp","width":508,"height":628},{"@type":"BreadcrumbList","@id":"https:\/\/www.la-chirurgie-esthetique-maroc.com\/es\/cirugia-estetica-agadir\/#breadcrumb","itemListElement":[{"@type":"ListItem","position":1,"name":"Accueil","item":"https:\/\/www.la-chirurgie-esthetique-maroc.com\/es\/"},{"@type":"ListItem","position":2,"name":"Cirug\u00eda est\u00e9tica Agadir"}]},{"@type":"WebSite","@id":"https:\/\/www.la-chirurgie-esthetique-maroc.com\/es\/#website","url":"https:\/\/www.la-chirurgie-esthetique-maroc.com\/es\/","name":"Chirurgie esthetique Maroc","description":"","publisher":{"@id":"https:\/\/www.la-chirurgie-esthetique-maroc.com\/es\/#organization"},"potentialAction":[{"@type":"SearchAction","target":{"@type":"EntryPoint","urlTemplate":"https:\/\/www.la-chirurgie-esthetique-maroc.com\/es\/?s={search_term_string}"},"query-input":{"@type":"PropertyValueSpecification","valueRequired":true,"valueName":"search_term_string"}}],"inLanguage":"es"},{"@type":"Organization","@id":"https:\/\/www.la-chirurgie-esthetique-maroc.com\/es\/#organization","name":"Chirurgie esthetique Maroc","url":"https:\/\/www.la-chirurgie-esthetique-maroc.com\/es\/","logo":{"@type":"ImageObject","inLanguage":"es","@id":"https:\/\/www.la-chirurgie-esthetique-maroc.com\/es\/#\/schema\/logo\/image\/","url":"https:\/\/www.la-chirurgie-esthetique-maroc.com\/wp-content\/uploads\/2022\/01\/cem3.png","contentUrl":"https:\/\/www.la-chirurgie-esthetique-maroc.com\/wp-content\/uploads\/2022\/01\/cem3.png","width":125,"height":41,"caption":"Chirurgie esthetique Maroc"},"image":{"@id":"https:\/\/www.la-chirurgie-esthetique-maroc.com\/es\/#\/schema\/logo\/image\/"}}]}},"_links":{"self":[{"href":"https:\/\/www.la-chirurgie-esthetique-maroc.com\/es\/wp-json\/wp\/v2\/pages\/8658","targetHints":{"allow":["GET"]}}],"collection":[{"href":"https:\/\/www.la-chirurgie-esthetique-maroc.com\/es\/wp-json\/wp\/v2\/pages"}],"about":[{"href":"https:\/\/www.la-chirurgie-esthetique-maroc.com\/es\/wp-json\/wp\/v2\/types\/page"}],"author":[{"embeddable":true,"href":"https:\/\/www.la-chirurgie-esthetique-maroc.com\/es\/wp-json\/wp\/v2\/users\/2"}],"replies":[{"embeddable":true,"href":"https:\/\/www.la-chirurgie-esthetique-maroc.com\/es\/wp-json\/wp\/v2\/comments?post=8658"}],"version-history":[{"count":1,"href":"https:\/\/www.la-chirurgie-esthetique-maroc.com\/es\/wp-json\/wp\/v2\/pages\/8658\/revisions"}],"predecessor-version":[{"id":8659,"href":"https:\/\/www.la-chirurgie-esthetique-maroc.com\/es\/wp-json\/wp\/v2\/pages\/8658\/revisions\/8659"}],"wp:featuredmedia":[{"embeddable":true,"href":"https:\/\/www.la-chirurgie-esthetique-maroc.com\/es\/wp-json\/wp\/v2\/media\/6485"}],"wp:attachment":[{"href":"https:\/\/www.la-chirurgie-esthetique-maroc.com\/es\/wp-json\/wp\/v2\/media?parent=8658"}],"curies":[{"name":"wp","href":"https:\/\/api.w.org\/{rel}","templated":true}]}}