{"id":7693,"date":"2021-11-29T10:38:48","date_gmt":"2021-11-29T09:38:48","guid":{"rendered":"https:\/\/www.la-chirurgie-esthetique-maroc.com\/precos-para-cirurgia-estetica-em-marrocos-precos-baratos\/"},"modified":"2025-02-12T13:02:16","modified_gmt":"2025-02-12T12:02:16","slug":"precos","status":"publish","type":"page","link":"https:\/\/www.la-chirurgie-esthetique-maroc.com\/pt-pt\/precos\/","title":{"rendered":"Pre\u00e7os para cirurgia est\u00e9tica em Marrocos : pre\u00e7os baratos"},"content":{"rendered":"\t\t<div data-elementor-type=\"wp-page\" data-elementor-id=\"7693\" class=\"elementor elementor-7693 elementor-105\">\n\t\t\t\t\t\t<section class=\"elementor-section elementor-top-section elementor-element elementor-element-79ce88f elementor-section-boxed elementor-section-height-default elementor-section-height-default\" data-id=\"79ce88f\" data-element_type=\"section\">\n\t\t\t\t\t\t<div class=\"elementor-container elementor-column-gap-default\">\n\t\t\t\t\t<div class=\"elementor-column elementor-col-100 elementor-top-column elementor-element elementor-element-ad5009d\" data-id=\"ad5009d\" data-element_type=\"column\">\n\t\t\t<div class=\"elementor-widget-wrap elementor-element-populated\">\n\t\t\t\t\t\t<div class=\"elementor-element elementor-element-ea40071 elementor-widget elementor-widget-text-editor\" data-id=\"ea40071\" data-element_type=\"widget\" data-widget_type=\"text-editor.default\">\n\t\t\t\t<div class=\"elementor-widget-container\">\n\t\t\t\t\t\t\t<p>Marrocos tornou-se agora um verdadeiro centro tur\u00edstico para a <strong>cirurgia est\u00e9tica<\/strong>. Nos \u00faltimos anos, o pa\u00eds conseguiu atrair milh\u00f5es de pessoas que vieram tirar partido dos conhecimentos de cirurgi\u00f5es experientes e de um ambiente m\u00e9dico altamente sofisticado. Escolher Marrocos para a sua cirurgia cosm\u00e9tica \u00e9 a garantia de um resultado que vai ao encontro das suas expectativas.<\/p>\n\t\t\t\t\t\t<\/div>\n\t\t\t\t<\/div>\n\t\t\t\t\t<\/div>\n\t\t<\/div>\n\t\t\t\t\t<\/div>\n\t\t<\/section>\n\t\t\t\t<section class=\"elementor-section elementor-top-section elementor-element elementor-element-719a2e7 elementor-section-boxed elementor-section-height-default elementor-section-height-default\" data-id=\"719a2e7\" data-element_type=\"section\">\n\t\t\t\t\t\t<div class=\"elementor-container elementor-column-gap-default\">\n\t\t\t\t\t<div class=\"elementor-column elementor-col-66 elementor-top-column elementor-element elementor-element-d9cc9e9\" data-id=\"d9cc9e9\" data-element_type=\"column\">\n\t\t\t<div class=\"elementor-widget-wrap elementor-element-populated\">\n\t\t\t\t\t\t<div class=\"elementor-element elementor-element-f9f390a elementor-widget elementor-widget-text-editor\" data-id=\"f9f390a\" data-element_type=\"widget\" data-widget_type=\"text-editor.default\">\n\t\t\t\t<div class=\"elementor-widget-container\">\n\t\t\t\t\t\t\t<h2>Or\u00e7amento expresso gratuito<\/h2>\n<style>\r\n.whatsapp-button {\r\n    display: inline-block;\r\n    background-color: #25D366;\r\n    font-size: 16px;\r\n    font-weight: bold;\r\n    padding: 12px 20px;\r\n    text-align: center;\r\n    text-decoration: none;\r\n    border-radius: 5px;\r\n    box-shadow: 0 4px 6px rgba(0, 0, 0, 0.1);\r\n    transition: background-color 0.3s ease, transform 0.2s ease;\r\n    color: white!important;\r\n}\r\n\r\n.whatsapp-button:hover {\r\n    background-color: #1EBE54;\r\n    transform: translateY(-2px);\r\n}\r\n\r\n.whatsapp-button:active {\r\n    transform: translateY(0);\r\n}\r\n.align_center {\r\n    display: block;\r\n    text-align: center;\r\n    padding: 30px 0px;\r\n}\r\n<\/style>\r\n\r\n<div class=\"align_center\">\r\n\t<a href=\"https:\/\/api.whatsapp.com\/send?phone=+33635235712&#038;&#038;text=Ol\u00e1, gostaria de conhecer o vosso trabalho e os vossos pre\u00e7os!\"\r\n    class=\"whatsapp-button\" target=\"_blank\">\r\n     Clique aqui para obter um or\u00e7amento gratuito por Whatsapp\r\n<\/a>\r\n<\/div>\t\t\t\t\t\t<\/div>\n\t\t\t\t<\/div>\n\t\t\t\t\t<\/div>\n\t\t<\/div>\n\t\t\t\t<div class=\"elementor-column elementor-col-33 elementor-top-column elementor-element elementor-element-f2e9aba\" data-id=\"f2e9aba\" data-element_type=\"column\">\n\t\t\t<div class=\"elementor-widget-wrap elementor-element-populated\">\n\t\t\t\t\t\t<div class=\"elementor-element elementor-element-f49be7f elementor-widget elementor-widget-image\" data-id=\"f49be7f\" data-element_type=\"widget\" data-widget_type=\"image.default\">\n\t\t\t\t<div class=\"elementor-widget-container\">\n\t\t\t\t\t\t\t\t\t\t\t\t\t<img fetchpriority=\"high\" decoding=\"async\" width=\"508\" height=\"554\" src=\"https:\/\/www.la-chirurgie-esthetique-maroc.com\/wp-content\/uploads\/2022\/01\/la-chirurgie-esthetique-maroc_devis-1.webp\" class=\"attachment-large size-large wp-image-7559\" alt=\"\" srcset=\"https:\/\/www.la-chirurgie-esthetique-maroc.com\/wp-content\/uploads\/2022\/01\/la-chirurgie-esthetique-maroc_devis-1.webp 508w, https:\/\/www.la-chirurgie-esthetique-maroc.com\/wp-content\/uploads\/2022\/01\/la-chirurgie-esthetique-maroc_devis-1-275x300.webp 275w\" sizes=\"(max-width: 508px) 100vw, 508px\" \/>\t\t\t\t\t\t\t\t\t\t\t\t\t<\/div>\n\t\t\t\t<\/div>\n\t\t\t\t\t<\/div>\n\t\t<\/div>\n\t\t\t\t\t<\/div>\n\t\t<\/section>\n\t\t\t\t<section class=\"elementor-section elementor-top-section elementor-element elementor-element-4627d17 bg-color forme_1  elementor-section-boxed elementor-section-height-default elementor-section-height-default\" data-id=\"4627d17\" data-element_type=\"section\" data-settings=\"{&quot;background_background&quot;:&quot;classic&quot;}\">\n\t\t\t\t\t\t<div class=\"elementor-container elementor-column-gap-default\">\n\t\t\t\t\t<div class=\"elementor-column elementor-col-100 elementor-top-column elementor-element elementor-element-d4defef\" data-id=\"d4defef\" data-element_type=\"column\">\n\t\t\t<div class=\"elementor-widget-wrap elementor-element-populated\">\n\t\t\t\t\t\t<div class=\"elementor-element elementor-element-dee0ac9 elementor-widget elementor-widget-text-editor\" data-id=\"dee0ac9\" data-element_type=\"widget\" data-widget_type=\"text-editor.default\">\n\t\t\t\t<div class=\"elementor-widget-container\">\n\t\t\t\t\t\t\t<h2>Porqu\u00ea ir a Marrocos para a sua cirurgia pl\u00e1stica?<\/h2>\nA <strong>cirurgia cosm\u00e9tica em Marrocos<\/strong> \u00e9 um mercado em crescimento, em grande parte devido a pacientes estrangeiros. Dois factores principais podem explicar este facto: em primeiro lugar, a proximidade das capitais europeias \u00e9 uma das raz\u00f5es deste sucesso, os pre\u00e7os baixos e a alta tecnologia s\u00e3o outra. Existem agora cl\u00ednicas que mant\u00eam a mesma qualidade e os mesmos padr\u00f5es que na Europa.\n\nA possibilidade de combinar a opera\u00e7\u00e3o com umas f\u00e9rias num clima agrad\u00e1vel \u00e9 outra raz\u00e3o para o sucesso. Ao escolher Marrocos como o seu destino para as suas <strong>f\u00e9rias de beleza com tudo inclu\u00eddo<\/strong>, poder\u00e1 desfrutar :\n<ul class=\"liste-page\">\n \t<li>Excelente rela\u00e7\u00e3o qualidade\/pre\u00e7o, incluindo: custos de servi\u00e7os m\u00e9dicos, servi\u00e7os tur\u00edsticos (voo + estadia), que variam de acordo com a esta\u00e7\u00e3o do ano<\/li>\n \t<li>Uma infra-estrutura hospitalar muito moderna com tecnologia altamente desenvolvida (instala\u00e7\u00f5es cl\u00ednicas modernas com o mesmo padr\u00e3o europeu)<\/li>\n \t<li>As melhores instala\u00e7\u00f5es tur\u00edsticas (5* hot\u00e9is)<\/li>\n \t<li>Os melhores cirurgi\u00f5es pl\u00e1sticos marroquinos qualificados que tiveram longos anos de forma\u00e7\u00e3o na Europa e nos Estados Unidos<\/li>\n \t<li>Um c\u00f3digo de \u00e9tica que imp\u00f5e discri\u00e7\u00e3o e total anonimato dos servi\u00e7os solicitados<\/li>\n \t<li>Um servi\u00e7o de assist\u00eancia personalizada durante toda a sua <strong>estadia m\u00e9dica<\/strong><\/li>\n<\/ul>\t\t\t\t\t\t<\/div>\n\t\t\t\t<\/div>\n\t\t\t\t\t<\/div>\n\t\t<\/div>\n\t\t\t\t\t<\/div>\n\t\t<\/section>\n\t\t\t\t<section class=\"elementor-section elementor-top-section elementor-element elementor-element-958c087 elementor-section-boxed elementor-section-height-default elementor-section-height-default\" data-id=\"958c087\" data-element_type=\"section\">\n\t\t\t\t\t\t<div class=\"elementor-container elementor-column-gap-default\">\n\t\t\t\t\t<div class=\"elementor-column elementor-col-100 elementor-top-column elementor-element elementor-element-f4d5907\" data-id=\"f4d5907\" data-element_type=\"column\">\n\t\t\t<div class=\"elementor-widget-wrap elementor-element-populated\">\n\t\t\t\t\t\t<div class=\"elementor-element elementor-element-d6ff4b6 elementor-widget elementor-widget-text-editor\" data-id=\"d6ff4b6\" data-element_type=\"widget\" data-widget_type=\"text-editor.default\">\n\t\t\t\t<div class=\"elementor-widget-container\">\n\t\t\t\t\t\t\t<h2>Pre\u00e7os da cirurgia pl\u00e1stica em Marrocos<\/h2>\n<strong>Os pre\u00e7os da cirurgia pl\u00e1stica em Marrocos<\/strong> s\u00e3o muito mais baixos do que em outros pa\u00edses. Isto aplica-se \u00e0 maioria das opera\u00e7\u00f5es, tais como aumento dos seios, lipoaspira\u00e7\u00e3o, abdominoplastia, etc.\n\nEm Marrocos, deve-se fazer uma investiga\u00e7\u00e3o exaustiva antes de escolher uma cl\u00ednica e um cirurgi\u00e3o e n\u00e3o deixar que o aspecto econ\u00f3mico influencie demasiado a escolha, pois h\u00e1 sempre uma rela\u00e7\u00e3o entre qualidade e custo.\n\nO <strong>pre\u00e7o de uma estadia est\u00e9tica com tudo inclu\u00eddo em Marrocos<\/strong> inclui v\u00e1rios servi\u00e7os, incluindo\n<ul class=\"liste-page\">\n \t<li>Bem-vindo, apoio<\/li>\n \t<li>Todo o transporte do aeroporto para a cl\u00ednica e vice-versa, num confort\u00e1vel carro com um motorista que fala ingl\u00eas e franc\u00eas.<\/li>\n \t<li>Controlos, an\u00e1lises e consultas pr\u00e9-operat\u00f3rias<\/li>\n \t<li>Taxas de cirurgi\u00e3o e anestesista e os custos da opera\u00e7\u00e3o<\/li>\n \t<li>Cuidados p\u00f3s-operat\u00f3rios e pe\u00e7as de vestu\u00e1rio de apoio<\/li>\n<\/ul>\t\t\t\t\t\t<\/div>\n\t\t\t\t<\/div>\n\t\t\t\t\t<\/div>\n\t\t<\/div>\n\t\t\t\t\t<\/div>\n\t\t<\/section>\n\t\t\t\t<section class=\"elementor-section elementor-top-section elementor-element elementor-element-74d4da2 center elementor-section-boxed elementor-section-height-default elementor-section-height-default\" data-id=\"74d4da2\" data-element_type=\"section\">\n\t\t\t\t\t\t<div class=\"elementor-container elementor-column-gap-default\">\n\t\t\t\t\t<div class=\"elementor-column elementor-col-100 elementor-top-column elementor-element elementor-element-16b416b\" data-id=\"16b416b\" data-element_type=\"column\">\n\t\t\t<div class=\"elementor-widget-wrap elementor-element-populated\">\n\t\t\t\t\t\t<div class=\"elementor-element elementor-element-fe6fa13 elementor-widget elementor-widget-html\" data-id=\"fe6fa13\" data-element_type=\"widget\" data-widget_type=\"html.default\">\n\t\t\t\t<div class=\"elementor-widget-container\">\n\t\t\t<div class=\"btn_devis btn_intern\"><a href=\"https:\/\/www.la-chirurgie-esthetique-maroc.com\/devis\/\"><span>Or\u00e7amento gratuito<\/span><\/a><\/div>\t\t<\/div>\n\t\t\t\t<\/div>\n\t\t\t\t\t<\/div>\n\t\t<\/div>\n\t\t\t\t\t<\/div>\n\t\t<\/section>\n\t\t\t\t<\/div>\n\t\t","protected":false},"excerpt":{"rendered":"<p>Marrocos tornou-se agora um verdadeiro centro tur\u00edstico para a cirurgia est\u00e9tica. Nos \u00faltimos anos, o pa\u00eds conseguiu atrair milh\u00f5es de pessoas que vieram tirar partido dos conhecimentos de cirurgi\u00f5es experientes e de um ambiente m\u00e9dico altamente sofisticado. Escolher Marrocos para a sua cirurgia cosm\u00e9tica \u00e9 a garantia de um resultado que vai ao encontro das [&hellip;]<\/p>\n","protected":false},"author":1,"featured_media":7575,"parent":0,"menu_order":0,"comment_status":"closed","ping_status":"closed","template":"","meta":{"footnotes":""},"class_list":["post-7693","page","type-page","status-publish","has-post-thumbnail","hentry"],"yoast_head":"<!-- This site is optimized with the Yoast SEO plugin v27.3 - https:\/\/yoast.com\/product\/yoast-seo-wordpress\/ -->\n<title>Tarifas para cirurgia est\u00e9tica em Marrocos : pre\u00e7os para uma estadia m\u00e9dica barata com or\u00e7amento<\/title>\n<meta name=\"description\" content=\"Tarifas para cirurgia est\u00e9tica Marrocos: a nossa cl\u00ednica oferece-lhe as melhores estadias m\u00e9dicas com os pre\u00e7os mais baratos com cota\u00e7\u00e3o.\" \/>\n<meta name=\"robots\" content=\"index, follow, max-snippet:-1, max-image-preview:large, max-video-preview:-1\" \/>\n<link rel=\"canonical\" href=\"https:\/\/www.la-chirurgie-esthetique-maroc.com\/pt-pt\/precos\/\" \/>\n<meta property=\"og:locale\" content=\"pt_PT\" \/>\n<meta property=\"og:type\" content=\"article\" \/>\n<meta property=\"og:title\" content=\"Tarifas para cirurgia est\u00e9tica em Marrocos : pre\u00e7os para uma estadia m\u00e9dica barata com or\u00e7amento\" \/>\n<meta property=\"og:description\" content=\"Tarifas para cirurgia est\u00e9tica Marrocos: a nossa cl\u00ednica oferece-lhe as melhores estadias m\u00e9dicas com os pre\u00e7os mais baratos com cota\u00e7\u00e3o.\" \/>\n<meta property=\"og:url\" content=\"https:\/\/www.la-chirurgie-esthetique-maroc.com\/pt-pt\/precos\/\" \/>\n<meta property=\"og:site_name\" content=\"Chirurgie esthetique Maroc\" \/>\n<meta property=\"article:modified_time\" content=\"2025-02-12T12:02:16+00:00\" \/>\n<meta property=\"og:image\" content=\"https:\/\/www.la-chirurgie-esthetique-maroc.com\/wp-content\/uploads\/2022\/01\/header_tarifs.webp\" \/>\n\t<meta property=\"og:image:width\" content=\"552\" \/>\n\t<meta property=\"og:image:height\" content=\"612\" \/>\n\t<meta property=\"og:image:type\" content=\"image\/webp\" \/>\n<meta name=\"twitter:card\" content=\"summary_large_image\" \/>\n<meta name=\"twitter:label1\" content=\"Tempo estimado de leitura\" \/>\n\t<meta name=\"twitter:data1\" content=\"3 minutos\" \/>\n<!-- \/ Yoast SEO plugin. -->","yoast_head_json":{"title":"Tarifas para cirurgia est\u00e9tica em Marrocos : pre\u00e7os para uma estadia m\u00e9dica barata com or\u00e7amento","description":"Tarifas para cirurgia est\u00e9tica Marrocos: a nossa cl\u00ednica oferece-lhe as melhores estadias m\u00e9dicas com os pre\u00e7os mais baratos com cota\u00e7\u00e3o.","robots":{"index":"index","follow":"follow","max-snippet":"max-snippet:-1","max-image-preview":"max-image-preview:large","max-video-preview":"max-video-preview:-1"},"canonical":"https:\/\/www.la-chirurgie-esthetique-maroc.com\/pt-pt\/precos\/","og_locale":"pt_PT","og_type":"article","og_title":"Tarifas para cirurgia est\u00e9tica em Marrocos : pre\u00e7os para uma estadia m\u00e9dica barata com or\u00e7amento","og_description":"Tarifas para cirurgia est\u00e9tica Marrocos: a nossa cl\u00ednica oferece-lhe as melhores estadias m\u00e9dicas com os pre\u00e7os mais baratos com cota\u00e7\u00e3o.","og_url":"https:\/\/www.la-chirurgie-esthetique-maroc.com\/pt-pt\/precos\/","og_site_name":"Chirurgie esthetique Maroc","article_modified_time":"2025-02-12T12:02:16+00:00","og_image":[{"width":552,"height":612,"url":"https:\/\/www.la-chirurgie-esthetique-maroc.com\/wp-content\/uploads\/2022\/01\/header_tarifs.webp","type":"image\/webp"}],"twitter_card":"summary_large_image","twitter_misc":{"Tempo estimado de leitura":"3 minutos"},"schema":{"@context":"https:\/\/schema.org","@graph":[{"@type":"WebPage","@id":"https:\/\/www.la-chirurgie-esthetique-maroc.com\/pt-pt\/precos\/","url":"https:\/\/www.la-chirurgie-esthetique-maroc.com\/pt-pt\/precos\/","name":"Tarifas para cirurgia est\u00e9tica em Marrocos : pre\u00e7os para uma estadia m\u00e9dica barata com or\u00e7amento","isPartOf":{"@id":"https:\/\/www.la-chirurgie-esthetique-maroc.com\/pt-pt\/#website"},"primaryImageOfPage":{"@id":"https:\/\/www.la-chirurgie-esthetique-maroc.com\/pt-pt\/precos\/#primaryimage"},"image":{"@id":"https:\/\/www.la-chirurgie-esthetique-maroc.com\/pt-pt\/precos\/#primaryimage"},"thumbnailUrl":"https:\/\/www.la-chirurgie-esthetique-maroc.com\/wp-content\/uploads\/2022\/01\/header_tarifs.webp","datePublished":"2021-11-29T09:38:48+00:00","dateModified":"2025-02-12T12:02:16+00:00","description":"Tarifas para cirurgia est\u00e9tica Marrocos: a nossa cl\u00ednica oferece-lhe as melhores estadias m\u00e9dicas com os pre\u00e7os mais baratos com cota\u00e7\u00e3o.","breadcrumb":{"@id":"https:\/\/www.la-chirurgie-esthetique-maroc.com\/pt-pt\/precos\/#breadcrumb"},"inLanguage":"pt-PT","potentialAction":[{"@type":"ReadAction","target":["https:\/\/www.la-chirurgie-esthetique-maroc.com\/pt-pt\/precos\/"]}]},{"@type":"ImageObject","inLanguage":"pt-PT","@id":"https:\/\/www.la-chirurgie-esthetique-maroc.com\/pt-pt\/precos\/#primaryimage","url":"https:\/\/www.la-chirurgie-esthetique-maroc.com\/wp-content\/uploads\/2022\/01\/header_tarifs.webp","contentUrl":"https:\/\/www.la-chirurgie-esthetique-maroc.com\/wp-content\/uploads\/2022\/01\/header_tarifs.webp","width":552,"height":612},{"@type":"BreadcrumbList","@id":"https:\/\/www.la-chirurgie-esthetique-maroc.com\/pt-pt\/precos\/#breadcrumb","itemListElement":[{"@type":"ListItem","position":1,"name":"Accueil","item":"https:\/\/www.la-chirurgie-esthetique-maroc.com\/pt-pt\/"},{"@type":"ListItem","position":2,"name":"Pre\u00e7os para cirurgia est\u00e9tica em Marrocos : pre\u00e7os baratos"}]},{"@type":"WebSite","@id":"https:\/\/www.la-chirurgie-esthetique-maroc.com\/pt-pt\/#website","url":"https:\/\/www.la-chirurgie-esthetique-maroc.com\/pt-pt\/","name":"Chirurgie esthetique Maroc","description":"","publisher":{"@id":"https:\/\/www.la-chirurgie-esthetique-maroc.com\/pt-pt\/#organization"},"potentialAction":[{"@type":"SearchAction","target":{"@type":"EntryPoint","urlTemplate":"https:\/\/www.la-chirurgie-esthetique-maroc.com\/pt-pt\/?s={search_term_string}"},"query-input":{"@type":"PropertyValueSpecification","valueRequired":true,"valueName":"search_term_string"}}],"inLanguage":"pt-PT"},{"@type":"Organization","@id":"https:\/\/www.la-chirurgie-esthetique-maroc.com\/pt-pt\/#organization","name":"Chirurgie esthetique Maroc","url":"https:\/\/www.la-chirurgie-esthetique-maroc.com\/pt-pt\/","logo":{"@type":"ImageObject","inLanguage":"pt-PT","@id":"https:\/\/www.la-chirurgie-esthetique-maroc.com\/pt-pt\/#\/schema\/logo\/image\/","url":"https:\/\/www.la-chirurgie-esthetique-maroc.com\/wp-content\/uploads\/2022\/01\/cem3.png","contentUrl":"https:\/\/www.la-chirurgie-esthetique-maroc.com\/wp-content\/uploads\/2022\/01\/cem3.png","width":125,"height":41,"caption":"Chirurgie esthetique Maroc"},"image":{"@id":"https:\/\/www.la-chirurgie-esthetique-maroc.com\/pt-pt\/#\/schema\/logo\/image\/"}}]}},"_links":{"self":[{"href":"https:\/\/www.la-chirurgie-esthetique-maroc.com\/pt-pt\/wp-json\/wp\/v2\/pages\/7693","targetHints":{"allow":["GET"]}}],"collection":[{"href":"https:\/\/www.la-chirurgie-esthetique-maroc.com\/pt-pt\/wp-json\/wp\/v2\/pages"}],"about":[{"href":"https:\/\/www.la-chirurgie-esthetique-maroc.com\/pt-pt\/wp-json\/wp\/v2\/types\/page"}],"author":[{"embeddable":true,"href":"https:\/\/www.la-chirurgie-esthetique-maroc.com\/pt-pt\/wp-json\/wp\/v2\/users\/1"}],"replies":[{"embeddable":true,"href":"https:\/\/www.la-chirurgie-esthetique-maroc.com\/pt-pt\/wp-json\/wp\/v2\/comments?post=7693"}],"version-history":[{"count":7,"href":"https:\/\/www.la-chirurgie-esthetique-maroc.com\/pt-pt\/wp-json\/wp\/v2\/pages\/7693\/revisions"}],"predecessor-version":[{"id":9261,"href":"https:\/\/www.la-chirurgie-esthetique-maroc.com\/pt-pt\/wp-json\/wp\/v2\/pages\/7693\/revisions\/9261"}],"wp:featuredmedia":[{"embeddable":true,"href":"https:\/\/www.la-chirurgie-esthetique-maroc.com\/pt-pt\/wp-json\/wp\/v2\/media\/7575"}],"wp:attachment":[{"href":"https:\/\/www.la-chirurgie-esthetique-maroc.com\/pt-pt\/wp-json\/wp\/v2\/media?parent=7693"}],"curies":[{"name":"wp","href":"https:\/\/api.w.org\/{rel}","templated":true}]}}