{"id":7699,"date":"2020-11-06T14:02:09","date_gmt":"2020-11-06T13:02:09","guid":{"rendered":"https:\/\/www.la-chirurgie-esthetique-maroc.com\/citacao\/"},"modified":"2025-02-12T12:53:23","modified_gmt":"2025-02-12T11:53:23","slug":"citacao","status":"publish","type":"page","link":"https:\/\/www.la-chirurgie-esthetique-maroc.com\/pt-pt\/citacao\/","title":{"rendered":"Cita\u00e7\u00e3o"},"content":{"rendered":"\t\t<div data-elementor-type=\"wp-page\" data-elementor-id=\"7699\" class=\"elementor elementor-7699 elementor-2087\">\n\t\t\t\t\t\t<section class=\"elementor-section elementor-top-section elementor-element elementor-element-5e44e198 elementor-section-boxed elementor-section-height-default elementor-section-height-default\" data-id=\"5e44e198\" data-element_type=\"section\">\n\t\t\t\t\t\t<div class=\"elementor-container elementor-column-gap-default\">\n\t\t\t\t\t<div class=\"elementor-column elementor-col-100 elementor-top-column elementor-element elementor-element-1a8ed003\" data-id=\"1a8ed003\" data-element_type=\"column\">\n\t\t\t<div class=\"elementor-widget-wrap elementor-element-populated\">\n\t\t\t\t\t\t<div class=\"elementor-element elementor-element-1cb1a1f elementor-widget elementor-widget-text-editor\" data-id=\"1cb1a1f\" data-element_type=\"widget\" data-widget_type=\"text-editor.default\">\n\t\t\t\t<div class=\"elementor-widget-container\">\n\t\t\t\t\t\t\t<style>\r\n.whatsapp-button {\r\n    display: inline-block;\r\n    background-color: #25D366;\r\n    font-size: 16px;\r\n    font-weight: bold;\r\n    padding: 12px 20px;\r\n    text-align: center;\r\n    text-decoration: none;\r\n    border-radius: 5px;\r\n    box-shadow: 0 4px 6px rgba(0, 0, 0, 0.1);\r\n    transition: background-color 0.3s ease, transform 0.2s ease;\r\n    color: white!important;\r\n}\r\n\r\n.whatsapp-button:hover {\r\n    background-color: #1EBE54;\r\n    transform: translateY(-2px);\r\n}\r\n\r\n.whatsapp-button:active {\r\n    transform: translateY(0);\r\n}\r\n.align_center {\r\n    display: block;\r\n    text-align: center;\r\n    padding: 30px 0px;\r\n}\r\n<\/style>\r\n\r\n<div class=\"align_center\">\r\n\t<a href=\"https:\/\/api.whatsapp.com\/send?phone=+33635235712&#038;&#038;text=Ol\u00e1, gostaria de conhecer o vosso trabalho e os vossos pre\u00e7os!\"\r\n    class=\"whatsapp-button\" target=\"_blank\">\r\n     Clique aqui para obter um or\u00e7amento gratuito por Whatsapp\r\n<\/a>\r\n<\/div>\t\t\t\t\t\t<\/div>\n\t\t\t\t<\/div>\n\t\t\t\t\t<\/div>\n\t\t<\/div>\n\t\t\t\t\t<\/div>\n\t\t<\/section>\n\t\t\t\t<\/div>\n\t\t","protected":false},"excerpt":{"rendered":"","protected":false},"author":1,"featured_media":7575,"parent":0,"menu_order":0,"comment_status":"closed","ping_status":"closed","template":"","meta":{"footnotes":""},"class_list":["post-7699","page","type-page","status-publish","has-post-thumbnail","hentry"],"yoast_head":"<!-- This site is optimized with the Yoast SEO plugin v27.4 - https:\/\/yoast.com\/product\/yoast-seo-wordpress\/ -->\n<title>Estimativa para cirurgia cosm\u00e9tica em Marrocos com um pre\u00e7o barato<\/title>\n<meta name=\"description\" content=\"Pe\u00e7a o seu or\u00e7amento gratuito para a sua cirurgia est\u00e9tica em Marrocos com um pre\u00e7o barato para uma estada m\u00e9dica completa.\" \/>\n<meta name=\"robots\" content=\"index, follow, max-snippet:-1, max-image-preview:large, max-video-preview:-1\" \/>\n<link rel=\"canonical\" href=\"https:\/\/www.la-chirurgie-esthetique-maroc.com\/pt-pt\/citacao\/\" \/>\n<meta property=\"og:locale\" content=\"pt_PT\" \/>\n<meta property=\"og:type\" content=\"article\" \/>\n<meta property=\"og:title\" content=\"Estimativa para cirurgia cosm\u00e9tica em Marrocos com um pre\u00e7o barato\" \/>\n<meta property=\"og:description\" content=\"Pe\u00e7a o seu or\u00e7amento gratuito para a sua cirurgia est\u00e9tica em Marrocos com um pre\u00e7o barato para uma estada m\u00e9dica completa.\" \/>\n<meta property=\"og:url\" content=\"https:\/\/www.la-chirurgie-esthetique-maroc.com\/pt-pt\/citacao\/\" \/>\n<meta property=\"og:site_name\" content=\"Chirurgie esthetique Maroc\" \/>\n<meta property=\"article:modified_time\" content=\"2025-02-12T11:53:23+00:00\" \/>\n<meta property=\"og:image\" content=\"https:\/\/www.la-chirurgie-esthetique-maroc.com\/wp-content\/uploads\/2022\/01\/header_tarifs.webp\" \/>\n\t<meta property=\"og:image:width\" content=\"552\" \/>\n\t<meta property=\"og:image:height\" content=\"612\" \/>\n\t<meta property=\"og:image:type\" content=\"image\/webp\" \/>\n<meta name=\"twitter:card\" content=\"summary_large_image\" \/>\n<!-- \/ Yoast SEO plugin. -->","yoast_head_json":{"title":"Estimativa para cirurgia cosm\u00e9tica em Marrocos com um pre\u00e7o barato","description":"Pe\u00e7a o seu or\u00e7amento gratuito para a sua cirurgia est\u00e9tica em Marrocos com um pre\u00e7o barato para uma estada m\u00e9dica completa.","robots":{"index":"index","follow":"follow","max-snippet":"max-snippet:-1","max-image-preview":"max-image-preview:large","max-video-preview":"max-video-preview:-1"},"canonical":"https:\/\/www.la-chirurgie-esthetique-maroc.com\/pt-pt\/citacao\/","og_locale":"pt_PT","og_type":"article","og_title":"Estimativa para cirurgia cosm\u00e9tica em Marrocos com um pre\u00e7o barato","og_description":"Pe\u00e7a o seu or\u00e7amento gratuito para a sua cirurgia est\u00e9tica em Marrocos com um pre\u00e7o barato para uma estada m\u00e9dica completa.","og_url":"https:\/\/www.la-chirurgie-esthetique-maroc.com\/pt-pt\/citacao\/","og_site_name":"Chirurgie esthetique Maroc","article_modified_time":"2025-02-12T11:53:23+00:00","og_image":[{"width":552,"height":612,"url":"https:\/\/www.la-chirurgie-esthetique-maroc.com\/wp-content\/uploads\/2022\/01\/header_tarifs.webp","type":"image\/webp"}],"twitter_card":"summary_large_image","schema":{"@context":"https:\/\/schema.org","@graph":[{"@type":"WebPage","@id":"https:\/\/www.la-chirurgie-esthetique-maroc.com\/pt-pt\/citacao\/","url":"https:\/\/www.la-chirurgie-esthetique-maroc.com\/pt-pt\/citacao\/","name":"Estimativa para cirurgia cosm\u00e9tica em Marrocos com um pre\u00e7o barato","isPartOf":{"@id":"https:\/\/www.la-chirurgie-esthetique-maroc.com\/pt-pt\/#website"},"primaryImageOfPage":{"@id":"https:\/\/www.la-chirurgie-esthetique-maroc.com\/pt-pt\/citacao\/#primaryimage"},"image":{"@id":"https:\/\/www.la-chirurgie-esthetique-maroc.com\/pt-pt\/citacao\/#primaryimage"},"thumbnailUrl":"https:\/\/www.la-chirurgie-esthetique-maroc.com\/wp-content\/uploads\/2022\/01\/header_tarifs.webp","datePublished":"2020-11-06T13:02:09+00:00","dateModified":"2025-02-12T11:53:23+00:00","description":"Pe\u00e7a o seu or\u00e7amento gratuito para a sua cirurgia est\u00e9tica em Marrocos com um pre\u00e7o barato para uma estada m\u00e9dica completa.","breadcrumb":{"@id":"https:\/\/www.la-chirurgie-esthetique-maroc.com\/pt-pt\/citacao\/#breadcrumb"},"inLanguage":"pt-PT","potentialAction":[{"@type":"ReadAction","target":["https:\/\/www.la-chirurgie-esthetique-maroc.com\/pt-pt\/citacao\/"]}]},{"@type":"ImageObject","inLanguage":"pt-PT","@id":"https:\/\/www.la-chirurgie-esthetique-maroc.com\/pt-pt\/citacao\/#primaryimage","url":"https:\/\/www.la-chirurgie-esthetique-maroc.com\/wp-content\/uploads\/2022\/01\/header_tarifs.webp","contentUrl":"https:\/\/www.la-chirurgie-esthetique-maroc.com\/wp-content\/uploads\/2022\/01\/header_tarifs.webp","width":552,"height":612},{"@type":"BreadcrumbList","@id":"https:\/\/www.la-chirurgie-esthetique-maroc.com\/pt-pt\/citacao\/#breadcrumb","itemListElement":[{"@type":"ListItem","position":1,"name":"Accueil","item":"https:\/\/www.la-chirurgie-esthetique-maroc.com\/pt-pt\/"},{"@type":"ListItem","position":2,"name":"Cita\u00e7\u00e3o"}]},{"@type":"WebSite","@id":"https:\/\/www.la-chirurgie-esthetique-maroc.com\/pt-pt\/#website","url":"https:\/\/www.la-chirurgie-esthetique-maroc.com\/pt-pt\/","name":"Chirurgie esthetique Maroc","description":"","publisher":{"@id":"https:\/\/www.la-chirurgie-esthetique-maroc.com\/pt-pt\/#organization"},"potentialAction":[{"@type":"SearchAction","target":{"@type":"EntryPoint","urlTemplate":"https:\/\/www.la-chirurgie-esthetique-maroc.com\/pt-pt\/?s={search_term_string}"},"query-input":{"@type":"PropertyValueSpecification","valueRequired":true,"valueName":"search_term_string"}}],"inLanguage":"pt-PT"},{"@type":"Organization","@id":"https:\/\/www.la-chirurgie-esthetique-maroc.com\/pt-pt\/#organization","name":"Chirurgie esthetique Maroc","url":"https:\/\/www.la-chirurgie-esthetique-maroc.com\/pt-pt\/","logo":{"@type":"ImageObject","inLanguage":"pt-PT","@id":"https:\/\/www.la-chirurgie-esthetique-maroc.com\/pt-pt\/#\/schema\/logo\/image\/","url":"https:\/\/www.la-chirurgie-esthetique-maroc.com\/wp-content\/uploads\/2022\/01\/cem3.png","contentUrl":"https:\/\/www.la-chirurgie-esthetique-maroc.com\/wp-content\/uploads\/2022\/01\/cem3.png","width":125,"height":41,"caption":"Chirurgie esthetique Maroc"},"image":{"@id":"https:\/\/www.la-chirurgie-esthetique-maroc.com\/pt-pt\/#\/schema\/logo\/image\/"}}]}},"_links":{"self":[{"href":"https:\/\/www.la-chirurgie-esthetique-maroc.com\/pt-pt\/wp-json\/wp\/v2\/pages\/7699","targetHints":{"allow":["GET"]}}],"collection":[{"href":"https:\/\/www.la-chirurgie-esthetique-maroc.com\/pt-pt\/wp-json\/wp\/v2\/pages"}],"about":[{"href":"https:\/\/www.la-chirurgie-esthetique-maroc.com\/pt-pt\/wp-json\/wp\/v2\/types\/page"}],"author":[{"embeddable":true,"href":"https:\/\/www.la-chirurgie-esthetique-maroc.com\/pt-pt\/wp-json\/wp\/v2\/users\/1"}],"replies":[{"embeddable":true,"href":"https:\/\/www.la-chirurgie-esthetique-maroc.com\/pt-pt\/wp-json\/wp\/v2\/comments?post=7699"}],"version-history":[{"count":6,"href":"https:\/\/www.la-chirurgie-esthetique-maroc.com\/pt-pt\/wp-json\/wp\/v2\/pages\/7699\/revisions"}],"predecessor-version":[{"id":9228,"href":"https:\/\/www.la-chirurgie-esthetique-maroc.com\/pt-pt\/wp-json\/wp\/v2\/pages\/7699\/revisions\/9228"}],"wp:featuredmedia":[{"embeddable":true,"href":"https:\/\/www.la-chirurgie-esthetique-maroc.com\/pt-pt\/wp-json\/wp\/v2\/media\/7575"}],"wp:attachment":[{"href":"https:\/\/www.la-chirurgie-esthetique-maroc.com\/pt-pt\/wp-json\/wp\/v2\/media?parent=7699"}],"curies":[{"name":"wp","href":"https:\/\/api.w.org\/{rel}","templated":true}]}}