{"id":7736,"date":"2018-01-15T11:31:59","date_gmt":"2018-01-15T10:31:59","guid":{"rendered":"https:\/\/www.la-chirurgie-esthetique-maroc.com\/lipofilling-marrocos\/"},"modified":"2025-02-12T13:01:22","modified_gmt":"2025-02-12T12:01:22","slug":"lipofilling","status":"publish","type":"page","link":"https:\/\/www.la-chirurgie-esthetique-maroc.com\/pt-pt\/lipofilling\/","title":{"rendered":"Lipofilling Marrocos"},"content":{"rendered":"\t\t<div data-elementor-type=\"wp-page\" data-elementor-id=\"7736\" class=\"elementor elementor-7736 elementor-1380\">\n\t\t\t\t\t\t<section class=\"elementor-section elementor-top-section elementor-element elementor-element-c87fe56 elementor-section-boxed elementor-section-height-default elementor-section-height-default\" data-id=\"c87fe56\" data-element_type=\"section\">\n\t\t\t\t\t\t<div class=\"elementor-container elementor-column-gap-default\">\n\t\t\t\t\t<div class=\"elementor-column elementor-col-100 elementor-top-column elementor-element elementor-element-06501b1 align_content_center\" data-id=\"06501b1\" data-element_type=\"column\">\n\t\t\t<div class=\"elementor-widget-wrap elementor-element-populated\">\n\t\t\t\t\t\t<div class=\"elementor-element elementor-element-e9841ac elementor-widget elementor-widget-text-editor\" data-id=\"e9841ac\" data-element_type=\"widget\" data-widget_type=\"text-editor.default\">\n\t\t\t\t<div class=\"elementor-widget-container\">\n\t\t\t\t\t\t\t<p>O <strong>lipofilling facial de Marrocos<\/strong> \u00e9 um procedimento cir\u00fargico minimamente invasivo realizado sob anestesia local. Isto envolve a transfer\u00eancia de tecido adiposo aut\u00f3logo (do corpo do paciente) para o rosto. O objectivo desta opera\u00e7\u00e3o \u00e9 dar mais tom e vitalidade. O <strong>lipofilling facial<\/strong> \u00e9 tamb\u00e9m utilizado para contrariar os efeitos do envelhecimento no rosto, restaurando o volume que desapareceu com a idade.<\/p>\n\t\t\t\t\t\t<\/div>\n\t\t\t\t<\/div>\n\t\t\t\t<div class=\"elementor-element elementor-element-f7061c5 elementor-widget elementor-widget-text-editor\" data-id=\"f7061c5\" data-element_type=\"widget\" data-widget_type=\"text-editor.default\">\n\t\t\t\t<div class=\"elementor-widget-container\">\n\t\t\t\t\t\t\t<h2>Pre\u00e7o do lipofilling facial Marrocos<\/h2>\nO <strong>lipofilling facial em Marrocos <\/strong>\u00e9 uma opera\u00e7\u00e3o personalizada. O pre\u00e7o deste procedimento depende das especificidades de cada paciente. Pe\u00e7a o seu or\u00e7amento gratuito com toda a informa\u00e7\u00e3o.\t\t\t\t\t\t<\/div>\n\t\t\t\t<\/div>\n\t\t\t\t\t<\/div>\n\t\t<\/div>\n\t\t\t\t\t<\/div>\n\t\t<\/section>\n\t\t\t\t<section class=\"elementor-section elementor-top-section elementor-element elementor-element-23aa41a elementor-section-boxed elementor-section-height-default elementor-section-height-default\" data-id=\"23aa41a\" data-element_type=\"section\">\n\t\t\t\t\t\t<div class=\"elementor-container elementor-column-gap-default\">\n\t\t\t\t\t<div class=\"elementor-column elementor-col-66 elementor-top-column elementor-element elementor-element-5dabf2b\" data-id=\"5dabf2b\" data-element_type=\"column\">\n\t\t\t<div class=\"elementor-widget-wrap elementor-element-populated\">\n\t\t\t\t\t\t<div class=\"elementor-element elementor-element-7256c01 elementor-widget elementor-widget-text-editor\" data-id=\"7256c01\" data-element_type=\"widget\" data-widget_type=\"text-editor.default\">\n\t\t\t\t<div class=\"elementor-widget-container\">\n\t\t\t\t\t\t\t<h2>Or\u00e7amento expresso gratuito<\/h2>\n<style>\r\n.whatsapp-button {\r\n    display: inline-block;\r\n    background-color: #25D366;\r\n    font-size: 16px;\r\n    font-weight: bold;\r\n    padding: 12px 20px;\r\n    text-align: center;\r\n    text-decoration: none;\r\n    border-radius: 5px;\r\n    box-shadow: 0 4px 6px rgba(0, 0, 0, 0.1);\r\n    transition: background-color 0.3s ease, transform 0.2s ease;\r\n    color: white!important;\r\n}\r\n\r\n.whatsapp-button:hover {\r\n    background-color: #1EBE54;\r\n    transform: translateY(-2px);\r\n}\r\n\r\n.whatsapp-button:active {\r\n    transform: translateY(0);\r\n}\r\n.align_center {\r\n    display: block;\r\n    text-align: center;\r\n    padding: 30px 0px;\r\n}\r\n<\/style>\r\n\r\n<div class=\"align_center\">\r\n\t<a href=\"https:\/\/api.whatsapp.com\/send?phone=+33635235712&#038;&#038;text=Ol\u00e1, gostaria de conhecer o vosso trabalho e os vossos pre\u00e7os!\"\r\n    class=\"whatsapp-button\" target=\"_blank\">\r\n     Clique aqui para obter um or\u00e7amento gratuito por Whatsapp\r\n<\/a>\r\n<\/div>\t\t\t\t\t\t<\/div>\n\t\t\t\t<\/div>\n\t\t\t\t\t<\/div>\n\t\t<\/div>\n\t\t\t\t<div class=\"elementor-column elementor-col-33 elementor-top-column elementor-element elementor-element-77a728b\" data-id=\"77a728b\" data-element_type=\"column\">\n\t\t\t<div class=\"elementor-widget-wrap elementor-element-populated\">\n\t\t\t\t\t\t<div class=\"elementor-element elementor-element-fe0bddf elementor-widget elementor-widget-image\" data-id=\"fe0bddf\" data-element_type=\"widget\" data-widget_type=\"image.default\">\n\t\t\t\t<div class=\"elementor-widget-container\">\n\t\t\t\t\t\t\t\t\t\t\t\t\t<img fetchpriority=\"high\" decoding=\"async\" width=\"508\" height=\"554\" src=\"https:\/\/www.la-chirurgie-esthetique-maroc.com\/wp-content\/uploads\/2022\/01\/la-chirurgie-esthetique-maroc_devis-1.webp\" class=\"attachment-large size-large wp-image-7559\" alt=\"\" srcset=\"https:\/\/www.la-chirurgie-esthetique-maroc.com\/wp-content\/uploads\/2022\/01\/la-chirurgie-esthetique-maroc_devis-1.webp 508w, https:\/\/www.la-chirurgie-esthetique-maroc.com\/wp-content\/uploads\/2022\/01\/la-chirurgie-esthetique-maroc_devis-1-275x300.webp 275w\" sizes=\"(max-width: 508px) 100vw, 508px\" \/>\t\t\t\t\t\t\t\t\t\t\t\t\t<\/div>\n\t\t\t\t<\/div>\n\t\t\t\t\t<\/div>\n\t\t<\/div>\n\t\t\t\t\t<\/div>\n\t\t<\/section>\n\t\t\t\t<section class=\"elementor-section elementor-top-section elementor-element elementor-element-897cd6 bg-color forme_1  elementor-section-boxed elementor-section-height-default elementor-section-height-default\" data-id=\"897cd6\" data-element_type=\"section\">\n\t\t\t\t\t\t<div class=\"elementor-container elementor-column-gap-default\">\n\t\t\t\t\t<div class=\"elementor-column elementor-col-100 elementor-top-column elementor-element elementor-element-4d549d51\" data-id=\"4d549d51\" data-element_type=\"column\">\n\t\t\t<div class=\"elementor-widget-wrap elementor-element-populated\">\n\t\t\t\t\t\t<div class=\"elementor-element elementor-element-32eb6a7a elementor-widget elementor-widget-text-editor\" data-id=\"32eb6a7a\" data-element_type=\"widget\" data-widget_type=\"text-editor.default\">\n\t\t\t\t<div class=\"elementor-widget-container\">\n\t\t\t\t\t\t\t<h2>Procedimento de lipofilling facial<\/h2>\nO tratamento come\u00e7a com uma consulta inicial para identificar as \u00e1reas doadoras de tecido adiposo e o volume a ser extra\u00eddo. Esta consulta proporciona tamb\u00e9m uma oportunidade de explicar o procedimento ao paciente.\n\nO procedimento tem lugar na cl\u00ednica, no bloco operat\u00f3rio, e dura em m\u00e9dia 2 horas. O anest\u00e9sico pode ser local ou geral. A escolha da anestesia \u00e9 feita de acordo com o estado de sa\u00fade do paciente.\n\nA gordura \u00e9 normalmente retirada da barriga do paciente. Centrifugada e depois filtrada, esta gordura pode ser enriquecida com c\u00e9lulas estaminais antes de ser reinjectada nos m\u00fasculos faciais. As injec\u00e7\u00f5es s\u00e3o realizadas com uma agulha flex\u00edvel que permite alcan\u00e7ar v\u00e1rios pontos com a mesma incis\u00e3o. Esta incis\u00e3o est\u00e1 escondida atr\u00e1s da orelha e n\u00e3o deixa uma cicatriz.\n\t\t\t\t\t\t<\/div>\n\t\t\t\t<\/div>\n\t\t\t\t<section class=\"elementor-section elementor-inner-section elementor-element elementor-element-8628c7c elementor-section-boxed elementor-section-height-default elementor-section-height-default\" data-id=\"8628c7c\" data-element_type=\"section\">\n\t\t\t\t\t\t<div class=\"elementor-container elementor-column-gap-default\">\n\t\t\t\t\t<div class=\"elementor-column elementor-col-100 elementor-inner-column elementor-element elementor-element-c1c3c5a align_content_center\" data-id=\"c1c3c5a\" data-element_type=\"column\">\n\t\t\t<div class=\"elementor-widget-wrap elementor-element-populated\">\n\t\t\t\t\t\t<div class=\"elementor-element elementor-element-5a09cd0 elementor-widget elementor-widget-text-editor\" data-id=\"5a09cd0\" data-element_type=\"widget\" data-widget_type=\"text-editor.default\">\n\t\t\t\t<div class=\"elementor-widget-container\">\n\t\t\t\t\t\t\t<h2>Complica\u00e7\u00f5es e efeitos secund\u00e1rios do lipofilling facial<\/h2>\n\n\nO <strong>lipofilling facial em Marrocos <\/strong>\u00e9 um procedimento minimamente invasivo. Exp\u00f5e o doente a muito poucos riscos ou complica\u00e7\u00f5es maiores. Os efeitos mais prov\u00e1veis da <strong>lipofilling <\/strong>s\u00e3o incha\u00e7o facial, incha\u00e7o e\/ou contus\u00e3o das \u00e1reas lipoaspiradas e crostas nos locais de incis\u00e3o. Estes fen\u00f3menos desaparecem completamente ap\u00f3s 20 dias a um m\u00eas.\t\t\t\t\t\t<\/div>\n\t\t\t\t<\/div>\n\t\t\t\t\t<\/div>\n\t\t<\/div>\n\t\t\t\t\t<\/div>\n\t\t<\/section>\n\t\t\t\t\t<\/div>\n\t\t<\/div>\n\t\t\t\t\t<\/div>\n\t\t<\/section>\n\t\t\t\t<section class=\"elementor-section elementor-top-section elementor-element elementor-element-cda4cd6 elementor-section-boxed elementor-section-height-default elementor-section-height-default\" data-id=\"cda4cd6\" data-element_type=\"section\">\n\t\t\t\t\t\t<div class=\"elementor-container elementor-column-gap-default\">\n\t\t\t\t\t<div class=\"elementor-column elementor-col-100 elementor-top-column elementor-element elementor-element-c68eed4\" data-id=\"c68eed4\" data-element_type=\"column\">\n\t\t\t<div class=\"elementor-widget-wrap elementor-element-populated\">\n\t\t\t\t\t\t<div class=\"elementor-element elementor-element-39d8ccf elementor-widget elementor-widget-text-editor\" data-id=\"39d8ccf\" data-element_type=\"widget\" data-widget_type=\"text-editor.default\">\n\t\t\t\t<div class=\"elementor-widget-container\">\n\t\t\t\t\t\t\t<h2>Resultados do lipofilling facial<\/h2>\nO <strong>lipofilling facial em Marrocos<\/strong> pode alcan\u00e7ar resultados semelhantes aos de<a href=\"http:\/\/www.la-chirurgie-esthetique-maroc.com\/lifting-visage\/\">um lifting facial cir\u00fargico<\/a>. Elimina eficazmente o queixo duplo e a pele fl\u00e1cida no pesco\u00e7o. As p\u00e1lpebras e ma\u00e7\u00e3s do rosto s\u00e3o revitalizadas e o contorno facial \u00e9 redefinido.\n\n\u00c9 bastante natural que uma parte do tecido adiposo injectado seja reabsorvida pelo corpo do paciente, resultando numa ligeira perda de volume em compara\u00e7\u00e3o com os primeiros dias ap\u00f3s o procedimento. Os m\u00e9dicos injectam mais gordura do que \u00e9 necess\u00e1rio para permitir a reabsor\u00e7\u00e3o. \u00c9 bastante raro que os resultados da <strong>lipofilling facial<\/strong> sejam insatisfat\u00f3rios. Quando este \u00e9 o caso, o m\u00e9dico e o paciente podem discutir a possibilidade de um lipofilling facial secund\u00e1rio.\t\t\t\t\t\t<\/div>\n\t\t\t\t<\/div>\n\t\t\t\t\t<\/div>\n\t\t<\/div>\n\t\t\t\t\t<\/div>\n\t\t<\/section>\n\t\t\t\t<section class=\"elementor-section elementor-top-section elementor-element elementor-element-314779e elementor-section-boxed elementor-section-height-default elementor-section-height-default\" data-id=\"314779e\" data-element_type=\"section\">\n\t\t\t\t\t\t<div class=\"elementor-container elementor-column-gap-default\">\n\t\t\t\t\t<div class=\"elementor-column elementor-col-100 elementor-top-column elementor-element elementor-element-9ac85ad\" data-id=\"9ac85ad\" data-element_type=\"column\">\n\t\t\t<div class=\"elementor-widget-wrap elementor-element-populated\">\n\t\t\t\t\t\t<div class=\"elementor-element elementor-element-ed7e068 center elementor-widget elementor-widget-html\" data-id=\"ed7e068\" data-element_type=\"widget\" data-widget_type=\"html.default\">\n\t\t\t\t<div class=\"elementor-widget-container\">\n\t\t\t<div class=\"btn_devis btn_intern\"><a href=\"https:\/\/www.la-chirurgie-esthetique-maroc.com\/pt-pt\/citacao\/\"><span>Or\u00e7amento gratuito<\/span><\/a><\/div>\t\t<\/div>\n\t\t\t\t<\/div>\n\t\t\t\t\t<\/div>\n\t\t<\/div>\n\t\t\t\t\t<\/div>\n\t\t<\/section>\n\t\t\t\t<\/div>\n\t\t","protected":false},"excerpt":{"rendered":"<p>O lipofilling facial de Marrocos \u00e9 um procedimento cir\u00fargico minimamente invasivo realizado sob anestesia local. Isto envolve a transfer\u00eancia de tecido adiposo aut\u00f3logo (do corpo do paciente) para o rosto. O objectivo desta opera\u00e7\u00e3o \u00e9 dar mais tom e vitalidade. O lipofilling facial \u00e9 tamb\u00e9m utilizado para contrariar os efeitos do envelhecimento no rosto, restaurando [&hellip;]<\/p>\n","protected":false},"author":2,"featured_media":7562,"parent":0,"menu_order":0,"comment_status":"closed","ping_status":"closed","template":"","meta":{"footnotes":""},"class_list":["post-7736","page","type-page","status-publish","has-post-thumbnail","hentry"],"yoast_head":"<!-- This site is optimized with the Yoast SEO plugin v27.3 - https:\/\/yoast.com\/product\/yoast-seo-wordpress\/ -->\n<title>Lipofilling Marrocos : pre\u00e7o da injec\u00e7\u00e3o de gordura para remodelar o rosto<\/title>\n<meta name=\"description\" content=\"Lipofilling Morocco: rejuvenescer o rosto e apagar os efeitos do envelhecimento atrav\u00e9s da injec\u00e7\u00e3o de gordura. Pre\u00e7os baratos com cota\u00e7\u00e3o\" \/>\n<meta name=\"robots\" content=\"index, follow, max-snippet:-1, max-image-preview:large, max-video-preview:-1\" \/>\n<link rel=\"canonical\" href=\"https:\/\/www.la-chirurgie-esthetique-maroc.com\/pt-pt\/lipofilling\/\" \/>\n<meta property=\"og:locale\" content=\"pt_PT\" \/>\n<meta property=\"og:type\" content=\"article\" \/>\n<meta property=\"og:title\" content=\"Lipofilling Marrocos : pre\u00e7o da injec\u00e7\u00e3o de gordura para remodelar o rosto\" \/>\n<meta property=\"og:description\" content=\"Lipofilling Morocco: rejuvenescer o rosto e apagar os efeitos do envelhecimento atrav\u00e9s da injec\u00e7\u00e3o de gordura. Pre\u00e7os baratos com cota\u00e7\u00e3o\" \/>\n<meta property=\"og:url\" content=\"https:\/\/www.la-chirurgie-esthetique-maroc.com\/pt-pt\/lipofilling\/\" \/>\n<meta property=\"og:site_name\" content=\"Chirurgie esthetique Maroc\" \/>\n<meta property=\"article:modified_time\" content=\"2025-02-12T12:01:22+00:00\" \/>\n<meta property=\"og:image\" content=\"https:\/\/www.la-chirurgie-esthetique-maroc.com\/wp-content\/uploads\/2022\/01\/header_visage.png\" \/>\n\t<meta property=\"og:image:width\" content=\"552\" \/>\n\t<meta property=\"og:image:height\" content=\"612\" \/>\n\t<meta property=\"og:image:type\" content=\"image\/png\" \/>\n<meta name=\"twitter:card\" content=\"summary_large_image\" \/>\n<meta name=\"twitter:label1\" content=\"Tempo estimado de leitura\" \/>\n\t<meta name=\"twitter:data1\" content=\"3 minutos\" \/>\n<!-- \/ Yoast SEO plugin. -->","yoast_head_json":{"title":"Lipofilling Marrocos : pre\u00e7o da injec\u00e7\u00e3o de gordura para remodelar o rosto","description":"Lipofilling Morocco: rejuvenescer o rosto e apagar os efeitos do envelhecimento atrav\u00e9s da injec\u00e7\u00e3o de gordura. Pre\u00e7os baratos com cota\u00e7\u00e3o","robots":{"index":"index","follow":"follow","max-snippet":"max-snippet:-1","max-image-preview":"max-image-preview:large","max-video-preview":"max-video-preview:-1"},"canonical":"https:\/\/www.la-chirurgie-esthetique-maroc.com\/pt-pt\/lipofilling\/","og_locale":"pt_PT","og_type":"article","og_title":"Lipofilling Marrocos : pre\u00e7o da injec\u00e7\u00e3o de gordura para remodelar o rosto","og_description":"Lipofilling Morocco: rejuvenescer o rosto e apagar os efeitos do envelhecimento atrav\u00e9s da injec\u00e7\u00e3o de gordura. Pre\u00e7os baratos com cota\u00e7\u00e3o","og_url":"https:\/\/www.la-chirurgie-esthetique-maroc.com\/pt-pt\/lipofilling\/","og_site_name":"Chirurgie esthetique Maroc","article_modified_time":"2025-02-12T12:01:22+00:00","og_image":[{"width":552,"height":612,"url":"https:\/\/www.la-chirurgie-esthetique-maroc.com\/wp-content\/uploads\/2022\/01\/header_visage.png","type":"image\/png"}],"twitter_card":"summary_large_image","twitter_misc":{"Tempo estimado de leitura":"3 minutos"},"schema":{"@context":"https:\/\/schema.org","@graph":[{"@type":"WebPage","@id":"https:\/\/www.la-chirurgie-esthetique-maroc.com\/pt-pt\/lipofilling\/","url":"https:\/\/www.la-chirurgie-esthetique-maroc.com\/pt-pt\/lipofilling\/","name":"Lipofilling Marrocos : pre\u00e7o da injec\u00e7\u00e3o de gordura para remodelar o rosto","isPartOf":{"@id":"https:\/\/www.la-chirurgie-esthetique-maroc.com\/pt-pt\/#website"},"primaryImageOfPage":{"@id":"https:\/\/www.la-chirurgie-esthetique-maroc.com\/pt-pt\/lipofilling\/#primaryimage"},"image":{"@id":"https:\/\/www.la-chirurgie-esthetique-maroc.com\/pt-pt\/lipofilling\/#primaryimage"},"thumbnailUrl":"https:\/\/www.la-chirurgie-esthetique-maroc.com\/wp-content\/uploads\/2022\/01\/header_visage.png","datePublished":"2018-01-15T10:31:59+00:00","dateModified":"2025-02-12T12:01:22+00:00","description":"Lipofilling Morocco: rejuvenescer o rosto e apagar os efeitos do envelhecimento atrav\u00e9s da injec\u00e7\u00e3o de gordura. Pre\u00e7os baratos com cota\u00e7\u00e3o","breadcrumb":{"@id":"https:\/\/www.la-chirurgie-esthetique-maroc.com\/pt-pt\/lipofilling\/#breadcrumb"},"inLanguage":"pt-PT","potentialAction":[{"@type":"ReadAction","target":["https:\/\/www.la-chirurgie-esthetique-maroc.com\/pt-pt\/lipofilling\/"]}]},{"@type":"ImageObject","inLanguage":"pt-PT","@id":"https:\/\/www.la-chirurgie-esthetique-maroc.com\/pt-pt\/lipofilling\/#primaryimage","url":"https:\/\/www.la-chirurgie-esthetique-maroc.com\/wp-content\/uploads\/2022\/01\/header_visage.png","contentUrl":"https:\/\/www.la-chirurgie-esthetique-maroc.com\/wp-content\/uploads\/2022\/01\/header_visage.png","width":552,"height":612},{"@type":"BreadcrumbList","@id":"https:\/\/www.la-chirurgie-esthetique-maroc.com\/pt-pt\/lipofilling\/#breadcrumb","itemListElement":[{"@type":"ListItem","position":1,"name":"Accueil","item":"https:\/\/www.la-chirurgie-esthetique-maroc.com\/pt-pt\/"},{"@type":"ListItem","position":2,"name":"Lipofilling Marrocos"}]},{"@type":"WebSite","@id":"https:\/\/www.la-chirurgie-esthetique-maroc.com\/pt-pt\/#website","url":"https:\/\/www.la-chirurgie-esthetique-maroc.com\/pt-pt\/","name":"Chirurgie esthetique Maroc","description":"","publisher":{"@id":"https:\/\/www.la-chirurgie-esthetique-maroc.com\/pt-pt\/#organization"},"potentialAction":[{"@type":"SearchAction","target":{"@type":"EntryPoint","urlTemplate":"https:\/\/www.la-chirurgie-esthetique-maroc.com\/pt-pt\/?s={search_term_string}"},"query-input":{"@type":"PropertyValueSpecification","valueRequired":true,"valueName":"search_term_string"}}],"inLanguage":"pt-PT"},{"@type":"Organization","@id":"https:\/\/www.la-chirurgie-esthetique-maroc.com\/pt-pt\/#organization","name":"Chirurgie esthetique Maroc","url":"https:\/\/www.la-chirurgie-esthetique-maroc.com\/pt-pt\/","logo":{"@type":"ImageObject","inLanguage":"pt-PT","@id":"https:\/\/www.la-chirurgie-esthetique-maroc.com\/pt-pt\/#\/schema\/logo\/image\/","url":"https:\/\/www.la-chirurgie-esthetique-maroc.com\/wp-content\/uploads\/2022\/01\/cem3.png","contentUrl":"https:\/\/www.la-chirurgie-esthetique-maroc.com\/wp-content\/uploads\/2022\/01\/cem3.png","width":125,"height":41,"caption":"Chirurgie esthetique Maroc"},"image":{"@id":"https:\/\/www.la-chirurgie-esthetique-maroc.com\/pt-pt\/#\/schema\/logo\/image\/"}}]}},"_links":{"self":[{"href":"https:\/\/www.la-chirurgie-esthetique-maroc.com\/pt-pt\/wp-json\/wp\/v2\/pages\/7736","targetHints":{"allow":["GET"]}}],"collection":[{"href":"https:\/\/www.la-chirurgie-esthetique-maroc.com\/pt-pt\/wp-json\/wp\/v2\/pages"}],"about":[{"href":"https:\/\/www.la-chirurgie-esthetique-maroc.com\/pt-pt\/wp-json\/wp\/v2\/types\/page"}],"author":[{"embeddable":true,"href":"https:\/\/www.la-chirurgie-esthetique-maroc.com\/pt-pt\/wp-json\/wp\/v2\/users\/2"}],"replies":[{"embeddable":true,"href":"https:\/\/www.la-chirurgie-esthetique-maroc.com\/pt-pt\/wp-json\/wp\/v2\/comments?post=7736"}],"version-history":[{"count":10,"href":"https:\/\/www.la-chirurgie-esthetique-maroc.com\/pt-pt\/wp-json\/wp\/v2\/pages\/7736\/revisions"}],"predecessor-version":[{"id":9249,"href":"https:\/\/www.la-chirurgie-esthetique-maroc.com\/pt-pt\/wp-json\/wp\/v2\/pages\/7736\/revisions\/9249"}],"wp:featuredmedia":[{"embeddable":true,"href":"https:\/\/www.la-chirurgie-esthetique-maroc.com\/pt-pt\/wp-json\/wp\/v2\/media\/7562"}],"wp:attachment":[{"href":"https:\/\/www.la-chirurgie-esthetique-maroc.com\/pt-pt\/wp-json\/wp\/v2\/media?parent=7736"}],"curies":[{"name":"wp","href":"https:\/\/api.w.org\/{rel}","templated":true}]}}