{"id":7740,"date":"2016-06-23T14:22:45","date_gmt":"2016-06-23T12:22:45","guid":{"rendered":"https:\/\/www.la-chirurgie-esthetique-maroc.com\/blefaroplastia-marrocos\/"},"modified":"2025-02-12T13:00:27","modified_gmt":"2025-02-12T12:00:27","slug":"blefaroplastia","status":"publish","type":"page","link":"https:\/\/www.la-chirurgie-esthetique-maroc.com\/pt-pt\/blefaroplastia\/","title":{"rendered":"Blefaroplastia Marrocos"},"content":{"rendered":"\t\t<div data-elementor-type=\"wp-page\" data-elementor-id=\"7740\" class=\"elementor elementor-7740 elementor-27\">\n\t\t\t\t\t\t<section class=\"elementor-section elementor-top-section elementor-element elementor-element-0c8a9d8 elementor-section-boxed elementor-section-height-default elementor-section-height-default\" data-id=\"0c8a9d8\" data-element_type=\"section\">\n\t\t\t\t\t\t<div class=\"elementor-container elementor-column-gap-default\">\n\t\t\t\t\t<div class=\"elementor-column elementor-col-100 elementor-top-column elementor-element elementor-element-fd43917 align_content_center\" data-id=\"fd43917\" data-element_type=\"column\">\n\t\t\t<div class=\"elementor-widget-wrap elementor-element-populated\">\n\t\t\t\t\t\t<div class=\"elementor-element elementor-element-e062cd2 elementor-widget elementor-widget-text-editor\" data-id=\"e062cd2\" data-element_type=\"widget\" data-widget_type=\"text-editor.default\">\n\t\t\t\t<div class=\"elementor-widget-container\">\n\t\t\t\t\t\t\t<strong>Blefaroplastia Marrocos<\/strong> \u00e9 a cirurgia reconstrutiva facial que fornece a solu\u00e7\u00e3o atrav\u00e9s da elimina\u00e7\u00e3o de bolsas de gordura, bem como da flacidez da pele para revitalizar e rejuvenescer os olhos. Bolsas de gordura nas p\u00e1lpebras superiores e inferiores s\u00e3o a causa de um aspecto desbotado e cansado. Isto reflecte o julgamento e a auto-percep\u00e7\u00e3o da pessoa.\n\nNa nossa cl\u00ednica, os melhores cirurgi\u00f5es tunisinos especializados na pr\u00e1tica da <strong>blefaroplastia<\/strong> com uma qualidade inigual\u00e1vel de cuidados e apoio em toda a regi\u00e3o mediterr\u00e2nica.\t\t\t\t\t\t<\/div>\n\t\t\t\t<\/div>\n\t\t\t\t<div class=\"elementor-element elementor-element-2b06dbf elementor-widget elementor-widget-text-editor\" data-id=\"2b06dbf\" data-element_type=\"widget\" data-widget_type=\"text-editor.default\">\n\t\t\t\t<div class=\"elementor-widget-container\">\n\t\t\t\t\t\t\t<h2>Pre\u00e7o da blefaroplastia de Marrocos<\/h2>\nA nossa cl\u00ednica oferece-lhe <strong>pre\u00e7os de blefaroplastia em Marrocos<\/strong> com uma estada est\u00e9tica totalmente inclusiva num hotel de luxo durante 5 noites e 6 dias. Oferecemos tamb\u00e9m um or\u00e7amento gratuito para detalhes da sua cirurgia \u00e0s p\u00e1lpebras. Por favor contacte-nos por telefone ou e-mail para pre\u00e7os em dinares.\nAqui est\u00e3o as taxas de blefaroplastia com tudo inclu\u00eddo.\t\t\t\t\t\t<\/div>\n\t\t\t\t<\/div>\n\t\t\t\t\t<\/div>\n\t\t<\/div>\n\t\t\t\t\t<\/div>\n\t\t<\/section>\n\t\t\t\t<section class=\"elementor-section elementor-top-section elementor-element elementor-element-80b7567 elementor-section-boxed elementor-section-height-default elementor-section-height-default\" data-id=\"80b7567\" data-element_type=\"section\">\n\t\t\t\t\t\t<div class=\"elementor-container elementor-column-gap-default\">\n\t\t\t\t\t<div class=\"elementor-column elementor-col-66 elementor-top-column elementor-element elementor-element-bce1e15\" data-id=\"bce1e15\" data-element_type=\"column\">\n\t\t\t<div class=\"elementor-widget-wrap elementor-element-populated\">\n\t\t\t\t\t\t<div class=\"elementor-element elementor-element-e95633a elementor-widget elementor-widget-text-editor\" data-id=\"e95633a\" data-element_type=\"widget\" data-widget_type=\"text-editor.default\">\n\t\t\t\t<div class=\"elementor-widget-container\">\n\t\t\t\t\t\t\t<h2>Or\u00e7amento expresso gratuito<\/h2>\n<style>\r\n.whatsapp-button {\r\n    display: inline-block;\r\n    background-color: #25D366;\r\n    font-size: 16px;\r\n    font-weight: bold;\r\n    padding: 12px 20px;\r\n    text-align: center;\r\n    text-decoration: none;\r\n    border-radius: 5px;\r\n    box-shadow: 0 4px 6px rgba(0, 0, 0, 0.1);\r\n    transition: background-color 0.3s ease, transform 0.2s ease;\r\n    color: white!important;\r\n}\r\n\r\n.whatsapp-button:hover {\r\n    background-color: #1EBE54;\r\n    transform: translateY(-2px);\r\n}\r\n\r\n.whatsapp-button:active {\r\n    transform: translateY(0);\r\n}\r\n.align_center {\r\n    display: block;\r\n    text-align: center;\r\n    padding: 30px 0px;\r\n}\r\n<\/style>\r\n\r\n<div class=\"align_center\">\r\n\t<a href=\"https:\/\/api.whatsapp.com\/send?phone=+33635235712&#038;&#038;text=Ol\u00e1, gostaria de conhecer o vosso trabalho e os vossos pre\u00e7os!\"\r\n    class=\"whatsapp-button\" target=\"_blank\">\r\n     Clique aqui para obter um or\u00e7amento gratuito por Whatsapp\r\n<\/a>\r\n<\/div>\t\t\t\t\t\t<\/div>\n\t\t\t\t<\/div>\n\t\t\t\t\t<\/div>\n\t\t<\/div>\n\t\t\t\t<div class=\"elementor-column elementor-col-33 elementor-top-column elementor-element elementor-element-d9eb571\" data-id=\"d9eb571\" data-element_type=\"column\">\n\t\t\t<div class=\"elementor-widget-wrap elementor-element-populated\">\n\t\t\t\t\t\t<div class=\"elementor-element elementor-element-a554952 elementor-widget elementor-widget-image\" data-id=\"a554952\" data-element_type=\"widget\" data-widget_type=\"image.default\">\n\t\t\t\t<div class=\"elementor-widget-container\">\n\t\t\t\t\t\t\t\t\t\t\t\t\t<img fetchpriority=\"high\" decoding=\"async\" width=\"508\" height=\"554\" src=\"https:\/\/www.la-chirurgie-esthetique-maroc.com\/wp-content\/uploads\/2022\/01\/la-chirurgie-esthetique-maroc_devis-1.webp\" class=\"attachment-large size-large wp-image-7559\" alt=\"\" srcset=\"https:\/\/www.la-chirurgie-esthetique-maroc.com\/wp-content\/uploads\/2022\/01\/la-chirurgie-esthetique-maroc_devis-1.webp 508w, https:\/\/www.la-chirurgie-esthetique-maroc.com\/wp-content\/uploads\/2022\/01\/la-chirurgie-esthetique-maroc_devis-1-275x300.webp 275w\" sizes=\"(max-width: 508px) 100vw, 508px\" \/>\t\t\t\t\t\t\t\t\t\t\t\t\t<\/div>\n\t\t\t\t<\/div>\n\t\t\t\t\t<\/div>\n\t\t<\/div>\n\t\t\t\t\t<\/div>\n\t\t<\/section>\n\t\t\t\t<section class=\"elementor-section elementor-top-section elementor-element elementor-element-723fecf bg-color forme_1  elementor-section-boxed elementor-section-height-default elementor-section-height-default\" data-id=\"723fecf\" data-element_type=\"section\">\n\t\t\t\t\t\t<div class=\"elementor-container elementor-column-gap-default\">\n\t\t\t\t\t<div class=\"elementor-column elementor-col-100 elementor-top-column elementor-element elementor-element-c5bd0aa\" data-id=\"c5bd0aa\" data-element_type=\"column\">\n\t\t\t<div class=\"elementor-widget-wrap elementor-element-populated\">\n\t\t\t\t\t\t<div class=\"elementor-element elementor-element-49c6288 elementor-widget elementor-widget-text-editor\" data-id=\"49c6288\" data-element_type=\"widget\" data-widget_type=\"text-editor.default\">\n\t\t\t\t<div class=\"elementor-widget-container\">\n\t\t\t\t\t\t\t<h2>Processo da opera\u00e7\u00e3o<\/h2><p>Um exame oftalmol\u00f3gico minucioso constitui a base dos controlos pr\u00e9-operat\u00f3rios. \u00c9 um check-up para validar a gest\u00e3o final do paciente e para rastrear patologias oculares. Desde a idade de quarenta anos, a <strong>blefaroplastia em Marrocos<\/strong> \u00e9 realizada tanto em homens como em mulheres.<\/p><p>Sob anestesia local, geral ou vigorosa, dependendo do paciente e da profundidade das imperfei\u00e7\u00f5es, a <strong>blefaroplastia<\/strong> \u00e9 baseada em incis\u00f5es:<\/p><ul class=\"liste-page\"><li>1 a 2 mm sob as pestanas para as p\u00e1lpebras inferiores<\/li><li>Entre a parte m\u00f3vel e a parte fixa da p\u00e1lpebra superior<\/li><\/ul><p>A dura\u00e7\u00e3o varia de meia hora a 2 horas, dependendo do n\u00famero de p\u00e1lpebras a serem operadas e da interfer\u00eancia com outros procedimentos cir\u00fargicos<a href=\"https:\/\/www.la-chirurgie-esthetique-maroc.com\/rhinoplastie\/\">(rinoplastia<\/a>, por exemplo). O excesso de m\u00fasculo e pele que foi solto, assim como as h\u00e9rnias gordurosas, s\u00e3o removidos e as suturas s\u00e3o frequentemente feitas com suturas muito finas e n\u00e3o absorv\u00edveis.<\/p>\t\t\t\t\t\t<\/div>\n\t\t\t\t<\/div>\n\t\t\t\t\t<\/div>\n\t\t<\/div>\n\t\t\t\t\t<\/div>\n\t\t<\/section>\n\t\t\t\t<section class=\"elementor-section elementor-top-section elementor-element elementor-element-745edcdd elementor-section-boxed elementor-section-height-default elementor-section-height-default\" data-id=\"745edcdd\" data-element_type=\"section\">\n\t\t\t\t\t\t<div class=\"elementor-container elementor-column-gap-default\">\n\t\t\t\t\t<div class=\"elementor-column elementor-col-100 elementor-top-column elementor-element elementor-element-1a022cfb\" data-id=\"1a022cfb\" data-element_type=\"column\">\n\t\t\t<div class=\"elementor-widget-wrap elementor-element-populated\">\n\t\t\t\t\t\t<div class=\"elementor-element elementor-element-509a2f8c elementor-widget elementor-widget-text-editor\" data-id=\"509a2f8c\" data-element_type=\"widget\" data-widget_type=\"text-editor.default\">\n\t\t\t\t<div class=\"elementor-widget-container\">\n\t\t\t\t\t\t\t<h2>Resultados da <strong>blefaroplastia<\/strong><\/h2><p>Os efeitos secund\u00e1rios da opera\u00e7\u00e3o caracterizam-se por lacrimejamento, incha\u00e7o, contus\u00f5es e ligeira irrita\u00e7\u00e3o dos olhos. A opera\u00e7\u00e3o n\u00e3o \u00e9 muito dolorosa, s\u00e3o prescritos analg\u00e9sicos simples \u00e0 sa\u00edda da sala de opera\u00e7\u00f5es. As suturas podem finalmente ser removidas ap\u00f3s 3 ou 6 dias da opera\u00e7\u00e3o.<\/p><p>Os tecidos recuperam a sua flexibilidade e as cicatrizes desvanecem-se durante 3 a 6 meses ap\u00f3s a cirurgia das p\u00e1lpebras na Tun\u00edsia. \u00c9 ap\u00f3s este per\u00edodo que o resultado final pode ser apreciado. Uma nova interven\u00e7\u00e3o poderia ser considerada uma d\u00fazia de anos mais tarde.<\/p>\t\t\t\t\t\t<\/div>\n\t\t\t\t<\/div>\n\t\t\t\t\t<\/div>\n\t\t<\/div>\n\t\t\t\t\t<\/div>\n\t\t<\/section>\n\t\t\t\t<section class=\"elementor-section elementor-top-section elementor-element elementor-element-8bf316b elementor-section-boxed elementor-section-height-default elementor-section-height-default\" data-id=\"8bf316b\" data-element_type=\"section\">\n\t\t\t\t\t\t<div class=\"elementor-container elementor-column-gap-default\">\n\t\t\t\t\t<div class=\"elementor-column elementor-col-100 elementor-top-column elementor-element elementor-element-f5b8a93\" data-id=\"f5b8a93\" data-element_type=\"column\">\n\t\t\t<div class=\"elementor-widget-wrap elementor-element-populated\">\n\t\t\t\t\t\t<div class=\"elementor-element elementor-element-d753515 center elementor-widget elementor-widget-html\" data-id=\"d753515\" data-element_type=\"widget\" data-widget_type=\"html.default\">\n\t\t\t\t<div class=\"elementor-widget-container\">\n\t\t\t<div class=\"btn_devis btn_intern\"><a href=\"https:\/\/www.la-chirurgie-esthetique-maroc.com\/pt-pt\/citacao\/\"><span>Or\u00e7amento gratuito<\/span><\/a><\/div>\t\t<\/div>\n\t\t\t\t<\/div>\n\t\t\t\t\t<\/div>\n\t\t<\/div>\n\t\t\t\t\t<\/div>\n\t\t<\/section>\n\t\t\t\t<\/div>\n\t\t","protected":false},"excerpt":{"rendered":"<p>Blefaroplastia Marrocos \u00e9 a cirurgia reconstrutiva facial que fornece a solu\u00e7\u00e3o atrav\u00e9s da elimina\u00e7\u00e3o de bolsas de gordura, bem como da flacidez da pele para revitalizar e rejuvenescer os olhos. Bolsas de gordura nas p\u00e1lpebras superiores e inferiores s\u00e3o a causa de um aspecto desbotado e cansado. Isto reflecte o julgamento e a auto-percep\u00e7\u00e3o da [&hellip;]<\/p>\n","protected":false},"author":1,"featured_media":7562,"parent":0,"menu_order":0,"comment_status":"closed","ping_status":"closed","template":"","meta":{"footnotes":""},"class_list":["post-7740","page","type-page","status-publish","has-post-thumbnail","hentry"],"yoast_head":"<!-- This site is optimized with the Yoast SEO plugin v27.5 - https:\/\/yoast.com\/product\/yoast-seo-wordpress\/ -->\n<title>Blefaroplastia Marrocos: rejuvenescer as p\u00e1lpebras com um pre\u00e7o barato<\/title>\n<meta name=\"description\" content=\"Blefaroplastia Marrocos: cirurgia est\u00e9tica das p\u00e1lpebras para eliminar bolsas de gordura e rejuvenescer os olhos com um pre\u00e7o barato.\" \/>\n<meta name=\"robots\" content=\"index, follow, max-snippet:-1, max-image-preview:large, max-video-preview:-1\" \/>\n<link rel=\"canonical\" href=\"https:\/\/www.la-chirurgie-esthetique-maroc.com\/pt-pt\/blefaroplastia\/\" \/>\n<meta property=\"og:locale\" content=\"pt_PT\" \/>\n<meta property=\"og:type\" content=\"article\" \/>\n<meta property=\"og:title\" content=\"Blefaroplastia Marrocos: rejuvenescer as p\u00e1lpebras com um pre\u00e7o barato\" \/>\n<meta property=\"og:description\" content=\"Blefaroplastia Marrocos: cirurgia est\u00e9tica das p\u00e1lpebras para eliminar bolsas de gordura e rejuvenescer os olhos com um pre\u00e7o barato.\" \/>\n<meta property=\"og:url\" content=\"https:\/\/www.la-chirurgie-esthetique-maroc.com\/pt-pt\/blefaroplastia\/\" \/>\n<meta property=\"og:site_name\" content=\"Chirurgie esthetique Maroc\" \/>\n<meta property=\"article:modified_time\" content=\"2025-02-12T12:00:27+00:00\" \/>\n<meta property=\"og:image\" content=\"https:\/\/www.la-chirurgie-esthetique-maroc.com\/wp-content\/uploads\/2022\/01\/header_visage.png\" \/>\n\t<meta property=\"og:image:width\" content=\"552\" \/>\n\t<meta property=\"og:image:height\" content=\"612\" \/>\n\t<meta property=\"og:image:type\" content=\"image\/png\" \/>\n<meta name=\"twitter:card\" content=\"summary_large_image\" \/>\n<meta name=\"twitter:label1\" content=\"Tempo estimado de leitura\" \/>\n\t<meta name=\"twitter:data1\" content=\"3 minutos\" \/>\n<!-- \/ Yoast SEO plugin. -->","yoast_head_json":{"title":"Blefaroplastia Marrocos: rejuvenescer as p\u00e1lpebras com um pre\u00e7o barato","description":"Blefaroplastia Marrocos: cirurgia est\u00e9tica das p\u00e1lpebras para eliminar bolsas de gordura e rejuvenescer os olhos com um pre\u00e7o barato.","robots":{"index":"index","follow":"follow","max-snippet":"max-snippet:-1","max-image-preview":"max-image-preview:large","max-video-preview":"max-video-preview:-1"},"canonical":"https:\/\/www.la-chirurgie-esthetique-maroc.com\/pt-pt\/blefaroplastia\/","og_locale":"pt_PT","og_type":"article","og_title":"Blefaroplastia Marrocos: rejuvenescer as p\u00e1lpebras com um pre\u00e7o barato","og_description":"Blefaroplastia Marrocos: cirurgia est\u00e9tica das p\u00e1lpebras para eliminar bolsas de gordura e rejuvenescer os olhos com um pre\u00e7o barato.","og_url":"https:\/\/www.la-chirurgie-esthetique-maroc.com\/pt-pt\/blefaroplastia\/","og_site_name":"Chirurgie esthetique Maroc","article_modified_time":"2025-02-12T12:00:27+00:00","og_image":[{"width":552,"height":612,"url":"https:\/\/www.la-chirurgie-esthetique-maroc.com\/wp-content\/uploads\/2022\/01\/header_visage.png","type":"image\/png"}],"twitter_card":"summary_large_image","twitter_misc":{"Tempo estimado de leitura":"3 minutos"},"schema":{"@context":"https:\/\/schema.org","@graph":[{"@type":"WebPage","@id":"https:\/\/www.la-chirurgie-esthetique-maroc.com\/pt-pt\/blefaroplastia\/","url":"https:\/\/www.la-chirurgie-esthetique-maroc.com\/pt-pt\/blefaroplastia\/","name":"Blefaroplastia Marrocos: rejuvenescer as p\u00e1lpebras com um pre\u00e7o barato","isPartOf":{"@id":"https:\/\/www.la-chirurgie-esthetique-maroc.com\/pt-pt\/#website"},"primaryImageOfPage":{"@id":"https:\/\/www.la-chirurgie-esthetique-maroc.com\/pt-pt\/blefaroplastia\/#primaryimage"},"image":{"@id":"https:\/\/www.la-chirurgie-esthetique-maroc.com\/pt-pt\/blefaroplastia\/#primaryimage"},"thumbnailUrl":"https:\/\/www.la-chirurgie-esthetique-maroc.com\/wp-content\/uploads\/2022\/01\/header_visage.png","datePublished":"2016-06-23T12:22:45+00:00","dateModified":"2025-02-12T12:00:27+00:00","description":"Blefaroplastia Marrocos: cirurgia est\u00e9tica das p\u00e1lpebras para eliminar bolsas de gordura e rejuvenescer os olhos com um pre\u00e7o barato.","breadcrumb":{"@id":"https:\/\/www.la-chirurgie-esthetique-maroc.com\/pt-pt\/blefaroplastia\/#breadcrumb"},"inLanguage":"pt-PT","potentialAction":[{"@type":"ReadAction","target":["https:\/\/www.la-chirurgie-esthetique-maroc.com\/pt-pt\/blefaroplastia\/"]}]},{"@type":"ImageObject","inLanguage":"pt-PT","@id":"https:\/\/www.la-chirurgie-esthetique-maroc.com\/pt-pt\/blefaroplastia\/#primaryimage","url":"https:\/\/www.la-chirurgie-esthetique-maroc.com\/wp-content\/uploads\/2022\/01\/header_visage.png","contentUrl":"https:\/\/www.la-chirurgie-esthetique-maroc.com\/wp-content\/uploads\/2022\/01\/header_visage.png","width":552,"height":612},{"@type":"BreadcrumbList","@id":"https:\/\/www.la-chirurgie-esthetique-maroc.com\/pt-pt\/blefaroplastia\/#breadcrumb","itemListElement":[{"@type":"ListItem","position":1,"name":"Accueil","item":"https:\/\/www.la-chirurgie-esthetique-maroc.com\/pt-pt\/"},{"@type":"ListItem","position":2,"name":"Blefaroplastia Marrocos"}]},{"@type":"WebSite","@id":"https:\/\/www.la-chirurgie-esthetique-maroc.com\/pt-pt\/#website","url":"https:\/\/www.la-chirurgie-esthetique-maroc.com\/pt-pt\/","name":"Chirurgie esthetique Maroc","description":"","publisher":{"@id":"https:\/\/www.la-chirurgie-esthetique-maroc.com\/pt-pt\/#organization"},"potentialAction":[{"@type":"SearchAction","target":{"@type":"EntryPoint","urlTemplate":"https:\/\/www.la-chirurgie-esthetique-maroc.com\/pt-pt\/?s={search_term_string}"},"query-input":{"@type":"PropertyValueSpecification","valueRequired":true,"valueName":"search_term_string"}}],"inLanguage":"pt-PT"},{"@type":"Organization","@id":"https:\/\/www.la-chirurgie-esthetique-maroc.com\/pt-pt\/#organization","name":"Chirurgie esthetique Maroc","url":"https:\/\/www.la-chirurgie-esthetique-maroc.com\/pt-pt\/","logo":{"@type":"ImageObject","inLanguage":"pt-PT","@id":"https:\/\/www.la-chirurgie-esthetique-maroc.com\/pt-pt\/#\/schema\/logo\/image\/","url":"https:\/\/www.la-chirurgie-esthetique-maroc.com\/wp-content\/uploads\/2022\/01\/cem3.png","contentUrl":"https:\/\/www.la-chirurgie-esthetique-maroc.com\/wp-content\/uploads\/2022\/01\/cem3.png","width":125,"height":41,"caption":"Chirurgie esthetique Maroc"},"image":{"@id":"https:\/\/www.la-chirurgie-esthetique-maroc.com\/pt-pt\/#\/schema\/logo\/image\/"}}]}},"_links":{"self":[{"href":"https:\/\/www.la-chirurgie-esthetique-maroc.com\/pt-pt\/wp-json\/wp\/v2\/pages\/7740","targetHints":{"allow":["GET"]}}],"collection":[{"href":"https:\/\/www.la-chirurgie-esthetique-maroc.com\/pt-pt\/wp-json\/wp\/v2\/pages"}],"about":[{"href":"https:\/\/www.la-chirurgie-esthetique-maroc.com\/pt-pt\/wp-json\/wp\/v2\/types\/page"}],"author":[{"embeddable":true,"href":"https:\/\/www.la-chirurgie-esthetique-maroc.com\/pt-pt\/wp-json\/wp\/v2\/users\/1"}],"replies":[{"embeddable":true,"href":"https:\/\/www.la-chirurgie-esthetique-maroc.com\/pt-pt\/wp-json\/wp\/v2\/comments?post=7740"}],"version-history":[{"count":10,"href":"https:\/\/www.la-chirurgie-esthetique-maroc.com\/pt-pt\/wp-json\/wp\/v2\/pages\/7740\/revisions"}],"predecessor-version":[{"id":9231,"href":"https:\/\/www.la-chirurgie-esthetique-maroc.com\/pt-pt\/wp-json\/wp\/v2\/pages\/7740\/revisions\/9231"}],"wp:featuredmedia":[{"embeddable":true,"href":"https:\/\/www.la-chirurgie-esthetique-maroc.com\/pt-pt\/wp-json\/wp\/v2\/media\/7562"}],"wp:attachment":[{"href":"https:\/\/www.la-chirurgie-esthetique-maroc.com\/pt-pt\/wp-json\/wp\/v2\/media?parent=7740"}],"curies":[{"name":"wp","href":"https:\/\/api.w.org\/{rel}","templated":true}]}}