{"id":7754,"date":"2018-04-26T15:43:38","date_gmt":"2018-04-26T13:43:38","guid":{"rendered":"https:\/\/www.la-chirurgie-esthetique-maroc.com\/rinoplastia-etnica-de-marrocos\/"},"modified":"2025-02-12T13:02:23","modified_gmt":"2025-02-12T12:02:23","slug":"rinoplastia-etnica","status":"publish","type":"page","link":"https:\/\/www.la-chirurgie-esthetique-maroc.com\/pt-pt\/rinoplastia-etnica\/","title":{"rendered":"Rinoplastia \u00e9tnica de Marrocos"},"content":{"rendered":"\t\t<div data-elementor-type=\"wp-page\" data-elementor-id=\"7754\" class=\"elementor elementor-7754 elementor-1549\">\n\t\t\t\t\t\t<section class=\"elementor-section elementor-top-section elementor-element elementor-element-227f390 elementor-section-boxed elementor-section-height-default elementor-section-height-default\" data-id=\"227f390\" data-element_type=\"section\">\n\t\t\t\t\t\t<div class=\"elementor-container elementor-column-gap-default\">\n\t\t\t\t\t<div class=\"elementor-column elementor-col-100 elementor-top-column elementor-element elementor-element-3ee9ba3 align_content_center\" data-id=\"3ee9ba3\" data-element_type=\"column\">\n\t\t\t<div class=\"elementor-widget-wrap elementor-element-populated\">\n\t\t\t\t\t\t<div class=\"elementor-element elementor-element-ea5e8f8 elementor-widget elementor-widget-text-editor\" data-id=\"ea5e8f8\" data-element_type=\"widget\" data-widget_type=\"text-editor.default\">\n\t\t\t\t<div class=\"elementor-widget-container\">\n\t\t\t\t\t\t\t<p>A <strong>rinoplastia \u00e9tnica de Marrocos<\/strong> \u00e9 o procedimento de cirurgia est\u00e9tica do nariz especificamente reservado \u00e0 correc\u00e7\u00e3o do nariz de pacientes africanos e asi\u00e1ticos. \u00c9 uma rinoplastia que tem em conta as especificidades culturais do nariz, incluindo a forma do nariz \u00e9tnico, para realizar a remodela\u00e7\u00e3o do nariz.<\/p>\n\t\t\t\t\t\t<\/div>\n\t\t\t\t<\/div>\n\t\t\t\t<div class=\"elementor-element elementor-element-3bf6d5d elementor-widget elementor-widget-text-editor\" data-id=\"3bf6d5d\" data-element_type=\"widget\" data-widget_type=\"text-editor.default\">\n\t\t\t\t<div class=\"elementor-widget-container\">\n\t\t\t\t\t\t\t<h2>Pre\u00e7os da rinoplastia \u00e9tnica em Marrocos<\/h2>\nO pre\u00e7o de uma <strong>rinoplastia \u00e9tnica em Marrocos <\/strong>inclui o custo da opera\u00e7\u00e3o, da anestesia e do cirurgi\u00e3o com uma estadia m\u00e9dica com tudo inclu\u00eddo num hotel de luxo. Deve solicitar um or\u00e7amento para saber o pre\u00e7o em dinares e euros.\n\nRinoplastia \u00e9tnica 2350 euros para uma estadia m\u00e9dica com tudo inclu\u00eddo de 5 noites e 6 dias.\t\t\t\t\t\t<\/div>\n\t\t\t\t<\/div>\n\t\t\t\t\t<\/div>\n\t\t<\/div>\n\t\t\t\t\t<\/div>\n\t\t<\/section>\n\t\t\t\t<section class=\"elementor-section elementor-top-section elementor-element elementor-element-e511efb elementor-section-boxed elementor-section-height-default elementor-section-height-default\" data-id=\"e511efb\" data-element_type=\"section\">\n\t\t\t\t\t\t<div class=\"elementor-container elementor-column-gap-default\">\n\t\t\t\t\t<div class=\"elementor-column elementor-col-66 elementor-top-column elementor-element elementor-element-b8a3e6b\" data-id=\"b8a3e6b\" data-element_type=\"column\">\n\t\t\t<div class=\"elementor-widget-wrap elementor-element-populated\">\n\t\t\t\t\t\t<div class=\"elementor-element elementor-element-274b60f elementor-widget elementor-widget-text-editor\" data-id=\"274b60f\" data-element_type=\"widget\" data-widget_type=\"text-editor.default\">\n\t\t\t\t<div class=\"elementor-widget-container\">\n\t\t\t\t\t\t\t<h2>Or\u00e7amento expresso gratuito<\/h2>\n<style>\r\n.whatsapp-button {\r\n    display: inline-block;\r\n    background-color: #25D366;\r\n    font-size: 16px;\r\n    font-weight: bold;\r\n    padding: 12px 20px;\r\n    text-align: center;\r\n    text-decoration: none;\r\n    border-radius: 5px;\r\n    box-shadow: 0 4px 6px rgba(0, 0, 0, 0.1);\r\n    transition: background-color 0.3s ease, transform 0.2s ease;\r\n    color: white!important;\r\n}\r\n\r\n.whatsapp-button:hover {\r\n    background-color: #1EBE54;\r\n    transform: translateY(-2px);\r\n}\r\n\r\n.whatsapp-button:active {\r\n    transform: translateY(0);\r\n}\r\n.align_center {\r\n    display: block;\r\n    text-align: center;\r\n    padding: 30px 0px;\r\n}\r\n<\/style>\r\n\r\n<div class=\"align_center\">\r\n\t<a href=\"https:\/\/api.whatsapp.com\/send?phone=+33635235712&#038;&#038;text=Ol\u00e1, gostaria de conhecer o vosso trabalho e os vossos pre\u00e7os!\"\r\n    class=\"whatsapp-button\" target=\"_blank\">\r\n     Clique aqui para obter um or\u00e7amento gratuito por Whatsapp\r\n<\/a>\r\n<\/div>\t\t\t\t\t\t<\/div>\n\t\t\t\t<\/div>\n\t\t\t\t\t<\/div>\n\t\t<\/div>\n\t\t\t\t<div class=\"elementor-column elementor-col-33 elementor-top-column elementor-element elementor-element-cde47ea\" data-id=\"cde47ea\" data-element_type=\"column\">\n\t\t\t<div class=\"elementor-widget-wrap elementor-element-populated\">\n\t\t\t\t\t\t<div class=\"elementor-element elementor-element-338b19b elementor-widget elementor-widget-image\" data-id=\"338b19b\" data-element_type=\"widget\" data-widget_type=\"image.default\">\n\t\t\t\t<div class=\"elementor-widget-container\">\n\t\t\t\t\t\t\t\t\t\t\t\t\t<img fetchpriority=\"high\" decoding=\"async\" width=\"508\" height=\"554\" src=\"https:\/\/www.la-chirurgie-esthetique-maroc.com\/wp-content\/uploads\/2022\/01\/la-chirurgie-esthetique-maroc_devis-1.webp\" class=\"attachment-large size-large wp-image-7559\" alt=\"\" srcset=\"https:\/\/www.la-chirurgie-esthetique-maroc.com\/wp-content\/uploads\/2022\/01\/la-chirurgie-esthetique-maroc_devis-1.webp 508w, https:\/\/www.la-chirurgie-esthetique-maroc.com\/wp-content\/uploads\/2022\/01\/la-chirurgie-esthetique-maroc_devis-1-275x300.webp 275w\" sizes=\"(max-width: 508px) 100vw, 508px\" \/>\t\t\t\t\t\t\t\t\t\t\t\t\t<\/div>\n\t\t\t\t<\/div>\n\t\t\t\t\t<\/div>\n\t\t<\/div>\n\t\t\t\t\t<\/div>\n\t\t<\/section>\n\t\t\t\t<section class=\"elementor-section elementor-top-section elementor-element elementor-element-700521f bg-color forme_1  elementor-section-boxed elementor-section-height-default elementor-section-height-default\" data-id=\"700521f\" data-element_type=\"section\">\n\t\t\t\t\t\t<div class=\"elementor-container elementor-column-gap-default\">\n\t\t\t\t\t<div class=\"elementor-column elementor-col-100 elementor-top-column elementor-element elementor-element-769ac38\" data-id=\"769ac38\" data-element_type=\"column\">\n\t\t\t<div class=\"elementor-widget-wrap elementor-element-populated\">\n\t\t\t\t\t\t<div class=\"elementor-element elementor-element-572189e elementor-widget elementor-widget-text-editor\" data-id=\"572189e\" data-element_type=\"widget\" data-widget_type=\"text-editor.default\">\n\t\t\t\t<div class=\"elementor-widget-container\">\n\t\t\t\t\t\t\t<h2>Procedimento de rinoplastia \u00e9tnica<\/h2>\nUm trabalho com nariz \u00e9tnico significa, antes de mais, saber quais s\u00e3o os defeitos frequentes do nariz em africanos ou asi\u00e1ticos. No caso de <strong>cirurgia de nariz \u00e9tnico<\/strong>A causa mais comum \u00e9 um desenvolvimento insuficiente da estrutura osteo-cartilaginosa, ou seja, uma falta de desenvolvimento dos ossos e cartilagem do nariz, o que leva a maioria dos pacientes asi\u00e1ticos e africanos a ter um nariz com uma ponte nasal larga e achatada, uma ponta nasal romba e narinas largas.\n\nA correc\u00e7\u00e3o deste defeito pode ser feita seguindo v\u00e1rias t\u00e9cnicas, escolhendo cada cirurgi\u00e3o o m\u00e9todo que mais lhe conv\u00e9m. Mas a <strong>rinoplastia \u00e9tnica em Marrocos <\/strong>\u00e9 realizada sob anestesia geral e dura 1h30 mn. Dependendo do caso de cada paciente, pode ser realizado um enxerto de cartilagem para alongar a projec\u00e7\u00e3o do nariz, ou um implante nasal para elevar a ponta do nariz ou corrigir o achatamento da ponte nasal, ou uma plastia nasal para reduzir narinas largas, ou uma sutura da cartilagem para reduzir a ponta do nariz, ou finalmente uma ressec\u00e7\u00e3o osteo-cartilaginosa para refinar a ponta do nariz e a crista nasal. Em geral, o nariz deve ser reduzido na frente e aumentado no perfil.\t\t\t\t\t\t<\/div>\n\t\t\t\t<\/div>\n\t\t\t\t\t<\/div>\n\t\t<\/div>\n\t\t\t\t\t<\/div>\n\t\t<\/section>\n\t\t\t\t<section class=\"elementor-section elementor-top-section elementor-element elementor-element-407e991 elementor-section-boxed elementor-section-height-default elementor-section-height-default\" data-id=\"407e991\" data-element_type=\"section\">\n\t\t\t\t\t\t<div class=\"elementor-container elementor-column-gap-default\">\n\t\t\t\t\t<div class=\"elementor-column elementor-col-100 elementor-top-column elementor-element elementor-element-1e29101\" data-id=\"1e29101\" data-element_type=\"column\">\n\t\t\t<div class=\"elementor-widget-wrap elementor-element-populated\">\n\t\t\t\t\t\t<div class=\"elementor-element elementor-element-a32971c elementor-widget elementor-widget-text-editor\" data-id=\"a32971c\" data-element_type=\"widget\" data-widget_type=\"text-editor.default\">\n\t\t\t\t<div class=\"elementor-widget-container\">\n\t\t\t\t\t\t\t<h2>Seguimento da rinoplastia \u00e9tnica<\/h2>\nS\u00e3o relativamente simples. A remo\u00e7\u00e3o de bocados e aparelho ser\u00e1 feita como com <a href=\"https:\/\/www.la-chirurgie-esthetique-maroc.com\/pt-pt\/preco-da-rinoplastia-marrocos-vs-preco-da-rinoplastia-tunisia\/\">uma rinoplastia tradicional<\/a>, mas caso contr\u00e1rio \u00e9 raro ter hematomas ap\u00f3s uma pl\u00e1stica \u00e9tnica ao nariz.\n<h2>Resultados da rinoplastia \u00e9tnica<\/h2>\n\u00c9 apreci\u00e1vel ao fim de 3 meses. Mas o resultado final aparece entre o <sup>6\u00ba<\/sup> e o <sup>12\u00ba<\/sup> m\u00eas.\n\nNormalmente um caso de assimetria do nariz que pode exigir uma rinoplastia secund\u00e1ria, e se assim for, ap\u00f3s 6 meses. ou casos de rejei\u00e7\u00e3o de implantes, deslocamento de enxertos, etc.\t\t\t\t\t\t<\/div>\n\t\t\t\t<\/div>\n\t\t\t\t\t<\/div>\n\t\t<\/div>\n\t\t\t\t\t<\/div>\n\t\t<\/section>\n\t\t\t\t<section class=\"elementor-section elementor-top-section elementor-element elementor-element-72a2d26 elementor-section-boxed elementor-section-height-default elementor-section-height-default\" data-id=\"72a2d26\" data-element_type=\"section\">\n\t\t\t\t\t\t<div class=\"elementor-container elementor-column-gap-default\">\n\t\t\t\t\t<div class=\"elementor-column elementor-col-100 elementor-top-column elementor-element elementor-element-2389b44\" data-id=\"2389b44\" data-element_type=\"column\">\n\t\t\t<div class=\"elementor-widget-wrap elementor-element-populated\">\n\t\t\t\t\t\t<div class=\"elementor-element elementor-element-f47475e center elementor-widget elementor-widget-html\" data-id=\"f47475e\" data-element_type=\"widget\" data-widget_type=\"html.default\">\n\t\t\t\t<div class=\"elementor-widget-container\">\n\t\t\t<div class=\"btn_devis btn_intern\"><a href=\"https:\/\/www.la-chirurgie-esthetique-maroc.com\/pt-pt\/citacao\/\"><span>Or\u00e7amento gratuito<\/span><\/a><\/div>\t\t<\/div>\n\t\t\t\t<\/div>\n\t\t\t\t\t<\/div>\n\t\t<\/div>\n\t\t\t\t\t<\/div>\n\t\t<\/section>\n\t\t\t\t<\/div>\n\t\t","protected":false},"excerpt":{"rendered":"<p>A rinoplastia \u00e9tnica de Marrocos \u00e9 o procedimento de cirurgia est\u00e9tica do nariz especificamente reservado \u00e0 correc\u00e7\u00e3o do nariz de pacientes africanos e asi\u00e1ticos. \u00c9 uma rinoplastia que tem em conta as especificidades culturais do nariz, incluindo a forma do nariz \u00e9tnico, para realizar a remodela\u00e7\u00e3o do nariz. Pre\u00e7os da rinoplastia \u00e9tnica em Marrocos O [&hellip;]<\/p>\n","protected":false},"author":2,"featured_media":7562,"parent":0,"menu_order":0,"comment_status":"closed","ping_status":"closed","template":"","meta":{"footnotes":""},"class_list":["post-7754","page","type-page","status-publish","has-post-thumbnail","hentry"],"yoast_head":"<!-- This site is optimized with the Yoast SEO plugin v27.5 - https:\/\/yoast.com\/product\/yoast-seo-wordpress\/ -->\n<title>Rinoplastia \u00e9tnica Marrocos: pre\u00e7os das cirurgias do nariz africano e asi\u00e1tico<\/title>\n<meta name=\"description\" content=\"Rinoplastia \u00e9tnica Marrocos: cirurgia est\u00e9tica do nariz para pacientes africanos e asi\u00e1ticos com uma estadia m\u00e9dica com tudo inclu\u00eddo.\" \/>\n<meta name=\"robots\" content=\"index, follow, max-snippet:-1, max-image-preview:large, max-video-preview:-1\" \/>\n<link rel=\"canonical\" href=\"https:\/\/www.la-chirurgie-esthetique-maroc.com\/pt-pt\/rinoplastia-etnica\/\" \/>\n<meta property=\"og:locale\" content=\"pt_PT\" \/>\n<meta property=\"og:type\" content=\"article\" \/>\n<meta property=\"og:title\" content=\"Rinoplastia \u00e9tnica Marrocos: pre\u00e7os das cirurgias do nariz africano e asi\u00e1tico\" \/>\n<meta property=\"og:description\" content=\"Rinoplastia \u00e9tnica Marrocos: cirurgia est\u00e9tica do nariz para pacientes africanos e asi\u00e1ticos com uma estadia m\u00e9dica com tudo inclu\u00eddo.\" \/>\n<meta property=\"og:url\" content=\"https:\/\/www.la-chirurgie-esthetique-maroc.com\/pt-pt\/rinoplastia-etnica\/\" \/>\n<meta property=\"og:site_name\" content=\"Chirurgie esthetique Maroc\" \/>\n<meta property=\"article:modified_time\" content=\"2025-02-12T12:02:23+00:00\" \/>\n<meta property=\"og:image\" content=\"https:\/\/www.la-chirurgie-esthetique-maroc.com\/wp-content\/uploads\/2022\/01\/header_visage.png\" \/>\n\t<meta property=\"og:image:width\" content=\"552\" \/>\n\t<meta property=\"og:image:height\" content=\"612\" \/>\n\t<meta property=\"og:image:type\" content=\"image\/png\" \/>\n<meta name=\"twitter:card\" content=\"summary_large_image\" \/>\n<meta name=\"twitter:label1\" content=\"Tempo estimado de leitura\" \/>\n\t<meta name=\"twitter:data1\" content=\"3 minutos\" \/>\n<!-- \/ Yoast SEO plugin. -->","yoast_head_json":{"title":"Rinoplastia \u00e9tnica Marrocos: pre\u00e7os das cirurgias do nariz africano e asi\u00e1tico","description":"Rinoplastia \u00e9tnica Marrocos: cirurgia est\u00e9tica do nariz para pacientes africanos e asi\u00e1ticos com uma estadia m\u00e9dica com tudo inclu\u00eddo.","robots":{"index":"index","follow":"follow","max-snippet":"max-snippet:-1","max-image-preview":"max-image-preview:large","max-video-preview":"max-video-preview:-1"},"canonical":"https:\/\/www.la-chirurgie-esthetique-maroc.com\/pt-pt\/rinoplastia-etnica\/","og_locale":"pt_PT","og_type":"article","og_title":"Rinoplastia \u00e9tnica Marrocos: pre\u00e7os das cirurgias do nariz africano e asi\u00e1tico","og_description":"Rinoplastia \u00e9tnica Marrocos: cirurgia est\u00e9tica do nariz para pacientes africanos e asi\u00e1ticos com uma estadia m\u00e9dica com tudo inclu\u00eddo.","og_url":"https:\/\/www.la-chirurgie-esthetique-maroc.com\/pt-pt\/rinoplastia-etnica\/","og_site_name":"Chirurgie esthetique Maroc","article_modified_time":"2025-02-12T12:02:23+00:00","og_image":[{"width":552,"height":612,"url":"https:\/\/www.la-chirurgie-esthetique-maroc.com\/wp-content\/uploads\/2022\/01\/header_visage.png","type":"image\/png"}],"twitter_card":"summary_large_image","twitter_misc":{"Tempo estimado de leitura":"3 minutos"},"schema":{"@context":"https:\/\/schema.org","@graph":[{"@type":"WebPage","@id":"https:\/\/www.la-chirurgie-esthetique-maroc.com\/pt-pt\/rinoplastia-etnica\/","url":"https:\/\/www.la-chirurgie-esthetique-maroc.com\/pt-pt\/rinoplastia-etnica\/","name":"Rinoplastia \u00e9tnica Marrocos: pre\u00e7os das cirurgias do nariz africano e asi\u00e1tico","isPartOf":{"@id":"https:\/\/www.la-chirurgie-esthetique-maroc.com\/pt-pt\/#website"},"primaryImageOfPage":{"@id":"https:\/\/www.la-chirurgie-esthetique-maroc.com\/pt-pt\/rinoplastia-etnica\/#primaryimage"},"image":{"@id":"https:\/\/www.la-chirurgie-esthetique-maroc.com\/pt-pt\/rinoplastia-etnica\/#primaryimage"},"thumbnailUrl":"https:\/\/www.la-chirurgie-esthetique-maroc.com\/wp-content\/uploads\/2022\/01\/header_visage.png","datePublished":"2018-04-26T13:43:38+00:00","dateModified":"2025-02-12T12:02:23+00:00","description":"Rinoplastia \u00e9tnica Marrocos: cirurgia est\u00e9tica do nariz para pacientes africanos e asi\u00e1ticos com uma estadia m\u00e9dica com tudo inclu\u00eddo.","breadcrumb":{"@id":"https:\/\/www.la-chirurgie-esthetique-maroc.com\/pt-pt\/rinoplastia-etnica\/#breadcrumb"},"inLanguage":"pt-PT","potentialAction":[{"@type":"ReadAction","target":["https:\/\/www.la-chirurgie-esthetique-maroc.com\/pt-pt\/rinoplastia-etnica\/"]}]},{"@type":"ImageObject","inLanguage":"pt-PT","@id":"https:\/\/www.la-chirurgie-esthetique-maroc.com\/pt-pt\/rinoplastia-etnica\/#primaryimage","url":"https:\/\/www.la-chirurgie-esthetique-maroc.com\/wp-content\/uploads\/2022\/01\/header_visage.png","contentUrl":"https:\/\/www.la-chirurgie-esthetique-maroc.com\/wp-content\/uploads\/2022\/01\/header_visage.png","width":552,"height":612},{"@type":"BreadcrumbList","@id":"https:\/\/www.la-chirurgie-esthetique-maroc.com\/pt-pt\/rinoplastia-etnica\/#breadcrumb","itemListElement":[{"@type":"ListItem","position":1,"name":"Accueil","item":"https:\/\/www.la-chirurgie-esthetique-maroc.com\/pt-pt\/"},{"@type":"ListItem","position":2,"name":"Rinoplastia \u00e9tnica de Marrocos"}]},{"@type":"WebSite","@id":"https:\/\/www.la-chirurgie-esthetique-maroc.com\/pt-pt\/#website","url":"https:\/\/www.la-chirurgie-esthetique-maroc.com\/pt-pt\/","name":"Chirurgie esthetique Maroc","description":"","publisher":{"@id":"https:\/\/www.la-chirurgie-esthetique-maroc.com\/pt-pt\/#organization"},"potentialAction":[{"@type":"SearchAction","target":{"@type":"EntryPoint","urlTemplate":"https:\/\/www.la-chirurgie-esthetique-maroc.com\/pt-pt\/?s={search_term_string}"},"query-input":{"@type":"PropertyValueSpecification","valueRequired":true,"valueName":"search_term_string"}}],"inLanguage":"pt-PT"},{"@type":"Organization","@id":"https:\/\/www.la-chirurgie-esthetique-maroc.com\/pt-pt\/#organization","name":"Chirurgie esthetique Maroc","url":"https:\/\/www.la-chirurgie-esthetique-maroc.com\/pt-pt\/","logo":{"@type":"ImageObject","inLanguage":"pt-PT","@id":"https:\/\/www.la-chirurgie-esthetique-maroc.com\/pt-pt\/#\/schema\/logo\/image\/","url":"https:\/\/www.la-chirurgie-esthetique-maroc.com\/wp-content\/uploads\/2022\/01\/cem3.png","contentUrl":"https:\/\/www.la-chirurgie-esthetique-maroc.com\/wp-content\/uploads\/2022\/01\/cem3.png","width":125,"height":41,"caption":"Chirurgie esthetique Maroc"},"image":{"@id":"https:\/\/www.la-chirurgie-esthetique-maroc.com\/pt-pt\/#\/schema\/logo\/image\/"}}]}},"_links":{"self":[{"href":"https:\/\/www.la-chirurgie-esthetique-maroc.com\/pt-pt\/wp-json\/wp\/v2\/pages\/7754","targetHints":{"allow":["GET"]}}],"collection":[{"href":"https:\/\/www.la-chirurgie-esthetique-maroc.com\/pt-pt\/wp-json\/wp\/v2\/pages"}],"about":[{"href":"https:\/\/www.la-chirurgie-esthetique-maroc.com\/pt-pt\/wp-json\/wp\/v2\/types\/page"}],"author":[{"embeddable":true,"href":"https:\/\/www.la-chirurgie-esthetique-maroc.com\/pt-pt\/wp-json\/wp\/v2\/users\/2"}],"replies":[{"embeddable":true,"href":"https:\/\/www.la-chirurgie-esthetique-maroc.com\/pt-pt\/wp-json\/wp\/v2\/comments?post=7754"}],"version-history":[{"count":10,"href":"https:\/\/www.la-chirurgie-esthetique-maroc.com\/pt-pt\/wp-json\/wp\/v2\/pages\/7754\/revisions"}],"predecessor-version":[{"id":9264,"href":"https:\/\/www.la-chirurgie-esthetique-maroc.com\/pt-pt\/wp-json\/wp\/v2\/pages\/7754\/revisions\/9264"}],"wp:featuredmedia":[{"embeddable":true,"href":"https:\/\/www.la-chirurgie-esthetique-maroc.com\/pt-pt\/wp-json\/wp\/v2\/media\/7562"}],"wp:attachment":[{"href":"https:\/\/www.la-chirurgie-esthetique-maroc.com\/pt-pt\/wp-json\/wp\/v2\/media?parent=7754"}],"curies":[{"name":"wp","href":"https:\/\/api.w.org\/{rel}","templated":true}]}}