{"id":7763,"date":"2018-04-26T11:53:03","date_gmt":"2018-04-26T09:53:03","guid":{"rendered":"https:\/\/www.la-chirurgie-esthetique-maroc.com\/septoplastia-marrocos\/"},"modified":"2025-02-12T13:02:30","modified_gmt":"2025-02-12T12:02:30","slug":"septoplastia","status":"publish","type":"page","link":"https:\/\/www.la-chirurgie-esthetique-maroc.com\/pt-pt\/septoplastia\/","title":{"rendered":"Septoplastia Marrocos"},"content":{"rendered":"\t\t<div data-elementor-type=\"wp-page\" data-elementor-id=\"7763\" class=\"elementor elementor-7763 elementor-1515\">\n\t\t\t\t\t\t<section class=\"elementor-section elementor-top-section elementor-element elementor-element-5d30443 elementor-section-boxed elementor-section-height-default elementor-section-height-default\" data-id=\"5d30443\" data-element_type=\"section\">\n\t\t\t\t\t\t<div class=\"elementor-container elementor-column-gap-default\">\n\t\t\t\t\t<div class=\"elementor-column elementor-col-100 elementor-top-column elementor-element elementor-element-114061f align_content_center\" data-id=\"114061f\" data-element_type=\"column\">\n\t\t\t<div class=\"elementor-widget-wrap elementor-element-populated\">\n\t\t\t\t\t\t<div class=\"elementor-element elementor-element-97447c2 elementor-widget elementor-widget-text-editor\" data-id=\"97447c2\" data-element_type=\"widget\" data-widget_type=\"text-editor.default\">\n\t\t\t\t<div class=\"elementor-widget-container\">\n\t\t\t\t\t\t\t<p>A <strong>septoplastia marroquina<\/strong> \u00e9 um procedimento cir\u00fargico do nariz dedicado \u00e0 correc\u00e7\u00e3o cir\u00fargica do desvio do septo nasal. Um desvio septal, para al\u00e9m dos problemas respirat\u00f3rios que pode causar, pode levar a uma deformidade externa do nariz. Se for necess\u00e1rio corrigir a deforma\u00e7\u00e3o do nariz, ser\u00e1 realizada uma rinoseptoplastia, ou seja, uma cirurgia do nariz para fins funcionais e est\u00e9ticos.<\/p>\n\t\t\t\t\t\t<\/div>\n\t\t\t\t<\/div>\n\t\t\t\t<div class=\"elementor-element elementor-element-12e1378 elementor-widget elementor-widget-text-editor\" data-id=\"12e1378\" data-element_type=\"widget\" data-widget_type=\"text-editor.default\">\n\t\t\t\t<div class=\"elementor-widget-container\">\n\t\t\t\t\t\t\t<h2>Pre\u00e7os da septoplastia em Marrocos<\/h2>\nO <strong>pre\u00e7o de uma septoplastia em Marrocos<\/strong> \u00e9 o mais barato na nossa cl\u00ednica e inclui os honor\u00e1rios do anestesista e do cirurgi\u00e3o com o custo de alojamento em hotel. Para obter o pre\u00e7o da opera\u00e7\u00e3o de septoplastia com todas as informa\u00e7\u00f5es, \u00e9 necess\u00e1rio solicitar um or\u00e7amento. Para obter os pre\u00e7os em dinares, deve tamb\u00e9m solicitar um or\u00e7amento.\t\t\t\t\t\t<\/div>\n\t\t\t\t<\/div>\n\t\t\t\t\t<\/div>\n\t\t<\/div>\n\t\t\t\t\t<\/div>\n\t\t<\/section>\n\t\t\t\t<section class=\"elementor-section elementor-top-section elementor-element elementor-element-0b6d406 elementor-section-boxed elementor-section-height-default elementor-section-height-default\" data-id=\"0b6d406\" data-element_type=\"section\">\n\t\t\t\t\t\t<div class=\"elementor-container elementor-column-gap-default\">\n\t\t\t\t\t<div class=\"elementor-column elementor-col-100 elementor-top-column elementor-element elementor-element-ec6adfd\" data-id=\"ec6adfd\" data-element_type=\"column\">\n\t\t\t<div class=\"elementor-widget-wrap\">\n\t\t\t\t\t\t\t<\/div>\n\t\t<\/div>\n\t\t\t\t\t<\/div>\n\t\t<\/section>\n\t\t\t\t<section class=\"elementor-section elementor-top-section elementor-element elementor-element-84480a9 elementor-section-boxed elementor-section-height-default elementor-section-height-default\" data-id=\"84480a9\" data-element_type=\"section\">\n\t\t\t\t\t\t<div class=\"elementor-container elementor-column-gap-default\">\n\t\t\t\t\t<div class=\"elementor-column elementor-col-66 elementor-top-column elementor-element elementor-element-aa96aa7\" data-id=\"aa96aa7\" data-element_type=\"column\">\n\t\t\t<div class=\"elementor-widget-wrap elementor-element-populated\">\n\t\t\t\t\t\t<div class=\"elementor-element elementor-element-a639ef1 elementor-widget elementor-widget-text-editor\" data-id=\"a639ef1\" data-element_type=\"widget\" data-widget_type=\"text-editor.default\">\n\t\t\t\t<div class=\"elementor-widget-container\">\n\t\t\t\t\t\t\t<h2>Or\u00e7amento expresso gratuito<\/h2>\n<style>\r\n.whatsapp-button {\r\n    display: inline-block;\r\n    background-color: #25D366;\r\n    font-size: 16px;\r\n    font-weight: bold;\r\n    padding: 12px 20px;\r\n    text-align: center;\r\n    text-decoration: none;\r\n    border-radius: 5px;\r\n    box-shadow: 0 4px 6px rgba(0, 0, 0, 0.1);\r\n    transition: background-color 0.3s ease, transform 0.2s ease;\r\n    color: white!important;\r\n}\r\n\r\n.whatsapp-button:hover {\r\n    background-color: #1EBE54;\r\n    transform: translateY(-2px);\r\n}\r\n\r\n.whatsapp-button:active {\r\n    transform: translateY(0);\r\n}\r\n.align_center {\r\n    display: block;\r\n    text-align: center;\r\n    padding: 30px 0px;\r\n}\r\n<\/style>\r\n\r\n<div class=\"align_center\">\r\n\t<a href=\"https:\/\/api.whatsapp.com\/send?phone=+33635235712&#038;&#038;text=Ol\u00e1, gostaria de conhecer o vosso trabalho e os vossos pre\u00e7os!\"\r\n    class=\"whatsapp-button\" target=\"_blank\">\r\n     Clique aqui para obter um or\u00e7amento gratuito por Whatsapp\r\n<\/a>\r\n<\/div>\t\t\t\t\t\t<\/div>\n\t\t\t\t<\/div>\n\t\t\t\t\t<\/div>\n\t\t<\/div>\n\t\t\t\t<div class=\"elementor-column elementor-col-33 elementor-top-column elementor-element elementor-element-0f71f80\" data-id=\"0f71f80\" data-element_type=\"column\">\n\t\t\t<div class=\"elementor-widget-wrap elementor-element-populated\">\n\t\t\t\t\t\t<div class=\"elementor-element elementor-element-1050b37 elementor-widget elementor-widget-image\" data-id=\"1050b37\" data-element_type=\"widget\" data-widget_type=\"image.default\">\n\t\t\t\t<div class=\"elementor-widget-container\">\n\t\t\t\t\t\t\t\t\t\t\t\t\t<img fetchpriority=\"high\" decoding=\"async\" width=\"508\" height=\"554\" src=\"https:\/\/www.la-chirurgie-esthetique-maroc.com\/wp-content\/uploads\/2022\/01\/la-chirurgie-esthetique-maroc_devis-1.webp\" class=\"attachment-large size-large wp-image-7559\" alt=\"\" srcset=\"https:\/\/www.la-chirurgie-esthetique-maroc.com\/wp-content\/uploads\/2022\/01\/la-chirurgie-esthetique-maroc_devis-1.webp 508w, https:\/\/www.la-chirurgie-esthetique-maroc.com\/wp-content\/uploads\/2022\/01\/la-chirurgie-esthetique-maroc_devis-1-275x300.webp 275w\" sizes=\"(max-width: 508px) 100vw, 508px\" \/>\t\t\t\t\t\t\t\t\t\t\t\t\t<\/div>\n\t\t\t\t<\/div>\n\t\t\t\t\t<\/div>\n\t\t<\/div>\n\t\t\t\t\t<\/div>\n\t\t<\/section>\n\t\t\t\t<section class=\"elementor-section elementor-top-section elementor-element elementor-element-28e157d bg-color forme_1  elementor-section-boxed elementor-section-height-default elementor-section-height-default\" data-id=\"28e157d\" data-element_type=\"section\">\n\t\t\t\t\t\t<div class=\"elementor-container elementor-column-gap-default\">\n\t\t\t\t\t<div class=\"elementor-column elementor-col-100 elementor-top-column elementor-element elementor-element-7dec053\" data-id=\"7dec053\" data-element_type=\"column\">\n\t\t\t<div class=\"elementor-widget-wrap elementor-element-populated\">\n\t\t\t\t\t\t<div class=\"elementor-element elementor-element-056e606 elementor-widget elementor-widget-text-editor\" data-id=\"056e606\" data-element_type=\"widget\" data-widget_type=\"text-editor.default\">\n\t\t\t\t<div class=\"elementor-widget-container\">\n\t\t\t\t\t\t\t<h2>Procedimento para septoplastia<\/h2>\nO principal objectivo da repara\u00e7\u00e3o cir\u00fargica do septo nasal \u00e9 corrigir a obstru\u00e7\u00e3o nasal associada ao desvio do septo nasal. O procedimento pode demorar at\u00e9 30 minutos e \u00e9 realizado sob anestesia geral.\n\nA remodela\u00e7\u00e3o e alisamento do septo nasal n\u00e3o requer cicatrizes externas. \u00c9 feita uma incis\u00e3o no nariz para separar a cartilagem e o osso que comp\u00f5e o septo e remodel\u00e1-lo.\n\nDepois de endireitar o septo nasal, o cirurgi\u00e3o costura o tecido que o cobre e introduz mechas nas narinas para evitar o risco de hemorragia. Trata-se de uma cirurgia ambulatorial.\t\t\t\t\t\t<\/div>\n\t\t\t\t<\/div>\n\t\t\t\t<section class=\"elementor-section elementor-inner-section elementor-element elementor-element-2ec0976 elementor-section-boxed elementor-section-height-default elementor-section-height-default\" data-id=\"2ec0976\" data-element_type=\"section\">\n\t\t\t\t\t\t<div class=\"elementor-container elementor-column-gap-default\">\n\t\t\t\t\t<div class=\"elementor-column elementor-col-100 elementor-inner-column elementor-element elementor-element-72da62d align_content_center\" data-id=\"72da62d\" data-element_type=\"column\">\n\t\t\t<div class=\"elementor-widget-wrap elementor-element-populated\">\n\t\t\t\t\t\t<div class=\"elementor-element elementor-element-58e12c8 elementor-widget elementor-widget-text-editor\" data-id=\"58e12c8\" data-element_type=\"widget\" data-widget_type=\"text-editor.default\">\n\t\t\t\t<div class=\"elementor-widget-container\">\n\t\t\t\t\t\t\t<h2>Septoplastia p\u00f3s-operat\u00f3ria<\/h2>\nOs dias ap\u00f3s a<strong>opera\u00e7\u00e3o de septoplastia marroquina<\/strong> podem ser marcados por frequentes obstru\u00e7\u00f5es nasais. A melhor maneira de prevenir a forma\u00e7\u00e3o de crostas no nariz \u00e9 lavar diariamente as cavidades nasais. A remo\u00e7\u00e3o das suturas n\u00e3o \u00e9 necess\u00e1ria, uma vez que s\u00e3o normalmente absorv\u00edveis.\t\t\t\t\t\t<\/div>\n\t\t\t\t<\/div>\n\t\t\t\t\t<\/div>\n\t\t<\/div>\n\t\t\t\t\t<\/div>\n\t\t<\/section>\n\t\t\t\t\t<\/div>\n\t\t<\/div>\n\t\t\t\t\t<\/div>\n\t\t<\/section>\n\t\t\t\t<section class=\"elementor-section elementor-top-section elementor-element elementor-element-5c0924ec elementor-section-boxed elementor-section-height-default elementor-section-height-default\" data-id=\"5c0924ec\" data-element_type=\"section\">\n\t\t\t\t\t\t<div class=\"elementor-container elementor-column-gap-default\">\n\t\t\t\t\t<div class=\"elementor-column elementor-col-100 elementor-top-column elementor-element elementor-element-44b457f\" data-id=\"44b457f\" data-element_type=\"column\">\n\t\t\t<div class=\"elementor-widget-wrap elementor-element-populated\">\n\t\t\t\t\t\t<div class=\"elementor-element elementor-element-5824ea08 elementor-widget elementor-widget-text-editor\" data-id=\"5824ea08\" data-element_type=\"widget\" data-widget_type=\"text-editor.default\">\n\t\t\t\t<div class=\"elementor-widget-container\">\n\t\t\t\t\t\t\t\n<h2>Resultado da septoplastia<\/h2>\nO resultado final \u00e9 alcan\u00e7ado ap\u00f3s 6 meses ou mesmo 1 ano. Geralmente, est\u00e3o programadas 3 sess\u00f5es de acompanhamento durante os 6 meses seguintes. O procedimento permite desbloquear as vias respirat\u00f3rias, tratar hemorragias, dores de cabe\u00e7a ou sinusite ligadas ao desvio do septo nasal.\n\nPoss\u00edveis complica\u00e7\u00f5es ou riscos de <strong>cirurgia de desvio nasal<\/strong> incluem perfura\u00e7\u00e3o do septo, sela nasal, retrac\u00e7\u00e3o da columela, e nariz seco. Alguns destes problemas, como a perfura\u00e7\u00e3o septal, podem ser resolvidos atrav\u00e9s de <strong>septoplastia<\/strong> endosc\u00f3pica, uma vez que o procedimento cir\u00fargico \u00e9 mais preciso.\t\t\t\t\t\t<\/div>\n\t\t\t\t<\/div>\n\t\t\t\t\t<\/div>\n\t\t<\/div>\n\t\t\t\t\t<\/div>\n\t\t<\/section>\n\t\t\t\t<section class=\"elementor-section elementor-top-section elementor-element elementor-element-2fa51e7 elementor-section-boxed elementor-section-height-default elementor-section-height-default\" data-id=\"2fa51e7\" data-element_type=\"section\">\n\t\t\t\t\t\t<div class=\"elementor-container elementor-column-gap-default\">\n\t\t\t\t\t<div class=\"elementor-column elementor-col-100 elementor-top-column elementor-element elementor-element-db552e3\" data-id=\"db552e3\" data-element_type=\"column\">\n\t\t\t<div class=\"elementor-widget-wrap elementor-element-populated\">\n\t\t\t\t\t\t<div class=\"elementor-element elementor-element-a15ed53 center elementor-widget elementor-widget-html\" data-id=\"a15ed53\" data-element_type=\"widget\" data-widget_type=\"html.default\">\n\t\t\t\t<div class=\"elementor-widget-container\">\n\t\t\t<div class=\"btn_devis btn_intern\"><a href=\"https:\/\/www.la-chirurgie-esthetique-maroc.com\/pt-pt\/citacao\/\"><span>Or\u00e7amento gratuito<\/span><\/a><\/div>\t\t<\/div>\n\t\t\t\t<\/div>\n\t\t\t\t\t<\/div>\n\t\t<\/div>\n\t\t\t\t\t<\/div>\n\t\t<\/section>\n\t\t\t\t<\/div>\n\t\t","protected":false},"excerpt":{"rendered":"<p>A septoplastia marroquina \u00e9 um procedimento cir\u00fargico do nariz dedicado \u00e0 correc\u00e7\u00e3o cir\u00fargica do desvio do septo nasal. Um desvio septal, para al\u00e9m dos problemas respirat\u00f3rios que pode causar, pode levar a uma deformidade externa do nariz. Se for necess\u00e1rio corrigir a deforma\u00e7\u00e3o do nariz, ser\u00e1 realizada uma rinoseptoplastia, ou seja, uma cirurgia do nariz [&hellip;]<\/p>\n","protected":false},"author":2,"featured_media":7562,"parent":0,"menu_order":0,"comment_status":"closed","ping_status":"closed","template":"","meta":{"footnotes":""},"class_list":["post-7763","page","type-page","status-publish","has-post-thumbnail","hentry"],"yoast_head":"<!-- This site is optimized with the Yoast SEO plugin v27.4 - https:\/\/yoast.com\/product\/yoast-seo-wordpress\/ -->\n<title>Septoplastia Marrocos : pre\u00e7o da cirurgia para corrigir desvio nasal<\/title>\n<meta name=\"description\" content=\"Septoplastia Marrocos : cirurgia para a correc\u00e7\u00e3o do desvio nasal com um pre\u00e7o barato. Cota\u00e7\u00e3o gratuita e personalizada.\" \/>\n<meta name=\"robots\" content=\"index, follow, max-snippet:-1, max-image-preview:large, max-video-preview:-1\" \/>\n<link rel=\"canonical\" href=\"https:\/\/www.la-chirurgie-esthetique-maroc.com\/pt-pt\/septoplastia\/\" \/>\n<meta property=\"og:locale\" content=\"pt_PT\" \/>\n<meta property=\"og:type\" content=\"article\" \/>\n<meta property=\"og:title\" content=\"Septoplastia Marrocos : pre\u00e7o da cirurgia para corrigir desvio nasal\" \/>\n<meta property=\"og:description\" content=\"Septoplastia Marrocos : cirurgia para a correc\u00e7\u00e3o do desvio nasal com um pre\u00e7o barato. Cota\u00e7\u00e3o gratuita e personalizada.\" \/>\n<meta property=\"og:url\" content=\"https:\/\/www.la-chirurgie-esthetique-maroc.com\/pt-pt\/septoplastia\/\" \/>\n<meta property=\"og:site_name\" content=\"Chirurgie esthetique Maroc\" \/>\n<meta property=\"article:modified_time\" content=\"2025-02-12T12:02:30+00:00\" \/>\n<meta property=\"og:image\" content=\"https:\/\/www.la-chirurgie-esthetique-maroc.com\/wp-content\/uploads\/2022\/01\/header_visage.png\" \/>\n\t<meta property=\"og:image:width\" content=\"552\" \/>\n\t<meta property=\"og:image:height\" content=\"612\" \/>\n\t<meta property=\"og:image:type\" content=\"image\/png\" \/>\n<meta name=\"twitter:card\" content=\"summary_large_image\" \/>\n<meta name=\"twitter:label1\" content=\"Tempo estimado de leitura\" \/>\n\t<meta name=\"twitter:data1\" content=\"3 minutos\" \/>\n<!-- \/ Yoast SEO plugin. -->","yoast_head_json":{"title":"Septoplastia Marrocos : pre\u00e7o da cirurgia para corrigir desvio nasal","description":"Septoplastia Marrocos : cirurgia para a correc\u00e7\u00e3o do desvio nasal com um pre\u00e7o barato. Cota\u00e7\u00e3o gratuita e personalizada.","robots":{"index":"index","follow":"follow","max-snippet":"max-snippet:-1","max-image-preview":"max-image-preview:large","max-video-preview":"max-video-preview:-1"},"canonical":"https:\/\/www.la-chirurgie-esthetique-maroc.com\/pt-pt\/septoplastia\/","og_locale":"pt_PT","og_type":"article","og_title":"Septoplastia Marrocos : pre\u00e7o da cirurgia para corrigir desvio nasal","og_description":"Septoplastia Marrocos : cirurgia para a correc\u00e7\u00e3o do desvio nasal com um pre\u00e7o barato. Cota\u00e7\u00e3o gratuita e personalizada.","og_url":"https:\/\/www.la-chirurgie-esthetique-maroc.com\/pt-pt\/septoplastia\/","og_site_name":"Chirurgie esthetique Maroc","article_modified_time":"2025-02-12T12:02:30+00:00","og_image":[{"width":552,"height":612,"url":"https:\/\/www.la-chirurgie-esthetique-maroc.com\/wp-content\/uploads\/2022\/01\/header_visage.png","type":"image\/png"}],"twitter_card":"summary_large_image","twitter_misc":{"Tempo estimado de leitura":"3 minutos"},"schema":{"@context":"https:\/\/schema.org","@graph":[{"@type":"WebPage","@id":"https:\/\/www.la-chirurgie-esthetique-maroc.com\/pt-pt\/septoplastia\/","url":"https:\/\/www.la-chirurgie-esthetique-maroc.com\/pt-pt\/septoplastia\/","name":"Septoplastia Marrocos : pre\u00e7o da cirurgia para corrigir desvio nasal","isPartOf":{"@id":"https:\/\/www.la-chirurgie-esthetique-maroc.com\/pt-pt\/#website"},"primaryImageOfPage":{"@id":"https:\/\/www.la-chirurgie-esthetique-maroc.com\/pt-pt\/septoplastia\/#primaryimage"},"image":{"@id":"https:\/\/www.la-chirurgie-esthetique-maroc.com\/pt-pt\/septoplastia\/#primaryimage"},"thumbnailUrl":"https:\/\/www.la-chirurgie-esthetique-maroc.com\/wp-content\/uploads\/2022\/01\/header_visage.png","datePublished":"2018-04-26T09:53:03+00:00","dateModified":"2025-02-12T12:02:30+00:00","description":"Septoplastia Marrocos : cirurgia para a correc\u00e7\u00e3o do desvio nasal com um pre\u00e7o barato. Cota\u00e7\u00e3o gratuita e personalizada.","breadcrumb":{"@id":"https:\/\/www.la-chirurgie-esthetique-maroc.com\/pt-pt\/septoplastia\/#breadcrumb"},"inLanguage":"pt-PT","potentialAction":[{"@type":"ReadAction","target":["https:\/\/www.la-chirurgie-esthetique-maroc.com\/pt-pt\/septoplastia\/"]}]},{"@type":"ImageObject","inLanguage":"pt-PT","@id":"https:\/\/www.la-chirurgie-esthetique-maroc.com\/pt-pt\/septoplastia\/#primaryimage","url":"https:\/\/www.la-chirurgie-esthetique-maroc.com\/wp-content\/uploads\/2022\/01\/header_visage.png","contentUrl":"https:\/\/www.la-chirurgie-esthetique-maroc.com\/wp-content\/uploads\/2022\/01\/header_visage.png","width":552,"height":612},{"@type":"BreadcrumbList","@id":"https:\/\/www.la-chirurgie-esthetique-maroc.com\/pt-pt\/septoplastia\/#breadcrumb","itemListElement":[{"@type":"ListItem","position":1,"name":"Accueil","item":"https:\/\/www.la-chirurgie-esthetique-maroc.com\/pt-pt\/"},{"@type":"ListItem","position":2,"name":"Septoplastia Marrocos"}]},{"@type":"WebSite","@id":"https:\/\/www.la-chirurgie-esthetique-maroc.com\/pt-pt\/#website","url":"https:\/\/www.la-chirurgie-esthetique-maroc.com\/pt-pt\/","name":"Chirurgie esthetique Maroc","description":"","publisher":{"@id":"https:\/\/www.la-chirurgie-esthetique-maroc.com\/pt-pt\/#organization"},"potentialAction":[{"@type":"SearchAction","target":{"@type":"EntryPoint","urlTemplate":"https:\/\/www.la-chirurgie-esthetique-maroc.com\/pt-pt\/?s={search_term_string}"},"query-input":{"@type":"PropertyValueSpecification","valueRequired":true,"valueName":"search_term_string"}}],"inLanguage":"pt-PT"},{"@type":"Organization","@id":"https:\/\/www.la-chirurgie-esthetique-maroc.com\/pt-pt\/#organization","name":"Chirurgie esthetique Maroc","url":"https:\/\/www.la-chirurgie-esthetique-maroc.com\/pt-pt\/","logo":{"@type":"ImageObject","inLanguage":"pt-PT","@id":"https:\/\/www.la-chirurgie-esthetique-maroc.com\/pt-pt\/#\/schema\/logo\/image\/","url":"https:\/\/www.la-chirurgie-esthetique-maroc.com\/wp-content\/uploads\/2022\/01\/cem3.png","contentUrl":"https:\/\/www.la-chirurgie-esthetique-maroc.com\/wp-content\/uploads\/2022\/01\/cem3.png","width":125,"height":41,"caption":"Chirurgie esthetique Maroc"},"image":{"@id":"https:\/\/www.la-chirurgie-esthetique-maroc.com\/pt-pt\/#\/schema\/logo\/image\/"}}]}},"_links":{"self":[{"href":"https:\/\/www.la-chirurgie-esthetique-maroc.com\/pt-pt\/wp-json\/wp\/v2\/pages\/7763","targetHints":{"allow":["GET"]}}],"collection":[{"href":"https:\/\/www.la-chirurgie-esthetique-maroc.com\/pt-pt\/wp-json\/wp\/v2\/pages"}],"about":[{"href":"https:\/\/www.la-chirurgie-esthetique-maroc.com\/pt-pt\/wp-json\/wp\/v2\/types\/page"}],"author":[{"embeddable":true,"href":"https:\/\/www.la-chirurgie-esthetique-maroc.com\/pt-pt\/wp-json\/wp\/v2\/users\/2"}],"replies":[{"embeddable":true,"href":"https:\/\/www.la-chirurgie-esthetique-maroc.com\/pt-pt\/wp-json\/wp\/v2\/comments?post=7763"}],"version-history":[{"count":10,"href":"https:\/\/www.la-chirurgie-esthetique-maroc.com\/pt-pt\/wp-json\/wp\/v2\/pages\/7763\/revisions"}],"predecessor-version":[{"id":9267,"href":"https:\/\/www.la-chirurgie-esthetique-maroc.com\/pt-pt\/wp-json\/wp\/v2\/pages\/7763\/revisions\/9267"}],"wp:featuredmedia":[{"embeddable":true,"href":"https:\/\/www.la-chirurgie-esthetique-maroc.com\/pt-pt\/wp-json\/wp\/v2\/media\/7562"}],"wp:attachment":[{"href":"https:\/\/www.la-chirurgie-esthetique-maroc.com\/pt-pt\/wp-json\/wp\/v2\/media?parent=7763"}],"curies":[{"name":"wp","href":"https:\/\/api.w.org\/{rel}","templated":true}]}}